{"id":2577,"date":"2025-11-26T12:56:29","date_gmt":"2025-11-26T11:56:29","guid":{"rendered":"https:\/\/bluedoggenetics.com\/?post_type=product&#038;p=2577"},"modified":"2026-04-11T15:17:05","modified_gmt":"2026-04-11T13:17:05","slug":"ak-47","status":"publish","type":"product","link":"https:\/\/bluedoggenetics.com\/en\/product\/feminised\/ak-47\/","title":{"rendered":"AK 47"},"content":{"rendered":"<p class=\"translation-block\">La <strong>AK-47<\/strong> es una gen\u00e9tica galardonada y atemporal, un h\u00edbrido Sativa dominante conocido por su potencia y su crecimiento estable, resultado del cruce experto de variedades colombianas, mexicanas, tailandesas y afganas. Lanzada por primera vez en 1992, la <strong>cepa AK-47<\/strong> ha mantenido su reputaci\u00f3n mundial como una de las variedades m\u00e1s estables y potentes del mercado. Con un perfil de THC medio-alto (alrededor del 20%) y una compleja mezcla de terpenos, ofrece un efecto potente y dual: comienza con una euforia cerebral intensa, seguida de una sutil y duradera relajaci\u00f3n corporal. Su perfil arom\u00e1tico es \u00fanico, mezclando notas dominantes de <strong>madera, especias, y un fondo dulce a Skunk<\/strong>. Es una opci\u00f3n premium para usuarios de todos los niveles que buscan **estabilidad gen\u00e9tica** y un efecto equilibrado.<\/p>\n<p class=\"translation-block\"><strong>Plant Morphology.<\/strong> The <strong>AK-47<\/strong> develops a robust and branched structure, exhibiting hybrid vigor with a tendency to stretch during flowering, characteristic of its Sativa genetics. It presents good lateral branching and a prominent central cola, making it suitable for maximizing production. Although it is a vigorous variety, its cultivation is considered to be of low difficulty, as its genetics are very tolerant of errors and show impressive resistance to pests and diseases.<\/p>\n<p class=\"translation-block\"><strong>Flower Appearance.<\/strong> The <strong>AK-47<\/strong> buds are large, dense, and display a light green color with a noticeable resin coverage. Trichome production is consistent and uniform. The aroma, which evokes notes of <strong>wood and spices<\/strong>, intensifies drastically upon handling the flower. Its smoke is smooth but the flavor is persistent, leaving a lasting aftertaste that combines sweet, earthy, and a penetrating Skunk background.<\/p>\n<h3>Cultivation tips<\/h3>\n<ul>\n<li><strong>What is the ideal climate for growing AK-47?<\/strong><br \/>\nIt prefers a warm, dry climate, but its hardiness allows it to adapt to more temperate climates. Indoors, a controlled environment is recommended. Outdoors, its fast flowering time allows it to be harvested before the autumn rains arrive, minimising the risk of mould.<\/li>\n<li><strong>What training techniques work best with the AK-47?<\/strong><br \/>\nDue to its tendency to stretch, it responds excellently to height control techniques such as SCROG (Screen of Green) and topping, which promote a uniform canopy and optimise light penetration.<\/li>\n<li><strong>What kind of fertilisation does the AK-47 need?<\/strong><br \/>\nIt is a variety that tolerates moderate to high nutrient levels well. However, due to its stability and rapid development, a constant and balanced fertiliser regime is more important than a high intensity one.<\/li>\n<li><strong>How should watering and humidity be for AK-47?<\/strong><br \/>\nEnsuring a good drying and watering cycle is important. In contrast to ultra-dense strains, the <strong>AK-47<\/strong> is more resistant to mould, but it is recommended to keep the relative humidity below 60% in flowering to optimise resin production.<\/li>\n<li><strong>Is it necessary to prune the AK-47 plant?<\/strong><br \/>\nYes, lollipopping is useful to redirect energy to the main colas, especially if the SCROG technique is applied. Lollipopping also helps to improve air circulation.<\/li>\n<\/ul>","protected":false},"excerpt":{"rendered":"<p>The <b>AK-47<\/b> es una gen\u00e9tica galardonada y atemporal, un h\u00edbrido Sativa dominante conocido por su potencia y su crecimiento estable, resultado del cruce experto de variedades colombianas, mexicanas, tailandesas y afganas. Con un perfil de THC medio-alto y una compleja mezcla de terpenos, ofrece un efecto intensamente euf\u00f3rico y cerebral que se equilibra con una sutil relajaci\u00f3n corporal, ideal para mantenerse activo, creativo y sociabilizar.<\/p>","protected":false},"featured_media":2690,"template":"","meta":{"_acf_changed":false,"inline_featured_image":false,"_wp_applaud_exclude":false},"product_brand":[194],"product_cat":[22],"product_tag":[],"class_list":{"0":"post-2577","1":"product","2":"type-product","3":"status-publish","4":"has-post-thumbnail","6":"product_brand-bluedog-genetics","7":"product_cat-feminizadas","9":"first","10":"instock","11":"taxable","12":"shipping-taxable","13":"purchasable","14":"product-type-variable"},"acf":{"sticker":"https:\/\/bluedoggenetics.com\/wp-content\/uploads\/2025\/07\/AK-47-Bluedog-Genetics.webp","family_tree":"<ul>\n<li><a href=\"#\">AK-47<\/a>\n<ul>\n<li><a href=\"#\">Colombia<\/a>\n<ul>\n<li><a href=\"#\">Sativa<\/a><\/li>\n<\/ul>\n<\/li>\n<li><a href=\"#\">M\u00e9xico<\/a>\n<ul>\n<li><a href=\"#\">Sativa<\/a><\/li>\n<\/ul>\n<\/li>\n<li><a href=\"#\">Tailandia<\/a>\n<ul>\n<li><a href=\"#\">Sativa<\/a><\/li>\n<\/ul>\n<\/li>\n<li><a href=\"#\">Afganist\u00e1n<\/a>\n<ul>\n<li><a href=\"#\">Indica<\/a><\/li>\n<\/ul>\n<\/li>\n<\/ul>\n<\/li>\n<\/ul>\n"},"yoast_head":"<!-- This site is optimized with the Yoast SEO plugin v26.5 - https:\/\/yoast.com\/wordpress\/plugins\/seo\/ -->\n<title>Comprar Semillas AK-47 Feminized - Sativa Potente y Estable - BLUEDOG GENETICS Seeds<\/title>\n<meta name=\"description\" content=\"La AK-47 original: Ganadora de m\u00faltiples premios, famosa por su estabilidad y su potente efecto. Compra tus semillas con env\u00edo discreto y garant\u00eda.\" \/>\n<meta name=\"robots\" content=\"index, follow, max-snippet:-1, max-image-preview:large, max-video-preview:-1\" \/>\n<link rel=\"canonical\" href=\"https:\/\/bluedoggenetics.com\/en\/product\/feminised\/ak-47\/\" \/>\n<meta property=\"og:locale\" content=\"en_GB\" \/>\n<meta property=\"og:type\" content=\"article\" \/>\n<meta property=\"og:title\" content=\"Comprar Semillas AK-47 Feminized - Sativa Potente y Estable - BLUEDOG GENETICS Seeds\" \/>\n<meta property=\"og:description\" content=\"La AK-47 original: Ganadora de m\u00faltiples premios, famosa por su estabilidad y su potente efecto. Compra tus semillas con env\u00edo discreto y garant\u00eda.\" \/>\n<meta property=\"og:url\" content=\"https:\/\/bluedoggenetics.com\/en\/product\/feminised\/ak-47\/\" \/>\n<meta property=\"og:site_name\" content=\"BLUEDOG GENETICS Seeds\" \/>\n<meta property=\"article:modified_time\" content=\"2026-04-11T13:17:05+00:00\" \/>\n<meta property=\"og:image\" content=\"https:\/\/bluedoggenetics.com\/wp-content\/uploads\/2025\/06\/AK47-Bluedog-Genetics_11zon_11zon.webp\" \/>\n\t<meta property=\"og:image:width\" content=\"1536\" \/>\n\t<meta property=\"og:image:height\" content=\"1024\" \/>\n\t<meta property=\"og:image:type\" content=\"image\/webp\" \/>\n<meta name=\"twitter:card\" content=\"summary_large_image\" \/>\n<meta name=\"twitter:label1\" content=\"Estimated reading time\" \/>\n\t<meta name=\"twitter:data1\" content=\"3 minutes\" \/>\n<script type=\"application\/ld+json\" class=\"yoast-schema-graph\">{\"@context\":\"https:\/\/schema.org\",\"@graph\":[{\"@type\":[\"WebPage\",\"ItemPage\"],\"@id\":\"https:\/\/bluedoggenetics.com\/producto\/feminizadas\/ak-47\/\",\"url\":\"https:\/\/bluedoggenetics.com\/producto\/feminizadas\/ak-47\/\",\"name\":\"Comprar Semillas AK-47 Feminized - Sativa Potente y Estable - BLUEDOG GENETICS Seeds\",\"isPartOf\":{\"@id\":\"https:\/\/bluedoggenetics.com\/de\/#website\"},\"primaryImageOfPage\":{\"@id\":\"https:\/\/bluedoggenetics.com\/producto\/feminizadas\/ak-47\/#primaryimage\"},\"image\":{\"@id\":\"https:\/\/bluedoggenetics.com\/producto\/feminizadas\/ak-47\/#primaryimage\"},\"thumbnailUrl\":\"https:\/\/bluedoggenetics.com\/wp-content\/uploads\/2025\/06\/AK47-Bluedog-Genetics_11zon_11zon.webp\",\"datePublished\":\"2025-11-26T11:56:29+00:00\",\"dateModified\":\"2026-04-11T13:17:05+00:00\",\"description\":\"La AK-47 original: Ganadora de m\u00faltiples premios, famosa por su estabilidad y su potente efecto. Compra tus semillas con env\u00edo discreto y garant\u00eda.\",\"breadcrumb\":{\"@id\":\"https:\/\/bluedoggenetics.com\/producto\/feminizadas\/ak-47\/#breadcrumb\"},\"inLanguage\":\"en-GB\",\"potentialAction\":[{\"@type\":\"ReadAction\",\"target\":[\"https:\/\/bluedoggenetics.com\/producto\/feminizadas\/ak-47\/\"]}]},{\"@type\":\"ImageObject\",\"inLanguage\":\"en-GB\",\"@id\":\"https:\/\/bluedoggenetics.com\/producto\/feminizadas\/ak-47\/#primaryimage\",\"url\":\"https:\/\/bluedoggenetics.com\/wp-content\/uploads\/2025\/06\/AK47-Bluedog-Genetics_11zon_11zon.webp\",\"contentUrl\":\"https:\/\/bluedoggenetics.com\/wp-content\/uploads\/2025\/06\/AK47-Bluedog-Genetics_11zon_11zon.webp\",\"width\":1536,\"height\":1024,\"caption\":\"AK47 de Bluedog Genetics a mitad de floracion\"},{\"@type\":\"BreadcrumbList\",\"@id\":\"https:\/\/bluedoggenetics.com\/producto\/feminizadas\/ak-47\/#breadcrumb\",\"itemListElement\":[{\"@type\":\"ListItem\",\"position\":1,\"name\":\"Portada\",\"item\":\"https:\/\/bluedoggenetics.com\/\"},{\"@type\":\"ListItem\",\"position\":2,\"name\":\"Tienda\",\"item\":\"https:\/\/bluedoggenetics.com\/fr\/tienda\/\"},{\"@type\":\"ListItem\",\"position\":3,\"name\":\"AK 47\"}]},{\"@type\":\"WebSite\",\"@id\":\"https:\/\/bluedoggenetics.com\/de\/#website\",\"url\":\"https:\/\/bluedoggenetics.com\/de\/\",\"name\":\"BLUEDOG GENETICS Seeds\",\"description\":\"Compara y compra las mejores semillas de cannabis. Feminizadas, Autoflorecientes, CBD.\",\"publisher\":{\"@id\":\"https:\/\/bluedoggenetics.com\/de\/#organization\"},\"alternateName\":\"BLUEDOG GENETICS\",\"potentialAction\":[{\"@type\":\"SearchAction\",\"target\":{\"@type\":\"EntryPoint\",\"urlTemplate\":\"https:\/\/bluedoggenetics.com\/de\/?s={search_term_string}\"},\"query-input\":{\"@type\":\"PropertyValueSpecification\",\"valueRequired\":true,\"valueName\":\"search_term_string\"}}],\"inLanguage\":\"en-GB\"},{\"@type\":\"Organization\",\"@id\":\"https:\/\/bluedoggenetics.com\/de\/#organization\",\"name\":\"BLUEDOG GENETICS\",\"url\":\"https:\/\/bluedoggenetics.com\/de\/\",\"logo\":{\"@type\":\"ImageObject\",\"inLanguage\":\"en-GB\",\"@id\":\"https:\/\/bluedoggenetics.com\/de\/#\/schema\/logo\/image\/\",\"url\":\"https:\/\/bluedoggenetics.com\/wp-content\/uploads\/2024\/11\/appIcon.png\",\"contentUrl\":\"https:\/\/bluedoggenetics.com\/wp-content\/uploads\/2024\/11\/appIcon.png\",\"width\":1024,\"height\":1024,\"caption\":\"BLUEDOG GENETICS\"},\"image\":{\"@id\":\"https:\/\/bluedoggenetics.com\/de\/#\/schema\/logo\/image\/\"},\"sameAs\":[\"https:\/\/www.instagram.com\/bluedog.genetics\/\"]}]}<\/script>\n<!-- \/ Yoast SEO plugin. -->","yoast_head_json":{"title":"Buy AK-47 Feminized Seeds - Powerful and Stable Sativa - BLUEDOG GENETICS Seeds","description":"The original AK-47: Multi-award winning, famous for its stability and potent effect. Buy your seeds with discreet delivery and guarantee.","robots":{"index":"index","follow":"follow","max-snippet":"max-snippet:-1","max-image-preview":"max-image-preview:large","max-video-preview":"max-video-preview:-1"},"canonical":"https:\/\/bluedoggenetics.com\/en\/product\/feminised\/ak-47\/","og_locale":"en_GB","og_type":"article","og_title":"Comprar Semillas AK-47 Feminized - Sativa Potente y Estable - BLUEDOG GENETICS Seeds","og_description":"La AK-47 original: Ganadora de m\u00faltiples premios, famosa por su estabilidad y su potente efecto. Compra tus semillas con env\u00edo discreto y garant\u00eda.","og_url":"https:\/\/bluedoggenetics.com\/en\/product\/feminised\/ak-47\/","og_site_name":"BLUEDOG GENETICS Seeds","article_modified_time":"2026-04-11T13:17:05+00:00","og_image":[{"width":1536,"height":1024,"url":"https:\/\/bluedoggenetics.com\/wp-content\/uploads\/2025\/06\/AK47-Bluedog-Genetics_11zon_11zon.webp","type":"image\/webp"}],"twitter_card":"summary_large_image","twitter_misc":{"Estimated reading time":"3 minutes"},"schema":{"@context":"https:\/\/schema.org","@graph":[{"@type":["WebPage","ItemPage"],"@id":"https:\/\/bluedoggenetics.com\/producto\/feminizadas\/ak-47\/","url":"https:\/\/bluedoggenetics.com\/producto\/feminizadas\/ak-47\/","name":"Buy AK-47 Feminized Seeds - Powerful and Stable Sativa - BLUEDOG GENETICS Seeds","isPartOf":{"@id":"https:\/\/bluedoggenetics.com\/de\/#website"},"primaryImageOfPage":{"@id":"https:\/\/bluedoggenetics.com\/producto\/feminizadas\/ak-47\/#primaryimage"},"image":{"@id":"https:\/\/bluedoggenetics.com\/producto\/feminizadas\/ak-47\/#primaryimage"},"thumbnailUrl":"https:\/\/bluedoggenetics.com\/wp-content\/uploads\/2025\/06\/AK47-Bluedog-Genetics_11zon_11zon.webp","datePublished":"2025-11-26T11:56:29+00:00","dateModified":"2026-04-11T13:17:05+00:00","description":"The original AK-47: Multi-award winning, famous for its stability and potent effect. Buy your seeds with discreet delivery and guarantee.","breadcrumb":{"@id":"https:\/\/bluedoggenetics.com\/producto\/feminizadas\/ak-47\/#breadcrumb"},"inLanguage":"en-GB","potentialAction":[{"@type":"ReadAction","target":["https:\/\/bluedoggenetics.com\/producto\/feminizadas\/ak-47\/"]}]},{"@type":"ImageObject","inLanguage":"en-GB","@id":"https:\/\/bluedoggenetics.com\/producto\/feminizadas\/ak-47\/#primaryimage","url":"https:\/\/bluedoggenetics.com\/wp-content\/uploads\/2025\/06\/AK47-Bluedog-Genetics_11zon_11zon.webp","contentUrl":"https:\/\/bluedoggenetics.com\/wp-content\/uploads\/2025\/06\/AK47-Bluedog-Genetics_11zon_11zon.webp","width":1536,"height":1024,"caption":"AK47 de Bluedog Genetics a mitad de floracion"},{"@type":"BreadcrumbList","@id":"https:\/\/bluedoggenetics.com\/producto\/feminizadas\/ak-47\/#breadcrumb","itemListElement":[{"@type":"ListItem","position":1,"name":"Portada","item":"https:\/\/bluedoggenetics.com\/"},{"@type":"ListItem","position":2,"name":"Tienda","item":"https:\/\/bluedoggenetics.com\/fr\/tienda\/"},{"@type":"ListItem","position":3,"name":"AK 47"}]},{"@type":"WebSite","@id":"https:\/\/bluedoggenetics.com\/de\/#website","url":"https:\/\/bluedoggenetics.com\/de\/","name":"BLUEDOG GENETICS Seeds","description":"Compare and buy the best cannabis seeds. Feminised, Autoflowering, CBD.","publisher":{"@id":"https:\/\/bluedoggenetics.com\/de\/#organization"},"alternateName":"BLUEDOG GENETICS","potentialAction":[{"@type":"SearchAction","target":{"@type":"EntryPoint","urlTemplate":"https:\/\/bluedoggenetics.com\/de\/?s={search_term_string}"},"query-input":{"@type":"PropertyValueSpecification","valueRequired":true,"valueName":"search_term_string"}}],"inLanguage":"en-GB"},{"@type":"Organization","@id":"https:\/\/bluedoggenetics.com\/de\/#organization","name":"BLUEDOG GENETICS","url":"https:\/\/bluedoggenetics.com\/de\/","logo":{"@type":"ImageObject","inLanguage":"en-GB","@id":"https:\/\/bluedoggenetics.com\/de\/#\/schema\/logo\/image\/","url":"https:\/\/bluedoggenetics.com\/wp-content\/uploads\/2024\/11\/appIcon.png","contentUrl":"https:\/\/bluedoggenetics.com\/wp-content\/uploads\/2024\/11\/appIcon.png","width":1024,"height":1024,"caption":"BLUEDOG GENETICS"},"image":{"@id":"https:\/\/bluedoggenetics.com\/de\/#\/schema\/logo\/image\/"},"sameAs":["https:\/\/www.instagram.com\/bluedog.genetics\/"]}]}},"sticker_url":"https:\/\/bluedoggenetics.com\/wp-content\/uploads\/2025\/07\/AK-47-Bluedog-Genetics.webp","variations_full":[{"id":2844,"price":9,"regular_price":9,"attributes":{"attribute_cantidad":"Pack 1"},"image_src":"https:\/\/bluedoggenetics.com\/wp-content\/uploads\/2025\/06\/AK47-Bluedog-Genetics_11zon_11zon-600x400.webp","is_in_stock":true},{"id":2845,"price":23,"regular_price":23,"attributes":{"attribute_cantidad":"Pack 3"},"image_src":"https:\/\/bluedoggenetics.com\/wp-content\/uploads\/2025\/06\/AK47-Bluedog-Genetics_11zon_11zon-600x400.webp","is_in_stock":true},{"id":2846,"price":34,"regular_price":34,"attributes":{"attribute_cantidad":"Pack 5"},"image_src":"https:\/\/bluedoggenetics.com\/wp-content\/uploads\/2025\/06\/AK47-Bluedog-Genetics_11zon_11zon-600x400.webp","is_in_stock":true},{"id":2847,"price":56,"regular_price":56,"attributes":{"attribute_cantidad":"Pack 10"},"image_src":"https:\/\/bluedoggenetics.com\/wp-content\/uploads\/2025\/06\/AK47-Bluedog-Genetics_11zon_11zon-600x400.webp","is_in_stock":true}],"jetpack_sharing_enabled":true,"_links":{"self":[{"href":"https:\/\/bluedoggenetics.com\/en\/wp-json\/wp\/v2\/product\/2577","targetHints":{"allow":["GET"]}}],"collection":[{"href":"https:\/\/bluedoggenetics.com\/en\/wp-json\/wp\/v2\/product"}],"about":[{"href":"https:\/\/bluedoggenetics.com\/en\/wp-json\/wp\/v2\/types\/product"}],"wp:featuredmedia":[{"embeddable":true,"href":"https:\/\/bluedoggenetics.com\/en\/wp-json\/wp\/v2\/media\/2690"}],"wp:attachment":[{"href":"https:\/\/bluedoggenetics.com\/en\/wp-json\/wp\/v2\/media?parent=2577"}],"wp:term":[{"taxonomy":"product_brand","embeddable":true,"href":"https:\/\/bluedoggenetics.com\/en\/wp-json\/wp\/v2\/product_brand?post=2577"},{"taxonomy":"product_cat","embeddable":true,"href":"https:\/\/bluedoggenetics.com\/en\/wp-json\/wp\/v2\/product_cat?post=2577"},{"taxonomy":"product_tag","embeddable":true,"href":"https:\/\/bluedoggenetics.com\/en\/wp-json\/wp\/v2\/product_tag?post=2577"}],"curies":[{"name":"wp","href":"https:\/\/api.w.org\/{rel}","templated":true}]}}