{"id":2571,"date":"2025-11-26T00:28:46","date_gmt":"2025-11-25T23:28:46","guid":{"rendered":"https:\/\/bluedoggenetics.com\/?post_type=product&#038;p=2571"},"modified":"2026-04-11T15:17:05","modified_gmt":"2026-04-11T13:17:05","slug":"sour-diesel","status":"publish","type":"product","link":"https:\/\/bluedoggenetics.com\/en\/product\/feminised\/sour-diesel\/","title":{"rendered":"Sour Diesel"},"content":{"rendered":"<p data-start=\"000\" data-end=\"000\" class=\"translation-block\">Sour Diesel (also known as Sour D) is one of the most famous and appreciated Sativa-dominant strains in the world, with origins dating back to the 1990s. It is a legendary hybrid, often the result of crossing genetics such as Chemdawg and Super Skunk. Its effect provides a cerebral, euphoric, and invigorating high, ideal for daytime consumption, stimulating creativity, focus, and mood. Its potency is high (often 20-25% THC) and its aromatic profile is unmistakable, dominated by intense and pungent notes of <strong>diesel fuel and earth<\/strong>, complemented by citrus and sour undertones.<\/p>\n<p data-start=\"000\" data-end=\"000\" class=\"translation-block\"><strong>Plant Morphology.<\/strong> Sour Diesel develops a plant with a clear Sativa pattern: tall, with a slender structure and vigorous growth that tends to stretch considerably during flowering. It presents good lateral branching, which, if trained correctly, can support abundant harvests. Its leaves are thinner and light green, which is typical of Sativas. Due to its potential height (it can exceed 2 meters outdoors), it is more suitable for <strong>growers with some experience<\/strong> who can manage its large size.<\/p>\n<p data-start=\"000\" data-end=\"000\" class=\"translation-block\"><strong>Flower Appearance.<\/strong> Sour Diesel buds are medium to large in size, with a slightly airier structure than Indicas, yet notably dense and frosty. They are covered in a thick layer of glistening trichomes that attest to their high potency. The pistils are long and a vibrant orange color. The aroma of fuel and citrus is potent and pungent. When smoked, the smoke is dense and the flavour of diesel and spices lingers on the palate. Its effect is a stimulating and energetic high that lasts for hours.<\/p>\n<h3>Cultivation tips<\/h3>\n<ul>\n<li data-start=\"000\" data-end=\"000\" class=\"translation-block\"><strong>What training techniques work best with Sour Diesel?<\/strong><br>\nGiven its tendency to stretch, the use of height control techniques indoors is almost mandatory, such as <strong>SCROG (Screen of Green)<\/strong> to force horizontal growth and maximize light space. Apical pruning and LST (Low Stress Training) are very effective.<\/li>\n<li data-start=\"000\" data-end=\"000\"><strong>What training techniques work best with Sour Diesel?<\/strong><br \/>\nBecause of its tendency to stretch, the use of indoor height control techniques such as the <strong>SCROG (Screen of Green)<\/strong> to force horizontal growth and maximise light space. Apical pruning and LST (Low Stress Training) are very effective.<\/li>\n<li data-start=\"000\" data-end=\"000\"><strong>What kind of fertilisation does Sour Diesel need?<\/strong><br \/>\nIt has moderate nutritional needs. Requires a <strong>adequate amount of nitrogen<\/strong> in vegetative stage. In flowering, the focus should be on <strong>phosphorus and potassium<\/strong>. It is sensitive to over-fertilisation, so a moderate and organic fertilisation regime is recommended.<\/li>\n<li data-start=\"000\" data-end=\"000\"><strong>How should watering and humidity be for Sour Diesel?<\/strong><br \/>\nIrrigation should be <strong>regular, allowing the substrate to dry out<\/strong> between cycles. Relative humidity should be maintained <strong>low<\/strong> in the flowering phase (ideally 40%), especially due to the structure of its buds, to prevent mould.<\/li>\n<li data-start=\"000\" data-end=\"000\"><strong>Is it necessary to prune the Sour Diesel plant?<\/strong><br \/>\nYes, it is highly recommended. A <strong>clean-up pruning<\/strong> o <strong>_lollipopping_.<\/strong> to remove low shoots and branches that do not receive light. Maintenance pruning also helps to maintain good air circulation.<\/li>\n<\/ul>","protected":false},"excerpt":{"rendered":"<p>Sour Diesel is a legendary Sativa dominant that delivers an uplifting and euphoric cerebral high, perfect for daytime use and creativity. Her aromatic profile is unmistakable, featuring intense notes of diesel fuel and citrus, and although she grows tall, she is prized for her dense, potent buds.<\/p>","protected":false},"featured_media":2732,"template":"","meta":{"_acf_changed":false,"inline_featured_image":false,"_wp_applaud_exclude":false},"product_brand":[194],"product_cat":[22],"product_tag":[],"class_list":{"0":"post-2571","1":"product","2":"type-product","3":"status-publish","4":"has-post-thumbnail","6":"product_brand-bluedog-genetics","7":"product_cat-feminizadas","9":"first","10":"instock","11":"taxable","12":"shipping-taxable","13":"purchasable","14":"product-type-variable"},"acf":{"sticker":"https:\/\/bluedoggenetics.com\/wp-content\/uploads\/2025\/07\/Sour-Diesel-Sticker-Bluedog-Genetics.webp","family_tree":"<ul>\n<li><a href=\"#\">Sour Diesel<\/a>\n<ul>\n<li><a href=\"#\">Original Diesel<\/a>\n<ul>\n<li><a href=\"#\">Chemdawg<\/a>\n<ul>\n<li><a href=\"#\">Unknown Hybrid<\/a><\/li>\n<\/ul>\n<\/li>\n<li><a href=\"#\">MassSuperSkunk x SensiNL<\/a>\n<ul>\n<li><a href=\"#\">MassSuperSkunk<\/a>\n<ul>\n<li><a href=\"#\">Super Skunk [probably: Probably]<\/a>\n<ul>\n<li><a href=\"#\">Skunk #1<\/a>\n<ul>\n<li><a href=\"#\">Skunk #1<\/a>\n<ul>\n<li><a href=\"#\">Afganist\u00e1n x Colombia<\/a>\n<ul>\n<li><a href=\"#\">Afganist\u00e1n<\/a>\n<ul>\n<li><a href=\"#\">Indica<\/a><\/li>\n<\/ul>\n<\/li>\n<li><a href=\"#\">Colombia<\/a>\n<ul>\n<li><a href=\"#\">Sativa<\/a><\/li>\n<\/ul>\n<\/li>\n<\/ul>\n<\/li>\n<li><a href=\"#\">Mexico<\/a>\n<ul>\n<li><a href=\"#\">Sativa<\/a><\/li>\n<\/ul>\n<\/li>\n<\/ul>\n<\/li>\n<\/ul>\n<\/li>\n<li><a href=\"#\">Afganist\u00e1n<\/a>\n<ul>\n<li><a href=\"#\">Indica<\/a><\/li>\n<\/ul>\n<\/li>\n<\/ul>\n<\/li>\n<\/ul>\n<\/li>\n<li><a href=\"#\">SensiNL<\/a>\n<ul>\n<li><a href=\"#\">NL #1 x NL #2 x NL #5<\/a>\n<ul>\n<li><a href=\"#\">NL #1 (IBL)<\/a>\n<ul>\n<li><a href=\"#\">Purest Indica<\/a><\/li>\n<li><a href=\"#\">Afghani [probably from Neville]<\/a>\n<ul>\n<li><a href=\"#\">Afganist\u00e1n [Probably Indica]<\/a>\n<ul>\n<li><a href=\"#\">Indica<\/a><\/li>\n<\/ul>\n<\/li>\n<\/ul>\n<\/li>\n<\/ul>\n<\/li>\n<li><a href=\"#\">NL #2<\/a><\/li>\n<li><a href=\"#\">NL #5 (#5)<\/a>\n<ul>\n<li><a href=\"#\">Purest Indica<\/a><\/li>\n<li><a href=\"#\">Hawaiian<\/a>\n<ul>\n<li><a href=\"#\">Sativa<\/a><\/li>\n<\/ul>\n<\/li>\n<\/ul>\n<\/li>\n<\/ul>\n<\/li>\n<\/ul>\n<\/li>\n<\/ul>\n<\/li>\n<\/ul>\n<\/li>\n<\/ul>\n<\/li>\n<\/ul>\n"},"yoast_head":"<!-- This site is optimized with the Yoast SEO plugin v26.5 - https:\/\/yoast.com\/wordpress\/plugins\/seo\/ -->\n<title>Comprar semillas Sour Diesel feminizadas - BLUEDOG GENETICS Seeds<\/title>\n<meta name=\"description\" content=\"Sour Diesel: La gen\u00e9tica Sativa dominante legendaria. Compra ahora semillas feminizadas con env\u00edo discreto y garant\u00eda de germinaci\u00f3n. \u00a1El mejor precio!\" \/>\n<meta name=\"robots\" content=\"index, follow, max-snippet:-1, max-image-preview:large, max-video-preview:-1\" \/>\n<link rel=\"canonical\" href=\"https:\/\/bluedoggenetics.com\/en\/product\/feminised\/sour-diesel\/\" \/>\n<meta property=\"og:locale\" content=\"en_GB\" \/>\n<meta property=\"og:type\" content=\"article\" \/>\n<meta property=\"og:title\" content=\"Comprar semillas Sour Diesel feminizadas - BLUEDOG GENETICS Seeds\" \/>\n<meta property=\"og:description\" content=\"Sour Diesel: La gen\u00e9tica Sativa dominante legendaria. Compra ahora semillas feminizadas con env\u00edo discreto y garant\u00eda de germinaci\u00f3n. \u00a1El mejor precio!\" \/>\n<meta property=\"og:url\" content=\"https:\/\/bluedoggenetics.com\/en\/product\/feminised\/sour-diesel\/\" \/>\n<meta property=\"og:site_name\" content=\"BLUEDOG GENETICS Seeds\" \/>\n<meta property=\"article:modified_time\" content=\"2026-04-11T13:17:05+00:00\" \/>\n<meta property=\"og:image\" content=\"https:\/\/bluedoggenetics.com\/wp-content\/uploads\/2025\/06\/Sour-Diesel-Bluedog-Genetics_11zon.webp\" \/>\n\t<meta property=\"og:image:width\" content=\"1536\" \/>\n\t<meta property=\"og:image:height\" content=\"1024\" \/>\n\t<meta property=\"og:image:type\" content=\"image\/webp\" \/>\n<meta name=\"twitter:card\" content=\"summary_large_image\" \/>\n<meta name=\"twitter:label1\" content=\"Estimated reading time\" \/>\n\t<meta name=\"twitter:data1\" content=\"3 minutes\" \/>\n<script type=\"application\/ld+json\" class=\"yoast-schema-graph\">{\"@context\":\"https:\/\/schema.org\",\"@graph\":[{\"@type\":[\"WebPage\",\"ItemPage\"],\"@id\":\"https:\/\/bluedoggenetics.com\/producto\/feminizadas\/sour-diesel\/\",\"url\":\"https:\/\/bluedoggenetics.com\/producto\/feminizadas\/sour-diesel\/\",\"name\":\"Comprar semillas Sour Diesel feminizadas - BLUEDOG GENETICS Seeds\",\"isPartOf\":{\"@id\":\"https:\/\/bluedoggenetics.com\/de\/#website\"},\"primaryImageOfPage\":{\"@id\":\"https:\/\/bluedoggenetics.com\/producto\/feminizadas\/sour-diesel\/#primaryimage\"},\"image\":{\"@id\":\"https:\/\/bluedoggenetics.com\/producto\/feminizadas\/sour-diesel\/#primaryimage\"},\"thumbnailUrl\":\"https:\/\/bluedoggenetics.com\/wp-content\/uploads\/2025\/06\/Sour-Diesel-Bluedog-Genetics_11zon.webp\",\"datePublished\":\"2025-11-25T23:28:46+00:00\",\"dateModified\":\"2026-04-11T13:17:05+00:00\",\"description\":\"Sour Diesel: La gen\u00e9tica Sativa dominante legendaria. Compra ahora semillas feminizadas con env\u00edo discreto y garant\u00eda de germinaci\u00f3n. \u00a1El mejor precio!\",\"breadcrumb\":{\"@id\":\"https:\/\/bluedoggenetics.com\/producto\/feminizadas\/sour-diesel\/#breadcrumb\"},\"inLanguage\":\"en-GB\",\"potentialAction\":[{\"@type\":\"ReadAction\",\"target\":[\"https:\/\/bluedoggenetics.com\/producto\/feminizadas\/sour-diesel\/\"]}]},{\"@type\":\"ImageObject\",\"inLanguage\":\"en-GB\",\"@id\":\"https:\/\/bluedoggenetics.com\/producto\/feminizadas\/sour-diesel\/#primaryimage\",\"url\":\"https:\/\/bluedoggenetics.com\/wp-content\/uploads\/2025\/06\/Sour-Diesel-Bluedog-Genetics_11zon.webp\",\"contentUrl\":\"https:\/\/bluedoggenetics.com\/wp-content\/uploads\/2025\/06\/Sour-Diesel-Bluedog-Genetics_11zon.webp\",\"width\":1536,\"height\":1024,\"caption\":\"Sour Diesel en floracion de Bluedog Genetics\"},{\"@type\":\"BreadcrumbList\",\"@id\":\"https:\/\/bluedoggenetics.com\/producto\/feminizadas\/sour-diesel\/#breadcrumb\",\"itemListElement\":[{\"@type\":\"ListItem\",\"position\":1,\"name\":\"Portada\",\"item\":\"https:\/\/bluedoggenetics.com\/\"},{\"@type\":\"ListItem\",\"position\":2,\"name\":\"Tienda\",\"item\":\"https:\/\/bluedoggenetics.com\/fr\/tienda\/\"},{\"@type\":\"ListItem\",\"position\":3,\"name\":\"Sour Diesel\"}]},{\"@type\":\"WebSite\",\"@id\":\"https:\/\/bluedoggenetics.com\/de\/#website\",\"url\":\"https:\/\/bluedoggenetics.com\/de\/\",\"name\":\"BLUEDOG GENETICS Seeds\",\"description\":\"Compara y compra las mejores semillas de cannabis. Feminizadas, Autoflorecientes, CBD.\",\"publisher\":{\"@id\":\"https:\/\/bluedoggenetics.com\/de\/#organization\"},\"alternateName\":\"BLUEDOG GENETICS\",\"potentialAction\":[{\"@type\":\"SearchAction\",\"target\":{\"@type\":\"EntryPoint\",\"urlTemplate\":\"https:\/\/bluedoggenetics.com\/de\/?s={search_term_string}\"},\"query-input\":{\"@type\":\"PropertyValueSpecification\",\"valueRequired\":true,\"valueName\":\"search_term_string\"}}],\"inLanguage\":\"en-GB\"},{\"@type\":\"Organization\",\"@id\":\"https:\/\/bluedoggenetics.com\/de\/#organization\",\"name\":\"BLUEDOG GENETICS\",\"url\":\"https:\/\/bluedoggenetics.com\/de\/\",\"logo\":{\"@type\":\"ImageObject\",\"inLanguage\":\"en-GB\",\"@id\":\"https:\/\/bluedoggenetics.com\/de\/#\/schema\/logo\/image\/\",\"url\":\"https:\/\/bluedoggenetics.com\/wp-content\/uploads\/2024\/11\/appIcon.png\",\"contentUrl\":\"https:\/\/bluedoggenetics.com\/wp-content\/uploads\/2024\/11\/appIcon.png\",\"width\":1024,\"height\":1024,\"caption\":\"BLUEDOG GENETICS\"},\"image\":{\"@id\":\"https:\/\/bluedoggenetics.com\/de\/#\/schema\/logo\/image\/\"},\"sameAs\":[\"https:\/\/www.instagram.com\/bluedog.genetics\/\"]}]}<\/script>\n<!-- \/ Yoast SEO plugin. -->","yoast_head_json":{"title":"Buy feminised Sour Diesel seeds - BLUEDOG GENETICS Seeds","description":"Sour Diesel: The legendary Sativa dominant genetic. Buy feminized seeds now with discreet shipping and germination guarantee. The best price!","robots":{"index":"index","follow":"follow","max-snippet":"max-snippet:-1","max-image-preview":"max-image-preview:large","max-video-preview":"max-video-preview:-1"},"canonical":"https:\/\/bluedoggenetics.com\/en\/product\/feminised\/sour-diesel\/","og_locale":"en_GB","og_type":"article","og_title":"Comprar semillas Sour Diesel feminizadas - BLUEDOG GENETICS Seeds","og_description":"Sour Diesel: La gen\u00e9tica Sativa dominante legendaria. Compra ahora semillas feminizadas con env\u00edo discreto y garant\u00eda de germinaci\u00f3n. \u00a1El mejor precio!","og_url":"https:\/\/bluedoggenetics.com\/en\/product\/feminised\/sour-diesel\/","og_site_name":"BLUEDOG GENETICS Seeds","article_modified_time":"2026-04-11T13:17:05+00:00","og_image":[{"width":1536,"height":1024,"url":"https:\/\/bluedoggenetics.com\/wp-content\/uploads\/2025\/06\/Sour-Diesel-Bluedog-Genetics_11zon.webp","type":"image\/webp"}],"twitter_card":"summary_large_image","twitter_misc":{"Estimated reading time":"3 minutes"},"schema":{"@context":"https:\/\/schema.org","@graph":[{"@type":["WebPage","ItemPage"],"@id":"https:\/\/bluedoggenetics.com\/producto\/feminizadas\/sour-diesel\/","url":"https:\/\/bluedoggenetics.com\/producto\/feminizadas\/sour-diesel\/","name":"Buy feminised Sour Diesel seeds - BLUEDOG GENETICS Seeds","isPartOf":{"@id":"https:\/\/bluedoggenetics.com\/de\/#website"},"primaryImageOfPage":{"@id":"https:\/\/bluedoggenetics.com\/producto\/feminizadas\/sour-diesel\/#primaryimage"},"image":{"@id":"https:\/\/bluedoggenetics.com\/producto\/feminizadas\/sour-diesel\/#primaryimage"},"thumbnailUrl":"https:\/\/bluedoggenetics.com\/wp-content\/uploads\/2025\/06\/Sour-Diesel-Bluedog-Genetics_11zon.webp","datePublished":"2025-11-25T23:28:46+00:00","dateModified":"2026-04-11T13:17:05+00:00","description":"Sour Diesel: The legendary Sativa dominant genetic. Buy feminized seeds now with discreet shipping and germination guarantee. The best price!","breadcrumb":{"@id":"https:\/\/bluedoggenetics.com\/producto\/feminizadas\/sour-diesel\/#breadcrumb"},"inLanguage":"en-GB","potentialAction":[{"@type":"ReadAction","target":["https:\/\/bluedoggenetics.com\/producto\/feminizadas\/sour-diesel\/"]}]},{"@type":"ImageObject","inLanguage":"en-GB","@id":"https:\/\/bluedoggenetics.com\/producto\/feminizadas\/sour-diesel\/#primaryimage","url":"https:\/\/bluedoggenetics.com\/wp-content\/uploads\/2025\/06\/Sour-Diesel-Bluedog-Genetics_11zon.webp","contentUrl":"https:\/\/bluedoggenetics.com\/wp-content\/uploads\/2025\/06\/Sour-Diesel-Bluedog-Genetics_11zon.webp","width":1536,"height":1024,"caption":"Sour Diesel en floracion de Bluedog Genetics"},{"@type":"BreadcrumbList","@id":"https:\/\/bluedoggenetics.com\/producto\/feminizadas\/sour-diesel\/#breadcrumb","itemListElement":[{"@type":"ListItem","position":1,"name":"Portada","item":"https:\/\/bluedoggenetics.com\/"},{"@type":"ListItem","position":2,"name":"Tienda","item":"https:\/\/bluedoggenetics.com\/fr\/tienda\/"},{"@type":"ListItem","position":3,"name":"Sour Diesel"}]},{"@type":"WebSite","@id":"https:\/\/bluedoggenetics.com\/de\/#website","url":"https:\/\/bluedoggenetics.com\/de\/","name":"BLUEDOG GENETICS Seeds","description":"Compare and buy the best cannabis seeds. Feminised, Autoflowering, CBD.","publisher":{"@id":"https:\/\/bluedoggenetics.com\/de\/#organization"},"alternateName":"BLUEDOG GENETICS","potentialAction":[{"@type":"SearchAction","target":{"@type":"EntryPoint","urlTemplate":"https:\/\/bluedoggenetics.com\/de\/?s={search_term_string}"},"query-input":{"@type":"PropertyValueSpecification","valueRequired":true,"valueName":"search_term_string"}}],"inLanguage":"en-GB"},{"@type":"Organization","@id":"https:\/\/bluedoggenetics.com\/de\/#organization","name":"BLUEDOG GENETICS","url":"https:\/\/bluedoggenetics.com\/de\/","logo":{"@type":"ImageObject","inLanguage":"en-GB","@id":"https:\/\/bluedoggenetics.com\/de\/#\/schema\/logo\/image\/","url":"https:\/\/bluedoggenetics.com\/wp-content\/uploads\/2024\/11\/appIcon.png","contentUrl":"https:\/\/bluedoggenetics.com\/wp-content\/uploads\/2024\/11\/appIcon.png","width":1024,"height":1024,"caption":"BLUEDOG GENETICS"},"image":{"@id":"https:\/\/bluedoggenetics.com\/de\/#\/schema\/logo\/image\/"},"sameAs":["https:\/\/www.instagram.com\/bluedog.genetics\/"]}]}},"sticker_url":"https:\/\/bluedoggenetics.com\/wp-content\/uploads\/2025\/07\/Sour-Diesel-Sticker-Bluedog-Genetics.webp","variations_full":[{"id":2831,"price":10,"regular_price":10,"attributes":{"attribute_cantidad":"Pack 1"},"image_src":"https:\/\/bluedoggenetics.com\/wp-content\/uploads\/2025\/06\/Sour-Diesel-Bluedog-Genetics_11zon-600x400.webp","is_in_stock":true},{"id":2832,"price":25,"regular_price":25,"attributes":{"attribute_cantidad":"Pack 3"},"image_src":"https:\/\/bluedoggenetics.com\/wp-content\/uploads\/2025\/06\/Sour-Diesel-Bluedog-Genetics_11zon-600x400.webp","is_in_stock":true},{"id":2833,"price":38,"regular_price":38,"attributes":{"attribute_cantidad":"Pack 5"},"image_src":"https:\/\/bluedoggenetics.com\/wp-content\/uploads\/2025\/06\/Sour-Diesel-Bluedog-Genetics_11zon-600x400.webp","is_in_stock":true},{"id":2834,"price":69,"regular_price":69,"attributes":{"attribute_cantidad":"Pack 10"},"image_src":"https:\/\/bluedoggenetics.com\/wp-content\/uploads\/2025\/06\/Sour-Diesel-Bluedog-Genetics_11zon-600x400.webp","is_in_stock":true}],"jetpack_sharing_enabled":true,"_links":{"self":[{"href":"https:\/\/bluedoggenetics.com\/en\/wp-json\/wp\/v2\/product\/2571","targetHints":{"allow":["GET"]}}],"collection":[{"href":"https:\/\/bluedoggenetics.com\/en\/wp-json\/wp\/v2\/product"}],"about":[{"href":"https:\/\/bluedoggenetics.com\/en\/wp-json\/wp\/v2\/types\/product"}],"wp:featuredmedia":[{"embeddable":true,"href":"https:\/\/bluedoggenetics.com\/en\/wp-json\/wp\/v2\/media\/2732"}],"wp:attachment":[{"href":"https:\/\/bluedoggenetics.com\/en\/wp-json\/wp\/v2\/media?parent=2571"}],"wp:term":[{"taxonomy":"product_brand","embeddable":true,"href":"https:\/\/bluedoggenetics.com\/en\/wp-json\/wp\/v2\/product_brand?post=2571"},{"taxonomy":"product_cat","embeddable":true,"href":"https:\/\/bluedoggenetics.com\/en\/wp-json\/wp\/v2\/product_cat?post=2571"},{"taxonomy":"product_tag","embeddable":true,"href":"https:\/\/bluedoggenetics.com\/en\/wp-json\/wp\/v2\/product_tag?post=2571"}],"curies":[{"name":"wp","href":"https:\/\/api.w.org\/{rel}","templated":true}]}}