{"id":1176,"date":"2024-10-17T21:37:44","date_gmt":"2024-10-17T19:37:44","guid":{"rendered":"https:\/\/bluedoggenetics.com\/?post_type=product&#038;p=1176"},"modified":"2026-03-09T12:03:53","modified_gmt":"2026-03-09T11:03:53","slug":"cheap-cannabis-seeds-bluedawg-auto","status":"publish","type":"product","link":"https:\/\/bluedoggenetics.com\/en\/product\/autoflowering\/cheap-cannabis-seeds-bluedawg-auto\/","title":{"rendered":"BlueDawg Auto"},"content":{"rendered":"<p><span style=\"font-weight: 400;\"> BlueDawg Auto es una excelente opci\u00f3n para quienes buscan semillas de marihuana baratas, pero de alta calidad. Esta variedad autofloreciente ofrece un\u00a0 buen perfil de sabor y un alto contenido de THC, la hacen ideal para cultivadores que desean un ciclo de crecimiento r\u00e1pido y resultados potentes.<\/span><span style=\"font-weight: 400;\">\u00a0Esta planta compacta tiene un <strong>ciclo de vida completo de solo 8 a 9 semanas.<\/strong> En interiores, <\/span>BlueDawg Auto<span style=\"font-weight: 400;\"> puede producir entre 400 y 500 gramos por metro cuadrado, mientras que en exteriores puede generar entre 50 y 150 gramos por planta.<\/span><\/p>\n<p><span style=\"font-weight: 400;\">Con niveles de <strong>THC que van del 19% al 24%, <\/strong><\/span>BlueDawg Auto<span style=\"font-weight: 400;\"> ofrece un subid\u00f3n fuerte y relajante, ideal para aliviar el estr\u00e9s, el dolor y las tensiones del d\u00eda. Su perfil de sabor es el mismo que ha hecho popular a BlueDawg Auto: una mezcla terrosa y a pino con toques c\u00edtricos que te golpea con intensidad desde la primera calada. Perfecta para aquellos que buscan una experiencia r\u00e1pida, efectiva y con un gran sabor.<\/span><\/p>\n<p><b>Aspecto de la Flor.<\/b><span style=\"font-weight: 400;\">\u00a0Los cogollos de <\/span>BlueDawg Auto<span style=\"font-weight: 400;\"> son <strong>compactos y densos,<\/strong> cubiertos con una gruesa capa de tricomas resinosos que les da ese brillo caracter\u00edstico. Son potentes, y cada cogollo libera un fuerte aroma.<\/span><span style=\"font-weight: 400;\"><br \/>\n<\/span><span style=\"font-weight: 400;\"><br \/>\n<\/span><b>Morfolog\u00eda de la Planta.<\/b>\u00a0BlueDawg Auto<span style=\"font-weight: 400;\"> crece compacta y manejable, alcanzando entre <strong>90 y 120 cm<\/strong> tanto en interiores como en exteriores. Su estructura robusta con ramas fuertes soporta sin problemas los cogollos densos y resinosos que produce. Esta planta autofloreciente es perfecta para espacios reducidos, ofreciendo una excelente opci\u00f3n para cultivadores novatos o aquellos con limitaciones de espacio. Adem\u00e1s, se adapta bien tanto a climas frios como c\u00e1lidos.<\/span><\/p>\n<h3><b>Consejos de Cultivo<\/b><\/h3>\n<ul>\n<li style=\"font-weight: 400;\" aria-level=\"1\"><b>Clima Ideal.<\/b>\u00a0BlueDawg Auto<span style=\"font-weight: 400;\"> prospera en climas c\u00e1lidos y <a href=\"https:\/\/bluedoggenetics.com\/categoria\/semillas\/autoflorecientes\/?filters=clima[51]\">templados<\/a>. <strong>Mant\u00e9n las temperaturas entre 18-28\u00b0C (68-82\u00b0F)<\/strong> para que crezca en su m\u00e1ximo esplendor. Aseg\u00farate de que reciba buena luz y ventilaci\u00f3n en interiores.<\/span><\/li>\n<li style=\"font-weight: 400;\" aria-level=\"1\"><b>Espacio y Entrenamiento.<\/b><span style=\"font-weight: 400;\">\u00a0Debido a su tama\u00f1o compacto, <\/span>BlueDawg Auto<span style=\"font-weight: 400;\"> no necesita mucho entrenamiento, pero t\u00e9cnicas como el <\/span>LST<span style=\"font-weight: 400;\"> (Low Stress Training) pueden ayudar a maximizar la luz que reciben todos los cogollos, mejorando su rendimiento.<\/span><\/li>\n<li style=\"font-weight: 400;\" aria-level=\"1\"><b>Nutrientes y Fertilizaci\u00f3n.<\/b><span style=\"font-weight: 400;\">\u00a0Durante la fase vegetativa, proporciona un fertilizante equilibrado con nitr\u00f3geno. Al comenzar la floraci\u00f3n, cambia a un fertilizante rico en f\u00f3sforo y potasio para maximizar el desarrollo de cogollos densos y resinosos. Ajusta las dosis seg\u00fan la respuesta de la planta para <strong>evitar la sobrefertilizaci\u00f3n.<\/strong><\/span><\/li>\n<li style=\"font-weight: 400;\" aria-level=\"1\"><b>Riego y Humedad.<\/b>\u00a0<b>BlueDawg Auto<\/b><span style=\"font-weight: 400;\"> prefiere riegos moderados. Deja que el sustrato se seque ligeramente entre riegos para evitar problemas de encharcamiento. <strong>Mant\u00e9n la humedad relativa alrededor del 40-50% durante la floraci\u00f3n<\/strong> para evitar problemas de moho y mantener los cogollos en su mejor estado.<\/span><\/li>\n<li style=\"font-weight: 400;\" aria-level=\"1\"><b>Poda y Manejo.<\/b><span style=\"font-weight: 400;\">\u00a0Aunque es una autofloreciente, <strong>una poda ligera puede ser \u00fatil<\/strong> para mejorar la penetraci\u00f3n de luz y la circulaci\u00f3n del aire en los cogollos inferiores. Maneja la planta con cuidado para evitar el estr\u00e9s, ya que su ciclo de vida r\u00e1pido no deja mucho margen de error.<\/span><\/li>\n<\/ul>\n","protected":false},"excerpt":{"rendered":"<p><b>BlueDawg Auto<\/b><span style=\"font-weight: 400;\"> is the same one you know, but in an autoflowering version. With that earthy, piney taste that fills your mouth, mixed with hints of citrus, this strain delivers a potent experience. With a short flowering cycle and strong effects, it's perfect for relaxing after a long day and relieving stress.<\/span><\/p>","protected":false},"featured_media":2638,"template":"","meta":{"_acf_changed":false,"inline_featured_image":false,"_wp_applaud_exclude":false},"product_brand":[194],"product_cat":[21],"product_tag":[],"class_list":{"0":"post-1176","1":"product","2":"type-product","3":"status-publish","4":"has-post-thumbnail","6":"product_brand-bluedog-genetics","7":"product_cat-autoflorecientes","8":"pa_altura-exterior-90-120","9":"pa_altura-interior-90-120","10":"pa_beneficios-terapeuticos-alivio-de-ansiedad","11":"pa_beneficios-terapeuticos-alivio-del-dolor","12":"pa_beneficios-terapeuticos-aumento-del-apetito","13":"pa_cantidad-pack-1","14":"pa_cantidad-pack-10","15":"pa_cantidad-pack-3","16":"pa_cantidad-pack-5","17":"pa_clima-templado","18":"pa_cosecha-exterior-50-150","19":"pa_cosecha-interior-400-500","20":"pa_efectos-destacables-adormecido","21":"pa_efectos-destacables-relajado","22":"pa_floracion-8-9","23":"pa_genetica-70-30","24":"pa_olor-intenso","25":"pa_sabores-y-olores-citrico","26":"pa_sabores-y-olores-limon","27":"pa_sabores-y-olores-madera","28":"pa_sabores-y-olores-terroso","29":"pa_thc-19-24","30":"pa_variedad-indica","31":"pa_variedad-sativa","33":"first","34":"instock","35":"taxable","36":"shipping-taxable","37":"purchasable","38":"product-type-variable"},"acf":{"sticker":"https:\/\/bluedoggenetics.com\/wp-content\/uploads\/2024\/10\/Bluedawg-Auto-Sticker.webp","family_tree":"<ul>\n<li><a href=\"https:\/\/seedfinder.eu\/es\/strain-info\/bluedawg-auto\/bluedog-genetics\" target=\"_blank\" rel=\"noopener\">BlueDawg Auto<\/a>\n<ul>\n<li><a href=\"https:\/\/seedfinder.eu\/es\/strain-info\/ruderalis\/original-strains\" target=\"_blank\" rel=\"noopener\">Unknown Ruderalis<\/a><\/li>\n<li><a href=\"https:\/\/seedfinder.eu\/es\/strain-info\/ruderalis\/original-strains\" target=\"_blank\" rel=\"noopener\">Blueberry<\/a>\n<ul>\n<li><a href=\"https:\/\/seedfinder.eu\/es\/strain-info\/blueberry-line\/unknown-or-legendary\" target=\"_blank\" rel=\"noopener\">Blueberry Line<\/a>\n<ul>\n<li><a href=\"https:\/\/seedfinder.eu\/es\/strain-info\/htaf\/unknown-or-legendary\" target=\"_blank\" rel=\"noopener\">HTAF<\/a>\n<ul>\n<li><a href=\"https:\/\/seedfinder.eu\/es\/strain-info\/afghani\/unknown-or-legendary\" target=\"_blank\" rel=\"noopener\">Afghani<\/a><\/li>\n<li><a href=\"https:\/\/seedfinder.eu\/es\/strain-info\/thailand-sativa\/original-strains\" target=\"_blank\" rel=\"noopener\">Thailand<\/a><\/li>\n<\/ul>\n<\/li>\n<li><a href=\"https:\/\/seedfinder.eu\/es\/strain-info\/temple-flo\/dj-short\" target=\"_blank\" rel=\"noopener\">Temple Flo<\/a>\n<ul>\n<li><a href=\"https:\/\/seedfinder.eu\/es\/strain-info\/floral-line\/unknown-or-legendary\" target=\"_blank\" rel=\"noopener\">Floral Line<\/a><\/li>\n<\/ul>\n<\/li>\n<\/ul>\n<\/li>\n<\/ul>\n<\/li>\n<li><a href=\"https:\/\/seedfinder.eu\/es\/strain-info\/chemdog\/unknown-or-legendary\" target=\"_blank\" rel=\"noopener\">Chemdog<\/a>\n<ul>\n<li><a href=\"https:\/\/seedfinder.eu\/es\/strain-info\/indica-sativa\/original-strains\" target=\"_blank\" rel=\"noopener\">Unknown Hybrid<\/a><\/li>\n<\/ul>\n<\/li>\n<\/ul>\n<\/li>\n<\/ul>\n"},"yoast_head":"<!-- This site is optimized with the Yoast SEO plugin v26.5 - https:\/\/yoast.com\/wordpress\/plugins\/seo\/ -->\n<title>Semillas de marihuana Baratas BlueDawg Auto - BLUEDOG GENETICS Seeds<\/title>\n<meta name=\"description\" content=\"Descubre BlueDawg Auto en Bluedog Genetics: semillas de marihuana baratas, autoflorecientes y de alto THC, perfectas para cultivos r\u00e1pidos.\" \/>\n<meta name=\"robots\" content=\"index, follow, max-snippet:-1, max-image-preview:large, max-video-preview:-1\" \/>\n<link rel=\"canonical\" href=\"https:\/\/bluedoggenetics.com\/en\/product\/seeds\/autoflowering\/cheap-cannabis-seeds-bluedawg-auto\/\" \/>\n<meta property=\"og:locale\" content=\"en_GB\" \/>\n<meta property=\"og:type\" content=\"article\" \/>\n<meta property=\"og:title\" content=\"Semillas de marihuana Baratas BlueDawg Auto - BLUEDOG GENETICS Seeds\" \/>\n<meta property=\"og:description\" content=\"Descubre BlueDawg Auto en Bluedog Genetics: semillas de marihuana baratas, autoflorecientes y de alto THC, perfectas para cultivos r\u00e1pidos.\" \/>\n<meta property=\"og:url\" content=\"https:\/\/bluedoggenetics.com\/en\/product\/seeds\/autoflowering\/cheap-cannabis-seeds-bluedawg-auto\/\" \/>\n<meta property=\"og:site_name\" content=\"BLUEDOG GENETICS Seeds\" \/>\n<meta property=\"article:modified_time\" content=\"2026-03-09T11:03:53+00:00\" \/>\n<meta property=\"og:image\" content=\"https:\/\/bluedoggenetics.com\/wp-content\/uploads\/2024\/10\/Bluedawg-Auto-Bluedog-Genetics_11zon.webp\" \/>\n\t<meta property=\"og:image:width\" content=\"1536\" \/>\n\t<meta property=\"og:image:height\" content=\"1024\" \/>\n\t<meta property=\"og:image:type\" content=\"image\/webp\" \/>\n<meta name=\"twitter:card\" content=\"summary_large_image\" \/>\n<meta name=\"twitter:label1\" content=\"Estimated reading time\" \/>\n\t<meta name=\"twitter:data1\" content=\"3 minutes\" \/>\n<script type=\"application\/ld+json\" class=\"yoast-schema-graph\">{\"@context\":\"https:\/\/schema.org\",\"@graph\":[{\"@type\":[\"WebPage\",\"ItemPage\"],\"@id\":\"https:\/\/bluedoggenetics.com\/producto\/semillas\/autoflorecientes\/semillas-de-marihuana-baratas-bluedawg-auto\/\",\"url\":\"https:\/\/bluedoggenetics.com\/producto\/semillas\/autoflorecientes\/semillas-de-marihuana-baratas-bluedawg-auto\/\",\"name\":\"Semillas de marihuana Baratas BlueDawg Auto - BLUEDOG GENETICS Seeds\",\"isPartOf\":{\"@id\":\"https:\/\/bluedoggenetics.com\/de\/#website\"},\"primaryImageOfPage\":{\"@id\":\"https:\/\/bluedoggenetics.com\/producto\/semillas\/autoflorecientes\/semillas-de-marihuana-baratas-bluedawg-auto\/#primaryimage\"},\"image\":{\"@id\":\"https:\/\/bluedoggenetics.com\/producto\/semillas\/autoflorecientes\/semillas-de-marihuana-baratas-bluedawg-auto\/#primaryimage\"},\"thumbnailUrl\":\"https:\/\/bluedoggenetics.com\/wp-content\/uploads\/2024\/10\/Bluedawg-Auto-Bluedog-Genetics_11zon.webp\",\"datePublished\":\"2024-10-17T19:37:44+00:00\",\"dateModified\":\"2026-03-09T11:03:53+00:00\",\"description\":\"Descubre BlueDawg Auto en Bluedog Genetics: semillas de marihuana baratas, autoflorecientes y de alto THC, perfectas para cultivos r\u00e1pidos.\",\"breadcrumb\":{\"@id\":\"https:\/\/bluedoggenetics.com\/producto\/semillas\/autoflorecientes\/semillas-de-marihuana-baratas-bluedawg-auto\/#breadcrumb\"},\"inLanguage\":\"en-GB\",\"potentialAction\":[{\"@type\":\"ReadAction\",\"target\":[\"https:\/\/bluedoggenetics.com\/producto\/semillas\/autoflorecientes\/semillas-de-marihuana-baratas-bluedawg-auto\/\"]}]},{\"@type\":\"ImageObject\",\"inLanguage\":\"en-GB\",\"@id\":\"https:\/\/bluedoggenetics.com\/producto\/semillas\/autoflorecientes\/semillas-de-marihuana-baratas-bluedawg-auto\/#primaryimage\",\"url\":\"https:\/\/bluedoggenetics.com\/wp-content\/uploads\/2024\/10\/Bluedawg-Auto-Bluedog-Genetics_11zon.webp\",\"contentUrl\":\"https:\/\/bluedoggenetics.com\/wp-content\/uploads\/2024\/10\/Bluedawg-Auto-Bluedog-Genetics_11zon.webp\",\"width\":1536,\"height\":1024,\"caption\":\"Bluedog Genetics Bluedawg Auto\"},{\"@type\":\"BreadcrumbList\",\"@id\":\"https:\/\/bluedoggenetics.com\/producto\/semillas\/autoflorecientes\/semillas-de-marihuana-baratas-bluedawg-auto\/#breadcrumb\",\"itemListElement\":[{\"@type\":\"ListItem\",\"position\":1,\"name\":\"Portada\",\"item\":\"https:\/\/bluedoggenetics.com\/\"},{\"@type\":\"ListItem\",\"position\":2,\"name\":\"Tienda\",\"item\":\"https:\/\/bluedoggenetics.com\/fr\/tienda\/\"},{\"@type\":\"ListItem\",\"position\":3,\"name\":\"BlueDawg Auto\"}]},{\"@type\":\"WebSite\",\"@id\":\"https:\/\/bluedoggenetics.com\/de\/#website\",\"url\":\"https:\/\/bluedoggenetics.com\/de\/\",\"name\":\"BLUEDOG GENETICS Seeds\",\"description\":\"Compara y compra las mejores semillas de cannabis. Feminizadas, Autoflorecientes, CBD.\",\"publisher\":{\"@id\":\"https:\/\/bluedoggenetics.com\/de\/#organization\"},\"alternateName\":\"BLUEDOG GENETICS\",\"potentialAction\":[{\"@type\":\"SearchAction\",\"target\":{\"@type\":\"EntryPoint\",\"urlTemplate\":\"https:\/\/bluedoggenetics.com\/de\/?s={search_term_string}\"},\"query-input\":{\"@type\":\"PropertyValueSpecification\",\"valueRequired\":true,\"valueName\":\"search_term_string\"}}],\"inLanguage\":\"en-GB\"},{\"@type\":\"Organization\",\"@id\":\"https:\/\/bluedoggenetics.com\/de\/#organization\",\"name\":\"BLUEDOG GENETICS\",\"url\":\"https:\/\/bluedoggenetics.com\/de\/\",\"logo\":{\"@type\":\"ImageObject\",\"inLanguage\":\"en-GB\",\"@id\":\"https:\/\/bluedoggenetics.com\/de\/#\/schema\/logo\/image\/\",\"url\":\"https:\/\/bluedoggenetics.com\/wp-content\/uploads\/2024\/11\/appIcon.png\",\"contentUrl\":\"https:\/\/bluedoggenetics.com\/wp-content\/uploads\/2024\/11\/appIcon.png\",\"width\":1024,\"height\":1024,\"caption\":\"BLUEDOG GENETICS\"},\"image\":{\"@id\":\"https:\/\/bluedoggenetics.com\/de\/#\/schema\/logo\/image\/\"},\"sameAs\":[\"https:\/\/www.instagram.com\/bluedog.genetics\/\"]}]}<\/script>\n<!-- \/ Yoast SEO plugin. -->","yoast_head_json":{"title":"Discover BlueDawg Auto at Bluedog Genetics: affordable autoflowering cannabis seeds with high THC, perfect for quick grows.","description":"Discover BlueDawg Auto at Bluedog Genetics: affordable autoflowering cannabis seeds with high THC, perfect for quick grows.","robots":{"index":"index","follow":"follow","max-snippet":"max-snippet:-1","max-image-preview":"max-image-preview:large","max-video-preview":"max-video-preview:-1"},"canonical":"https:\/\/bluedoggenetics.com\/en\/product\/seeds\/autoflowering\/cheap-cannabis-seeds-bluedawg-auto\/","og_locale":"en_GB","og_type":"article","og_title":"Semillas de marihuana Baratas BlueDawg Auto - BLUEDOG GENETICS Seeds","og_description":"Descubre BlueDawg Auto en Bluedog Genetics: semillas de marihuana baratas, autoflorecientes y de alto THC, perfectas para cultivos r\u00e1pidos.","og_url":"https:\/\/bluedoggenetics.com\/en\/product\/seeds\/autoflowering\/cheap-cannabis-seeds-bluedawg-auto\/","og_site_name":"BLUEDOG GENETICS Seeds","article_modified_time":"2026-03-09T11:03:53+00:00","og_image":[{"width":1536,"height":1024,"url":"https:\/\/bluedoggenetics.com\/wp-content\/uploads\/2024\/10\/Bluedawg-Auto-Bluedog-Genetics_11zon.webp","type":"image\/webp"}],"twitter_card":"summary_large_image","twitter_misc":{"Estimated reading time":"3 minutes"},"schema":{"@context":"https:\/\/schema.org","@graph":[{"@type":["WebPage","ItemPage"],"@id":"https:\/\/bluedoggenetics.com\/producto\/semillas\/autoflorecientes\/semillas-de-marihuana-baratas-bluedawg-auto\/","url":"https:\/\/bluedoggenetics.com\/producto\/semillas\/autoflorecientes\/semillas-de-marihuana-baratas-bluedawg-auto\/","name":"Discover BlueDawg Auto at Bluedog Genetics: affordable autoflowering cannabis seeds with high THC, perfect for quick grows.","isPartOf":{"@id":"https:\/\/bluedoggenetics.com\/de\/#website"},"primaryImageOfPage":{"@id":"https:\/\/bluedoggenetics.com\/producto\/semillas\/autoflorecientes\/semillas-de-marihuana-baratas-bluedawg-auto\/#primaryimage"},"image":{"@id":"https:\/\/bluedoggenetics.com\/producto\/semillas\/autoflorecientes\/semillas-de-marihuana-baratas-bluedawg-auto\/#primaryimage"},"thumbnailUrl":"https:\/\/bluedoggenetics.com\/wp-content\/uploads\/2024\/10\/Bluedawg-Auto-Bluedog-Genetics_11zon.webp","datePublished":"2024-10-17T19:37:44+00:00","dateModified":"2026-03-09T11:03:53+00:00","description":"Discover BlueDawg Auto at Bluedog Genetics: affordable autoflowering cannabis seeds with high THC, perfect for quick grows.","breadcrumb":{"@id":"https:\/\/bluedoggenetics.com\/producto\/semillas\/autoflorecientes\/semillas-de-marihuana-baratas-bluedawg-auto\/#breadcrumb"},"inLanguage":"en-GB","potentialAction":[{"@type":"ReadAction","target":["https:\/\/bluedoggenetics.com\/producto\/semillas\/autoflorecientes\/semillas-de-marihuana-baratas-bluedawg-auto\/"]}]},{"@type":"ImageObject","inLanguage":"en-GB","@id":"https:\/\/bluedoggenetics.com\/producto\/semillas\/autoflorecientes\/semillas-de-marihuana-baratas-bluedawg-auto\/#primaryimage","url":"https:\/\/bluedoggenetics.com\/wp-content\/uploads\/2024\/10\/Bluedawg-Auto-Bluedog-Genetics_11zon.webp","contentUrl":"https:\/\/bluedoggenetics.com\/wp-content\/uploads\/2024\/10\/Bluedawg-Auto-Bluedog-Genetics_11zon.webp","width":1536,"height":1024,"caption":"Bluedog Genetics Bluedawg Auto"},{"@type":"BreadcrumbList","@id":"https:\/\/bluedoggenetics.com\/producto\/semillas\/autoflorecientes\/semillas-de-marihuana-baratas-bluedawg-auto\/#breadcrumb","itemListElement":[{"@type":"ListItem","position":1,"name":"Portada","item":"https:\/\/bluedoggenetics.com\/"},{"@type":"ListItem","position":2,"name":"Tienda","item":"https:\/\/bluedoggenetics.com\/fr\/tienda\/"},{"@type":"ListItem","position":3,"name":"BlueDawg Auto"}]},{"@type":"WebSite","@id":"https:\/\/bluedoggenetics.com\/de\/#website","url":"https:\/\/bluedoggenetics.com\/de\/","name":"BLUEDOG GENETICS Seeds","description":"Compare and buy the best cannabis seeds. Feminised, Autoflowering, CBD.","publisher":{"@id":"https:\/\/bluedoggenetics.com\/de\/#organization"},"alternateName":"BLUEDOG GENETICS","potentialAction":[{"@type":"SearchAction","target":{"@type":"EntryPoint","urlTemplate":"https:\/\/bluedoggenetics.com\/de\/?s={search_term_string}"},"query-input":{"@type":"PropertyValueSpecification","valueRequired":true,"valueName":"search_term_string"}}],"inLanguage":"en-GB"},{"@type":"Organization","@id":"https:\/\/bluedoggenetics.com\/de\/#organization","name":"BLUEDOG GENETICS","url":"https:\/\/bluedoggenetics.com\/de\/","logo":{"@type":"ImageObject","inLanguage":"en-GB","@id":"https:\/\/bluedoggenetics.com\/de\/#\/schema\/logo\/image\/","url":"https:\/\/bluedoggenetics.com\/wp-content\/uploads\/2024\/11\/appIcon.png","contentUrl":"https:\/\/bluedoggenetics.com\/wp-content\/uploads\/2024\/11\/appIcon.png","width":1024,"height":1024,"caption":"BLUEDOG GENETICS"},"image":{"@id":"https:\/\/bluedoggenetics.com\/de\/#\/schema\/logo\/image\/"},"sameAs":["https:\/\/www.instagram.com\/bluedog.genetics\/"]}]}},"sticker_url":"https:\/\/bluedoggenetics.com\/wp-content\/uploads\/2024\/10\/Bluedawg-Auto-Sticker.webp","variations_full":[{"id":1177,"price":5,"regular_price":5,"attributes":{"attribute_pa_cantidad":"pack-1"},"image_src":"https:\/\/bluedoggenetics.com\/wp-content\/uploads\/2024\/10\/Bluedawg-Auto-Bluedog-Genetics_11zon-600x400.webp","is_in_stock":true},{"id":1178,"price":13.5,"regular_price":13.5,"attributes":{"attribute_pa_cantidad":"pack-3"},"image_src":"https:\/\/bluedoggenetics.com\/wp-content\/uploads\/2024\/10\/Bluedawg-Auto-Bluedog-Genetics_11zon-600x400.webp","is_in_stock":true},{"id":1179,"price":19.9,"regular_price":19.9,"attributes":{"attribute_pa_cantidad":"pack-5"},"image_src":"https:\/\/bluedoggenetics.com\/wp-content\/uploads\/2024\/10\/Bluedawg-Auto-Bluedog-Genetics_11zon-600x400.webp","is_in_stock":true},{"id":1180,"price":34.8,"regular_price":34.8,"attributes":{"attribute_pa_cantidad":"pack-10"},"image_src":"https:\/\/bluedoggenetics.com\/wp-content\/uploads\/2024\/10\/Bluedawg-Auto-Bluedog-Genetics_11zon-600x400.webp","is_in_stock":true}],"jetpack_sharing_enabled":true,"_links":{"self":[{"href":"https:\/\/bluedoggenetics.com\/en\/wp-json\/wp\/v2\/product\/1176","targetHints":{"allow":["GET"]}}],"collection":[{"href":"https:\/\/bluedoggenetics.com\/en\/wp-json\/wp\/v2\/product"}],"about":[{"href":"https:\/\/bluedoggenetics.com\/en\/wp-json\/wp\/v2\/types\/product"}],"wp:featuredmedia":[{"embeddable":true,"href":"https:\/\/bluedoggenetics.com\/en\/wp-json\/wp\/v2\/media\/2638"}],"wp:attachment":[{"href":"https:\/\/bluedoggenetics.com\/en\/wp-json\/wp\/v2\/media?parent=1176"}],"wp:term":[{"taxonomy":"product_brand","embeddable":true,"href":"https:\/\/bluedoggenetics.com\/en\/wp-json\/wp\/v2\/product_brand?post=1176"},{"taxonomy":"product_cat","embeddable":true,"href":"https:\/\/bluedoggenetics.com\/en\/wp-json\/wp\/v2\/product_cat?post=1176"},{"taxonomy":"product_tag","embeddable":true,"href":"https:\/\/bluedoggenetics.com\/en\/wp-json\/wp\/v2\/product_tag?post=1176"}],"curies":[{"name":"wp","href":"https:\/\/api.w.org\/{rel}","templated":true}]}}