{"id":1017,"date":"2024-10-12T00:26:02","date_gmt":"2024-10-11T22:26:02","guid":{"rendered":"https:\/\/bluedoggenetics.com\/?post_type=product&#038;p=1017"},"modified":"2026-03-09T12:09:36","modified_gmt":"2026-03-09T11:09:36","slug":"ethanol-express-marijuana-seeds","status":"publish","type":"product","link":"https:\/\/bluedoggenetics.com\/en\/product\/feminised\/ethanol-express-marijuana-seeds\/","title":{"rendered":"Ethanol Express"},"content":{"rendered":"<p><span style=\"font-weight: 400;\">Las semillas de marihuana Ethanol Express son <strong>60% Sativa y 40% Indica, con una <a href=\"https:\/\/bluedoggenetics.com\/categoria\/semillas\/?filters=floracion[145]\">floraci\u00f3n de 9 a 10 semanas.<\/a><\/strong> Prep\u00e1rate para una cosecha de cogollos densos y resinosos con rendimientos impresionantes: entre 450 y 550 gramos por metro cuadrado en interiores y hasta 550 a 650 gramos por planta en exteriores y con un THC que var\u00eda entre el 18% y el 24%<strong>.<\/strong><\/span><\/p>\n<p><span style=\"font-weight: 400;\">El perfil de sabor y aroma de Ethanol Express es como una fiesta para tus sentidos: <strong>un potente combo de notas c\u00edtricas, toques de combustible<\/strong> y una pizca de frutas tropicales.\u00a0 Ethanol Express te mantendr\u00e1 alegre y activo.<\/span><\/p>\n<p><b>Aspecto de la Flor.<\/b><span style=\"font-weight: 400;\">\u00a0Los cogollos de Ethanol Express son una verdadera obra de arte. Con una <strong>estructura densa y compacta,<\/strong> estos cogollos lucen un verde vibrante adornado con matices naranjas y dorados. Cubiertos con una capa pegajosa de tricomas resinosos. Al desmenuzarlos, liberar\u00e1s un aroma intenso y que mezcla c\u00edtricos, combustible y frutas frescas, prometiendo una experiencia de fumar inolvidable.<\/span><\/p>\n<p><b>Morfolog\u00eda de la Planta.<\/b><span style=\"font-weight: 400;\">\u00a0Ethanol Express crece fuerte y robusta, alcanzando entre <strong>150 y 180 cm en interiores y 120 a 150 cm en exteriores.<\/strong> Su estructura equilibrada y s\u00f3lida soporta bien los cogollos pesados. Las hojas son de un verde oscuro, y la planta se adapta perfectamente a climas c\u00e1lidos, ofreciendo un rendimiento \u00f3ptimo en espacios tanto grandes como peque\u00f1os.<\/span><\/p>\n<h3><b>Consejos de Cultivo<\/b><\/h3>\n<ul>\n<li style=\"font-weight: 400;\" aria-level=\"1\"><b>Clima Ideal.<\/b><span style=\"font-weight: 400;\">\u00a0Intenta <strong>mantener las temperaturas entre 24-30\u00b0C (75-86\u00b0F)<\/strong> para que crezca en su m\u00e1ximo esplendor. En interiores, aseg\u00farate de que la ventilaci\u00f3n y el aire acondicionado mantengan el ambiente fresco durante la floraci\u00f3n.<\/span><\/li>\n<li style=\"font-weight: 400;\" aria-level=\"1\">Espacio y Entrenamiento. Es r<span style=\"font-weight: 400;\">obusta, no necesita t\u00e9cnicas avanzadas, pero un poco de LST (Low Stress Training) puede ser \u00fatil para maximizar la exposici\u00f3n de los cogollos a la luz y mejorar el rendimiento. <strong>Ajusta la altura de las luces en interiores para evitar el estiramiento excesivo.<\/strong><\/span><\/li>\n<li style=\"font-weight: 400;\" aria-level=\"1\"><b>Nutrientes y Fertilizaci\u00f3n.<\/b><span style=\"font-weight: 400;\">\u00a0 Al iniciar la floraci\u00f3n, cambia a un <strong>fertilizante con alto contenido de f\u00f3sforo y potasio para <\/strong>apoyar el desarrollo de cogollos densos y resinosos<strong>.<\/strong> Ajusta las dosis para evitar la sobrefertilizaci\u00f3n.<\/span><\/li>\n<li style=\"font-weight: 400;\" aria-level=\"1\"><b>Riego y Humedad.<\/b><span style=\"font-weight: 400;\">\u00a0Ethanol Express prefiere un <strong>riego moderado.<\/strong> Permite que la capa superior del suelo se seque entre riegos para evitar el encharcamiento. Mant\u00e9n la humedad relativa entre el 40-50% durante la floraci\u00f3n para evitar<strong> problemas de moho<\/strong> y asegurar cogollos de alta calidad.<\/span><\/li>\n<li style=\"font-weight: 400;\" aria-level=\"1\"><b>Poda y Manejo.<\/b><span style=\"font-weight: 400;\">\u00a0<strong>Realiza una poda ligera y deshoje selectivo para mejorar la circulaci\u00f3n del aire y la penetraci\u00f3n de luz.<\/strong> Maneja la planta con cuidado para evitar da\u00f1os y maximizar el rendimiento. La poda debe ser moderada para no estresar la planta y garantizar una cosecha abundante.<\/span><\/li>\n<\/ul>\n","protected":false},"excerpt":{"rendered":"<p><span style=\"font-weight: 400;\">Las plantas que producen nuestras semillas de marihuana de<b> Ethanol Express<\/b><\/span><span style=\"font-weight: 400;\">\u00a0destacans por su potente efecto y cosecha r\u00e1pida, lo que la convierte en una variedad ideal para cultivadores exigentes. Su aroma robusto te invita a disfrutar de un subid\u00f3n que te pondr\u00e1 en modo conversador y creativo. Ideal para esos momentos en que necesitas estimular mientras te relajas a escuchar musica, disfrutas de un paseo o simplemente para ver una peli.<\/span><\/p>","protected":false},"featured_media":2632,"template":"","meta":{"_acf_changed":false,"inline_featured_image":false,"_wp_applaud_exclude":false},"product_brand":[194],"product_cat":[22],"product_tag":[],"class_list":{"0":"post-1017","1":"product","2":"type-product","3":"status-publish","4":"has-post-thumbnail","6":"product_brand-bluedog-genetics","7":"product_cat-feminizadas","8":"pa_altura-exterior-150-180","9":"pa_altura-interior-120-150","10":"pa_beneficios-terapeuticos-alivio-de-ansiedad","11":"pa_beneficios-terapeuticos-alivio-del-dolor","12":"pa_beneficios-terapeuticos-aumento-del-apetito","13":"pa_beneficios-terapeuticos-reduccion-de-nauseas","14":"pa_cantidad-pack-1","15":"pa_cantidad-pack-10","16":"pa_cantidad-pack-3","17":"pa_cantidad-pack-5","18":"pa_clima-calido","19":"pa_cosecha-exterior-550-650","20":"pa_cosecha-interior-550-650","21":"pa_efectos-destacables-activo","22":"pa_efectos-destacables-conversador","23":"pa_efectos-destacables-euforico","24":"pa_efectos-destacables-relajado","25":"pa_floracion-9-10","26":"pa_genetica-40-60","27":"pa_olor-intenso","28":"pa_sabores-y-olores-afrutado","29":"pa_sabores-y-olores-citrico","30":"pa_sabores-y-olores-combustible","31":"pa_thc-18-24","32":"pa_variedad-sativa","34":"first","35":"instock","36":"taxable","37":"shipping-taxable","38":"purchasable","39":"product-type-variable"},"acf":{"sticker":"https:\/\/bluedoggenetics.com\/wp-content\/uploads\/2024\/10\/Ethanol-Express-Sticker_11zon.webp","family_tree":""},"yoast_head":"<!-- This site is optimized with the Yoast SEO plugin v26.5 - https:\/\/yoast.com\/wordpress\/plugins\/seo\/ -->\n<title>Semillas de marihuana Ethanol Express - BLUEDOG GENETICS Seeds<\/title>\n<meta name=\"description\" content=\"Descubre las semillas de marihuana de Ethanol Express, marihuana potente. Ideal para cultivadores que buscan rendimiento y un alto THC, hasta 24%.\" \/>\n<meta name=\"robots\" content=\"index, follow, max-snippet:-1, max-image-preview:large, max-video-preview:-1\" \/>\n<link rel=\"canonical\" href=\"https:\/\/bluedoggenetics.com\/en\/product\/seeds\/feminised\/ethanol-express-marijuana-seeds\/\" \/>\n<meta property=\"og:locale\" content=\"en_GB\" \/>\n<meta property=\"og:type\" content=\"article\" \/>\n<meta property=\"og:title\" content=\"Semillas de marihuana Ethanol Express - BLUEDOG GENETICS Seeds\" \/>\n<meta property=\"og:description\" content=\"Descubre las semillas de marihuana de Ethanol Express, marihuana potente. Ideal para cultivadores que buscan rendimiento y un alto THC, hasta 24%.\" \/>\n<meta property=\"og:url\" content=\"https:\/\/bluedoggenetics.com\/en\/product\/seeds\/feminised\/ethanol-express-marijuana-seeds\/\" \/>\n<meta property=\"og:site_name\" content=\"BLUEDOG GENETICS Seeds\" \/>\n<meta property=\"article:modified_time\" content=\"2026-03-09T11:09:36+00:00\" \/>\n<meta property=\"og:image\" content=\"https:\/\/bluedoggenetics.com\/wp-content\/uploads\/2024\/10\/Ethanol-Express-Bluedog-Genetics_11zon.webp\" \/>\n\t<meta property=\"og:image:width\" content=\"1536\" \/>\n\t<meta property=\"og:image:height\" content=\"1024\" \/>\n\t<meta property=\"og:image:type\" content=\"image\/webp\" \/>\n<meta name=\"twitter:card\" content=\"summary_large_image\" \/>\n<meta name=\"twitter:label1\" content=\"Estimated reading time\" \/>\n\t<meta name=\"twitter:data1\" content=\"3 minutes\" \/>\n<script type=\"application\/ld+json\" class=\"yoast-schema-graph\">{\"@context\":\"https:\/\/schema.org\",\"@graph\":[{\"@type\":[\"WebPage\",\"ItemPage\"],\"@id\":\"https:\/\/bluedoggenetics.com\/producto\/semillas\/feminizadas\/semillas-de-marihuana-ethanol-express\/\",\"url\":\"https:\/\/bluedoggenetics.com\/producto\/semillas\/feminizadas\/semillas-de-marihuana-ethanol-express\/\",\"name\":\"Semillas de marihuana Ethanol Express - BLUEDOG GENETICS Seeds\",\"isPartOf\":{\"@id\":\"https:\/\/bluedoggenetics.com\/de\/#website\"},\"primaryImageOfPage\":{\"@id\":\"https:\/\/bluedoggenetics.com\/producto\/semillas\/feminizadas\/semillas-de-marihuana-ethanol-express\/#primaryimage\"},\"image\":{\"@id\":\"https:\/\/bluedoggenetics.com\/producto\/semillas\/feminizadas\/semillas-de-marihuana-ethanol-express\/#primaryimage\"},\"thumbnailUrl\":\"https:\/\/bluedoggenetics.com\/wp-content\/uploads\/2024\/10\/Ethanol-Express-Bluedog-Genetics_11zon.webp\",\"datePublished\":\"2024-10-11T22:26:02+00:00\",\"dateModified\":\"2026-03-09T11:09:36+00:00\",\"description\":\"Descubre las semillas de marihuana de Ethanol Express, marihuana potente. Ideal para cultivadores que buscan rendimiento y un alto THC, hasta 24%.\",\"breadcrumb\":{\"@id\":\"https:\/\/bluedoggenetics.com\/producto\/semillas\/feminizadas\/semillas-de-marihuana-ethanol-express\/#breadcrumb\"},\"inLanguage\":\"en-GB\",\"potentialAction\":[{\"@type\":\"ReadAction\",\"target\":[\"https:\/\/bluedoggenetics.com\/producto\/semillas\/feminizadas\/semillas-de-marihuana-ethanol-express\/\"]}]},{\"@type\":\"ImageObject\",\"inLanguage\":\"en-GB\",\"@id\":\"https:\/\/bluedoggenetics.com\/producto\/semillas\/feminizadas\/semillas-de-marihuana-ethanol-express\/#primaryimage\",\"url\":\"https:\/\/bluedoggenetics.com\/wp-content\/uploads\/2024\/10\/Ethanol-Express-Bluedog-Genetics_11zon.webp\",\"contentUrl\":\"https:\/\/bluedoggenetics.com\/wp-content\/uploads\/2024\/10\/Ethanol-Express-Bluedog-Genetics_11zon.webp\",\"width\":1536,\"height\":1024,\"caption\":\"Ethanol Express - Bluedog Genetics\"},{\"@type\":\"BreadcrumbList\",\"@id\":\"https:\/\/bluedoggenetics.com\/producto\/semillas\/feminizadas\/semillas-de-marihuana-ethanol-express\/#breadcrumb\",\"itemListElement\":[{\"@type\":\"ListItem\",\"position\":1,\"name\":\"Portada\",\"item\":\"https:\/\/bluedoggenetics.com\/\"},{\"@type\":\"ListItem\",\"position\":2,\"name\":\"Tienda\",\"item\":\"https:\/\/bluedoggenetics.com\/fr\/tienda\/\"},{\"@type\":\"ListItem\",\"position\":3,\"name\":\"Ethanol Express\"}]},{\"@type\":\"WebSite\",\"@id\":\"https:\/\/bluedoggenetics.com\/de\/#website\",\"url\":\"https:\/\/bluedoggenetics.com\/de\/\",\"name\":\"BLUEDOG GENETICS Seeds\",\"description\":\"Compara y compra las mejores semillas de cannabis. Feminizadas, Autoflorecientes, CBD.\",\"publisher\":{\"@id\":\"https:\/\/bluedoggenetics.com\/de\/#organization\"},\"alternateName\":\"BLUEDOG GENETICS\",\"potentialAction\":[{\"@type\":\"SearchAction\",\"target\":{\"@type\":\"EntryPoint\",\"urlTemplate\":\"https:\/\/bluedoggenetics.com\/de\/?s={search_term_string}\"},\"query-input\":{\"@type\":\"PropertyValueSpecification\",\"valueRequired\":true,\"valueName\":\"search_term_string\"}}],\"inLanguage\":\"en-GB\"},{\"@type\":\"Organization\",\"@id\":\"https:\/\/bluedoggenetics.com\/de\/#organization\",\"name\":\"BLUEDOG GENETICS\",\"url\":\"https:\/\/bluedoggenetics.com\/de\/\",\"logo\":{\"@type\":\"ImageObject\",\"inLanguage\":\"en-GB\",\"@id\":\"https:\/\/bluedoggenetics.com\/de\/#\/schema\/logo\/image\/\",\"url\":\"https:\/\/bluedoggenetics.com\/wp-content\/uploads\/2024\/11\/appIcon.png\",\"contentUrl\":\"https:\/\/bluedoggenetics.com\/wp-content\/uploads\/2024\/11\/appIcon.png\",\"width\":1024,\"height\":1024,\"caption\":\"BLUEDOG GENETICS\"},\"image\":{\"@id\":\"https:\/\/bluedoggenetics.com\/de\/#\/schema\/logo\/image\/\"},\"sameAs\":[\"https:\/\/www.instagram.com\/bluedog.genetics\/\"]}]}<\/script>\n<!-- \/ Yoast SEO plugin. -->","yoast_head_json":{"title":"Ethanol Express Marijuana Seeds - BLUEDOG GENETICS Seeds","description":"Discover Ethanol Express marijuana seeds, potent cannabis. Ideal for growers seeking high yields and THC levels up to 24%.","robots":{"index":"index","follow":"follow","max-snippet":"max-snippet:-1","max-image-preview":"max-image-preview:large","max-video-preview":"max-video-preview:-1"},"canonical":"https:\/\/bluedoggenetics.com\/en\/product\/seeds\/feminised\/ethanol-express-marijuana-seeds\/","og_locale":"en_GB","og_type":"article","og_title":"Semillas de marihuana Ethanol Express - BLUEDOG GENETICS Seeds","og_description":"Descubre las semillas de marihuana de Ethanol Express, marihuana potente. Ideal para cultivadores que buscan rendimiento y un alto THC, hasta 24%.","og_url":"https:\/\/bluedoggenetics.com\/en\/product\/seeds\/feminised\/ethanol-express-marijuana-seeds\/","og_site_name":"BLUEDOG GENETICS Seeds","article_modified_time":"2026-03-09T11:09:36+00:00","og_image":[{"width":1536,"height":1024,"url":"https:\/\/bluedoggenetics.com\/wp-content\/uploads\/2024\/10\/Ethanol-Express-Bluedog-Genetics_11zon.webp","type":"image\/webp"}],"twitter_card":"summary_large_image","twitter_misc":{"Estimated reading time":"3 minutes"},"schema":{"@context":"https:\/\/schema.org","@graph":[{"@type":["WebPage","ItemPage"],"@id":"https:\/\/bluedoggenetics.com\/producto\/semillas\/feminizadas\/semillas-de-marihuana-ethanol-express\/","url":"https:\/\/bluedoggenetics.com\/producto\/semillas\/feminizadas\/semillas-de-marihuana-ethanol-express\/","name":"Ethanol Express Marijuana Seeds - BLUEDOG GENETICS Seeds","isPartOf":{"@id":"https:\/\/bluedoggenetics.com\/de\/#website"},"primaryImageOfPage":{"@id":"https:\/\/bluedoggenetics.com\/producto\/semillas\/feminizadas\/semillas-de-marihuana-ethanol-express\/#primaryimage"},"image":{"@id":"https:\/\/bluedoggenetics.com\/producto\/semillas\/feminizadas\/semillas-de-marihuana-ethanol-express\/#primaryimage"},"thumbnailUrl":"https:\/\/bluedoggenetics.com\/wp-content\/uploads\/2024\/10\/Ethanol-Express-Bluedog-Genetics_11zon.webp","datePublished":"2024-10-11T22:26:02+00:00","dateModified":"2026-03-09T11:09:36+00:00","description":"Discover Ethanol Express marijuana seeds, potent cannabis. Ideal for growers seeking high yields and THC levels up to 24%.","breadcrumb":{"@id":"https:\/\/bluedoggenetics.com\/producto\/semillas\/feminizadas\/semillas-de-marihuana-ethanol-express\/#breadcrumb"},"inLanguage":"en-GB","potentialAction":[{"@type":"ReadAction","target":["https:\/\/bluedoggenetics.com\/producto\/semillas\/feminizadas\/semillas-de-marihuana-ethanol-express\/"]}]},{"@type":"ImageObject","inLanguage":"en-GB","@id":"https:\/\/bluedoggenetics.com\/producto\/semillas\/feminizadas\/semillas-de-marihuana-ethanol-express\/#primaryimage","url":"https:\/\/bluedoggenetics.com\/wp-content\/uploads\/2024\/10\/Ethanol-Express-Bluedog-Genetics_11zon.webp","contentUrl":"https:\/\/bluedoggenetics.com\/wp-content\/uploads\/2024\/10\/Ethanol-Express-Bluedog-Genetics_11zon.webp","width":1536,"height":1024,"caption":"Ethanol Express - Bluedog Genetics"},{"@type":"BreadcrumbList","@id":"https:\/\/bluedoggenetics.com\/producto\/semillas\/feminizadas\/semillas-de-marihuana-ethanol-express\/#breadcrumb","itemListElement":[{"@type":"ListItem","position":1,"name":"Portada","item":"https:\/\/bluedoggenetics.com\/"},{"@type":"ListItem","position":2,"name":"Tienda","item":"https:\/\/bluedoggenetics.com\/fr\/tienda\/"},{"@type":"ListItem","position":3,"name":"Ethanol Express"}]},{"@type":"WebSite","@id":"https:\/\/bluedoggenetics.com\/de\/#website","url":"https:\/\/bluedoggenetics.com\/de\/","name":"BLUEDOG GENETICS Seeds","description":"Compare and buy the best cannabis seeds. Feminised, Autoflowering, CBD.","publisher":{"@id":"https:\/\/bluedoggenetics.com\/de\/#organization"},"alternateName":"BLUEDOG GENETICS","potentialAction":[{"@type":"SearchAction","target":{"@type":"EntryPoint","urlTemplate":"https:\/\/bluedoggenetics.com\/de\/?s={search_term_string}"},"query-input":{"@type":"PropertyValueSpecification","valueRequired":true,"valueName":"search_term_string"}}],"inLanguage":"en-GB"},{"@type":"Organization","@id":"https:\/\/bluedoggenetics.com\/de\/#organization","name":"BLUEDOG GENETICS","url":"https:\/\/bluedoggenetics.com\/de\/","logo":{"@type":"ImageObject","inLanguage":"en-GB","@id":"https:\/\/bluedoggenetics.com\/de\/#\/schema\/logo\/image\/","url":"https:\/\/bluedoggenetics.com\/wp-content\/uploads\/2024\/11\/appIcon.png","contentUrl":"https:\/\/bluedoggenetics.com\/wp-content\/uploads\/2024\/11\/appIcon.png","width":1024,"height":1024,"caption":"BLUEDOG GENETICS"},"image":{"@id":"https:\/\/bluedoggenetics.com\/de\/#\/schema\/logo\/image\/"},"sameAs":["https:\/\/www.instagram.com\/bluedog.genetics\/"]}]}},"sticker_url":"https:\/\/bluedoggenetics.com\/wp-content\/uploads\/2024\/10\/Ethanol-Express-Sticker_11zon.webp","variations_full":[{"id":1018,"price":10,"regular_price":10,"attributes":{"attribute_pa_cantidad":"pack-1"},"image_src":"https:\/\/bluedoggenetics.com\/wp-content\/uploads\/2024\/10\/Ethanol-Express-Bluedog-Genetics_11zon-600x400.webp","is_in_stock":true},{"id":1020,"price":27,"regular_price":27,"attributes":{"attribute_pa_cantidad":"pack-3"},"image_src":"https:\/\/bluedoggenetics.com\/wp-content\/uploads\/2024\/10\/Ethanol-Express-Bluedog-Genetics_11zon-600x400.webp","is_in_stock":true},{"id":1021,"price":39.8,"regular_price":39.8,"attributes":{"attribute_pa_cantidad":"pack-5"},"image_src":"https:\/\/bluedoggenetics.com\/wp-content\/uploads\/2024\/10\/Ethanol-Express-Bluedog-Genetics_11zon-600x400.webp","is_in_stock":true},{"id":1019,"price":69,"regular_price":69,"attributes":{"attribute_pa_cantidad":"pack-10"},"image_src":"https:\/\/bluedoggenetics.com\/wp-content\/uploads\/2024\/10\/Ethanol-Express-Bluedog-Genetics_11zon-600x400.webp","is_in_stock":true}],"jetpack_sharing_enabled":true,"_links":{"self":[{"href":"https:\/\/bluedoggenetics.com\/en\/wp-json\/wp\/v2\/product\/1017","targetHints":{"allow":["GET"]}}],"collection":[{"href":"https:\/\/bluedoggenetics.com\/en\/wp-json\/wp\/v2\/product"}],"about":[{"href":"https:\/\/bluedoggenetics.com\/en\/wp-json\/wp\/v2\/types\/product"}],"wp:featuredmedia":[{"embeddable":true,"href":"https:\/\/bluedoggenetics.com\/en\/wp-json\/wp\/v2\/media\/2632"}],"wp:attachment":[{"href":"https:\/\/bluedoggenetics.com\/en\/wp-json\/wp\/v2\/media?parent=1017"}],"wp:term":[{"taxonomy":"product_brand","embeddable":true,"href":"https:\/\/bluedoggenetics.com\/en\/wp-json\/wp\/v2\/product_brand?post=1017"},{"taxonomy":"product_cat","embeddable":true,"href":"https:\/\/bluedoggenetics.com\/en\/wp-json\/wp\/v2\/product_cat?post=1017"},{"taxonomy":"product_tag","embeddable":true,"href":"https:\/\/bluedoggenetics.com\/en\/wp-json\/wp\/v2\/product_tag?post=1017"}],"curies":[{"name":"wp","href":"https:\/\/api.w.org\/{rel}","templated":true}]}}