{"id":2026,"date":"2024-12-01T19:47:11","date_gmt":"2024-12-01T18:47:11","guid":{"rendered":"https:\/\/bluedoggenetics.com\/?page_id=2026"},"modified":"2024-12-02T13:41:19","modified_gmt":"2024-12-02T12:41:19","slug":"terms-and-conditions","status":"publish","type":"page","link":"https:\/\/bluedoggenetics.com\/en\/terms-and-conditions\/","title":{"rendered":"Terms and conditions"},"content":{"rendered":"<h4 class=\"wp-block-heading\"><strong>1. Introduction<\/strong><\/h4><p class=\"translation-block\">Welcome to BLUEDOG GENETICS. By accessing our website (<strong><a href=\"https:\/\/bluedoggenetics.com\/en\/\" target=\"_self\">https:\/\/bluedoggenetics.com<\/a><\/strong>) and making purchases, you agree to comply with these terms and conditions. Please read them carefully before placing any order.<\/p><h4 class=\"wp-block-heading\"><strong>2. Legal Age<\/strong><\/h4><p>Access to and purchases on this site are permitted only for adults in accordance with the laws of your country of residence. By using our site, you declare that you are at least 18 years old (or the legal age applicable in your jurisdiction).<\/p><h4 class=\"wp-block-heading\"><strong>3. Use of Products<\/strong><\/h4><p>The cannabis seeds we offer are exclusively for:<\/p><ul class=\"wp-block-list\"><li><strong>Collection<\/strong>.<\/li>\n\n<li><strong>Genetic research<\/strong>.<\/li>\n\n<li class=\"translation-block\"><strong>Authorized use<\/strong> under the customer\u2019s local laws.<\/li><\/ul><p class=\"translation-block\"><strong>Note:<\/strong> BLUEDOG GENETICS is not responsible for the misuse or illegal use of the products purchased on our website.<\/p><h4 class=\"wp-block-heading\"><strong>4. Product Availability<\/strong><\/h4><p>All products are subject to availability. We reserve the right to withdraw products from the catalog without prior notice.<\/p><h4 class=\"wp-block-heading\"><strong>5. Shipping and Delivery<\/strong><\/h4><ul class=\"wp-block-list\"><li>Shipments are made internationally, except where restricted by local laws.<\/li>\n\n<li>Delivery times are estimates and may vary depending on the destination.<\/li>\n\n<li>BLUEDOG GENETICS is not responsible for packages detained or confiscated by local authorities due to legal restrictions.<\/li><\/ul><h4 class=\"wp-block-heading\"><strong>6. Payments<\/strong><\/h4><ul class=\"wp-block-list\"><li>We accept secure payment methods, including credit cards and cryptocurrencies (specify available methods).<\/li><\/ul><h4 class=\"wp-block-heading\"><strong>7. Return Policy<\/strong><\/h4><p>Due to the nature of biological products:<\/p><ul class=\"wp-block-list\"><li>Returns are not accepted once the package has been opened.<\/li>\n\n<li class=\"translation-block\">In case of damage or defect during shipping, please contact our support team within the first <strong>7 days<\/strong> of receipt.<\/li><\/ul><h4 class=\"wp-block-heading\"><strong>8. Data Protection<\/strong><\/h4><p class=\"translation-block\">Your privacy is important to us. Please refer to our <strong><a href=\"https:\/\/bluedoggenetics.com\/en\/privacy-policy\/\" data-type=\"page\" data-id=\"3\" target=\"_self\">Privacy Policy<\/a><\/strong> to understand how we handle your personal data.<\/p><h4 class=\"wp-block-heading\"><strong>9. Limitation of Liability<\/strong><\/h4><ul class=\"wp-block-list\"><li>BLUEDOG GENETICS is not responsible for any losses or damages resulting from the use of this website or the purchased products.<\/li>\n\n<li>Seeds are sold on the condition that they are not germinated in places where this is illegal.<\/li><\/ul><h4 class=\"wp-block-heading\"><strong>10. Changes to Terms<\/strong><\/h4><p>We reserve the right to modify these terms and conditions at any time. Changes will take effect as soon as they are published on the website.<\/p><h4 class=\"wp-block-heading\"><strong>11. Contact<\/strong><\/h4><p>If you have any questions or need support, you can contact us at:<\/p><ul class=\"wp-block-list\"><li><strong>Email:<\/strong>&nbsp;<a href=\"mailto:info@bluedoggenetics.com\">info@bluedoggenetics.com<\/a><\/li><\/ul>","protected":false},"excerpt":{"rendered":"<p>1. Introducci\u00f3n Bienvenido a&nbsp;BLUEDOG GENETICS. Al acceder a nuestro sitio web (https:\/\/bluedoggenetics.com) y realizar compras, aceptas cumplir con estos t\u00e9rminos y condiciones. Por favor, l\u00e9elos detenidamente antes de realizar cualquier pedido. 2. Edad Legal El acceso y la compra en este sitio est\u00e1n permitidos \u00fanicamente a mayores de edad seg\u00fan la legislaci\u00f3n de tu pa\u00eds [&hellip;]<\/p>\n","protected":false},"author":1,"featured_media":1765,"parent":0,"menu_order":0,"comment_status":"closed","ping_status":"closed","template":"","meta":{"_acf_changed":false,"inline_featured_image":false,"_wp_applaud_exclude":false,"footnotes":""},"class_list":["post-2026","page","type-page","status-publish","has-post-thumbnail","hentry"],"acf":[],"yoast_head":"<!-- This site is optimized with the Yoast SEO plugin v26.5 - https:\/\/yoast.com\/wordpress\/plugins\/seo\/ -->\n<title>T\u00e9rminos y condiciones - BLUEDOG GENETICS Seeds<\/title>\n<meta name=\"robots\" content=\"index, follow, max-snippet:-1, max-image-preview:large, max-video-preview:-1\" \/>\n<link rel=\"canonical\" href=\"https:\/\/bluedoggenetics.com\/en\/terms-and-conditions\/\" \/>\n<meta property=\"og:locale\" content=\"en_GB\" \/>\n<meta property=\"og:type\" content=\"article\" \/>\n<meta property=\"og:title\" content=\"T\u00e9rminos y condiciones - BLUEDOG GENETICS Seeds\" \/>\n<meta property=\"og:description\" content=\"1. Introducci\u00f3n Bienvenido a&nbsp;BLUEDOG GENETICS. Al acceder a nuestro sitio web (https:\/\/bluedoggenetics.com) y realizar compras, aceptas cumplir con estos t\u00e9rminos y condiciones. Por favor, l\u00e9elos detenidamente antes de realizar cualquier pedido. 2. Edad Legal El acceso y la compra en este sitio est\u00e1n permitidos \u00fanicamente a mayores de edad seg\u00fan la legislaci\u00f3n de tu pa\u00eds [&hellip;]\" \/>\n<meta property=\"og:url\" content=\"https:\/\/bluedoggenetics.com\/en\/terms-and-conditions\/\" \/>\n<meta property=\"og:site_name\" content=\"BLUEDOG GENETICS Seeds\" \/>\n<meta property=\"article:modified_time\" content=\"2024-12-02T12:41:19+00:00\" \/>\n<meta property=\"og:image\" content=\"https:\/\/bluedoggenetics.com\/wp-content\/uploads\/2024\/11\/appIcon.png\" \/>\n\t<meta property=\"og:image:width\" content=\"1024\" \/>\n\t<meta property=\"og:image:height\" content=\"1024\" \/>\n\t<meta property=\"og:image:type\" content=\"image\/png\" \/>\n<meta name=\"twitter:card\" content=\"summary_large_image\" \/>\n<meta name=\"twitter:label1\" content=\"Estimated reading time\" \/>\n\t<meta name=\"twitter:data1\" content=\"2 minutes\" \/>\n<script type=\"application\/ld+json\" class=\"yoast-schema-graph\">{\"@context\":\"https:\/\/schema.org\",\"@graph\":[{\"@type\":\"WebPage\",\"@id\":\"https:\/\/bluedoggenetics.com\/en\/terms-and-conditions\/\",\"url\":\"https:\/\/bluedoggenetics.com\/en\/terms-and-conditions\/\",\"name\":\"T\u00e9rminos y condiciones - BLUEDOG GENETICS Seeds\",\"isPartOf\":{\"@id\":\"https:\/\/bluedoggenetics.com\/de\/#website\"},\"primaryImageOfPage\":{\"@id\":\"https:\/\/bluedoggenetics.com\/en\/terms-and-conditions\/#primaryimage\"},\"image\":{\"@id\":\"https:\/\/bluedoggenetics.com\/en\/terms-and-conditions\/#primaryimage\"},\"thumbnailUrl\":\"https:\/\/bluedoggenetics.com\/wp-content\/uploads\/2024\/11\/appIcon.png\",\"datePublished\":\"2024-12-01T18:47:11+00:00\",\"dateModified\":\"2024-12-02T12:41:19+00:00\",\"breadcrumb\":{\"@id\":\"https:\/\/bluedoggenetics.com\/en\/terms-and-conditions\/#breadcrumb\"},\"inLanguage\":\"en-GB\",\"potentialAction\":[{\"@type\":\"ReadAction\",\"target\":[\"https:\/\/bluedoggenetics.com\/en\/terms-and-conditions\/\"]}]},{\"@type\":\"ImageObject\",\"inLanguage\":\"en-GB\",\"@id\":\"https:\/\/bluedoggenetics.com\/en\/terms-and-conditions\/#primaryimage\",\"url\":\"https:\/\/bluedoggenetics.com\/wp-content\/uploads\/2024\/11\/appIcon.png\",\"contentUrl\":\"https:\/\/bluedoggenetics.com\/wp-content\/uploads\/2024\/11\/appIcon.png\",\"width\":1024,\"height\":1024},{\"@type\":\"BreadcrumbList\",\"@id\":\"https:\/\/bluedoggenetics.com\/en\/terms-and-conditions\/#breadcrumb\",\"itemListElement\":[{\"@type\":\"ListItem\",\"position\":1,\"name\":\"Portada\",\"item\":\"https:\/\/bluedoggenetics.com\/\"},{\"@type\":\"ListItem\",\"position\":2,\"name\":\"T\u00e9rminos y condiciones\"}]},{\"@type\":\"WebSite\",\"@id\":\"https:\/\/bluedoggenetics.com\/de\/#website\",\"url\":\"https:\/\/bluedoggenetics.com\/de\/\",\"name\":\"BLUEDOG GENETICS Seeds\",\"description\":\"Compara y compra las mejores semillas de cannabis. Feminizadas, Autoflorecientes, CBD.\",\"publisher\":{\"@id\":\"https:\/\/bluedoggenetics.com\/de\/#organization\"},\"alternateName\":\"BLUEDOG GENETICS\",\"potentialAction\":[{\"@type\":\"SearchAction\",\"target\":{\"@type\":\"EntryPoint\",\"urlTemplate\":\"https:\/\/bluedoggenetics.com\/de\/?s={search_term_string}\"},\"query-input\":{\"@type\":\"PropertyValueSpecification\",\"valueRequired\":true,\"valueName\":\"search_term_string\"}}],\"inLanguage\":\"en-GB\"},{\"@type\":\"Organization\",\"@id\":\"https:\/\/bluedoggenetics.com\/de\/#organization\",\"name\":\"BLUEDOG GENETICS\",\"url\":\"https:\/\/bluedoggenetics.com\/de\/\",\"logo\":{\"@type\":\"ImageObject\",\"inLanguage\":\"en-GB\",\"@id\":\"https:\/\/bluedoggenetics.com\/de\/#\/schema\/logo\/image\/\",\"url\":\"https:\/\/bluedoggenetics.com\/wp-content\/uploads\/2024\/11\/appIcon.png\",\"contentUrl\":\"https:\/\/bluedoggenetics.com\/wp-content\/uploads\/2024\/11\/appIcon.png\",\"width\":1024,\"height\":1024,\"caption\":\"BLUEDOG GENETICS\"},\"image\":{\"@id\":\"https:\/\/bluedoggenetics.com\/de\/#\/schema\/logo\/image\/\"},\"sameAs\":[\"https:\/\/www.instagram.com\/bluedog.genetics\/\"]}]}<\/script>\n<!-- \/ Yoast SEO plugin. -->","yoast_head_json":{"title":"Terms and Conditions - BLUEDOG GENETICS Seeds","robots":{"index":"index","follow":"follow","max-snippet":"max-snippet:-1","max-image-preview":"max-image-preview:large","max-video-preview":"max-video-preview:-1"},"canonical":"https:\/\/bluedoggenetics.com\/en\/terms-and-conditions\/","og_locale":"en_GB","og_type":"article","og_title":"T\u00e9rminos y condiciones - BLUEDOG GENETICS Seeds","og_description":"1. Introducci\u00f3n Bienvenido a&nbsp;BLUEDOG GENETICS. Al acceder a nuestro sitio web (https:\/\/bluedoggenetics.com) y realizar compras, aceptas cumplir con estos t\u00e9rminos y condiciones. Por favor, l\u00e9elos detenidamente antes de realizar cualquier pedido. 2. Edad Legal El acceso y la compra en este sitio est\u00e1n permitidos \u00fanicamente a mayores de edad seg\u00fan la legislaci\u00f3n de tu pa\u00eds [&hellip;]","og_url":"https:\/\/bluedoggenetics.com\/en\/terms-and-conditions\/","og_site_name":"BLUEDOG GENETICS Seeds","article_modified_time":"2024-12-02T12:41:19+00:00","og_image":[{"width":1024,"height":1024,"url":"https:\/\/bluedoggenetics.com\/wp-content\/uploads\/2024\/11\/appIcon.png","type":"image\/png"}],"twitter_card":"summary_large_image","twitter_misc":{"Estimated reading time":"2 minutes"},"schema":{"@context":"https:\/\/schema.org","@graph":[{"@type":"WebPage","@id":"https:\/\/bluedoggenetics.com\/en\/terms-and-conditions\/","url":"https:\/\/bluedoggenetics.com\/en\/terms-and-conditions\/","name":"Terms and Conditions - BLUEDOG GENETICS Seeds","isPartOf":{"@id":"https:\/\/bluedoggenetics.com\/de\/#website"},"primaryImageOfPage":{"@id":"https:\/\/bluedoggenetics.com\/en\/terms-and-conditions\/#primaryimage"},"image":{"@id":"https:\/\/bluedoggenetics.com\/en\/terms-and-conditions\/#primaryimage"},"thumbnailUrl":"https:\/\/bluedoggenetics.com\/wp-content\/uploads\/2024\/11\/appIcon.png","datePublished":"2024-12-01T18:47:11+00:00","dateModified":"2024-12-02T12:41:19+00:00","breadcrumb":{"@id":"https:\/\/bluedoggenetics.com\/en\/terms-and-conditions\/#breadcrumb"},"inLanguage":"en-GB","potentialAction":[{"@type":"ReadAction","target":["https:\/\/bluedoggenetics.com\/en\/terms-and-conditions\/"]}]},{"@type":"ImageObject","inLanguage":"en-GB","@id":"https:\/\/bluedoggenetics.com\/en\/terms-and-conditions\/#primaryimage","url":"https:\/\/bluedoggenetics.com\/wp-content\/uploads\/2024\/11\/appIcon.png","contentUrl":"https:\/\/bluedoggenetics.com\/wp-content\/uploads\/2024\/11\/appIcon.png","width":1024,"height":1024},{"@type":"BreadcrumbList","@id":"https:\/\/bluedoggenetics.com\/en\/terms-and-conditions\/#breadcrumb","itemListElement":[{"@type":"ListItem","position":1,"name":"Portada","item":"https:\/\/bluedoggenetics.com\/"},{"@type":"ListItem","position":2,"name":"T\u00e9rminos y condiciones"}]},{"@type":"WebSite","@id":"https:\/\/bluedoggenetics.com\/de\/#website","url":"https:\/\/bluedoggenetics.com\/de\/","name":"BLUEDOG GENETICS Seeds","description":"Compare and buy the best cannabis seeds. Feminised, Autoflowering, CBD.","publisher":{"@id":"https:\/\/bluedoggenetics.com\/de\/#organization"},"alternateName":"BLUEDOG GENETICS","potentialAction":[{"@type":"SearchAction","target":{"@type":"EntryPoint","urlTemplate":"https:\/\/bluedoggenetics.com\/de\/?s={search_term_string}"},"query-input":{"@type":"PropertyValueSpecification","valueRequired":true,"valueName":"search_term_string"}}],"inLanguage":"en-GB"},{"@type":"Organization","@id":"https:\/\/bluedoggenetics.com\/de\/#organization","name":"BLUEDOG GENETICS","url":"https:\/\/bluedoggenetics.com\/de\/","logo":{"@type":"ImageObject","inLanguage":"en-GB","@id":"https:\/\/bluedoggenetics.com\/de\/#\/schema\/logo\/image\/","url":"https:\/\/bluedoggenetics.com\/wp-content\/uploads\/2024\/11\/appIcon.png","contentUrl":"https:\/\/bluedoggenetics.com\/wp-content\/uploads\/2024\/11\/appIcon.png","width":1024,"height":1024,"caption":"BLUEDOG GENETICS"},"image":{"@id":"https:\/\/bluedoggenetics.com\/de\/#\/schema\/logo\/image\/"},"sameAs":["https:\/\/www.instagram.com\/bluedog.genetics\/"]}]}},"jetpack_sharing_enabled":true,"_links":{"self":[{"href":"https:\/\/bluedoggenetics.com\/en\/wp-json\/wp\/v2\/pages\/2026","targetHints":{"allow":["GET"]}}],"collection":[{"href":"https:\/\/bluedoggenetics.com\/en\/wp-json\/wp\/v2\/pages"}],"about":[{"href":"https:\/\/bluedoggenetics.com\/en\/wp-json\/wp\/v2\/types\/page"}],"author":[{"embeddable":true,"href":"https:\/\/bluedoggenetics.com\/en\/wp-json\/wp\/v2\/users\/1"}],"replies":[{"embeddable":true,"href":"https:\/\/bluedoggenetics.com\/en\/wp-json\/wp\/v2\/comments?post=2026"}],"version-history":[{"count":0,"href":"https:\/\/bluedoggenetics.com\/en\/wp-json\/wp\/v2\/pages\/2026\/revisions"}],"wp:featuredmedia":[{"embeddable":true,"href":"https:\/\/bluedoggenetics.com\/en\/wp-json\/wp\/v2\/media\/1765"}],"wp:attachment":[{"href":"https:\/\/bluedoggenetics.com\/en\/wp-json\/wp\/v2\/media?parent=2026"}],"curies":[{"name":"wp","href":"https:\/\/api.w.org\/{rel}","templated":true}]}}