{"id":914,"date":"2024-10-10T22:34:33","date_gmt":"2024-10-10T20:34:33","guid":{"rendered":"https:\/\/bluedoggenetics.com\/?post_type=product&#038;p=914"},"modified":"2026-05-06T14:55:39","modified_gmt":"2026-05-06T12:55:39","slug":"runtz-auto-autoflowering-cannabissamen","status":"publish","type":"product","link":"https:\/\/bluedoggenetics.com\/de\/produkt\/samen\/autoflowering\/runtz-auto-autoflowering-cannabissamen\/","title":{"rendered":"Runtz Auto"},"content":{"rendered":"<p class=\"translation-block\"><span style=\"font-weight: 400\">Die <strong>Runtz Auto<\/strong>-Cannabissamen sind eine selbstbl\u00fchende Sorte, die Ruderalis, Indica (50 %) und Sativa (50 %) kombiniert. Mit einer Bl\u00fctezeit von nur 8 Wochen passen sich die Runtz Auto-Cannabissamen gut an warme Klimazonen an und sind f\u00fcr ihre starke Wirkung bekannt. Sie bieten <\/span><span style=\"font-weight: 400\">einen Ertrag von 450 bis 550 Gramm pro Quadratmeter im Innenbereich und 50 bis 150 Gramm pro Pflanze im Au\u00dfenbereich. Ihre THC-Werte liegen zwischen 20 % und 24 % und sorgen f\u00fcr ein perfektes Gleichgewicht zwischen Euphorie und Entspannung. Ihr Geschmacksprofil ist eine k\u00f6stliche Kombination aus s\u00fc\u00dfen Fr\u00fcchten, Zitrusnoten, tropischen Aromen und Geb\u00e4cknuancen, die ein angenehmes sensorisches Erlebnis schafft. Ideal f\u00fcr alle, die Angstzust\u00e4nde lindern, den Appetit anregen und fr\u00f6hliche sowie entspannte Momente genie\u00dfen m\u00f6chten, <\/span>Runtz Auto<span style=\"font-weight: 400\"> ist perfekt f\u00fcr einen schnellen und lohnenden Anbau.<\/span><\/p>\n<p class=\"translation-block\"><b>Aussehen der Bl\u00fcte.<\/b><span style=\"font-weight: 400\"> Die Bl\u00fcten von <\/span>Runtz Auto<span style=\"font-weight: 400\"><strong> sind kompakt und dicht, mit einer robusten Struktur<\/strong>, die ihr Gewicht gut tr\u00e4gt. Die Buds sind mittelgro\u00df und mit einer gro\u00dfz\u00fcgigen Schicht harziger Trichome \u00fcberzogen, die ihnen einen seidigen Glanz verleihen. Die vorherrschenden Farben sind lebendige Gr\u00fcnt\u00f6ne mit lila und rosa Nuancen, was ihnen ein exotisches und ansprechendes Aussehen verleiht. Beim Zerkleinern der Bl\u00fcten entfalten sich intensive Aromen von s\u00fc\u00dfen Fr\u00fcchten und Zitrusfr\u00fcchten sowie tropische und Geb\u00e4cknoten, die das Raucherlebnis besonders angenehm machen.<\/span><\/p>\n<p class=\"translation-block\"><b>Morphologie der Pflanze.<\/b> <span style=\"font-weight: 400\">Runtz Auto w\u00e4chst als <strong>kompakte und kleinw\u00fcchsige Pflanze<\/strong>, die in Innenr\u00e4umen eine H\u00f6he von 90 bis 120 cm und im Au\u00dfenbereich von 50 bis 80 cm erreicht. Ihre Struktur ist robust und gut ausbalanciert, mit starken Zweigen, die dichte Bl\u00fcten tragen. Die Bl\u00e4tter sind dunkelgr\u00fcn, mit einem kompakteren und weniger verzweigten Wachstum im Vergleich zu nicht-selbstbl\u00fchenden Sorten. Ihre F\u00e4higkeit, sich an verschiedene Umgebungen anzupassen, und ihr schneller Wachstumszyklus machen diese Sorte zu einer ausgezeichneten Wahl f\u00fcr kleine Anbaur\u00e4ume und f\u00fcr alle, die eine schnelle Ernte suchen.<\/span><\/p>\n<h3><b>Anbautipps<\/b><\/h3>\n<ul>\n<li style=\"font-weight: 400;\" aria-level=\"1\" class=\"translation-block\"><strong>Welches Klima ist ideal f\u00fcr den Anbau von Runtz Auto?<\/strong><br>\nRuntz Auto passt sich gut an warme und gem\u00e4\u00dfigte Klimazonen an. Dank ihrer autoflowering Genetik eignet sie sich auch f\u00fcr den Anbau auf Balkonen oder Terrassen, sofern sie ausreichend Sonnenlicht und Bel\u00fcftung erh\u00e4lt.<\/li>\n<li style=\"font-weight: 400;\" aria-level=\"1\" class=\"translation-block\"><strong>Quelles techniques d'entra\u00eenement fonctionnent le mieux avec Runtz Auto ?<\/strong><br>\nEn tant qu\u2019autoflorissante, elle ne n\u00e9cessite pas de taille apicale, mais elle r\u00e9agit bien au LST pour am\u00e9liorer la p\u00e9n\u00e9tration de la lumi\u00e8re sur toutes les branches. Sa structure compacte la rend id\u00e9ale pour les petits espaces.<\/li>\n<li style=\"font-weight: 400;\" aria-level=\"1\" class=\"translation-block\"><strong>Welche Art der D\u00fcngung ben\u00f6tigt Runtz Auto?<\/strong><br>\nIn der Wachstumsphase profitiert sie von einer leichten, stickstoffreichen Ern\u00e4hrung. W\u00e4hrend der Bl\u00fcte sollte man Phosphor und Kalium erh\u00f6hen, um Harzproduktion und Geschmack zu f\u00f6rdern. Eine \u00dcberd\u00fcngung ist zu vermeiden, um den kurzen Zyklus nicht zu belasten.<\/li>\n<li style=\"font-weight: 400;\" aria-level=\"1\" class=\"translation-block\"><strong>Wie sollten Bew\u00e4sserung und Luftfeuchtigkeit bei Runtz Auto gehandhabt werden?<\/strong><br>\nBew\u00e4ssere m\u00e4\u00dfig und lasse das Substrat zwischen den Gaben leicht austrocknen. W\u00e4hrend der Bl\u00fcte sollte die Luftfeuchtigkeit zwischen 40\u201350\u202f% gehalten werden, um Schimmel zu vermeiden und Terpene zu bewahren.<\/li>\n<li style=\"font-weight: 400;\" aria-level=\"1\" class=\"translation-block\"><strong>Ist es notwendig, die Runtz Auto Pflanze zu beschneiden?<\/strong><br>\nEin apikaler Schnitt wird nicht empfohlen. Bei Bedarf kann eine leichte Entlaubung die Luftzirkulation und Lichtdurchdringung verbessern. Halte den Stress minimal, um das schnelle Wachstum optimal zu nutzen.<\/li>\n<\/ul>","protected":false},"excerpt":{"rendered":"<p data-start=\"658\" data-end=\"997\"><strong data-start=\"658\" data-end=\"672\">Runtz Auto<\/strong> Es handelt sich um eine Autoflowering-Sorte auf hohem Niveau, die Kraft, Geschmack und Geschwindigkeit vereint. Mit bis zu 25 % THC und einem s\u00fc\u00dfen, fruchtigen Profil bieten diese selbstbl\u00fchenden Marihuanasamen Runtz Auto erstklassige Ernten in nur 9 Wochen. Ideal f\u00fcr Z\u00fcchter, die ber\u00fchmte Genetik mit schnellen Ergebnissen suchen.<\/p>","protected":false},"featured_media":2628,"template":"","meta":{"_acf_changed":false,"inline_featured_image":false,"_wp_applaud_exclude":false},"product_brand":[194],"product_cat":[21],"product_tag":[],"class_list":{"0":"post-914","1":"product","2":"type-product","3":"status-publish","4":"has-post-thumbnail","6":"product_brand-bluedog-genetics","7":"product_cat-autoflorecientes","8":"pa_altura-exterior-90-120","9":"pa_altura-interior-50-80","10":"pa_beneficios-terapeuticos-alivio-de-ansiedad","11":"pa_beneficios-terapeuticos-aumento-del-apetito","12":"pa_cantidad-pack-1","13":"pa_cantidad-pack-3","14":"pa_cantidad-pack-5","15":"pa_cantidad-pack-10","16":"pa_clima-calido","17":"pa_cosecha-exterior-50-150","18":"pa_cosecha-interior-450-550","19":"pa_efectos-destacables-alegre","20":"pa_efectos-destacables-conversador","21":"pa_efectos-destacables-euforico","22":"pa_efectos-destacables-munchies","23":"pa_efectos-destacables-relajado","24":"pa_efectos-destacables-risueno","25":"pa_floracion-131","26":"pa_genetica-50-50","27":"pa_olor-intenso","28":"pa_sabores-y-olores-afrutado","29":"pa_sabores-y-olores-citrico","30":"pa_sabores-y-olores-dulce","31":"pa_sabores-y-olores-tropical","32":"pa_thc-20-24","33":"pa_variedad-indica","34":"pa_variedad-sativa","36":"first","37":"instock","38":"taxable","39":"shipping-taxable","40":"purchasable","41":"product-type-variable"},"acf":{"sticker":"https:\/\/bluedoggenetics.com\/wp-content\/uploads\/2024\/10\/Runtz-Auto-Sticker.webp","family_tree":"<ul>\n<li><a href=\"https:\/\/seedfinder.eu\/es\/strain-info\/runtz-auto\/bluedog-genetics\" target=\"_blank\" rel=\"noopener\">Runtz Auto<\/a>\n<ul>\n<li><a href=\"https:\/\/seedfinder.eu\/es\/strain-info\/ruderalis\/original-strains\" target=\"_blank\" rel=\"noopener\">Unknown Ruderalis<\/a><\/li>\n<li><a href=\"https:\/\/seedfinder.eu\/es\/strain-info\/runtz\/unknown-or-legendary\" target=\"_blank\" rel=\"noopener\">Runtz<\/a>\n<ul>\n<li><a href=\"https:\/\/seedfinder.eu\/es\/strain-info\/zkittlez\/dying-breed-seeds\" target=\"_blank\" rel=\"noopener\">Zkittlez<\/a>\n<ul>\n<li>&#8211;\n<ul>\n<li><a href=\"https:\/\/seedfinder.eu\/es\/strain-info\/grape-ape\/apothecary-genetics\" target=\"_blank\" rel=\"noopener\">Grape Ape<\/a>\n<ul>\n<li><a href=\"https:\/\/seedfinder.eu\/es\/strain-info\/grand-daddy-purple\/unknown-or-legendary\" target=\"_blank\" rel=\"noopener\">Grand Daddy Purple (Grape Ape)<\/a><\/li>\n<\/ul>\n<\/li>\n<li><a href=\"https:\/\/seedfinder.eu\/es\/strain-info\/grapefruit\/clone-only-strains\" target=\"_blank\" rel=\"noopener\">Grapefruit<\/a>\n<ul>\n<li><a href=\"https:\/\/seedfinder.eu\/es\/strain-info\/indica-sativa\/original-strains\" target=\"_blank\" rel=\"noopener\">Unknown Hybrid<\/a><\/li>\n<\/ul>\n<\/li>\n<\/ul>\n<\/li>\n<li><a href=\"https:\/\/seedfinder.eu\/es\/strain-info\/unknown-strain\/original-strains\" target=\"_blank\" rel=\"noopener\">Unknown Strain<\/a><\/li>\n<\/ul>\n<\/li>\n<li><a href=\"https:\/\/seedfinder.eu\/es\/strain-info\/gelato\/unknown-or-legendary\" target=\"_blank\" rel=\"noopener\">Gelato<\/a>\n<ul>\n<li><a href=\"https:\/\/seedfinder.eu\/es\/strain-info\/gelato\/sherbinskis\" target=\"_blank\" rel=\"noopener\">Gelato<\/a>\n<ul>\n<li><a href=\"https:\/\/seedfinder.eu\/es\/strain-info\/sunset-sherbert\/unknown-or-legendary\" target=\"_blank\" rel=\"noopener\">Sunset Sherbet<\/a><\/li>\n<li><a href=\"https:\/\/seedfinder.eu\/es\/strain-info\/gsc-thin-mints\/clone-only-strains\" target=\"_blank\" rel=\"noopener\">Thin Mint Cookies<\/a><\/li>\n<\/ul>\n<\/li>\n<\/ul>\n<\/li>\n<\/ul>\n<\/li>\n<\/ul>\n<\/li>\n<\/ul>\n"},"yoast_head":"<!-- This site is optimized with the Yoast SEO plugin v26.5 - https:\/\/yoast.com\/wordpress\/plugins\/seo\/ -->\n<title>Runtz Auto - Semillas de Marihuana Runtz Auto Autoflorecientes | BLUEDOG GENETICS Seeds<\/title>\n<meta name=\"description\" content=\"Runtz Auto: semillas de marihuana autoflorecientes con sabor dulce y potente efecto h\u00edbrido. Hasta 25% de THC y cosechas r\u00e1pidas en interior o exterior.\" \/>\n<meta name=\"robots\" content=\"index, follow, max-snippet:-1, max-image-preview:large, max-video-preview:-1\" \/>\n<link rel=\"canonical\" href=\"https:\/\/bluedoggenetics.com\/de\/produkt\/autoflowering\/runtz-auto-autoflowering-cannabissamen\/\" \/>\n<meta property=\"og:locale\" content=\"de_DE\" \/>\n<meta property=\"og:type\" content=\"article\" \/>\n<meta property=\"og:title\" content=\"Runtz Auto - Semillas de Marihuana Runtz Auto Autoflorecientes | BLUEDOG GENETICS Seeds\" \/>\n<meta property=\"og:description\" content=\"Runtz Auto: semillas de marihuana autoflorecientes con sabor dulce y potente efecto h\u00edbrido. Hasta 25% de THC y cosechas r\u00e1pidas en interior o exterior.\" \/>\n<meta property=\"og:url\" content=\"https:\/\/bluedoggenetics.com\/de\/produkt\/autoflowering\/runtz-auto-autoflowering-cannabissamen\/\" \/>\n<meta property=\"og:site_name\" content=\"BLUEDOG GENETICS Seeds\" \/>\n<meta property=\"article:modified_time\" content=\"2026-05-06T12:55:39+00:00\" \/>\n<meta property=\"og:image\" content=\"https:\/\/bluedoggenetics.com\/wp-content\/uploads\/2024\/10\/Rutz-Auto-Bluedog-Genetics_11zon.webp\" \/>\n\t<meta property=\"og:image:width\" content=\"1536\" \/>\n\t<meta property=\"og:image:height\" content=\"1024\" \/>\n\t<meta property=\"og:image:type\" content=\"image\/webp\" \/>\n<meta name=\"twitter:card\" content=\"summary_large_image\" \/>\n<meta name=\"twitter:label1\" content=\"Gesch\u00e4tzte Lesezeit\" \/>\n\t<meta name=\"twitter:data1\" content=\"3\u00a0Minuten\" \/>\n<script type=\"application\/ld+json\" class=\"yoast-schema-graph\">{\"@context\":\"https:\/\/schema.org\",\"@graph\":[{\"@type\":[\"WebPage\",\"ItemPage\"],\"@id\":\"https:\/\/bluedoggenetics.com\/producto\/autoflorecientes\/semillas-de-marihuana-runtz-auto-autoflorecientes\/\",\"url\":\"https:\/\/bluedoggenetics.com\/producto\/autoflorecientes\/semillas-de-marihuana-runtz-auto-autoflorecientes\/\",\"name\":\"Runtz Auto - Semillas de Marihuana Runtz Auto Autoflorecientes | BLUEDOG GENETICS Seeds\",\"isPartOf\":{\"@id\":\"https:\/\/bluedoggenetics.com\/de\/#website\"},\"primaryImageOfPage\":{\"@id\":\"https:\/\/bluedoggenetics.com\/producto\/autoflorecientes\/semillas-de-marihuana-runtz-auto-autoflorecientes\/#primaryimage\"},\"image\":{\"@id\":\"https:\/\/bluedoggenetics.com\/producto\/autoflorecientes\/semillas-de-marihuana-runtz-auto-autoflorecientes\/#primaryimage\"},\"thumbnailUrl\":\"https:\/\/bluedoggenetics.com\/wp-content\/uploads\/2024\/10\/Rutz-Auto-Bluedog-Genetics_11zon.webp\",\"datePublished\":\"2024-10-10T20:34:33+00:00\",\"dateModified\":\"2026-05-06T12:55:39+00:00\",\"description\":\"Runtz Auto: semillas de marihuana autoflorecientes con sabor dulce y potente efecto h\u00edbrido. Hasta 25% de THC y cosechas r\u00e1pidas en interior o exterior.\",\"breadcrumb\":{\"@id\":\"https:\/\/bluedoggenetics.com\/producto\/autoflorecientes\/semillas-de-marihuana-runtz-auto-autoflorecientes\/#breadcrumb\"},\"inLanguage\":\"de\",\"potentialAction\":[{\"@type\":\"ReadAction\",\"target\":[\"https:\/\/bluedoggenetics.com\/producto\/autoflorecientes\/semillas-de-marihuana-runtz-auto-autoflorecientes\/\"]}]},{\"@type\":\"ImageObject\",\"inLanguage\":\"de\",\"@id\":\"https:\/\/bluedoggenetics.com\/producto\/autoflorecientes\/semillas-de-marihuana-runtz-auto-autoflorecientes\/#primaryimage\",\"url\":\"https:\/\/bluedoggenetics.com\/wp-content\/uploads\/2024\/10\/Rutz-Auto-Bluedog-Genetics_11zon.webp\",\"contentUrl\":\"https:\/\/bluedoggenetics.com\/wp-content\/uploads\/2024\/10\/Rutz-Auto-Bluedog-Genetics_11zon.webp\",\"width\":1536,\"height\":1024,\"caption\":\"Runtz Auto en floracion\"},{\"@type\":\"BreadcrumbList\",\"@id\":\"https:\/\/bluedoggenetics.com\/producto\/autoflorecientes\/semillas-de-marihuana-runtz-auto-autoflorecientes\/#breadcrumb\",\"itemListElement\":[{\"@type\":\"ListItem\",\"position\":1,\"name\":\"Portada\",\"item\":\"https:\/\/bluedoggenetics.com\/\"},{\"@type\":\"ListItem\",\"position\":2,\"name\":\"Tienda\",\"item\":\"https:\/\/bluedoggenetics.com\/fr\/tienda\/\"},{\"@type\":\"ListItem\",\"position\":3,\"name\":\"Runtz Auto\"}]},{\"@type\":\"WebSite\",\"@id\":\"https:\/\/bluedoggenetics.com\/de\/#website\",\"url\":\"https:\/\/bluedoggenetics.com\/de\/\",\"name\":\"BLUEDOG GENETICS Seeds\",\"description\":\"Compara y compra las mejores semillas de cannabis. Feminizadas, Autoflorecientes, CBD.\",\"publisher\":{\"@id\":\"https:\/\/bluedoggenetics.com\/de\/#organization\"},\"alternateName\":\"BLUEDOG GENETICS\",\"potentialAction\":[{\"@type\":\"SearchAction\",\"target\":{\"@type\":\"EntryPoint\",\"urlTemplate\":\"https:\/\/bluedoggenetics.com\/de\/?s={search_term_string}\"},\"query-input\":{\"@type\":\"PropertyValueSpecification\",\"valueRequired\":true,\"valueName\":\"search_term_string\"}}],\"inLanguage\":\"de\"},{\"@type\":\"Organization\",\"@id\":\"https:\/\/bluedoggenetics.com\/de\/#organization\",\"name\":\"BLUEDOG GENETICS\",\"url\":\"https:\/\/bluedoggenetics.com\/de\/\",\"logo\":{\"@type\":\"ImageObject\",\"inLanguage\":\"de\",\"@id\":\"https:\/\/bluedoggenetics.com\/de\/#\/schema\/logo\/image\/\",\"url\":\"https:\/\/bluedoggenetics.com\/wp-content\/uploads\/2024\/11\/appIcon.png\",\"contentUrl\":\"https:\/\/bluedoggenetics.com\/wp-content\/uploads\/2024\/11\/appIcon.png\",\"width\":1024,\"height\":1024,\"caption\":\"BLUEDOG GENETICS\"},\"image\":{\"@id\":\"https:\/\/bluedoggenetics.com\/de\/#\/schema\/logo\/image\/\"},\"sameAs\":[\"https:\/\/www.instagram.com\/bluedog.genetics\/\"]}]}<\/script>\n<!-- \/ Yoast SEO plugin. -->","yoast_head_json":{"title":"Runtz Auto \u2013 Autoflowering Runtz Cannabissamen | BLUEDOG GENETICS Seeds","description":"Runtz Auto: autoflowering Cannabissamen mit s\u00fc\u00dfem Geschmack und starkem Hybrideffekt. Bis zu 25\u202f% THC und schnelle Ernten drinnen oder drau\u00dfen.","robots":{"index":"index","follow":"follow","max-snippet":"max-snippet:-1","max-image-preview":"max-image-preview:large","max-video-preview":"max-video-preview:-1"},"canonical":"https:\/\/bluedoggenetics.com\/de\/produkt\/autoflowering\/runtz-auto-autoflowering-cannabissamen\/","og_locale":"de_DE","og_type":"article","og_title":"Runtz Auto - Semillas de Marihuana Runtz Auto Autoflorecientes | BLUEDOG GENETICS Seeds","og_description":"Runtz Auto: semillas de marihuana autoflorecientes con sabor dulce y potente efecto h\u00edbrido. Hasta 25% de THC y cosechas r\u00e1pidas en interior o exterior.","og_url":"https:\/\/bluedoggenetics.com\/de\/produkt\/autoflowering\/runtz-auto-autoflowering-cannabissamen\/","og_site_name":"BLUEDOG GENETICS Seeds","article_modified_time":"2026-05-06T12:55:39+00:00","og_image":[{"width":1536,"height":1024,"url":"https:\/\/bluedoggenetics.com\/wp-content\/uploads\/2024\/10\/Rutz-Auto-Bluedog-Genetics_11zon.webp","type":"image\/webp"}],"twitter_card":"summary_large_image","twitter_misc":{"Gesch\u00e4tzte Lesezeit":"3\u00a0Minuten"},"schema":{"@context":"https:\/\/schema.org","@graph":[{"@type":["WebPage","ItemPage"],"@id":"https:\/\/bluedoggenetics.com\/producto\/autoflorecientes\/semillas-de-marihuana-runtz-auto-autoflorecientes\/","url":"https:\/\/bluedoggenetics.com\/producto\/autoflorecientes\/semillas-de-marihuana-runtz-auto-autoflorecientes\/","name":"Runtz Auto \u2013 Autoflowering Runtz Cannabissamen | BLUEDOG GENETICS Seeds","isPartOf":{"@id":"https:\/\/bluedoggenetics.com\/de\/#website"},"primaryImageOfPage":{"@id":"https:\/\/bluedoggenetics.com\/producto\/autoflorecientes\/semillas-de-marihuana-runtz-auto-autoflorecientes\/#primaryimage"},"image":{"@id":"https:\/\/bluedoggenetics.com\/producto\/autoflorecientes\/semillas-de-marihuana-runtz-auto-autoflorecientes\/#primaryimage"},"thumbnailUrl":"https:\/\/bluedoggenetics.com\/wp-content\/uploads\/2024\/10\/Rutz-Auto-Bluedog-Genetics_11zon.webp","datePublished":"2024-10-10T20:34:33+00:00","dateModified":"2026-05-06T12:55:39+00:00","description":"Runtz Auto: autoflowering Cannabissamen mit s\u00fc\u00dfem Geschmack und starkem Hybrideffekt. Bis zu 25\u202f% THC und schnelle Ernten drinnen oder drau\u00dfen.","breadcrumb":{"@id":"https:\/\/bluedoggenetics.com\/producto\/autoflorecientes\/semillas-de-marihuana-runtz-auto-autoflorecientes\/#breadcrumb"},"inLanguage":"de","potentialAction":[{"@type":"ReadAction","target":["https:\/\/bluedoggenetics.com\/producto\/autoflorecientes\/semillas-de-marihuana-runtz-auto-autoflorecientes\/"]}]},{"@type":"ImageObject","inLanguage":"de","@id":"https:\/\/bluedoggenetics.com\/producto\/autoflorecientes\/semillas-de-marihuana-runtz-auto-autoflorecientes\/#primaryimage","url":"https:\/\/bluedoggenetics.com\/wp-content\/uploads\/2024\/10\/Rutz-Auto-Bluedog-Genetics_11zon.webp","contentUrl":"https:\/\/bluedoggenetics.com\/wp-content\/uploads\/2024\/10\/Rutz-Auto-Bluedog-Genetics_11zon.webp","width":1536,"height":1024,"caption":"Runtz Auto en floracion"},{"@type":"BreadcrumbList","@id":"https:\/\/bluedoggenetics.com\/producto\/autoflorecientes\/semillas-de-marihuana-runtz-auto-autoflorecientes\/#breadcrumb","itemListElement":[{"@type":"ListItem","position":1,"name":"Portada","item":"https:\/\/bluedoggenetics.com\/"},{"@type":"ListItem","position":2,"name":"Tienda","item":"https:\/\/bluedoggenetics.com\/fr\/tienda\/"},{"@type":"ListItem","position":3,"name":"Runtz Auto"}]},{"@type":"WebSite","@id":"https:\/\/bluedoggenetics.com\/de\/#website","url":"https:\/\/bluedoggenetics.com\/de\/","name":"BLUEDOG GENETICS Seeds","description":"Vergleiche und kaufe die besten Hanfsamen. Feminisiert, Autoflowering, CBD.","publisher":{"@id":"https:\/\/bluedoggenetics.com\/de\/#organization"},"alternateName":"BLUEDOG GENETICS","potentialAction":[{"@type":"SearchAction","target":{"@type":"EntryPoint","urlTemplate":"https:\/\/bluedoggenetics.com\/de\/?s={search_term_string}"},"query-input":{"@type":"PropertyValueSpecification","valueRequired":true,"valueName":"search_term_string"}}],"inLanguage":"de"},{"@type":"Organization","@id":"https:\/\/bluedoggenetics.com\/de\/#organization","name":"BLUEDOG GENETICS","url":"https:\/\/bluedoggenetics.com\/de\/","logo":{"@type":"ImageObject","inLanguage":"de","@id":"https:\/\/bluedoggenetics.com\/de\/#\/schema\/logo\/image\/","url":"https:\/\/bluedoggenetics.com\/wp-content\/uploads\/2024\/11\/appIcon.png","contentUrl":"https:\/\/bluedoggenetics.com\/wp-content\/uploads\/2024\/11\/appIcon.png","width":1024,"height":1024,"caption":"BLUEDOG GENETICS"},"image":{"@id":"https:\/\/bluedoggenetics.com\/de\/#\/schema\/logo\/image\/"},"sameAs":["https:\/\/www.instagram.com\/bluedog.genetics\/"]}]}},"sticker_url":"https:\/\/bluedoggenetics.com\/wp-content\/uploads\/2024\/10\/Runtz-Auto-Sticker.webp","variations_full":[{"id":915,"price":7.5,"regular_price":7.5,"attributes":{"attribute_pa_cantidad":"pack-1"},"image_src":"https:\/\/bluedoggenetics.com\/wp-content\/uploads\/2024\/10\/Rutz-Auto-Bluedog-Genetics_11zon-600x400.webp","is_in_stock":true},{"id":917,"price":20.2,"regular_price":20.2,"attributes":{"attribute_pa_cantidad":"pack-3"},"image_src":"https:\/\/bluedoggenetics.com\/wp-content\/uploads\/2024\/10\/Rutz-Auto-Bluedog-Genetics_11zon-600x400.webp","is_in_stock":true},{"id":918,"price":29.9,"regular_price":29.9,"attributes":{"attribute_pa_cantidad":"pack-5"},"image_src":"https:\/\/bluedoggenetics.com\/wp-content\/uploads\/2024\/10\/Rutz-Auto-Bluedog-Genetics_11zon-600x400.webp","is_in_stock":true},{"id":916,"price":52.4,"regular_price":52.4,"attributes":{"attribute_pa_cantidad":"pack-10"},"image_src":"https:\/\/bluedoggenetics.com\/wp-content\/uploads\/2024\/10\/Rutz-Auto-Bluedog-Genetics_11zon-600x400.webp","is_in_stock":true}],"jetpack_sharing_enabled":true,"_links":{"self":[{"href":"https:\/\/bluedoggenetics.com\/de\/wp-json\/wp\/v2\/product\/914","targetHints":{"allow":["GET"]}}],"collection":[{"href":"https:\/\/bluedoggenetics.com\/de\/wp-json\/wp\/v2\/product"}],"about":[{"href":"https:\/\/bluedoggenetics.com\/de\/wp-json\/wp\/v2\/types\/product"}],"wp:featuredmedia":[{"embeddable":true,"href":"https:\/\/bluedoggenetics.com\/de\/wp-json\/wp\/v2\/media\/2628"}],"wp:attachment":[{"href":"https:\/\/bluedoggenetics.com\/de\/wp-json\/wp\/v2\/media?parent=914"}],"wp:term":[{"taxonomy":"product_brand","embeddable":true,"href":"https:\/\/bluedoggenetics.com\/de\/wp-json\/wp\/v2\/product_brand?post=914"},{"taxonomy":"product_cat","embeddable":true,"href":"https:\/\/bluedoggenetics.com\/de\/wp-json\/wp\/v2\/product_cat?post=914"},{"taxonomy":"product_tag","embeddable":true,"href":"https:\/\/bluedoggenetics.com\/de\/wp-json\/wp\/v2\/product_tag?post=914"}],"curies":[{"name":"wp","href":"https:\/\/api.w.org\/{rel}","templated":true}]}}