{"id":653,"date":"2024-10-01T17:17:52","date_gmt":"2024-10-01T15:17:52","guid":{"rendered":"https:\/\/bluedoggenetics.com\/?post_type=product&#038;p=653"},"modified":"2026-05-06T14:55:42","modified_gmt":"2026-05-06T12:55:42","slug":"purple-rain-auto-autoflowering-cannabissamen","status":"publish","type":"product","link":"https:\/\/bluedoggenetics.com\/de\/produkt\/samen\/autoflowering\/purple-rain-auto-autoflowering-cannabissamen\/","title":{"rendered":"Purple Rain Auto"},"content":{"rendered":"<p class=\"translation-block\">Die <strong>selbstbl\u00fchenden Purple Rain-Samen<\/strong> sind eine zu 70 % Indica-dominante Sorte mit einer Bl\u00fctezeit von 9 Wochen. Diese Sorte passt sich gut an k\u00fchleres Klima an und bietet eine lohnende Anbauerfahrung. Purple Rain Auto liefert zwischen 350 und 450 Gramm pro Quadratmeter im Innenbereich, <strong>w\u00e4hrend<\/strong> im Au\u00dfenbereich Ertr\u00e4ge zwischen 50 und 150 Gramm pro Pflanze m\u00f6glich sind. Ihre THC-Werte liegen zwischen 18 % und 22 %, was ein perfektes Gleichgewicht zwischen entspannenden und beruhigenden Effekten bietet. Ihr Geschmacksprofil zeichnet sich durch <strong>s\u00fc\u00dfe und fruchtige Noten, vor allem von Trauben und Beeren,<\/strong> sowie einen cremigen Hauch aus, der ein k\u00f6stliches Geschmackserlebnis bietet. Ideal f\u00fcr alle, die Schmerzen lindern, den Appetit anregen und eine tiefe Entspannung genie\u00dfen m\u00f6chten, ist Purple Rain Auto perfekt f\u00fcr Momente der Ruhe und des Genusses.<\/p>\n<p class=\"translation-block\"><b>Aussehen der Bl\u00fcte.<\/b> Die Bl\u00fcten von Purple Rain Auto sind kompakt und attraktiv, mit mittelgro\u00dfen Buds, die eine solide Struktur aufweisen. Die dominierende Farbe ist ein <strong>tiefes Lila mit purpurfarbenen und lilafarbenen Nuancen,<\/strong> was ihnen ein lebendiges und exotisches Aussehen verleiht. Die Buds sind mit einer gro\u00dfz\u00fcgigen Schicht harziger Trichome \u00fcberzogen, die ihnen einen weichen und klebrigen Glanz verleihen. Beim Zerkleinern verstr\u00f6men sie ein intensives, s\u00fc\u00dfes Aroma von Trauben und Beeren, mit einem cremigen Hauch, der das Dufterlebnis bereichert.<\/p>\n<p class=\"translation-block\"><b>Morphologie der Pflanze.<\/b> Purple Rain Auto w\u00e4chst als <strong>kleine und kompakte Pflanze<\/strong> und erreicht eine H\u00f6he von 50 bis 80 cm sowohl im Innen- als auch im Au\u00dfenbereich. Ihre Struktur ist robust und gut ausbalanciert, mit starken Zweigen, die dichte und gut geformte Bl\u00fcten tragen. Die Bl\u00e4tter sind tief dunkelgr\u00fcn und bilden einen sch\u00f6nen Kontrast zu den lebhaften Farben der Bl\u00fcten. Ihre F\u00e4higkeit, sich an k\u00fchleres Klima anzupassen, und ihre kompakte Gr\u00f6\u00dfe machen sie ideal f\u00fcr kleine Anbaur\u00e4ume. Sie ist perfekt f\u00fcr alle, die eine schnelle Ernte auf begrenztem Raum suchen, ohne Kompromisse bei der Qualit\u00e4t einzugehen.<\/p>\n<p><b>Anbautipps<\/b><\/p>\n<ul>\n<li style=\"font-weight: 400;\" class=\"translation-block\"><strong>Welches Klima ist ideal f\u00fcr den Anbau von Purple Rain Auto?<\/strong><br>\nPurple Rain Auto passt sich optimal an gem\u00e4\u00dfigte und warme Klimazonen mit guter Sonneneinstrahlung an. Dank ihres schnellen Zyklus eignet sie sich auch f\u00fcr Gegenden mit kurzen Sommern oder diskrete urbane Grows wie Terrassen und Balkone.<\/li>\n<li style=\"font-weight: 400;\" class=\"translation-block\"><strong>Welche Trainingstechniken funktionieren am besten mit Purple Rain Auto?<\/strong><br>\nAls autoflowering Sorte wird ein apikaler Schnitt nicht empfohlen. Sie spricht jedoch sehr gut auf LST (Low Stress Training) an, um die Lichtverteilung zu verbessern, ohne das Wachstum zu st\u00f6ren. Ideal f\u00fcr kleine R\u00e4ume.<\/li>\n<li style=\"font-weight: 400;\" class=\"translation-block\"><strong>Welche Art der D\u00fcngung ben\u00f6tigt Purple Rain Auto?<\/strong><br>\nIn der Wachstumsphase profitiert sie von einer leichten, stickstoffreichen Ern\u00e4hrung. W\u00e4hrend der Bl\u00fctephase f\u00f6rdert ein phosphor- und kaliumreicher D\u00fcnger die Bl\u00fctenbildung. Aufgrund ihres kurzen Zyklus ist es wichtig, nicht zu \u00fcberd\u00fcngen oder die N\u00e4hrstoffe zu sp\u00e4t zu geben.<\/li>\n<li style=\"font-weight: 400;\" class=\"translation-block\"><strong>Wie sollten Bew\u00e4sserung und Luftfeuchtigkeit bei Purple Rain Auto gehandhabt werden?<\/strong><br>\nSie ben\u00f6tigt eine moderate Bew\u00e4sserung, wobei das Substrat zwischen den Gaben leicht austrocknen sollte. W\u00e4hrend der Bl\u00fcte ist es wichtig, die Luftfeuchtigkeit bei 40\u201350\u202f% zu halten, um Schimmel zu vermeiden und die Trichome zu sch\u00fctzen.<\/li>\n<li style=\"font-weight: 400;\" class=\"translation-block\"><strong>Ist es notwendig, die Purple Rain Auto Pflanze zu beschneiden?<\/strong><br>\nEin apikaler Schnitt wird bei Autoflowering-Pflanzen nicht empfohlen. Stattdessen kann eine leichte Entlaubung helfen, die Luftzirkulation oder Lichtdurchdringung zu verbessern. Stressfreiheit ist entscheidend, um den kurzen Lebenszyklus optimal zu nutzen.<\/li>\n<\/ul>","protected":false},"excerpt":{"rendered":"<p>Die selbstbl\u00fchenden Purple Rain Auto-Samen bieten einen s\u00fc\u00dfen Geschmack, der Trauben und Beeren mit einer cremigen Note kombiniert. Diese Samen sind perfekt f\u00fcr alle, die fruchtige Aromen und entspannende Effekte suchen, ideal, um den Appetit anzuregen.<\/p>\n<p>&nbsp;<\/p>","protected":false},"featured_media":2627,"template":"","meta":{"_acf_changed":false,"inline_featured_image":false,"_wp_applaud_exclude":false},"product_brand":[194],"product_cat":[21],"product_tag":[],"class_list":{"0":"post-653","1":"product","2":"type-product","3":"status-publish","4":"has-post-thumbnail","6":"product_brand-bluedog-genetics","7":"product_cat-autoflorecientes","8":"pa_altura-exterior-50-80","9":"pa_altura-interior-50-80","10":"pa_beneficios-terapeuticos-alivio-del-dolor","11":"pa_beneficios-terapeuticos-aumento-del-apetito","12":"pa_beneficios-terapeuticos-ayuda-para-dormir","13":"pa_cantidad-pack-1","14":"pa_cantidad-pack-10","15":"pa_cantidad-pack-3","16":"pa_cantidad-pack-5","17":"pa_clima-fresco","18":"pa_cosecha-exterior-50-150","19":"pa_cosecha-interior-350-450","20":"pa_efectos-destacables-adormecido","21":"pa_efectos-destacables-munchies","22":"pa_efectos-destacables-relajado","23":"pa_floracion-129","24":"pa_genetica-70-30","25":"pa_olor-suave","26":"pa_sabores-y-olores-afrutado","27":"pa_sabores-y-olores-bayas","28":"pa_sabores-y-olores-cremoso","29":"pa_sabores-y-olores-dulce","30":"pa_sabores-y-olores-uva","31":"pa_thc-18-22","32":"pa_variedad-indica","33":"pa_variedad-sativa","35":"first","36":"outofstock","37":"taxable","38":"shipping-taxable","39":"purchasable","40":"product-type-variable"},"acf":{"sticker":"https:\/\/bluedoggenetics.com\/wp-content\/uploads\/2024\/10\/Purple-Rain-Auto-Sticker.webp","family_tree":"<ul>\n<li><a href=\"https:\/\/seedfinder.eu\/en\/strain-info\/purple-rain-auto\/bluedog-genetics\" target=\"_blank\" rel=\"noopener\">Purple Rain Auto<\/a>\n<ul>\n<li><a href=\"https:\/\/seedfinder.eu\/en\/strain-info\/ruderalis\/original-strains\" target=\"_blank\" rel=\"noopener\">Unknown Ruderalis<\/a><\/li>\n<li><a href=\"https:\/\/seedfinder.eu\/en\/strain-info\/purple-rain\/smoke-a-lot-seeds\" target=\"_blank\" rel=\"noopener\">Purple Rain<\/a>\n<ul>\n<li>&#8211;\n<ul>\n<li><a href=\"https:\/\/seedfinder.eu\/en\/strain-info\/pakistan-chitral-kush\/ace-seeds\" target=\"_blank\" rel=\"noopener\">Pakistan Chitral Kush (Purple)<\/a>\n<ul>\n<li><a href=\"https:\/\/seedfinder.eu\/en\/strain-info\/pakistan-chitral-kush\/cannabiogen\" target=\"_blank\" rel=\"noopener\">Pakistan Chitral Kush<\/a>\n<ul>\n<li><a href=\"https:\/\/seedfinder.eu\/en\/strain-info\/pakistan-indica\/original-strains\" target=\"_blank\" rel=\"noopener\">Pakistan (Chitral)<\/a><\/li>\n<\/ul>\n<\/li>\n<\/ul>\n<\/li>\n<li><a href=\"https:\/\/seedfinder.eu\/en\/strain-info\/china-yunnan\/ace-seeds\" target=\"_blank\" rel=\"noopener\">China Yunnan<\/a>\n<ul>\n<li><a href=\"https:\/\/seedfinder.eu\/en\/strain-info\/china-mostly-indica\/original-strains\" target=\"_blank\" rel=\"noopener\">China (Yunnan)<\/a>\n<ul>\n<li><a href=\"https:\/\/seedfinder.eu\/en\/strain-info\/mostly-indica\/original-strains\" target=\"_blank\" rel=\"noopener\">Mostly Indica<\/a><\/li>\n<\/ul>\n<\/li>\n<\/ul>\n<\/li>\n<\/ul>\n<\/li>\n<li><a href=\"https:\/\/seedfinder.eu\/en\/strain-info\/godzilla-grape\/smoke-a-lot-seeds\" target=\"_blank\" rel=\"noopener\">Godzilla Grape<\/a>\n<ul>\n<li><a href=\"https:\/\/seedfinder.eu\/en\/strain-info\/god\/clone-only-strains\" target=\"_blank\" rel=\"noopener\">God<\/a>\n<ul>\n<li><a href=\"https:\/\/seedfinder.eu\/en\/strain-info\/unknown-strain\/original-strains\" target=\"_blank\" rel=\"noopener\">Unknown Strain, Kanada<\/a><\/li>\n<\/ul>\n<\/li>\n<li><a href=\"https:\/\/seedfinder.eu\/en\/strain-info\/legends-ultimate-indica\/spice-of-life-seeds\" target=\"_blank\" rel=\"noopener\">L.U.I.<\/a>\n<ul>\n<li><a href=\"https:\/\/seedfinder.eu\/en\/strain-info\/ortega\/unknown-or-legendary\" target=\"_blank\" rel=\"noopener\">Ortega<\/a><\/li>\n<li><a href=\"https:\/\/seedfinder.eu\/en\/strain-info\/sweet-tooth\/spice-of-life-seeds\" target=\"_blank\" rel=\"noopener\">Sweet Tooth (backcross: BX2)<\/a><\/li>\n<\/ul>\n<\/li>\n<\/ul>\n<\/li>\n<\/ul>\n<\/li>\n<\/ul>\n<\/li>\n<\/ul>\n"},"yoast_head":"<!-- This site is optimized with the Yoast SEO plugin v26.5 - https:\/\/yoast.com\/wordpress\/plugins\/seo\/ -->\n<title>Purple Rain Auto - Semillas Autoflorecientes con Sabor Dulce | BLUEDOG GENETICS Seeds<\/title>\n<meta name=\"description\" content=\"Descubre las semillas autoflorecientes Purple Rain, ideales para cultivos r\u00e1pidos y espacios reducidos. Dale un toque de color a tu jardin\" \/>\n<meta name=\"robots\" content=\"index, follow, max-snippet:-1, max-image-preview:large, max-video-preview:-1\" \/>\n<link rel=\"canonical\" href=\"https:\/\/bluedoggenetics.com\/de\/produkt\/autoflowering\/purple-rain-auto-autoflowering-cannabissamen\/\" \/>\n<meta property=\"og:locale\" content=\"de_DE\" \/>\n<meta property=\"og:type\" content=\"article\" \/>\n<meta property=\"og:title\" content=\"Purple Rain Auto - Semillas Autoflorecientes con Sabor Dulce | BLUEDOG GENETICS Seeds\" \/>\n<meta property=\"og:description\" content=\"Descubre las semillas autoflorecientes Purple Rain, ideales para cultivos r\u00e1pidos y espacios reducidos. Dale un toque de color a tu jardin\" \/>\n<meta property=\"og:url\" content=\"https:\/\/bluedoggenetics.com\/de\/produkt\/autoflowering\/purple-rain-auto-autoflowering-cannabissamen\/\" \/>\n<meta property=\"og:site_name\" content=\"BLUEDOG GENETICS Seeds\" \/>\n<meta property=\"article:modified_time\" content=\"2026-05-06T12:55:42+00:00\" \/>\n<meta property=\"og:image\" content=\"https:\/\/bluedoggenetics.com\/wp-content\/uploads\/2024\/10\/Purple-Rain-Auto_11zon.webp\" \/>\n\t<meta property=\"og:image:width\" content=\"1536\" \/>\n\t<meta property=\"og:image:height\" content=\"1024\" \/>\n\t<meta property=\"og:image:type\" content=\"image\/webp\" \/>\n<meta name=\"twitter:card\" content=\"summary_large_image\" \/>\n<meta name=\"twitter:label1\" content=\"Gesch\u00e4tzte Lesezeit\" \/>\n\t<meta name=\"twitter:data1\" content=\"3\u00a0Minuten\" \/>\n<script type=\"application\/ld+json\" class=\"yoast-schema-graph\">{\"@context\":\"https:\/\/schema.org\",\"@graph\":[{\"@type\":[\"WebPage\",\"ItemPage\"],\"@id\":\"https:\/\/bluedoggenetics.com\/producto\/autoflorecientes\/semillas-autoflorecientes-purple-rain-auto\/\",\"url\":\"https:\/\/bluedoggenetics.com\/producto\/autoflorecientes\/semillas-autoflorecientes-purple-rain-auto\/\",\"name\":\"Purple Rain Auto - Semillas Autoflorecientes con Sabor Dulce | BLUEDOG GENETICS Seeds\",\"isPartOf\":{\"@id\":\"https:\/\/bluedoggenetics.com\/de\/#website\"},\"primaryImageOfPage\":{\"@id\":\"https:\/\/bluedoggenetics.com\/producto\/autoflorecientes\/semillas-autoflorecientes-purple-rain-auto\/#primaryimage\"},\"image\":{\"@id\":\"https:\/\/bluedoggenetics.com\/producto\/autoflorecientes\/semillas-autoflorecientes-purple-rain-auto\/#primaryimage\"},\"thumbnailUrl\":\"https:\/\/bluedoggenetics.com\/wp-content\/uploads\/2024\/10\/Purple-Rain-Auto_11zon.webp\",\"datePublished\":\"2024-10-01T15:17:52+00:00\",\"dateModified\":\"2026-05-06T12:55:42+00:00\",\"description\":\"Descubre las semillas autoflorecientes Purple Rain, ideales para cultivos r\u00e1pidos y espacios reducidos. Dale un toque de color a tu jardin\",\"breadcrumb\":{\"@id\":\"https:\/\/bluedoggenetics.com\/producto\/autoflorecientes\/semillas-autoflorecientes-purple-rain-auto\/#breadcrumb\"},\"inLanguage\":\"de\",\"potentialAction\":[{\"@type\":\"ReadAction\",\"target\":[\"https:\/\/bluedoggenetics.com\/producto\/autoflorecientes\/semillas-autoflorecientes-purple-rain-auto\/\"]}]},{\"@type\":\"ImageObject\",\"inLanguage\":\"de\",\"@id\":\"https:\/\/bluedoggenetics.com\/producto\/autoflorecientes\/semillas-autoflorecientes-purple-rain-auto\/#primaryimage\",\"url\":\"https:\/\/bluedoggenetics.com\/wp-content\/uploads\/2024\/10\/Purple-Rain-Auto_11zon.webp\",\"contentUrl\":\"https:\/\/bluedoggenetics.com\/wp-content\/uploads\/2024\/10\/Purple-Rain-Auto_11zon.webp\",\"width\":1536,\"height\":1024,\"caption\":\"Purple Rain en floracion del banco bluedog genetics\"},{\"@type\":\"BreadcrumbList\",\"@id\":\"https:\/\/bluedoggenetics.com\/producto\/autoflorecientes\/semillas-autoflorecientes-purple-rain-auto\/#breadcrumb\",\"itemListElement\":[{\"@type\":\"ListItem\",\"position\":1,\"name\":\"Portada\",\"item\":\"https:\/\/bluedoggenetics.com\/\"},{\"@type\":\"ListItem\",\"position\":2,\"name\":\"Tienda\",\"item\":\"https:\/\/bluedoggenetics.com\/fr\/tienda\/\"},{\"@type\":\"ListItem\",\"position\":3,\"name\":\"Purple Rain Auto\"}]},{\"@type\":\"WebSite\",\"@id\":\"https:\/\/bluedoggenetics.com\/de\/#website\",\"url\":\"https:\/\/bluedoggenetics.com\/de\/\",\"name\":\"BLUEDOG GENETICS Seeds\",\"description\":\"Compara y compra las mejores semillas de cannabis. Feminizadas, Autoflorecientes, CBD.\",\"publisher\":{\"@id\":\"https:\/\/bluedoggenetics.com\/de\/#organization\"},\"alternateName\":\"BLUEDOG GENETICS\",\"potentialAction\":[{\"@type\":\"SearchAction\",\"target\":{\"@type\":\"EntryPoint\",\"urlTemplate\":\"https:\/\/bluedoggenetics.com\/de\/?s={search_term_string}\"},\"query-input\":{\"@type\":\"PropertyValueSpecification\",\"valueRequired\":true,\"valueName\":\"search_term_string\"}}],\"inLanguage\":\"de\"},{\"@type\":\"Organization\",\"@id\":\"https:\/\/bluedoggenetics.com\/de\/#organization\",\"name\":\"BLUEDOG GENETICS\",\"url\":\"https:\/\/bluedoggenetics.com\/de\/\",\"logo\":{\"@type\":\"ImageObject\",\"inLanguage\":\"de\",\"@id\":\"https:\/\/bluedoggenetics.com\/de\/#\/schema\/logo\/image\/\",\"url\":\"https:\/\/bluedoggenetics.com\/wp-content\/uploads\/2024\/11\/appIcon.png\",\"contentUrl\":\"https:\/\/bluedoggenetics.com\/wp-content\/uploads\/2024\/11\/appIcon.png\",\"width\":1024,\"height\":1024,\"caption\":\"BLUEDOG GENETICS\"},\"image\":{\"@id\":\"https:\/\/bluedoggenetics.com\/de\/#\/schema\/logo\/image\/\"},\"sameAs\":[\"https:\/\/www.instagram.com\/bluedog.genetics\/\"]}]}<\/script>\n<!-- \/ Yoast SEO plugin. -->","yoast_head_json":{"title":"Purple Rain Auto \u2013 Selbstbl\u00fchende Samen mit s\u00fc\u00dfem Geschmack | BLUEDOG GENETICS-Samen","description":"Entdecken Sie die selbstbl\u00fchenden Purple Rain-Samen, ideal f\u00fcr schnelle Anbauzyklen und kleine R\u00e4ume. Bringen Sie Farbe in Ihren Garten.","robots":{"index":"index","follow":"follow","max-snippet":"max-snippet:-1","max-image-preview":"max-image-preview:large","max-video-preview":"max-video-preview:-1"},"canonical":"https:\/\/bluedoggenetics.com\/de\/produkt\/autoflowering\/purple-rain-auto-autoflowering-cannabissamen\/","og_locale":"de_DE","og_type":"article","og_title":"Purple Rain Auto - Semillas Autoflorecientes con Sabor Dulce | BLUEDOG GENETICS Seeds","og_description":"Descubre las semillas autoflorecientes Purple Rain, ideales para cultivos r\u00e1pidos y espacios reducidos. Dale un toque de color a tu jardin","og_url":"https:\/\/bluedoggenetics.com\/de\/produkt\/autoflowering\/purple-rain-auto-autoflowering-cannabissamen\/","og_site_name":"BLUEDOG GENETICS Seeds","article_modified_time":"2026-05-06T12:55:42+00:00","og_image":[{"width":1536,"height":1024,"url":"https:\/\/bluedoggenetics.com\/wp-content\/uploads\/2024\/10\/Purple-Rain-Auto_11zon.webp","type":"image\/webp"}],"twitter_card":"summary_large_image","twitter_misc":{"Gesch\u00e4tzte Lesezeit":"3\u00a0Minuten"},"schema":{"@context":"https:\/\/schema.org","@graph":[{"@type":["WebPage","ItemPage"],"@id":"https:\/\/bluedoggenetics.com\/producto\/autoflorecientes\/semillas-autoflorecientes-purple-rain-auto\/","url":"https:\/\/bluedoggenetics.com\/producto\/autoflorecientes\/semillas-autoflorecientes-purple-rain-auto\/","name":"Purple Rain Auto \u2013 Selbstbl\u00fchende Samen mit s\u00fc\u00dfem Geschmack | BLUEDOG GENETICS-Samen","isPartOf":{"@id":"https:\/\/bluedoggenetics.com\/de\/#website"},"primaryImageOfPage":{"@id":"https:\/\/bluedoggenetics.com\/producto\/autoflorecientes\/semillas-autoflorecientes-purple-rain-auto\/#primaryimage"},"image":{"@id":"https:\/\/bluedoggenetics.com\/producto\/autoflorecientes\/semillas-autoflorecientes-purple-rain-auto\/#primaryimage"},"thumbnailUrl":"https:\/\/bluedoggenetics.com\/wp-content\/uploads\/2024\/10\/Purple-Rain-Auto_11zon.webp","datePublished":"2024-10-01T15:17:52+00:00","dateModified":"2026-05-06T12:55:42+00:00","description":"Entdecken Sie die selbstbl\u00fchenden Purple Rain-Samen, ideal f\u00fcr schnelle Anbauzyklen und kleine R\u00e4ume. Bringen Sie Farbe in Ihren Garten.","breadcrumb":{"@id":"https:\/\/bluedoggenetics.com\/producto\/autoflorecientes\/semillas-autoflorecientes-purple-rain-auto\/#breadcrumb"},"inLanguage":"de","potentialAction":[{"@type":"ReadAction","target":["https:\/\/bluedoggenetics.com\/producto\/autoflorecientes\/semillas-autoflorecientes-purple-rain-auto\/"]}]},{"@type":"ImageObject","inLanguage":"de","@id":"https:\/\/bluedoggenetics.com\/producto\/autoflorecientes\/semillas-autoflorecientes-purple-rain-auto\/#primaryimage","url":"https:\/\/bluedoggenetics.com\/wp-content\/uploads\/2024\/10\/Purple-Rain-Auto_11zon.webp","contentUrl":"https:\/\/bluedoggenetics.com\/wp-content\/uploads\/2024\/10\/Purple-Rain-Auto_11zon.webp","width":1536,"height":1024,"caption":"Purple Rain en floracion del banco bluedog genetics"},{"@type":"BreadcrumbList","@id":"https:\/\/bluedoggenetics.com\/producto\/autoflorecientes\/semillas-autoflorecientes-purple-rain-auto\/#breadcrumb","itemListElement":[{"@type":"ListItem","position":1,"name":"Portada","item":"https:\/\/bluedoggenetics.com\/"},{"@type":"ListItem","position":2,"name":"Tienda","item":"https:\/\/bluedoggenetics.com\/fr\/tienda\/"},{"@type":"ListItem","position":3,"name":"Purple Rain Auto"}]},{"@type":"WebSite","@id":"https:\/\/bluedoggenetics.com\/de\/#website","url":"https:\/\/bluedoggenetics.com\/de\/","name":"BLUEDOG GENETICS Seeds","description":"Vergleiche und kaufe die besten Hanfsamen. Feminisiert, Autoflowering, CBD.","publisher":{"@id":"https:\/\/bluedoggenetics.com\/de\/#organization"},"alternateName":"BLUEDOG GENETICS","potentialAction":[{"@type":"SearchAction","target":{"@type":"EntryPoint","urlTemplate":"https:\/\/bluedoggenetics.com\/de\/?s={search_term_string}"},"query-input":{"@type":"PropertyValueSpecification","valueRequired":true,"valueName":"search_term_string"}}],"inLanguage":"de"},{"@type":"Organization","@id":"https:\/\/bluedoggenetics.com\/de\/#organization","name":"BLUEDOG GENETICS","url":"https:\/\/bluedoggenetics.com\/de\/","logo":{"@type":"ImageObject","inLanguage":"de","@id":"https:\/\/bluedoggenetics.com\/de\/#\/schema\/logo\/image\/","url":"https:\/\/bluedoggenetics.com\/wp-content\/uploads\/2024\/11\/appIcon.png","contentUrl":"https:\/\/bluedoggenetics.com\/wp-content\/uploads\/2024\/11\/appIcon.png","width":1024,"height":1024,"caption":"BLUEDOG GENETICS"},"image":{"@id":"https:\/\/bluedoggenetics.com\/de\/#\/schema\/logo\/image\/"},"sameAs":["https:\/\/www.instagram.com\/bluedog.genetics\/"]}]}},"sticker_url":"https:\/\/bluedoggenetics.com\/wp-content\/uploads\/2024\/10\/Purple-Rain-Auto-Sticker.webp","variations_full":[{"id":1112,"price":9,"regular_price":9,"attributes":{"attribute_pa_cantidad":"pack-1"},"image_src":"https:\/\/bluedoggenetics.com\/wp-content\/uploads\/2024\/10\/Purple-Rain-Auto_11zon-600x400.webp","is_in_stock":false},{"id":1113,"price":24.4,"regular_price":24.4,"attributes":{"attribute_pa_cantidad":"pack-3"},"image_src":"https:\/\/bluedoggenetics.com\/wp-content\/uploads\/2024\/10\/Purple-Rain-Auto_11zon-600x400.webp","is_in_stock":false},{"id":1114,"price":36,"regular_price":36,"attributes":{"attribute_pa_cantidad":"pack-5"},"image_src":"https:\/\/bluedoggenetics.com\/wp-content\/uploads\/2024\/10\/Purple-Rain-Auto_11zon-600x400.webp","is_in_stock":false},{"id":1115,"price":63.2,"regular_price":63.2,"attributes":{"attribute_pa_cantidad":"pack-10"},"image_src":"https:\/\/bluedoggenetics.com\/wp-content\/uploads\/2024\/10\/Purple-Rain-Auto_11zon-600x400.webp","is_in_stock":false}],"jetpack_sharing_enabled":true,"_links":{"self":[{"href":"https:\/\/bluedoggenetics.com\/de\/wp-json\/wp\/v2\/product\/653","targetHints":{"allow":["GET"]}}],"collection":[{"href":"https:\/\/bluedoggenetics.com\/de\/wp-json\/wp\/v2\/product"}],"about":[{"href":"https:\/\/bluedoggenetics.com\/de\/wp-json\/wp\/v2\/types\/product"}],"wp:featuredmedia":[{"embeddable":true,"href":"https:\/\/bluedoggenetics.com\/de\/wp-json\/wp\/v2\/media\/2627"}],"wp:attachment":[{"href":"https:\/\/bluedoggenetics.com\/de\/wp-json\/wp\/v2\/media?parent=653"}],"wp:term":[{"taxonomy":"product_brand","embeddable":true,"href":"https:\/\/bluedoggenetics.com\/de\/wp-json\/wp\/v2\/product_brand?post=653"},{"taxonomy":"product_cat","embeddable":true,"href":"https:\/\/bluedoggenetics.com\/de\/wp-json\/wp\/v2\/product_cat?post=653"},{"taxonomy":"product_tag","embeddable":true,"href":"https:\/\/bluedoggenetics.com\/de\/wp-json\/wp\/v2\/product_tag?post=653"}],"curies":[{"name":"wp","href":"https:\/\/api.w.org\/{rel}","templated":true}]}}