{"id":6470,"date":"2026-03-31T00:34:29","date_gmt":"2026-03-30T22:34:29","guid":{"rendered":"https:\/\/bluedoggenetics.com\/?post_type=product&#038;p=6470"},"modified":"2026-05-06T15:00:04","modified_gmt":"2026-05-06T13:00:04","slug":"speedy-boom-speedy-g-auto","status":"publish","type":"product","link":"https:\/\/bluedoggenetics.com\/de\/produkt\/samen\/autoflowering\/speedy-boom-speedy-g-auto\/","title":{"rendered":"Speedy Boom (Speedy G) Auto"},"content":{"rendered":"<p>Wenn Sie auf der Suche nach Geschwindigkeit und Effizienz sind, ist die Genetik die richtige Wahl <strong>Speedy Boom (Speedy G) Auto<\/strong> von <strong>Kannabia Seeds<\/strong> Es handelt sich um eine selbstbl\u00fchende Elite-Sorte. Dieses automatische Wunder wurde entwickelt, um seinen Zyklus blitzschnell abzuschlie\u00dfen, ohne auf Photoperioden angewiesen zu sein. Es verleiht Ihnen in Rekordzeit K\u00e4se- und Bananenaromen mit einem l\u00e4chelnden Effekt, der mit den besten photoabh\u00e4ngigen Sorten mithalten kann.<\/p>\n<p><b>Blumenbild.<\/b> Ihre Knospen stehen der traditionellen Genetik in nichts nach. Sie bilden dicke Bl\u00fctenzapfen, die mit Trichomen bedeckt sind, die himmlisch riechen. Das Kelch-Blatt-Verh\u00e4ltnis ist f\u00fcr eine Autoflower hervorragend, was die Manik\u00fcre deutlich erleichtert.<\/p>\n<p><b>Pflanzenmorphologie.<\/b> Sie hat eine kompakte und robuste Struktur und eignet sich perfekt f\u00fcr den Anbau in kleinen R\u00e4umen, diskreten Balkonen oder Terrassen. Da sie selbstbl\u00fchend ist, beginnt sie ab der dritten oder vierten Lebenswoche auf nat\u00fcrliche Weise Stempel zu produzieren.<\/p>\n<h3><b>Anbautipps<\/b><\/h3>\n<ul>\n<li><strong>Was ist das ideale Klima f\u00fcr den Anbau von Speedy Boom (Speedy G) Auto ?<\/strong><br \/>Autos lieben alles! Sie k\u00f6nnen fast das ganze Jahr \u00fcber im Freien angebaut werden, solange die Temperaturen nicht unter 15 \u00b0C fallen. Geben Sie ihnen im Innenbereich einen kontinuierlichen Zyklus von 20 Stunden Licht und 4 Stunden Dunkelheit, um das Beste aus ihnen herauszuholen.<\/li>\n<li><strong>Welche Trainingstechniken funktionieren am besten mit Speedy Boom (Speedy G) Auto ?<\/strong><br \/>Bei autoflowering Sorten ist weniger mehr. Vermeiden Sie aggressives Beschneiden (z. B. apikales Beschneiden), da ihr kurzer Vegetationszyklus ihnen keine Zeit gibt, sich zu erholen. Halten Sie sich an ein sehr sanftes LST (Low Stress Training), wenn Sie die Zweige \u00f6ffnen m\u00fcssen.<\/li>\n<li><strong>Welche Art der D\u00fcngung ben\u00f6tigt Speedy Boom (Speedy G) Auto ?<\/strong><br \/>Essen Sie leicht, aber konstant. Vermeiden Sie in den ersten drei Wochen eine \u00dcberd\u00fcngung und f\u00fcgen Sie unbedingt vom ersten Tag an einen Wurzelstimulator hinzu, damit die Pflanze vor Beginn der Bl\u00fcte eine gute Gr\u00f6\u00dfe erreicht.<\/li>\n<li><strong>Wie sollten Bew\u00e4sserung und Luftfeuchtigkeit f\u00fcr Speedy Boom (Speedy G) Auto sein?<\/strong><br \/>Der goldene Trick bei Autoflowers: Am Anfang sehr kurzes und h\u00e4ufiges Gie\u00dfen, um die kleine Wurzel nicht durchn\u00e4sst zu halten, und dann auf stark bel\u00fcftete Substrate \u00fcbergehen (30 % Perlit oder Kokos hinzuf\u00fcgen), um ihre explosive Entwicklung zu maximieren.<\/li>\n<li><strong>Ist es notwendig, die Speedy Boom (Speedy G) Auto -Pflanze zu beschneiden?<\/strong><br \/>NEIN. Vermeiden Sie das Beschneiden von Zweigen bei autoflowering Genetik. Entfernen Sie h\u00f6chstens ein Blatt, das in der Endphase der Reifung eine wichtige Knospe bedeckt, aber vermeiden Sie Stress f\u00fcr die Pflanze.<\/li>\n<\/ul>","protected":false},"excerpt":{"rendered":"<p>Die <strong>Speedy Boom (Speedy G) Auto<\/strong> ist ein Synonym f\u00fcr Exzellenz von Kannabia Seeds. Eine selbstbl\u00fchende Sorte, die einen kr\u00e4ftigen THC-Gehalt von 18\u201324 % mit k\u00f6stlichen, k\u00e4sigen, aromatischen Noten kombiniert. Genie\u00dfen Sie ein zutiefst l\u00e4chelndes Erlebnis.<\/p>","protected":false},"featured_media":6494,"template":"","meta":{"_acf_changed":false,"inline_featured_image":false,"_wp_applaud_exclude":false},"product_brand":[347],"product_cat":[21],"product_tag":[],"class_list":{"0":"post-6470","1":"product","2":"type-product","3":"status-publish","4":"has-post-thumbnail","6":"product_brand-kannabia-seeds","7":"product_cat-autoflorecientes","8":"pa_altura-exterior-150-180","9":"pa_altura-interior-90-120","10":"pa_beneficios-terapeuticos-aumento-del-apetito","11":"pa_beneficios-terapeuticos-ayuda-para-dormir","12":"pa_cantidad-10-fem","13":"pa_cantidad-5-fem","14":"pa_clima-templado","15":"pa_cosecha-exterior-450-550","16":"pa_cosecha-interior-400-500","17":"pa_efectos-destacables-activo","18":"pa_efectos-destacables-creativo","19":"pa_efectos-destacables-risueno","20":"pa_floracion-10-12","21":"pa_genetica-50-50","22":"pa_olor-intenso","23":"pa_sabores-y-olores-banana","24":"pa_sabores-y-olores-queso","25":"pa_thc-18-24","26":"pa_variedad-autofloreciente","28":"first","29":"instock","30":"taxable","31":"shipping-taxable","32":"purchasable","33":"product-type-variable"},"acf":{"sticker":false,"family_tree":""},"yoast_head":"<!-- This site is optimized with the Yoast SEO plugin v26.5 - https:\/\/yoast.com\/wordpress\/plugins\/seo\/ -->\n<title>Speedy Boom (Speedy G) Auto - BLUEDOG GENETICS Seeds<\/title>\n<meta name=\"description\" content=\"Speedy Boom (Speedy G) Auto de Kannabia Seeds. Cultiva tu propia leyenda. THC 18-24%, sabor a queso y efecto risue\u00f1o. Calidad TOP. \u00a1C\u00f3mpralas aqu\u00ed!\" \/>\n<meta name=\"robots\" content=\"index, follow, max-snippet:-1, max-image-preview:large, max-video-preview:-1\" \/>\n<link rel=\"canonical\" href=\"https:\/\/bluedoggenetics.com\/de\/produkt\/autoflowering\/speedy-boom-speedy-g-auto\/\" \/>\n<meta property=\"og:locale\" content=\"de_DE\" \/>\n<meta property=\"og:type\" content=\"article\" \/>\n<meta property=\"og:title\" content=\"Speedy Boom (Speedy G) Auto - BLUEDOG GENETICS Seeds\" \/>\n<meta property=\"og:description\" content=\"Speedy Boom (Speedy G) Auto de Kannabia Seeds. Cultiva tu propia leyenda. THC 18-24%, sabor a queso y efecto risue\u00f1o. Calidad TOP. \u00a1C\u00f3mpralas aqu\u00ed!\" \/>\n<meta property=\"og:url\" content=\"https:\/\/bluedoggenetics.com\/de\/produkt\/autoflowering\/speedy-boom-speedy-g-auto\/\" \/>\n<meta property=\"og:site_name\" content=\"BLUEDOG GENETICS Seeds\" \/>\n<meta property=\"article:modified_time\" content=\"2026-05-06T13:00:04+00:00\" \/>\n<meta property=\"og:image\" content=\"https:\/\/bluedoggenetics.com\/wp-content\/uploads\/2026\/03\/148050_985241_pimcore.jpg\" \/>\n\t<meta property=\"og:image:width\" content=\"300\" \/>\n\t<meta property=\"og:image:height\" content=\"201\" \/>\n\t<meta property=\"og:image:type\" content=\"image\/jpeg\" \/>\n<meta name=\"twitter:card\" content=\"summary_large_image\" \/>\n<meta name=\"twitter:label1\" content=\"Gesch\u00e4tzte Lesezeit\" \/>\n\t<meta name=\"twitter:data1\" content=\"2\u00a0Minuten\" \/>\n<script type=\"application\/ld+json\" class=\"yoast-schema-graph\">{\"@context\":\"https:\/\/schema.org\",\"@graph\":[{\"@type\":[\"WebPage\",\"ItemPage\"],\"@id\":\"https:\/\/bluedoggenetics.com\/producto\/autoflorecientes\/speedy-boom-speedy-g-auto\/\",\"url\":\"https:\/\/bluedoggenetics.com\/producto\/autoflorecientes\/speedy-boom-speedy-g-auto\/\",\"name\":\"Speedy Boom (Speedy G) Auto - BLUEDOG GENETICS Seeds\",\"isPartOf\":{\"@id\":\"https:\/\/bluedoggenetics.com\/de\/#website\"},\"primaryImageOfPage\":{\"@id\":\"https:\/\/bluedoggenetics.com\/producto\/autoflorecientes\/speedy-boom-speedy-g-auto\/#primaryimage\"},\"image\":{\"@id\":\"https:\/\/bluedoggenetics.com\/producto\/autoflorecientes\/speedy-boom-speedy-g-auto\/#primaryimage\"},\"thumbnailUrl\":\"https:\/\/bluedoggenetics.com\/wp-content\/uploads\/2026\/03\/148050_985241_pimcore.jpg\",\"datePublished\":\"2026-03-30T22:34:29+00:00\",\"dateModified\":\"2026-05-06T13:00:04+00:00\",\"description\":\"Speedy Boom (Speedy G) Auto de Kannabia Seeds. Cultiva tu propia leyenda. THC 18-24%, sabor a queso y efecto risue\u00f1o. Calidad TOP. \u00a1C\u00f3mpralas aqu\u00ed!\",\"breadcrumb\":{\"@id\":\"https:\/\/bluedoggenetics.com\/producto\/autoflorecientes\/speedy-boom-speedy-g-auto\/#breadcrumb\"},\"inLanguage\":\"de\",\"potentialAction\":[{\"@type\":\"ReadAction\",\"target\":[\"https:\/\/bluedoggenetics.com\/producto\/autoflorecientes\/speedy-boom-speedy-g-auto\/\"]}]},{\"@type\":\"ImageObject\",\"inLanguage\":\"de\",\"@id\":\"https:\/\/bluedoggenetics.com\/producto\/autoflorecientes\/speedy-boom-speedy-g-auto\/#primaryimage\",\"url\":\"https:\/\/bluedoggenetics.com\/wp-content\/uploads\/2026\/03\/148050_985241_pimcore.jpg\",\"contentUrl\":\"https:\/\/bluedoggenetics.com\/wp-content\/uploads\/2026\/03\/148050_985241_pimcore.jpg\",\"width\":300,\"height\":201},{\"@type\":\"BreadcrumbList\",\"@id\":\"https:\/\/bluedoggenetics.com\/producto\/autoflorecientes\/speedy-boom-speedy-g-auto\/#breadcrumb\",\"itemListElement\":[{\"@type\":\"ListItem\",\"position\":1,\"name\":\"Portada\",\"item\":\"https:\/\/bluedoggenetics.com\/\"},{\"@type\":\"ListItem\",\"position\":2,\"name\":\"Tienda\",\"item\":\"https:\/\/bluedoggenetics.com\/fr\/tienda\/\"},{\"@type\":\"ListItem\",\"position\":3,\"name\":\"Speedy Boom (Speedy G) Auto\"}]},{\"@type\":\"WebSite\",\"@id\":\"https:\/\/bluedoggenetics.com\/de\/#website\",\"url\":\"https:\/\/bluedoggenetics.com\/de\/\",\"name\":\"BLUEDOG GENETICS Seeds\",\"description\":\"Compara y compra las mejores semillas de cannabis. Feminizadas, Autoflorecientes, CBD.\",\"publisher\":{\"@id\":\"https:\/\/bluedoggenetics.com\/de\/#organization\"},\"alternateName\":\"BLUEDOG GENETICS\",\"potentialAction\":[{\"@type\":\"SearchAction\",\"target\":{\"@type\":\"EntryPoint\",\"urlTemplate\":\"https:\/\/bluedoggenetics.com\/de\/?s={search_term_string}\"},\"query-input\":{\"@type\":\"PropertyValueSpecification\",\"valueRequired\":true,\"valueName\":\"search_term_string\"}}],\"inLanguage\":\"de\"},{\"@type\":\"Organization\",\"@id\":\"https:\/\/bluedoggenetics.com\/de\/#organization\",\"name\":\"BLUEDOG GENETICS\",\"url\":\"https:\/\/bluedoggenetics.com\/de\/\",\"logo\":{\"@type\":\"ImageObject\",\"inLanguage\":\"de\",\"@id\":\"https:\/\/bluedoggenetics.com\/de\/#\/schema\/logo\/image\/\",\"url\":\"https:\/\/bluedoggenetics.com\/wp-content\/uploads\/2024\/11\/appIcon.png\",\"contentUrl\":\"https:\/\/bluedoggenetics.com\/wp-content\/uploads\/2024\/11\/appIcon.png\",\"width\":1024,\"height\":1024,\"caption\":\"BLUEDOG GENETICS\"},\"image\":{\"@id\":\"https:\/\/bluedoggenetics.com\/de\/#\/schema\/logo\/image\/\"},\"sameAs\":[\"https:\/\/www.instagram.com\/bluedog.genetics\/\"]}]}<\/script>\n<!-- \/ Yoast SEO plugin. -->","yoast_head_json":{"title":"Speedy Boom (Speedy G) Auto - BLUEDOG GENETICS-Samen","description":"Speedy Boom (Speedy G) Auto von Kannabia Seeds. Kultivieren Sie Ihre eigene Legende. THC 18\u201324 %, K\u00e4segeschmack und lachende Wirkung. TOP-Qualit\u00e4t. Kaufen Sie sie hier!","robots":{"index":"index","follow":"follow","max-snippet":"max-snippet:-1","max-image-preview":"max-image-preview:large","max-video-preview":"max-video-preview:-1"},"canonical":"https:\/\/bluedoggenetics.com\/de\/produkt\/autoflowering\/speedy-boom-speedy-g-auto\/","og_locale":"de_DE","og_type":"article","og_title":"Speedy Boom (Speedy G) Auto - BLUEDOG GENETICS Seeds","og_description":"Speedy Boom (Speedy G) Auto de Kannabia Seeds. Cultiva tu propia leyenda. THC 18-24%, sabor a queso y efecto risue\u00f1o. Calidad TOP. \u00a1C\u00f3mpralas aqu\u00ed!","og_url":"https:\/\/bluedoggenetics.com\/de\/produkt\/autoflowering\/speedy-boom-speedy-g-auto\/","og_site_name":"BLUEDOG GENETICS Seeds","article_modified_time":"2026-05-06T13:00:04+00:00","og_image":[{"width":300,"height":201,"url":"https:\/\/bluedoggenetics.com\/wp-content\/uploads\/2026\/03\/148050_985241_pimcore.jpg","type":"image\/jpeg"}],"twitter_card":"summary_large_image","twitter_misc":{"Gesch\u00e4tzte Lesezeit":"2\u00a0Minuten"},"schema":{"@context":"https:\/\/schema.org","@graph":[{"@type":["WebPage","ItemPage"],"@id":"https:\/\/bluedoggenetics.com\/producto\/autoflorecientes\/speedy-boom-speedy-g-auto\/","url":"https:\/\/bluedoggenetics.com\/producto\/autoflorecientes\/speedy-boom-speedy-g-auto\/","name":"Speedy Boom (Speedy G) Auto - BLUEDOG GENETICS-Samen","isPartOf":{"@id":"https:\/\/bluedoggenetics.com\/de\/#website"},"primaryImageOfPage":{"@id":"https:\/\/bluedoggenetics.com\/producto\/autoflorecientes\/speedy-boom-speedy-g-auto\/#primaryimage"},"image":{"@id":"https:\/\/bluedoggenetics.com\/producto\/autoflorecientes\/speedy-boom-speedy-g-auto\/#primaryimage"},"thumbnailUrl":"https:\/\/bluedoggenetics.com\/wp-content\/uploads\/2026\/03\/148050_985241_pimcore.jpg","datePublished":"2026-03-30T22:34:29+00:00","dateModified":"2026-05-06T13:00:04+00:00","description":"Speedy Boom (Speedy G) Auto von Kannabia Seeds. Kultivieren Sie Ihre eigene Legende. THC 18\u201324 %, K\u00e4segeschmack und lachende Wirkung. TOP-Qualit\u00e4t. Kaufen Sie sie hier!","breadcrumb":{"@id":"https:\/\/bluedoggenetics.com\/producto\/autoflorecientes\/speedy-boom-speedy-g-auto\/#breadcrumb"},"inLanguage":"de","potentialAction":[{"@type":"ReadAction","target":["https:\/\/bluedoggenetics.com\/producto\/autoflorecientes\/speedy-boom-speedy-g-auto\/"]}]},{"@type":"ImageObject","inLanguage":"de","@id":"https:\/\/bluedoggenetics.com\/producto\/autoflorecientes\/speedy-boom-speedy-g-auto\/#primaryimage","url":"https:\/\/bluedoggenetics.com\/wp-content\/uploads\/2026\/03\/148050_985241_pimcore.jpg","contentUrl":"https:\/\/bluedoggenetics.com\/wp-content\/uploads\/2026\/03\/148050_985241_pimcore.jpg","width":300,"height":201},{"@type":"BreadcrumbList","@id":"https:\/\/bluedoggenetics.com\/producto\/autoflorecientes\/speedy-boom-speedy-g-auto\/#breadcrumb","itemListElement":[{"@type":"ListItem","position":1,"name":"Portada","item":"https:\/\/bluedoggenetics.com\/"},{"@type":"ListItem","position":2,"name":"Tienda","item":"https:\/\/bluedoggenetics.com\/fr\/tienda\/"},{"@type":"ListItem","position":3,"name":"Speedy Boom (Speedy G) Auto"}]},{"@type":"WebSite","@id":"https:\/\/bluedoggenetics.com\/de\/#website","url":"https:\/\/bluedoggenetics.com\/de\/","name":"BLUEDOG GENETICS Seeds","description":"Vergleiche und kaufe die besten Hanfsamen. Feminisiert, Autoflowering, CBD.","publisher":{"@id":"https:\/\/bluedoggenetics.com\/de\/#organization"},"alternateName":"BLUEDOG GENETICS","potentialAction":[{"@type":"SearchAction","target":{"@type":"EntryPoint","urlTemplate":"https:\/\/bluedoggenetics.com\/de\/?s={search_term_string}"},"query-input":{"@type":"PropertyValueSpecification","valueRequired":true,"valueName":"search_term_string"}}],"inLanguage":"de"},{"@type":"Organization","@id":"https:\/\/bluedoggenetics.com\/de\/#organization","name":"BLUEDOG GENETICS","url":"https:\/\/bluedoggenetics.com\/de\/","logo":{"@type":"ImageObject","inLanguage":"de","@id":"https:\/\/bluedoggenetics.com\/de\/#\/schema\/logo\/image\/","url":"https:\/\/bluedoggenetics.com\/wp-content\/uploads\/2024\/11\/appIcon.png","contentUrl":"https:\/\/bluedoggenetics.com\/wp-content\/uploads\/2024\/11\/appIcon.png","width":1024,"height":1024,"caption":"BLUEDOG GENETICS"},"image":{"@id":"https:\/\/bluedoggenetics.com\/de\/#\/schema\/logo\/image\/"},"sameAs":["https:\/\/www.instagram.com\/bluedog.genetics\/"]}]}},"sticker_url":null,"variations_full":[{"id":6495,"price":29,"regular_price":29,"attributes":{"attribute_pa_cantidad":"5-fem"},"image_src":"https:\/\/bluedoggenetics.com\/wp-content\/uploads\/2026\/03\/148050_985241_pimcore.jpg","is_in_stock":true},{"id":6496,"price":55,"regular_price":55,"attributes":{"attribute_pa_cantidad":"10-fem"},"image_src":"https:\/\/bluedoggenetics.com\/wp-content\/uploads\/2026\/03\/148050_985241_pimcore.jpg","is_in_stock":true}],"jetpack_sharing_enabled":true,"_links":{"self":[{"href":"https:\/\/bluedoggenetics.com\/de\/wp-json\/wp\/v2\/product\/6470","targetHints":{"allow":["GET"]}}],"collection":[{"href":"https:\/\/bluedoggenetics.com\/de\/wp-json\/wp\/v2\/product"}],"about":[{"href":"https:\/\/bluedoggenetics.com\/de\/wp-json\/wp\/v2\/types\/product"}],"wp:featuredmedia":[{"embeddable":true,"href":"https:\/\/bluedoggenetics.com\/de\/wp-json\/wp\/v2\/media\/6494"}],"wp:attachment":[{"href":"https:\/\/bluedoggenetics.com\/de\/wp-json\/wp\/v2\/media?parent=6470"}],"wp:term":[{"taxonomy":"product_brand","embeddable":true,"href":"https:\/\/bluedoggenetics.com\/de\/wp-json\/wp\/v2\/product_brand?post=6470"},{"taxonomy":"product_cat","embeddable":true,"href":"https:\/\/bluedoggenetics.com\/de\/wp-json\/wp\/v2\/product_cat?post=6470"},{"taxonomy":"product_tag","embeddable":true,"href":"https:\/\/bluedoggenetics.com\/de\/wp-json\/wp\/v2\/product_tag?post=6470"}],"curies":[{"name":"wp","href":"https:\/\/api.w.org\/{rel}","templated":true}]}}