{"id":6430,"date":"2026-03-31T00:34:03","date_gmt":"2026-03-30T22:34:03","guid":{"rendered":"https:\/\/bluedoggenetics.com\/?post_type=product&#038;p=6430"},"modified":"2026-05-06T14:59:57","modified_gmt":"2026-05-06T12:59:57","slug":"ortega","status":"publish","type":"product","link":"https:\/\/bluedoggenetics.com\/de\/produkt\/regular\/ortega\/","title":{"rendered":"Ortega"},"content":{"rendered":"<p>Leistung, Zuverl\u00e4ssigkeit und au\u00dfergew\u00f6hnliche Schlagkraft. Der <strong>Ortega<\/strong> von <strong>Mr Nice Seedbank<\/strong> Es ist dieser All-Terrain-Hybrid, der nie entt\u00e4uscht. Entwickelt, um das Beste aus beiden Welten zu vereinen, bietet es eine XL-Ernte mit erstaunlicher Leichtigkeit. Wenn Sie es anz\u00fcnden, wird eine Mischung aus Knoblauch und s\u00fc\u00dfen Nuancen Ihre Sinne bet\u00f6ren und eine perfekt ausgewogene euphorische Wirkung entfalten, ideal sowohl f\u00fcr gesellige Momente als auch zum Entspannen alleine.<\/p>\n<p><b>Blumenbild.<\/b> Ihre blumigen Colas sind der Stolz eines jeden Z\u00fcchters. Sie entwickelt riesige B\u00fcschel mit stark geschwollenen Bl\u00fctenkelchen und einem hervorragenden Kelch-Blatt-Verh\u00e4ltnis. Diese Funktion macht es nicht nur optisch beeindruckend, sondern reduziert auch die Zeit, die Sie mit dem Sch\u00e4len mit der Schere verbringen, erheblich.<\/p>\n<p><b>Pflanzenmorphologie.<\/b> Ihr Wachstumsmuster ist der Traum eines kommerziellen Z\u00fcchters: kr\u00e4ftig, symmetrisch und erstaunlich gleichm\u00e4\u00dfig. Die Seitenzweige konkurrieren in H\u00f6he und Dicke mit dem Hauptstamm und bilden eine kandelaberf\u00f6rmige Struktur voller Blumen.<\/p>\n<h3><b>Anbautipps<\/b><\/h3>\n<ul>\n<li><strong>Was ist das ideale Klima f\u00fcr den Anbau von Ortega ?<\/strong><br \/>Ein au\u00dfergew\u00f6hnlich vielseitiger Hybrid. Sie gl\u00e4nzt sowohl unter starkem Licht in Indoor-Anbaur\u00e4umen als auch unter der Sommersonne und entfaltet ihre optimale Leistung in gem\u00e4\u00dfigten und sonnigen Klimazonen, in denen Herbstregen vermieden wird.<\/li>\n<li><strong>Welche Trainingstechniken funktionieren am besten mit Ortega ?<\/strong><br \/>Es reagiert wunderbar auf fast alles. Ein gutes \u201eTopping\u201c (apikaler Schnitt) wird seine Spitzen vervielfachen, und in den letzten Wochen wird es obligatorisch sein, St\u00fctzen oder St\u00fctznetze zu verwenden, um zu verhindern, dass seine Zweige aufgrund des Gewichts einst\u00fcrzen.<\/li>\n<li><strong>Welche Art der D\u00fcngung ben\u00f6tigt Ortega ?<\/strong><br \/>Aufgrund ihrer enormen Vertr\u00e4glichkeit ist sie die perfekte Genetik f\u00fcr Einsteiger. Kleine Fehler beim pH-Wert oder eine leichte \u00dcberd\u00fcngung vertr\u00e4gt sie sehr gut, belohnt sie aber bei einer ausgewogenen Basisern\u00e4hrung mit h\u00f6chster Qualit\u00e4t.<\/li>\n<li><strong>Wie sollten die Bew\u00e4sserung und Luftfeuchtigkeit f\u00fcr Ortega sein?<\/strong><br \/>Der ideale Bew\u00e4sserungszyklus besteht darin, das Substrat zu 70 % trocknen zu lassen, bevor es erneut geflutet wird. Dieser Sauerstoff-Wasser-Wechsel l\u00f6st das Wachstum des Wurzelsystems aus, was sich direkt in massiveren Pflanzen niederschl\u00e4gt.<\/li>\n<li><strong>Ist es notwendig, die Ortega -Pflanze zu beschneiden?<\/strong><br \/>Achten Sie darauf, alle schwachen Zweige (Ausl\u00e4ufer) zu entfernen, die kein direktes Licht erhalten, bevor Sie zu 12\/12 wechseln. Wenn Sie die untere Zone eliminieren, leitet sie den gesamten Phosphor nach \u201eoben\u201c um und erzeugt makellose Bl\u00fctenraketen.<\/li>\n<\/ul>","protected":false},"excerpt":{"rendered":"<p>Entdecken Sie die <strong>Ortega<\/strong> von <strong>Mr Nice Seedbank<\/strong>, eine Hybridgenetik, die Sie mit ihren ausgepr\u00e4gten Knoblauch- und s\u00fc\u00dfen Nuancen \u00fcberraschen wird. Mit einem THC-Gehalt von 18\u201324 % ist sie ideal f\u00fcr alle, die eine euphorische Wirkung von h\u00f6chster Qualit\u00e4t suchen.<\/p>","protected":false},"featured_media":6447,"template":"","meta":{"_acf_changed":false,"inline_featured_image":false,"_wp_applaud_exclude":false},"product_brand":[291],"product_cat":[309],"product_tag":[],"class_list":{"0":"post-6430","1":"product","2":"type-product","3":"status-publish","4":"has-post-thumbnail","6":"product_brand-mr-nice-seedbank","7":"product_cat-regular","8":"pa_altura-exterior-150-180","9":"pa_altura-interior-90-120","10":"pa_beneficios-terapeuticos-alivio-del-dolor","11":"pa_beneficios-terapeuticos-ayuda-para-dormir","12":"pa_beneficios-terapeuticos-reduccion-de-nauseas","13":"pa_cantidad-18-reg","14":"pa_clima-fresco","15":"pa_cosecha-exterior-450-550","16":"pa_cosecha-interior-400-500","17":"pa_efectos-destacables-conversador","18":"pa_efectos-destacables-euforico","19":"pa_efectos-destacables-relajado","20":"pa_floracion-10-12","21":"pa_genetica-50-50","22":"pa_olor-fuerte","23":"pa_sabores-y-olores-ajo","24":"pa_sabores-y-olores-dulce","25":"pa_thc-18-24","26":"pa_variedad-hibrida","28":"first","29":"instock","30":"taxable","31":"shipping-taxable","32":"purchasable","33":"product-type-variable"},"acf":{"sticker":false,"family_tree":""},"yoast_head":"<!-- This site is optimized with the Yoast SEO plugin v26.5 - https:\/\/yoast.com\/wordpress\/plugins\/seo\/ -->\n<title>Ortega - BLUEDOG GENETICS Seeds<\/title>\n<meta name=\"description\" content=\"Ortega de Mr Nice Seedbank. Cultiva tu propia leyenda. THC 18-24%, sabor a ajo y efecto euf\u00f3rico. Calidad TOP. \u00a1C\u00f3mpralas aqu\u00ed!\" \/>\n<meta name=\"robots\" content=\"index, follow, max-snippet:-1, max-image-preview:large, max-video-preview:-1\" \/>\n<link rel=\"canonical\" href=\"https:\/\/bluedoggenetics.com\/de\/produkt\/regular\/ortega\/\" \/>\n<meta property=\"og:locale\" content=\"de_DE\" \/>\n<meta property=\"og:type\" content=\"article\" \/>\n<meta property=\"og:title\" content=\"Ortega - BLUEDOG GENETICS Seeds\" \/>\n<meta property=\"og:description\" content=\"Ortega de Mr Nice Seedbank. Cultiva tu propia leyenda. THC 18-24%, sabor a ajo y efecto euf\u00f3rico. Calidad TOP. \u00a1C\u00f3mpralas aqu\u00ed!\" \/>\n<meta property=\"og:url\" content=\"https:\/\/bluedoggenetics.com\/de\/produkt\/regular\/ortega\/\" \/>\n<meta property=\"og:site_name\" content=\"BLUEDOG GENETICS Seeds\" \/>\n<meta property=\"article:modified_time\" content=\"2026-05-06T12:59:57+00:00\" \/>\n<meta property=\"og:image\" content=\"https:\/\/bluedoggenetics.com\/wp-content\/uploads\/2026\/03\/140304_2196047_pimcore_1_1.jpg\" \/>\n\t<meta property=\"og:image:width\" content=\"600\" \/>\n\t<meta property=\"og:image:height\" content=\"450\" \/>\n\t<meta property=\"og:image:type\" content=\"image\/jpeg\" \/>\n<meta name=\"twitter:card\" content=\"summary_large_image\" \/>\n<meta name=\"twitter:label1\" content=\"Gesch\u00e4tzte Lesezeit\" \/>\n\t<meta name=\"twitter:data1\" content=\"2\u00a0Minuten\" \/>\n<script type=\"application\/ld+json\" class=\"yoast-schema-graph\">{\"@context\":\"https:\/\/schema.org\",\"@graph\":[{\"@type\":[\"WebPage\",\"ItemPage\"],\"@id\":\"https:\/\/bluedoggenetics.com\/producto\/regular\/ortega\/\",\"url\":\"https:\/\/bluedoggenetics.com\/producto\/regular\/ortega\/\",\"name\":\"Ortega - BLUEDOG GENETICS Seeds\",\"isPartOf\":{\"@id\":\"https:\/\/bluedoggenetics.com\/de\/#website\"},\"primaryImageOfPage\":{\"@id\":\"https:\/\/bluedoggenetics.com\/producto\/regular\/ortega\/#primaryimage\"},\"image\":{\"@id\":\"https:\/\/bluedoggenetics.com\/producto\/regular\/ortega\/#primaryimage\"},\"thumbnailUrl\":\"https:\/\/bluedoggenetics.com\/wp-content\/uploads\/2026\/03\/140304_2196047_pimcore_1_1.jpg\",\"datePublished\":\"2026-03-30T22:34:03+00:00\",\"dateModified\":\"2026-05-06T12:59:57+00:00\",\"description\":\"Ortega de Mr Nice Seedbank. Cultiva tu propia leyenda. THC 18-24%, sabor a ajo y efecto euf\u00f3rico. Calidad TOP. \u00a1C\u00f3mpralas aqu\u00ed!\",\"breadcrumb\":{\"@id\":\"https:\/\/bluedoggenetics.com\/producto\/regular\/ortega\/#breadcrumb\"},\"inLanguage\":\"de\",\"potentialAction\":[{\"@type\":\"ReadAction\",\"target\":[\"https:\/\/bluedoggenetics.com\/producto\/regular\/ortega\/\"]}]},{\"@type\":\"ImageObject\",\"inLanguage\":\"de\",\"@id\":\"https:\/\/bluedoggenetics.com\/producto\/regular\/ortega\/#primaryimage\",\"url\":\"https:\/\/bluedoggenetics.com\/wp-content\/uploads\/2026\/03\/140304_2196047_pimcore_1_1.jpg\",\"contentUrl\":\"https:\/\/bluedoggenetics.com\/wp-content\/uploads\/2026\/03\/140304_2196047_pimcore_1_1.jpg\",\"width\":600,\"height\":450},{\"@type\":\"BreadcrumbList\",\"@id\":\"https:\/\/bluedoggenetics.com\/producto\/regular\/ortega\/#breadcrumb\",\"itemListElement\":[{\"@type\":\"ListItem\",\"position\":1,\"name\":\"Portada\",\"item\":\"https:\/\/bluedoggenetics.com\/\"},{\"@type\":\"ListItem\",\"position\":2,\"name\":\"Tienda\",\"item\":\"https:\/\/bluedoggenetics.com\/fr\/tienda\/\"},{\"@type\":\"ListItem\",\"position\":3,\"name\":\"Ortega\"}]},{\"@type\":\"WebSite\",\"@id\":\"https:\/\/bluedoggenetics.com\/de\/#website\",\"url\":\"https:\/\/bluedoggenetics.com\/de\/\",\"name\":\"BLUEDOG GENETICS Seeds\",\"description\":\"Compara y compra las mejores semillas de cannabis. Feminizadas, Autoflorecientes, CBD.\",\"publisher\":{\"@id\":\"https:\/\/bluedoggenetics.com\/de\/#organization\"},\"alternateName\":\"BLUEDOG GENETICS\",\"potentialAction\":[{\"@type\":\"SearchAction\",\"target\":{\"@type\":\"EntryPoint\",\"urlTemplate\":\"https:\/\/bluedoggenetics.com\/de\/?s={search_term_string}\"},\"query-input\":{\"@type\":\"PropertyValueSpecification\",\"valueRequired\":true,\"valueName\":\"search_term_string\"}}],\"inLanguage\":\"de\"},{\"@type\":\"Organization\",\"@id\":\"https:\/\/bluedoggenetics.com\/de\/#organization\",\"name\":\"BLUEDOG GENETICS\",\"url\":\"https:\/\/bluedoggenetics.com\/de\/\",\"logo\":{\"@type\":\"ImageObject\",\"inLanguage\":\"de\",\"@id\":\"https:\/\/bluedoggenetics.com\/de\/#\/schema\/logo\/image\/\",\"url\":\"https:\/\/bluedoggenetics.com\/wp-content\/uploads\/2024\/11\/appIcon.png\",\"contentUrl\":\"https:\/\/bluedoggenetics.com\/wp-content\/uploads\/2024\/11\/appIcon.png\",\"width\":1024,\"height\":1024,\"caption\":\"BLUEDOG GENETICS\"},\"image\":{\"@id\":\"https:\/\/bluedoggenetics.com\/de\/#\/schema\/logo\/image\/\"},\"sameAs\":[\"https:\/\/www.instagram.com\/bluedog.genetics\/\"]}]}<\/script>\n<!-- \/ Yoast SEO plugin. -->","yoast_head_json":{"title":"Ortega - BLUEDOG GENETICS-Samen","description":"Ortega von Mr Nice Seedbank. Kultivieren Sie Ihre eigene Legende. THC 18-24 %, Knoblauchgeschmack und euphorische Wirkung. TOP-Qualit\u00e4t. Kaufen Sie sie hier!","robots":{"index":"index","follow":"follow","max-snippet":"max-snippet:-1","max-image-preview":"max-image-preview:large","max-video-preview":"max-video-preview:-1"},"canonical":"https:\/\/bluedoggenetics.com\/de\/produkt\/regular\/ortega\/","og_locale":"de_DE","og_type":"article","og_title":"Ortega - BLUEDOG GENETICS Seeds","og_description":"Ortega de Mr Nice Seedbank. Cultiva tu propia leyenda. THC 18-24%, sabor a ajo y efecto euf\u00f3rico. Calidad TOP. \u00a1C\u00f3mpralas aqu\u00ed!","og_url":"https:\/\/bluedoggenetics.com\/de\/produkt\/regular\/ortega\/","og_site_name":"BLUEDOG GENETICS Seeds","article_modified_time":"2026-05-06T12:59:57+00:00","og_image":[{"width":600,"height":450,"url":"https:\/\/bluedoggenetics.com\/wp-content\/uploads\/2026\/03\/140304_2196047_pimcore_1_1.jpg","type":"image\/jpeg"}],"twitter_card":"summary_large_image","twitter_misc":{"Gesch\u00e4tzte Lesezeit":"2\u00a0Minuten"},"schema":{"@context":"https:\/\/schema.org","@graph":[{"@type":["WebPage","ItemPage"],"@id":"https:\/\/bluedoggenetics.com\/producto\/regular\/ortega\/","url":"https:\/\/bluedoggenetics.com\/producto\/regular\/ortega\/","name":"Ortega - BLUEDOG GENETICS-Samen","isPartOf":{"@id":"https:\/\/bluedoggenetics.com\/de\/#website"},"primaryImageOfPage":{"@id":"https:\/\/bluedoggenetics.com\/producto\/regular\/ortega\/#primaryimage"},"image":{"@id":"https:\/\/bluedoggenetics.com\/producto\/regular\/ortega\/#primaryimage"},"thumbnailUrl":"https:\/\/bluedoggenetics.com\/wp-content\/uploads\/2026\/03\/140304_2196047_pimcore_1_1.jpg","datePublished":"2026-03-30T22:34:03+00:00","dateModified":"2026-05-06T12:59:57+00:00","description":"Ortega von Mr Nice Seedbank. Kultivieren Sie Ihre eigene Legende. THC 18-24 %, Knoblauchgeschmack und euphorische Wirkung. TOP-Qualit\u00e4t. Kaufen Sie sie hier!","breadcrumb":{"@id":"https:\/\/bluedoggenetics.com\/producto\/regular\/ortega\/#breadcrumb"},"inLanguage":"de","potentialAction":[{"@type":"ReadAction","target":["https:\/\/bluedoggenetics.com\/producto\/regular\/ortega\/"]}]},{"@type":"ImageObject","inLanguage":"de","@id":"https:\/\/bluedoggenetics.com\/producto\/regular\/ortega\/#primaryimage","url":"https:\/\/bluedoggenetics.com\/wp-content\/uploads\/2026\/03\/140304_2196047_pimcore_1_1.jpg","contentUrl":"https:\/\/bluedoggenetics.com\/wp-content\/uploads\/2026\/03\/140304_2196047_pimcore_1_1.jpg","width":600,"height":450},{"@type":"BreadcrumbList","@id":"https:\/\/bluedoggenetics.com\/producto\/regular\/ortega\/#breadcrumb","itemListElement":[{"@type":"ListItem","position":1,"name":"Portada","item":"https:\/\/bluedoggenetics.com\/"},{"@type":"ListItem","position":2,"name":"Tienda","item":"https:\/\/bluedoggenetics.com\/fr\/tienda\/"},{"@type":"ListItem","position":3,"name":"Ortega"}]},{"@type":"WebSite","@id":"https:\/\/bluedoggenetics.com\/de\/#website","url":"https:\/\/bluedoggenetics.com\/de\/","name":"BLUEDOG GENETICS Seeds","description":"Vergleiche und kaufe die besten Hanfsamen. Feminisiert, Autoflowering, CBD.","publisher":{"@id":"https:\/\/bluedoggenetics.com\/de\/#organization"},"alternateName":"BLUEDOG GENETICS","potentialAction":[{"@type":"SearchAction","target":{"@type":"EntryPoint","urlTemplate":"https:\/\/bluedoggenetics.com\/de\/?s={search_term_string}"},"query-input":{"@type":"PropertyValueSpecification","valueRequired":true,"valueName":"search_term_string"}}],"inLanguage":"de"},{"@type":"Organization","@id":"https:\/\/bluedoggenetics.com\/de\/#organization","name":"BLUEDOG GENETICS","url":"https:\/\/bluedoggenetics.com\/de\/","logo":{"@type":"ImageObject","inLanguage":"de","@id":"https:\/\/bluedoggenetics.com\/de\/#\/schema\/logo\/image\/","url":"https:\/\/bluedoggenetics.com\/wp-content\/uploads\/2024\/11\/appIcon.png","contentUrl":"https:\/\/bluedoggenetics.com\/wp-content\/uploads\/2024\/11\/appIcon.png","width":1024,"height":1024,"caption":"BLUEDOG GENETICS"},"image":{"@id":"https:\/\/bluedoggenetics.com\/de\/#\/schema\/logo\/image\/"},"sameAs":["https:\/\/www.instagram.com\/bluedog.genetics\/"]}]}},"sticker_url":null,"variations_full":[{"id":6448,"price":68,"regular_price":68,"attributes":{"attribute_pa_cantidad":"18-reg"},"image_src":"https:\/\/bluedoggenetics.com\/wp-content\/uploads\/2026\/03\/140304_2196047_pimcore_1_1.jpg","is_in_stock":true}],"jetpack_sharing_enabled":true,"_links":{"self":[{"href":"https:\/\/bluedoggenetics.com\/de\/wp-json\/wp\/v2\/product\/6430","targetHints":{"allow":["GET"]}}],"collection":[{"href":"https:\/\/bluedoggenetics.com\/de\/wp-json\/wp\/v2\/product"}],"about":[{"href":"https:\/\/bluedoggenetics.com\/de\/wp-json\/wp\/v2\/types\/product"}],"wp:featuredmedia":[{"embeddable":true,"href":"https:\/\/bluedoggenetics.com\/de\/wp-json\/wp\/v2\/media\/6447"}],"wp:attachment":[{"href":"https:\/\/bluedoggenetics.com\/de\/wp-json\/wp\/v2\/media?parent=6430"}],"wp:term":[{"taxonomy":"product_brand","embeddable":true,"href":"https:\/\/bluedoggenetics.com\/de\/wp-json\/wp\/v2\/product_brand?post=6430"},{"taxonomy":"product_cat","embeddable":true,"href":"https:\/\/bluedoggenetics.com\/de\/wp-json\/wp\/v2\/product_cat?post=6430"},{"taxonomy":"product_tag","embeddable":true,"href":"https:\/\/bluedoggenetics.com\/de\/wp-json\/wp\/v2\/product_tag?post=6430"}],"curies":[{"name":"wp","href":"https:\/\/api.w.org\/{rel}","templated":true}]}}