{"id":6429,"date":"2026-03-31T00:34:03","date_gmt":"2026-03-30T22:34:03","guid":{"rendered":"https:\/\/bluedoggenetics.com\/?post_type=product&#038;p=6429"},"modified":"2026-05-06T14:59:57","modified_gmt":"2026-05-06T12:59:57","slug":"nordle-afghan-skunk","status":"publish","type":"product","link":"https:\/\/bluedoggenetics.com\/de\/produkt\/regular\/nordle-afghan-skunk\/","title":{"rendered":"Nordle (Afghan Skunk)"},"content":{"rendered":"<p>Pures Feuer und tiefe Entspannung. Der <strong>Nordle (Afghan Skunk)<\/strong> von der renommierten Bank <strong>Mr Nice Seedbank<\/strong> Es handelt sich um eine Elite-Sorte, die Sie mit ihrer sehr hohen Harzproduktion und ihrer starken Wirkung zum Verlieben bringt. Es hinterl\u00e4sst intensive Fruchtnoten und einen Hauch von Schokolade auf Ihrem Gaumen und umh\u00fcllt Sie mit einem Gef\u00fchl un\u00fcbertroffener Ruhe. Es handelt sich um die ultimative Sorte f\u00fcr die Nacht, die von all jenen gesch\u00e4tzt wird, die einen tiefen Hei\u00dfhungerzustand und v\u00f6llige Entspannung suchen.<\/p>\n<p><b>Blumenbild.<\/b> Manik\u00fcre wird eine schwierige Aufgabe sein. Ihre Bl\u00fcten sind hart wie Diamanten und haben eine spektakul\u00e4re Dichte. Am Ende ihres Lebenszyklus ist sie von einer dicken Schicht wei\u00dfer Trichome bedeckt. Bei sinkenden Temperaturen gibt es normalerweise wundersch\u00f6ne violette und bl\u00e4uliche T\u00f6ne ab.<\/p>\n<p><b>Pflanzenmorphologie.<\/b> Er w\u00e4chst wie ein Champion: kurz, gedrungen und \u00e4u\u00dferst robust. Ihr zentraler Stamm ist besonders dick, von der Natur so gestaltet, dass er das brutale Gewicht ihrer zentralen Knospe tragen kann, und weist riesige, dunkelgr\u00fcne Bl\u00e4tter auf.<\/p>\n<h3><b>Anbautipps<\/b><\/h3>\n<ul>\n<li><strong>Was ist das ideale Klima f\u00fcr den Anbau von Nordle (Afghan Skunk) ?<\/strong><br \/>Sein Widerstand ist legend\u00e4r. Sie passt sich ph\u00e4nomenal an k\u00fchleres, kontinentales oder bergiges Klima an und \u00fcbersteht drastische Nachttemperaturabf\u00e4lle viel besser als \u00e4quatoriale Sorten.<\/li>\n<li><strong>Welche Trainingstechniken funktionieren am besten mit Nordle (Afghan Skunk) ?<\/strong><br \/>Wenn Sie drinnen anbauen, ist die SOG-Methode (Sea of \u200b\u200bGreen) Ihr bester Verb\u00fcndeter. Indem sie ihre St\u00e4rke in einer riesigen zentralen Cola konzentrieren, k\u00f6nnen Dutzende dieser Pflanzen aneinandergereiht werden, um den Ertrag pro Quadratmeter zu maximieren, ohne dass ein komplexer Schnitt erforderlich ist.<\/li>\n<li><strong>Welche Art der D\u00fcngung ben\u00f6tigt Nordle (Afghan Skunk) ?<\/strong><br \/>Es ist eine rustikale Pflanze mit gro\u00dfem Appetit. In voller Bl\u00fcte nimmt sie gro\u00dfz\u00fcgige Dosen Phosphor und Kalium (PK) gerne auf, um ihre schweren Bl\u00fcten bis zum \u00c4u\u00dfersten abzuh\u00e4rten.<\/li>\n<li><strong>Wie sollten die Bew\u00e4sserung und Luftfeuchtigkeit f\u00fcr Nordle (Afghan Skunk) sein?<\/strong><br \/>Da ihre Bl\u00fcten eine undurchdringliche Mauer darstellen, ist \u00fcberm\u00e4\u00dfige Luftfeuchtigkeit ihr schlimmster Feind. Gie\u00dfen Sie w\u00e4hrend der Bl\u00fcte sparsam und sorgen Sie daf\u00fcr, dass die Luft durch oszillierende Ventilatoren bewegt wird, um Botrytis vorzubeugen.<\/li>\n<li><strong>Ist es notwendig, die Nordle (Afghan Skunk) -Pflanze zu beschneiden?<\/strong><br \/>Sie sch\u00e4tzt eine gute Blattentfernung in der mittleren Bl\u00fctephase. Entfernen Sie die riesigen \u201eF\u00e4cherbl\u00e4tter\u201c. die Schatten spenden, erm\u00f6glichen es dem Licht, die niedrigen Bereiche zu erreichen, wodurch die Satellitenknospen dicker werden, die sonst hohl bleiben w\u00fcrden.<\/li>\n<\/ul>","protected":false},"excerpt":{"rendered":"<p>Entdecken Sie die <strong>Nordle (Afghan Skunk)<\/strong> von <strong>Mr Nice Seedbank<\/strong>, eine Hybridgenetik, die Sie mit ihren ausgepr\u00e4gten Frucht- und Schokoladennuancen \u00fcberraschen wird. Mit einem THC-Gehalt von 18\u201324 % ist sie ideal f\u00fcr alle, die einen erstklassigen Knabbereieffekt suchen.<\/p>","protected":false},"featured_media":6445,"template":"","meta":{"_acf_changed":false,"inline_featured_image":false,"_wp_applaud_exclude":false},"product_brand":[291],"product_cat":[309],"product_tag":[],"class_list":{"0":"post-6429","1":"product","2":"type-product","3":"status-publish","4":"has-post-thumbnail","6":"product_brand-mr-nice-seedbank","7":"product_cat-regular","8":"pa_altura-exterior-150-180","9":"pa_altura-interior-90-120","10":"pa_beneficios-terapeuticos-alivio-del-dolor","11":"pa_beneficios-terapeuticos-reduccion-de-nauseas","12":"pa_cantidad-18-reg","13":"pa_clima-calido","14":"pa_cosecha-exterior-450-550","15":"pa_cosecha-interior-400-500","16":"pa_efectos-destacables-activo","17":"pa_efectos-destacables-euforico","18":"pa_efectos-destacables-munchies","19":"pa_floracion-10-12","20":"pa_genetica-50-50","21":"pa_olor-intenso","22":"pa_sabores-y-olores-afrutado","23":"pa_sabores-y-olores-chocolate","24":"pa_sabores-y-olores-quimico","25":"pa_sabores-y-olores-skunk","26":"pa_thc-18-24","27":"pa_variedad-hibrida","29":"first","30":"instock","31":"taxable","32":"shipping-taxable","33":"purchasable","34":"product-type-variable"},"acf":{"sticker":false,"family_tree":""},"yoast_head":"<!-- This site is optimized with the Yoast SEO plugin v26.5 - https:\/\/yoast.com\/wordpress\/plugins\/seo\/ -->\n<title>Nordle (Afghan Skunk) - BLUEDOG GENETICS Seeds<\/title>\n<meta name=\"description\" content=\"Nordle (Afghan Skunk) de Mr Nice Seedbank. Cultiva tu propia leyenda. THC 18-24%, sabor a afrutado y efecto munchies. Calidad TOP. \u00a1C\u00f3mpralas aqu\u00ed!\" \/>\n<meta name=\"robots\" content=\"index, follow, max-snippet:-1, max-image-preview:large, max-video-preview:-1\" \/>\n<link rel=\"canonical\" href=\"https:\/\/bluedoggenetics.com\/de\/produkt\/regular\/nordle-afghan-skunk\/\" \/>\n<meta property=\"og:locale\" content=\"de_DE\" \/>\n<meta property=\"og:type\" content=\"article\" \/>\n<meta property=\"og:title\" content=\"Nordle (Afghan Skunk) - BLUEDOG GENETICS Seeds\" \/>\n<meta property=\"og:description\" content=\"Nordle (Afghan Skunk) de Mr Nice Seedbank. Cultiva tu propia leyenda. THC 18-24%, sabor a afrutado y efecto munchies. Calidad TOP. \u00a1C\u00f3mpralas aqu\u00ed!\" \/>\n<meta property=\"og:url\" content=\"https:\/\/bluedoggenetics.com\/de\/produkt\/regular\/nordle-afghan-skunk\/\" \/>\n<meta property=\"og:site_name\" content=\"BLUEDOG GENETICS Seeds\" \/>\n<meta property=\"article:modified_time\" content=\"2026-05-06T12:59:57+00:00\" \/>\n<meta property=\"og:image\" content=\"https:\/\/bluedoggenetics.com\/wp-content\/uploads\/2026\/03\/140325_2196089_pimcore_1_1.jpg\" \/>\n\t<meta property=\"og:image:width\" content=\"900\" \/>\n\t<meta property=\"og:image:height\" content=\"745\" \/>\n\t<meta property=\"og:image:type\" content=\"image\/jpeg\" \/>\n<meta name=\"twitter:card\" content=\"summary_large_image\" \/>\n<meta name=\"twitter:label1\" content=\"Gesch\u00e4tzte Lesezeit\" \/>\n\t<meta name=\"twitter:data1\" content=\"2\u00a0Minuten\" \/>\n<script type=\"application\/ld+json\" class=\"yoast-schema-graph\">{\"@context\":\"https:\/\/schema.org\",\"@graph\":[{\"@type\":[\"WebPage\",\"ItemPage\"],\"@id\":\"https:\/\/bluedoggenetics.com\/producto\/regular\/nordle-afghan-skunk\/\",\"url\":\"https:\/\/bluedoggenetics.com\/producto\/regular\/nordle-afghan-skunk\/\",\"name\":\"Nordle (Afghan Skunk) - BLUEDOG GENETICS Seeds\",\"isPartOf\":{\"@id\":\"https:\/\/bluedoggenetics.com\/de\/#website\"},\"primaryImageOfPage\":{\"@id\":\"https:\/\/bluedoggenetics.com\/producto\/regular\/nordle-afghan-skunk\/#primaryimage\"},\"image\":{\"@id\":\"https:\/\/bluedoggenetics.com\/producto\/regular\/nordle-afghan-skunk\/#primaryimage\"},\"thumbnailUrl\":\"https:\/\/bluedoggenetics.com\/wp-content\/uploads\/2026\/03\/140325_2196089_pimcore_1_1.jpg\",\"datePublished\":\"2026-03-30T22:34:03+00:00\",\"dateModified\":\"2026-05-06T12:59:57+00:00\",\"description\":\"Nordle (Afghan Skunk) de Mr Nice Seedbank. Cultiva tu propia leyenda. THC 18-24%, sabor a afrutado y efecto munchies. Calidad TOP. \u00a1C\u00f3mpralas aqu\u00ed!\",\"breadcrumb\":{\"@id\":\"https:\/\/bluedoggenetics.com\/producto\/regular\/nordle-afghan-skunk\/#breadcrumb\"},\"inLanguage\":\"de\",\"potentialAction\":[{\"@type\":\"ReadAction\",\"target\":[\"https:\/\/bluedoggenetics.com\/producto\/regular\/nordle-afghan-skunk\/\"]}]},{\"@type\":\"ImageObject\",\"inLanguage\":\"de\",\"@id\":\"https:\/\/bluedoggenetics.com\/producto\/regular\/nordle-afghan-skunk\/#primaryimage\",\"url\":\"https:\/\/bluedoggenetics.com\/wp-content\/uploads\/2026\/03\/140325_2196089_pimcore_1_1.jpg\",\"contentUrl\":\"https:\/\/bluedoggenetics.com\/wp-content\/uploads\/2026\/03\/140325_2196089_pimcore_1_1.jpg\",\"width\":900,\"height\":745},{\"@type\":\"BreadcrumbList\",\"@id\":\"https:\/\/bluedoggenetics.com\/producto\/regular\/nordle-afghan-skunk\/#breadcrumb\",\"itemListElement\":[{\"@type\":\"ListItem\",\"position\":1,\"name\":\"Portada\",\"item\":\"https:\/\/bluedoggenetics.com\/\"},{\"@type\":\"ListItem\",\"position\":2,\"name\":\"Tienda\",\"item\":\"https:\/\/bluedoggenetics.com\/fr\/tienda\/\"},{\"@type\":\"ListItem\",\"position\":3,\"name\":\"Nordle (Afghan Skunk)\"}]},{\"@type\":\"WebSite\",\"@id\":\"https:\/\/bluedoggenetics.com\/de\/#website\",\"url\":\"https:\/\/bluedoggenetics.com\/de\/\",\"name\":\"BLUEDOG GENETICS Seeds\",\"description\":\"Compara y compra las mejores semillas de cannabis. Feminizadas, Autoflorecientes, CBD.\",\"publisher\":{\"@id\":\"https:\/\/bluedoggenetics.com\/de\/#organization\"},\"alternateName\":\"BLUEDOG GENETICS\",\"potentialAction\":[{\"@type\":\"SearchAction\",\"target\":{\"@type\":\"EntryPoint\",\"urlTemplate\":\"https:\/\/bluedoggenetics.com\/de\/?s={search_term_string}\"},\"query-input\":{\"@type\":\"PropertyValueSpecification\",\"valueRequired\":true,\"valueName\":\"search_term_string\"}}],\"inLanguage\":\"de\"},{\"@type\":\"Organization\",\"@id\":\"https:\/\/bluedoggenetics.com\/de\/#organization\",\"name\":\"BLUEDOG GENETICS\",\"url\":\"https:\/\/bluedoggenetics.com\/de\/\",\"logo\":{\"@type\":\"ImageObject\",\"inLanguage\":\"de\",\"@id\":\"https:\/\/bluedoggenetics.com\/de\/#\/schema\/logo\/image\/\",\"url\":\"https:\/\/bluedoggenetics.com\/wp-content\/uploads\/2024\/11\/appIcon.png\",\"contentUrl\":\"https:\/\/bluedoggenetics.com\/wp-content\/uploads\/2024\/11\/appIcon.png\",\"width\":1024,\"height\":1024,\"caption\":\"BLUEDOG GENETICS\"},\"image\":{\"@id\":\"https:\/\/bluedoggenetics.com\/de\/#\/schema\/logo\/image\/\"},\"sameAs\":[\"https:\/\/www.instagram.com\/bluedog.genetics\/\"]}]}<\/script>\n<!-- \/ Yoast SEO plugin. -->","yoast_head_json":{"title":"Nordle (Afghan Skunk) - BLUEDOG GENETICS-Samen","description":"Nordle (Afghan Skunk) von Mr Nice Seedbank. Kultivieren Sie Ihre eigene Legende. THC 18\u201324 %, fruchtiger Geschmack und Hei\u00dfhunger-Effekt. TOP-Qualit\u00e4t. Kaufen Sie sie hier!","robots":{"index":"index","follow":"follow","max-snippet":"max-snippet:-1","max-image-preview":"max-image-preview:large","max-video-preview":"max-video-preview:-1"},"canonical":"https:\/\/bluedoggenetics.com\/de\/produkt\/regular\/nordle-afghan-skunk\/","og_locale":"de_DE","og_type":"article","og_title":"Nordle (Afghan Skunk) - BLUEDOG GENETICS Seeds","og_description":"Nordle (Afghan Skunk) de Mr Nice Seedbank. Cultiva tu propia leyenda. THC 18-24%, sabor a afrutado y efecto munchies. Calidad TOP. \u00a1C\u00f3mpralas aqu\u00ed!","og_url":"https:\/\/bluedoggenetics.com\/de\/produkt\/regular\/nordle-afghan-skunk\/","og_site_name":"BLUEDOG GENETICS Seeds","article_modified_time":"2026-05-06T12:59:57+00:00","og_image":[{"width":900,"height":745,"url":"https:\/\/bluedoggenetics.com\/wp-content\/uploads\/2026\/03\/140325_2196089_pimcore_1_1.jpg","type":"image\/jpeg"}],"twitter_card":"summary_large_image","twitter_misc":{"Gesch\u00e4tzte Lesezeit":"2\u00a0Minuten"},"schema":{"@context":"https:\/\/schema.org","@graph":[{"@type":["WebPage","ItemPage"],"@id":"https:\/\/bluedoggenetics.com\/producto\/regular\/nordle-afghan-skunk\/","url":"https:\/\/bluedoggenetics.com\/producto\/regular\/nordle-afghan-skunk\/","name":"Nordle (Afghan Skunk) - BLUEDOG GENETICS-Samen","isPartOf":{"@id":"https:\/\/bluedoggenetics.com\/de\/#website"},"primaryImageOfPage":{"@id":"https:\/\/bluedoggenetics.com\/producto\/regular\/nordle-afghan-skunk\/#primaryimage"},"image":{"@id":"https:\/\/bluedoggenetics.com\/producto\/regular\/nordle-afghan-skunk\/#primaryimage"},"thumbnailUrl":"https:\/\/bluedoggenetics.com\/wp-content\/uploads\/2026\/03\/140325_2196089_pimcore_1_1.jpg","datePublished":"2026-03-30T22:34:03+00:00","dateModified":"2026-05-06T12:59:57+00:00","description":"Nordle (Afghan Skunk) von Mr Nice Seedbank. Kultivieren Sie Ihre eigene Legende. THC 18\u201324 %, fruchtiger Geschmack und Hei\u00dfhunger-Effekt. TOP-Qualit\u00e4t. Kaufen Sie sie hier!","breadcrumb":{"@id":"https:\/\/bluedoggenetics.com\/producto\/regular\/nordle-afghan-skunk\/#breadcrumb"},"inLanguage":"de","potentialAction":[{"@type":"ReadAction","target":["https:\/\/bluedoggenetics.com\/producto\/regular\/nordle-afghan-skunk\/"]}]},{"@type":"ImageObject","inLanguage":"de","@id":"https:\/\/bluedoggenetics.com\/producto\/regular\/nordle-afghan-skunk\/#primaryimage","url":"https:\/\/bluedoggenetics.com\/wp-content\/uploads\/2026\/03\/140325_2196089_pimcore_1_1.jpg","contentUrl":"https:\/\/bluedoggenetics.com\/wp-content\/uploads\/2026\/03\/140325_2196089_pimcore_1_1.jpg","width":900,"height":745},{"@type":"BreadcrumbList","@id":"https:\/\/bluedoggenetics.com\/producto\/regular\/nordle-afghan-skunk\/#breadcrumb","itemListElement":[{"@type":"ListItem","position":1,"name":"Portada","item":"https:\/\/bluedoggenetics.com\/"},{"@type":"ListItem","position":2,"name":"Tienda","item":"https:\/\/bluedoggenetics.com\/fr\/tienda\/"},{"@type":"ListItem","position":3,"name":"Nordle (Afghan Skunk)"}]},{"@type":"WebSite","@id":"https:\/\/bluedoggenetics.com\/de\/#website","url":"https:\/\/bluedoggenetics.com\/de\/","name":"BLUEDOG GENETICS Seeds","description":"Vergleiche und kaufe die besten Hanfsamen. Feminisiert, Autoflowering, CBD.","publisher":{"@id":"https:\/\/bluedoggenetics.com\/de\/#organization"},"alternateName":"BLUEDOG GENETICS","potentialAction":[{"@type":"SearchAction","target":{"@type":"EntryPoint","urlTemplate":"https:\/\/bluedoggenetics.com\/de\/?s={search_term_string}"},"query-input":{"@type":"PropertyValueSpecification","valueRequired":true,"valueName":"search_term_string"}}],"inLanguage":"de"},{"@type":"Organization","@id":"https:\/\/bluedoggenetics.com\/de\/#organization","name":"BLUEDOG GENETICS","url":"https:\/\/bluedoggenetics.com\/de\/","logo":{"@type":"ImageObject","inLanguage":"de","@id":"https:\/\/bluedoggenetics.com\/de\/#\/schema\/logo\/image\/","url":"https:\/\/bluedoggenetics.com\/wp-content\/uploads\/2024\/11\/appIcon.png","contentUrl":"https:\/\/bluedoggenetics.com\/wp-content\/uploads\/2024\/11\/appIcon.png","width":1024,"height":1024,"caption":"BLUEDOG GENETICS"},"image":{"@id":"https:\/\/bluedoggenetics.com\/de\/#\/schema\/logo\/image\/"},"sameAs":["https:\/\/www.instagram.com\/bluedog.genetics\/"]}]}},"sticker_url":null,"variations_full":[{"id":6446,"price":57,"regular_price":57,"attributes":{"attribute_pa_cantidad":"18-reg"},"image_src":"https:\/\/bluedoggenetics.com\/wp-content\/uploads\/2026\/03\/140325_2196089_pimcore_1_1-600x497.jpg","is_in_stock":true}],"jetpack_sharing_enabled":true,"_links":{"self":[{"href":"https:\/\/bluedoggenetics.com\/de\/wp-json\/wp\/v2\/product\/6429","targetHints":{"allow":["GET"]}}],"collection":[{"href":"https:\/\/bluedoggenetics.com\/de\/wp-json\/wp\/v2\/product"}],"about":[{"href":"https:\/\/bluedoggenetics.com\/de\/wp-json\/wp\/v2\/types\/product"}],"wp:featuredmedia":[{"embeddable":true,"href":"https:\/\/bluedoggenetics.com\/de\/wp-json\/wp\/v2\/media\/6445"}],"wp:attachment":[{"href":"https:\/\/bluedoggenetics.com\/de\/wp-json\/wp\/v2\/media?parent=6429"}],"wp:term":[{"taxonomy":"product_brand","embeddable":true,"href":"https:\/\/bluedoggenetics.com\/de\/wp-json\/wp\/v2\/product_brand?post=6429"},{"taxonomy":"product_cat","embeddable":true,"href":"https:\/\/bluedoggenetics.com\/de\/wp-json\/wp\/v2\/product_cat?post=6429"},{"taxonomy":"product_tag","embeddable":true,"href":"https:\/\/bluedoggenetics.com\/de\/wp-json\/wp\/v2\/product_tag?post=6429"}],"curies":[{"name":"wp","href":"https:\/\/api.w.org\/{rel}","templated":true}]}}