{"id":6365,"date":"2026-03-31T00:33:17","date_gmt":"2026-03-30T22:33:17","guid":{"rendered":"https:\/\/bluedoggenetics.com\/?post_type=product&#038;p=6365"},"modified":"2026-05-06T14:59:40","modified_gmt":"2026-05-06T12:59:40","slug":"g13-haze","status":"publish","type":"product","link":"https:\/\/bluedoggenetics.com\/de\/produkt\/regular\/g13-haze\/","title":{"rendered":"G13 Haze"},"content":{"rendered":"<p>Wenn Sie auf der Suche nach einem anregenden und rein zerebralen Erlebnis sind, dann sind Sie hier genau richtig <strong>G13 Haze<\/strong> von <strong>Mr Nice Seedbank<\/strong> Es wird alle Ihre Erwartungen \u00fcbertreffen. Dieses Meisterwerk wurde sorgf\u00e4ltig gekreuzt, um seine wilde tropische Kraft zu bewahren und bietet ein Terpenprofil, bei dem Kr\u00e4uter- und Weihrauchnuancen vorherrschen. Machen Sie sich bereit f\u00fcr einen sofortigen mentalen Start, der die Kreativit\u00e4t und einen kreativen Zustand f\u00f6rdert, ideal zum Teilen mit Freunden oder zur Ausf\u00fchrung k\u00fcnstlerischer Aufgaben.<\/p>\n<p><b>Blumenbild.<\/b> Auf visueller Ebene ist es ein Naturschauspiel. Ihre Bl\u00fcten verl\u00e4ngern sich zu \u201eFuchsschw\u00e4nzen\u201c und hinterlassen eine luftige, aber \u00fcberraschend schwere Struktur. Das reichlich vorhandene und klebrige Harz bedeckt jeden Kelch und bildet einen wunderbaren Kontrast zu einem Meer aus orangefarbenen Stempeln.<\/p>\n<p><b>Pflanzenmorphologie.<\/b> Sein genetisches Erbe wird bereits in den ersten Wachstumswochen deutlich. Es hat eine sehr ausgepr\u00e4gte vertikale Ausdehnung, breite Internodien und sehr d\u00fcnne Bl\u00e4tter. Diese offene Struktur ist ein immenser Vorteil, da sie das Licht bis in die untersten Bereiche vordringen l\u00e4sst und der Entstehung von Pilzen wirksam vorbeugt.<\/p>\n<h3><b>Anbautipps<\/b><\/h3>\n<ul>\n<li><strong>Was ist das ideale Klima f\u00fcr den Anbau von G13 Haze ?<\/strong><br \/>Diese Linie liebt Hitze und lange Sommersaisonen. Im Freien, in warmen oder mediterranen Klimazonen, kann er zu einem echten Baum werden. Achten Sie im Innenbereich auf stabile Temperaturen um 25\u201327 \u00b0C.<\/li>\n<li><strong>Welche Trainingstechniken funktionieren am besten mit G13 Haze ?<\/strong><br \/>Seine Gr\u00f6\u00dfe ist seine gr\u00f6\u00dfte Herausforderung im Rampenlicht. Techniken wie Supercropping, LST (Low Stress Training) oder die Verwendung von SCROG-Netzwerken sind fast obligatorisch, um das Wachstum zu b\u00e4ndigen und einen gleichm\u00e4\u00dfigen Bl\u00e4tterdach voller Hauptschw\u00e4nze zu erreichen.<\/li>\n<li><strong>Welche Art der D\u00fcngung ben\u00f6tigt G13 Haze ?<\/strong><br \/>Sie neigen dazu, mit Essen gut zurechtzukommen. Wir empfehlen ein sanftes D\u00fcngeprogramm und achten besonders darauf, die Pflanze nicht mit Stickstoff zu \u00fcberdosieren, da sie im Anfangsstadium anf\u00e4llig f\u00fcr \u00dcberd\u00fcngung ist.<\/li>\n<li><strong>Wie sollten die Bew\u00e4sserung und Luftfeuchtigkeit f\u00fcr G13 Haze sein?<\/strong><br \/>Es ben\u00f6tigt einen sehr bel\u00fcfteten Untergrund, der schnell entw\u00e4ssert. Etwas Durst vertr\u00e4gt er besser als st\u00e4ndige Staun\u00e4sse, die seine langen Wurzeln ersticken l\u00e4sst.<\/li>\n<li><strong>Ist es notwendig, die G13 Haze -Pflanze zu beschneiden?<\/strong><br \/>Ein geringer Schnitt wird unbedingt empfohlen. Indem Sie das untere Drittel der Pflanze reinigen, leiten Sie den gesamten Pflanzensaft in Richtung der Krone, wodurch erstklassige Bl\u00fcten entstehen und die Unterl\u00fcftung erheblich erleichtert wird.<\/li>\n<\/ul>","protected":false},"excerpt":{"rendered":"<p>Die <strong>G13 Haze<\/strong> ist ein Synonym f\u00fcr Exzellenz von Mr Nice Seedbank. Eine Hybridsorte, die einen kraftvollen THC-Gehalt von 18\u201324 % mit k\u00f6stlichen Kr\u00e4uteraromen kombiniert. Genie\u00dfen Sie ein zutiefst kreatives Erlebnis.<\/p>","protected":false},"featured_media":6386,"template":"","meta":{"_acf_changed":false,"inline_featured_image":false,"_wp_applaud_exclude":false},"product_brand":[291],"product_cat":[309],"product_tag":[],"class_list":{"0":"post-6365","1":"product","2":"type-product","3":"status-publish","4":"has-post-thumbnail","6":"product_brand-mr-nice-seedbank","7":"product_cat-regular","8":"pa_altura-exterior-150-180","9":"pa_altura-interior-90-120","10":"pa_beneficios-terapeuticos-alivio-de-ansiedad","11":"pa_beneficios-terapeuticos-reduccion-de-nauseas","12":"pa_cantidad-18-reg","13":"pa_clima-templado","14":"pa_cosecha-exterior-450-550","15":"pa_cosecha-interior-400-500","16":"pa_efectos-destacables-adormecido","17":"pa_efectos-destacables-creativo","18":"pa_floracion-10-12","19":"pa_genetica-50-50","20":"pa_olor-intenso","21":"pa_sabores-y-olores-herbal","22":"pa_sabores-y-olores-incienso","23":"pa_thc-18-24","24":"pa_variedad-hibrida","26":"first","27":"instock","28":"taxable","29":"shipping-taxable","30":"purchasable","31":"product-type-variable"},"acf":{"sticker":false,"family_tree":""},"yoast_head":"<!-- This site is optimized with the Yoast SEO plugin v26.5 - https:\/\/yoast.com\/wordpress\/plugins\/seo\/ -->\n<title>G13 Haze - BLUEDOG GENETICS Seeds<\/title>\n<meta name=\"description\" content=\"G13 Haze de Mr Nice Seedbank. Cultiva tu propia leyenda. THC 18-24%, sabor a herbal y efecto creativo. Calidad TOP. \u00a1C\u00f3mpralas aqu\u00ed!\" \/>\n<meta name=\"robots\" content=\"index, follow, max-snippet:-1, max-image-preview:large, max-video-preview:-1\" \/>\n<link rel=\"canonical\" href=\"https:\/\/bluedoggenetics.com\/de\/produkt\/regular\/g13-haze\/\" \/>\n<meta property=\"og:locale\" content=\"de_DE\" \/>\n<meta property=\"og:type\" content=\"article\" \/>\n<meta property=\"og:title\" content=\"G13 Haze - BLUEDOG GENETICS Seeds\" \/>\n<meta property=\"og:description\" content=\"G13 Haze de Mr Nice Seedbank. Cultiva tu propia leyenda. THC 18-24%, sabor a herbal y efecto creativo. Calidad TOP. \u00a1C\u00f3mpralas aqu\u00ed!\" \/>\n<meta property=\"og:url\" content=\"https:\/\/bluedoggenetics.com\/de\/produkt\/regular\/g13-haze\/\" \/>\n<meta property=\"og:site_name\" content=\"BLUEDOG GENETICS Seeds\" \/>\n<meta property=\"article:modified_time\" content=\"2026-05-06T12:59:40+00:00\" \/>\n<meta property=\"og:image\" content=\"https:\/\/bluedoggenetics.com\/wp-content\/uploads\/2026\/03\/140286_2196017_pimcore_1_1.jpg\" \/>\n\t<meta property=\"og:image:width\" content=\"300\" \/>\n\t<meta property=\"og:image:height\" content=\"398\" \/>\n\t<meta property=\"og:image:type\" content=\"image\/jpeg\" \/>\n<meta name=\"twitter:card\" content=\"summary_large_image\" \/>\n<meta name=\"twitter:label1\" content=\"Gesch\u00e4tzte Lesezeit\" \/>\n\t<meta name=\"twitter:data1\" content=\"2\u00a0Minuten\" \/>\n<script type=\"application\/ld+json\" class=\"yoast-schema-graph\">{\"@context\":\"https:\/\/schema.org\",\"@graph\":[{\"@type\":[\"WebPage\",\"ItemPage\"],\"@id\":\"https:\/\/bluedoggenetics.com\/producto\/regular\/g13-haze\/\",\"url\":\"https:\/\/bluedoggenetics.com\/producto\/regular\/g13-haze\/\",\"name\":\"G13 Haze - BLUEDOG GENETICS Seeds\",\"isPartOf\":{\"@id\":\"https:\/\/bluedoggenetics.com\/de\/#website\"},\"primaryImageOfPage\":{\"@id\":\"https:\/\/bluedoggenetics.com\/producto\/regular\/g13-haze\/#primaryimage\"},\"image\":{\"@id\":\"https:\/\/bluedoggenetics.com\/producto\/regular\/g13-haze\/#primaryimage\"},\"thumbnailUrl\":\"https:\/\/bluedoggenetics.com\/wp-content\/uploads\/2026\/03\/140286_2196017_pimcore_1_1.jpg\",\"datePublished\":\"2026-03-30T22:33:17+00:00\",\"dateModified\":\"2026-05-06T12:59:40+00:00\",\"description\":\"G13 Haze de Mr Nice Seedbank. Cultiva tu propia leyenda. THC 18-24%, sabor a herbal y efecto creativo. Calidad TOP. \u00a1C\u00f3mpralas aqu\u00ed!\",\"breadcrumb\":{\"@id\":\"https:\/\/bluedoggenetics.com\/producto\/regular\/g13-haze\/#breadcrumb\"},\"inLanguage\":\"de\",\"potentialAction\":[{\"@type\":\"ReadAction\",\"target\":[\"https:\/\/bluedoggenetics.com\/producto\/regular\/g13-haze\/\"]}]},{\"@type\":\"ImageObject\",\"inLanguage\":\"de\",\"@id\":\"https:\/\/bluedoggenetics.com\/producto\/regular\/g13-haze\/#primaryimage\",\"url\":\"https:\/\/bluedoggenetics.com\/wp-content\/uploads\/2026\/03\/140286_2196017_pimcore_1_1.jpg\",\"contentUrl\":\"https:\/\/bluedoggenetics.com\/wp-content\/uploads\/2026\/03\/140286_2196017_pimcore_1_1.jpg\",\"width\":300,\"height\":398},{\"@type\":\"BreadcrumbList\",\"@id\":\"https:\/\/bluedoggenetics.com\/producto\/regular\/g13-haze\/#breadcrumb\",\"itemListElement\":[{\"@type\":\"ListItem\",\"position\":1,\"name\":\"Portada\",\"item\":\"https:\/\/bluedoggenetics.com\/\"},{\"@type\":\"ListItem\",\"position\":2,\"name\":\"Tienda\",\"item\":\"https:\/\/bluedoggenetics.com\/fr\/tienda\/\"},{\"@type\":\"ListItem\",\"position\":3,\"name\":\"G13 Haze\"}]},{\"@type\":\"WebSite\",\"@id\":\"https:\/\/bluedoggenetics.com\/de\/#website\",\"url\":\"https:\/\/bluedoggenetics.com\/de\/\",\"name\":\"BLUEDOG GENETICS Seeds\",\"description\":\"Compara y compra las mejores semillas de cannabis. Feminizadas, Autoflorecientes, CBD.\",\"publisher\":{\"@id\":\"https:\/\/bluedoggenetics.com\/de\/#organization\"},\"alternateName\":\"BLUEDOG GENETICS\",\"potentialAction\":[{\"@type\":\"SearchAction\",\"target\":{\"@type\":\"EntryPoint\",\"urlTemplate\":\"https:\/\/bluedoggenetics.com\/de\/?s={search_term_string}\"},\"query-input\":{\"@type\":\"PropertyValueSpecification\",\"valueRequired\":true,\"valueName\":\"search_term_string\"}}],\"inLanguage\":\"de\"},{\"@type\":\"Organization\",\"@id\":\"https:\/\/bluedoggenetics.com\/de\/#organization\",\"name\":\"BLUEDOG GENETICS\",\"url\":\"https:\/\/bluedoggenetics.com\/de\/\",\"logo\":{\"@type\":\"ImageObject\",\"inLanguage\":\"de\",\"@id\":\"https:\/\/bluedoggenetics.com\/de\/#\/schema\/logo\/image\/\",\"url\":\"https:\/\/bluedoggenetics.com\/wp-content\/uploads\/2024\/11\/appIcon.png\",\"contentUrl\":\"https:\/\/bluedoggenetics.com\/wp-content\/uploads\/2024\/11\/appIcon.png\",\"width\":1024,\"height\":1024,\"caption\":\"BLUEDOG GENETICS\"},\"image\":{\"@id\":\"https:\/\/bluedoggenetics.com\/de\/#\/schema\/logo\/image\/\"},\"sameAs\":[\"https:\/\/www.instagram.com\/bluedog.genetics\/\"]}]}<\/script>\n<!-- \/ Yoast SEO plugin. -->","yoast_head_json":{"title":"G13 Haze - BLUEDOG GENETICS-Samen","description":"G13 Haze von Mr Nice Seedbank. Kultivieren Sie Ihre eigene Legende. THC 18-24 %, Kr\u00e4utergeschmack und kreative Wirkung. TOP-Qualit\u00e4t. Kaufen Sie sie hier!","robots":{"index":"index","follow":"follow","max-snippet":"max-snippet:-1","max-image-preview":"max-image-preview:large","max-video-preview":"max-video-preview:-1"},"canonical":"https:\/\/bluedoggenetics.com\/de\/produkt\/regular\/g13-haze\/","og_locale":"de_DE","og_type":"article","og_title":"G13 Haze - BLUEDOG GENETICS Seeds","og_description":"G13 Haze de Mr Nice Seedbank. Cultiva tu propia leyenda. THC 18-24%, sabor a herbal y efecto creativo. Calidad TOP. \u00a1C\u00f3mpralas aqu\u00ed!","og_url":"https:\/\/bluedoggenetics.com\/de\/produkt\/regular\/g13-haze\/","og_site_name":"BLUEDOG GENETICS Seeds","article_modified_time":"2026-05-06T12:59:40+00:00","og_image":[{"width":300,"height":398,"url":"https:\/\/bluedoggenetics.com\/wp-content\/uploads\/2026\/03\/140286_2196017_pimcore_1_1.jpg","type":"image\/jpeg"}],"twitter_card":"summary_large_image","twitter_misc":{"Gesch\u00e4tzte Lesezeit":"2\u00a0Minuten"},"schema":{"@context":"https:\/\/schema.org","@graph":[{"@type":["WebPage","ItemPage"],"@id":"https:\/\/bluedoggenetics.com\/producto\/regular\/g13-haze\/","url":"https:\/\/bluedoggenetics.com\/producto\/regular\/g13-haze\/","name":"G13 Haze - BLUEDOG GENETICS-Samen","isPartOf":{"@id":"https:\/\/bluedoggenetics.com\/de\/#website"},"primaryImageOfPage":{"@id":"https:\/\/bluedoggenetics.com\/producto\/regular\/g13-haze\/#primaryimage"},"image":{"@id":"https:\/\/bluedoggenetics.com\/producto\/regular\/g13-haze\/#primaryimage"},"thumbnailUrl":"https:\/\/bluedoggenetics.com\/wp-content\/uploads\/2026\/03\/140286_2196017_pimcore_1_1.jpg","datePublished":"2026-03-30T22:33:17+00:00","dateModified":"2026-05-06T12:59:40+00:00","description":"G13 Haze von Mr Nice Seedbank. Kultivieren Sie Ihre eigene Legende. THC 18-24 %, Kr\u00e4utergeschmack und kreative Wirkung. TOP-Qualit\u00e4t. Kaufen Sie sie hier!","breadcrumb":{"@id":"https:\/\/bluedoggenetics.com\/producto\/regular\/g13-haze\/#breadcrumb"},"inLanguage":"de","potentialAction":[{"@type":"ReadAction","target":["https:\/\/bluedoggenetics.com\/producto\/regular\/g13-haze\/"]}]},{"@type":"ImageObject","inLanguage":"de","@id":"https:\/\/bluedoggenetics.com\/producto\/regular\/g13-haze\/#primaryimage","url":"https:\/\/bluedoggenetics.com\/wp-content\/uploads\/2026\/03\/140286_2196017_pimcore_1_1.jpg","contentUrl":"https:\/\/bluedoggenetics.com\/wp-content\/uploads\/2026\/03\/140286_2196017_pimcore_1_1.jpg","width":300,"height":398},{"@type":"BreadcrumbList","@id":"https:\/\/bluedoggenetics.com\/producto\/regular\/g13-haze\/#breadcrumb","itemListElement":[{"@type":"ListItem","position":1,"name":"Portada","item":"https:\/\/bluedoggenetics.com\/"},{"@type":"ListItem","position":2,"name":"Tienda","item":"https:\/\/bluedoggenetics.com\/fr\/tienda\/"},{"@type":"ListItem","position":3,"name":"G13 Haze"}]},{"@type":"WebSite","@id":"https:\/\/bluedoggenetics.com\/de\/#website","url":"https:\/\/bluedoggenetics.com\/de\/","name":"BLUEDOG GENETICS Seeds","description":"Vergleiche und kaufe die besten Hanfsamen. Feminisiert, Autoflowering, CBD.","publisher":{"@id":"https:\/\/bluedoggenetics.com\/de\/#organization"},"alternateName":"BLUEDOG GENETICS","potentialAction":[{"@type":"SearchAction","target":{"@type":"EntryPoint","urlTemplate":"https:\/\/bluedoggenetics.com\/de\/?s={search_term_string}"},"query-input":{"@type":"PropertyValueSpecification","valueRequired":true,"valueName":"search_term_string"}}],"inLanguage":"de"},{"@type":"Organization","@id":"https:\/\/bluedoggenetics.com\/de\/#organization","name":"BLUEDOG GENETICS","url":"https:\/\/bluedoggenetics.com\/de\/","logo":{"@type":"ImageObject","inLanguage":"de","@id":"https:\/\/bluedoggenetics.com\/de\/#\/schema\/logo\/image\/","url":"https:\/\/bluedoggenetics.com\/wp-content\/uploads\/2024\/11\/appIcon.png","contentUrl":"https:\/\/bluedoggenetics.com\/wp-content\/uploads\/2024\/11\/appIcon.png","width":1024,"height":1024,"caption":"BLUEDOG GENETICS"},"image":{"@id":"https:\/\/bluedoggenetics.com\/de\/#\/schema\/logo\/image\/"},"sameAs":["https:\/\/www.instagram.com\/bluedog.genetics\/"]}]}},"sticker_url":null,"variations_full":[{"id":6387,"price":80,"regular_price":80,"attributes":{"attribute_pa_cantidad":"18-reg"},"image_src":"https:\/\/bluedoggenetics.com\/wp-content\/uploads\/2026\/03\/140286_2196017_pimcore_1_1.jpg","is_in_stock":true}],"jetpack_sharing_enabled":true,"_links":{"self":[{"href":"https:\/\/bluedoggenetics.com\/de\/wp-json\/wp\/v2\/product\/6365","targetHints":{"allow":["GET"]}}],"collection":[{"href":"https:\/\/bluedoggenetics.com\/de\/wp-json\/wp\/v2\/product"}],"about":[{"href":"https:\/\/bluedoggenetics.com\/de\/wp-json\/wp\/v2\/types\/product"}],"wp:featuredmedia":[{"embeddable":true,"href":"https:\/\/bluedoggenetics.com\/de\/wp-json\/wp\/v2\/media\/6386"}],"wp:attachment":[{"href":"https:\/\/bluedoggenetics.com\/de\/wp-json\/wp\/v2\/media?parent=6365"}],"wp:term":[{"taxonomy":"product_brand","embeddable":true,"href":"https:\/\/bluedoggenetics.com\/de\/wp-json\/wp\/v2\/product_brand?post=6365"},{"taxonomy":"product_cat","embeddable":true,"href":"https:\/\/bluedoggenetics.com\/de\/wp-json\/wp\/v2\/product_cat?post=6365"},{"taxonomy":"product_tag","embeddable":true,"href":"https:\/\/bluedoggenetics.com\/de\/wp-json\/wp\/v2\/product_tag?post=6365"}],"curies":[{"name":"wp","href":"https:\/\/api.w.org\/{rel}","templated":true}]}}