{"id":623,"date":"2024-10-01T05:52:50","date_gmt":"2024-10-01T03:52:50","guid":{"rendered":"https:\/\/bluedoggenetics.com\/?post_type=product&#038;p=623"},"modified":"2026-05-06T14:55:42","modified_gmt":"2026-05-06T12:55:42","slug":"banana-sherbet-feminisierte-cannabissamen","status":"publish","type":"product","link":"https:\/\/bluedoggenetics.com\/de\/produkt\/samen\/feminisierte\/banana-sherbet-feminisierte-cannabissamen\/","title":{"rendered":"Banana Sherbet"},"content":{"rendered":"<p class=\"translation-block\">Wenn Sie auf der Suche nach Cannabissamen waren und sich nicht entscheiden konnten, wird Banana Sherbet Ihnen die Wahl erleichtern. Sie ist die K\u00f6nigin der tropischen Mischungen mit einer Dominanz von 70 % Indica und 30 % Sativa. In nur 8 bis 9 Wochen belohnt sie Sie mit einer reichlichen Ernte: zwischen 450 und 550 Gramm pro Quadratmeter im Innenbereich oder bis zu 850 Gramm pro Pflanze im Au\u00dfenbereich. Diese Sch\u00f6nheit gedeiht am besten in warmen Klimazonen und erreicht ihr volles Potenzial mit <strong>THC-Werten von 20 % bis 26 %.<\/strong> Das Geschmacksprofil ist wie eine Party aus Banane und Sahne mit einem Zitrustwist und bietet eine Mischung, die sowohl beruhigend als auch stimulierend ist. Perfekt f\u00fcr die Momente, in denen Sie sich entspannen, ein gutes Essen genie\u00dfen oder einfach ein angeregtes Gespr\u00e4ch mit Freunden f\u00fchren m\u00f6chten.<\/p>\n<p class=\"translation-block\"><b>Aussehen der Bl\u00fcte.<\/b> Banana Sherbet ist ein visuelles Juwel. <strong>Ihre dichten und gut geformten Bl\u00fcten gl\u00e4nzen mit einem goldenen Schimmer<\/strong> dank der reichlichen Schicht aus harzigen Trichomen. Das lebhafte Gr\u00fcn der Bl\u00fcten wird von orangefarbenen und violetten T\u00f6nen geschm\u00fcckt und schafft ein farbenfrohes Spektakel. Die Textur ist klebrig, und beim Anz\u00fcnden entfaltet sich ein kraftvolles, s\u00fc\u00dfes Aroma, das reife Banane, reichhaltige Sahne und einen Hauch von Zitrusfr\u00fcchten vereint, die Lust auf mehr machen.<\/p>\n<p class=\"translation-block\"><b>Morphologie der Pflanze.<\/b> Diese Pflanze w\u00e4chst beeindruckend gro\u00df und erreicht zwischen 120 und 150 cm im Innenbereich und <strong>bis zu 200 cm im Au\u00dfenbereich.<\/strong> Wenn Sie nach XXL-Cannabissamen f\u00fcr Ihren Garten suchen, brauchen Sie nicht weiter zu suchen\u2014dies ist die ideale Wahl. Ihre robuste Struktur mit starken Zweigen tr\u00e4gt problemlos schwere Bl\u00fcten. Die dunkelgr\u00fcnen Bl\u00e4tter bilden einen sch\u00f6nen Kontrast zu den lebhaften Farben der Bl\u00fcten. Anpassungsf\u00e4hig an warme Klimazonen gedeiht Banana Sherbet besonders gut in der Sonne.<\/p>\n<h3><b>Anbautipps<\/b><\/h3>\n<ul>\n<li style=\"font-weight: 400;\" aria-level=\"1\" class=\"translation-block\"><strong>Welches Klima ist ideal f\u00fcr den Anbau von Banana Sherbet?<\/strong><br>\nFeminisierte Banana Sherbet Cannabissamen bevorzugen warme oder gem\u00e4\u00dfigte Klimazonen mit guter nat\u00fcrlicher Beleuchtung. Sie eignen sich auch hervorragend f\u00fcr den Indoor-Anbau, wenn Luftfeuchtigkeit und Temperatur zwischen 20 und 27\u202f\u00b0C gehalten werden.<\/li>\n<li style=\"font-weight: 400;\" aria-level=\"1\" class=\"translation-block\"><strong>Welche Anbaumethoden funktionieren am besten mit Banana Sherbet?<\/strong><br>\nDank ihrer robusten, verzweigten Struktur spricht diese Sorte gut auf LST und SOG an. Ideal f\u00fcr kontrollierte Umgebungen, in denen eine reiche Bl\u00fcte angestrebt wird.<\/li>\n<li style=\"font-weight: 400;\" aria-level=\"1\" class=\"translation-block\"><strong>Welche D\u00fcngung braucht Banana Sherbet?<\/strong><br>\nW\u00e4hrend der Wachstumsphase ben\u00f6tigt sie eine stickstoffreiche D\u00fcngung. In der Bl\u00fctephase sollte der Phosphor- und Kaliumanteil erh\u00f6ht werden. Der Einsatz von Terpen-Boostern kann den s\u00fc\u00dfen Bananengeschmack intensivieren.<\/li>\n<li style=\"font-weight: 400;\" aria-level=\"1\" class=\"translation-block\"><strong>Wie sollten Bew\u00e4sserung und Luftfeuchtigkeit geregelt werden?<\/strong><br>\nHalte das Substrat zwischen den Wassergaben leicht trocken. W\u00e4hrend der Bl\u00fcte sollte die Luftfeuchtigkeit auf 40\u201350\u202f% gesenkt werden, um Schimmel zu vermeiden und tropische Aromen zu bewahren.<\/li>\n<li style=\"font-weight: 400;\" aria-level=\"1\" class=\"translation-block\"><strong>Ist das Beschneiden der Banana Sherbet notwendig?<\/strong><br>\nJa. Ein apikaler Schnitt w\u00e4hrend der Wachstumsphase und selektives Entlauben in der Vorbl\u00fcte verbessern die Luftzirkulation und Lichtverteilung und steigern sowohl Ertrag als auch Bl\u00fctenqualit\u00e4t.<\/li>\n<\/ul>","protected":false},"excerpt":{"rendered":"<p data-start=\"1286\" data-end=\"1516\">Banana Sherbet ist eine feminisierte Sorte mit tropischem Geschmack und einer ausgewogenen Wirkung zwischen Euphorie und Entspannung. Perfekt f\u00fcr Grower, die harzige, geschmackvolle Bl\u00fcten und gute Ertr\u00e4ge im Indoor- oder Outdoor-Anbau suchen.<\/p>","protected":false},"featured_media":2621,"template":"","meta":{"_acf_changed":false,"inline_featured_image":false,"_wp_applaud_exclude":false},"product_brand":[194],"product_cat":[22],"product_tag":[],"class_list":{"0":"post-623","1":"product","2":"type-product","3":"status-publish","4":"has-post-thumbnail","6":"product_brand-bluedog-genetics","7":"product_cat-feminizadas","8":"pa_altura-exterior-180-200","9":"pa_altura-interior-120-150","10":"pa_beneficios-terapeuticos-alivio-del-dolor","11":"pa_beneficios-terapeuticos-aumento-del-apetito","12":"pa_beneficios-terapeuticos-ayuda-para-dormir","13":"pa_cantidad-pack-1","14":"pa_cantidad-pack-10","15":"pa_cantidad-pack-3","16":"pa_cantidad-pack-5","17":"pa_clima-calido","18":"pa_cosecha-exterior-750-850","19":"pa_cosecha-interior-450-550","20":"pa_efectos-destacables-alegre","21":"pa_efectos-destacables-conversador","22":"pa_efectos-destacables-creativo","23":"pa_efectos-destacables-munchies","24":"pa_efectos-destacables-relajado","25":"pa_efectos-destacables-risueno","26":"pa_floracion-8-9","27":"pa_genetica-70-30","28":"pa_olor-intenso","29":"pa_sabores-y-olores-citrico","30":"pa_sabores-y-olores-cremoso","31":"pa_sabores-y-olores-dulce","32":"pa_sabores-y-olores-tropical","33":"pa_thc-20-26","34":"pa_variedad-indica","35":"pa_variedad-mayormente-indica","37":"first","38":"instock","39":"taxable","40":"shipping-taxable","41":"purchasable","42":"product-type-variable"},"acf":{"sticker":"https:\/\/bluedoggenetics.com\/wp-content\/uploads\/2024\/10\/sticker_banana_sherbet.webp","family_tree":"<ul>\n<li><a href=\"https:\/\/seedfinder.eu\/en\/strain-info\/banana-sherbert\/bluedog-genetics\" target=\"_blank\" rel=\"noopener\">Banana Sherbert<\/a>\n<ul>\n<li><a href=\"https:\/\/seedfinder.eu\/en\/strain-info\/banana-sherbet\/unknown-or-legendary\" target=\"_blank\" rel=\"noopener\">Banana Sherbert<\/a>\n<ul>\n<li><a href=\"https:\/\/seedfinder.eu\/en\/strain-info\/banana-kush\/crockett-family-farms\" target=\"_blank\" rel=\"noopener\">Banana Kush<\/a>\n<ul>\n<li><a href=\"https:\/\/seedfinder.eu\/en\/strain-info\/ghost-og\/clone-only-strains\" target=\"_blank\" rel=\"noopener\">Ghost OG<\/a>\n<ul>\n<li><a href=\"https:\/\/seedfinder.eu\/en\/strain-info\/og-kush\/clone-only-strains\" target=\"_blank\" rel=\"noopener\">OG Kush (pheno: Ghost cut)<\/a><\/li>\n<\/ul>\n<\/li>\n<li>&#8211;\n<ul>\n<li><a href=\"https:\/\/seedfinder.eu\/en\/strain-info\/skunk\/unknown-or-legendary\" target=\"_blank\" rel=\"noopener\">Skunk<\/a>\n<ul>\n<li><a href=\"https:\/\/seedfinder.eu\/en\/strain-info\/skunk-nr1\/cultivators-choice\" target=\"_blank\" rel=\"noopener\">Skunk #1<\/a><\/li>\n<\/ul>\n<\/li>\n<li><a href=\"https:\/\/seedfinder.eu\/en\/strain-info\/haze\/unknown-or-legendary\" target=\"_blank\" rel=\"noopener\">Haze<\/a>\n<ul>\n<li><a href=\"https:\/\/seedfinder.eu\/en\/strain-info\/colombia-sativa\/original-strains\" target=\"_blank\" rel=\"noopener\">Santa Marta Gold<\/a><\/li>\n<li><a href=\"https:\/\/seedfinder.eu\/en\/strain-info\/colombia-sativa\/original-strains\" target=\"_blank\" rel=\"noopener\">Wacky Weed (pheno: aka Chocolate Colombian)<\/a><\/li>\n<li><a href=\"https:\/\/seedfinder.eu\/en\/strain-info\/colombia-sativa\/original-strains\" target=\"_blank\" rel=\"noopener\">Kolumbien<\/a><\/li>\n<\/ul>\n<\/li>\n<\/ul>\n<\/li>\n<\/ul>\n<\/li>\n<li><a href=\"https:\/\/seedfinder.eu\/en\/strain-info\/sunset-sherbert\/unknown-or-legendary\" target=\"_blank\" rel=\"noopener\">Sunset Sherbet<\/a>\n<ul>\n<li><a href=\"https:\/\/seedfinder.eu\/en\/strain-info\/girl-scout-cookies\/clone-only-strains\" target=\"_blank\" rel=\"noopener\">Girl Scout Cookies<\/a>\n<ul>\n<li><a href=\"https:\/\/seedfinder.eu\/en\/strain-info\/gsc-thin-mints\/clone-only-strains\" target=\"_blank\" rel=\"noopener\">Thin Mint GSC<\/a><\/li>\n<\/ul>\n<\/li>\n<li><a href=\"https:\/\/seedfinder.eu\/en\/strain-info\/pink-panties\/unknown-or-legendary\" target=\"_blank\" rel=\"noopener\">Pink Panties<\/a>\n<ul>\n<li><a href=\"https:\/\/seedfinder.eu\/en\/strain-info\/og-kush\/clone-only-strains\" target=\"_blank\" rel=\"noopener\">OG Kush (South Florida)<\/a><\/li>\n<li>&#8211;\n<ul>\n<li><a href=\"https:\/\/seedfinder.eu\/en\/strain-info\/og-kush\/clone-only-strains\" target=\"_blank\" rel=\"noopener\">OG Kush (South Florida)<\/a><\/li>\n<li><a href=\"https:\/\/seedfinder.eu\/en\/strain-info\/burmese\/unknown-or-legendary\" target=\"_blank\" rel=\"noopener\">Burma<\/a><\/li>\n<\/ul>\n<\/li>\n<\/ul>\n<\/li>\n<\/ul>\n<\/li>\n<\/ul>\n<\/li>\n<li><a href=\"https:\/\/seedfinder.eu\/en\/strain-info\/banana-sherbet\/unknown-or-legendary\" target=\"_blank\" rel=\"noopener\">Banana Sherbert<\/a>\n<ul>\n<li><a href=\"https:\/\/seedfinder.eu\/en\/strain-info\/banana-kush\/crockett-family-farms\" target=\"_blank\" rel=\"noopener\">Banana Kush<\/a>\n<ul>\n<li><a href=\"https:\/\/seedfinder.eu\/en\/strain-info\/ghost-og\/clone-only-strains\" target=\"_blank\" rel=\"noopener\">Ghost OG<\/a>\n<ul>\n<li><a href=\"https:\/\/seedfinder.eu\/en\/strain-info\/og-kush\/clone-only-strains\" target=\"_blank\" rel=\"noopener\">OG Kush (pheno: Ghost cut)<\/a><\/li>\n<\/ul>\n<\/li>\n<li>&#8211;\n<ul>\n<li><a href=\"https:\/\/seedfinder.eu\/en\/strain-info\/skunk\/unknown-or-legendary\" target=\"_blank\" rel=\"noopener\">Skunk<\/a>\n<ul>\n<li><a href=\"https:\/\/seedfinder.eu\/en\/strain-info\/skunk-nr1\/cultivators-choice\" target=\"_blank\" rel=\"noopener\">Skunk #1<\/a><\/li>\n<\/ul>\n<\/li>\n<li><a href=\"https:\/\/seedfinder.eu\/en\/strain-info\/haze\/unknown-or-legendary\" target=\"_blank\" rel=\"noopener\">Haze<\/a>\n<ul>\n<li><a href=\"https:\/\/seedfinder.eu\/en\/strain-info\/colombia-sativa\/original-strains\" target=\"_blank\" rel=\"noopener\">Santa Marta Gold<\/a><\/li>\n<li><a href=\"https:\/\/seedfinder.eu\/en\/strain-info\/colombia-sativa\/original-strains\" target=\"_blank\" rel=\"noopener\">Wacky Weed (pheno: aka Chocolate Colombian)<\/a><\/li>\n<li><a href=\"https:\/\/seedfinder.eu\/en\/strain-info\/colombia-sativa\/original-strains\" target=\"_blank\" rel=\"noopener\">Kolumbien<\/a><\/li>\n<\/ul>\n<\/li>\n<\/ul>\n<\/li>\n<\/ul>\n<\/li>\n<li><a href=\"https:\/\/seedfinder.eu\/en\/strain-info\/sunset-sherbert\/unknown-or-legendary\" target=\"_blank\" rel=\"noopener\">Sunset Sherbet<\/a>\n<ul>\n<li><a href=\"https:\/\/seedfinder.eu\/en\/strain-info\/girl-scout-cookies\/clone-only-strains\" target=\"_blank\" rel=\"noopener\">Girl Scout Cookies<\/a>\n<ul>\n<li><a href=\"https:\/\/seedfinder.eu\/en\/strain-info\/gsc-thin-mints\/clone-only-strains\" target=\"_blank\" rel=\"noopener\">Thin Mint GSC<\/a><\/li>\n<\/ul>\n<\/li>\n<li><a href=\"https:\/\/seedfinder.eu\/en\/strain-info\/pink-panties\/unknown-or-legendary\" target=\"_blank\" rel=\"noopener\">Pink Panties<\/a>\n<ul>\n<li><a href=\"https:\/\/seedfinder.eu\/en\/strain-info\/og-kush\/clone-only-strains\" target=\"_blank\" rel=\"noopener\">OG Kush (South Florida)<\/a><\/li>\n<li>&#8211;\n<ul>\n<li><a href=\"https:\/\/seedfinder.eu\/en\/strain-info\/og-kush\/clone-only-strains\" target=\"_blank\" rel=\"noopener\">OG Kush (South Florida)<\/a><\/li>\n<li><a href=\"https:\/\/seedfinder.eu\/en\/strain-info\/burmese\/unknown-or-legendary\" target=\"_blank\" rel=\"noopener\">Burma<\/a><\/li>\n<\/ul>\n<\/li>\n<\/ul>\n<\/li>\n<\/ul>\n<\/li>\n<\/ul>\n<\/li>\n<\/ul>\n<\/li>\n<\/ul>\n"},"yoast_head":"<!-- This site is optimized with the Yoast SEO plugin v26.5 - https:\/\/yoast.com\/wordpress\/plugins\/seo\/ -->\n<title>Banana Sherbet - Semillas de Marihuana Feminizadas con Sabor a Banana | Bluedog Genetics<\/title>\n<meta name=\"description\" content=\"Banana Sherbet es una variedad feminizada de sabor tropical intenso y alto THC. Ideal para cultivos en interior o exterior, con efectos alegres y relajantes.\" \/>\n<meta name=\"robots\" content=\"index, follow, max-snippet:-1, max-image-preview:large, max-video-preview:-1\" \/>\n<link rel=\"canonical\" href=\"https:\/\/bluedoggenetics.com\/de\/produkt\/feminisierte\/banana-sherbet-feminisierte-cannabissamen\/\" \/>\n<meta property=\"og:locale\" content=\"de_DE\" \/>\n<meta property=\"og:type\" content=\"article\" \/>\n<meta property=\"og:title\" content=\"Banana Sherbet - Semillas de Marihuana Feminizadas con Sabor a Banana | Bluedog Genetics\" \/>\n<meta property=\"og:description\" content=\"Banana Sherbet es una variedad feminizada de sabor tropical intenso y alto THC. Ideal para cultivos en interior o exterior, con efectos alegres y relajantes.\" \/>\n<meta property=\"og:url\" content=\"https:\/\/bluedoggenetics.com\/de\/produkt\/feminisierte\/banana-sherbet-feminisierte-cannabissamen\/\" \/>\n<meta property=\"og:site_name\" content=\"BLUEDOG GENETICS Seeds\" \/>\n<meta property=\"article:modified_time\" content=\"2026-05-06T12:55:42+00:00\" \/>\n<meta property=\"og:image\" content=\"https:\/\/bluedoggenetics.com\/wp-content\/uploads\/2024\/10\/Banana-Sherbet-Bluedog-Genetics_11zon.webp\" \/>\n\t<meta property=\"og:image:width\" content=\"1536\" \/>\n\t<meta property=\"og:image:height\" content=\"1024\" \/>\n\t<meta property=\"og:image:type\" content=\"image\/webp\" \/>\n<meta name=\"twitter:card\" content=\"summary_large_image\" \/>\n<meta name=\"twitter:label1\" content=\"Gesch\u00e4tzte Lesezeit\" \/>\n\t<meta name=\"twitter:data1\" content=\"3\u00a0Minuten\" \/>\n<script type=\"application\/ld+json\" class=\"yoast-schema-graph\">{\"@context\":\"https:\/\/schema.org\",\"@graph\":[{\"@type\":[\"WebPage\",\"ItemPage\"],\"@id\":\"https:\/\/bluedoggenetics.com\/producto\/feminizadas\/semillas-marihuana-feminizadas-banana-sherbet\/\",\"url\":\"https:\/\/bluedoggenetics.com\/producto\/feminizadas\/semillas-marihuana-feminizadas-banana-sherbet\/\",\"name\":\"Banana Sherbet - Semillas de Marihuana Feminizadas con Sabor a Banana | Bluedog Genetics\",\"isPartOf\":{\"@id\":\"https:\/\/bluedoggenetics.com\/de\/#website\"},\"primaryImageOfPage\":{\"@id\":\"https:\/\/bluedoggenetics.com\/producto\/feminizadas\/semillas-marihuana-feminizadas-banana-sherbet\/#primaryimage\"},\"image\":{\"@id\":\"https:\/\/bluedoggenetics.com\/producto\/feminizadas\/semillas-marihuana-feminizadas-banana-sherbet\/#primaryimage\"},\"thumbnailUrl\":\"https:\/\/bluedoggenetics.com\/wp-content\/uploads\/2024\/10\/Banana-Sherbet-Bluedog-Genetics_11zon.webp\",\"datePublished\":\"2024-10-01T03:52:50+00:00\",\"dateModified\":\"2026-05-06T12:55:42+00:00\",\"description\":\"Banana Sherbet es una variedad feminizada de sabor tropical intenso y alto THC. Ideal para cultivos en interior o exterior, con efectos alegres y relajantes.\",\"breadcrumb\":{\"@id\":\"https:\/\/bluedoggenetics.com\/producto\/feminizadas\/semillas-marihuana-feminizadas-banana-sherbet\/#breadcrumb\"},\"inLanguage\":\"de\",\"potentialAction\":[{\"@type\":\"ReadAction\",\"target\":[\"https:\/\/bluedoggenetics.com\/producto\/feminizadas\/semillas-marihuana-feminizadas-banana-sherbet\/\"]}]},{\"@type\":\"ImageObject\",\"inLanguage\":\"de\",\"@id\":\"https:\/\/bluedoggenetics.com\/producto\/feminizadas\/semillas-marihuana-feminizadas-banana-sherbet\/#primaryimage\",\"url\":\"https:\/\/bluedoggenetics.com\/wp-content\/uploads\/2024\/10\/Banana-Sherbet-Bluedog-Genetics_11zon.webp\",\"contentUrl\":\"https:\/\/bluedoggenetics.com\/wp-content\/uploads\/2024\/10\/Banana-Sherbet-Bluedog-Genetics_11zon.webp\",\"width\":1536,\"height\":1024,\"caption\":\"Banana Sherbet de Bluedog Genetics lista para ser cosechada\"},{\"@type\":\"BreadcrumbList\",\"@id\":\"https:\/\/bluedoggenetics.com\/producto\/feminizadas\/semillas-marihuana-feminizadas-banana-sherbet\/#breadcrumb\",\"itemListElement\":[{\"@type\":\"ListItem\",\"position\":1,\"name\":\"Portada\",\"item\":\"https:\/\/bluedoggenetics.com\/\"},{\"@type\":\"ListItem\",\"position\":2,\"name\":\"Tienda\",\"item\":\"https:\/\/bluedoggenetics.com\/fr\/tienda\/\"},{\"@type\":\"ListItem\",\"position\":3,\"name\":\"Banana Sherbet\"}]},{\"@type\":\"WebSite\",\"@id\":\"https:\/\/bluedoggenetics.com\/de\/#website\",\"url\":\"https:\/\/bluedoggenetics.com\/de\/\",\"name\":\"BLUEDOG GENETICS Seeds\",\"description\":\"Compara y compra las mejores semillas de cannabis. Feminizadas, Autoflorecientes, CBD.\",\"publisher\":{\"@id\":\"https:\/\/bluedoggenetics.com\/de\/#organization\"},\"alternateName\":\"BLUEDOG GENETICS\",\"potentialAction\":[{\"@type\":\"SearchAction\",\"target\":{\"@type\":\"EntryPoint\",\"urlTemplate\":\"https:\/\/bluedoggenetics.com\/de\/?s={search_term_string}\"},\"query-input\":{\"@type\":\"PropertyValueSpecification\",\"valueRequired\":true,\"valueName\":\"search_term_string\"}}],\"inLanguage\":\"de\"},{\"@type\":\"Organization\",\"@id\":\"https:\/\/bluedoggenetics.com\/de\/#organization\",\"name\":\"BLUEDOG GENETICS\",\"url\":\"https:\/\/bluedoggenetics.com\/de\/\",\"logo\":{\"@type\":\"ImageObject\",\"inLanguage\":\"de\",\"@id\":\"https:\/\/bluedoggenetics.com\/de\/#\/schema\/logo\/image\/\",\"url\":\"https:\/\/bluedoggenetics.com\/wp-content\/uploads\/2024\/11\/appIcon.png\",\"contentUrl\":\"https:\/\/bluedoggenetics.com\/wp-content\/uploads\/2024\/11\/appIcon.png\",\"width\":1024,\"height\":1024,\"caption\":\"BLUEDOG GENETICS\"},\"image\":{\"@id\":\"https:\/\/bluedoggenetics.com\/de\/#\/schema\/logo\/image\/\"},\"sameAs\":[\"https:\/\/www.instagram.com\/bluedog.genetics\/\"]}]}<\/script>\n<!-- \/ Yoast SEO plugin. -->","yoast_head_json":{"title":"Banana Sherbet \u2013 Feminisierte Cannabissamen mit Bananengeschmack | Bluedog Genetics","description":"Banana Sherbet ist eine feminisierte Sorte mit intensivem tropischem Geschmack und hohem THC-Gehalt. Ideal f\u00fcr Indoor- oder Outdoor-Anbau, mit heiterer und entspannender Wirkung.","robots":{"index":"index","follow":"follow","max-snippet":"max-snippet:-1","max-image-preview":"max-image-preview:large","max-video-preview":"max-video-preview:-1"},"canonical":"https:\/\/bluedoggenetics.com\/de\/produkt\/feminisierte\/banana-sherbet-feminisierte-cannabissamen\/","og_locale":"de_DE","og_type":"article","og_title":"Banana Sherbet - Semillas de Marihuana Feminizadas con Sabor a Banana | Bluedog Genetics","og_description":"Banana Sherbet es una variedad feminizada de sabor tropical intenso y alto THC. Ideal para cultivos en interior o exterior, con efectos alegres y relajantes.","og_url":"https:\/\/bluedoggenetics.com\/de\/produkt\/feminisierte\/banana-sherbet-feminisierte-cannabissamen\/","og_site_name":"BLUEDOG GENETICS Seeds","article_modified_time":"2026-05-06T12:55:42+00:00","og_image":[{"width":1536,"height":1024,"url":"https:\/\/bluedoggenetics.com\/wp-content\/uploads\/2024\/10\/Banana-Sherbet-Bluedog-Genetics_11zon.webp","type":"image\/webp"}],"twitter_card":"summary_large_image","twitter_misc":{"Gesch\u00e4tzte Lesezeit":"3\u00a0Minuten"},"schema":{"@context":"https:\/\/schema.org","@graph":[{"@type":["WebPage","ItemPage"],"@id":"https:\/\/bluedoggenetics.com\/producto\/feminizadas\/semillas-marihuana-feminizadas-banana-sherbet\/","url":"https:\/\/bluedoggenetics.com\/producto\/feminizadas\/semillas-marihuana-feminizadas-banana-sherbet\/","name":"Banana Sherbet \u2013 Feminisierte Cannabissamen mit Bananengeschmack | Bluedog Genetics","isPartOf":{"@id":"https:\/\/bluedoggenetics.com\/de\/#website"},"primaryImageOfPage":{"@id":"https:\/\/bluedoggenetics.com\/producto\/feminizadas\/semillas-marihuana-feminizadas-banana-sherbet\/#primaryimage"},"image":{"@id":"https:\/\/bluedoggenetics.com\/producto\/feminizadas\/semillas-marihuana-feminizadas-banana-sherbet\/#primaryimage"},"thumbnailUrl":"https:\/\/bluedoggenetics.com\/wp-content\/uploads\/2024\/10\/Banana-Sherbet-Bluedog-Genetics_11zon.webp","datePublished":"2024-10-01T03:52:50+00:00","dateModified":"2026-05-06T12:55:42+00:00","description":"Banana Sherbet ist eine feminisierte Sorte mit intensivem tropischem Geschmack und hohem THC-Gehalt. Ideal f\u00fcr Indoor- oder Outdoor-Anbau, mit heiterer und entspannender Wirkung.","breadcrumb":{"@id":"https:\/\/bluedoggenetics.com\/producto\/feminizadas\/semillas-marihuana-feminizadas-banana-sherbet\/#breadcrumb"},"inLanguage":"de","potentialAction":[{"@type":"ReadAction","target":["https:\/\/bluedoggenetics.com\/producto\/feminizadas\/semillas-marihuana-feminizadas-banana-sherbet\/"]}]},{"@type":"ImageObject","inLanguage":"de","@id":"https:\/\/bluedoggenetics.com\/producto\/feminizadas\/semillas-marihuana-feminizadas-banana-sherbet\/#primaryimage","url":"https:\/\/bluedoggenetics.com\/wp-content\/uploads\/2024\/10\/Banana-Sherbet-Bluedog-Genetics_11zon.webp","contentUrl":"https:\/\/bluedoggenetics.com\/wp-content\/uploads\/2024\/10\/Banana-Sherbet-Bluedog-Genetics_11zon.webp","width":1536,"height":1024,"caption":"Banana Sherbet de Bluedog Genetics lista para ser cosechada"},{"@type":"BreadcrumbList","@id":"https:\/\/bluedoggenetics.com\/producto\/feminizadas\/semillas-marihuana-feminizadas-banana-sherbet\/#breadcrumb","itemListElement":[{"@type":"ListItem","position":1,"name":"Portada","item":"https:\/\/bluedoggenetics.com\/"},{"@type":"ListItem","position":2,"name":"Tienda","item":"https:\/\/bluedoggenetics.com\/fr\/tienda\/"},{"@type":"ListItem","position":3,"name":"Banana Sherbet"}]},{"@type":"WebSite","@id":"https:\/\/bluedoggenetics.com\/de\/#website","url":"https:\/\/bluedoggenetics.com\/de\/","name":"BLUEDOG GENETICS Seeds","description":"Vergleiche und kaufe die besten Hanfsamen. Feminisiert, Autoflowering, CBD.","publisher":{"@id":"https:\/\/bluedoggenetics.com\/de\/#organization"},"alternateName":"BLUEDOG GENETICS","potentialAction":[{"@type":"SearchAction","target":{"@type":"EntryPoint","urlTemplate":"https:\/\/bluedoggenetics.com\/de\/?s={search_term_string}"},"query-input":{"@type":"PropertyValueSpecification","valueRequired":true,"valueName":"search_term_string"}}],"inLanguage":"de"},{"@type":"Organization","@id":"https:\/\/bluedoggenetics.com\/de\/#organization","name":"BLUEDOG GENETICS","url":"https:\/\/bluedoggenetics.com\/de\/","logo":{"@type":"ImageObject","inLanguage":"de","@id":"https:\/\/bluedoggenetics.com\/de\/#\/schema\/logo\/image\/","url":"https:\/\/bluedoggenetics.com\/wp-content\/uploads\/2024\/11\/appIcon.png","contentUrl":"https:\/\/bluedoggenetics.com\/wp-content\/uploads\/2024\/11\/appIcon.png","width":1024,"height":1024,"caption":"BLUEDOG GENETICS"},"image":{"@id":"https:\/\/bluedoggenetics.com\/de\/#\/schema\/logo\/image\/"},"sameAs":["https:\/\/www.instagram.com\/bluedog.genetics\/"]}]}},"sticker_url":"https:\/\/bluedoggenetics.com\/wp-content\/uploads\/2024\/10\/sticker_banana_sherbet.webp","variations_full":[{"id":1096,"price":9.5,"regular_price":9.5,"attributes":{"attribute_pa_cantidad":"pack-1"},"image_src":"https:\/\/bluedoggenetics.com\/wp-content\/uploads\/2024\/10\/Banana-Sherbet-Bluedog-Genetics_11zon-600x400.webp","is_in_stock":true},{"id":1097,"price":25.65,"regular_price":25.65,"attributes":{"attribute_pa_cantidad":"pack-3"},"image_src":"https:\/\/bluedoggenetics.com\/wp-content\/uploads\/2024\/10\/Banana-Sherbet-Bluedog-Genetics_11zon-600x400.webp","is_in_stock":true},{"id":1098,"price":37.9,"regular_price":37.9,"attributes":{"attribute_pa_cantidad":"pack-5"},"image_src":"https:\/\/bluedoggenetics.com\/wp-content\/uploads\/2024\/10\/Banana-Sherbet-Bluedog-Genetics_11zon-600x400.webp","is_in_stock":true},{"id":1099,"price":66.8,"regular_price":66.8,"attributes":{"attribute_pa_cantidad":"pack-10"},"image_src":"https:\/\/bluedoggenetics.com\/wp-content\/uploads\/2024\/10\/Banana-Sherbet-Bluedog-Genetics_11zon-600x400.webp","is_in_stock":true}],"jetpack_sharing_enabled":true,"_links":{"self":[{"href":"https:\/\/bluedoggenetics.com\/de\/wp-json\/wp\/v2\/product\/623","targetHints":{"allow":["GET"]}}],"collection":[{"href":"https:\/\/bluedoggenetics.com\/de\/wp-json\/wp\/v2\/product"}],"about":[{"href":"https:\/\/bluedoggenetics.com\/de\/wp-json\/wp\/v2\/types\/product"}],"wp:featuredmedia":[{"embeddable":true,"href":"https:\/\/bluedoggenetics.com\/de\/wp-json\/wp\/v2\/media\/2621"}],"wp:attachment":[{"href":"https:\/\/bluedoggenetics.com\/de\/wp-json\/wp\/v2\/media?parent=623"}],"wp:term":[{"taxonomy":"product_brand","embeddable":true,"href":"https:\/\/bluedoggenetics.com\/de\/wp-json\/wp\/v2\/product_brand?post=623"},{"taxonomy":"product_cat","embeddable":true,"href":"https:\/\/bluedoggenetics.com\/de\/wp-json\/wp\/v2\/product_cat?post=623"},{"taxonomy":"product_tag","embeddable":true,"href":"https:\/\/bluedoggenetics.com\/de\/wp-json\/wp\/v2\/product_tag?post=623"}],"curies":[{"name":"wp","href":"https:\/\/api.w.org\/{rel}","templated":true}]}}