{"id":6074,"date":"2026-03-30T23:33:01","date_gmt":"2026-03-30T21:33:01","guid":{"rendered":"https:\/\/bluedoggenetics.com\/?post_type=product&#038;p=6074"},"modified":"2026-05-06T14:58:47","modified_gmt":"2026-05-06T12:58:47","slug":"sage-n-sour","status":"publish","type":"product","link":"https:\/\/bluedoggenetics.com\/de\/produkt\/regular\/sage-n-sour\/","title":{"rendered":"Sage &#8216;n&#8217; Sauer"},"content":{"rendered":"<p>Der Weise &#8216;n&#8217; Sour von T.H. Seeds ist ein au\u00dfergew\u00f6hnlicher Hybrid mit gro\u00dfer Stabilit\u00e4t und Leistung. Diese Genetik wurde sorgf\u00e4ltig ausgew\u00e4hlt, um Z\u00fcchtern eine kr\u00e4ftig wachsende Pflanze zu bieten, die sowohl f\u00fcr Experten als auch f\u00fcr diejenigen, die gerade erst mit dem Selbstanbau beginnen, ideal ist. Sobald die Bl\u00fctephase begonnen hat (die etwa 8\u20139 Wochen dauert), entfaltet sie ihr volles Potenzial mit einem THC-Gehalt von 18\u201324 %. Es handelt sich um eine Hybridsorte, die in der Cannabis-Community sehr gesch\u00e4tzt wird.<\/p>\n<p><b>Blumenbild.<\/b> Die Blumen von Sage &#8216;n&#8217; Saure, harzige, kompakte und schwere Knospen mit auff\u00e4lligen Farbnuancen, die ins Auge fallen. Ihre dicke Trichomschicht verleiht ihr ein gl\u00e4nzendes Aussehen, das die Qualit\u00e4t ihrer Abstammung widerspiegelt. Ein wahrer optischer Genuss, der den Raum mit seinen intensiven Schokoladen- und Chemiearomen erf\u00fcllt.<\/p>\n<p><b>Pflanzenmorphologie.<\/b> Seine Struktur ist mittelhoch, mit schneller vegetativer Entwicklung und gro\u00dfer seitlicher Verzweigung. Sie entwickelt einen starken Mittelstamm und Nebenzweige, die das Gewicht der Bl\u00fctenst\u00e4nde in den letzten Wochen tragen k\u00f6nnen. Diese Pflanze erreicht in Innenr\u00e4umen eine H\u00f6he von ca. 90\u2013120 cm und liefert unter Beleuchtung \u00fcppige Ertr\u00e4ge von sch\u00e4tzungsweise 400\u2013500 g\/m\u00b2.<\/p>\n<h3><b>Anbautipps<\/b><\/h3>\n<ul>\n<li><strong>Was ist das ideale Klima f\u00fcr den Anbau von Salbei? Sauer?<\/strong><br \/>Ideal f\u00fcr gem\u00e4\u00dfigtes Klima oder im Innenbereich unter Scheinwerfern. Im Freien sch\u00e4tzt sie sonnige und gut bel\u00fcftete Standorte, um zu verhindern, dass Feuchtigkeit ihre dichten Bl\u00fcten beeintr\u00e4chtigt, wenn sie sich dem Schnittpunkt n\u00e4hern.<\/li>\n<li><strong>Welche Trainingstechniken funktionieren am besten mit Sage &#8216;n&#8217; Sauer?<\/strong><br \/>Sie sch\u00e4tzt den apikalen Schnitt und die Spaliertechniken vom Typ SCROG sehr. Diese Praktiken tragen dazu bei, das Bl\u00e4tterdach zu homogenisieren, sodass Licht bis in die untersten Bereiche vordringen und die Gesamtproduktion steigern kann.<\/li>\n<li><strong>Welche Art der D\u00fcngung bewirkt Salbei &#8216;n&#8217; Sauer?<\/strong><br \/>Es erfordert w\u00e4hrend seines gesamten Zyklus eine ausgewogene und konstante Ern\u00e4hrung. In der Endmastphase kommt es bei leicht steigenden Phosphor- und Kaliumwerten (PK) zu einer merklichen Schwellung der Bl\u00fctenkelche.<\/li>\n<li><strong>Wie sollten Bew\u00e4sserung und Luftfeuchtigkeit f\u00fcr Salbei &#8216;n&#8217; Sauer?<\/strong><br \/>Vermeiden Sie Staun\u00e4sse im Substrat und gie\u00dfen Sie am besten, wenn der Topf an Gewicht verloren hat. Dies regt die Ausbreitung der Wurzeln auf der Suche nach Feuchtigkeit an und st\u00e4rkt so das Wurzelsystem der Pflanze.<\/li>\n<li><strong>Ist es notwendig, den Salbei zu beschneiden? Sauer?<\/strong><br \/>Ja, ein kleiner R\u00fcckschnitt der unteren Zweige (Lollipopping) vor der Bl\u00fcte optimiert die Produktion und konzentriert die gesamte Energie der Pflanze in den oberen Kronen, die mehr Licht erhalten.<\/li>\n<\/ul>","protected":false},"excerpt":{"rendered":"<p><strong>Sage &#8216;n&#8217; Sauer<\/strong> von T.H. Samen. Der Weise &#8216;n&#8217; Sour von T.H. Seeds ist ein au\u00dfergew\u00f6hnlicher Hybrid mit gro\u00dfer Stabilit\u00e4t und Leistung. Diese Genetik wurde sorgf\u00e4ltig ausgew\u00e4hlt, um Z\u00fcchtern eine kr\u00e4ftig wachsende Pflanze zu bieten, die sowohl f\u00fcr Experten als auch f\u00fcr diejenigen, die gerade erst mit dem Selbstanbau beginnen, ideal ist.<\/p>","protected":false},"featured_media":6094,"template":"","meta":{"_acf_changed":false,"inline_featured_image":false,"_wp_applaud_exclude":false},"product_brand":[332],"product_cat":[309],"product_tag":[],"class_list":{"0":"post-6074","1":"product","2":"type-product","3":"status-publish","4":"has-post-thumbnail","6":"product_brand-t-h-seeds","7":"product_cat-regular","8":"pa_altura-exterior-150-180","9":"pa_altura-interior-90-120","10":"pa_beneficios-terapeuticos-alivio-de-ansiedad","11":"pa_beneficios-terapeuticos-aumento-del-apetito","12":"pa_beneficios-terapeuticos-reduccion-de-nauseas","13":"pa_cantidad-pack-10","14":"pa_clima-templado","15":"pa_cosecha-exterior-450-550","16":"pa_cosecha-interior-400-500","17":"pa_efectos-destacables-alegre","18":"pa_efectos-destacables-conversador","19":"pa_efectos-destacables-euforico","20":"pa_floracion-8-9","21":"pa_genetica-50-50","22":"pa_olor-moderado","23":"pa_sabores-y-olores-chocolate","24":"pa_sabores-y-olores-quimico","25":"pa_thc-18-24","26":"pa_variedad-hibrida","28":"first","29":"instock","30":"taxable","31":"shipping-taxable","32":"purchasable","33":"product-type-variable"},"acf":{"sticker":false,"family_tree":""},"yoast_head":"<!-- This site is optimized with the Yoast SEO plugin v26.5 - https:\/\/yoast.com\/wordpress\/plugins\/seo\/ -->\n<title>Sage &#039;n&#039; Sour - BLUEDOG GENETICS Seeds<\/title>\n<meta name=\"description\" content=\"Sage &#039;n&#039; Sour de T.H. Seeds. THC 18-24%. Sabor Chocolate. Rendimientos \u00e9picos y cultivo agradecido. \u00a1Compra tus semillas ahora!\" \/>\n<meta name=\"robots\" content=\"index, follow, max-snippet:-1, max-image-preview:large, max-video-preview:-1\" \/>\n<link rel=\"canonical\" href=\"https:\/\/bluedoggenetics.com\/de\/produkt\/regular\/sage-n-sour\/\" \/>\n<meta property=\"og:locale\" content=\"de_DE\" \/>\n<meta property=\"og:type\" content=\"article\" \/>\n<meta property=\"og:title\" content=\"Sage &#039;n&#039; Sour - BLUEDOG GENETICS Seeds\" \/>\n<meta property=\"og:description\" content=\"Sage &#039;n&#039; Sour de T.H. Seeds. THC 18-24%. Sabor Chocolate. Rendimientos \u00e9picos y cultivo agradecido. \u00a1Compra tus semillas ahora!\" \/>\n<meta property=\"og:url\" content=\"https:\/\/bluedoggenetics.com\/de\/produkt\/regular\/sage-n-sour\/\" \/>\n<meta property=\"og:site_name\" content=\"BLUEDOG GENETICS Seeds\" \/>\n<meta property=\"article:modified_time\" content=\"2026-05-06T12:58:47+00:00\" \/>\n<meta property=\"og:image\" content=\"https:\/\/bluedoggenetics.com\/wp-content\/uploads\/2026\/03\/152662_1037512_pimcore.jpg\" \/>\n\t<meta property=\"og:image:width\" content=\"321\" \/>\n\t<meta property=\"og:image:height\" content=\"480\" \/>\n\t<meta property=\"og:image:type\" content=\"image\/jpeg\" \/>\n<meta name=\"twitter:card\" content=\"summary_large_image\" \/>\n<meta name=\"twitter:label1\" content=\"Gesch\u00e4tzte Lesezeit\" \/>\n\t<meta name=\"twitter:data1\" content=\"2\u00a0Minuten\" \/>\n<script type=\"application\/ld+json\" class=\"yoast-schema-graph\">{\"@context\":\"https:\/\/schema.org\",\"@graph\":[{\"@type\":[\"WebPage\",\"ItemPage\"],\"@id\":\"https:\/\/bluedoggenetics.com\/producto\/regular\/sage-n-sour\/\",\"url\":\"https:\/\/bluedoggenetics.com\/producto\/regular\/sage-n-sour\/\",\"name\":\"Sage 'n' Sour - BLUEDOG GENETICS Seeds\",\"isPartOf\":{\"@id\":\"https:\/\/bluedoggenetics.com\/de\/#website\"},\"primaryImageOfPage\":{\"@id\":\"https:\/\/bluedoggenetics.com\/producto\/regular\/sage-n-sour\/#primaryimage\"},\"image\":{\"@id\":\"https:\/\/bluedoggenetics.com\/producto\/regular\/sage-n-sour\/#primaryimage\"},\"thumbnailUrl\":\"https:\/\/bluedoggenetics.com\/wp-content\/uploads\/2026\/03\/152662_1037512_pimcore.jpg\",\"datePublished\":\"2026-03-30T21:33:01+00:00\",\"dateModified\":\"2026-05-06T12:58:47+00:00\",\"description\":\"Sage 'n' Sour de T.H. Seeds. THC 18-24%. Sabor Chocolate. Rendimientos \u00e9picos y cultivo agradecido. \u00a1Compra tus semillas ahora!\",\"breadcrumb\":{\"@id\":\"https:\/\/bluedoggenetics.com\/producto\/regular\/sage-n-sour\/#breadcrumb\"},\"inLanguage\":\"de\",\"potentialAction\":[{\"@type\":\"ReadAction\",\"target\":[\"https:\/\/bluedoggenetics.com\/producto\/regular\/sage-n-sour\/\"]}]},{\"@type\":\"ImageObject\",\"inLanguage\":\"de\",\"@id\":\"https:\/\/bluedoggenetics.com\/producto\/regular\/sage-n-sour\/#primaryimage\",\"url\":\"https:\/\/bluedoggenetics.com\/wp-content\/uploads\/2026\/03\/152662_1037512_pimcore.jpg\",\"contentUrl\":\"https:\/\/bluedoggenetics.com\/wp-content\/uploads\/2026\/03\/152662_1037512_pimcore.jpg\",\"width\":321,\"height\":480},{\"@type\":\"BreadcrumbList\",\"@id\":\"https:\/\/bluedoggenetics.com\/producto\/regular\/sage-n-sour\/#breadcrumb\",\"itemListElement\":[{\"@type\":\"ListItem\",\"position\":1,\"name\":\"Portada\",\"item\":\"https:\/\/bluedoggenetics.com\/\"},{\"@type\":\"ListItem\",\"position\":2,\"name\":\"Tienda\",\"item\":\"https:\/\/bluedoggenetics.com\/fr\/tienda\/\"},{\"@type\":\"ListItem\",\"position\":3,\"name\":\"Sage &#8216;n&#8217; Sour\"}]},{\"@type\":\"WebSite\",\"@id\":\"https:\/\/bluedoggenetics.com\/de\/#website\",\"url\":\"https:\/\/bluedoggenetics.com\/de\/\",\"name\":\"BLUEDOG GENETICS Seeds\",\"description\":\"Compara y compra las mejores semillas de cannabis. Feminizadas, Autoflorecientes, CBD.\",\"publisher\":{\"@id\":\"https:\/\/bluedoggenetics.com\/de\/#organization\"},\"alternateName\":\"BLUEDOG GENETICS\",\"potentialAction\":[{\"@type\":\"SearchAction\",\"target\":{\"@type\":\"EntryPoint\",\"urlTemplate\":\"https:\/\/bluedoggenetics.com\/de\/?s={search_term_string}\"},\"query-input\":{\"@type\":\"PropertyValueSpecification\",\"valueRequired\":true,\"valueName\":\"search_term_string\"}}],\"inLanguage\":\"de\"},{\"@type\":\"Organization\",\"@id\":\"https:\/\/bluedoggenetics.com\/de\/#organization\",\"name\":\"BLUEDOG GENETICS\",\"url\":\"https:\/\/bluedoggenetics.com\/de\/\",\"logo\":{\"@type\":\"ImageObject\",\"inLanguage\":\"de\",\"@id\":\"https:\/\/bluedoggenetics.com\/de\/#\/schema\/logo\/image\/\",\"url\":\"https:\/\/bluedoggenetics.com\/wp-content\/uploads\/2024\/11\/appIcon.png\",\"contentUrl\":\"https:\/\/bluedoggenetics.com\/wp-content\/uploads\/2024\/11\/appIcon.png\",\"width\":1024,\"height\":1024,\"caption\":\"BLUEDOG GENETICS\"},\"image\":{\"@id\":\"https:\/\/bluedoggenetics.com\/de\/#\/schema\/logo\/image\/\"},\"sameAs\":[\"https:\/\/www.instagram.com\/bluedog.genetics\/\"]}]}<\/script>\n<!-- \/ Yoast SEO plugin. -->","yoast_head_json":{"title":"Sage 'n' Sour - BLUEDOG GENETICS-Samen","description":"Sage 'n' Sour von T.H. Samen. THC 18-24%. Schokoladengeschmack. Epische Ertr\u00e4ge und dankbarer Anbau. Kaufen Sie jetzt Ihre Samen!","robots":{"index":"index","follow":"follow","max-snippet":"max-snippet:-1","max-image-preview":"max-image-preview:large","max-video-preview":"max-video-preview:-1"},"canonical":"https:\/\/bluedoggenetics.com\/de\/produkt\/regular\/sage-n-sour\/","og_locale":"de_DE","og_type":"article","og_title":"Sage 'n' Sour - BLUEDOG GENETICS Seeds","og_description":"Sage 'n' Sour de T.H. Seeds. THC 18-24%. Sabor Chocolate. Rendimientos \u00e9picos y cultivo agradecido. \u00a1Compra tus semillas ahora!","og_url":"https:\/\/bluedoggenetics.com\/de\/produkt\/regular\/sage-n-sour\/","og_site_name":"BLUEDOG GENETICS Seeds","article_modified_time":"2026-05-06T12:58:47+00:00","og_image":[{"width":321,"height":480,"url":"https:\/\/bluedoggenetics.com\/wp-content\/uploads\/2026\/03\/152662_1037512_pimcore.jpg","type":"image\/jpeg"}],"twitter_card":"summary_large_image","twitter_misc":{"Gesch\u00e4tzte Lesezeit":"2\u00a0Minuten"},"schema":{"@context":"https:\/\/schema.org","@graph":[{"@type":["WebPage","ItemPage"],"@id":"https:\/\/bluedoggenetics.com\/producto\/regular\/sage-n-sour\/","url":"https:\/\/bluedoggenetics.com\/producto\/regular\/sage-n-sour\/","name":"Sage 'n' Sour - BLUEDOG GENETICS-Samen","isPartOf":{"@id":"https:\/\/bluedoggenetics.com\/de\/#website"},"primaryImageOfPage":{"@id":"https:\/\/bluedoggenetics.com\/producto\/regular\/sage-n-sour\/#primaryimage"},"image":{"@id":"https:\/\/bluedoggenetics.com\/producto\/regular\/sage-n-sour\/#primaryimage"},"thumbnailUrl":"https:\/\/bluedoggenetics.com\/wp-content\/uploads\/2026\/03\/152662_1037512_pimcore.jpg","datePublished":"2026-03-30T21:33:01+00:00","dateModified":"2026-05-06T12:58:47+00:00","description":"Sage 'n' Sour von T.H. Samen. THC 18-24%. Schokoladengeschmack. Epische Ertr\u00e4ge und dankbarer Anbau. Kaufen Sie jetzt Ihre Samen!","breadcrumb":{"@id":"https:\/\/bluedoggenetics.com\/producto\/regular\/sage-n-sour\/#breadcrumb"},"inLanguage":"de","potentialAction":[{"@type":"ReadAction","target":["https:\/\/bluedoggenetics.com\/producto\/regular\/sage-n-sour\/"]}]},{"@type":"ImageObject","inLanguage":"de","@id":"https:\/\/bluedoggenetics.com\/producto\/regular\/sage-n-sour\/#primaryimage","url":"https:\/\/bluedoggenetics.com\/wp-content\/uploads\/2026\/03\/152662_1037512_pimcore.jpg","contentUrl":"https:\/\/bluedoggenetics.com\/wp-content\/uploads\/2026\/03\/152662_1037512_pimcore.jpg","width":321,"height":480},{"@type":"BreadcrumbList","@id":"https:\/\/bluedoggenetics.com\/producto\/regular\/sage-n-sour\/#breadcrumb","itemListElement":[{"@type":"ListItem","position":1,"name":"Portada","item":"https:\/\/bluedoggenetics.com\/"},{"@type":"ListItem","position":2,"name":"Tienda","item":"https:\/\/bluedoggenetics.com\/fr\/tienda\/"},{"@type":"ListItem","position":3,"name":"Sage &#8216;n&#8217; Sour"}]},{"@type":"WebSite","@id":"https:\/\/bluedoggenetics.com\/de\/#website","url":"https:\/\/bluedoggenetics.com\/de\/","name":"BLUEDOG GENETICS Seeds","description":"Vergleiche und kaufe die besten Hanfsamen. Feminisiert, Autoflowering, CBD.","publisher":{"@id":"https:\/\/bluedoggenetics.com\/de\/#organization"},"alternateName":"BLUEDOG GENETICS","potentialAction":[{"@type":"SearchAction","target":{"@type":"EntryPoint","urlTemplate":"https:\/\/bluedoggenetics.com\/de\/?s={search_term_string}"},"query-input":{"@type":"PropertyValueSpecification","valueRequired":true,"valueName":"search_term_string"}}],"inLanguage":"de"},{"@type":"Organization","@id":"https:\/\/bluedoggenetics.com\/de\/#organization","name":"BLUEDOG GENETICS","url":"https:\/\/bluedoggenetics.com\/de\/","logo":{"@type":"ImageObject","inLanguage":"de","@id":"https:\/\/bluedoggenetics.com\/de\/#\/schema\/logo\/image\/","url":"https:\/\/bluedoggenetics.com\/wp-content\/uploads\/2024\/11\/appIcon.png","contentUrl":"https:\/\/bluedoggenetics.com\/wp-content\/uploads\/2024\/11\/appIcon.png","width":1024,"height":1024,"caption":"BLUEDOG GENETICS"},"image":{"@id":"https:\/\/bluedoggenetics.com\/de\/#\/schema\/logo\/image\/"},"sameAs":["https:\/\/www.instagram.com\/bluedog.genetics\/"]}]}},"sticker_url":null,"variations_full":[{"id":6095,"price":70,"regular_price":70,"attributes":{"attribute_pa_cantidad":"pack-10"},"image_src":"https:\/\/bluedoggenetics.com\/wp-content\/uploads\/2026\/03\/152662_1037512_pimcore.jpg","is_in_stock":true}],"jetpack_sharing_enabled":true,"_links":{"self":[{"href":"https:\/\/bluedoggenetics.com\/de\/wp-json\/wp\/v2\/product\/6074","targetHints":{"allow":["GET"]}}],"collection":[{"href":"https:\/\/bluedoggenetics.com\/de\/wp-json\/wp\/v2\/product"}],"about":[{"href":"https:\/\/bluedoggenetics.com\/de\/wp-json\/wp\/v2\/types\/product"}],"wp:featuredmedia":[{"embeddable":true,"href":"https:\/\/bluedoggenetics.com\/de\/wp-json\/wp\/v2\/media\/6094"}],"wp:attachment":[{"href":"https:\/\/bluedoggenetics.com\/de\/wp-json\/wp\/v2\/media?parent=6074"}],"wp:term":[{"taxonomy":"product_brand","embeddable":true,"href":"https:\/\/bluedoggenetics.com\/de\/wp-json\/wp\/v2\/product_brand?post=6074"},{"taxonomy":"product_cat","embeddable":true,"href":"https:\/\/bluedoggenetics.com\/de\/wp-json\/wp\/v2\/product_cat?post=6074"},{"taxonomy":"product_tag","embeddable":true,"href":"https:\/\/bluedoggenetics.com\/de\/wp-json\/wp\/v2\/product_tag?post=6074"}],"curies":[{"name":"wp","href":"https:\/\/api.w.org\/{rel}","templated":true}]}}