{"id":6071,"date":"2026-03-30T23:33:01","date_gmt":"2026-03-30T21:33:01","guid":{"rendered":"https:\/\/bluedoggenetics.com\/?post_type=product&#038;p=6071"},"modified":"2026-05-06T14:58:47","modified_gmt":"2026-05-06T12:58:47","slug":"ruderalis-skunk","status":"publish","type":"product","link":"https:\/\/bluedoggenetics.com\/de\/produkt\/regular\/ruderalis-skunk\/","title":{"rendered":"Ruderalis Skunk"},"content":{"rendered":"<p>Ein Klassiker mit XXL-Leistung und durchdringendem Aroma. Ruderalis Skunk garantiert problemlos gro\u00dfe Ernten und ist eine der zuverl\u00e4ssigsten und preisgekr\u00f6ntesten kommerziellen Sorten der Welt. Sobald die Bl\u00fctephase begonnen hat (die etwa 8 Wochen dauert), entfaltet sie ihr volles Potenzial mit einem THC-Gehalt von 18\u201324 %. Es handelt sich um eine Hybridsorte, die in der Cannabis-Community sehr gesch\u00e4tzt wird.<\/p>\n<p><b>Blumenbild.<\/b> Es entwickelt riesige Fuchsschw\u00e4nze, die mit geschwollenen Bl\u00fctenkelchen gef\u00fcllt sind. Es verf\u00fcgt \u00fcber ein hervorragendes Kelch-Blatt-Verh\u00e4ltnis, das eine anschlie\u00dfende Manik\u00fcre schnell und einfach erm\u00f6glicht. Ein wahrer optischer Genuss, der den Raum mit seinen intensiven Aromen von Kokosnuss, Gew\u00fcrzen, Blumen und Erden erf\u00fcllt.<\/p>\n<p><b>Pflanzenmorphologie.<\/b> Es handelt sich um eine sehr kr\u00e4ftige und dankbare Sorte mit \u00e4u\u00dferst gleichm\u00e4\u00dfigem Wachstum. Seine Seiten\u00e4ste werden stark und konkurrieren oft darum, die H\u00f6he der Hauptspitze zu erreichen. Diese Pflanze erreicht in Innenr\u00e4umen eine H\u00f6he von ca. 90\u2013120 cm und liefert unter Beleuchtung \u00fcppige Ertr\u00e4ge von sch\u00e4tzungsweise 550\u2013650 g\/m\u00b2.<\/p>\n<h3><b>Anbautipps<\/b><\/h3>\n<ul>\n<li><strong>Was ist das ideale Klima f\u00fcr den Anbau von Ruderalis Skunk ?<\/strong><br \/>Ideal f\u00fcr gem\u00e4\u00dfigtes Klima oder im Innenbereich unter Scheinwerfern. Im Freien sch\u00e4tzt sie sonnige und gut bel\u00fcftete Standorte, um zu verhindern, dass Feuchtigkeit ihre dichten Bl\u00fcten beeintr\u00e4chtigt, wenn sie sich dem Schnittpunkt n\u00e4hern.<\/li>\n<li><strong>Welche Trainingstechniken funktionieren am besten mit Ruderalis Skunk ?<\/strong><br \/>Sie sch\u00e4tzt den apikalen Schnitt und die Spaliertechniken vom Typ SCROG sehr. Diese Praktiken tragen dazu bei, das Bl\u00e4tterdach zu homogenisieren, sodass Licht bis in die untersten Bereiche vordringen und die Gesamtproduktion steigern kann.<\/li>\n<li><strong>Welche Art der D\u00fcngung ben\u00f6tigt Ruderalis Skunk ?<\/strong><br \/>Es passt sich nahezu jedem Ern\u00e4hrungsplan an. Sie ist die ideale Pflanze, um Anf\u00e4ngerfehler bei der D\u00fcngung zu verzeihen, da sie pH- oder Ec-Schwankungen gut standh\u00e4lt.<\/li>\n<li><strong>Wie sollten die Bew\u00e4sserung und Luftfeuchtigkeit f\u00fcr Ruderalis Skunk sein?<\/strong><br \/>Vermeiden Sie Staun\u00e4sse im Substrat und gie\u00dfen Sie am besten, wenn der Topf an Gewicht verloren hat. Dies regt die Ausbreitung der Wurzeln auf der Suche nach Feuchtigkeit an und st\u00e4rkt so das Wurzelsystem der Pflanze.<\/li>\n<li><strong>Ist es notwendig, die Ruderalis Skunk -Pflanze zu beschneiden?<\/strong><br \/>Ja, ein kleiner R\u00fcckschnitt der unteren Zweige (Lollipopping) vor der Bl\u00fcte optimiert die Produktion und konzentriert die gesamte Energie der Pflanze in den oberen Kronen, die mehr Licht erhalten.<\/li>\n<\/ul>","protected":false},"excerpt":{"rendered":"<p><strong>Ruderalis Skunk<\/strong> von Sensi Seeds. Ein Klassiker mit XXL-Leistung und durchdringendem Aroma. Ruderalis Skunk garantiert problemlos gro\u00dfe Ernten und ist eine der zuverl\u00e4ssigsten und preisgekr\u00f6ntesten kommerziellen Sorten der Welt.<\/p>","protected":false},"featured_media":6085,"template":"","meta":{"_acf_changed":false,"inline_featured_image":false,"_wp_applaud_exclude":false},"product_brand":[198],"product_cat":[309],"product_tag":[],"class_list":{"0":"post-6071","1":"product","2":"type-product","3":"status-publish","4":"has-post-thumbnail","6":"product_brand-sensi-seeds","7":"product_cat-regular","8":"pa_altura-exterior-150-180","9":"pa_altura-interior-90-120","10":"pa_beneficios-terapeuticos-alivio-del-dolor","11":"pa_beneficios-terapeuticos-reduccion-de-nauseas","12":"pa_cantidad-pack-10","13":"pa_clima-templado","14":"pa_cosecha-exterior-850-950","15":"pa_cosecha-interior-550-650","16":"pa_efectos-destacables-activo","17":"pa_efectos-destacables-alegre","18":"pa_efectos-destacables-munchies","19":"pa_floracion-131","20":"pa_genetica-50-50","21":"pa_olor-fuerte","22":"pa_sabores-y-olores-coco","23":"pa_sabores-y-olores-especias","24":"pa_sabores-y-olores-floral","25":"pa_sabores-y-olores-terroso","26":"pa_thc-18-24","27":"pa_variedad-hibrida","29":"first","30":"instock","31":"taxable","32":"shipping-taxable","33":"purchasable","34":"product-type-variable"},"acf":{"sticker":false,"family_tree":""},"yoast_head":"<!-- This site is optimized with the Yoast SEO plugin v26.5 - https:\/\/yoast.com\/wordpress\/plugins\/seo\/ -->\n<title>Ruderalis Skunk - BLUEDOG GENETICS Seeds<\/title>\n<meta name=\"description\" content=\"Ruderalis Skunk de Sensi Seeds. THC 18-24%. Sabor Coco. Rendimientos \u00e9picos y cultivo agradecido. \u00a1Compra tus semillas ahora!\" \/>\n<meta name=\"robots\" content=\"index, follow, max-snippet:-1, max-image-preview:large, max-video-preview:-1\" \/>\n<link rel=\"canonical\" href=\"https:\/\/bluedoggenetics.com\/de\/produkt\/regular\/ruderalis-skunk\/\" \/>\n<meta property=\"og:locale\" content=\"de_DE\" \/>\n<meta property=\"og:type\" content=\"article\" \/>\n<meta property=\"og:title\" content=\"Ruderalis Skunk - BLUEDOG GENETICS Seeds\" \/>\n<meta property=\"og:description\" content=\"Ruderalis Skunk de Sensi Seeds. THC 18-24%. Sabor Coco. Rendimientos \u00e9picos y cultivo agradecido. \u00a1Compra tus semillas ahora!\" \/>\n<meta property=\"og:url\" content=\"https:\/\/bluedoggenetics.com\/de\/produkt\/regular\/ruderalis-skunk\/\" \/>\n<meta property=\"og:site_name\" content=\"BLUEDOG GENETICS Seeds\" \/>\n<meta property=\"article:modified_time\" content=\"2026-05-06T12:58:47+00:00\" \/>\n<meta property=\"og:image\" content=\"https:\/\/bluedoggenetics.com\/wp-content\/uploads\/2026\/03\/140177_2180716_pimcore_1_1.jpg\" \/>\n\t<meta property=\"og:image:width\" content=\"1000\" \/>\n\t<meta property=\"og:image:height\" content=\"1214\" \/>\n\t<meta property=\"og:image:type\" content=\"image\/jpeg\" \/>\n<meta name=\"twitter:card\" content=\"summary_large_image\" \/>\n<meta name=\"twitter:label1\" content=\"Gesch\u00e4tzte Lesezeit\" \/>\n\t<meta name=\"twitter:data1\" content=\"2\u00a0Minuten\" \/>\n<script type=\"application\/ld+json\" class=\"yoast-schema-graph\">{\"@context\":\"https:\/\/schema.org\",\"@graph\":[{\"@type\":[\"WebPage\",\"ItemPage\"],\"@id\":\"https:\/\/bluedoggenetics.com\/producto\/regular\/ruderalis-skunk\/\",\"url\":\"https:\/\/bluedoggenetics.com\/producto\/regular\/ruderalis-skunk\/\",\"name\":\"Ruderalis Skunk - BLUEDOG GENETICS Seeds\",\"isPartOf\":{\"@id\":\"https:\/\/bluedoggenetics.com\/de\/#website\"},\"primaryImageOfPage\":{\"@id\":\"https:\/\/bluedoggenetics.com\/producto\/regular\/ruderalis-skunk\/#primaryimage\"},\"image\":{\"@id\":\"https:\/\/bluedoggenetics.com\/producto\/regular\/ruderalis-skunk\/#primaryimage\"},\"thumbnailUrl\":\"https:\/\/bluedoggenetics.com\/wp-content\/uploads\/2026\/03\/140177_2180716_pimcore_1_1.jpg\",\"datePublished\":\"2026-03-30T21:33:01+00:00\",\"dateModified\":\"2026-05-06T12:58:47+00:00\",\"description\":\"Ruderalis Skunk de Sensi Seeds. THC 18-24%. Sabor Coco. Rendimientos \u00e9picos y cultivo agradecido. \u00a1Compra tus semillas ahora!\",\"breadcrumb\":{\"@id\":\"https:\/\/bluedoggenetics.com\/producto\/regular\/ruderalis-skunk\/#breadcrumb\"},\"inLanguage\":\"de\",\"potentialAction\":[{\"@type\":\"ReadAction\",\"target\":[\"https:\/\/bluedoggenetics.com\/producto\/regular\/ruderalis-skunk\/\"]}]},{\"@type\":\"ImageObject\",\"inLanguage\":\"de\",\"@id\":\"https:\/\/bluedoggenetics.com\/producto\/regular\/ruderalis-skunk\/#primaryimage\",\"url\":\"https:\/\/bluedoggenetics.com\/wp-content\/uploads\/2026\/03\/140177_2180716_pimcore_1_1.jpg\",\"contentUrl\":\"https:\/\/bluedoggenetics.com\/wp-content\/uploads\/2026\/03\/140177_2180716_pimcore_1_1.jpg\",\"width\":1000,\"height\":1214},{\"@type\":\"BreadcrumbList\",\"@id\":\"https:\/\/bluedoggenetics.com\/producto\/regular\/ruderalis-skunk\/#breadcrumb\",\"itemListElement\":[{\"@type\":\"ListItem\",\"position\":1,\"name\":\"Portada\",\"item\":\"https:\/\/bluedoggenetics.com\/\"},{\"@type\":\"ListItem\",\"position\":2,\"name\":\"Tienda\",\"item\":\"https:\/\/bluedoggenetics.com\/fr\/tienda\/\"},{\"@type\":\"ListItem\",\"position\":3,\"name\":\"Ruderalis Skunk\"}]},{\"@type\":\"WebSite\",\"@id\":\"https:\/\/bluedoggenetics.com\/de\/#website\",\"url\":\"https:\/\/bluedoggenetics.com\/de\/\",\"name\":\"BLUEDOG GENETICS Seeds\",\"description\":\"Compara y compra las mejores semillas de cannabis. Feminizadas, Autoflorecientes, CBD.\",\"publisher\":{\"@id\":\"https:\/\/bluedoggenetics.com\/de\/#organization\"},\"alternateName\":\"BLUEDOG GENETICS\",\"potentialAction\":[{\"@type\":\"SearchAction\",\"target\":{\"@type\":\"EntryPoint\",\"urlTemplate\":\"https:\/\/bluedoggenetics.com\/de\/?s={search_term_string}\"},\"query-input\":{\"@type\":\"PropertyValueSpecification\",\"valueRequired\":true,\"valueName\":\"search_term_string\"}}],\"inLanguage\":\"de\"},{\"@type\":\"Organization\",\"@id\":\"https:\/\/bluedoggenetics.com\/de\/#organization\",\"name\":\"BLUEDOG GENETICS\",\"url\":\"https:\/\/bluedoggenetics.com\/de\/\",\"logo\":{\"@type\":\"ImageObject\",\"inLanguage\":\"de\",\"@id\":\"https:\/\/bluedoggenetics.com\/de\/#\/schema\/logo\/image\/\",\"url\":\"https:\/\/bluedoggenetics.com\/wp-content\/uploads\/2024\/11\/appIcon.png\",\"contentUrl\":\"https:\/\/bluedoggenetics.com\/wp-content\/uploads\/2024\/11\/appIcon.png\",\"width\":1024,\"height\":1024,\"caption\":\"BLUEDOG GENETICS\"},\"image\":{\"@id\":\"https:\/\/bluedoggenetics.com\/de\/#\/schema\/logo\/image\/\"},\"sameAs\":[\"https:\/\/www.instagram.com\/bluedog.genetics\/\"]}]}<\/script>\n<!-- \/ Yoast SEO plugin. -->","yoast_head_json":{"title":"Ruderalis Skunk - BLUEDOG GENETICS-Samen","description":"Ruderalis Skunk von Sensi Seeds. THC 18-24%. Kokosgeschmack. Epische Ertr\u00e4ge und dankbarer Anbau. Kaufen Sie jetzt Ihre Samen!","robots":{"index":"index","follow":"follow","max-snippet":"max-snippet:-1","max-image-preview":"max-image-preview:large","max-video-preview":"max-video-preview:-1"},"canonical":"https:\/\/bluedoggenetics.com\/de\/produkt\/regular\/ruderalis-skunk\/","og_locale":"de_DE","og_type":"article","og_title":"Ruderalis Skunk - BLUEDOG GENETICS Seeds","og_description":"Ruderalis Skunk de Sensi Seeds. THC 18-24%. Sabor Coco. Rendimientos \u00e9picos y cultivo agradecido. \u00a1Compra tus semillas ahora!","og_url":"https:\/\/bluedoggenetics.com\/de\/produkt\/regular\/ruderalis-skunk\/","og_site_name":"BLUEDOG GENETICS Seeds","article_modified_time":"2026-05-06T12:58:47+00:00","og_image":[{"width":1000,"height":1214,"url":"https:\/\/bluedoggenetics.com\/wp-content\/uploads\/2026\/03\/140177_2180716_pimcore_1_1.jpg","type":"image\/jpeg"}],"twitter_card":"summary_large_image","twitter_misc":{"Gesch\u00e4tzte Lesezeit":"2\u00a0Minuten"},"schema":{"@context":"https:\/\/schema.org","@graph":[{"@type":["WebPage","ItemPage"],"@id":"https:\/\/bluedoggenetics.com\/producto\/regular\/ruderalis-skunk\/","url":"https:\/\/bluedoggenetics.com\/producto\/regular\/ruderalis-skunk\/","name":"Ruderalis Skunk - BLUEDOG GENETICS-Samen","isPartOf":{"@id":"https:\/\/bluedoggenetics.com\/de\/#website"},"primaryImageOfPage":{"@id":"https:\/\/bluedoggenetics.com\/producto\/regular\/ruderalis-skunk\/#primaryimage"},"image":{"@id":"https:\/\/bluedoggenetics.com\/producto\/regular\/ruderalis-skunk\/#primaryimage"},"thumbnailUrl":"https:\/\/bluedoggenetics.com\/wp-content\/uploads\/2026\/03\/140177_2180716_pimcore_1_1.jpg","datePublished":"2026-03-30T21:33:01+00:00","dateModified":"2026-05-06T12:58:47+00:00","description":"Ruderalis Skunk von Sensi Seeds. THC 18-24%. Kokosgeschmack. Epische Ertr\u00e4ge und dankbarer Anbau. Kaufen Sie jetzt Ihre Samen!","breadcrumb":{"@id":"https:\/\/bluedoggenetics.com\/producto\/regular\/ruderalis-skunk\/#breadcrumb"},"inLanguage":"de","potentialAction":[{"@type":"ReadAction","target":["https:\/\/bluedoggenetics.com\/producto\/regular\/ruderalis-skunk\/"]}]},{"@type":"ImageObject","inLanguage":"de","@id":"https:\/\/bluedoggenetics.com\/producto\/regular\/ruderalis-skunk\/#primaryimage","url":"https:\/\/bluedoggenetics.com\/wp-content\/uploads\/2026\/03\/140177_2180716_pimcore_1_1.jpg","contentUrl":"https:\/\/bluedoggenetics.com\/wp-content\/uploads\/2026\/03\/140177_2180716_pimcore_1_1.jpg","width":1000,"height":1214},{"@type":"BreadcrumbList","@id":"https:\/\/bluedoggenetics.com\/producto\/regular\/ruderalis-skunk\/#breadcrumb","itemListElement":[{"@type":"ListItem","position":1,"name":"Portada","item":"https:\/\/bluedoggenetics.com\/"},{"@type":"ListItem","position":2,"name":"Tienda","item":"https:\/\/bluedoggenetics.com\/fr\/tienda\/"},{"@type":"ListItem","position":3,"name":"Ruderalis Skunk"}]},{"@type":"WebSite","@id":"https:\/\/bluedoggenetics.com\/de\/#website","url":"https:\/\/bluedoggenetics.com\/de\/","name":"BLUEDOG GENETICS Seeds","description":"Vergleiche und kaufe die besten Hanfsamen. Feminisiert, Autoflowering, CBD.","publisher":{"@id":"https:\/\/bluedoggenetics.com\/de\/#organization"},"alternateName":"BLUEDOG GENETICS","potentialAction":[{"@type":"SearchAction","target":{"@type":"EntryPoint","urlTemplate":"https:\/\/bluedoggenetics.com\/de\/?s={search_term_string}"},"query-input":{"@type":"PropertyValueSpecification","valueRequired":true,"valueName":"search_term_string"}}],"inLanguage":"de"},{"@type":"Organization","@id":"https:\/\/bluedoggenetics.com\/de\/#organization","name":"BLUEDOG GENETICS","url":"https:\/\/bluedoggenetics.com\/de\/","logo":{"@type":"ImageObject","inLanguage":"de","@id":"https:\/\/bluedoggenetics.com\/de\/#\/schema\/logo\/image\/","url":"https:\/\/bluedoggenetics.com\/wp-content\/uploads\/2024\/11\/appIcon.png","contentUrl":"https:\/\/bluedoggenetics.com\/wp-content\/uploads\/2024\/11\/appIcon.png","width":1024,"height":1024,"caption":"BLUEDOG GENETICS"},"image":{"@id":"https:\/\/bluedoggenetics.com\/de\/#\/schema\/logo\/image\/"},"sameAs":["https:\/\/www.instagram.com\/bluedog.genetics\/"]}]}},"sticker_url":null,"variations_full":[{"id":6086,"price":48,"regular_price":48,"attributes":{"attribute_pa_cantidad":"pack-10"},"image_src":"https:\/\/bluedoggenetics.com\/wp-content\/uploads\/2026\/03\/140177_2180716_pimcore_1_1-600x728.jpg","is_in_stock":true}],"jetpack_sharing_enabled":true,"_links":{"self":[{"href":"https:\/\/bluedoggenetics.com\/de\/wp-json\/wp\/v2\/product\/6071","targetHints":{"allow":["GET"]}}],"collection":[{"href":"https:\/\/bluedoggenetics.com\/de\/wp-json\/wp\/v2\/product"}],"about":[{"href":"https:\/\/bluedoggenetics.com\/de\/wp-json\/wp\/v2\/types\/product"}],"wp:featuredmedia":[{"embeddable":true,"href":"https:\/\/bluedoggenetics.com\/de\/wp-json\/wp\/v2\/media\/6085"}],"wp:attachment":[{"href":"https:\/\/bluedoggenetics.com\/de\/wp-json\/wp\/v2\/media?parent=6071"}],"wp:term":[{"taxonomy":"product_brand","embeddable":true,"href":"https:\/\/bluedoggenetics.com\/de\/wp-json\/wp\/v2\/product_brand?post=6071"},{"taxonomy":"product_cat","embeddable":true,"href":"https:\/\/bluedoggenetics.com\/de\/wp-json\/wp\/v2\/product_cat?post=6071"},{"taxonomy":"product_tag","embeddable":true,"href":"https:\/\/bluedoggenetics.com\/de\/wp-json\/wp\/v2\/product_tag?post=6071"}],"curies":[{"name":"wp","href":"https:\/\/api.w.org\/{rel}","templated":true}]}}