{"id":5957,"date":"2026-03-30T23:04:52","date_gmt":"2026-03-30T21:04:52","guid":{"rendered":"https:\/\/bluedoggenetics.com\/?post_type=product&#038;p=5957"},"modified":"2026-05-06T14:58:24","modified_gmt":"2026-05-06T12:58:24","slug":"white-russian","status":"publish","type":"product","link":"https:\/\/bluedoggenetics.com\/de\/produkt\/regular\/white-russian\/","title":{"rendered":"White Russian"},"content":{"rendered":"<p>Eine Cannabis-Ikone. White Russian ist ber\u00fchmt f\u00fcr seine un\u00fcbertroffene Abdeckung mit wei\u00dfen Harzkristallen und einen verheerenden Schlag. Sobald die Bl\u00fctephase begonnen hat (die etwa 8\u20139 Wochen dauert), entfaltet sie ihr volles Potenzial mit einem THC-Gehalt von 18\u201325 %. Es handelt sich um eine Hybridsorte, die in der Community sehr gesch\u00e4tzt wird.<\/p>\n<p><b>Blumenbild.<\/b> Die Knospen beenden den Zyklus buchst\u00e4blich mit schneeartigem Harz bedeckt, was ihr ein spektakul\u00e4res Aussehen verleiht. Ein optischer Genuss mit intensiven Fruchtaromen.<\/p>\n<p><b>Pflanzenmorphologie.<\/b> Seine Struktur ist mittelhoch, mit schneller Entwicklung und gro\u00dfer seitlicher Verzweigung. Diese Pflanze erreicht in Innenr\u00e4umen eine H\u00f6he von etwa 90\u2013120 cm und liefert einen gesch\u00e4tzten Ertrag von 400\u2013500 g\/m2.<\/p>\n<h3><b>Anbautipps<\/b><\/h3>\n<ul>\n<li><strong>Was ist das ideale Klima f\u00fcr den Anbau von White Russian ?<\/strong><br \/>Ideal f\u00fcr gem\u00e4\u00dfigtes Klima oder im Innenbereich unter Scheinwerfern.<\/li>\n<li><strong>Welche Trainingstechniken funktionieren am besten mit White Russian ?<\/strong><br \/>Es sch\u00e4tzt apikalen Schnitt und Spaliertechniken vom Typ SCROG.<\/li>\n<li><strong>Welche Art der D\u00fcngung ben\u00f6tigt White Russian ?<\/strong><br \/>Es erfordert eine ausgewogene Ern\u00e4hrung, wobei der PK in der Mastphase leicht erh\u00f6ht wird.<\/li>\n<li><strong>Wie sollten die Bew\u00e4sserung und Luftfeuchtigkeit f\u00fcr White Russian sein?<\/strong><br \/>Vermeiden Sie Staun\u00e4sse im Substrat und gie\u00dfen Sie, wenn der Topf an Gewicht verloren hat.<\/li>\n<li><strong>Ist es notwendig, die White Russian -Pflanze zu beschneiden?<\/strong><br \/>Ein etwas geringerer Schnitt (Lollipopping) optimiert die Kronenproduktion.<\/li>\n<\/ul>","protected":false},"excerpt":{"rendered":"<p><strong>White Russian<\/strong> von Serious Seeds. Eine Cannabis-Ikone. White Russian ist ber\u00fchmt f\u00fcr seine un\u00fcbertroffene Abdeckung mit wei\u00dfen Harzkristallen und einen verheerenden Schlag.<\/p>","protected":false},"featured_media":5966,"template":"","meta":{"_acf_changed":false,"inline_featured_image":false,"_wp_applaud_exclude":false},"product_brand":[313],"product_cat":[309],"product_tag":[],"class_list":{"0":"post-5957","1":"product","2":"type-product","3":"status-publish","4":"has-post-thumbnail","6":"product_brand-serious-seeds","7":"product_cat-regular","8":"pa_altura-exterior-150-180","9":"pa_altura-interior-90-120","10":"pa_beneficios-terapeuticos-alivio-de-ansiedad","11":"pa_cantidad-pack-11","12":"pa_clima-templado","13":"pa_cosecha-exterior-450-550","14":"pa_cosecha-interior-400-500","15":"pa_efectos-destacables-activo","16":"pa_floracion-8-9","17":"pa_genetica-65-35","18":"pa_olor-moderado","19":"pa_sabores-y-olores-afrutado","20":"pa_thc-18-25-2","21":"pa_variedad-hibrida","23":"first","24":"instock","25":"taxable","26":"shipping-taxable","27":"purchasable","28":"product-type-variable"},"acf":{"sticker":false,"family_tree":""},"yoast_head":"<!-- This site is optimized with the Yoast SEO plugin v26.5 - https:\/\/yoast.com\/wordpress\/plugins\/seo\/ -->\n<title>White Russian - BLUEDOG GENETICS Seeds<\/title>\n<meta name=\"description\" content=\"White Russian de Serious Seeds. Semillas con 18-25% de THC. Aromas a Afrutado. Cultivo f\u00e1cil y grandes rendimientos. \u00a1Compra aqu\u00ed!\" \/>\n<meta name=\"robots\" content=\"index, follow, max-snippet:-1, max-image-preview:large, max-video-preview:-1\" \/>\n<link rel=\"canonical\" href=\"https:\/\/bluedoggenetics.com\/de\/produkt\/regular\/white-russian\/\" \/>\n<meta property=\"og:locale\" content=\"de_DE\" \/>\n<meta property=\"og:type\" content=\"article\" \/>\n<meta property=\"og:title\" content=\"White Russian - BLUEDOG GENETICS Seeds\" \/>\n<meta property=\"og:description\" content=\"White Russian de Serious Seeds. Semillas con 18-25% de THC. Aromas a Afrutado. Cultivo f\u00e1cil y grandes rendimientos. \u00a1Compra aqu\u00ed!\" \/>\n<meta property=\"og:url\" content=\"https:\/\/bluedoggenetics.com\/de\/produkt\/regular\/white-russian\/\" \/>\n<meta property=\"og:site_name\" content=\"BLUEDOG GENETICS Seeds\" \/>\n<meta property=\"article:modified_time\" content=\"2026-05-06T12:58:24+00:00\" \/>\n<meta property=\"og:image\" content=\"https:\/\/bluedoggenetics.com\/wp-content\/uploads\/2026\/03\/140075_932892_pimcore.jpg\" \/>\n\t<meta property=\"og:image:width\" content=\"350\" \/>\n\t<meta property=\"og:image:height\" content=\"461\" \/>\n\t<meta property=\"og:image:type\" content=\"image\/jpeg\" \/>\n<meta name=\"twitter:card\" content=\"summary_large_image\" \/>\n<meta name=\"twitter:label1\" content=\"Gesch\u00e4tzte Lesezeit\" \/>\n\t<meta name=\"twitter:data1\" content=\"1\u00a0Minute\" \/>\n<script type=\"application\/ld+json\" class=\"yoast-schema-graph\">{\"@context\":\"https:\/\/schema.org\",\"@graph\":[{\"@type\":[\"WebPage\",\"ItemPage\"],\"@id\":\"https:\/\/bluedoggenetics.com\/producto\/regular\/white-russian\/\",\"url\":\"https:\/\/bluedoggenetics.com\/producto\/regular\/white-russian\/\",\"name\":\"White Russian - BLUEDOG GENETICS Seeds\",\"isPartOf\":{\"@id\":\"https:\/\/bluedoggenetics.com\/de\/#website\"},\"primaryImageOfPage\":{\"@id\":\"https:\/\/bluedoggenetics.com\/producto\/regular\/white-russian\/#primaryimage\"},\"image\":{\"@id\":\"https:\/\/bluedoggenetics.com\/producto\/regular\/white-russian\/#primaryimage\"},\"thumbnailUrl\":\"https:\/\/bluedoggenetics.com\/wp-content\/uploads\/2026\/03\/140075_932892_pimcore.jpg\",\"datePublished\":\"2026-03-30T21:04:52+00:00\",\"dateModified\":\"2026-05-06T12:58:24+00:00\",\"description\":\"White Russian de Serious Seeds. Semillas con 18-25% de THC. Aromas a Afrutado. Cultivo f\u00e1cil y grandes rendimientos. \u00a1Compra aqu\u00ed!\",\"breadcrumb\":{\"@id\":\"https:\/\/bluedoggenetics.com\/producto\/regular\/white-russian\/#breadcrumb\"},\"inLanguage\":\"de\",\"potentialAction\":[{\"@type\":\"ReadAction\",\"target\":[\"https:\/\/bluedoggenetics.com\/producto\/regular\/white-russian\/\"]}]},{\"@type\":\"ImageObject\",\"inLanguage\":\"de\",\"@id\":\"https:\/\/bluedoggenetics.com\/producto\/regular\/white-russian\/#primaryimage\",\"url\":\"https:\/\/bluedoggenetics.com\/wp-content\/uploads\/2026\/03\/140075_932892_pimcore.jpg\",\"contentUrl\":\"https:\/\/bluedoggenetics.com\/wp-content\/uploads\/2026\/03\/140075_932892_pimcore.jpg\",\"width\":350,\"height\":461},{\"@type\":\"BreadcrumbList\",\"@id\":\"https:\/\/bluedoggenetics.com\/producto\/regular\/white-russian\/#breadcrumb\",\"itemListElement\":[{\"@type\":\"ListItem\",\"position\":1,\"name\":\"Portada\",\"item\":\"https:\/\/bluedoggenetics.com\/\"},{\"@type\":\"ListItem\",\"position\":2,\"name\":\"Tienda\",\"item\":\"https:\/\/bluedoggenetics.com\/fr\/tienda\/\"},{\"@type\":\"ListItem\",\"position\":3,\"name\":\"White Russian\"}]},{\"@type\":\"WebSite\",\"@id\":\"https:\/\/bluedoggenetics.com\/de\/#website\",\"url\":\"https:\/\/bluedoggenetics.com\/de\/\",\"name\":\"BLUEDOG GENETICS Seeds\",\"description\":\"Compara y compra las mejores semillas de cannabis. Feminizadas, Autoflorecientes, CBD.\",\"publisher\":{\"@id\":\"https:\/\/bluedoggenetics.com\/de\/#organization\"},\"alternateName\":\"BLUEDOG GENETICS\",\"potentialAction\":[{\"@type\":\"SearchAction\",\"target\":{\"@type\":\"EntryPoint\",\"urlTemplate\":\"https:\/\/bluedoggenetics.com\/de\/?s={search_term_string}\"},\"query-input\":{\"@type\":\"PropertyValueSpecification\",\"valueRequired\":true,\"valueName\":\"search_term_string\"}}],\"inLanguage\":\"de\"},{\"@type\":\"Organization\",\"@id\":\"https:\/\/bluedoggenetics.com\/de\/#organization\",\"name\":\"BLUEDOG GENETICS\",\"url\":\"https:\/\/bluedoggenetics.com\/de\/\",\"logo\":{\"@type\":\"ImageObject\",\"inLanguage\":\"de\",\"@id\":\"https:\/\/bluedoggenetics.com\/de\/#\/schema\/logo\/image\/\",\"url\":\"https:\/\/bluedoggenetics.com\/wp-content\/uploads\/2024\/11\/appIcon.png\",\"contentUrl\":\"https:\/\/bluedoggenetics.com\/wp-content\/uploads\/2024\/11\/appIcon.png\",\"width\":1024,\"height\":1024,\"caption\":\"BLUEDOG GENETICS\"},\"image\":{\"@id\":\"https:\/\/bluedoggenetics.com\/de\/#\/schema\/logo\/image\/\"},\"sameAs\":[\"https:\/\/www.instagram.com\/bluedog.genetics\/\"]}]}<\/script>\n<!-- \/ Yoast SEO plugin. -->","yoast_head_json":{"title":"White Russian - BLUEDOG GENETICS-Samen","description":"White Russian von Serious Seeds. Samen mit 18\u201325 % THC. Fruchtige Aromen. Einfacher Anbau und tolle Ertr\u00e4ge. Kaufen Sie hier!","robots":{"index":"index","follow":"follow","max-snippet":"max-snippet:-1","max-image-preview":"max-image-preview:large","max-video-preview":"max-video-preview:-1"},"canonical":"https:\/\/bluedoggenetics.com\/de\/produkt\/regular\/white-russian\/","og_locale":"de_DE","og_type":"article","og_title":"White Russian - BLUEDOG GENETICS Seeds","og_description":"White Russian de Serious Seeds. Semillas con 18-25% de THC. Aromas a Afrutado. Cultivo f\u00e1cil y grandes rendimientos. \u00a1Compra aqu\u00ed!","og_url":"https:\/\/bluedoggenetics.com\/de\/produkt\/regular\/white-russian\/","og_site_name":"BLUEDOG GENETICS Seeds","article_modified_time":"2026-05-06T12:58:24+00:00","og_image":[{"width":350,"height":461,"url":"https:\/\/bluedoggenetics.com\/wp-content\/uploads\/2026\/03\/140075_932892_pimcore.jpg","type":"image\/jpeg"}],"twitter_card":"summary_large_image","twitter_misc":{"Gesch\u00e4tzte Lesezeit":"1\u00a0Minute"},"schema":{"@context":"https:\/\/schema.org","@graph":[{"@type":["WebPage","ItemPage"],"@id":"https:\/\/bluedoggenetics.com\/producto\/regular\/white-russian\/","url":"https:\/\/bluedoggenetics.com\/producto\/regular\/white-russian\/","name":"White Russian - BLUEDOG GENETICS-Samen","isPartOf":{"@id":"https:\/\/bluedoggenetics.com\/de\/#website"},"primaryImageOfPage":{"@id":"https:\/\/bluedoggenetics.com\/producto\/regular\/white-russian\/#primaryimage"},"image":{"@id":"https:\/\/bluedoggenetics.com\/producto\/regular\/white-russian\/#primaryimage"},"thumbnailUrl":"https:\/\/bluedoggenetics.com\/wp-content\/uploads\/2026\/03\/140075_932892_pimcore.jpg","datePublished":"2026-03-30T21:04:52+00:00","dateModified":"2026-05-06T12:58:24+00:00","description":"White Russian von Serious Seeds. Samen mit 18\u201325 % THC. Fruchtige Aromen. Einfacher Anbau und tolle Ertr\u00e4ge. Kaufen Sie hier!","breadcrumb":{"@id":"https:\/\/bluedoggenetics.com\/producto\/regular\/white-russian\/#breadcrumb"},"inLanguage":"de","potentialAction":[{"@type":"ReadAction","target":["https:\/\/bluedoggenetics.com\/producto\/regular\/white-russian\/"]}]},{"@type":"ImageObject","inLanguage":"de","@id":"https:\/\/bluedoggenetics.com\/producto\/regular\/white-russian\/#primaryimage","url":"https:\/\/bluedoggenetics.com\/wp-content\/uploads\/2026\/03\/140075_932892_pimcore.jpg","contentUrl":"https:\/\/bluedoggenetics.com\/wp-content\/uploads\/2026\/03\/140075_932892_pimcore.jpg","width":350,"height":461},{"@type":"BreadcrumbList","@id":"https:\/\/bluedoggenetics.com\/producto\/regular\/white-russian\/#breadcrumb","itemListElement":[{"@type":"ListItem","position":1,"name":"Portada","item":"https:\/\/bluedoggenetics.com\/"},{"@type":"ListItem","position":2,"name":"Tienda","item":"https:\/\/bluedoggenetics.com\/fr\/tienda\/"},{"@type":"ListItem","position":3,"name":"White Russian"}]},{"@type":"WebSite","@id":"https:\/\/bluedoggenetics.com\/de\/#website","url":"https:\/\/bluedoggenetics.com\/de\/","name":"BLUEDOG GENETICS Seeds","description":"Vergleiche und kaufe die besten Hanfsamen. Feminisiert, Autoflowering, CBD.","publisher":{"@id":"https:\/\/bluedoggenetics.com\/de\/#organization"},"alternateName":"BLUEDOG GENETICS","potentialAction":[{"@type":"SearchAction","target":{"@type":"EntryPoint","urlTemplate":"https:\/\/bluedoggenetics.com\/de\/?s={search_term_string}"},"query-input":{"@type":"PropertyValueSpecification","valueRequired":true,"valueName":"search_term_string"}}],"inLanguage":"de"},{"@type":"Organization","@id":"https:\/\/bluedoggenetics.com\/de\/#organization","name":"BLUEDOG GENETICS","url":"https:\/\/bluedoggenetics.com\/de\/","logo":{"@type":"ImageObject","inLanguage":"de","@id":"https:\/\/bluedoggenetics.com\/de\/#\/schema\/logo\/image\/","url":"https:\/\/bluedoggenetics.com\/wp-content\/uploads\/2024\/11\/appIcon.png","contentUrl":"https:\/\/bluedoggenetics.com\/wp-content\/uploads\/2024\/11\/appIcon.png","width":1024,"height":1024,"caption":"BLUEDOG GENETICS"},"image":{"@id":"https:\/\/bluedoggenetics.com\/de\/#\/schema\/logo\/image\/"},"sameAs":["https:\/\/www.instagram.com\/bluedog.genetics\/"]}]}},"sticker_url":null,"variations_full":[{"id":5967,"price":70,"regular_price":70,"attributes":{"attribute_pa_cantidad":"pack-11"},"image_src":"https:\/\/bluedoggenetics.com\/wp-content\/uploads\/2026\/03\/140075_932892_pimcore.jpg","is_in_stock":true}],"jetpack_sharing_enabled":true,"_links":{"self":[{"href":"https:\/\/bluedoggenetics.com\/de\/wp-json\/wp\/v2\/product\/5957","targetHints":{"allow":["GET"]}}],"collection":[{"href":"https:\/\/bluedoggenetics.com\/de\/wp-json\/wp\/v2\/product"}],"about":[{"href":"https:\/\/bluedoggenetics.com\/de\/wp-json\/wp\/v2\/types\/product"}],"wp:featuredmedia":[{"embeddable":true,"href":"https:\/\/bluedoggenetics.com\/de\/wp-json\/wp\/v2\/media\/5966"}],"wp:attachment":[{"href":"https:\/\/bluedoggenetics.com\/de\/wp-json\/wp\/v2\/media?parent=5957"}],"wp:term":[{"taxonomy":"product_brand","embeddable":true,"href":"https:\/\/bluedoggenetics.com\/de\/wp-json\/wp\/v2\/product_brand?post=5957"},{"taxonomy":"product_cat","embeddable":true,"href":"https:\/\/bluedoggenetics.com\/de\/wp-json\/wp\/v2\/product_cat?post=5957"},{"taxonomy":"product_tag","embeddable":true,"href":"https:\/\/bluedoggenetics.com\/de\/wp-json\/wp\/v2\/product_tag?post=5957"}],"curies":[{"name":"wp","href":"https:\/\/api.w.org\/{rel}","templated":true}]}}