{"id":5933,"date":"2026-03-30T23:04:28","date_gmt":"2026-03-30T21:04:28","guid":{"rendered":"https:\/\/bluedoggenetics.com\/?post_type=product&#038;p=5933"},"modified":"2026-05-06T14:58:24","modified_gmt":"2026-05-06T12:58:24","slug":"skunk-1-2","status":"publish","type":"product","link":"https:\/\/bluedoggenetics.com\/de\/produkt\/regular\/skunk-1-2\/","title":{"rendered":"Stinktier #1"},"content":{"rendered":"<p>Ein Klassiker in Leistung und Geschmack. Skunk #1 ist eine aromatische Bombe, die problemlos gro\u00dfe Ernten garantiert. Sobald die Bl\u00fctephase begonnen hat (die etwa 8 Wochen dauert), entfaltet sie ihr volles Potenzial mit einem THC-Gehalt von 18\u201324 %. Es handelt sich um eine Hybridsorte, die in der Community sehr gesch\u00e4tzt wird.<\/p>\n<p><b>Blumenbild.<\/b> Sie entwickelt riesige Fuchsschw\u00e4nze voller geschwollener Kelche mit einem sehr hohen Kelch\/Blatt-Verh\u00e4ltnis, das die Manik\u00fcre erleichtert. Ein optischer Genuss mit intensiven Fruchtaromen.<\/p>\n<p><b>Pflanzenmorphologie.<\/b> Sehr kr\u00e4ftig, mit gleichm\u00e4\u00dfigem Wuchs und kr\u00e4ftigen Seiten\u00e4sten, die darum konkurrieren, die Hauptspitze zu erreichen. Diese Pflanze erreicht in Innenr\u00e4umen eine H\u00f6he von etwa 90\u2013120 cm und liefert einen gesch\u00e4tzten Ertrag von 550\u2013650 g\/m2.<\/p>\n<h3><b>Anbautipps<\/b><\/h3>\n<ul>\n<li><strong>Was ist das ideale Klima f\u00fcr den Anbau von Skunk #1 ?<\/strong><br \/>Ideal f\u00fcr gem\u00e4\u00dfigtes Klima oder im Innenbereich unter Scheinwerfern.<\/li>\n<li><strong>Welche Trainingstechniken funktionieren am besten mit Skunk #1 ?<\/strong><br \/>Es sch\u00e4tzt apikalen Schnitt und Spaliertechniken vom Typ SCROG.<\/li>\n<li><strong>Welche Art der D\u00fcngung ben\u00f6tigt Skunk #1 ?<\/strong><br \/>Es passt sich allem an. Sie ist die ideale Pflanze, um Anf\u00e4ngerfehler bei der F\u00fctterung zu verzeihen.<\/li>\n<li><strong>Wie sollten die Bew\u00e4sserung und Luftfeuchtigkeit f\u00fcr Skunk #1 sein?<\/strong><br \/>Vermeiden Sie Staun\u00e4sse im Substrat und gie\u00dfen Sie, wenn der Topf an Gewicht verloren hat.<\/li>\n<li><strong>Ist es notwendig, die Skunk #1 -Pflanze zu beschneiden?<\/strong><br \/>Ein etwas geringerer Schnitt (Lollipopping) optimiert die Kronenproduktion.<\/li>\n<\/ul>","protected":false},"excerpt":{"rendered":"<p><strong>Stinktier #1<\/strong> von Sensi Seeds. Ein Klassiker in Leistung und Geschmack. Skunk #1 ist eine aromatische Bombe, die problemlos gro\u00dfe Ernten garantiert.<\/p>","protected":false},"featured_media":5954,"template":"","meta":{"_acf_changed":false,"inline_featured_image":false,"_wp_applaud_exclude":false},"product_brand":[],"product_cat":[309],"product_tag":[],"class_list":{"0":"post-5933","1":"product","2":"type-product","3":"status-publish","4":"has-post-thumbnail","6":"product_cat-regular","7":"pa_altura-exterior-150-180","8":"pa_altura-interior-90-120","9":"pa_beneficios-terapeuticos-alivio-de-ansiedad","10":"pa_cantidad-pack-10","11":"pa_clima-templado","12":"pa_cosecha-exterior-850-950","13":"pa_cosecha-interior-550-650","14":"pa_efectos-destacables-activo","15":"pa_floracion-131","16":"pa_genetica-50-50","17":"pa_olor-fuerte","18":"pa_sabores-y-olores-afrutado","19":"pa_thc-18-24","20":"pa_variedad-hibrida","22":"first","23":"instock","24":"taxable","25":"shipping-taxable","26":"purchasable","27":"product-type-variable"},"acf":{"sticker":false,"family_tree":""},"yoast_head":"<!-- This site is optimized with the Yoast SEO plugin v26.5 - https:\/\/yoast.com\/wordpress\/plugins\/seo\/ -->\n<title>Skunk #1 - BLUEDOG GENETICS Seeds<\/title>\n<meta name=\"robots\" content=\"index, follow, max-snippet:-1, max-image-preview:large, max-video-preview:-1\" \/>\n<link rel=\"canonical\" href=\"https:\/\/bluedoggenetics.com\/de\/produkt\/regular\/skunk-1-2\/\" \/>\n<meta property=\"og:locale\" content=\"de_DE\" \/>\n<meta property=\"og:type\" content=\"article\" \/>\n<meta property=\"og:title\" content=\"Skunk #1 - BLUEDOG GENETICS Seeds\" \/>\n<meta property=\"og:description\" content=\"Skunk #1 de Sensi Seeds. Todo un cl\u00e1sico del rendimiento y el sabor. Skunk #1 es una bomba arom\u00e1tica que garantiza cosechas inmensas de manera f\u00e1cil.\" \/>\n<meta property=\"og:url\" content=\"https:\/\/bluedoggenetics.com\/de\/produkt\/regular\/skunk-1-2\/\" \/>\n<meta property=\"og:site_name\" content=\"BLUEDOG GENETICS Seeds\" \/>\n<meta property=\"article:modified_time\" content=\"2026-05-06T12:58:24+00:00\" \/>\n<meta property=\"og:image\" content=\"https:\/\/bluedoggenetics.com\/wp-content\/uploads\/2026\/03\/140093_2180545_pimcore_1.jpg\" \/>\n\t<meta property=\"og:image:width\" content=\"1000\" \/>\n\t<meta property=\"og:image:height\" content=\"1214\" \/>\n\t<meta property=\"og:image:type\" content=\"image\/jpeg\" \/>\n<meta name=\"twitter:card\" content=\"summary_large_image\" \/>\n<meta name=\"twitter:label1\" content=\"Gesch\u00e4tzte Lesezeit\" \/>\n\t<meta name=\"twitter:data1\" content=\"1\u00a0Minute\" \/>\n<script type=\"application\/ld+json\" class=\"yoast-schema-graph\">{\"@context\":\"https:\/\/schema.org\",\"@graph\":[{\"@type\":[\"WebPage\",\"ItemPage\"],\"@id\":\"https:\/\/bluedoggenetics.com\/producto\/regular\/skunk-1-2\/\",\"url\":\"https:\/\/bluedoggenetics.com\/producto\/regular\/skunk-1-2\/\",\"name\":\"Skunk #1 - BLUEDOG GENETICS Seeds\",\"isPartOf\":{\"@id\":\"https:\/\/bluedoggenetics.com\/de\/#website\"},\"primaryImageOfPage\":{\"@id\":\"https:\/\/bluedoggenetics.com\/producto\/regular\/skunk-1-2\/#primaryimage\"},\"image\":{\"@id\":\"https:\/\/bluedoggenetics.com\/producto\/regular\/skunk-1-2\/#primaryimage\"},\"thumbnailUrl\":\"https:\/\/bluedoggenetics.com\/wp-content\/uploads\/2026\/03\/140093_2180545_pimcore_1.jpg\",\"datePublished\":\"2026-03-30T21:04:28+00:00\",\"dateModified\":\"2026-05-06T12:58:24+00:00\",\"breadcrumb\":{\"@id\":\"https:\/\/bluedoggenetics.com\/producto\/regular\/skunk-1-2\/#breadcrumb\"},\"inLanguage\":\"de\",\"potentialAction\":[{\"@type\":\"ReadAction\",\"target\":[\"https:\/\/bluedoggenetics.com\/producto\/regular\/skunk-1-2\/\"]}]},{\"@type\":\"ImageObject\",\"inLanguage\":\"de\",\"@id\":\"https:\/\/bluedoggenetics.com\/producto\/regular\/skunk-1-2\/#primaryimage\",\"url\":\"https:\/\/bluedoggenetics.com\/wp-content\/uploads\/2026\/03\/140093_2180545_pimcore_1.jpg\",\"contentUrl\":\"https:\/\/bluedoggenetics.com\/wp-content\/uploads\/2026\/03\/140093_2180545_pimcore_1.jpg\",\"width\":1000,\"height\":1214},{\"@type\":\"BreadcrumbList\",\"@id\":\"https:\/\/bluedoggenetics.com\/producto\/regular\/skunk-1-2\/#breadcrumb\",\"itemListElement\":[{\"@type\":\"ListItem\",\"position\":1,\"name\":\"Portada\",\"item\":\"https:\/\/bluedoggenetics.com\/\"},{\"@type\":\"ListItem\",\"position\":2,\"name\":\"Tienda\",\"item\":\"https:\/\/bluedoggenetics.com\/fr\/tienda\/\"},{\"@type\":\"ListItem\",\"position\":3,\"name\":\"Skunk #1\"}]},{\"@type\":\"WebSite\",\"@id\":\"https:\/\/bluedoggenetics.com\/de\/#website\",\"url\":\"https:\/\/bluedoggenetics.com\/de\/\",\"name\":\"BLUEDOG GENETICS Seeds\",\"description\":\"Compara y compra las mejores semillas de cannabis. Feminizadas, Autoflorecientes, CBD.\",\"publisher\":{\"@id\":\"https:\/\/bluedoggenetics.com\/de\/#organization\"},\"alternateName\":\"BLUEDOG GENETICS\",\"potentialAction\":[{\"@type\":\"SearchAction\",\"target\":{\"@type\":\"EntryPoint\",\"urlTemplate\":\"https:\/\/bluedoggenetics.com\/de\/?s={search_term_string}\"},\"query-input\":{\"@type\":\"PropertyValueSpecification\",\"valueRequired\":true,\"valueName\":\"search_term_string\"}}],\"inLanguage\":\"de\"},{\"@type\":\"Organization\",\"@id\":\"https:\/\/bluedoggenetics.com\/de\/#organization\",\"name\":\"BLUEDOG GENETICS\",\"url\":\"https:\/\/bluedoggenetics.com\/de\/\",\"logo\":{\"@type\":\"ImageObject\",\"inLanguage\":\"de\",\"@id\":\"https:\/\/bluedoggenetics.com\/de\/#\/schema\/logo\/image\/\",\"url\":\"https:\/\/bluedoggenetics.com\/wp-content\/uploads\/2024\/11\/appIcon.png\",\"contentUrl\":\"https:\/\/bluedoggenetics.com\/wp-content\/uploads\/2024\/11\/appIcon.png\",\"width\":1024,\"height\":1024,\"caption\":\"BLUEDOG GENETICS\"},\"image\":{\"@id\":\"https:\/\/bluedoggenetics.com\/de\/#\/schema\/logo\/image\/\"},\"sameAs\":[\"https:\/\/www.instagram.com\/bluedog.genetics\/\"]}]}<\/script>\n<!-- \/ Yoast SEO plugin. -->","yoast_head_json":{"title":"Skunk #1 - BLUEDOG GENETICS-Samen","robots":{"index":"index","follow":"follow","max-snippet":"max-snippet:-1","max-image-preview":"max-image-preview:large","max-video-preview":"max-video-preview:-1"},"canonical":"https:\/\/bluedoggenetics.com\/de\/produkt\/regular\/skunk-1-2\/","og_locale":"de_DE","og_type":"article","og_title":"Skunk #1 - BLUEDOG GENETICS Seeds","og_description":"Skunk #1 de Sensi Seeds. Todo un cl\u00e1sico del rendimiento y el sabor. Skunk #1 es una bomba arom\u00e1tica que garantiza cosechas inmensas de manera f\u00e1cil.","og_url":"https:\/\/bluedoggenetics.com\/de\/produkt\/regular\/skunk-1-2\/","og_site_name":"BLUEDOG GENETICS Seeds","article_modified_time":"2026-05-06T12:58:24+00:00","og_image":[{"width":1000,"height":1214,"url":"https:\/\/bluedoggenetics.com\/wp-content\/uploads\/2026\/03\/140093_2180545_pimcore_1.jpg","type":"image\/jpeg"}],"twitter_card":"summary_large_image","twitter_misc":{"Gesch\u00e4tzte Lesezeit":"1\u00a0Minute"},"schema":{"@context":"https:\/\/schema.org","@graph":[{"@type":["WebPage","ItemPage"],"@id":"https:\/\/bluedoggenetics.com\/producto\/regular\/skunk-1-2\/","url":"https:\/\/bluedoggenetics.com\/producto\/regular\/skunk-1-2\/","name":"Skunk #1 - BLUEDOG GENETICS-Samen","isPartOf":{"@id":"https:\/\/bluedoggenetics.com\/de\/#website"},"primaryImageOfPage":{"@id":"https:\/\/bluedoggenetics.com\/producto\/regular\/skunk-1-2\/#primaryimage"},"image":{"@id":"https:\/\/bluedoggenetics.com\/producto\/regular\/skunk-1-2\/#primaryimage"},"thumbnailUrl":"https:\/\/bluedoggenetics.com\/wp-content\/uploads\/2026\/03\/140093_2180545_pimcore_1.jpg","datePublished":"2026-03-30T21:04:28+00:00","dateModified":"2026-05-06T12:58:24+00:00","breadcrumb":{"@id":"https:\/\/bluedoggenetics.com\/producto\/regular\/skunk-1-2\/#breadcrumb"},"inLanguage":"de","potentialAction":[{"@type":"ReadAction","target":["https:\/\/bluedoggenetics.com\/producto\/regular\/skunk-1-2\/"]}]},{"@type":"ImageObject","inLanguage":"de","@id":"https:\/\/bluedoggenetics.com\/producto\/regular\/skunk-1-2\/#primaryimage","url":"https:\/\/bluedoggenetics.com\/wp-content\/uploads\/2026\/03\/140093_2180545_pimcore_1.jpg","contentUrl":"https:\/\/bluedoggenetics.com\/wp-content\/uploads\/2026\/03\/140093_2180545_pimcore_1.jpg","width":1000,"height":1214},{"@type":"BreadcrumbList","@id":"https:\/\/bluedoggenetics.com\/producto\/regular\/skunk-1-2\/#breadcrumb","itemListElement":[{"@type":"ListItem","position":1,"name":"Portada","item":"https:\/\/bluedoggenetics.com\/"},{"@type":"ListItem","position":2,"name":"Tienda","item":"https:\/\/bluedoggenetics.com\/fr\/tienda\/"},{"@type":"ListItem","position":3,"name":"Skunk #1"}]},{"@type":"WebSite","@id":"https:\/\/bluedoggenetics.com\/de\/#website","url":"https:\/\/bluedoggenetics.com\/de\/","name":"BLUEDOG GENETICS Seeds","description":"Vergleiche und kaufe die besten Hanfsamen. Feminisiert, Autoflowering, CBD.","publisher":{"@id":"https:\/\/bluedoggenetics.com\/de\/#organization"},"alternateName":"BLUEDOG GENETICS","potentialAction":[{"@type":"SearchAction","target":{"@type":"EntryPoint","urlTemplate":"https:\/\/bluedoggenetics.com\/de\/?s={search_term_string}"},"query-input":{"@type":"PropertyValueSpecification","valueRequired":true,"valueName":"search_term_string"}}],"inLanguage":"de"},{"@type":"Organization","@id":"https:\/\/bluedoggenetics.com\/de\/#organization","name":"BLUEDOG GENETICS","url":"https:\/\/bluedoggenetics.com\/de\/","logo":{"@type":"ImageObject","inLanguage":"de","@id":"https:\/\/bluedoggenetics.com\/de\/#\/schema\/logo\/image\/","url":"https:\/\/bluedoggenetics.com\/wp-content\/uploads\/2024\/11\/appIcon.png","contentUrl":"https:\/\/bluedoggenetics.com\/wp-content\/uploads\/2024\/11\/appIcon.png","width":1024,"height":1024,"caption":"BLUEDOG GENETICS"},"image":{"@id":"https:\/\/bluedoggenetics.com\/de\/#\/schema\/logo\/image\/"},"sameAs":["https:\/\/www.instagram.com\/bluedog.genetics\/"]}]}},"sticker_url":null,"variations_full":[{"id":5958,"price":32,"regular_price":32,"attributes":{"attribute_pa_cantidad":"pack-10"},"image_src":"https:\/\/bluedoggenetics.com\/wp-content\/uploads\/2026\/03\/140093_2180545_pimcore_1-600x728.jpg","is_in_stock":true}],"jetpack_sharing_enabled":true,"_links":{"self":[{"href":"https:\/\/bluedoggenetics.com\/de\/wp-json\/wp\/v2\/product\/5933","targetHints":{"allow":["GET"]}}],"collection":[{"href":"https:\/\/bluedoggenetics.com\/de\/wp-json\/wp\/v2\/product"}],"about":[{"href":"https:\/\/bluedoggenetics.com\/de\/wp-json\/wp\/v2\/types\/product"}],"wp:featuredmedia":[{"embeddable":true,"href":"https:\/\/bluedoggenetics.com\/de\/wp-json\/wp\/v2\/media\/5954"}],"wp:attachment":[{"href":"https:\/\/bluedoggenetics.com\/de\/wp-json\/wp\/v2\/media?parent=5933"}],"wp:term":[{"taxonomy":"product_brand","embeddable":true,"href":"https:\/\/bluedoggenetics.com\/de\/wp-json\/wp\/v2\/product_brand?post=5933"},{"taxonomy":"product_cat","embeddable":true,"href":"https:\/\/bluedoggenetics.com\/de\/wp-json\/wp\/v2\/product_cat?post=5933"},{"taxonomy":"product_tag","embeddable":true,"href":"https:\/\/bluedoggenetics.com\/de\/wp-json\/wp\/v2\/product_tag?post=5933"}],"curies":[{"name":"wp","href":"https:\/\/api.w.org\/{rel}","templated":true}]}}