{"id":5932,"date":"2026-03-30T23:04:28","date_gmt":"2026-03-30T21:04:28","guid":{"rendered":"https:\/\/bluedoggenetics.com\/?post_type=product&#038;p=5932"},"modified":"2026-05-06T14:58:24","modified_gmt":"2026-05-06T12:58:24","slug":"shiva-skunk","status":"publish","type":"product","link":"https:\/\/bluedoggenetics.com\/de\/produkt\/regular\/shiva-skunk\/","title":{"rendered":"Shiva Skunk"},"content":{"rendered":"<p>Wenn Sie auf der Suche nach dem klassischen \u201eSofaeffekt\u201c sind, ist Shiva Skunk von Sensi Seeds die beste Wahl. Eine afghanische Genetik, die f\u00fcr ihre massive Produktion von Trichomen bekannt ist. Sobald die Bl\u00fctephase begonnen hat (die etwa 7\u20138 Wochen dauert), entfaltet sie ihr volles Potenzial mit einem THC-Gehalt von 18\u201325 %. Es handelt sich um eine selbstbl\u00fchende Sorte, die in der Community sehr gesch\u00e4tzt wird.<\/p>\n<p><b>Blumenbild.<\/b> Unglaublich dichte, harte und schwere Bl\u00fctenb\u00fcschel, die am Ende des Zyklus oft wundersch\u00f6ne dunkle oder violette Farbt\u00f6ne entwickeln. Ein optischer Genuss mit intensiven Fruchtaromen.<\/p>\n<p><b>Pflanzenmorphologie.<\/b> Robuste, niedrige und kompakte Pflanze. Sie entwickelt einen dicken Stamm und sehr breite dunkelgr\u00fcne Bl\u00e4tter. Diese Pflanze erreicht in Innenr\u00e4umen eine H\u00f6he von etwa 80\u2013100 cm und liefert einen gesch\u00e4tzten Ertrag von 400\u2013500 g\/m2.<\/p>\n<h3><b>Anbautipps<\/b><\/h3>\n<ul>\n<li><strong>Was ist das ideale Klima f\u00fcr den Anbau von Shiva Skunk ?<\/strong><br \/>Es widersteht problemlos pl\u00f6tzlichen Temperaturabf\u00e4llen in der Nacht.<\/li>\n<li><strong>Welche Trainingstechniken funktionieren am besten mit Shiva Skunk ?<\/strong><br \/>Die SOG-Technik (Sea of \u200b\u200bGreen) eignet sich perfekt, um die enorme zentrale Knospe zu nutzen.<\/li>\n<li><strong>Welche Art der D\u00fcngung ben\u00f6tigt Shiva Skunk ?<\/strong><br \/>Es erfordert eine ausgewogene Ern\u00e4hrung, wobei der PK in der Mastphase leicht erh\u00f6ht wird.<\/li>\n<li><strong>Wie sollten die Bew\u00e4sserung und Luftfeuchtigkeit f\u00fcr Shiva Skunk sein?<\/strong><br \/>Seien Sie w\u00e4hrend der Bl\u00fcte vorsichtig mit der Luftfeuchtigkeit. Seine Dichte kann Pilze verursachen, wenn die Umgebung nicht trocken ist.<\/li>\n<li><strong>Ist es notwendig, die Shiva Skunk -Pflanze zu beschneiden?<\/strong><br \/>Ein etwas geringerer Schnitt (Lollipopping) optimiert die Kronenproduktion.<\/li>\n<\/ul>","protected":false},"excerpt":{"rendered":"<p><strong>Shiva Skunk<\/strong> von Sensi Seeds. Wenn Sie auf der Suche nach dem klassischen \u201eSofaeffekt\u201c sind, ist Shiva Skunk von Sensi Seeds die beste Wahl. Eine afghanische Genetik, die f\u00fcr ihre massive Produktion von Trichomen bekannt ist.<\/p>","protected":false},"featured_media":5952,"template":"","meta":{"_acf_changed":false,"inline_featured_image":false,"_wp_applaud_exclude":false},"product_brand":[198],"product_cat":[309],"product_tag":[],"class_list":{"0":"post-5932","1":"product","2":"type-product","3":"status-publish","4":"has-post-thumbnail","6":"product_brand-sensi-seeds","7":"product_cat-regular","8":"pa_altura-exterior-120-150","9":"pa_altura-interior-80-100","10":"pa_beneficios-terapeuticos-alivio-de-ansiedad","11":"pa_cantidad-pack-10","12":"pa_clima-fresco","13":"pa_cosecha-exterior-750-850","14":"pa_cosecha-interior-400-500","15":"pa_efectos-destacables-activo","16":"pa_floracion-7-8","17":"pa_genetica-80-20","18":"pa_olor-fuerte","19":"pa_sabores-y-olores-afrutado","20":"pa_thc-18-25-2","21":"pa_variedad-autofloreciente","23":"first","24":"instock","25":"taxable","26":"shipping-taxable","27":"purchasable","28":"product-type-variable"},"acf":{"sticker":false,"family_tree":""},"yoast_head":"<!-- This site is optimized with the Yoast SEO plugin v26.5 - https:\/\/yoast.com\/wordpress\/plugins\/seo\/ -->\n<title>Shiva Skunk - BLUEDOG GENETICS Seeds<\/title>\n<meta name=\"description\" content=\"Shiva Skunk de Sensi Seeds. Semillas con 18-25% de THC. Aromas a Afrutado. Cultivo f\u00e1cil y grandes rendimientos. \u00a1Compra aqu\u00ed!\" \/>\n<meta name=\"robots\" content=\"index, follow, max-snippet:-1, max-image-preview:large, max-video-preview:-1\" \/>\n<link rel=\"canonical\" href=\"https:\/\/bluedoggenetics.com\/de\/produkt\/regular\/shiva-skunk\/\" \/>\n<meta property=\"og:locale\" content=\"de_DE\" \/>\n<meta property=\"og:type\" content=\"article\" \/>\n<meta property=\"og:title\" content=\"Shiva Skunk - BLUEDOG GENETICS Seeds\" \/>\n<meta property=\"og:description\" content=\"Shiva Skunk de Sensi Seeds. Semillas con 18-25% de THC. Aromas a Afrutado. Cultivo f\u00e1cil y grandes rendimientos. \u00a1Compra aqu\u00ed!\" \/>\n<meta property=\"og:url\" content=\"https:\/\/bluedoggenetics.com\/de\/produkt\/regular\/shiva-skunk\/\" \/>\n<meta property=\"og:site_name\" content=\"BLUEDOG GENETICS Seeds\" \/>\n<meta property=\"article:modified_time\" content=\"2026-05-06T12:58:24+00:00\" \/>\n<meta property=\"og:image\" content=\"https:\/\/bluedoggenetics.com\/wp-content\/uploads\/2026\/03\/140101_2180562_pimcore_1_1.jpg\" \/>\n\t<meta property=\"og:image:width\" content=\"1000\" \/>\n\t<meta property=\"og:image:height\" content=\"1214\" \/>\n\t<meta property=\"og:image:type\" content=\"image\/jpeg\" \/>\n<meta name=\"twitter:card\" content=\"summary_large_image\" \/>\n<meta name=\"twitter:label1\" content=\"Gesch\u00e4tzte Lesezeit\" \/>\n\t<meta name=\"twitter:data1\" content=\"1\u00a0Minute\" \/>\n<script type=\"application\/ld+json\" class=\"yoast-schema-graph\">{\"@context\":\"https:\/\/schema.org\",\"@graph\":[{\"@type\":[\"WebPage\",\"ItemPage\"],\"@id\":\"https:\/\/bluedoggenetics.com\/producto\/regular\/shiva-skunk\/\",\"url\":\"https:\/\/bluedoggenetics.com\/producto\/regular\/shiva-skunk\/\",\"name\":\"Shiva Skunk - BLUEDOG GENETICS Seeds\",\"isPartOf\":{\"@id\":\"https:\/\/bluedoggenetics.com\/de\/#website\"},\"primaryImageOfPage\":{\"@id\":\"https:\/\/bluedoggenetics.com\/producto\/regular\/shiva-skunk\/#primaryimage\"},\"image\":{\"@id\":\"https:\/\/bluedoggenetics.com\/producto\/regular\/shiva-skunk\/#primaryimage\"},\"thumbnailUrl\":\"https:\/\/bluedoggenetics.com\/wp-content\/uploads\/2026\/03\/140101_2180562_pimcore_1_1.jpg\",\"datePublished\":\"2026-03-30T21:04:28+00:00\",\"dateModified\":\"2026-05-06T12:58:24+00:00\",\"description\":\"Shiva Skunk de Sensi Seeds. Semillas con 18-25% de THC. Aromas a Afrutado. Cultivo f\u00e1cil y grandes rendimientos. \u00a1Compra aqu\u00ed!\",\"breadcrumb\":{\"@id\":\"https:\/\/bluedoggenetics.com\/producto\/regular\/shiva-skunk\/#breadcrumb\"},\"inLanguage\":\"de\",\"potentialAction\":[{\"@type\":\"ReadAction\",\"target\":[\"https:\/\/bluedoggenetics.com\/producto\/regular\/shiva-skunk\/\"]}]},{\"@type\":\"ImageObject\",\"inLanguage\":\"de\",\"@id\":\"https:\/\/bluedoggenetics.com\/producto\/regular\/shiva-skunk\/#primaryimage\",\"url\":\"https:\/\/bluedoggenetics.com\/wp-content\/uploads\/2026\/03\/140101_2180562_pimcore_1_1.jpg\",\"contentUrl\":\"https:\/\/bluedoggenetics.com\/wp-content\/uploads\/2026\/03\/140101_2180562_pimcore_1_1.jpg\",\"width\":1000,\"height\":1214},{\"@type\":\"BreadcrumbList\",\"@id\":\"https:\/\/bluedoggenetics.com\/producto\/regular\/shiva-skunk\/#breadcrumb\",\"itemListElement\":[{\"@type\":\"ListItem\",\"position\":1,\"name\":\"Portada\",\"item\":\"https:\/\/bluedoggenetics.com\/\"},{\"@type\":\"ListItem\",\"position\":2,\"name\":\"Tienda\",\"item\":\"https:\/\/bluedoggenetics.com\/fr\/tienda\/\"},{\"@type\":\"ListItem\",\"position\":3,\"name\":\"Shiva Skunk\"}]},{\"@type\":\"WebSite\",\"@id\":\"https:\/\/bluedoggenetics.com\/de\/#website\",\"url\":\"https:\/\/bluedoggenetics.com\/de\/\",\"name\":\"BLUEDOG GENETICS Seeds\",\"description\":\"Compara y compra las mejores semillas de cannabis. Feminizadas, Autoflorecientes, CBD.\",\"publisher\":{\"@id\":\"https:\/\/bluedoggenetics.com\/de\/#organization\"},\"alternateName\":\"BLUEDOG GENETICS\",\"potentialAction\":[{\"@type\":\"SearchAction\",\"target\":{\"@type\":\"EntryPoint\",\"urlTemplate\":\"https:\/\/bluedoggenetics.com\/de\/?s={search_term_string}\"},\"query-input\":{\"@type\":\"PropertyValueSpecification\",\"valueRequired\":true,\"valueName\":\"search_term_string\"}}],\"inLanguage\":\"de\"},{\"@type\":\"Organization\",\"@id\":\"https:\/\/bluedoggenetics.com\/de\/#organization\",\"name\":\"BLUEDOG GENETICS\",\"url\":\"https:\/\/bluedoggenetics.com\/de\/\",\"logo\":{\"@type\":\"ImageObject\",\"inLanguage\":\"de\",\"@id\":\"https:\/\/bluedoggenetics.com\/de\/#\/schema\/logo\/image\/\",\"url\":\"https:\/\/bluedoggenetics.com\/wp-content\/uploads\/2024\/11\/appIcon.png\",\"contentUrl\":\"https:\/\/bluedoggenetics.com\/wp-content\/uploads\/2024\/11\/appIcon.png\",\"width\":1024,\"height\":1024,\"caption\":\"BLUEDOG GENETICS\"},\"image\":{\"@id\":\"https:\/\/bluedoggenetics.com\/de\/#\/schema\/logo\/image\/\"},\"sameAs\":[\"https:\/\/www.instagram.com\/bluedog.genetics\/\"]}]}<\/script>\n<!-- \/ Yoast SEO plugin. -->","yoast_head_json":{"title":"Shiva Skunk - BLUEDOG GENETICS-Samen","description":"Shiva Skunk von Sensi Seeds. Samen mit 18\u201325 % THC. Fruchtige Aromen. Einfacher Anbau und tolle Ertr\u00e4ge. Kaufen Sie hier!","robots":{"index":"index","follow":"follow","max-snippet":"max-snippet:-1","max-image-preview":"max-image-preview:large","max-video-preview":"max-video-preview:-1"},"canonical":"https:\/\/bluedoggenetics.com\/de\/produkt\/regular\/shiva-skunk\/","og_locale":"de_DE","og_type":"article","og_title":"Shiva Skunk - BLUEDOG GENETICS Seeds","og_description":"Shiva Skunk de Sensi Seeds. Semillas con 18-25% de THC. Aromas a Afrutado. Cultivo f\u00e1cil y grandes rendimientos. \u00a1Compra aqu\u00ed!","og_url":"https:\/\/bluedoggenetics.com\/de\/produkt\/regular\/shiva-skunk\/","og_site_name":"BLUEDOG GENETICS Seeds","article_modified_time":"2026-05-06T12:58:24+00:00","og_image":[{"width":1000,"height":1214,"url":"https:\/\/bluedoggenetics.com\/wp-content\/uploads\/2026\/03\/140101_2180562_pimcore_1_1.jpg","type":"image\/jpeg"}],"twitter_card":"summary_large_image","twitter_misc":{"Gesch\u00e4tzte Lesezeit":"1\u00a0Minute"},"schema":{"@context":"https:\/\/schema.org","@graph":[{"@type":["WebPage","ItemPage"],"@id":"https:\/\/bluedoggenetics.com\/producto\/regular\/shiva-skunk\/","url":"https:\/\/bluedoggenetics.com\/producto\/regular\/shiva-skunk\/","name":"Shiva Skunk - BLUEDOG GENETICS-Samen","isPartOf":{"@id":"https:\/\/bluedoggenetics.com\/de\/#website"},"primaryImageOfPage":{"@id":"https:\/\/bluedoggenetics.com\/producto\/regular\/shiva-skunk\/#primaryimage"},"image":{"@id":"https:\/\/bluedoggenetics.com\/producto\/regular\/shiva-skunk\/#primaryimage"},"thumbnailUrl":"https:\/\/bluedoggenetics.com\/wp-content\/uploads\/2026\/03\/140101_2180562_pimcore_1_1.jpg","datePublished":"2026-03-30T21:04:28+00:00","dateModified":"2026-05-06T12:58:24+00:00","description":"Shiva Skunk von Sensi Seeds. Samen mit 18\u201325 % THC. Fruchtige Aromen. Einfacher Anbau und tolle Ertr\u00e4ge. Kaufen Sie hier!","breadcrumb":{"@id":"https:\/\/bluedoggenetics.com\/producto\/regular\/shiva-skunk\/#breadcrumb"},"inLanguage":"de","potentialAction":[{"@type":"ReadAction","target":["https:\/\/bluedoggenetics.com\/producto\/regular\/shiva-skunk\/"]}]},{"@type":"ImageObject","inLanguage":"de","@id":"https:\/\/bluedoggenetics.com\/producto\/regular\/shiva-skunk\/#primaryimage","url":"https:\/\/bluedoggenetics.com\/wp-content\/uploads\/2026\/03\/140101_2180562_pimcore_1_1.jpg","contentUrl":"https:\/\/bluedoggenetics.com\/wp-content\/uploads\/2026\/03\/140101_2180562_pimcore_1_1.jpg","width":1000,"height":1214},{"@type":"BreadcrumbList","@id":"https:\/\/bluedoggenetics.com\/producto\/regular\/shiva-skunk\/#breadcrumb","itemListElement":[{"@type":"ListItem","position":1,"name":"Portada","item":"https:\/\/bluedoggenetics.com\/"},{"@type":"ListItem","position":2,"name":"Tienda","item":"https:\/\/bluedoggenetics.com\/fr\/tienda\/"},{"@type":"ListItem","position":3,"name":"Shiva Skunk"}]},{"@type":"WebSite","@id":"https:\/\/bluedoggenetics.com\/de\/#website","url":"https:\/\/bluedoggenetics.com\/de\/","name":"BLUEDOG GENETICS Seeds","description":"Vergleiche und kaufe die besten Hanfsamen. Feminisiert, Autoflowering, CBD.","publisher":{"@id":"https:\/\/bluedoggenetics.com\/de\/#organization"},"alternateName":"BLUEDOG GENETICS","potentialAction":[{"@type":"SearchAction","target":{"@type":"EntryPoint","urlTemplate":"https:\/\/bluedoggenetics.com\/de\/?s={search_term_string}"},"query-input":{"@type":"PropertyValueSpecification","valueRequired":true,"valueName":"search_term_string"}}],"inLanguage":"de"},{"@type":"Organization","@id":"https:\/\/bluedoggenetics.com\/de\/#organization","name":"BLUEDOG GENETICS","url":"https:\/\/bluedoggenetics.com\/de\/","logo":{"@type":"ImageObject","inLanguage":"de","@id":"https:\/\/bluedoggenetics.com\/de\/#\/schema\/logo\/image\/","url":"https:\/\/bluedoggenetics.com\/wp-content\/uploads\/2024\/11\/appIcon.png","contentUrl":"https:\/\/bluedoggenetics.com\/wp-content\/uploads\/2024\/11\/appIcon.png","width":1024,"height":1024,"caption":"BLUEDOG GENETICS"},"image":{"@id":"https:\/\/bluedoggenetics.com\/de\/#\/schema\/logo\/image\/"},"sameAs":["https:\/\/www.instagram.com\/bluedog.genetics\/"]}]}},"sticker_url":null,"variations_full":[{"id":5953,"price":73,"regular_price":73,"attributes":{"attribute_pa_cantidad":"pack-10"},"image_src":"https:\/\/bluedoggenetics.com\/wp-content\/uploads\/2026\/03\/140101_2180562_pimcore_1_1-600x728.jpg","is_in_stock":true}],"jetpack_sharing_enabled":true,"_links":{"self":[{"href":"https:\/\/bluedoggenetics.com\/de\/wp-json\/wp\/v2\/product\/5932","targetHints":{"allow":["GET"]}}],"collection":[{"href":"https:\/\/bluedoggenetics.com\/de\/wp-json\/wp\/v2\/product"}],"about":[{"href":"https:\/\/bluedoggenetics.com\/de\/wp-json\/wp\/v2\/types\/product"}],"wp:featuredmedia":[{"embeddable":true,"href":"https:\/\/bluedoggenetics.com\/de\/wp-json\/wp\/v2\/media\/5952"}],"wp:attachment":[{"href":"https:\/\/bluedoggenetics.com\/de\/wp-json\/wp\/v2\/media?parent=5932"}],"wp:term":[{"taxonomy":"product_brand","embeddable":true,"href":"https:\/\/bluedoggenetics.com\/de\/wp-json\/wp\/v2\/product_brand?post=5932"},{"taxonomy":"product_cat","embeddable":true,"href":"https:\/\/bluedoggenetics.com\/de\/wp-json\/wp\/v2\/product_cat?post=5932"},{"taxonomy":"product_tag","embeddable":true,"href":"https:\/\/bluedoggenetics.com\/de\/wp-json\/wp\/v2\/product_tag?post=5932"}],"curies":[{"name":"wp","href":"https:\/\/api.w.org\/{rel}","templated":true}]}}