{"id":5924,"date":"2026-03-30T23:04:27","date_gmt":"2026-03-30T21:04:27","guid":{"rendered":"https:\/\/bluedoggenetics.com\/?post_type=product&#038;p=5924"},"modified":"2026-05-06T14:58:17","modified_gmt":"2026-05-06T12:58:17","slug":"nevilles-haze-x-mango","status":"publish","type":"product","link":"https:\/\/bluedoggenetics.com\/de\/produkt\/regular\/nevilles-haze-x-mango\/","title":{"rendered":"Nevilles Haze x Mango"},"content":{"rendered":"<p>Eine Sativa-Legende. Neville's Haze x Mango von Mr Nice Seedbank zeichnet sich durch seine kraftvolle zerebrale Wirkung und sein unverwechselbares Zitrus- und w\u00fcrziges Terpenprofil aus. Sobald die Bl\u00fctephase begonnen hat (die etwa 10\u201312 Wochen dauert), entfaltet sie ihr volles Potenzial mit einem THC-Gehalt von 20\u201326 %. Es handelt sich um eine selbstbl\u00fchende Sorte, die in der Community sehr gesch\u00e4tzt wird.<\/p>\n<p><b>Blumenbild.<\/b> Lange, flauschige Knospen, typisch f\u00fcr Sativas der Spitzenklasse, umh\u00fcllt von gl\u00e4nzendem Harz und mit orangefarbenen Stempeln. Ein optischer Genuss mit intensiven Fruchtaromen.<\/p>\n<p><b>Pflanzenmorphologie.<\/b> Es ist eine Pflanze, die sehr kr\u00e4ftig w\u00e4chst und lange Internodien sowie Bl\u00e4tter mit scharfen, schmalen Bl\u00e4ttchen aufweist. Diese Pflanze erreicht in Innenr\u00e4umen eine H\u00f6he von etwa 100\u2013130 cm und liefert einen gesch\u00e4tzten Ertrag von 450\u2013550 g\/m2.<\/p>\n<h3><b>Anbautipps<\/b><\/h3>\n<ul>\n<li><strong>Was ist das ideale Klima f\u00fcr den Anbau von Neville's Haze x Mango ?<\/strong><br \/>Sie liebt warmes Klima und lange Sonnenstunden im Freien.<\/li>\n<li><strong>Welche Trainingstechniken funktionieren am besten mit Nevilles Haze x Mango ?<\/strong><br \/>Das Tragen von LST oder Strumpfhosen ist entscheidend, um Ihre vertikale Dehnung in Innenr\u00e4umen in Schach zu halten.<\/li>\n<li><strong>Welche Art der D\u00fcngung ben\u00f6tigt Neville's Haze x Mango ?<\/strong><br \/>Es ist weniger tolerant gegen\u00fcber hohen Stickstoffwerten; Halten Sie die Dosierung w\u00e4hrend des Wachstums gering.<\/li>\n<li><strong>Wie sollten Bew\u00e4sserung und Luftfeuchtigkeit f\u00fcr Neville's Haze x Mango sein?<\/strong><br \/>Vermeiden Sie Staun\u00e4sse im Substrat und gie\u00dfen Sie, wenn der Topf an Gewicht verloren hat.<\/li>\n<li><strong>Ist es notwendig, die Pflanze Neville's Haze x Mango zu beschneiden?<\/strong><br \/>Ein etwas geringerer Schnitt (Lollipopping) optimiert die Kronenproduktion.<\/li>\n<\/ul>","protected":false},"excerpt":{"rendered":"<p><strong>Nevilles Haze x Mango<\/strong> von Mr. Nice Seedbank. Eine Sativa-Legende. Neville's Haze x Mango von Mr Nice Seedbank zeichnet sich durch seine kraftvolle zerebrale Wirkung und sein unverwechselbares Zitrus- und w\u00fcrziges Terpenprofil aus.<\/p>","protected":false},"featured_media":5518,"template":"","meta":{"_acf_changed":false,"inline_featured_image":false,"_wp_applaud_exclude":false},"product_brand":[291],"product_cat":[309],"product_tag":[],"class_list":{"0":"post-5924","1":"product","2":"type-product","3":"status-publish","4":"has-post-thumbnail","6":"product_brand-mr-nice-seedbank","7":"product_cat-regular","8":"pa_altura-exterior-200-250","9":"pa_altura-interior-100-130","10":"pa_beneficios-terapeuticos-alivio-de-ansiedad","11":"pa_cantidad-pack-18","12":"pa_clima-calido","13":"pa_cosecha-exterior-650-750","14":"pa_cosecha-interior-450-550","15":"pa_efectos-destacables-activo","16":"pa_floracion-10-12","17":"pa_genetica-20-80","18":"pa_olor-intenso","19":"pa_sabores-y-olores-afrutado","20":"pa_thc-20-26","21":"pa_variedad-autofloreciente","23":"first","24":"instock","25":"taxable","26":"shipping-taxable","27":"purchasable","28":"product-type-variable"},"acf":{"sticker":false,"family_tree":""},"yoast_head":"<!-- This site is optimized with the Yoast SEO plugin v26.5 - https:\/\/yoast.com\/wordpress\/plugins\/seo\/ -->\n<title>Neville&#039;s Haze x Mango - BLUEDOG GENETICS Seeds<\/title>\n<meta name=\"description\" content=\"Neville&#039;s Haze x Mango de Mr Nice Seedbank. Semillas con 20-26% de THC. Aromas a Afrutado. Cultivo f\u00e1cil y grandes rendimientos. \u00a1Compra aqu\u00ed!\" \/>\n<meta name=\"robots\" content=\"index, follow, max-snippet:-1, max-image-preview:large, max-video-preview:-1\" \/>\n<link rel=\"canonical\" href=\"https:\/\/bluedoggenetics.com\/de\/produkt\/regular\/nevilles-haze-x-mango\/\" \/>\n<meta property=\"og:locale\" content=\"de_DE\" \/>\n<meta property=\"og:type\" content=\"article\" \/>\n<meta property=\"og:title\" content=\"Neville&#039;s Haze x Mango - BLUEDOG GENETICS Seeds\" \/>\n<meta property=\"og:description\" content=\"Neville&#039;s Haze x Mango de Mr Nice Seedbank. Semillas con 20-26% de THC. Aromas a Afrutado. Cultivo f\u00e1cil y grandes rendimientos. \u00a1Compra aqu\u00ed!\" \/>\n<meta property=\"og:url\" content=\"https:\/\/bluedoggenetics.com\/de\/produkt\/regular\/nevilles-haze-x-mango\/\" \/>\n<meta property=\"og:site_name\" content=\"BLUEDOG GENETICS Seeds\" \/>\n<meta property=\"article:modified_time\" content=\"2026-05-06T12:58:17+00:00\" \/>\n<meta property=\"og:image\" content=\"https:\/\/bluedoggenetics.com\/wp-content\/uploads\/2026\/03\/140027_2195984_pimcore_1.jpg\" \/>\n\t<meta property=\"og:image:width\" content=\"400\" \/>\n\t<meta property=\"og:image:height\" content=\"386\" \/>\n\t<meta property=\"og:image:type\" content=\"image\/jpeg\" \/>\n<meta name=\"twitter:card\" content=\"summary_large_image\" \/>\n<meta name=\"twitter:label1\" content=\"Gesch\u00e4tzte Lesezeit\" \/>\n\t<meta name=\"twitter:data1\" content=\"1\u00a0Minute\" \/>\n<script type=\"application\/ld+json\" class=\"yoast-schema-graph\">{\"@context\":\"https:\/\/schema.org\",\"@graph\":[{\"@type\":[\"WebPage\",\"ItemPage\"],\"@id\":\"https:\/\/bluedoggenetics.com\/producto\/regular\/nevilles-haze-x-mango\/\",\"url\":\"https:\/\/bluedoggenetics.com\/producto\/regular\/nevilles-haze-x-mango\/\",\"name\":\"Neville's Haze x Mango - BLUEDOG GENETICS Seeds\",\"isPartOf\":{\"@id\":\"https:\/\/bluedoggenetics.com\/de\/#website\"},\"primaryImageOfPage\":{\"@id\":\"https:\/\/bluedoggenetics.com\/producto\/regular\/nevilles-haze-x-mango\/#primaryimage\"},\"image\":{\"@id\":\"https:\/\/bluedoggenetics.com\/producto\/regular\/nevilles-haze-x-mango\/#primaryimage\"},\"thumbnailUrl\":\"https:\/\/bluedoggenetics.com\/wp-content\/uploads\/2026\/03\/140027_2195984_pimcore_1.jpg\",\"datePublished\":\"2026-03-30T21:04:27+00:00\",\"dateModified\":\"2026-05-06T12:58:17+00:00\",\"description\":\"Neville's Haze x Mango de Mr Nice Seedbank. Semillas con 20-26% de THC. Aromas a Afrutado. Cultivo f\u00e1cil y grandes rendimientos. \u00a1Compra aqu\u00ed!\",\"breadcrumb\":{\"@id\":\"https:\/\/bluedoggenetics.com\/producto\/regular\/nevilles-haze-x-mango\/#breadcrumb\"},\"inLanguage\":\"de\",\"potentialAction\":[{\"@type\":\"ReadAction\",\"target\":[\"https:\/\/bluedoggenetics.com\/producto\/regular\/nevilles-haze-x-mango\/\"]}]},{\"@type\":\"ImageObject\",\"inLanguage\":\"de\",\"@id\":\"https:\/\/bluedoggenetics.com\/producto\/regular\/nevilles-haze-x-mango\/#primaryimage\",\"url\":\"https:\/\/bluedoggenetics.com\/wp-content\/uploads\/2026\/03\/140027_2195984_pimcore_1.jpg\",\"contentUrl\":\"https:\/\/bluedoggenetics.com\/wp-content\/uploads\/2026\/03\/140027_2195984_pimcore_1.jpg\",\"width\":400,\"height\":386},{\"@type\":\"BreadcrumbList\",\"@id\":\"https:\/\/bluedoggenetics.com\/producto\/regular\/nevilles-haze-x-mango\/#breadcrumb\",\"itemListElement\":[{\"@type\":\"ListItem\",\"position\":1,\"name\":\"Portada\",\"item\":\"https:\/\/bluedoggenetics.com\/\"},{\"@type\":\"ListItem\",\"position\":2,\"name\":\"Tienda\",\"item\":\"https:\/\/bluedoggenetics.com\/fr\/tienda\/\"},{\"@type\":\"ListItem\",\"position\":3,\"name\":\"Neville&#8217;s Haze x Mango\"}]},{\"@type\":\"WebSite\",\"@id\":\"https:\/\/bluedoggenetics.com\/de\/#website\",\"url\":\"https:\/\/bluedoggenetics.com\/de\/\",\"name\":\"BLUEDOG GENETICS Seeds\",\"description\":\"Compara y compra las mejores semillas de cannabis. Feminizadas, Autoflorecientes, CBD.\",\"publisher\":{\"@id\":\"https:\/\/bluedoggenetics.com\/de\/#organization\"},\"alternateName\":\"BLUEDOG GENETICS\",\"potentialAction\":[{\"@type\":\"SearchAction\",\"target\":{\"@type\":\"EntryPoint\",\"urlTemplate\":\"https:\/\/bluedoggenetics.com\/de\/?s={search_term_string}\"},\"query-input\":{\"@type\":\"PropertyValueSpecification\",\"valueRequired\":true,\"valueName\":\"search_term_string\"}}],\"inLanguage\":\"de\"},{\"@type\":\"Organization\",\"@id\":\"https:\/\/bluedoggenetics.com\/de\/#organization\",\"name\":\"BLUEDOG GENETICS\",\"url\":\"https:\/\/bluedoggenetics.com\/de\/\",\"logo\":{\"@type\":\"ImageObject\",\"inLanguage\":\"de\",\"@id\":\"https:\/\/bluedoggenetics.com\/de\/#\/schema\/logo\/image\/\",\"url\":\"https:\/\/bluedoggenetics.com\/wp-content\/uploads\/2024\/11\/appIcon.png\",\"contentUrl\":\"https:\/\/bluedoggenetics.com\/wp-content\/uploads\/2024\/11\/appIcon.png\",\"width\":1024,\"height\":1024,\"caption\":\"BLUEDOG GENETICS\"},\"image\":{\"@id\":\"https:\/\/bluedoggenetics.com\/de\/#\/schema\/logo\/image\/\"},\"sameAs\":[\"https:\/\/www.instagram.com\/bluedog.genetics\/\"]}]}<\/script>\n<!-- \/ Yoast SEO plugin. -->","yoast_head_json":{"title":"Neville's Haze x Mango - BLUEDOG GENETICS-Samen","description":"Neville's Haze x Mango von Mr Nice Seedbank. Samen mit 20\u201326 % THC. Fruchtige Aromen. Einfacher Anbau und tolle Ertr\u00e4ge. Kaufen Sie hier!","robots":{"index":"index","follow":"follow","max-snippet":"max-snippet:-1","max-image-preview":"max-image-preview:large","max-video-preview":"max-video-preview:-1"},"canonical":"https:\/\/bluedoggenetics.com\/de\/produkt\/regular\/nevilles-haze-x-mango\/","og_locale":"de_DE","og_type":"article","og_title":"Neville's Haze x Mango - BLUEDOG GENETICS Seeds","og_description":"Neville's Haze x Mango de Mr Nice Seedbank. Semillas con 20-26% de THC. Aromas a Afrutado. Cultivo f\u00e1cil y grandes rendimientos. \u00a1Compra aqu\u00ed!","og_url":"https:\/\/bluedoggenetics.com\/de\/produkt\/regular\/nevilles-haze-x-mango\/","og_site_name":"BLUEDOG GENETICS Seeds","article_modified_time":"2026-05-06T12:58:17+00:00","og_image":[{"width":400,"height":386,"url":"https:\/\/bluedoggenetics.com\/wp-content\/uploads\/2026\/03\/140027_2195984_pimcore_1.jpg","type":"image\/jpeg"}],"twitter_card":"summary_large_image","twitter_misc":{"Gesch\u00e4tzte Lesezeit":"1\u00a0Minute"},"schema":{"@context":"https:\/\/schema.org","@graph":[{"@type":["WebPage","ItemPage"],"@id":"https:\/\/bluedoggenetics.com\/producto\/regular\/nevilles-haze-x-mango\/","url":"https:\/\/bluedoggenetics.com\/producto\/regular\/nevilles-haze-x-mango\/","name":"Neville's Haze x Mango - BLUEDOG GENETICS-Samen","isPartOf":{"@id":"https:\/\/bluedoggenetics.com\/de\/#website"},"primaryImageOfPage":{"@id":"https:\/\/bluedoggenetics.com\/producto\/regular\/nevilles-haze-x-mango\/#primaryimage"},"image":{"@id":"https:\/\/bluedoggenetics.com\/producto\/regular\/nevilles-haze-x-mango\/#primaryimage"},"thumbnailUrl":"https:\/\/bluedoggenetics.com\/wp-content\/uploads\/2026\/03\/140027_2195984_pimcore_1.jpg","datePublished":"2026-03-30T21:04:27+00:00","dateModified":"2026-05-06T12:58:17+00:00","description":"Neville's Haze x Mango von Mr Nice Seedbank. Samen mit 20\u201326 % THC. Fruchtige Aromen. Einfacher Anbau und tolle Ertr\u00e4ge. Kaufen Sie hier!","breadcrumb":{"@id":"https:\/\/bluedoggenetics.com\/producto\/regular\/nevilles-haze-x-mango\/#breadcrumb"},"inLanguage":"de","potentialAction":[{"@type":"ReadAction","target":["https:\/\/bluedoggenetics.com\/producto\/regular\/nevilles-haze-x-mango\/"]}]},{"@type":"ImageObject","inLanguage":"de","@id":"https:\/\/bluedoggenetics.com\/producto\/regular\/nevilles-haze-x-mango\/#primaryimage","url":"https:\/\/bluedoggenetics.com\/wp-content\/uploads\/2026\/03\/140027_2195984_pimcore_1.jpg","contentUrl":"https:\/\/bluedoggenetics.com\/wp-content\/uploads\/2026\/03\/140027_2195984_pimcore_1.jpg","width":400,"height":386},{"@type":"BreadcrumbList","@id":"https:\/\/bluedoggenetics.com\/producto\/regular\/nevilles-haze-x-mango\/#breadcrumb","itemListElement":[{"@type":"ListItem","position":1,"name":"Portada","item":"https:\/\/bluedoggenetics.com\/"},{"@type":"ListItem","position":2,"name":"Tienda","item":"https:\/\/bluedoggenetics.com\/fr\/tienda\/"},{"@type":"ListItem","position":3,"name":"Neville&#8217;s Haze x Mango"}]},{"@type":"WebSite","@id":"https:\/\/bluedoggenetics.com\/de\/#website","url":"https:\/\/bluedoggenetics.com\/de\/","name":"BLUEDOG GENETICS Seeds","description":"Vergleiche und kaufe die besten Hanfsamen. Feminisiert, Autoflowering, CBD.","publisher":{"@id":"https:\/\/bluedoggenetics.com\/de\/#organization"},"alternateName":"BLUEDOG GENETICS","potentialAction":[{"@type":"SearchAction","target":{"@type":"EntryPoint","urlTemplate":"https:\/\/bluedoggenetics.com\/de\/?s={search_term_string}"},"query-input":{"@type":"PropertyValueSpecification","valueRequired":true,"valueName":"search_term_string"}}],"inLanguage":"de"},{"@type":"Organization","@id":"https:\/\/bluedoggenetics.com\/de\/#organization","name":"BLUEDOG GENETICS","url":"https:\/\/bluedoggenetics.com\/de\/","logo":{"@type":"ImageObject","inLanguage":"de","@id":"https:\/\/bluedoggenetics.com\/de\/#\/schema\/logo\/image\/","url":"https:\/\/bluedoggenetics.com\/wp-content\/uploads\/2024\/11\/appIcon.png","contentUrl":"https:\/\/bluedoggenetics.com\/wp-content\/uploads\/2024\/11\/appIcon.png","width":1024,"height":1024,"caption":"BLUEDOG GENETICS"},"image":{"@id":"https:\/\/bluedoggenetics.com\/de\/#\/schema\/logo\/image\/"},"sameAs":["https:\/\/www.instagram.com\/bluedog.genetics\/"]}]}},"sticker_url":null,"variations_full":[{"id":5938,"price":68,"regular_price":68,"attributes":{"attribute_pa_cantidad":"pack-18"},"image_src":"https:\/\/bluedoggenetics.com\/wp-content\/uploads\/2026\/03\/140027_2195984_pimcore_1.jpg","is_in_stock":true}],"jetpack_sharing_enabled":true,"_links":{"self":[{"href":"https:\/\/bluedoggenetics.com\/de\/wp-json\/wp\/v2\/product\/5924","targetHints":{"allow":["GET"]}}],"collection":[{"href":"https:\/\/bluedoggenetics.com\/de\/wp-json\/wp\/v2\/product"}],"about":[{"href":"https:\/\/bluedoggenetics.com\/de\/wp-json\/wp\/v2\/types\/product"}],"wp:featuredmedia":[{"embeddable":true,"href":"https:\/\/bluedoggenetics.com\/de\/wp-json\/wp\/v2\/media\/5518"}],"wp:attachment":[{"href":"https:\/\/bluedoggenetics.com\/de\/wp-json\/wp\/v2\/media?parent=5924"}],"wp:term":[{"taxonomy":"product_brand","embeddable":true,"href":"https:\/\/bluedoggenetics.com\/de\/wp-json\/wp\/v2\/product_brand?post=5924"},{"taxonomy":"product_cat","embeddable":true,"href":"https:\/\/bluedoggenetics.com\/de\/wp-json\/wp\/v2\/product_cat?post=5924"},{"taxonomy":"product_tag","embeddable":true,"href":"https:\/\/bluedoggenetics.com\/de\/wp-json\/wp\/v2\/product_tag?post=5924"}],"curies":[{"name":"wp","href":"https:\/\/api.w.org\/{rel}","templated":true}]}}