{"id":5903,"date":"2026-03-30T23:04:16","date_gmt":"2026-03-30T21:04:16","guid":{"rendered":"https:\/\/bluedoggenetics.com\/?post_type=product&#038;p=5903"},"modified":"2026-05-06T14:58:17","modified_gmt":"2026-05-06T12:58:17","slug":"mango-widow","status":"publish","type":"product","link":"https:\/\/bluedoggenetics.com\/de\/produkt\/regular\/mango-widow\/","title":{"rendered":"Mango Widow"},"content":{"rendered":"<p>Ein wahrer Genuss f\u00fcr den Gaumen. Mango Widow bietet eine fruchtige Explosion, ohne auf starke Kraft zu verzichten. Sobald die Bl\u00fctephase begonnen hat (die etwa 8\u20139 Wochen dauert), entfaltet sie ihr volles Potenzial mit einem THC-Gehalt von 18\u201324 %. Es handelt sich um eine Hybridsorte, die in der Community sehr gesch\u00e4tzt wird.<\/p>\n<p><b>Blumenbild.<\/b> Die Bl\u00fcten sind fest, klebrig und verstr\u00f6men bei Ber\u00fchrung ein durchdringendes, fruchtiges Aroma. Ein optischer Genuss mit intensiven Fruchtaromen.<\/p>\n<p><b>Pflanzenmorphologie.<\/b> Sehr \u00fcberschaubare und bl\u00e4ttrige Struktur. Normalerweise ist ein guter Innenschnitt erforderlich, um die niedrigen Bl\u00fcten mit Sauerstoff zu versorgen. Diese Pflanze erreicht in Innenr\u00e4umen eine H\u00f6he von etwa 90\u2013120 cm und liefert einen gesch\u00e4tzten Ertrag von 400\u2013500 g\/m2.<\/p>\n<h3><b>Anbautipps<\/b><\/h3>\n<ul>\n<li><strong>Was ist das ideale Klima f\u00fcr den Anbau von Mango Widow ?<\/strong><br \/>Ideal f\u00fcr gem\u00e4\u00dfigtes Klima oder im Innenbereich unter Scheinwerfern.<\/li>\n<li><strong>Welche Trainingstechniken funktionieren am besten mit Mango Widow ?<\/strong><br \/>Es sch\u00e4tzt apikalen Schnitt und Spaliertechniken vom Typ SCROG.<\/li>\n<li><strong>Welche Art der D\u00fcngung ben\u00f6tigt Mango Widow ?<\/strong><br \/>Es erfordert eine ausgewogene Ern\u00e4hrung, wobei der PK in der Mastphase leicht erh\u00f6ht wird.<\/li>\n<li><strong>Wie sollten die Bew\u00e4sserung und Luftfeuchtigkeit f\u00fcr Mango Widow sein?<\/strong><br \/>Vermeiden Sie Staun\u00e4sse im Substrat und gie\u00dfen Sie, wenn der Topf an Gewicht verloren hat.<\/li>\n<li><strong>Ist es notwendig, die Mango Widow -Pflanze zu beschneiden?<\/strong><br \/>Ein etwas geringerer Schnitt (Lollipopping) optimiert die Kronenproduktion.<\/li>\n<\/ul>","protected":false},"excerpt":{"rendered":"<p><strong>Mango Widow<\/strong> von Mr. Nice Seedbank. Ein wahrer Genuss f\u00fcr den Gaumen. Mango Widow bietet eine fruchtige Explosion, ohne auf starke Kraft zu verzichten.<\/p>","protected":false},"featured_media":5509,"template":"","meta":{"_acf_changed":false,"inline_featured_image":false,"_wp_applaud_exclude":false},"product_brand":[291],"product_cat":[309],"product_tag":[],"class_list":{"0":"post-5903","1":"product","2":"type-product","3":"status-publish","4":"has-post-thumbnail","6":"product_brand-mr-nice-seedbank","7":"product_cat-regular","8":"pa_altura-exterior-150-180","9":"pa_altura-interior-90-120","10":"pa_beneficios-terapeuticos-alivio-de-ansiedad","11":"pa_cantidad-pack-18","12":"pa_clima-templado","13":"pa_cosecha-exterior-450-550","14":"pa_cosecha-interior-400-500","15":"pa_efectos-destacables-activo","16":"pa_floracion-8-9","17":"pa_genetica-60-40","18":"pa_olor-intenso","19":"pa_sabores-y-olores-afrutado","20":"pa_thc-18-24","21":"pa_variedad-hibrida","23":"first","24":"instock","25":"taxable","26":"shipping-taxable","27":"purchasable","28":"product-type-variable"},"acf":{"sticker":false,"family_tree":""},"yoast_head":"<!-- This site is optimized with the Yoast SEO plugin v26.5 - https:\/\/yoast.com\/wordpress\/plugins\/seo\/ -->\n<title>Mango Widow - BLUEDOG GENETICS Seeds<\/title>\n<meta name=\"description\" content=\"Mango Widow de Mr Nice Seedbank. Semillas con 18-24% de THC. Aromas a Afrutado. Cultivo f\u00e1cil y grandes rendimientos. \u00a1Compra aqu\u00ed!\" \/>\n<meta name=\"robots\" content=\"index, follow, max-snippet:-1, max-image-preview:large, max-video-preview:-1\" \/>\n<link rel=\"canonical\" href=\"https:\/\/bluedoggenetics.com\/de\/produkt\/regular\/mango-widow\/\" \/>\n<meta property=\"og:locale\" content=\"de_DE\" \/>\n<meta property=\"og:type\" content=\"article\" \/>\n<meta property=\"og:title\" content=\"Mango Widow - BLUEDOG GENETICS Seeds\" \/>\n<meta property=\"og:description\" content=\"Mango Widow de Mr Nice Seedbank. Semillas con 18-24% de THC. Aromas a Afrutado. Cultivo f\u00e1cil y grandes rendimientos. \u00a1Compra aqu\u00ed!\" \/>\n<meta property=\"og:url\" content=\"https:\/\/bluedoggenetics.com\/de\/produkt\/regular\/mango-widow\/\" \/>\n<meta property=\"og:site_name\" content=\"BLUEDOG GENETICS Seeds\" \/>\n<meta property=\"article:modified_time\" content=\"2026-05-06T12:58:17+00:00\" \/>\n<meta property=\"og:image\" content=\"https:\/\/bluedoggenetics.com\/wp-content\/uploads\/2026\/03\/140026_2195980_pimcore_1_1.jpg\" \/>\n\t<meta property=\"og:image:width\" content=\"338\" \/>\n\t<meta property=\"og:image:height\" content=\"450\" \/>\n\t<meta property=\"og:image:type\" content=\"image\/jpeg\" \/>\n<meta name=\"twitter:card\" content=\"summary_large_image\" \/>\n<meta name=\"twitter:label1\" content=\"Gesch\u00e4tzte Lesezeit\" \/>\n\t<meta name=\"twitter:data1\" content=\"1\u00a0Minute\" \/>\n<script type=\"application\/ld+json\" class=\"yoast-schema-graph\">{\"@context\":\"https:\/\/schema.org\",\"@graph\":[{\"@type\":[\"WebPage\",\"ItemPage\"],\"@id\":\"https:\/\/bluedoggenetics.com\/producto\/regular\/mango-widow\/\",\"url\":\"https:\/\/bluedoggenetics.com\/producto\/regular\/mango-widow\/\",\"name\":\"Mango Widow - BLUEDOG GENETICS Seeds\",\"isPartOf\":{\"@id\":\"https:\/\/bluedoggenetics.com\/de\/#website\"},\"primaryImageOfPage\":{\"@id\":\"https:\/\/bluedoggenetics.com\/producto\/regular\/mango-widow\/#primaryimage\"},\"image\":{\"@id\":\"https:\/\/bluedoggenetics.com\/producto\/regular\/mango-widow\/#primaryimage\"},\"thumbnailUrl\":\"https:\/\/bluedoggenetics.com\/wp-content\/uploads\/2026\/03\/140026_2195980_pimcore_1_1.jpg\",\"datePublished\":\"2026-03-30T21:04:16+00:00\",\"dateModified\":\"2026-05-06T12:58:17+00:00\",\"description\":\"Mango Widow de Mr Nice Seedbank. Semillas con 18-24% de THC. Aromas a Afrutado. Cultivo f\u00e1cil y grandes rendimientos. \u00a1Compra aqu\u00ed!\",\"breadcrumb\":{\"@id\":\"https:\/\/bluedoggenetics.com\/producto\/regular\/mango-widow\/#breadcrumb\"},\"inLanguage\":\"de\",\"potentialAction\":[{\"@type\":\"ReadAction\",\"target\":[\"https:\/\/bluedoggenetics.com\/producto\/regular\/mango-widow\/\"]}]},{\"@type\":\"ImageObject\",\"inLanguage\":\"de\",\"@id\":\"https:\/\/bluedoggenetics.com\/producto\/regular\/mango-widow\/#primaryimage\",\"url\":\"https:\/\/bluedoggenetics.com\/wp-content\/uploads\/2026\/03\/140026_2195980_pimcore_1_1.jpg\",\"contentUrl\":\"https:\/\/bluedoggenetics.com\/wp-content\/uploads\/2026\/03\/140026_2195980_pimcore_1_1.jpg\",\"width\":338,\"height\":450},{\"@type\":\"BreadcrumbList\",\"@id\":\"https:\/\/bluedoggenetics.com\/producto\/regular\/mango-widow\/#breadcrumb\",\"itemListElement\":[{\"@type\":\"ListItem\",\"position\":1,\"name\":\"Portada\",\"item\":\"https:\/\/bluedoggenetics.com\/\"},{\"@type\":\"ListItem\",\"position\":2,\"name\":\"Tienda\",\"item\":\"https:\/\/bluedoggenetics.com\/fr\/tienda\/\"},{\"@type\":\"ListItem\",\"position\":3,\"name\":\"Mango Widow\"}]},{\"@type\":\"WebSite\",\"@id\":\"https:\/\/bluedoggenetics.com\/de\/#website\",\"url\":\"https:\/\/bluedoggenetics.com\/de\/\",\"name\":\"BLUEDOG GENETICS Seeds\",\"description\":\"Compara y compra las mejores semillas de cannabis. Feminizadas, Autoflorecientes, CBD.\",\"publisher\":{\"@id\":\"https:\/\/bluedoggenetics.com\/de\/#organization\"},\"alternateName\":\"BLUEDOG GENETICS\",\"potentialAction\":[{\"@type\":\"SearchAction\",\"target\":{\"@type\":\"EntryPoint\",\"urlTemplate\":\"https:\/\/bluedoggenetics.com\/de\/?s={search_term_string}\"},\"query-input\":{\"@type\":\"PropertyValueSpecification\",\"valueRequired\":true,\"valueName\":\"search_term_string\"}}],\"inLanguage\":\"de\"},{\"@type\":\"Organization\",\"@id\":\"https:\/\/bluedoggenetics.com\/de\/#organization\",\"name\":\"BLUEDOG GENETICS\",\"url\":\"https:\/\/bluedoggenetics.com\/de\/\",\"logo\":{\"@type\":\"ImageObject\",\"inLanguage\":\"de\",\"@id\":\"https:\/\/bluedoggenetics.com\/de\/#\/schema\/logo\/image\/\",\"url\":\"https:\/\/bluedoggenetics.com\/wp-content\/uploads\/2024\/11\/appIcon.png\",\"contentUrl\":\"https:\/\/bluedoggenetics.com\/wp-content\/uploads\/2024\/11\/appIcon.png\",\"width\":1024,\"height\":1024,\"caption\":\"BLUEDOG GENETICS\"},\"image\":{\"@id\":\"https:\/\/bluedoggenetics.com\/de\/#\/schema\/logo\/image\/\"},\"sameAs\":[\"https:\/\/www.instagram.com\/bluedog.genetics\/\"]}]}<\/script>\n<!-- \/ Yoast SEO plugin. -->","yoast_head_json":{"title":"Mango Widow - BLUEDOG GENETICS-Samen","description":"Mango Widow von Mr Nice Seedbank. Samen mit 18\u201324 % THC. Fruchtige Aromen. Einfacher Anbau und tolle Ertr\u00e4ge. Kaufen Sie hier!","robots":{"index":"index","follow":"follow","max-snippet":"max-snippet:-1","max-image-preview":"max-image-preview:large","max-video-preview":"max-video-preview:-1"},"canonical":"https:\/\/bluedoggenetics.com\/de\/produkt\/regular\/mango-widow\/","og_locale":"de_DE","og_type":"article","og_title":"Mango Widow - BLUEDOG GENETICS Seeds","og_description":"Mango Widow de Mr Nice Seedbank. Semillas con 18-24% de THC. Aromas a Afrutado. Cultivo f\u00e1cil y grandes rendimientos. \u00a1Compra aqu\u00ed!","og_url":"https:\/\/bluedoggenetics.com\/de\/produkt\/regular\/mango-widow\/","og_site_name":"BLUEDOG GENETICS Seeds","article_modified_time":"2026-05-06T12:58:17+00:00","og_image":[{"width":338,"height":450,"url":"https:\/\/bluedoggenetics.com\/wp-content\/uploads\/2026\/03\/140026_2195980_pimcore_1_1.jpg","type":"image\/jpeg"}],"twitter_card":"summary_large_image","twitter_misc":{"Gesch\u00e4tzte Lesezeit":"1\u00a0Minute"},"schema":{"@context":"https:\/\/schema.org","@graph":[{"@type":["WebPage","ItemPage"],"@id":"https:\/\/bluedoggenetics.com\/producto\/regular\/mango-widow\/","url":"https:\/\/bluedoggenetics.com\/producto\/regular\/mango-widow\/","name":"Mango Widow - BLUEDOG GENETICS-Samen","isPartOf":{"@id":"https:\/\/bluedoggenetics.com\/de\/#website"},"primaryImageOfPage":{"@id":"https:\/\/bluedoggenetics.com\/producto\/regular\/mango-widow\/#primaryimage"},"image":{"@id":"https:\/\/bluedoggenetics.com\/producto\/regular\/mango-widow\/#primaryimage"},"thumbnailUrl":"https:\/\/bluedoggenetics.com\/wp-content\/uploads\/2026\/03\/140026_2195980_pimcore_1_1.jpg","datePublished":"2026-03-30T21:04:16+00:00","dateModified":"2026-05-06T12:58:17+00:00","description":"Mango Widow von Mr Nice Seedbank. Samen mit 18\u201324 % THC. Fruchtige Aromen. Einfacher Anbau und tolle Ertr\u00e4ge. Kaufen Sie hier!","breadcrumb":{"@id":"https:\/\/bluedoggenetics.com\/producto\/regular\/mango-widow\/#breadcrumb"},"inLanguage":"de","potentialAction":[{"@type":"ReadAction","target":["https:\/\/bluedoggenetics.com\/producto\/regular\/mango-widow\/"]}]},{"@type":"ImageObject","inLanguage":"de","@id":"https:\/\/bluedoggenetics.com\/producto\/regular\/mango-widow\/#primaryimage","url":"https:\/\/bluedoggenetics.com\/wp-content\/uploads\/2026\/03\/140026_2195980_pimcore_1_1.jpg","contentUrl":"https:\/\/bluedoggenetics.com\/wp-content\/uploads\/2026\/03\/140026_2195980_pimcore_1_1.jpg","width":338,"height":450},{"@type":"BreadcrumbList","@id":"https:\/\/bluedoggenetics.com\/producto\/regular\/mango-widow\/#breadcrumb","itemListElement":[{"@type":"ListItem","position":1,"name":"Portada","item":"https:\/\/bluedoggenetics.com\/"},{"@type":"ListItem","position":2,"name":"Tienda","item":"https:\/\/bluedoggenetics.com\/fr\/tienda\/"},{"@type":"ListItem","position":3,"name":"Mango Widow"}]},{"@type":"WebSite","@id":"https:\/\/bluedoggenetics.com\/de\/#website","url":"https:\/\/bluedoggenetics.com\/de\/","name":"BLUEDOG GENETICS Seeds","description":"Vergleiche und kaufe die besten Hanfsamen. Feminisiert, Autoflowering, CBD.","publisher":{"@id":"https:\/\/bluedoggenetics.com\/de\/#organization"},"alternateName":"BLUEDOG GENETICS","potentialAction":[{"@type":"SearchAction","target":{"@type":"EntryPoint","urlTemplate":"https:\/\/bluedoggenetics.com\/de\/?s={search_term_string}"},"query-input":{"@type":"PropertyValueSpecification","valueRequired":true,"valueName":"search_term_string"}}],"inLanguage":"de"},{"@type":"Organization","@id":"https:\/\/bluedoggenetics.com\/de\/#organization","name":"BLUEDOG GENETICS","url":"https:\/\/bluedoggenetics.com\/de\/","logo":{"@type":"ImageObject","inLanguage":"de","@id":"https:\/\/bluedoggenetics.com\/de\/#\/schema\/logo\/image\/","url":"https:\/\/bluedoggenetics.com\/wp-content\/uploads\/2024\/11\/appIcon.png","contentUrl":"https:\/\/bluedoggenetics.com\/wp-content\/uploads\/2024\/11\/appIcon.png","width":1024,"height":1024,"caption":"BLUEDOG GENETICS"},"image":{"@id":"https:\/\/bluedoggenetics.com\/de\/#\/schema\/logo\/image\/"},"sameAs":["https:\/\/www.instagram.com\/bluedog.genetics\/"]}]}},"sticker_url":null,"variations_full":[{"id":5917,"price":68,"regular_price":68,"attributes":{"attribute_pa_cantidad":"pack-18"},"image_src":"https:\/\/bluedoggenetics.com\/wp-content\/uploads\/2026\/03\/140026_2195980_pimcore_1_1.jpg","is_in_stock":true}],"jetpack_sharing_enabled":true,"_links":{"self":[{"href":"https:\/\/bluedoggenetics.com\/de\/wp-json\/wp\/v2\/product\/5903","targetHints":{"allow":["GET"]}}],"collection":[{"href":"https:\/\/bluedoggenetics.com\/de\/wp-json\/wp\/v2\/product"}],"about":[{"href":"https:\/\/bluedoggenetics.com\/de\/wp-json\/wp\/v2\/types\/product"}],"wp:featuredmedia":[{"embeddable":true,"href":"https:\/\/bluedoggenetics.com\/de\/wp-json\/wp\/v2\/media\/5509"}],"wp:attachment":[{"href":"https:\/\/bluedoggenetics.com\/de\/wp-json\/wp\/v2\/media?parent=5903"}],"wp:term":[{"taxonomy":"product_brand","embeddable":true,"href":"https:\/\/bluedoggenetics.com\/de\/wp-json\/wp\/v2\/product_brand?post=5903"},{"taxonomy":"product_cat","embeddable":true,"href":"https:\/\/bluedoggenetics.com\/de\/wp-json\/wp\/v2\/product_cat?post=5903"},{"taxonomy":"product_tag","embeddable":true,"href":"https:\/\/bluedoggenetics.com\/de\/wp-json\/wp\/v2\/product_tag?post=5903"}],"curies":[{"name":"wp","href":"https:\/\/api.w.org\/{rel}","templated":true}]}}