{"id":5874,"date":"2026-03-30T23:03:59","date_gmt":"2026-03-30T21:03:59","guid":{"rendered":"https:\/\/bluedoggenetics.com\/?post_type=product&#038;p=5874"},"modified":"2026-05-06T14:58:11","modified_gmt":"2026-05-06T12:58:11","slug":"big-bud","status":"publish","type":"product","link":"https:\/\/bluedoggenetics.com\/de\/produkt\/regular\/big-bud\/","title":{"rendered":"Gro\u00dfe Knospe"},"content":{"rendered":"<p>Big Bud von Sensi Seeds ist ein au\u00dfergew\u00f6hnlicher Hybrid mit gro\u00dfer Stabilit\u00e4t und Leistung. Sobald die Bl\u00fctephase begonnen hat (die etwa 8\u20139 Wochen dauert), entfaltet sie ihr volles Potenzial mit einem THC-Gehalt von 18\u201324 %. Es handelt sich um eine Hybridsorte, die in der Community sehr gesch\u00e4tzt wird.<\/p>\n<p><b>Blumenbild.<\/b> Die Bl\u00fcten von Big Bud haben kompakte, harzige Knospen mit auff\u00e4lligen Farbnuancen. Ein optischer Genuss mit intensiven Fruchtaromen.<\/p>\n<p><b>Pflanzenmorphologie.<\/b> Seine Struktur ist mittelhoch, mit schneller Entwicklung und gro\u00dfer seitlicher Verzweigung. Diese Pflanze erreicht in Innenr\u00e4umen eine H\u00f6he von etwa 90\u2013120 cm und liefert einen gesch\u00e4tzten Ertrag von 400\u2013500 g\/m2.<\/p>\n<h3><b>Anbautipps<\/b><\/h3>\n<ul>\n<li><strong>Was ist das ideale Klima f\u00fcr den Anbau von Big Bud ?<\/strong><br \/>Ideal f\u00fcr gem\u00e4\u00dfigtes Klima oder im Innenbereich unter Scheinwerfern.<\/li>\n<li><strong>Welche Trainingstechniken funktionieren am besten mit Big Bud ?<\/strong><br \/>Es sch\u00e4tzt apikalen Schnitt und Spaliertechniken vom Typ SCROG.<\/li>\n<li><strong>Welche Art der D\u00fcngung ben\u00f6tigt Big Bud ?<\/strong><br \/>Es erfordert eine ausgewogene Ern\u00e4hrung, wobei der PK in der Mastphase leicht erh\u00f6ht wird.<\/li>\n<li><strong>Wie sollten die Bew\u00e4sserung und Luftfeuchtigkeit f\u00fcr Big Bud sein?<\/strong><br \/>Vermeiden Sie Staun\u00e4sse im Substrat und gie\u00dfen Sie, wenn der Topf an Gewicht verloren hat.<\/li>\n<li><strong>Ist es notwendig, die Big Bud -Pflanze zu beschneiden?<\/strong><br \/>Ein etwas geringerer Schnitt (Lollipopping) optimiert die Kronenproduktion.<\/li>\n<\/ul>","protected":false},"excerpt":{"rendered":"<p><strong>Gro\u00dfe Knospe<\/strong> von Sensi Seeds. Big Bud von Sensi Seeds ist ein au\u00dfergew\u00f6hnlicher Hybrid mit gro\u00dfer Stabilit\u00e4t und Leistung.<\/p>","protected":false},"featured_media":5886,"template":"","meta":{"_acf_changed":false,"inline_featured_image":false,"_wp_applaud_exclude":false},"product_brand":[],"product_cat":[309],"product_tag":[],"class_list":{"0":"post-5874","1":"product","2":"type-product","3":"status-publish","4":"has-post-thumbnail","6":"product_cat-regular","7":"pa_altura-exterior-150-180","8":"pa_altura-interior-90-120","9":"pa_beneficios-terapeuticos-alivio-de-ansiedad","10":"pa_cantidad-pack-10","11":"pa_clima-templado","12":"pa_cosecha-exterior-450-550","13":"pa_cosecha-interior-400-500","14":"pa_efectos-destacables-activo","15":"pa_floracion-8-9","16":"pa_genetica-50-50","17":"pa_olor-moderado","18":"pa_sabores-y-olores-afrutado","19":"pa_thc-18-24","20":"pa_variedad-hibrida","22":"first","23":"instock","24":"taxable","25":"shipping-taxable","26":"purchasable","27":"product-type-variable"},"acf":{"sticker":false,"family_tree":""},"yoast_head":"<!-- This site is optimized with the Yoast SEO plugin v26.5 - https:\/\/yoast.com\/wordpress\/plugins\/seo\/ -->\n<title>Big Bud - BLUEDOG GENETICS Seeds<\/title>\n<meta name=\"robots\" content=\"index, follow, max-snippet:-1, max-image-preview:large, max-video-preview:-1\" \/>\n<link rel=\"canonical\" href=\"https:\/\/bluedoggenetics.com\/de\/produkt\/regular\/big-bud\/\" \/>\n<meta property=\"og:locale\" content=\"de_DE\" \/>\n<meta property=\"og:type\" content=\"article\" \/>\n<meta property=\"og:title\" content=\"Big Bud - BLUEDOG GENETICS Seeds\" \/>\n<meta property=\"og:description\" content=\"Big Bud de Sensi Seeds. La Big Bud de Sensi Seeds es un h\u00edbrido excepcional con gran estabilidad y rendimiento.\" \/>\n<meta property=\"og:url\" content=\"https:\/\/bluedoggenetics.com\/de\/produkt\/regular\/big-bud\/\" \/>\n<meta property=\"og:site_name\" content=\"BLUEDOG GENETICS Seeds\" \/>\n<meta property=\"article:modified_time\" content=\"2026-05-06T12:58:11+00:00\" \/>\n<meta property=\"og:image\" content=\"https:\/\/bluedoggenetics.com\/wp-content\/uploads\/2026\/03\/140137_2180634_pimcore_1_1.jpg\" \/>\n\t<meta property=\"og:image:width\" content=\"1000\" \/>\n\t<meta property=\"og:image:height\" content=\"1214\" \/>\n\t<meta property=\"og:image:type\" content=\"image\/jpeg\" \/>\n<meta name=\"twitter:card\" content=\"summary_large_image\" \/>\n<meta name=\"twitter:label1\" content=\"Gesch\u00e4tzte Lesezeit\" \/>\n\t<meta name=\"twitter:data1\" content=\"1\u00a0Minute\" \/>\n<script type=\"application\/ld+json\" class=\"yoast-schema-graph\">{\"@context\":\"https:\/\/schema.org\",\"@graph\":[{\"@type\":[\"WebPage\",\"ItemPage\"],\"@id\":\"https:\/\/bluedoggenetics.com\/producto\/regular\/big-bud\/\",\"url\":\"https:\/\/bluedoggenetics.com\/producto\/regular\/big-bud\/\",\"name\":\"Big Bud - BLUEDOG GENETICS Seeds\",\"isPartOf\":{\"@id\":\"https:\/\/bluedoggenetics.com\/de\/#website\"},\"primaryImageOfPage\":{\"@id\":\"https:\/\/bluedoggenetics.com\/producto\/regular\/big-bud\/#primaryimage\"},\"image\":{\"@id\":\"https:\/\/bluedoggenetics.com\/producto\/regular\/big-bud\/#primaryimage\"},\"thumbnailUrl\":\"https:\/\/bluedoggenetics.com\/wp-content\/uploads\/2026\/03\/140137_2180634_pimcore_1_1.jpg\",\"datePublished\":\"2026-03-30T21:03:59+00:00\",\"dateModified\":\"2026-05-06T12:58:11+00:00\",\"breadcrumb\":{\"@id\":\"https:\/\/bluedoggenetics.com\/producto\/regular\/big-bud\/#breadcrumb\"},\"inLanguage\":\"de\",\"potentialAction\":[{\"@type\":\"ReadAction\",\"target\":[\"https:\/\/bluedoggenetics.com\/producto\/regular\/big-bud\/\"]}]},{\"@type\":\"ImageObject\",\"inLanguage\":\"de\",\"@id\":\"https:\/\/bluedoggenetics.com\/producto\/regular\/big-bud\/#primaryimage\",\"url\":\"https:\/\/bluedoggenetics.com\/wp-content\/uploads\/2026\/03\/140137_2180634_pimcore_1_1.jpg\",\"contentUrl\":\"https:\/\/bluedoggenetics.com\/wp-content\/uploads\/2026\/03\/140137_2180634_pimcore_1_1.jpg\",\"width\":1000,\"height\":1214},{\"@type\":\"BreadcrumbList\",\"@id\":\"https:\/\/bluedoggenetics.com\/producto\/regular\/big-bud\/#breadcrumb\",\"itemListElement\":[{\"@type\":\"ListItem\",\"position\":1,\"name\":\"Portada\",\"item\":\"https:\/\/bluedoggenetics.com\/\"},{\"@type\":\"ListItem\",\"position\":2,\"name\":\"Tienda\",\"item\":\"https:\/\/bluedoggenetics.com\/fr\/tienda\/\"},{\"@type\":\"ListItem\",\"position\":3,\"name\":\"Big Bud\"}]},{\"@type\":\"WebSite\",\"@id\":\"https:\/\/bluedoggenetics.com\/de\/#website\",\"url\":\"https:\/\/bluedoggenetics.com\/de\/\",\"name\":\"BLUEDOG GENETICS Seeds\",\"description\":\"Compara y compra las mejores semillas de cannabis. Feminizadas, Autoflorecientes, CBD.\",\"publisher\":{\"@id\":\"https:\/\/bluedoggenetics.com\/de\/#organization\"},\"alternateName\":\"BLUEDOG GENETICS\",\"potentialAction\":[{\"@type\":\"SearchAction\",\"target\":{\"@type\":\"EntryPoint\",\"urlTemplate\":\"https:\/\/bluedoggenetics.com\/de\/?s={search_term_string}\"},\"query-input\":{\"@type\":\"PropertyValueSpecification\",\"valueRequired\":true,\"valueName\":\"search_term_string\"}}],\"inLanguage\":\"de\"},{\"@type\":\"Organization\",\"@id\":\"https:\/\/bluedoggenetics.com\/de\/#organization\",\"name\":\"BLUEDOG GENETICS\",\"url\":\"https:\/\/bluedoggenetics.com\/de\/\",\"logo\":{\"@type\":\"ImageObject\",\"inLanguage\":\"de\",\"@id\":\"https:\/\/bluedoggenetics.com\/de\/#\/schema\/logo\/image\/\",\"url\":\"https:\/\/bluedoggenetics.com\/wp-content\/uploads\/2024\/11\/appIcon.png\",\"contentUrl\":\"https:\/\/bluedoggenetics.com\/wp-content\/uploads\/2024\/11\/appIcon.png\",\"width\":1024,\"height\":1024,\"caption\":\"BLUEDOG GENETICS\"},\"image\":{\"@id\":\"https:\/\/bluedoggenetics.com\/de\/#\/schema\/logo\/image\/\"},\"sameAs\":[\"https:\/\/www.instagram.com\/bluedog.genetics\/\"]}]}<\/script>\n<!-- \/ Yoast SEO plugin. -->","yoast_head_json":{"title":"Big Bud - BLUEDOG GENETICS-Samen","robots":{"index":"index","follow":"follow","max-snippet":"max-snippet:-1","max-image-preview":"max-image-preview:large","max-video-preview":"max-video-preview:-1"},"canonical":"https:\/\/bluedoggenetics.com\/de\/produkt\/regular\/big-bud\/","og_locale":"de_DE","og_type":"article","og_title":"Big Bud - BLUEDOG GENETICS Seeds","og_description":"Big Bud de Sensi Seeds. La Big Bud de Sensi Seeds es un h\u00edbrido excepcional con gran estabilidad y rendimiento.","og_url":"https:\/\/bluedoggenetics.com\/de\/produkt\/regular\/big-bud\/","og_site_name":"BLUEDOG GENETICS Seeds","article_modified_time":"2026-05-06T12:58:11+00:00","og_image":[{"width":1000,"height":1214,"url":"https:\/\/bluedoggenetics.com\/wp-content\/uploads\/2026\/03\/140137_2180634_pimcore_1_1.jpg","type":"image\/jpeg"}],"twitter_card":"summary_large_image","twitter_misc":{"Gesch\u00e4tzte Lesezeit":"1\u00a0Minute"},"schema":{"@context":"https:\/\/schema.org","@graph":[{"@type":["WebPage","ItemPage"],"@id":"https:\/\/bluedoggenetics.com\/producto\/regular\/big-bud\/","url":"https:\/\/bluedoggenetics.com\/producto\/regular\/big-bud\/","name":"Big Bud - BLUEDOG GENETICS-Samen","isPartOf":{"@id":"https:\/\/bluedoggenetics.com\/de\/#website"},"primaryImageOfPage":{"@id":"https:\/\/bluedoggenetics.com\/producto\/regular\/big-bud\/#primaryimage"},"image":{"@id":"https:\/\/bluedoggenetics.com\/producto\/regular\/big-bud\/#primaryimage"},"thumbnailUrl":"https:\/\/bluedoggenetics.com\/wp-content\/uploads\/2026\/03\/140137_2180634_pimcore_1_1.jpg","datePublished":"2026-03-30T21:03:59+00:00","dateModified":"2026-05-06T12:58:11+00:00","breadcrumb":{"@id":"https:\/\/bluedoggenetics.com\/producto\/regular\/big-bud\/#breadcrumb"},"inLanguage":"de","potentialAction":[{"@type":"ReadAction","target":["https:\/\/bluedoggenetics.com\/producto\/regular\/big-bud\/"]}]},{"@type":"ImageObject","inLanguage":"de","@id":"https:\/\/bluedoggenetics.com\/producto\/regular\/big-bud\/#primaryimage","url":"https:\/\/bluedoggenetics.com\/wp-content\/uploads\/2026\/03\/140137_2180634_pimcore_1_1.jpg","contentUrl":"https:\/\/bluedoggenetics.com\/wp-content\/uploads\/2026\/03\/140137_2180634_pimcore_1_1.jpg","width":1000,"height":1214},{"@type":"BreadcrumbList","@id":"https:\/\/bluedoggenetics.com\/producto\/regular\/big-bud\/#breadcrumb","itemListElement":[{"@type":"ListItem","position":1,"name":"Portada","item":"https:\/\/bluedoggenetics.com\/"},{"@type":"ListItem","position":2,"name":"Tienda","item":"https:\/\/bluedoggenetics.com\/fr\/tienda\/"},{"@type":"ListItem","position":3,"name":"Big Bud"}]},{"@type":"WebSite","@id":"https:\/\/bluedoggenetics.com\/de\/#website","url":"https:\/\/bluedoggenetics.com\/de\/","name":"BLUEDOG GENETICS Seeds","description":"Vergleiche und kaufe die besten Hanfsamen. Feminisiert, Autoflowering, CBD.","publisher":{"@id":"https:\/\/bluedoggenetics.com\/de\/#organization"},"alternateName":"BLUEDOG GENETICS","potentialAction":[{"@type":"SearchAction","target":{"@type":"EntryPoint","urlTemplate":"https:\/\/bluedoggenetics.com\/de\/?s={search_term_string}"},"query-input":{"@type":"PropertyValueSpecification","valueRequired":true,"valueName":"search_term_string"}}],"inLanguage":"de"},{"@type":"Organization","@id":"https:\/\/bluedoggenetics.com\/de\/#organization","name":"BLUEDOG GENETICS","url":"https:\/\/bluedoggenetics.com\/de\/","logo":{"@type":"ImageObject","inLanguage":"de","@id":"https:\/\/bluedoggenetics.com\/de\/#\/schema\/logo\/image\/","url":"https:\/\/bluedoggenetics.com\/wp-content\/uploads\/2024\/11\/appIcon.png","contentUrl":"https:\/\/bluedoggenetics.com\/wp-content\/uploads\/2024\/11\/appIcon.png","width":1024,"height":1024,"caption":"BLUEDOG GENETICS"},"image":{"@id":"https:\/\/bluedoggenetics.com\/de\/#\/schema\/logo\/image\/"},"sameAs":["https:\/\/www.instagram.com\/bluedog.genetics\/"]}]}},"sticker_url":null,"variations_full":[{"id":5887,"price":95,"regular_price":95,"attributes":{"attribute_pa_cantidad":"pack-10"},"image_src":"https:\/\/bluedoggenetics.com\/wp-content\/uploads\/2026\/03\/140137_2180634_pimcore_1_1-600x728.jpg","is_in_stock":true}],"jetpack_sharing_enabled":true,"_links":{"self":[{"href":"https:\/\/bluedoggenetics.com\/de\/wp-json\/wp\/v2\/product\/5874","targetHints":{"allow":["GET"]}}],"collection":[{"href":"https:\/\/bluedoggenetics.com\/de\/wp-json\/wp\/v2\/product"}],"about":[{"href":"https:\/\/bluedoggenetics.com\/de\/wp-json\/wp\/v2\/types\/product"}],"wp:featuredmedia":[{"embeddable":true,"href":"https:\/\/bluedoggenetics.com\/de\/wp-json\/wp\/v2\/media\/5886"}],"wp:attachment":[{"href":"https:\/\/bluedoggenetics.com\/de\/wp-json\/wp\/v2\/media?parent=5874"}],"wp:term":[{"taxonomy":"product_brand","embeddable":true,"href":"https:\/\/bluedoggenetics.com\/de\/wp-json\/wp\/v2\/product_brand?post=5874"},{"taxonomy":"product_cat","embeddable":true,"href":"https:\/\/bluedoggenetics.com\/de\/wp-json\/wp\/v2\/product_cat?post=5874"},{"taxonomy":"product_tag","embeddable":true,"href":"https:\/\/bluedoggenetics.com\/de\/wp-json\/wp\/v2\/product_tag?post=5874"}],"curies":[{"name":"wp","href":"https:\/\/api.w.org\/{rel}","templated":true}]}}