{"id":5854,"date":"2026-03-30T22:51:06","date_gmt":"2026-03-30T20:51:06","guid":{"rendered":"https:\/\/bluedoggenetics.com\/?post_type=product&#038;p=5854"},"modified":"2026-05-06T14:58:05","modified_gmt":"2026-05-06T12:58:05","slug":"devil-regular-seeds","status":"publish","type":"product","link":"https:\/\/bluedoggenetics.com\/de\/produkt\/regular\/devil-regular-seeds\/","title":{"rendered":"Devil Regular Seeds"},"content":{"rendered":"<p>Wahre Kraft der alten Schule. Devil Regular Seeds von Mr Nice Seedbank ist eine \u00fcberw\u00e4ltigende Indica, die f\u00fcr ihre immense Harzproduktion und ihre zutiefst narkotische Wirkung bekannt ist. Sobald die Bl\u00fctephase begonnen hat (die etwa 7\u20138 Wochen dauert), entfaltet sie ihr volles Potenzial mit einem THC-Gehalt von 18\u201325 %. Es handelt sich um eine Hybridsorte, die in der Community sehr gesch\u00e4tzt wird.<\/p>\n<p><b>Blumenbild.<\/b> Dichte Bl\u00fcten, steinhart und dunkelgr\u00fcn gef\u00e4rbt. Die dicke Harzschicht von Devil Regular Seeds macht es ideal f\u00fcr Extraktionen. Ein optischer Genuss mit intensiv s\u00fc\u00dfen, holzigen, erdigen Aromen.<\/p>\n<p><b>Pflanzenmorphologie.<\/b> Buschiger und kompakter Wuchs. Sie entwickelt einen dicken Stamm und breite, dunkle Bl\u00e4tter, perfekt f\u00fcr kleine R\u00e4ume. Diese Pflanze erreicht in Innenr\u00e4umen eine H\u00f6he von etwa 80\u2013100 cm und liefert einen gesch\u00e4tzten Ertrag von 400\u2013500 g\/m2.<\/p>\n<h3><b>Anbautipps<\/b><\/h3>\n<ul>\n<li><strong>Was ist das ideale Klima f\u00fcr den Anbau von Devil Regular Seeds ?<\/strong><br \/>Aufgrund seines gebirgigen Ursprungs h\u00e4lt es niedrigen Temperaturen und k\u00fchlerem Klima sehr gut stand.<\/li>\n<li><strong>Welche Trainingstechniken funktionieren am besten mit Devil Regular Seeds ?<\/strong><br \/>Die SOG-Methode (Sea of \u200b\u200b\u200b\u200bGreen) ist f\u00fcr diese Genetik mit zentraler S\u00e4ulenstruktur unglaublich effektiv.<\/li>\n<li><strong>Welche Art der D\u00fcngung ben\u00f6tigt Devil Regular Seeds ?<\/strong><br \/>Es ist eine Schluckpflanze; Besonders w\u00e4hrend der Hauptbl\u00fctewochen nimmt sie gro\u00dfz\u00fcgige D\u00fcngerdosen auf.<\/li>\n<li><strong>Wie sollten Bew\u00e4sserung und Luftfeuchtigkeit f\u00fcr Devil Regular Seeds sein?<\/strong><br \/>M\u00e4\u00dfige Risiken. Vermeiden Sie Staun\u00e4sse, um Wurzelproblemen vorzubeugen.<\/li>\n<li><strong>Ist es notwendig, die Devil Regular Seeds -Pflanze zu beschneiden?<\/strong><br \/>Ja, eine gezielte Blattentfernung an den unteren Zweigen verbessert die Bel\u00fcftung.<\/li>\n<\/ul>","protected":false},"excerpt":{"rendered":"<p><strong>Devil Regular Seeds<\/strong> von Mr. Nice Seedbank. Wahre Kraft der alten Schule. Devil Regular Seeds von Mr Nice Seedbank ist eine \u00fcberw\u00e4ltigende Indica, die f\u00fcr ihre immense Harzproduktion und ihre zutiefst narkotische Wirkung bekannt ist.<\/p>","protected":false},"featured_media":5127,"template":"","meta":{"_acf_changed":false,"inline_featured_image":false,"_wp_applaud_exclude":false},"product_brand":[291],"product_cat":[309],"product_tag":[],"class_list":{"0":"post-5854","1":"product","2":"type-product","3":"status-publish","4":"has-post-thumbnail","6":"product_brand-mr-nice-seedbank","7":"product_cat-regular","8":"pa_altura-exterior-120-150","9":"pa_altura-interior-80-100","10":"pa_beneficios-terapeuticos-alivio-de-ansiedad","11":"pa_beneficios-terapeuticos-ayuda-para-dormir","12":"pa_cantidad-pack-18","13":"pa_clima-fresco","14":"pa_cosecha-exterior-750-850","15":"pa_cosecha-interior-400-500","16":"pa_efectos-destacables-adormecido","17":"pa_efectos-destacables-alegre","18":"pa_efectos-destacables-relajado","19":"pa_floracion-7-8","20":"pa_genetica-80-20","21":"pa_olor-intenso","22":"pa_sabores-y-olores-dulce","23":"pa_sabores-y-olores-madera","24":"pa_sabores-y-olores-terroso","25":"pa_thc-18-25-2","26":"pa_variedad-hibrida","28":"first","29":"instock","30":"taxable","31":"shipping-taxable","32":"purchasable","33":"product-type-variable"},"acf":{"sticker":false,"family_tree":""},"yoast_head":"<!-- This site is optimized with the Yoast SEO plugin v26.5 - https:\/\/yoast.com\/wordpress\/plugins\/seo\/ -->\n<title>Devil Regular Seeds - BLUEDOG GENETICS Seeds<\/title>\n<meta name=\"description\" content=\"Devil Regular Seeds de Mr Nice Seedbank. Semillas con 18-25% de THC. Aromas a Dulce, Madera, Terroso. Cosecha r\u00e1pida y grandes rendimientos. \u00a1Compra al mej\" \/>\n<meta name=\"robots\" content=\"index, follow, max-snippet:-1, max-image-preview:large, max-video-preview:-1\" \/>\n<link rel=\"canonical\" href=\"https:\/\/bluedoggenetics.com\/de\/produkt\/regular\/devil-regular-seeds\/\" \/>\n<meta property=\"og:locale\" content=\"de_DE\" \/>\n<meta property=\"og:type\" content=\"article\" \/>\n<meta property=\"og:title\" content=\"Devil Regular Seeds - BLUEDOG GENETICS Seeds\" \/>\n<meta property=\"og:description\" content=\"Devil Regular Seeds de Mr Nice Seedbank. Semillas con 18-25% de THC. Aromas a Dulce, Madera, Terroso. Cosecha r\u00e1pida y grandes rendimientos. \u00a1Compra al mej\" \/>\n<meta property=\"og:url\" content=\"https:\/\/bluedoggenetics.com\/de\/produkt\/regular\/devil-regular-seeds\/\" \/>\n<meta property=\"og:site_name\" content=\"BLUEDOG GENETICS Seeds\" \/>\n<meta property=\"article:modified_time\" content=\"2026-05-06T12:58:05+00:00\" \/>\n<meta property=\"og:image\" content=\"https:\/\/bluedoggenetics.com\/wp-content\/uploads\/2026\/03\/139999_2338749_pimcore_1_2.jpg\" \/>\n\t<meta property=\"og:image:width\" content=\"400\" \/>\n\t<meta property=\"og:image:height\" content=\"485\" \/>\n\t<meta property=\"og:image:type\" content=\"image\/jpeg\" \/>\n<meta name=\"twitter:card\" content=\"summary_large_image\" \/>\n<meta name=\"twitter:label1\" content=\"Gesch\u00e4tzte Lesezeit\" \/>\n\t<meta name=\"twitter:data1\" content=\"1\u00a0Minute\" \/>\n<script type=\"application\/ld+json\" class=\"yoast-schema-graph\">{\"@context\":\"https:\/\/schema.org\",\"@graph\":[{\"@type\":[\"WebPage\",\"ItemPage\"],\"@id\":\"https:\/\/bluedoggenetics.com\/producto\/regular\/devil-regular-seeds\/\",\"url\":\"https:\/\/bluedoggenetics.com\/producto\/regular\/devil-regular-seeds\/\",\"name\":\"Devil Regular Seeds - BLUEDOG GENETICS Seeds\",\"isPartOf\":{\"@id\":\"https:\/\/bluedoggenetics.com\/de\/#website\"},\"primaryImageOfPage\":{\"@id\":\"https:\/\/bluedoggenetics.com\/producto\/regular\/devil-regular-seeds\/#primaryimage\"},\"image\":{\"@id\":\"https:\/\/bluedoggenetics.com\/producto\/regular\/devil-regular-seeds\/#primaryimage\"},\"thumbnailUrl\":\"https:\/\/bluedoggenetics.com\/wp-content\/uploads\/2026\/03\/139999_2338749_pimcore_1_2.jpg\",\"datePublished\":\"2026-03-30T20:51:06+00:00\",\"dateModified\":\"2026-05-06T12:58:05+00:00\",\"description\":\"Devil Regular Seeds de Mr Nice Seedbank. Semillas con 18-25% de THC. Aromas a Dulce, Madera, Terroso. Cosecha r\u00e1pida y grandes rendimientos. \u00a1Compra al mej\",\"breadcrumb\":{\"@id\":\"https:\/\/bluedoggenetics.com\/producto\/regular\/devil-regular-seeds\/#breadcrumb\"},\"inLanguage\":\"de\",\"potentialAction\":[{\"@type\":\"ReadAction\",\"target\":[\"https:\/\/bluedoggenetics.com\/producto\/regular\/devil-regular-seeds\/\"]}]},{\"@type\":\"ImageObject\",\"inLanguage\":\"de\",\"@id\":\"https:\/\/bluedoggenetics.com\/producto\/regular\/devil-regular-seeds\/#primaryimage\",\"url\":\"https:\/\/bluedoggenetics.com\/wp-content\/uploads\/2026\/03\/139999_2338749_pimcore_1_2.jpg\",\"contentUrl\":\"https:\/\/bluedoggenetics.com\/wp-content\/uploads\/2026\/03\/139999_2338749_pimcore_1_2.jpg\",\"width\":400,\"height\":485},{\"@type\":\"BreadcrumbList\",\"@id\":\"https:\/\/bluedoggenetics.com\/producto\/regular\/devil-regular-seeds\/#breadcrumb\",\"itemListElement\":[{\"@type\":\"ListItem\",\"position\":1,\"name\":\"Portada\",\"item\":\"https:\/\/bluedoggenetics.com\/\"},{\"@type\":\"ListItem\",\"position\":2,\"name\":\"Tienda\",\"item\":\"https:\/\/bluedoggenetics.com\/fr\/tienda\/\"},{\"@type\":\"ListItem\",\"position\":3,\"name\":\"Devil Regular Seeds\"}]},{\"@type\":\"WebSite\",\"@id\":\"https:\/\/bluedoggenetics.com\/de\/#website\",\"url\":\"https:\/\/bluedoggenetics.com\/de\/\",\"name\":\"BLUEDOG GENETICS Seeds\",\"description\":\"Compara y compra las mejores semillas de cannabis. Feminizadas, Autoflorecientes, CBD.\",\"publisher\":{\"@id\":\"https:\/\/bluedoggenetics.com\/de\/#organization\"},\"alternateName\":\"BLUEDOG GENETICS\",\"potentialAction\":[{\"@type\":\"SearchAction\",\"target\":{\"@type\":\"EntryPoint\",\"urlTemplate\":\"https:\/\/bluedoggenetics.com\/de\/?s={search_term_string}\"},\"query-input\":{\"@type\":\"PropertyValueSpecification\",\"valueRequired\":true,\"valueName\":\"search_term_string\"}}],\"inLanguage\":\"de\"},{\"@type\":\"Organization\",\"@id\":\"https:\/\/bluedoggenetics.com\/de\/#organization\",\"name\":\"BLUEDOG GENETICS\",\"url\":\"https:\/\/bluedoggenetics.com\/de\/\",\"logo\":{\"@type\":\"ImageObject\",\"inLanguage\":\"de\",\"@id\":\"https:\/\/bluedoggenetics.com\/de\/#\/schema\/logo\/image\/\",\"url\":\"https:\/\/bluedoggenetics.com\/wp-content\/uploads\/2024\/11\/appIcon.png\",\"contentUrl\":\"https:\/\/bluedoggenetics.com\/wp-content\/uploads\/2024\/11\/appIcon.png\",\"width\":1024,\"height\":1024,\"caption\":\"BLUEDOG GENETICS\"},\"image\":{\"@id\":\"https:\/\/bluedoggenetics.com\/de\/#\/schema\/logo\/image\/\"},\"sameAs\":[\"https:\/\/www.instagram.com\/bluedog.genetics\/\"]}]}<\/script>\n<!-- \/ Yoast SEO plugin. -->","yoast_head_json":{"title":"Devil Regular Seeds - BLUEDOG GENETICS-Samen","description":"Devil Regular Seeds von Mr Nice Seedbank. Samen mit 18\u201325 % THC. Aromen von s\u00fc\u00df, holzig, erdig. Schnelle Ernte und tolle Ertr\u00e4ge. Kaufen Sie das Beste","robots":{"index":"index","follow":"follow","max-snippet":"max-snippet:-1","max-image-preview":"max-image-preview:large","max-video-preview":"max-video-preview:-1"},"canonical":"https:\/\/bluedoggenetics.com\/de\/produkt\/regular\/devil-regular-seeds\/","og_locale":"de_DE","og_type":"article","og_title":"Devil Regular Seeds - BLUEDOG GENETICS Seeds","og_description":"Devil Regular Seeds de Mr Nice Seedbank. Semillas con 18-25% de THC. Aromas a Dulce, Madera, Terroso. Cosecha r\u00e1pida y grandes rendimientos. \u00a1Compra al mej","og_url":"https:\/\/bluedoggenetics.com\/de\/produkt\/regular\/devil-regular-seeds\/","og_site_name":"BLUEDOG GENETICS Seeds","article_modified_time":"2026-05-06T12:58:05+00:00","og_image":[{"width":400,"height":485,"url":"https:\/\/bluedoggenetics.com\/wp-content\/uploads\/2026\/03\/139999_2338749_pimcore_1_2.jpg","type":"image\/jpeg"}],"twitter_card":"summary_large_image","twitter_misc":{"Gesch\u00e4tzte Lesezeit":"1\u00a0Minute"},"schema":{"@context":"https:\/\/schema.org","@graph":[{"@type":["WebPage","ItemPage"],"@id":"https:\/\/bluedoggenetics.com\/producto\/regular\/devil-regular-seeds\/","url":"https:\/\/bluedoggenetics.com\/producto\/regular\/devil-regular-seeds\/","name":"Devil Regular Seeds - BLUEDOG GENETICS-Samen","isPartOf":{"@id":"https:\/\/bluedoggenetics.com\/de\/#website"},"primaryImageOfPage":{"@id":"https:\/\/bluedoggenetics.com\/producto\/regular\/devil-regular-seeds\/#primaryimage"},"image":{"@id":"https:\/\/bluedoggenetics.com\/producto\/regular\/devil-regular-seeds\/#primaryimage"},"thumbnailUrl":"https:\/\/bluedoggenetics.com\/wp-content\/uploads\/2026\/03\/139999_2338749_pimcore_1_2.jpg","datePublished":"2026-03-30T20:51:06+00:00","dateModified":"2026-05-06T12:58:05+00:00","description":"Devil Regular Seeds von Mr Nice Seedbank. Samen mit 18\u201325 % THC. Aromen von s\u00fc\u00df, holzig, erdig. Schnelle Ernte und tolle Ertr\u00e4ge. Kaufen Sie das Beste","breadcrumb":{"@id":"https:\/\/bluedoggenetics.com\/producto\/regular\/devil-regular-seeds\/#breadcrumb"},"inLanguage":"de","potentialAction":[{"@type":"ReadAction","target":["https:\/\/bluedoggenetics.com\/producto\/regular\/devil-regular-seeds\/"]}]},{"@type":"ImageObject","inLanguage":"de","@id":"https:\/\/bluedoggenetics.com\/producto\/regular\/devil-regular-seeds\/#primaryimage","url":"https:\/\/bluedoggenetics.com\/wp-content\/uploads\/2026\/03\/139999_2338749_pimcore_1_2.jpg","contentUrl":"https:\/\/bluedoggenetics.com\/wp-content\/uploads\/2026\/03\/139999_2338749_pimcore_1_2.jpg","width":400,"height":485},{"@type":"BreadcrumbList","@id":"https:\/\/bluedoggenetics.com\/producto\/regular\/devil-regular-seeds\/#breadcrumb","itemListElement":[{"@type":"ListItem","position":1,"name":"Portada","item":"https:\/\/bluedoggenetics.com\/"},{"@type":"ListItem","position":2,"name":"Tienda","item":"https:\/\/bluedoggenetics.com\/fr\/tienda\/"},{"@type":"ListItem","position":3,"name":"Devil Regular Seeds"}]},{"@type":"WebSite","@id":"https:\/\/bluedoggenetics.com\/de\/#website","url":"https:\/\/bluedoggenetics.com\/de\/","name":"BLUEDOG GENETICS Seeds","description":"Vergleiche und kaufe die besten Hanfsamen. Feminisiert, Autoflowering, CBD.","publisher":{"@id":"https:\/\/bluedoggenetics.com\/de\/#organization"},"alternateName":"BLUEDOG GENETICS","potentialAction":[{"@type":"SearchAction","target":{"@type":"EntryPoint","urlTemplate":"https:\/\/bluedoggenetics.com\/de\/?s={search_term_string}"},"query-input":{"@type":"PropertyValueSpecification","valueRequired":true,"valueName":"search_term_string"}}],"inLanguage":"de"},{"@type":"Organization","@id":"https:\/\/bluedoggenetics.com\/de\/#organization","name":"BLUEDOG GENETICS","url":"https:\/\/bluedoggenetics.com\/de\/","logo":{"@type":"ImageObject","inLanguage":"de","@id":"https:\/\/bluedoggenetics.com\/de\/#\/schema\/logo\/image\/","url":"https:\/\/bluedoggenetics.com\/wp-content\/uploads\/2024\/11\/appIcon.png","contentUrl":"https:\/\/bluedoggenetics.com\/wp-content\/uploads\/2024\/11\/appIcon.png","width":1024,"height":1024,"caption":"BLUEDOG GENETICS"},"image":{"@id":"https:\/\/bluedoggenetics.com\/de\/#\/schema\/logo\/image\/"},"sameAs":["https:\/\/www.instagram.com\/bluedog.genetics\/"]}]}},"sticker_url":null,"variations_full":[{"id":5863,"price":57,"regular_price":57,"attributes":{"attribute_pa_cantidad":"pack-18"},"image_src":"https:\/\/bluedoggenetics.com\/wp-content\/uploads\/2026\/03\/139999_2338749_pimcore_1_2.jpg","is_in_stock":true}],"jetpack_sharing_enabled":true,"_links":{"self":[{"href":"https:\/\/bluedoggenetics.com\/de\/wp-json\/wp\/v2\/product\/5854","targetHints":{"allow":["GET"]}}],"collection":[{"href":"https:\/\/bluedoggenetics.com\/de\/wp-json\/wp\/v2\/product"}],"about":[{"href":"https:\/\/bluedoggenetics.com\/de\/wp-json\/wp\/v2\/types\/product"}],"wp:featuredmedia":[{"embeddable":true,"href":"https:\/\/bluedoggenetics.com\/de\/wp-json\/wp\/v2\/media\/5127"}],"wp:attachment":[{"href":"https:\/\/bluedoggenetics.com\/de\/wp-json\/wp\/v2\/media?parent=5854"}],"wp:term":[{"taxonomy":"product_brand","embeddable":true,"href":"https:\/\/bluedoggenetics.com\/de\/wp-json\/wp\/v2\/product_brand?post=5854"},{"taxonomy":"product_cat","embeddable":true,"href":"https:\/\/bluedoggenetics.com\/de\/wp-json\/wp\/v2\/product_cat?post=5854"},{"taxonomy":"product_tag","embeddable":true,"href":"https:\/\/bluedoggenetics.com\/de\/wp-json\/wp\/v2\/product_tag?post=5854"}],"curies":[{"name":"wp","href":"https:\/\/api.w.org\/{rel}","templated":true}]}}