{"id":5853,"date":"2026-03-30T22:51:05","date_gmt":"2026-03-30T20:51:05","guid":{"rendered":"https:\/\/bluedoggenetics.com\/?post_type=product&#038;p=5853"},"modified":"2026-05-06T14:58:05","modified_gmt":"2026-05-06T12:58:05","slug":"critical-haze-regular-seeds","status":"publish","type":"product","link":"https:\/\/bluedoggenetics.com\/de\/produkt\/regular\/critical-haze-regular-seeds\/","title":{"rendered":"Critical Haze Regular Seeds"},"content":{"rendered":"<p>Ein Juwel f\u00fcr Sativa-Liebhaber. Critical Haze Regular Seeds von Mr Nice Seedbank bietet spektakul\u00e4re Kraft und ein lang anhaltendes, elektrisches Gehirn-High. Sobald die Bl\u00fctephase begonnen hat (die etwa 10\u201312 Wochen dauert), entfaltet sie ihr volles Potenzial mit einem THC-Gehalt von 20\u201326 %. Es handelt sich um eine Hybridsorte, die in der Community sehr gesch\u00e4tzt wird.<\/p>\n<p><b>Blumenbild.<\/b> Ihre Knospen sind l\u00e4nglich und schwammig, typisch f\u00fcr ihr Sativa-Erbe, bedeckt mit silbernen Trichomen und orangefarbenen Stempeln. Ein optischer Genuss mit intensiven Frucht-, Zitrus- und Weihraucharomen.<\/p>\n<p><b>Pflanzenmorphologie.<\/b> Critical Haze Regular Seeds dehnt sich erheblich aus und zeigt Bl\u00e4tter mit feinen Bl\u00e4ttchen und einem gro\u00dfen Internodienabstand, der die Bel\u00fcftung erleichtert. Diese Pflanze erreicht in Innenr\u00e4umen eine H\u00f6he von etwa 100\u2013130 cm und liefert einen gesch\u00e4tzten Ertrag von 450\u2013550 g\/m2.<\/p>\n<h3><b>Anbautipps<\/b><\/h3>\n<ul>\n<li><strong>Was ist das ideale Klima f\u00fcr den Anbau von Critical Haze Regular Seeds ?<\/strong><br \/>Sie bevorzugt warmes und sonniges Klima, \u00e4hnlich dem Mittelmeerraum, wo sie ihr volles Potenzial entfalten kann.<\/li>\n<li><strong>Welche Trainingstechniken funktionieren am besten mit Critical Haze Regular Seeds ?<\/strong><br \/>In Innenr\u00e4umen ist es fast obligatorisch, SCROG oder LST zu verwenden, um Ihre explosive H\u00f6he zu kontrollieren.<\/li>\n<li><strong>Welche Art der D\u00fcngung ben\u00f6tigt Critical Haze Regular Seeds ?<\/strong><br \/>Seien Sie vorsichtig mit Stickstoff. Es ist empfindlich gegen\u00fcber \u00dcberd\u00fcngung, daher ist es besser, einen moderaten EC-Wert einzuhalten.<\/li>\n<li><strong>Wie sollten Bew\u00e4sserung und Luftfeuchtigkeit f\u00fcr Critical Haze Regular Seeds sein?<\/strong><br \/>M\u00e4\u00dfige Risiken. Vermeiden Sie Staun\u00e4sse, um Wurzelproblemen vorzubeugen.<\/li>\n<li><strong>Ist es notwendig, die Critical Haze Regular Seeds -Pflanze zu beschneiden?<\/strong><br \/>Ja, eine gezielte Blattentfernung an den unteren Zweigen verbessert die Bel\u00fcftung.<\/li>\n<\/ul>","protected":false},"excerpt":{"rendered":"<p><strong>Critical Haze Regular Seeds<\/strong> von Mr. Nice Seedbank. Ein Juwel f\u00fcr Sativa-Liebhaber. Critical Haze Regular Seeds von Mr Nice Seedbank bietet spektakul\u00e4re Kraft und ein lang anhaltendes, elektrisches Gehirn-High.<\/p>","protected":false},"featured_media":5126,"template":"","meta":{"_acf_changed":false,"inline_featured_image":false,"_wp_applaud_exclude":false},"product_brand":[291],"product_cat":[309],"product_tag":[],"class_list":{"0":"post-5853","1":"product","2":"type-product","3":"status-publish","4":"has-post-thumbnail","6":"product_brand-mr-nice-seedbank","7":"product_cat-regular","8":"pa_altura-exterior-200-250","9":"pa_altura-interior-100-130","10":"pa_beneficios-terapeuticos-alivio-de-ansiedad","11":"pa_beneficios-terapeuticos-reduccion-de-nauseas","12":"pa_cantidad-pack-18","13":"pa_clima-calido","14":"pa_cosecha-exterior-650-750","15":"pa_cosecha-interior-450-550","16":"pa_efectos-destacables-conversador","17":"pa_efectos-destacables-creativo","18":"pa_efectos-destacables-euforico","19":"pa_floracion-10-12","20":"pa_genetica-20-80","21":"pa_olor-fuerte","22":"pa_sabores-y-olores-afrutado","23":"pa_sabores-y-olores-citrico","24":"pa_sabores-y-olores-incienso","25":"pa_thc-20-26","26":"pa_variedad-hibrida","28":"first","29":"instock","30":"taxable","31":"shipping-taxable","32":"purchasable","33":"product-type-variable"},"acf":{"sticker":false,"family_tree":""},"yoast_head":"<!-- This site is optimized with the Yoast SEO plugin v26.5 - https:\/\/yoast.com\/wordpress\/plugins\/seo\/ -->\n<title>Critical Haze Regular Seeds - BLUEDOG GENETICS Seeds<\/title>\n<meta name=\"description\" content=\"Critical Haze Regular Seeds de Mr Nice Seedbank. Semillas con 20-26% de THC. Aromas a Afrutado, C\u00edtrico, Incienso. Cosecha r\u00e1pida y grandes rendimientos. \u00a1\" \/>\n<meta name=\"robots\" content=\"index, follow, max-snippet:-1, max-image-preview:large, max-video-preview:-1\" \/>\n<link rel=\"canonical\" href=\"https:\/\/bluedoggenetics.com\/de\/produkt\/regular\/critical-haze-regular-seeds\/\" \/>\n<meta property=\"og:locale\" content=\"de_DE\" \/>\n<meta property=\"og:type\" content=\"article\" \/>\n<meta property=\"og:title\" content=\"Critical Haze Regular Seeds - BLUEDOG GENETICS Seeds\" \/>\n<meta property=\"og:description\" content=\"Critical Haze Regular Seeds de Mr Nice Seedbank. Semillas con 20-26% de THC. Aromas a Afrutado, C\u00edtrico, Incienso. Cosecha r\u00e1pida y grandes rendimientos. \u00a1\" \/>\n<meta property=\"og:url\" content=\"https:\/\/bluedoggenetics.com\/de\/produkt\/regular\/critical-haze-regular-seeds\/\" \/>\n<meta property=\"og:site_name\" content=\"BLUEDOG GENETICS Seeds\" \/>\n<meta property=\"article:modified_time\" content=\"2026-05-06T12:58:05+00:00\" \/>\n<meta property=\"og:image\" content=\"https:\/\/bluedoggenetics.com\/wp-content\/uploads\/2026\/03\/139994_2195894_pimcore_1_1.jpg\" \/>\n\t<meta property=\"og:image:width\" content=\"450\" \/>\n\t<meta property=\"og:image:height\" content=\"600\" \/>\n\t<meta property=\"og:image:type\" content=\"image\/jpeg\" \/>\n<meta name=\"twitter:card\" content=\"summary_large_image\" \/>\n<meta name=\"twitter:label1\" content=\"Gesch\u00e4tzte Lesezeit\" \/>\n\t<meta name=\"twitter:data1\" content=\"1\u00a0Minute\" \/>\n<script type=\"application\/ld+json\" class=\"yoast-schema-graph\">{\"@context\":\"https:\/\/schema.org\",\"@graph\":[{\"@type\":[\"WebPage\",\"ItemPage\"],\"@id\":\"https:\/\/bluedoggenetics.com\/producto\/regular\/critical-haze-regular-seeds\/\",\"url\":\"https:\/\/bluedoggenetics.com\/producto\/regular\/critical-haze-regular-seeds\/\",\"name\":\"Critical Haze Regular Seeds - BLUEDOG GENETICS Seeds\",\"isPartOf\":{\"@id\":\"https:\/\/bluedoggenetics.com\/de\/#website\"},\"primaryImageOfPage\":{\"@id\":\"https:\/\/bluedoggenetics.com\/producto\/regular\/critical-haze-regular-seeds\/#primaryimage\"},\"image\":{\"@id\":\"https:\/\/bluedoggenetics.com\/producto\/regular\/critical-haze-regular-seeds\/#primaryimage\"},\"thumbnailUrl\":\"https:\/\/bluedoggenetics.com\/wp-content\/uploads\/2026\/03\/139994_2195894_pimcore_1_1.jpg\",\"datePublished\":\"2026-03-30T20:51:05+00:00\",\"dateModified\":\"2026-05-06T12:58:05+00:00\",\"description\":\"Critical Haze Regular Seeds de Mr Nice Seedbank. Semillas con 20-26% de THC. Aromas a Afrutado, C\u00edtrico, Incienso. Cosecha r\u00e1pida y grandes rendimientos. \u00a1\",\"breadcrumb\":{\"@id\":\"https:\/\/bluedoggenetics.com\/producto\/regular\/critical-haze-regular-seeds\/#breadcrumb\"},\"inLanguage\":\"de\",\"potentialAction\":[{\"@type\":\"ReadAction\",\"target\":[\"https:\/\/bluedoggenetics.com\/producto\/regular\/critical-haze-regular-seeds\/\"]}]},{\"@type\":\"ImageObject\",\"inLanguage\":\"de\",\"@id\":\"https:\/\/bluedoggenetics.com\/producto\/regular\/critical-haze-regular-seeds\/#primaryimage\",\"url\":\"https:\/\/bluedoggenetics.com\/wp-content\/uploads\/2026\/03\/139994_2195894_pimcore_1_1.jpg\",\"contentUrl\":\"https:\/\/bluedoggenetics.com\/wp-content\/uploads\/2026\/03\/139994_2195894_pimcore_1_1.jpg\",\"width\":450,\"height\":600},{\"@type\":\"BreadcrumbList\",\"@id\":\"https:\/\/bluedoggenetics.com\/producto\/regular\/critical-haze-regular-seeds\/#breadcrumb\",\"itemListElement\":[{\"@type\":\"ListItem\",\"position\":1,\"name\":\"Portada\",\"item\":\"https:\/\/bluedoggenetics.com\/\"},{\"@type\":\"ListItem\",\"position\":2,\"name\":\"Tienda\",\"item\":\"https:\/\/bluedoggenetics.com\/fr\/tienda\/\"},{\"@type\":\"ListItem\",\"position\":3,\"name\":\"Critical Haze Regular Seeds\"}]},{\"@type\":\"WebSite\",\"@id\":\"https:\/\/bluedoggenetics.com\/de\/#website\",\"url\":\"https:\/\/bluedoggenetics.com\/de\/\",\"name\":\"BLUEDOG GENETICS Seeds\",\"description\":\"Compara y compra las mejores semillas de cannabis. Feminizadas, Autoflorecientes, CBD.\",\"publisher\":{\"@id\":\"https:\/\/bluedoggenetics.com\/de\/#organization\"},\"alternateName\":\"BLUEDOG GENETICS\",\"potentialAction\":[{\"@type\":\"SearchAction\",\"target\":{\"@type\":\"EntryPoint\",\"urlTemplate\":\"https:\/\/bluedoggenetics.com\/de\/?s={search_term_string}\"},\"query-input\":{\"@type\":\"PropertyValueSpecification\",\"valueRequired\":true,\"valueName\":\"search_term_string\"}}],\"inLanguage\":\"de\"},{\"@type\":\"Organization\",\"@id\":\"https:\/\/bluedoggenetics.com\/de\/#organization\",\"name\":\"BLUEDOG GENETICS\",\"url\":\"https:\/\/bluedoggenetics.com\/de\/\",\"logo\":{\"@type\":\"ImageObject\",\"inLanguage\":\"de\",\"@id\":\"https:\/\/bluedoggenetics.com\/de\/#\/schema\/logo\/image\/\",\"url\":\"https:\/\/bluedoggenetics.com\/wp-content\/uploads\/2024\/11\/appIcon.png\",\"contentUrl\":\"https:\/\/bluedoggenetics.com\/wp-content\/uploads\/2024\/11\/appIcon.png\",\"width\":1024,\"height\":1024,\"caption\":\"BLUEDOG GENETICS\"},\"image\":{\"@id\":\"https:\/\/bluedoggenetics.com\/de\/#\/schema\/logo\/image\/\"},\"sameAs\":[\"https:\/\/www.instagram.com\/bluedog.genetics\/\"]}]}<\/script>\n<!-- \/ Yoast SEO plugin. -->","yoast_head_json":{"title":"Critical Haze Regular Seeds - BLUEDOG GENETICS-Samen","description":"Critical Haze Regular Seeds von Mr Nice Seedbank. Samen mit 20\u201326 % THC. Aromen von Frucht, Zitrusfr\u00fcchten und Weihrauch. Schnelle Ernte und tolle Ertr\u00e4ge. \u00a1","robots":{"index":"index","follow":"follow","max-snippet":"max-snippet:-1","max-image-preview":"max-image-preview:large","max-video-preview":"max-video-preview:-1"},"canonical":"https:\/\/bluedoggenetics.com\/de\/produkt\/regular\/critical-haze-regular-seeds\/","og_locale":"de_DE","og_type":"article","og_title":"Critical Haze Regular Seeds - BLUEDOG GENETICS Seeds","og_description":"Critical Haze Regular Seeds de Mr Nice Seedbank. Semillas con 20-26% de THC. Aromas a Afrutado, C\u00edtrico, Incienso. Cosecha r\u00e1pida y grandes rendimientos. \u00a1","og_url":"https:\/\/bluedoggenetics.com\/de\/produkt\/regular\/critical-haze-regular-seeds\/","og_site_name":"BLUEDOG GENETICS Seeds","article_modified_time":"2026-05-06T12:58:05+00:00","og_image":[{"width":450,"height":600,"url":"https:\/\/bluedoggenetics.com\/wp-content\/uploads\/2026\/03\/139994_2195894_pimcore_1_1.jpg","type":"image\/jpeg"}],"twitter_card":"summary_large_image","twitter_misc":{"Gesch\u00e4tzte Lesezeit":"1\u00a0Minute"},"schema":{"@context":"https:\/\/schema.org","@graph":[{"@type":["WebPage","ItemPage"],"@id":"https:\/\/bluedoggenetics.com\/producto\/regular\/critical-haze-regular-seeds\/","url":"https:\/\/bluedoggenetics.com\/producto\/regular\/critical-haze-regular-seeds\/","name":"Critical Haze Regular Seeds - BLUEDOG GENETICS-Samen","isPartOf":{"@id":"https:\/\/bluedoggenetics.com\/de\/#website"},"primaryImageOfPage":{"@id":"https:\/\/bluedoggenetics.com\/producto\/regular\/critical-haze-regular-seeds\/#primaryimage"},"image":{"@id":"https:\/\/bluedoggenetics.com\/producto\/regular\/critical-haze-regular-seeds\/#primaryimage"},"thumbnailUrl":"https:\/\/bluedoggenetics.com\/wp-content\/uploads\/2026\/03\/139994_2195894_pimcore_1_1.jpg","datePublished":"2026-03-30T20:51:05+00:00","dateModified":"2026-05-06T12:58:05+00:00","description":"Critical Haze Regular Seeds von Mr Nice Seedbank. Samen mit 20\u201326 % THC. Aromen von Frucht, Zitrusfr\u00fcchten und Weihrauch. Schnelle Ernte und tolle Ertr\u00e4ge. \u00a1","breadcrumb":{"@id":"https:\/\/bluedoggenetics.com\/producto\/regular\/critical-haze-regular-seeds\/#breadcrumb"},"inLanguage":"de","potentialAction":[{"@type":"ReadAction","target":["https:\/\/bluedoggenetics.com\/producto\/regular\/critical-haze-regular-seeds\/"]}]},{"@type":"ImageObject","inLanguage":"de","@id":"https:\/\/bluedoggenetics.com\/producto\/regular\/critical-haze-regular-seeds\/#primaryimage","url":"https:\/\/bluedoggenetics.com\/wp-content\/uploads\/2026\/03\/139994_2195894_pimcore_1_1.jpg","contentUrl":"https:\/\/bluedoggenetics.com\/wp-content\/uploads\/2026\/03\/139994_2195894_pimcore_1_1.jpg","width":450,"height":600},{"@type":"BreadcrumbList","@id":"https:\/\/bluedoggenetics.com\/producto\/regular\/critical-haze-regular-seeds\/#breadcrumb","itemListElement":[{"@type":"ListItem","position":1,"name":"Portada","item":"https:\/\/bluedoggenetics.com\/"},{"@type":"ListItem","position":2,"name":"Tienda","item":"https:\/\/bluedoggenetics.com\/fr\/tienda\/"},{"@type":"ListItem","position":3,"name":"Critical Haze Regular Seeds"}]},{"@type":"WebSite","@id":"https:\/\/bluedoggenetics.com\/de\/#website","url":"https:\/\/bluedoggenetics.com\/de\/","name":"BLUEDOG GENETICS Seeds","description":"Vergleiche und kaufe die besten Hanfsamen. Feminisiert, Autoflowering, CBD.","publisher":{"@id":"https:\/\/bluedoggenetics.com\/de\/#organization"},"alternateName":"BLUEDOG GENETICS","potentialAction":[{"@type":"SearchAction","target":{"@type":"EntryPoint","urlTemplate":"https:\/\/bluedoggenetics.com\/de\/?s={search_term_string}"},"query-input":{"@type":"PropertyValueSpecification","valueRequired":true,"valueName":"search_term_string"}}],"inLanguage":"de"},{"@type":"Organization","@id":"https:\/\/bluedoggenetics.com\/de\/#organization","name":"BLUEDOG GENETICS","url":"https:\/\/bluedoggenetics.com\/de\/","logo":{"@type":"ImageObject","inLanguage":"de","@id":"https:\/\/bluedoggenetics.com\/de\/#\/schema\/logo\/image\/","url":"https:\/\/bluedoggenetics.com\/wp-content\/uploads\/2024\/11\/appIcon.png","contentUrl":"https:\/\/bluedoggenetics.com\/wp-content\/uploads\/2024\/11\/appIcon.png","width":1024,"height":1024,"caption":"BLUEDOG GENETICS"},"image":{"@id":"https:\/\/bluedoggenetics.com\/de\/#\/schema\/logo\/image\/"},"sameAs":["https:\/\/www.instagram.com\/bluedog.genetics\/"]}]}},"sticker_url":null,"variations_full":[{"id":5862,"price":80,"regular_price":80,"attributes":{"attribute_pa_cantidad":"pack-18"},"image_src":"https:\/\/bluedoggenetics.com\/wp-content\/uploads\/2026\/03\/139994_2195894_pimcore_1_1.jpg","is_in_stock":true}],"jetpack_sharing_enabled":true,"_links":{"self":[{"href":"https:\/\/bluedoggenetics.com\/de\/wp-json\/wp\/v2\/product\/5853","targetHints":{"allow":["GET"]}}],"collection":[{"href":"https:\/\/bluedoggenetics.com\/de\/wp-json\/wp\/v2\/product"}],"about":[{"href":"https:\/\/bluedoggenetics.com\/de\/wp-json\/wp\/v2\/types\/product"}],"wp:featuredmedia":[{"embeddable":true,"href":"https:\/\/bluedoggenetics.com\/de\/wp-json\/wp\/v2\/media\/5126"}],"wp:attachment":[{"href":"https:\/\/bluedoggenetics.com\/de\/wp-json\/wp\/v2\/media?parent=5853"}],"wp:term":[{"taxonomy":"product_brand","embeddable":true,"href":"https:\/\/bluedoggenetics.com\/de\/wp-json\/wp\/v2\/product_brand?post=5853"},{"taxonomy":"product_cat","embeddable":true,"href":"https:\/\/bluedoggenetics.com\/de\/wp-json\/wp\/v2\/product_cat?post=5853"},{"taxonomy":"product_tag","embeddable":true,"href":"https:\/\/bluedoggenetics.com\/de\/wp-json\/wp\/v2\/product_tag?post=5853"}],"curies":[{"name":"wp","href":"https:\/\/api.w.org\/{rel}","templated":true}]}}