{"id":5851,"date":"2026-03-30T22:51:05","date_gmt":"2026-03-30T20:51:05","guid":{"rendered":"https:\/\/bluedoggenetics.com\/?post_type=product&#038;p=5851"},"modified":"2026-05-06T14:58:05","modified_gmt":"2026-05-06T12:58:05","slug":"ash-regular-seeds","status":"publish","type":"product","link":"https:\/\/bluedoggenetics.com\/de\/produkt\/regular\/ash-regular-seeds\/","title":{"rendered":"ASH Regular Seeds"},"content":{"rendered":"<p>ASH Regular Seeds von Mr Nice Seedbank ist eine sehr ausgewogene Genetik, die sich durch Robustheit und konstante Leistung auszeichnet. Sobald die Bl\u00fctephase begonnen hat (die etwa 8\u20139 Wochen dauert), entfaltet sie ihr volles Potenzial mit einem THC-Gehalt von 18\u201324 %. Es handelt sich um eine Hybridsorte, die in der Community sehr gesch\u00e4tzt wird.<\/p>\n<p><b>Blumenbild.<\/b> Die Bl\u00fcten von ASH Regular Seeds haben ein kompaktes Aussehen mit einer Schicht aus gl\u00e4nzendem Harz und wohlgeformten Bl\u00fctenkelchen. Ein optischer Genuss mit intensiven Aromen von Fr\u00fcchten, Gew\u00fcrzen und Skunk.<\/p>\n<p><b>Pflanzenmorphologie.<\/b> Diese Pflanze entwickelt eine mittelgro\u00dfe Struktur mit starken Seitenzweigen, die das Gewicht der Knospen tragen k\u00f6nnen. Diese Pflanze erreicht in Innenr\u00e4umen eine H\u00f6he von etwa 90\u2013120 cm und liefert einen gesch\u00e4tzten Ertrag von 400\u2013500 g\/m2.<\/p>\n<h3><b>Anbautipps<\/b><\/h3>\n<ul>\n<li><strong>Was ist das ideale Klima f\u00fcr den Anbau von ASH Regular Seeds ?<\/strong><br \/>Ideal f\u00fcr gem\u00e4\u00dfigtes Klima. Halten Sie die Temperaturen ohne gro\u00dfe Schwankungen aufrecht, um das Potenzial zu maximieren.<\/li>\n<li><strong>Welche Trainingstechniken funktionieren am besten mit ASH Regular Seeds ?<\/strong><br \/>Techniken wie apikales Beschneiden und LST eignen sich hervorragend zur Homogenisierung des Bl\u00e4tterdachs.<\/li>\n<li><strong>Welche Art der D\u00fcngung ben\u00f6tigt ASH Regular Seeds ?<\/strong><br \/>Es erfordert eine Standardern\u00e4hrung, wobei in der Endphase zus\u00e4tzliche Phosphorbeitr\u00e4ge zu sch\u00e4tzen sind.<\/li>\n<li><strong>Wie sollten Bew\u00e4sserung und Luftfeuchtigkeit f\u00fcr ASH Regular Seeds sein?<\/strong><br \/>M\u00e4\u00dfige Risiken. Vermeiden Sie Staun\u00e4sse, um Wurzelproblemen vorzubeugen.<\/li>\n<li><strong>Ist es notwendig, die ASH Regular Seeds -Pflanze zu beschneiden?<\/strong><br \/>Ja, eine gezielte Blattentfernung an den unteren Zweigen verbessert die Bel\u00fcftung.<\/li>\n<\/ul>","protected":false},"excerpt":{"rendered":"<p><strong>ASH Regular Seeds<\/strong> von Mr. Nice Seedbank. ASH Regular Seeds von Mr Nice Seedbank ist eine sehr ausgewogene Genetik, die sich durch Robustheit und konstante Leistung auszeichnet.<\/p>","protected":false},"featured_media":5125,"template":"","meta":{"_acf_changed":false,"inline_featured_image":false,"_wp_applaud_exclude":false},"product_brand":[291],"product_cat":[309],"product_tag":[],"class_list":{"0":"post-5851","1":"product","2":"type-product","3":"status-publish","4":"has-post-thumbnail","6":"product_brand-mr-nice-seedbank","7":"product_cat-regular","8":"pa_altura-exterior-150-180","9":"pa_altura-interior-90-120","10":"pa_beneficios-terapeuticos-alivio-del-dolor","11":"pa_beneficios-terapeuticos-aumento-del-apetito","12":"pa_cantidad-pack-18","13":"pa_clima-templado","14":"pa_cosecha-exterior-450-550","15":"pa_cosecha-interior-400-500","16":"pa_efectos-destacables-alegre","17":"pa_efectos-destacables-creativo","18":"pa_efectos-destacables-relajado","19":"pa_floracion-8-9","20":"pa_genetica-50-50","21":"pa_olor-moderado","22":"pa_sabores-y-olores-afrutado","23":"pa_sabores-y-olores-especias","24":"pa_sabores-y-olores-skunk","25":"pa_thc-18-24","26":"pa_variedad-hibrida","28":"first","29":"instock","30":"taxable","31":"shipping-taxable","32":"purchasable","33":"product-type-variable"},"acf":{"sticker":false,"family_tree":""},"yoast_head":"<!-- This site is optimized with the Yoast SEO plugin v26.5 - https:\/\/yoast.com\/wordpress\/plugins\/seo\/ -->\n<title>ASH Regular Seeds - BLUEDOG GENETICS Seeds<\/title>\n<meta name=\"description\" content=\"ASH Regular Seeds de Mr Nice Seedbank. Semillas con 18-24% de THC. Aromas a Afrutado, Especias, Skunk. Cosecha r\u00e1pida y grandes rendimientos. \u00a1Compra al me\" \/>\n<meta name=\"robots\" content=\"index, follow, max-snippet:-1, max-image-preview:large, max-video-preview:-1\" \/>\n<link rel=\"canonical\" href=\"https:\/\/bluedoggenetics.com\/de\/produkt\/regular\/ash-regular-seeds\/\" \/>\n<meta property=\"og:locale\" content=\"de_DE\" \/>\n<meta property=\"og:type\" content=\"article\" \/>\n<meta property=\"og:title\" content=\"ASH Regular Seeds - BLUEDOG GENETICS Seeds\" \/>\n<meta property=\"og:description\" content=\"ASH Regular Seeds de Mr Nice Seedbank. Semillas con 18-24% de THC. Aromas a Afrutado, Especias, Skunk. Cosecha r\u00e1pida y grandes rendimientos. \u00a1Compra al me\" \/>\n<meta property=\"og:url\" content=\"https:\/\/bluedoggenetics.com\/de\/produkt\/regular\/ash-regular-seeds\/\" \/>\n<meta property=\"og:site_name\" content=\"BLUEDOG GENETICS Seeds\" \/>\n<meta property=\"article:modified_time\" content=\"2026-05-06T12:58:05+00:00\" \/>\n<meta property=\"og:image\" content=\"https:\/\/bluedoggenetics.com\/wp-content\/uploads\/2026\/03\/139992_2195889_pimcore_1_2.jpg\" \/>\n\t<meta property=\"og:image:width\" content=\"340\" \/>\n\t<meta property=\"og:image:height\" content=\"360\" \/>\n\t<meta property=\"og:image:type\" content=\"image\/jpeg\" \/>\n<meta name=\"twitter:card\" content=\"summary_large_image\" \/>\n<meta name=\"twitter:label1\" content=\"Gesch\u00e4tzte Lesezeit\" \/>\n\t<meta name=\"twitter:data1\" content=\"1\u00a0Minute\" \/>\n<script type=\"application\/ld+json\" class=\"yoast-schema-graph\">{\"@context\":\"https:\/\/schema.org\",\"@graph\":[{\"@type\":[\"WebPage\",\"ItemPage\"],\"@id\":\"https:\/\/bluedoggenetics.com\/producto\/regular\/ash-regular-seeds\/\",\"url\":\"https:\/\/bluedoggenetics.com\/producto\/regular\/ash-regular-seeds\/\",\"name\":\"ASH Regular Seeds - BLUEDOG GENETICS Seeds\",\"isPartOf\":{\"@id\":\"https:\/\/bluedoggenetics.com\/de\/#website\"},\"primaryImageOfPage\":{\"@id\":\"https:\/\/bluedoggenetics.com\/producto\/regular\/ash-regular-seeds\/#primaryimage\"},\"image\":{\"@id\":\"https:\/\/bluedoggenetics.com\/producto\/regular\/ash-regular-seeds\/#primaryimage\"},\"thumbnailUrl\":\"https:\/\/bluedoggenetics.com\/wp-content\/uploads\/2026\/03\/139992_2195889_pimcore_1_2.jpg\",\"datePublished\":\"2026-03-30T20:51:05+00:00\",\"dateModified\":\"2026-05-06T12:58:05+00:00\",\"description\":\"ASH Regular Seeds de Mr Nice Seedbank. Semillas con 18-24% de THC. Aromas a Afrutado, Especias, Skunk. Cosecha r\u00e1pida y grandes rendimientos. \u00a1Compra al me\",\"breadcrumb\":{\"@id\":\"https:\/\/bluedoggenetics.com\/producto\/regular\/ash-regular-seeds\/#breadcrumb\"},\"inLanguage\":\"de\",\"potentialAction\":[{\"@type\":\"ReadAction\",\"target\":[\"https:\/\/bluedoggenetics.com\/producto\/regular\/ash-regular-seeds\/\"]}]},{\"@type\":\"ImageObject\",\"inLanguage\":\"de\",\"@id\":\"https:\/\/bluedoggenetics.com\/producto\/regular\/ash-regular-seeds\/#primaryimage\",\"url\":\"https:\/\/bluedoggenetics.com\/wp-content\/uploads\/2026\/03\/139992_2195889_pimcore_1_2.jpg\",\"contentUrl\":\"https:\/\/bluedoggenetics.com\/wp-content\/uploads\/2026\/03\/139992_2195889_pimcore_1_2.jpg\",\"width\":340,\"height\":360},{\"@type\":\"BreadcrumbList\",\"@id\":\"https:\/\/bluedoggenetics.com\/producto\/regular\/ash-regular-seeds\/#breadcrumb\",\"itemListElement\":[{\"@type\":\"ListItem\",\"position\":1,\"name\":\"Portada\",\"item\":\"https:\/\/bluedoggenetics.com\/\"},{\"@type\":\"ListItem\",\"position\":2,\"name\":\"Tienda\",\"item\":\"https:\/\/bluedoggenetics.com\/fr\/tienda\/\"},{\"@type\":\"ListItem\",\"position\":3,\"name\":\"ASH Regular Seeds\"}]},{\"@type\":\"WebSite\",\"@id\":\"https:\/\/bluedoggenetics.com\/de\/#website\",\"url\":\"https:\/\/bluedoggenetics.com\/de\/\",\"name\":\"BLUEDOG GENETICS Seeds\",\"description\":\"Compara y compra las mejores semillas de cannabis. Feminizadas, Autoflorecientes, CBD.\",\"publisher\":{\"@id\":\"https:\/\/bluedoggenetics.com\/de\/#organization\"},\"alternateName\":\"BLUEDOG GENETICS\",\"potentialAction\":[{\"@type\":\"SearchAction\",\"target\":{\"@type\":\"EntryPoint\",\"urlTemplate\":\"https:\/\/bluedoggenetics.com\/de\/?s={search_term_string}\"},\"query-input\":{\"@type\":\"PropertyValueSpecification\",\"valueRequired\":true,\"valueName\":\"search_term_string\"}}],\"inLanguage\":\"de\"},{\"@type\":\"Organization\",\"@id\":\"https:\/\/bluedoggenetics.com\/de\/#organization\",\"name\":\"BLUEDOG GENETICS\",\"url\":\"https:\/\/bluedoggenetics.com\/de\/\",\"logo\":{\"@type\":\"ImageObject\",\"inLanguage\":\"de\",\"@id\":\"https:\/\/bluedoggenetics.com\/de\/#\/schema\/logo\/image\/\",\"url\":\"https:\/\/bluedoggenetics.com\/wp-content\/uploads\/2024\/11\/appIcon.png\",\"contentUrl\":\"https:\/\/bluedoggenetics.com\/wp-content\/uploads\/2024\/11\/appIcon.png\",\"width\":1024,\"height\":1024,\"caption\":\"BLUEDOG GENETICS\"},\"image\":{\"@id\":\"https:\/\/bluedoggenetics.com\/de\/#\/schema\/logo\/image\/\"},\"sameAs\":[\"https:\/\/www.instagram.com\/bluedog.genetics\/\"]}]}<\/script>\n<!-- \/ Yoast SEO plugin. -->","yoast_head_json":{"title":"ASH Regular Seeds - BLUEDOG GENETICS-Samen","description":"ASH Regular Seeds von Mr Nice Seedbank. Samen mit 18\u201324 % THC. Aromen von Frucht, Gew\u00fcrzen und Skunk. Schnelle Ernte und tolle Ertr\u00e4ge. Kaufen Sie bei mir","robots":{"index":"index","follow":"follow","max-snippet":"max-snippet:-1","max-image-preview":"max-image-preview:large","max-video-preview":"max-video-preview:-1"},"canonical":"https:\/\/bluedoggenetics.com\/de\/produkt\/regular\/ash-regular-seeds\/","og_locale":"de_DE","og_type":"article","og_title":"ASH Regular Seeds - BLUEDOG GENETICS Seeds","og_description":"ASH Regular Seeds de Mr Nice Seedbank. Semillas con 18-24% de THC. Aromas a Afrutado, Especias, Skunk. Cosecha r\u00e1pida y grandes rendimientos. \u00a1Compra al me","og_url":"https:\/\/bluedoggenetics.com\/de\/produkt\/regular\/ash-regular-seeds\/","og_site_name":"BLUEDOG GENETICS Seeds","article_modified_time":"2026-05-06T12:58:05+00:00","og_image":[{"width":340,"height":360,"url":"https:\/\/bluedoggenetics.com\/wp-content\/uploads\/2026\/03\/139992_2195889_pimcore_1_2.jpg","type":"image\/jpeg"}],"twitter_card":"summary_large_image","twitter_misc":{"Gesch\u00e4tzte Lesezeit":"1\u00a0Minute"},"schema":{"@context":"https:\/\/schema.org","@graph":[{"@type":["WebPage","ItemPage"],"@id":"https:\/\/bluedoggenetics.com\/producto\/regular\/ash-regular-seeds\/","url":"https:\/\/bluedoggenetics.com\/producto\/regular\/ash-regular-seeds\/","name":"ASH Regular Seeds - BLUEDOG GENETICS-Samen","isPartOf":{"@id":"https:\/\/bluedoggenetics.com\/de\/#website"},"primaryImageOfPage":{"@id":"https:\/\/bluedoggenetics.com\/producto\/regular\/ash-regular-seeds\/#primaryimage"},"image":{"@id":"https:\/\/bluedoggenetics.com\/producto\/regular\/ash-regular-seeds\/#primaryimage"},"thumbnailUrl":"https:\/\/bluedoggenetics.com\/wp-content\/uploads\/2026\/03\/139992_2195889_pimcore_1_2.jpg","datePublished":"2026-03-30T20:51:05+00:00","dateModified":"2026-05-06T12:58:05+00:00","description":"ASH Regular Seeds von Mr Nice Seedbank. Samen mit 18\u201324 % THC. Aromen von Frucht, Gew\u00fcrzen und Skunk. Schnelle Ernte und tolle Ertr\u00e4ge. Kaufen Sie bei mir","breadcrumb":{"@id":"https:\/\/bluedoggenetics.com\/producto\/regular\/ash-regular-seeds\/#breadcrumb"},"inLanguage":"de","potentialAction":[{"@type":"ReadAction","target":["https:\/\/bluedoggenetics.com\/producto\/regular\/ash-regular-seeds\/"]}]},{"@type":"ImageObject","inLanguage":"de","@id":"https:\/\/bluedoggenetics.com\/producto\/regular\/ash-regular-seeds\/#primaryimage","url":"https:\/\/bluedoggenetics.com\/wp-content\/uploads\/2026\/03\/139992_2195889_pimcore_1_2.jpg","contentUrl":"https:\/\/bluedoggenetics.com\/wp-content\/uploads\/2026\/03\/139992_2195889_pimcore_1_2.jpg","width":340,"height":360},{"@type":"BreadcrumbList","@id":"https:\/\/bluedoggenetics.com\/producto\/regular\/ash-regular-seeds\/#breadcrumb","itemListElement":[{"@type":"ListItem","position":1,"name":"Portada","item":"https:\/\/bluedoggenetics.com\/"},{"@type":"ListItem","position":2,"name":"Tienda","item":"https:\/\/bluedoggenetics.com\/fr\/tienda\/"},{"@type":"ListItem","position":3,"name":"ASH Regular Seeds"}]},{"@type":"WebSite","@id":"https:\/\/bluedoggenetics.com\/de\/#website","url":"https:\/\/bluedoggenetics.com\/de\/","name":"BLUEDOG GENETICS Seeds","description":"Vergleiche und kaufe die besten Hanfsamen. Feminisiert, Autoflowering, CBD.","publisher":{"@id":"https:\/\/bluedoggenetics.com\/de\/#organization"},"alternateName":"BLUEDOG GENETICS","potentialAction":[{"@type":"SearchAction","target":{"@type":"EntryPoint","urlTemplate":"https:\/\/bluedoggenetics.com\/de\/?s={search_term_string}"},"query-input":{"@type":"PropertyValueSpecification","valueRequired":true,"valueName":"search_term_string"}}],"inLanguage":"de"},{"@type":"Organization","@id":"https:\/\/bluedoggenetics.com\/de\/#organization","name":"BLUEDOG GENETICS","url":"https:\/\/bluedoggenetics.com\/de\/","logo":{"@type":"ImageObject","inLanguage":"de","@id":"https:\/\/bluedoggenetics.com\/de\/#\/schema\/logo\/image\/","url":"https:\/\/bluedoggenetics.com\/wp-content\/uploads\/2024\/11\/appIcon.png","contentUrl":"https:\/\/bluedoggenetics.com\/wp-content\/uploads\/2024\/11\/appIcon.png","width":1024,"height":1024,"caption":"BLUEDOG GENETICS"},"image":{"@id":"https:\/\/bluedoggenetics.com\/de\/#\/schema\/logo\/image\/"},"sameAs":["https:\/\/www.instagram.com\/bluedog.genetics\/"]}]}},"sticker_url":null,"variations_full":[{"id":5860,"price":57,"regular_price":57,"attributes":{"attribute_pa_cantidad":"pack-18"},"image_src":"https:\/\/bluedoggenetics.com\/wp-content\/uploads\/2026\/03\/139992_2195889_pimcore_1_2.jpg","is_in_stock":true}],"jetpack_sharing_enabled":true,"_links":{"self":[{"href":"https:\/\/bluedoggenetics.com\/de\/wp-json\/wp\/v2\/product\/5851","targetHints":{"allow":["GET"]}}],"collection":[{"href":"https:\/\/bluedoggenetics.com\/de\/wp-json\/wp\/v2\/product"}],"about":[{"href":"https:\/\/bluedoggenetics.com\/de\/wp-json\/wp\/v2\/types\/product"}],"wp:featuredmedia":[{"embeddable":true,"href":"https:\/\/bluedoggenetics.com\/de\/wp-json\/wp\/v2\/media\/5125"}],"wp:attachment":[{"href":"https:\/\/bluedoggenetics.com\/de\/wp-json\/wp\/v2\/media?parent=5851"}],"wp:term":[{"taxonomy":"product_brand","embeddable":true,"href":"https:\/\/bluedoggenetics.com\/de\/wp-json\/wp\/v2\/product_brand?post=5851"},{"taxonomy":"product_cat","embeddable":true,"href":"https:\/\/bluedoggenetics.com\/de\/wp-json\/wp\/v2\/product_cat?post=5851"},{"taxonomy":"product_tag","embeddable":true,"href":"https:\/\/bluedoggenetics.com\/de\/wp-json\/wp\/v2\/product_tag?post=5851"}],"curies":[{"name":"wp","href":"https:\/\/api.w.org\/{rel}","templated":true}]}}