{"id":4801,"date":"2026-03-27T19:56:32","date_gmt":"2026-03-27T18:56:32","guid":{"rendered":"https:\/\/bluedoggenetics.com\/?post_type=product&#038;p=4801"},"modified":"2026-05-06T14:57:35","modified_gmt":"2026-05-06T12:57:35","slug":"amnesia-flash-auto","status":"publish","type":"product","link":"https:\/\/bluedoggenetics.com\/de\/produkt\/samen\/autoflowering\/amnesia-flash-auto\/","title":{"rendered":"Amnesia Flash Auto"},"content":{"rendered":"<p>Samen anbauen <strong>Amnesia Blitz<\/strong> ist es, den Erfolg in Ihrem Garten zu garantieren. Dieses genetische Biest von Anesia Seeds ist darauf ausgelegt, enorme Ertr\u00e4ge zu liefern, ohne dabei Abstriche bei der Qualit\u00e4t zu machen. Im Indoor-Anbau k\u00f6nnen ihre dichten Bl\u00fctenstrukturen unter optimalen Bedingungen m\u00fchelos mehr als 600 g\/m\u00b2 wiegen. Wenn Sie ihn im Freien in der vollen Sonne pflanzen m\u00f6chten, k\u00f6nnen Sie zusehen, wie sich jedes Exemplar in einen wirklich produktiven Baum verwandelt, der dank seiner unbestreitbaren Robustheit dem rauen Wetter stoisch standh\u00e4lt.<\/p>\n<p>Beim Probieren <strong>Amnesia Blitz<\/strong>, die Reise beginnt mit dem ersten Zug. Sein enormer Anteil an Cannabinoiden l\u00f6st eine kraftvolle Welle von zerebralem Euforia , kreativer Energie und unvergleichlichem Gl\u00fcck aus. Es handelt sich um ein lang anhaltendes, intensives Erlebnis, das jenen Erzeugern und Verbrauchern vorbehalten ist, die eine Qualit\u00e4t suchen, die an Kommerz grenzt, aber die Seele einer echten \u201eBoutique\u201c hat. Genetik.<\/p>\n<p><b>Blumenbild.<\/b> Die Knospen dieses Edelsteins sind optisch spektakul\u00e4r: extrem dicht, schwer wie Steine \u200b\u200bund mit einer so dicken Harzschicht bedeckt, dass sie wie gefroren wirken. Ihre Bl\u00fctenkelche zeigen ein intensives Gr\u00fcn, das sich bei K\u00e4lte violett verf\u00e4rbt und sich deutlich vom Schneefall der kristallinen Trichome abhebt.<\/p>\n<p><b>Pflanzenmorphologie.<\/b> <strong>Amnesia Blitz<\/strong> Schon in den ersten Lebenswochen zeigt es ein kr\u00e4ftiges Wachstum. Ihre Struktur ist stark, mit einem perfekten Abstand zwischen den Knoten, damit das Licht bis zu den untersten Bl\u00fcten vordringen kann, w\u00e4hrend ihr Hauptzweig mit majest\u00e4tischer Gr\u00f6\u00dfe dominiert.<\/p>\n<h3><b>Anbautipps<\/b><\/h3>\n<ul>\n<li><strong>Was ist das ideale Klima f\u00fcr den Anbau von Amnesia Flash?<\/strong>\n<p>Sie sch\u00e4tzt sonniges, trockenes und warmes Klima \u00e4hnlich dem Mittelmeer sehr. Ihre solide Genetik verleiht ihr jedoch eine gro\u00dfe Widerstandsf\u00e4higkeit gegen\u00fcber leichten Temperaturabf\u00e4llen.<\/li>\n<li><strong>Welche Trainingstechniken funktionieren am besten mit Amnesia Flash?<\/strong>\n<p>Um die Leistung optimal zu nutzen, wenden Sie Low-Stress-Methoden (LST) oder Techniken wie SCROG an, um ein ebenes Bl\u00e4tterdach zu schaffen, in dem alle Zweige direktes Licht erhalten.<\/li>\n<li><strong>Welche Art der D\u00fcngung ben\u00f6tigt Amnesia Flash?<\/strong>\n<p>Da es sich um einen Superproduzenten handelt, ist eine starke Ern\u00e4hrung erforderlich. Unterst\u00fctzen Sie ihn w\u00e4hrend der Mastphase mit organischen Nahrungserg\u00e4nzungsmitteln, die reich an Phosphor und Kalium sind, um die Gr\u00f6\u00dfe und den Geschmack seiner Bl\u00fctenkelche zu verbessern.<\/li>\n<li><strong>Wie sollten Bew\u00e4sserung und Luftfeuchtigkeit f\u00fcr Amnesia Flash sein?<\/strong>\n<p>Sorgen Sie f\u00fcr ausreichend Wasser, lassen Sie das Substrat jedoch zwischen den Wassergaben immer leicht antrocknen. Halten Sie in der letzten Bl\u00fctephase die Luftfeuchtigkeit unter 45 %, um Problemen mit den kompakten Bl\u00fcten vorzubeugen.<\/li>\n<li><strong>Ist es notwendig, die Amnesia Flash-Pflanze zu beschneiden?<\/strong>\n<p>Definitiv. Durch einen geringen R\u00fcckschnitt (Lollipopping) vor Beginn der Bl\u00fcte und das Entfernen von Zweigen, die kein Licht erhalten, wird die gesamte Energie der Pflanze in Richtung der Hauptkrone geleitet.<\/li>\n<\/ul>","protected":false},"excerpt":{"rendered":"<p><strong>Amnesia Flash Auto<\/strong> von Anesia Seeds ist ein Meisterwerk der aktuellen Cannabisz\u00fcchtung. Dieser feminisierte Samen (<strong>Sativa<\/strong>) ist daf\u00fcr bekannt, bekannte Grenzen zu \u00fcberschreiten und atemberaubende THC-Werte zu erreichen <strong>26-30%<\/strong>. Aufgrund ihrer extremen Kraft, Widerstandsf\u00e4higkeit und ihres \u00fcberw\u00e4ltigenden Terpenprofils ist sie zu einer der gefragtesten und am erfolgreichsten angebauten Genetiken weltweit geworden. Ideal f\u00fcr alle, die ein Maximum an Leistung und Produktion verlangen.<\/p>","protected":false},"featured_media":3056,"template":"","meta":{"_acf_changed":false,"inline_featured_image":false,"_wp_applaud_exclude":false},"product_brand":[197],"product_cat":[21],"product_tag":[],"class_list":{"0":"post-4801","1":"product","2":"type-product","3":"status-publish","4":"has-post-thumbnail","6":"product_brand-anesia-seeds","7":"product_cat-autoflorecientes","8":"pa_altura-exterior-180-200","9":"pa_altura-interior-120-150","10":"pa_beneficios-terapeuticos-alivio-de-ansiedad","11":"pa_beneficios-terapeuticos-aumento-del-apetito","12":"pa_cantidad-pack-10","13":"pa_cantidad-pack-3","14":"pa_cantidad-pack-5","15":"pa_clima-calido","16":"pa_cosecha-exterior-750-850","17":"pa_cosecha-interior-550-650","18":"pa_efectos-destacables-activo","19":"pa_efectos-destacables-alegre","20":"pa_efectos-destacables-creativo","21":"pa_efectos-destacables-euforico","22":"pa_floracion-9-10","23":"pa_genetica-20-80","24":"pa_olor-intenso","25":"pa_sabores-y-olores-citrico","26":"pa_sabores-y-olores-especias","27":"pa_sabores-y-olores-floral","28":"pa_thc-26-30","29":"pa_variedad-mayormente-sativa","30":"pa_variedad-sativa","32":"first","33":"instock","34":"taxable","35":"shipping-taxable","36":"purchasable","37":"product-type-variable"},"acf":{"sticker":"https:\/\/bluedoggenetics.com\/wp-content\/uploads\/2026\/03\/anesia.webp","family_tree":""},"yoast_head":"<!-- This site is optimized with the Yoast SEO plugin v26.5 - https:\/\/yoast.com\/wordpress\/plugins\/seo\/ -->\n<title>Amnesia Flash Auto Auto de Anesia Seeds - BLUEDOG GENETICS Seeds<\/title>\n<meta name=\"description\" content=\"Amnesia Flash Auto de Anesia Seeds: la Sativa con 27% de THC y aroma a lim\u00f3n y especias. Floraci\u00f3n r\u00e1pida y efecto cerebral potente. \u00a1Compra tus semillas ahora!\" \/>\n<meta name=\"robots\" content=\"index, follow, max-snippet:-1, max-image-preview:large, max-video-preview:-1\" \/>\n<link rel=\"canonical\" href=\"https:\/\/bluedoggenetics.com\/de\/produkt\/autoflowering\/amnesia-flash-auto\/\" \/>\n<meta property=\"og:locale\" content=\"de_DE\" \/>\n<meta property=\"og:type\" content=\"article\" \/>\n<meta property=\"og:title\" content=\"Amnesia Flash Auto Auto de Anesia Seeds - BLUEDOG GENETICS Seeds\" \/>\n<meta property=\"og:description\" content=\"Amnesia Flash Auto de Anesia Seeds: la Sativa con 27% de THC y aroma a lim\u00f3n y especias. Floraci\u00f3n r\u00e1pida y efecto cerebral potente. \u00a1Compra tus semillas ahora!\" \/>\n<meta property=\"og:url\" content=\"https:\/\/bluedoggenetics.com\/de\/produkt\/autoflowering\/amnesia-flash-auto\/\" \/>\n<meta property=\"og:site_name\" content=\"BLUEDOG GENETICS Seeds\" \/>\n<meta property=\"article:modified_time\" content=\"2026-05-06T12:57:35+00:00\" \/>\n<meta property=\"og:image\" content=\"https:\/\/bluedoggenetics.com\/wp-content\/uploads\/2026\/03\/Amnesia-Flash-600x800-1-300x400-1.jpg\" \/>\n\t<meta property=\"og:image:width\" content=\"300\" \/>\n\t<meta property=\"og:image:height\" content=\"400\" \/>\n\t<meta property=\"og:image:type\" content=\"image\/jpeg\" \/>\n<meta name=\"twitter:card\" content=\"summary_large_image\" \/>\n<meta name=\"twitter:label1\" content=\"Gesch\u00e4tzte Lesezeit\" \/>\n\t<meta name=\"twitter:data1\" content=\"3\u00a0Minuten\" \/>\n<script type=\"application\/ld+json\" class=\"yoast-schema-graph\">{\"@context\":\"https:\/\/schema.org\",\"@graph\":[{\"@type\":[\"WebPage\",\"ItemPage\"],\"@id\":\"https:\/\/bluedoggenetics.com\/producto\/autoflorecientes\/amnesia-flash-auto\/\",\"url\":\"https:\/\/bluedoggenetics.com\/producto\/autoflorecientes\/amnesia-flash-auto\/\",\"name\":\"Amnesia Flash Auto Auto de Anesia Seeds - BLUEDOG GENETICS Seeds\",\"isPartOf\":{\"@id\":\"https:\/\/bluedoggenetics.com\/de\/#website\"},\"primaryImageOfPage\":{\"@id\":\"https:\/\/bluedoggenetics.com\/producto\/autoflorecientes\/amnesia-flash-auto\/#primaryimage\"},\"image\":{\"@id\":\"https:\/\/bluedoggenetics.com\/producto\/autoflorecientes\/amnesia-flash-auto\/#primaryimage\"},\"thumbnailUrl\":\"https:\/\/bluedoggenetics.com\/wp-content\/uploads\/2026\/03\/Amnesia-Flash-600x800-1-300x400-1.jpg\",\"datePublished\":\"2026-03-27T18:56:32+00:00\",\"dateModified\":\"2026-05-06T12:57:35+00:00\",\"description\":\"Amnesia Flash Auto de Anesia Seeds: la Sativa con 27% de THC y aroma a lim\u00f3n y especias. Floraci\u00f3n r\u00e1pida y efecto cerebral potente. \u00a1Compra tus semillas ahora!\",\"breadcrumb\":{\"@id\":\"https:\/\/bluedoggenetics.com\/producto\/autoflorecientes\/amnesia-flash-auto\/#breadcrumb\"},\"inLanguage\":\"de\",\"potentialAction\":[{\"@type\":\"ReadAction\",\"target\":[\"https:\/\/bluedoggenetics.com\/producto\/autoflorecientes\/amnesia-flash-auto\/\"]}]},{\"@type\":\"ImageObject\",\"inLanguage\":\"de\",\"@id\":\"https:\/\/bluedoggenetics.com\/producto\/autoflorecientes\/amnesia-flash-auto\/#primaryimage\",\"url\":\"https:\/\/bluedoggenetics.com\/wp-content\/uploads\/2026\/03\/Amnesia-Flash-600x800-1-300x400-1.jpg\",\"contentUrl\":\"https:\/\/bluedoggenetics.com\/wp-content\/uploads\/2026\/03\/Amnesia-Flash-600x800-1-300x400-1.jpg\",\"width\":300,\"height\":400,\"caption\":\"Amnesia Flash Auto de Anesia Seeds\"},{\"@type\":\"BreadcrumbList\",\"@id\":\"https:\/\/bluedoggenetics.com\/producto\/autoflorecientes\/amnesia-flash-auto\/#breadcrumb\",\"itemListElement\":[{\"@type\":\"ListItem\",\"position\":1,\"name\":\"Portada\",\"item\":\"https:\/\/bluedoggenetics.com\/\"},{\"@type\":\"ListItem\",\"position\":2,\"name\":\"Tienda\",\"item\":\"https:\/\/bluedoggenetics.com\/fr\/tienda\/\"},{\"@type\":\"ListItem\",\"position\":3,\"name\":\"Amnesia Flash Auto\"}]},{\"@type\":\"WebSite\",\"@id\":\"https:\/\/bluedoggenetics.com\/de\/#website\",\"url\":\"https:\/\/bluedoggenetics.com\/de\/\",\"name\":\"BLUEDOG GENETICS Seeds\",\"description\":\"Compara y compra las mejores semillas de cannabis. Feminizadas, Autoflorecientes, CBD.\",\"publisher\":{\"@id\":\"https:\/\/bluedoggenetics.com\/de\/#organization\"},\"alternateName\":\"BLUEDOG GENETICS\",\"potentialAction\":[{\"@type\":\"SearchAction\",\"target\":{\"@type\":\"EntryPoint\",\"urlTemplate\":\"https:\/\/bluedoggenetics.com\/de\/?s={search_term_string}\"},\"query-input\":{\"@type\":\"PropertyValueSpecification\",\"valueRequired\":true,\"valueName\":\"search_term_string\"}}],\"inLanguage\":\"de\"},{\"@type\":\"Organization\",\"@id\":\"https:\/\/bluedoggenetics.com\/de\/#organization\",\"name\":\"BLUEDOG GENETICS\",\"url\":\"https:\/\/bluedoggenetics.com\/de\/\",\"logo\":{\"@type\":\"ImageObject\",\"inLanguage\":\"de\",\"@id\":\"https:\/\/bluedoggenetics.com\/de\/#\/schema\/logo\/image\/\",\"url\":\"https:\/\/bluedoggenetics.com\/wp-content\/uploads\/2024\/11\/appIcon.png\",\"contentUrl\":\"https:\/\/bluedoggenetics.com\/wp-content\/uploads\/2024\/11\/appIcon.png\",\"width\":1024,\"height\":1024,\"caption\":\"BLUEDOG GENETICS\"},\"image\":{\"@id\":\"https:\/\/bluedoggenetics.com\/de\/#\/schema\/logo\/image\/\"},\"sameAs\":[\"https:\/\/www.instagram.com\/bluedog.genetics\/\"]}]}<\/script>\n<!-- \/ Yoast SEO plugin. -->","yoast_head_json":{"title":"Amnesia Flash Auto Auto von Anesia Seeds - BLUEDOG GENETICS Seeds","description":"Amnesia Flash Auto von Anesia Seeds: die Sativa mit 27 % THC und einem Aroma von Zitrone und Gew\u00fcrzen. Schnelle Bl\u00fcte und starke zerebrale Wirkung. Kaufen Sie jetzt Ihre Samen!","robots":{"index":"index","follow":"follow","max-snippet":"max-snippet:-1","max-image-preview":"max-image-preview:large","max-video-preview":"max-video-preview:-1"},"canonical":"https:\/\/bluedoggenetics.com\/de\/produkt\/autoflowering\/amnesia-flash-auto\/","og_locale":"de_DE","og_type":"article","og_title":"Amnesia Flash Auto Auto de Anesia Seeds - BLUEDOG GENETICS Seeds","og_description":"Amnesia Flash Auto de Anesia Seeds: la Sativa con 27% de THC y aroma a lim\u00f3n y especias. Floraci\u00f3n r\u00e1pida y efecto cerebral potente. \u00a1Compra tus semillas ahora!","og_url":"https:\/\/bluedoggenetics.com\/de\/produkt\/autoflowering\/amnesia-flash-auto\/","og_site_name":"BLUEDOG GENETICS Seeds","article_modified_time":"2026-05-06T12:57:35+00:00","og_image":[{"width":300,"height":400,"url":"https:\/\/bluedoggenetics.com\/wp-content\/uploads\/2026\/03\/Amnesia-Flash-600x800-1-300x400-1.jpg","type":"image\/jpeg"}],"twitter_card":"summary_large_image","twitter_misc":{"Gesch\u00e4tzte Lesezeit":"3\u00a0Minuten"},"schema":{"@context":"https:\/\/schema.org","@graph":[{"@type":["WebPage","ItemPage"],"@id":"https:\/\/bluedoggenetics.com\/producto\/autoflorecientes\/amnesia-flash-auto\/","url":"https:\/\/bluedoggenetics.com\/producto\/autoflorecientes\/amnesia-flash-auto\/","name":"Amnesia Flash Auto Auto von Anesia Seeds - BLUEDOG GENETICS Seeds","isPartOf":{"@id":"https:\/\/bluedoggenetics.com\/de\/#website"},"primaryImageOfPage":{"@id":"https:\/\/bluedoggenetics.com\/producto\/autoflorecientes\/amnesia-flash-auto\/#primaryimage"},"image":{"@id":"https:\/\/bluedoggenetics.com\/producto\/autoflorecientes\/amnesia-flash-auto\/#primaryimage"},"thumbnailUrl":"https:\/\/bluedoggenetics.com\/wp-content\/uploads\/2026\/03\/Amnesia-Flash-600x800-1-300x400-1.jpg","datePublished":"2026-03-27T18:56:32+00:00","dateModified":"2026-05-06T12:57:35+00:00","description":"Amnesia Flash Auto von Anesia Seeds: die Sativa mit 27 % THC und einem Aroma von Zitrone und Gew\u00fcrzen. Schnelle Bl\u00fcte und starke zerebrale Wirkung. Kaufen Sie jetzt Ihre Samen!","breadcrumb":{"@id":"https:\/\/bluedoggenetics.com\/producto\/autoflorecientes\/amnesia-flash-auto\/#breadcrumb"},"inLanguage":"de","potentialAction":[{"@type":"ReadAction","target":["https:\/\/bluedoggenetics.com\/producto\/autoflorecientes\/amnesia-flash-auto\/"]}]},{"@type":"ImageObject","inLanguage":"de","@id":"https:\/\/bluedoggenetics.com\/producto\/autoflorecientes\/amnesia-flash-auto\/#primaryimage","url":"https:\/\/bluedoggenetics.com\/wp-content\/uploads\/2026\/03\/Amnesia-Flash-600x800-1-300x400-1.jpg","contentUrl":"https:\/\/bluedoggenetics.com\/wp-content\/uploads\/2026\/03\/Amnesia-Flash-600x800-1-300x400-1.jpg","width":300,"height":400,"caption":"Amnesia Flash Auto de Anesia Seeds"},{"@type":"BreadcrumbList","@id":"https:\/\/bluedoggenetics.com\/producto\/autoflorecientes\/amnesia-flash-auto\/#breadcrumb","itemListElement":[{"@type":"ListItem","position":1,"name":"Portada","item":"https:\/\/bluedoggenetics.com\/"},{"@type":"ListItem","position":2,"name":"Tienda","item":"https:\/\/bluedoggenetics.com\/fr\/tienda\/"},{"@type":"ListItem","position":3,"name":"Amnesia Flash Auto"}]},{"@type":"WebSite","@id":"https:\/\/bluedoggenetics.com\/de\/#website","url":"https:\/\/bluedoggenetics.com\/de\/","name":"BLUEDOG GENETICS Seeds","description":"Vergleiche und kaufe die besten Hanfsamen. Feminisiert, Autoflowering, CBD.","publisher":{"@id":"https:\/\/bluedoggenetics.com\/de\/#organization"},"alternateName":"BLUEDOG GENETICS","potentialAction":[{"@type":"SearchAction","target":{"@type":"EntryPoint","urlTemplate":"https:\/\/bluedoggenetics.com\/de\/?s={search_term_string}"},"query-input":{"@type":"PropertyValueSpecification","valueRequired":true,"valueName":"search_term_string"}}],"inLanguage":"de"},{"@type":"Organization","@id":"https:\/\/bluedoggenetics.com\/de\/#organization","name":"BLUEDOG GENETICS","url":"https:\/\/bluedoggenetics.com\/de\/","logo":{"@type":"ImageObject","inLanguage":"de","@id":"https:\/\/bluedoggenetics.com\/de\/#\/schema\/logo\/image\/","url":"https:\/\/bluedoggenetics.com\/wp-content\/uploads\/2024\/11\/appIcon.png","contentUrl":"https:\/\/bluedoggenetics.com\/wp-content\/uploads\/2024\/11\/appIcon.png","width":1024,"height":1024,"caption":"BLUEDOG GENETICS"},"image":{"@id":"https:\/\/bluedoggenetics.com\/de\/#\/schema\/logo\/image\/"},"sameAs":["https:\/\/www.instagram.com\/bluedog.genetics\/"]}]}},"sticker_url":"https:\/\/bluedoggenetics.com\/wp-content\/uploads\/2026\/03\/anesia.webp","variations_full":[{"id":4811,"price":22,"regular_price":22,"attributes":{"attribute_pa_cantidad":"pack-3"},"image_src":"https:\/\/bluedoggenetics.com\/wp-content\/uploads\/2026\/03\/Amnesia-Flash-600x800-1-300x400-1.jpg","is_in_stock":true},{"id":4812,"price":34.5,"regular_price":34.5,"attributes":{"attribute_pa_cantidad":"pack-5"},"image_src":"https:\/\/bluedoggenetics.com\/wp-content\/uploads\/2026\/03\/Amnesia-Flash-600x800-1-300x400-1.jpg","is_in_stock":true},{"id":4813,"price":62,"regular_price":62,"attributes":{"attribute_pa_cantidad":"pack-10"},"image_src":"https:\/\/bluedoggenetics.com\/wp-content\/uploads\/2026\/03\/Amnesia-Flash-600x800-1-300x400-1.jpg","is_in_stock":true}],"jetpack_sharing_enabled":true,"_links":{"self":[{"href":"https:\/\/bluedoggenetics.com\/de\/wp-json\/wp\/v2\/product\/4801","targetHints":{"allow":["GET"]}}],"collection":[{"href":"https:\/\/bluedoggenetics.com\/de\/wp-json\/wp\/v2\/product"}],"about":[{"href":"https:\/\/bluedoggenetics.com\/de\/wp-json\/wp\/v2\/types\/product"}],"wp:featuredmedia":[{"embeddable":true,"href":"https:\/\/bluedoggenetics.com\/de\/wp-json\/wp\/v2\/media\/3056"}],"wp:attachment":[{"href":"https:\/\/bluedoggenetics.com\/de\/wp-json\/wp\/v2\/media?parent=4801"}],"wp:term":[{"taxonomy":"product_brand","embeddable":true,"href":"https:\/\/bluedoggenetics.com\/de\/wp-json\/wp\/v2\/product_brand?post=4801"},{"taxonomy":"product_cat","embeddable":true,"href":"https:\/\/bluedoggenetics.com\/de\/wp-json\/wp\/v2\/product_cat?post=4801"},{"taxonomy":"product_tag","embeddable":true,"href":"https:\/\/bluedoggenetics.com\/de\/wp-json\/wp\/v2\/product_tag?post=4801"}],"curies":[{"name":"wp","href":"https:\/\/api.w.org\/{rel}","templated":true}]}}