{"id":479,"date":"2024-09-30T16:14:42","date_gmt":"2024-09-30T14:14:42","guid":{"rendered":"http:\/\/54.38.241.25\/?post_type=product&#038;p=479"},"modified":"2026-04-11T15:16:48","modified_gmt":"2026-04-11T13:16:48","slug":"florida-mintz-feminisierte-cannabissamen","status":"publish","type":"product","link":"https:\/\/bluedoggenetics.com\/de\/produkt\/feminisierte\/florida-mintz-feminisierte-cannabissamen\/","title":{"rendered":"Florida Mintz"},"content":{"rendered":"<p class=\"translation-block\">Die Cannabissamen <a href=\"https:\/\/es.seedfinder.eu\/strain-info\/Florida_Mintz\/Bluedog_Genetics\/\" target=\"_self\"><strong>Florida Mintz<\/strong><\/a> bl\u00fchen in 8 bis 9 Wochen und liefern einen gro\u00dfartigen Ertrag: 350 bis 450 Gramm pro Quadratmeter im Innenbereich, sogar die gleiche Menge pro Pflanze im Au\u00dfenbereich. Mit einem THC-Gehalt von 18 % bis 24 % garantiert diese Sorte eine kraftvolle Kombination aus tiefer Entspannung und Euphorie. Der Geschmack ist eine Explosion aus frischer Minze, gemischt mit S\u00fc\u00dfe, erdigen und w\u00fcrzigen Noten sowie einem Zitrushauch, der den perfekten Abschluss bildet. Ideal, um sich nach einem langen Tag zu entspannen, ein gutes Essen zu genie\u00dfen oder einfach die Stimmung an ruhigen Abenden zu heben.<br>\n<strong>Florida Mintz<\/strong> passt sich perfekt an und bietet eine einfache Kultivierung, selbst f\u00fcr Anf\u00e4nger. Dar\u00fcber hinaus zeichnet sie sich durch einen hohen Ertrag aus, mit einer schnellen Produktion, die in kurzer Zeit reichliche Ernten garantiert. Die Effekte dieser Sorte umfassen eine starke Entspannung, ideal f\u00fcr alle, die ein intensives und zufriedenstellendes Erlebnis suchen.<\/p>\n<p class=\"translation-block\"><b>Aussehen der Bl\u00fcte.<\/b> Die Bl\u00fcten von Florida Mintz sind wie ein Kunstwerk der Natur. <strong>Gro\u00dfe, dichte und gut geformte Buds,<\/strong> mit leuchtendem Gr\u00fcn, das von orangefarbenen und violetten Nuancen durchzogen ist. Sie sind mit harzigen Trichomen bedeckt, die im Licht wie Diamanten glitzern. Die Textur ist klebrig, und beim Zerbr\u00f6seln entfaltet sich ein frisches Minzaroma, kombiniert mit erdigen, w\u00fcrzigen und zitrischen Noten, die Sie in ein einzigartiges olfaktorisches Erlebnis eintauchen lassen.<\/p>\n<p class=\"translation-block\"><b>Morphologie der Pflanze.<\/b> Die Pflanzen, die aus unseren Florida Mintz-Cannabissamen wachsen, sind kompakt, aber stark und erreichen sowohl im Innen- als auch im Au\u00dfenbereich eine H\u00f6he von 120 bis 150 cm. Sie haben eine robuste Struktur, die die schweren Bl\u00fcten problemlos tr\u00e4gt. Die tief dunkelgr\u00fcnen Bl\u00e4tter bilden einen perfekten Kontrast zu den lebhaften Farben der Bl\u00fcten. Ihre Anpassungsf\u00e4higkeit an gem\u00e4\u00dfigte Klimazonen und<strong> Widerstandsf\u00e4higkeit gegen\u00fcber verschiedenen Bedingungen<\/strong> machen sie zu einer zuverl\u00e4ssigen Wahl f\u00fcr jeden Anbau.<\/p>\n<h3><b>Anbautipps<\/b><\/h3>\n<ul>\n<li style=\"font-weight: 400;\" aria-level=\"1\" class=\"translation-block\"><strong>Welches Klima ist ideal f\u00fcr den Anbau von Florida Mintz?<\/strong><br>\nFlorida Mintz gedeiht am besten in warmen, sonnigen Klimazonen mit Temperaturen zwischen 20\u202f\u00b0C und 28\u202f\u00b0C. Sie kann im Freien oder im Gew\u00e4chshaus angebaut werden, entfaltet ihr volles Potenzial jedoch im Indoor-Anbau dank besserer Umweltkontrolle und hoher Harzproduktion.<\/li>\n<li style=\"font-weight: 400;\" aria-level=\"1\" class=\"translation-block\"><strong>Welche Trainingstechniken funktionieren am besten bei Florida Mintz?<\/strong><br>\nDiese Sorte spricht gut auf <strong>LST (Low Stress Training)<\/strong>, <strong>Main-Lining<\/strong> und <strong>apikales Beschneiden<\/strong> an. Ihre kompakte Struktur erm\u00f6glicht eine effiziente Lichtverteilung und steigert die Produktion dichter Bl\u00fcten.<\/li>\n<li style=\"font-weight: 400;\" aria-level=\"1\" class=\"translation-block\"><strong>Welche Art von D\u00fcngung ben\u00f6tigt Florida Mintz?<\/strong><br>\nW\u00e4hrend der Wachstumsphase ben\u00f6tigt sie eine ausgewogene, stickstoffreiche Basis. In der Bl\u00fctephase empfiehlt es sich, D\u00fcnger mit <strong>hohem Phosphor- und Kaliumgehalt<\/strong> zu verwenden. Terpen-Booster und die Verwendung von Mykorrhiza k\u00f6nnen Aroma und Harzproduktion verbessern.<\/li>\n<li style=\"font-weight: 400;\" aria-level=\"1\" class=\"translation-block\"><strong>Wie sollten Bew\u00e4sserung und Luftfeuchtigkeit bei Florida Mintz gehandhabt werden?<\/strong><br>\nGie\u00dfe m\u00e4\u00dfig und lasse das Substrat zwischen den Wassergaben leicht austrocknen. W\u00e4hrend der Bl\u00fcte sollte die Luftfeuchtigkeit bei <strong>40\u201350\u202f%<\/strong> liegen, um die Trichome zu sch\u00fctzen und Schimmel zu vermeiden.<\/li>\n<li style=\"font-weight: 400;\" aria-level=\"1\" class=\"translation-block\"><strong>Ist es notwendig, die Florida Mintz Pflanze zu beschneiden?<\/strong><br>\nJa. Ein <strong>apikaler Schnitt<\/strong> w\u00e4hrend der vegetativen Phase f\u00f6rdert die Verzweigung. Auch eine <strong>selektive Entlaubung<\/strong> in der Vorbl\u00fcte wird empfohlen, um die Luftzirkulation zu verbessern und die Lichtausbeute in den unteren Bereichen zu maximieren.<\/li>\n<\/ul>","protected":false},"excerpt":{"rendered":"<p data-start=\"1179\" data-end=\"1405\"><strong>Florida Mintz<\/strong> combina potencia, sabor y rendimiento. Con hasta un <strong>30% de THC,<\/strong> esta variedad feminizada de dominancia \u00edndica ofrece cogollos densos y un perfil de sabor mentolado y gaseoso que conquista desde la primera calada.<\/p>","protected":false},"featured_media":2620,"template":"","meta":{"_acf_changed":false,"inline_featured_image":false,"_wp_applaud_exclude":false},"product_brand":[194],"product_cat":[22],"product_tag":[],"class_list":{"0":"post-479","1":"product","2":"type-product","3":"status-publish","4":"has-post-thumbnail","6":"product_brand-bluedog-genetics","7":"product_cat-feminizadas","9":"first","10":"instock","11":"taxable","12":"shipping-taxable","13":"purchasable","14":"product-type-variable"},"acf":{"sticker":"https:\/\/bluedoggenetics.com\/wp-content\/uploads\/2024\/09\/Florida-Mintz-Sticker.webp","family_tree":"<ul>\n<li><a href=\"https:\/\/seedfinder.eu\/es\/strain-info\/florida-mintz\/bluedog-genetics\" target=\"_blank\" rel=\"noopener\">Florida Mintz<\/a>\n<ul>\n<li><a href=\"https:\/\/seedfinder.eu\/es\/strain-info\/florida-og\/dna-genetics-seeds\" target=\"_blank\" rel=\"noopener\">Florida OG<\/a>\n<ul>\n<li><a href=\"https:\/\/seedfinder.eu\/es\/strain-info\/og-kush\/clone-only-strains\" target=\"_blank\" rel=\"noopener\">OG Kush (Florida OG)<\/a>\n<ul>\n<li><a href=\"https:\/\/seedfinder.eu\/es\/strain-info\/unknown-strain\/original-strains\" target=\"_blank\" rel=\"noopener\">Unknown Strain (unknown: Emerald Triangle)<\/a><\/li>\n<li><a href=\"https:\/\/seedfinder.eu\/es\/strain-info\/hindu-kush-indica\/original-strains\" target=\"_blank\" rel=\"noopener\">Hindu Kush (Neville)<\/a>\n<ul>\n<li><a href=\"https:\/\/seedfinder.eu\/es\/strain-info\/indica\/original-strains\" target=\"_blank\" rel=\"noopener\">Indica<\/a><\/li>\n<\/ul>\n<\/li>\n<\/ul>\n<\/li>\n<\/ul>\n<\/li>\n<li><a href=\"https:\/\/seedfinder.eu\/es\/strain-info\/animal-mints\/seed-junky-genetics\" target=\"_blank\" rel=\"noopener\">Animal Mintz<\/a>\n<ul>\n<li><a href=\"https:\/\/seedfinder.eu\/es\/strain-info\/animal-cookies\/bc-bud-depot\" target=\"_blank\" rel=\"noopener\">Animal Cookies<\/a>\n<ul>\n<li><a href=\"https:\/\/seedfinder.eu\/es\/strain-info\/girl-scout-cookies\/clone-only-strains\" target=\"_blank\" rel=\"noopener\">Girl Scout Cookies<\/a>\n<ul>\n<li><a href=\"https:\/\/seedfinder.eu\/es\/strain-info\/gsc-thin-mints\/clone-only-strains\" target=\"_blank\" rel=\"noopener\">Thin Mint GSC<\/a><\/li>\n<\/ul>\n<\/li>\n<li><a href=\"https:\/\/seedfinder.eu\/es\/strain-info\/fire-og-bx3\/bc-bud-depot\" target=\"_blank\" rel=\"noopener\">Fire OG Bx3<\/a>\n<ul>\n<li><a href=\"https:\/\/seedfinder.eu\/es\/strain-info\/fire-kush\/og-raskal-genetics\" target=\"_blank\" rel=\"noopener\">Fire Kush<\/a><\/li>\n<li><a href=\"https:\/\/seedfinder.eu\/es\/strain-info\/unknown-strain\/original-strains\" target=\"_blank\" rel=\"noopener\">Unknown Strain<\/a><\/li>\n<\/ul>\n<\/li>\n<\/ul>\n<\/li>\n<li><a href=\"https:\/\/seedfinder.eu\/es\/strain-info\/sinmint-cookies\/sin-city-seeds\" target=\"_blank\" rel=\"noopener\">SinMint Cookies<\/a>\n<ul>\n<li><a href=\"https:\/\/seedfinder.eu\/es\/strain-info\/gsc-forum-cut\/clone-only-strains\" target=\"_blank\" rel=\"noopener\">Forum Cookies<\/a>\n<ul>\n<li><a href=\"https:\/\/seedfinder.eu\/es\/strain-info\/girl-scout-cookies\/clone-only-strains\" target=\"_blank\" rel=\"noopener\">Girl Scout Cookies (Forum cut)<\/a><\/li>\n<\/ul>\n<\/li>\n<li><a href=\"https:\/\/seedfinder.eu\/es\/strain-info\/blue-power\/sin-city-seeds\" target=\"_blank\" rel=\"noopener\">Blue Power<\/a>\n<ul>\n<li><a href=\"https:\/\/seedfinder.eu\/es\/strain-info\/power\/clone-only-strains\" target=\"_blank\" rel=\"noopener\">Power<\/a><\/li>\n<li><a href=\"https:\/\/seedfinder.eu\/es\/strain-info\/white-moonshine\/unknown-or-legendary\" target=\"_blank\" rel=\"noopener\">White Moonshine<\/a><\/li>\n<\/ul>\n<\/li>\n<\/ul>\n<\/li>\n<\/ul>\n<\/li>\n<\/ul>\n<\/li>\n<\/ul>\n"},"yoast_head":"<!-- This site is optimized with the Yoast SEO plugin v26.5 - https:\/\/yoast.com\/wordpress\/plugins\/seo\/ -->\n<title>Florida Mintz - Semillas de Marihuana Feminizadas<\/title>\n<meta name=\"description\" content=\"Florida Mintz es una gen\u00e9tica feminizada potente y sabrosa, con un perfil terp\u00e9nico mentolado y gaseoso. Hasta 30% de THC y cosechas abundantes en interior o exterior.\" \/>\n<meta name=\"robots\" content=\"index, follow, max-snippet:-1, max-image-preview:large, max-video-preview:-1\" \/>\n<link rel=\"canonical\" href=\"https:\/\/bluedoggenetics.com\/de\/produkt\/feminisierte\/florida-mintz-feminisierte-cannabissamen\/\" \/>\n<meta property=\"og:locale\" content=\"de_DE\" \/>\n<meta property=\"og:type\" content=\"article\" \/>\n<meta property=\"og:title\" content=\"Florida Mintz - Semillas de Marihuana Feminizadas\" \/>\n<meta property=\"og:description\" content=\"Florida Mintz es una gen\u00e9tica feminizada potente y sabrosa, con un perfil terp\u00e9nico mentolado y gaseoso. Hasta 30% de THC y cosechas abundantes en interior o exterior.\" \/>\n<meta property=\"og:url\" content=\"https:\/\/bluedoggenetics.com\/de\/produkt\/feminisierte\/florida-mintz-feminisierte-cannabissamen\/\" \/>\n<meta property=\"og:site_name\" content=\"BLUEDOG GENETICS Seeds\" \/>\n<meta property=\"article:modified_time\" content=\"2026-04-11T13:16:48+00:00\" \/>\n<meta property=\"og:image\" content=\"https:\/\/bluedoggenetics.com\/wp-content\/uploads\/2024\/09\/Florida-Mintz-Bluedog-Genetics_11zon-1_11zon.webp\" \/>\n\t<meta property=\"og:image:width\" content=\"1536\" \/>\n\t<meta property=\"og:image:height\" content=\"1024\" \/>\n\t<meta property=\"og:image:type\" content=\"image\/webp\" \/>\n<meta name=\"twitter:card\" content=\"summary_large_image\" \/>\n<meta name=\"twitter:label1\" content=\"Gesch\u00e4tzte Lesezeit\" \/>\n\t<meta name=\"twitter:data1\" content=\"3\u00a0Minuten\" \/>\n<script type=\"application\/ld+json\" class=\"yoast-schema-graph\">{\"@context\":\"https:\/\/schema.org\",\"@graph\":[{\"@type\":[\"WebPage\",\"ItemPage\"],\"@id\":\"https:\/\/bluedoggenetics.com\/producto\/feminizadas\/florida-mintz-semillas-marihuana-feminizadas\/\",\"url\":\"https:\/\/bluedoggenetics.com\/producto\/feminizadas\/florida-mintz-semillas-marihuana-feminizadas\/\",\"name\":\"Florida Mintz - Semillas de Marihuana Feminizadas\",\"isPartOf\":{\"@id\":\"https:\/\/bluedoggenetics.com\/de\/#website\"},\"primaryImageOfPage\":{\"@id\":\"https:\/\/bluedoggenetics.com\/producto\/feminizadas\/florida-mintz-semillas-marihuana-feminizadas\/#primaryimage\"},\"image\":{\"@id\":\"https:\/\/bluedoggenetics.com\/producto\/feminizadas\/florida-mintz-semillas-marihuana-feminizadas\/#primaryimage\"},\"thumbnailUrl\":\"https:\/\/bluedoggenetics.com\/wp-content\/uploads\/2024\/09\/Florida-Mintz-Bluedog-Genetics_11zon-1_11zon.webp\",\"datePublished\":\"2024-09-30T14:14:42+00:00\",\"dateModified\":\"2026-04-11T13:16:48+00:00\",\"description\":\"Florida Mintz es una gen\u00e9tica feminizada potente y sabrosa, con un perfil terp\u00e9nico mentolado y gaseoso. Hasta 30% de THC y cosechas abundantes en interior o exterior.\",\"breadcrumb\":{\"@id\":\"https:\/\/bluedoggenetics.com\/producto\/feminizadas\/florida-mintz-semillas-marihuana-feminizadas\/#breadcrumb\"},\"inLanguage\":\"de\",\"potentialAction\":[{\"@type\":\"ReadAction\",\"target\":[\"https:\/\/bluedoggenetics.com\/producto\/feminizadas\/florida-mintz-semillas-marihuana-feminizadas\/\"]}]},{\"@type\":\"ImageObject\",\"inLanguage\":\"de\",\"@id\":\"https:\/\/bluedoggenetics.com\/producto\/feminizadas\/florida-mintz-semillas-marihuana-feminizadas\/#primaryimage\",\"url\":\"https:\/\/bluedoggenetics.com\/wp-content\/uploads\/2024\/09\/Florida-Mintz-Bluedog-Genetics_11zon-1_11zon.webp\",\"contentUrl\":\"https:\/\/bluedoggenetics.com\/wp-content\/uploads\/2024\/09\/Florida-Mintz-Bluedog-Genetics_11zon-1_11zon.webp\",\"width\":1536,\"height\":1024,\"caption\":\"Florida Mintz en floracion de Bluedog Genetics\"},{\"@type\":\"BreadcrumbList\",\"@id\":\"https:\/\/bluedoggenetics.com\/producto\/feminizadas\/florida-mintz-semillas-marihuana-feminizadas\/#breadcrumb\",\"itemListElement\":[{\"@type\":\"ListItem\",\"position\":1,\"name\":\"Portada\",\"item\":\"https:\/\/bluedoggenetics.com\/\"},{\"@type\":\"ListItem\",\"position\":2,\"name\":\"Tienda\",\"item\":\"https:\/\/bluedoggenetics.com\/fr\/tienda\/\"},{\"@type\":\"ListItem\",\"position\":3,\"name\":\"Florida Mintz\"}]},{\"@type\":\"WebSite\",\"@id\":\"https:\/\/bluedoggenetics.com\/de\/#website\",\"url\":\"https:\/\/bluedoggenetics.com\/de\/\",\"name\":\"BLUEDOG GENETICS Seeds\",\"description\":\"Compara y compra las mejores semillas de cannabis. Feminizadas, Autoflorecientes, CBD.\",\"publisher\":{\"@id\":\"https:\/\/bluedoggenetics.com\/de\/#organization\"},\"alternateName\":\"BLUEDOG GENETICS\",\"potentialAction\":[{\"@type\":\"SearchAction\",\"target\":{\"@type\":\"EntryPoint\",\"urlTemplate\":\"https:\/\/bluedoggenetics.com\/de\/?s={search_term_string}\"},\"query-input\":{\"@type\":\"PropertyValueSpecification\",\"valueRequired\":true,\"valueName\":\"search_term_string\"}}],\"inLanguage\":\"de\"},{\"@type\":\"Organization\",\"@id\":\"https:\/\/bluedoggenetics.com\/de\/#organization\",\"name\":\"BLUEDOG GENETICS\",\"url\":\"https:\/\/bluedoggenetics.com\/de\/\",\"logo\":{\"@type\":\"ImageObject\",\"inLanguage\":\"de\",\"@id\":\"https:\/\/bluedoggenetics.com\/de\/#\/schema\/logo\/image\/\",\"url\":\"https:\/\/bluedoggenetics.com\/wp-content\/uploads\/2024\/11\/appIcon.png\",\"contentUrl\":\"https:\/\/bluedoggenetics.com\/wp-content\/uploads\/2024\/11\/appIcon.png\",\"width\":1024,\"height\":1024,\"caption\":\"BLUEDOG GENETICS\"},\"image\":{\"@id\":\"https:\/\/bluedoggenetics.com\/de\/#\/schema\/logo\/image\/\"},\"sameAs\":[\"https:\/\/www.instagram.com\/bluedog.genetics\/\"]}]}<\/script>\n<!-- \/ Yoast SEO plugin. -->","yoast_head_json":{"title":"Florida Mintz - Semillas de Marihuana Feminizadas","description":"Florida Mintz ist eine potente und geschmackvolle feminisierte Sorte mit einem mentholartigen, gasf\u00f6rmigen Terpenprofil. Bis zu 30\u202f% THC und hohe Ertr\u00e4ge im Indoor- und Outdoor-Anbau.","robots":{"index":"index","follow":"follow","max-snippet":"max-snippet:-1","max-image-preview":"max-image-preview:large","max-video-preview":"max-video-preview:-1"},"canonical":"https:\/\/bluedoggenetics.com\/de\/produkt\/feminisierte\/florida-mintz-feminisierte-cannabissamen\/","og_locale":"de_DE","og_type":"article","og_title":"Florida Mintz - Semillas de Marihuana Feminizadas","og_description":"Florida Mintz es una gen\u00e9tica feminizada potente y sabrosa, con un perfil terp\u00e9nico mentolado y gaseoso. Hasta 30% de THC y cosechas abundantes en interior o exterior.","og_url":"https:\/\/bluedoggenetics.com\/de\/produkt\/feminisierte\/florida-mintz-feminisierte-cannabissamen\/","og_site_name":"BLUEDOG GENETICS Seeds","article_modified_time":"2026-04-11T13:16:48+00:00","og_image":[{"width":1536,"height":1024,"url":"https:\/\/bluedoggenetics.com\/wp-content\/uploads\/2024\/09\/Florida-Mintz-Bluedog-Genetics_11zon-1_11zon.webp","type":"image\/webp"}],"twitter_card":"summary_large_image","twitter_misc":{"Gesch\u00e4tzte Lesezeit":"3\u00a0Minuten"},"schema":{"@context":"https:\/\/schema.org","@graph":[{"@type":["WebPage","ItemPage"],"@id":"https:\/\/bluedoggenetics.com\/producto\/feminizadas\/florida-mintz-semillas-marihuana-feminizadas\/","url":"https:\/\/bluedoggenetics.com\/producto\/feminizadas\/florida-mintz-semillas-marihuana-feminizadas\/","name":"Florida Mintz - Semillas de Marihuana Feminizadas","isPartOf":{"@id":"https:\/\/bluedoggenetics.com\/de\/#website"},"primaryImageOfPage":{"@id":"https:\/\/bluedoggenetics.com\/producto\/feminizadas\/florida-mintz-semillas-marihuana-feminizadas\/#primaryimage"},"image":{"@id":"https:\/\/bluedoggenetics.com\/producto\/feminizadas\/florida-mintz-semillas-marihuana-feminizadas\/#primaryimage"},"thumbnailUrl":"https:\/\/bluedoggenetics.com\/wp-content\/uploads\/2024\/09\/Florida-Mintz-Bluedog-Genetics_11zon-1_11zon.webp","datePublished":"2024-09-30T14:14:42+00:00","dateModified":"2026-04-11T13:16:48+00:00","description":"Florida Mintz ist eine potente und geschmackvolle feminisierte Sorte mit einem mentholartigen, gasf\u00f6rmigen Terpenprofil. Bis zu 30\u202f% THC und hohe Ertr\u00e4ge im Indoor- und Outdoor-Anbau.","breadcrumb":{"@id":"https:\/\/bluedoggenetics.com\/producto\/feminizadas\/florida-mintz-semillas-marihuana-feminizadas\/#breadcrumb"},"inLanguage":"de","potentialAction":[{"@type":"ReadAction","target":["https:\/\/bluedoggenetics.com\/producto\/feminizadas\/florida-mintz-semillas-marihuana-feminizadas\/"]}]},{"@type":"ImageObject","inLanguage":"de","@id":"https:\/\/bluedoggenetics.com\/producto\/feminizadas\/florida-mintz-semillas-marihuana-feminizadas\/#primaryimage","url":"https:\/\/bluedoggenetics.com\/wp-content\/uploads\/2024\/09\/Florida-Mintz-Bluedog-Genetics_11zon-1_11zon.webp","contentUrl":"https:\/\/bluedoggenetics.com\/wp-content\/uploads\/2024\/09\/Florida-Mintz-Bluedog-Genetics_11zon-1_11zon.webp","width":1536,"height":1024,"caption":"Florida Mintz en floracion de Bluedog Genetics"},{"@type":"BreadcrumbList","@id":"https:\/\/bluedoggenetics.com\/producto\/feminizadas\/florida-mintz-semillas-marihuana-feminizadas\/#breadcrumb","itemListElement":[{"@type":"ListItem","position":1,"name":"Portada","item":"https:\/\/bluedoggenetics.com\/"},{"@type":"ListItem","position":2,"name":"Tienda","item":"https:\/\/bluedoggenetics.com\/fr\/tienda\/"},{"@type":"ListItem","position":3,"name":"Florida Mintz"}]},{"@type":"WebSite","@id":"https:\/\/bluedoggenetics.com\/de\/#website","url":"https:\/\/bluedoggenetics.com\/de\/","name":"BLUEDOG GENETICS Seeds","description":"Vergleiche und kaufe die besten Hanfsamen. Feminisiert, Autoflowering, CBD.","publisher":{"@id":"https:\/\/bluedoggenetics.com\/de\/#organization"},"alternateName":"BLUEDOG GENETICS","potentialAction":[{"@type":"SearchAction","target":{"@type":"EntryPoint","urlTemplate":"https:\/\/bluedoggenetics.com\/de\/?s={search_term_string}"},"query-input":{"@type":"PropertyValueSpecification","valueRequired":true,"valueName":"search_term_string"}}],"inLanguage":"de"},{"@type":"Organization","@id":"https:\/\/bluedoggenetics.com\/de\/#organization","name":"BLUEDOG GENETICS","url":"https:\/\/bluedoggenetics.com\/de\/","logo":{"@type":"ImageObject","inLanguage":"de","@id":"https:\/\/bluedoggenetics.com\/de\/#\/schema\/logo\/image\/","url":"https:\/\/bluedoggenetics.com\/wp-content\/uploads\/2024\/11\/appIcon.png","contentUrl":"https:\/\/bluedoggenetics.com\/wp-content\/uploads\/2024\/11\/appIcon.png","width":1024,"height":1024,"caption":"BLUEDOG GENETICS"},"image":{"@id":"https:\/\/bluedoggenetics.com\/de\/#\/schema\/logo\/image\/"},"sameAs":["https:\/\/www.instagram.com\/bluedog.genetics\/"]}]}},"sticker_url":"https:\/\/bluedoggenetics.com\/wp-content\/uploads\/2024\/09\/Florida-Mintz-Sticker.webp","variations_full":[{"id":1076,"price":12,"regular_price":12,"attributes":{"attribute_cantidad":"Pack 1"},"image_src":"https:\/\/bluedoggenetics.com\/wp-content\/uploads\/2024\/09\/Florida-Mintz-Bluedog-Genetics_11zon-1_11zon-600x400.webp","is_in_stock":true},{"id":1077,"price":32.4,"regular_price":32.4,"attributes":{"attribute_cantidad":"Pack 3"},"image_src":"https:\/\/bluedoggenetics.com\/wp-content\/uploads\/2024\/09\/Florida-Mintz-Bluedog-Genetics_11zon-1_11zon-600x400.webp","is_in_stock":true},{"id":1078,"price":47.5,"regular_price":47.5,"attributes":{"attribute_cantidad":"Pack 5"},"image_src":"https:\/\/bluedoggenetics.com\/wp-content\/uploads\/2024\/09\/Florida-Mintz-Bluedog-Genetics_11zon-1_11zon-600x400.webp","is_in_stock":true},{"id":1079,"price":83,"regular_price":83,"attributes":{"attribute_cantidad":"Pack 10"},"image_src":"https:\/\/bluedoggenetics.com\/wp-content\/uploads\/2024\/09\/Florida-Mintz-Bluedog-Genetics_11zon-1_11zon-600x400.webp","is_in_stock":true}],"jetpack_sharing_enabled":true,"_links":{"self":[{"href":"https:\/\/bluedoggenetics.com\/de\/wp-json\/wp\/v2\/product\/479","targetHints":{"allow":["GET"]}}],"collection":[{"href":"https:\/\/bluedoggenetics.com\/de\/wp-json\/wp\/v2\/product"}],"about":[{"href":"https:\/\/bluedoggenetics.com\/de\/wp-json\/wp\/v2\/types\/product"}],"wp:featuredmedia":[{"embeddable":true,"href":"https:\/\/bluedoggenetics.com\/de\/wp-json\/wp\/v2\/media\/2620"}],"wp:attachment":[{"href":"https:\/\/bluedoggenetics.com\/de\/wp-json\/wp\/v2\/media?parent=479"}],"wp:term":[{"taxonomy":"product_brand","embeddable":true,"href":"https:\/\/bluedoggenetics.com\/de\/wp-json\/wp\/v2\/product_brand?post=479"},{"taxonomy":"product_cat","embeddable":true,"href":"https:\/\/bluedoggenetics.com\/de\/wp-json\/wp\/v2\/product_cat?post=479"},{"taxonomy":"product_tag","embeddable":true,"href":"https:\/\/bluedoggenetics.com\/de\/wp-json\/wp\/v2\/product_tag?post=479"}],"curies":[{"name":"wp","href":"https:\/\/api.w.org\/{rel}","templated":true}]}}