{"id":4555,"date":"2026-03-29T17:53:20","date_gmt":"2026-03-29T15:53:20","guid":{"rendered":"https:\/\/bluedoggenetics.com\/?post_type=product&#038;p=4555"},"modified":"2026-05-06T14:57:23","modified_gmt":"2026-05-06T12:57:23","slug":"blue-dream","status":"publish","type":"product","link":"https:\/\/bluedoggenetics.com\/de\/produkt\/samen\/feminisierte\/blue-dream\/","title":{"rendered":"Blue Dream"},"content":{"rendered":"<p>Wenn Sie sich entscheiden, die Samen von zu integrieren <strong>Blue Dream<\/strong> F\u00fcr Ihre Kultur sorgen Sie f\u00fcr Genetik von extrem hoher Zuverl\u00e4ssigkeit und erstaunlicher Leistung. Diese Sorte zeichnet sich durch ihre enorme vegetative Kraft aus, die in der Lage ist, solide Strukturen zu erzeugen, die das Gewicht von Pflanzen tragen k\u00f6nnen, die unter optimalen Bedingungen in Innenr\u00e4umen weit \u00fcber 600 g\/m2 liegen. Wenn jede Pflanze im Freien in voller Sonne angebaut wird, kann sie zu einem wahren produktiven Monster mit gro\u00dfer weltweiter Nachfrage werden.<\/p>\n<p>Auf der Wirkungsebene <strong>Blue Dream<\/strong> bleibt nicht zur\u00fcck. Beim Verzehr sp\u00fcren Sie schnell eine kraftvolle Wirkung, die einen intensiv zerebralen, euphorischen Anfangseffekt voller kreativer Energie ausl\u00f6st, ideal f\u00fcr anspruchsvolle Gaumen, die auf der Suche nach ungebremster Kraft und einem tiefen und langanhaltenden Geschmackserlebnis sind.<\/p>\n<p><b>Blumenbild.<\/b> Die von dieser Genetik produzierten Knospen sind meisterhaft: dicht, schwer und kompakt. Optisch fallen sie durch ihre kr\u00e4ftigen Gr\u00fcnt\u00f6ne auf, die je nach Ph\u00e4notyp und Temperatur wundersch\u00f6ne bl\u00e4uliche oder violette Farbt\u00f6ne entwickeln k\u00f6nnen. Das Beeindruckendste ist die \u00fcbergro\u00dfe Schicht aus kristallinem Harz, die die Bl\u00fcten wie mit Zucker \u00fcberzogen erscheinen l\u00e4sst.<\/p>\n<p><b>Pflanzenmorphologie.<\/b> W\u00e4hrend seiner Wachstumsphase <strong>Blue Dream<\/strong> Sie erweist sich als eine sehr widerstandsf\u00e4hige und dankbare Sorte. Der optimale Internodienabstand erleichtert die richtige Bel\u00fcftung und entwickelt dicke Seitenzweige, die mit der massiven zentralen Cola konkurrieren.<\/p>\n<h3><b>Anbautipps<\/b><\/h3>\n<ul>\n<li><strong>Was ist das ideale Klima f\u00fcr den Anbau von Blue Dream ?<\/strong>\n<p>Es entwickelt sich spektakul\u00e4r in warmen und sonnigen mediterranen Klimazonen und passt sich problemlos an leichte Schwankungen und gem\u00e4\u00dfigtere Umgebungen an.<\/li>\n<li><strong>Welche Trainingstechniken funktionieren am besten mit Blue Dream ?<\/strong>\n<p>Dank seiner kr\u00e4ftigen Verzweigung reagiert es wunderbar auf Low-Stress-Techniken (LST) und SCROG-Netze, was Ihnen hilft, die Lichtdurchdringung zu maximieren und das Bl\u00e4tterdach gleichm\u00e4\u00dfig zu machen.<\/li>\n<li><strong>Welche Art der D\u00fcngung ben\u00f6tigt Blue Dream ?<\/strong>\n<p>Es ist eine Pflanze mit einem uners\u00e4ttlichen Appetit w\u00e4hrend der Mastwoche. Ein Ern\u00e4hrungsprogramm, das reich an PK-Stimulatoren ist, bringt die ganze S\u00fc\u00dfe und Komplexit\u00e4t der Terpene zur Geltung.<\/li>\n<li><strong>Wie sollten die Bew\u00e4sserung und Luftfeuchtigkeit f\u00fcr Blue Dream sein?<\/strong>\n<p>Geben Sie reichlich Wasser, aber lassen Sie das Substrat atmen. Halten Sie die relative Luftfeuchtigkeit in der sp\u00e4ten Bl\u00fctezeit streng unter 45-50 %, um die Bl\u00fctenkelche zu sch\u00fctzen.<\/li>\n<li><strong>Ist es notwendig, die Blue Dream -Pflanze zu beschneiden?<\/strong>\n<p>Ja, ein gro\u00dfz\u00fcgiger R\u00fcckschnitt der niedrigen Zweige (Lollipopping) zu Beginn der Bl\u00fcte und eine leichte Blattentfernung lenken die gesamte Energie auf die \u00fcppigen Hauptspitzen.<\/li>\n<\/ul>","protected":false},"excerpt":{"rendered":"<p><strong>Blue Dream<\/strong> Es hat sich schnell als unverzichtbare Genetik im modernen Katalog etabliert. Dieser au\u00dfergew\u00f6hnliche feminisierte Samen (<strong>Sativa<\/strong>) weist einen THC-Gehalt auf, der zwischen <strong>20-26%<\/strong>.<\/p>","protected":false},"featured_media":3498,"template":"","meta":{"_acf_changed":false,"inline_featured_image":false,"_wp_applaud_exclude":false},"product_brand":[192],"product_cat":[22],"product_tag":[],"class_list":{"0":"post-4555","1":"product","2":"type-product","3":"status-publish","4":"has-post-thumbnail","6":"product_brand-barneys-farm","7":"product_cat-feminizadas","8":"pa_altura-exterior-180-200","9":"pa_altura-interior-120-150","10":"pa_beneficios-terapeuticos-alivio-de-ansiedad","11":"pa_beneficios-terapeuticos-aumento-del-apetito","12":"pa_cantidad-pack-1","13":"pa_cantidad-pack-10","14":"pa_cantidad-pack-3","15":"pa_cantidad-pack-5","16":"pa_clima-calido","17":"pa_cosecha-exterior-750-850","18":"pa_cosecha-interior-550-650","19":"pa_efectos-destacables-activo","20":"pa_efectos-destacables-alegre","21":"pa_efectos-destacables-creativo","22":"pa_efectos-destacables-euforico","23":"pa_floracion-8-9","24":"pa_genetica-30-70","25":"pa_olor-intenso","26":"pa_sabores-y-olores-arandano","27":"pa_sabores-y-olores-bayas","28":"pa_sabores-y-olores-dulce","29":"pa_sabores-y-olores-herbal","30":"pa_thc-20-26","31":"pa_variedad-mayormente-sativa","32":"pa_variedad-sativa","34":"first","35":"instock","36":"taxable","37":"shipping-taxable","38":"purchasable","39":"product-type-variable"},"acf":{"sticker":"https:\/\/bluedoggenetics.com\/wp-content\/uploads\/2026\/03\/barneys-farm.webp","family_tree":""},"yoast_head":"<!-- This site is optimized with the Yoast SEO plugin v26.5 - https:\/\/yoast.com\/wordpress\/plugins\/seo\/ -->\n<title>Blue Dream de Barney&#039;s Farm - BLUEDOG GENETICS Seeds<\/title>\n<meta name=\"description\" content=\"Cultiva Blue Dream de Barney&#039;s Farm: un equilibrio perfecto entre euforia cerebral y relax f\u00edsico. Disfruta de su legendario sabor a ar\u00e1ndanos dulces.\" \/>\n<meta name=\"robots\" content=\"index, follow, max-snippet:-1, max-image-preview:large, max-video-preview:-1\" \/>\n<link rel=\"canonical\" href=\"https:\/\/bluedoggenetics.com\/de\/produkt\/feminisierte\/blue-dream\/\" \/>\n<meta property=\"og:locale\" content=\"de_DE\" \/>\n<meta property=\"og:type\" content=\"article\" \/>\n<meta property=\"og:title\" content=\"Blue Dream de Barney&#039;s Farm - BLUEDOG GENETICS Seeds\" \/>\n<meta property=\"og:description\" content=\"Cultiva Blue Dream de Barney&#039;s Farm: un equilibrio perfecto entre euforia cerebral y relax f\u00edsico. Disfruta de su legendario sabor a ar\u00e1ndanos dulces.\" \/>\n<meta property=\"og:url\" content=\"https:\/\/bluedoggenetics.com\/de\/produkt\/feminisierte\/blue-dream\/\" \/>\n<meta property=\"og:site_name\" content=\"BLUEDOG GENETICS Seeds\" \/>\n<meta property=\"article:modified_time\" content=\"2026-05-06T12:57:23+00:00\" \/>\n<meta property=\"og:image\" content=\"https:\/\/bluedoggenetics.com\/wp-content\/uploads\/2026\/03\/blue-dream_circle_new_21_112536.webp\" \/>\n\t<meta property=\"og:image:width\" content=\"475\" \/>\n\t<meta property=\"og:image:height\" content=\"570\" \/>\n\t<meta property=\"og:image:type\" content=\"image\/webp\" \/>\n<meta name=\"twitter:card\" content=\"summary_large_image\" \/>\n<meta name=\"twitter:label1\" content=\"Gesch\u00e4tzte Lesezeit\" \/>\n\t<meta name=\"twitter:data1\" content=\"3\u00a0Minuten\" \/>\n<script type=\"application\/ld+json\" class=\"yoast-schema-graph\">{\"@context\":\"https:\/\/schema.org\",\"@graph\":[{\"@type\":[\"WebPage\",\"ItemPage\"],\"@id\":\"https:\/\/bluedoggenetics.com\/producto\/feminizadas\/blue-dream\/\",\"url\":\"https:\/\/bluedoggenetics.com\/producto\/feminizadas\/blue-dream\/\",\"name\":\"Blue Dream de Barney's Farm - BLUEDOG GENETICS Seeds\",\"isPartOf\":{\"@id\":\"https:\/\/bluedoggenetics.com\/de\/#website\"},\"primaryImageOfPage\":{\"@id\":\"https:\/\/bluedoggenetics.com\/producto\/feminizadas\/blue-dream\/#primaryimage\"},\"image\":{\"@id\":\"https:\/\/bluedoggenetics.com\/producto\/feminizadas\/blue-dream\/#primaryimage\"},\"thumbnailUrl\":\"https:\/\/bluedoggenetics.com\/wp-content\/uploads\/2026\/03\/blue-dream_circle_new_21_112536.webp\",\"datePublished\":\"2026-03-29T15:53:20+00:00\",\"dateModified\":\"2026-05-06T12:57:23+00:00\",\"description\":\"Cultiva Blue Dream de Barney's Farm: un equilibrio perfecto entre euforia cerebral y relax f\u00edsico. Disfruta de su legendario sabor a ar\u00e1ndanos dulces.\",\"breadcrumb\":{\"@id\":\"https:\/\/bluedoggenetics.com\/producto\/feminizadas\/blue-dream\/#breadcrumb\"},\"inLanguage\":\"de\",\"potentialAction\":[{\"@type\":\"ReadAction\",\"target\":[\"https:\/\/bluedoggenetics.com\/producto\/feminizadas\/blue-dream\/\"]}]},{\"@type\":\"ImageObject\",\"inLanguage\":\"de\",\"@id\":\"https:\/\/bluedoggenetics.com\/producto\/feminizadas\/blue-dream\/#primaryimage\",\"url\":\"https:\/\/bluedoggenetics.com\/wp-content\/uploads\/2026\/03\/blue-dream_circle_new_21_112536.webp\",\"contentUrl\":\"https:\/\/bluedoggenetics.com\/wp-content\/uploads\/2026\/03\/blue-dream_circle_new_21_112536.webp\",\"width\":475,\"height\":570,\"caption\":\"Blue Dream de Barney's Farm\"},{\"@type\":\"BreadcrumbList\",\"@id\":\"https:\/\/bluedoggenetics.com\/producto\/feminizadas\/blue-dream\/#breadcrumb\",\"itemListElement\":[{\"@type\":\"ListItem\",\"position\":1,\"name\":\"Portada\",\"item\":\"https:\/\/bluedoggenetics.com\/\"},{\"@type\":\"ListItem\",\"position\":2,\"name\":\"Tienda\",\"item\":\"https:\/\/bluedoggenetics.com\/fr\/tienda\/\"},{\"@type\":\"ListItem\",\"position\":3,\"name\":\"Blue Dream\"}]},{\"@type\":\"WebSite\",\"@id\":\"https:\/\/bluedoggenetics.com\/de\/#website\",\"url\":\"https:\/\/bluedoggenetics.com\/de\/\",\"name\":\"BLUEDOG GENETICS Seeds\",\"description\":\"Compara y compra las mejores semillas de cannabis. Feminizadas, Autoflorecientes, CBD.\",\"publisher\":{\"@id\":\"https:\/\/bluedoggenetics.com\/de\/#organization\"},\"alternateName\":\"BLUEDOG GENETICS\",\"potentialAction\":[{\"@type\":\"SearchAction\",\"target\":{\"@type\":\"EntryPoint\",\"urlTemplate\":\"https:\/\/bluedoggenetics.com\/de\/?s={search_term_string}\"},\"query-input\":{\"@type\":\"PropertyValueSpecification\",\"valueRequired\":true,\"valueName\":\"search_term_string\"}}],\"inLanguage\":\"de\"},{\"@type\":\"Organization\",\"@id\":\"https:\/\/bluedoggenetics.com\/de\/#organization\",\"name\":\"BLUEDOG GENETICS\",\"url\":\"https:\/\/bluedoggenetics.com\/de\/\",\"logo\":{\"@type\":\"ImageObject\",\"inLanguage\":\"de\",\"@id\":\"https:\/\/bluedoggenetics.com\/de\/#\/schema\/logo\/image\/\",\"url\":\"https:\/\/bluedoggenetics.com\/wp-content\/uploads\/2024\/11\/appIcon.png\",\"contentUrl\":\"https:\/\/bluedoggenetics.com\/wp-content\/uploads\/2024\/11\/appIcon.png\",\"width\":1024,\"height\":1024,\"caption\":\"BLUEDOG GENETICS\"},\"image\":{\"@id\":\"https:\/\/bluedoggenetics.com\/de\/#\/schema\/logo\/image\/\"},\"sameAs\":[\"https:\/\/www.instagram.com\/bluedog.genetics\/\"]}]}<\/script>\n<!-- \/ Yoast SEO plugin. -->","yoast_head_json":{"title":"Blue Dream von Barney's Farm - BLUEDOG GENETICS Seeds","description":"Z\u00fcchten Sie Blue Dream von Barney's Farm: eine perfekte Balance zwischen zerebralem Euforia und k\u00f6rperlicher Entspannung. Genie\u00dfen Sie seinen legend\u00e4ren s\u00fc\u00dfen Blaubeergeschmack.","robots":{"index":"index","follow":"follow","max-snippet":"max-snippet:-1","max-image-preview":"max-image-preview:large","max-video-preview":"max-video-preview:-1"},"canonical":"https:\/\/bluedoggenetics.com\/de\/produkt\/feminisierte\/blue-dream\/","og_locale":"de_DE","og_type":"article","og_title":"Blue Dream de Barney's Farm - BLUEDOG GENETICS Seeds","og_description":"Cultiva Blue Dream de Barney's Farm: un equilibrio perfecto entre euforia cerebral y relax f\u00edsico. Disfruta de su legendario sabor a ar\u00e1ndanos dulces.","og_url":"https:\/\/bluedoggenetics.com\/de\/produkt\/feminisierte\/blue-dream\/","og_site_name":"BLUEDOG GENETICS Seeds","article_modified_time":"2026-05-06T12:57:23+00:00","og_image":[{"width":475,"height":570,"url":"https:\/\/bluedoggenetics.com\/wp-content\/uploads\/2026\/03\/blue-dream_circle_new_21_112536.webp","type":"image\/webp"}],"twitter_card":"summary_large_image","twitter_misc":{"Gesch\u00e4tzte Lesezeit":"3\u00a0Minuten"},"schema":{"@context":"https:\/\/schema.org","@graph":[{"@type":["WebPage","ItemPage"],"@id":"https:\/\/bluedoggenetics.com\/producto\/feminizadas\/blue-dream\/","url":"https:\/\/bluedoggenetics.com\/producto\/feminizadas\/blue-dream\/","name":"Blue Dream von Barney's Farm - BLUEDOG GENETICS Seeds","isPartOf":{"@id":"https:\/\/bluedoggenetics.com\/de\/#website"},"primaryImageOfPage":{"@id":"https:\/\/bluedoggenetics.com\/producto\/feminizadas\/blue-dream\/#primaryimage"},"image":{"@id":"https:\/\/bluedoggenetics.com\/producto\/feminizadas\/blue-dream\/#primaryimage"},"thumbnailUrl":"https:\/\/bluedoggenetics.com\/wp-content\/uploads\/2026\/03\/blue-dream_circle_new_21_112536.webp","datePublished":"2026-03-29T15:53:20+00:00","dateModified":"2026-05-06T12:57:23+00:00","description":"Z\u00fcchten Sie Blue Dream von Barney's Farm: eine perfekte Balance zwischen zerebralem Euforia und k\u00f6rperlicher Entspannung. Genie\u00dfen Sie seinen legend\u00e4ren s\u00fc\u00dfen Blaubeergeschmack.","breadcrumb":{"@id":"https:\/\/bluedoggenetics.com\/producto\/feminizadas\/blue-dream\/#breadcrumb"},"inLanguage":"de","potentialAction":[{"@type":"ReadAction","target":["https:\/\/bluedoggenetics.com\/producto\/feminizadas\/blue-dream\/"]}]},{"@type":"ImageObject","inLanguage":"de","@id":"https:\/\/bluedoggenetics.com\/producto\/feminizadas\/blue-dream\/#primaryimage","url":"https:\/\/bluedoggenetics.com\/wp-content\/uploads\/2026\/03\/blue-dream_circle_new_21_112536.webp","contentUrl":"https:\/\/bluedoggenetics.com\/wp-content\/uploads\/2026\/03\/blue-dream_circle_new_21_112536.webp","width":475,"height":570,"caption":"Blue Dream de Barney's Farm"},{"@type":"BreadcrumbList","@id":"https:\/\/bluedoggenetics.com\/producto\/feminizadas\/blue-dream\/#breadcrumb","itemListElement":[{"@type":"ListItem","position":1,"name":"Portada","item":"https:\/\/bluedoggenetics.com\/"},{"@type":"ListItem","position":2,"name":"Tienda","item":"https:\/\/bluedoggenetics.com\/fr\/tienda\/"},{"@type":"ListItem","position":3,"name":"Blue Dream"}]},{"@type":"WebSite","@id":"https:\/\/bluedoggenetics.com\/de\/#website","url":"https:\/\/bluedoggenetics.com\/de\/","name":"BLUEDOG GENETICS Seeds","description":"Vergleiche und kaufe die besten Hanfsamen. Feminisiert, Autoflowering, CBD.","publisher":{"@id":"https:\/\/bluedoggenetics.com\/de\/#organization"},"alternateName":"BLUEDOG GENETICS","potentialAction":[{"@type":"SearchAction","target":{"@type":"EntryPoint","urlTemplate":"https:\/\/bluedoggenetics.com\/de\/?s={search_term_string}"},"query-input":{"@type":"PropertyValueSpecification","valueRequired":true,"valueName":"search_term_string"}}],"inLanguage":"de"},{"@type":"Organization","@id":"https:\/\/bluedoggenetics.com\/de\/#organization","name":"BLUEDOG GENETICS","url":"https:\/\/bluedoggenetics.com\/de\/","logo":{"@type":"ImageObject","inLanguage":"de","@id":"https:\/\/bluedoggenetics.com\/de\/#\/schema\/logo\/image\/","url":"https:\/\/bluedoggenetics.com\/wp-content\/uploads\/2024\/11\/appIcon.png","contentUrl":"https:\/\/bluedoggenetics.com\/wp-content\/uploads\/2024\/11\/appIcon.png","width":1024,"height":1024,"caption":"BLUEDOG GENETICS"},"image":{"@id":"https:\/\/bluedoggenetics.com\/de\/#\/schema\/logo\/image\/"},"sameAs":["https:\/\/www.instagram.com\/bluedog.genetics\/"]}]}},"sticker_url":"https:\/\/bluedoggenetics.com\/wp-content\/uploads\/2026\/03\/barneys-farm.webp","variations_full":[{"id":4567,"price":12,"regular_price":12,"attributes":{"attribute_pa_cantidad":"pack-1"},"image_src":"https:\/\/bluedoggenetics.com\/wp-content\/uploads\/2026\/03\/blue-dream_circle_new_21_112536.webp","is_in_stock":true},{"id":4568,"price":32,"regular_price":32,"attributes":{"attribute_pa_cantidad":"pack-3"},"image_src":"https:\/\/bluedoggenetics.com\/wp-content\/uploads\/2026\/03\/blue-dream_circle_new_21_112536.webp","is_in_stock":true},{"id":4569,"price":48,"regular_price":48,"attributes":{"attribute_pa_cantidad":"pack-5"},"image_src":"https:\/\/bluedoggenetics.com\/wp-content\/uploads\/2026\/03\/blue-dream_circle_new_21_112536.webp","is_in_stock":true},{"id":4570,"price":85,"regular_price":85,"attributes":{"attribute_pa_cantidad":"pack-10"},"image_src":"https:\/\/bluedoggenetics.com\/wp-content\/uploads\/2026\/03\/blue-dream_circle_new_21_112536.webp","is_in_stock":true}],"jetpack_sharing_enabled":true,"_links":{"self":[{"href":"https:\/\/bluedoggenetics.com\/de\/wp-json\/wp\/v2\/product\/4555","targetHints":{"allow":["GET"]}}],"collection":[{"href":"https:\/\/bluedoggenetics.com\/de\/wp-json\/wp\/v2\/product"}],"about":[{"href":"https:\/\/bluedoggenetics.com\/de\/wp-json\/wp\/v2\/types\/product"}],"wp:featuredmedia":[{"embeddable":true,"href":"https:\/\/bluedoggenetics.com\/de\/wp-json\/wp\/v2\/media\/3498"}],"wp:attachment":[{"href":"https:\/\/bluedoggenetics.com\/de\/wp-json\/wp\/v2\/media?parent=4555"}],"wp:term":[{"taxonomy":"product_brand","embeddable":true,"href":"https:\/\/bluedoggenetics.com\/de\/wp-json\/wp\/v2\/product_brand?post=4555"},{"taxonomy":"product_cat","embeddable":true,"href":"https:\/\/bluedoggenetics.com\/de\/wp-json\/wp\/v2\/product_cat?post=4555"},{"taxonomy":"product_tag","embeddable":true,"href":"https:\/\/bluedoggenetics.com\/de\/wp-json\/wp\/v2\/product_tag?post=4555"}],"curies":[{"name":"wp","href":"https:\/\/api.w.org\/{rel}","templated":true}]}}