{"id":4427,"date":"2026-03-29T17:52:54","date_gmt":"2026-03-29T15:52:54","guid":{"rendered":"https:\/\/bluedoggenetics.com\/?post_type=product&#038;p=4427"},"modified":"2026-05-06T14:57:00","modified_gmt":"2026-05-06T12:57:00","slug":"skunk-1","status":"publish","type":"product","link":"https:\/\/bluedoggenetics.com\/de\/produkt\/samen\/feminisierte\/skunk-1\/","title":{"rendered":"Stinktier #1"},"content":{"rendered":"<p>Wenn Sie sich entscheiden, die Samen von zu integrieren <strong>Stinktier #1<\/strong> in Ihrem Anbauraum oder Garten im Freien sorgen Sie f\u00fcr eine Genetik von extrem hoher Zuverl\u00e4ssigkeit und erstaunlicher Leistung. Diese Sorte zeichnet sich durch ihre enorme vegetative Kraft aus, die in der Lage ist, solide Strukturen zu erzeugen, die das Gewicht von Pflanzen tragen k\u00f6nnen, die unter optimalen Bedingungen in Innenr\u00e4umen weit \u00fcber 600 g\/m2 liegen. Wenn jede Pflanze im Freien in voller Sonne w\u00e4chst, kann sie zu einem wahren produktiven Monster werden.<\/p>\n<p>Auf der Wirkungsebene <strong>Stinktier #1<\/strong> bleibt nicht zur\u00fcck. Beim Verzehr sp\u00fcren Sie schnell eine kraftvolle Wirkung, die einen tiefen und anhaltenden Zustand k\u00f6rperlicher Entspannung ausl\u00f6st, der Stress lindert \u2013 ideal f\u00fcr anspruchsvolle Gaumen, die auf der Suche nach ungemilderter Kraft und einem tiefen und anhaltenden Geschmackserlebnis sind.<\/p>\n<p><b>Blumenbild.<\/b> Die von dieser Genetik produzierten Knospen sind erstklassig: extrem dicht, schwer und kompakt. Optisch fallen sie durch ihre kr\u00e4ftigen Gr\u00fcnt\u00f6ne auf, die je nach Ph\u00e4notyp und Nachttemperaturen wundersch\u00f6ne bl\u00e4uliche oder violette Farbt\u00f6ne entwickeln k\u00f6nnen. Das Beeindruckendste ist die \u00fcbergro\u00dfe Schicht aus kristallinem Harz, die die Bl\u00fcten wie mit Zucker \u00fcberzogen erscheinen l\u00e4sst und bei der geringsten Ber\u00fchrung berauschende Aromen verstr\u00f6mt.<\/p>\n<p><b>Pflanzenmorphologie.<\/b> W\u00e4hrend seiner Wachstumsphase <strong>Stinktier #1<\/strong> Sie erweist sich als eine sehr widerstandsf\u00e4hige und dankbare Sorte. Sie verf\u00fcgt \u00fcber einen optimalen Internodienabstand, der eine ordnungsgem\u00e4\u00dfe Bel\u00fcftung erleichtert und dicke Seiten\u00e4ste entwickelt, die mit ihrer massiven und markanten zentralen Bl\u00fctenspitze um die Absorption des gesamten verf\u00fcgbaren Lichts konkurrieren.<\/p>\n<h3><b>Anbautipps<\/b><\/h3>\n<ul>\n<li><strong>Was ist das ideale Klima f\u00fcr den Anbau von Skunk #1 ?<\/strong>\n<p>Sie entwickelt sich spektakul\u00e4r in warmen und sonnigen mediterranen Klimazonen, obwohl ihre herausragende genetische Resistenz es ihr erm\u00f6glicht, sich problemlos an leichte Schwankungen und gem\u00e4\u00dfigtere oder feuchtere Umgebungen anzupassen.<\/li>\n<li><strong>Welche Trainingstechniken funktionieren am besten mit Skunk #1 ?<\/strong>\n<p>Dank seiner kr\u00e4ftigen Verzweigung reagiert es wunderbar auf Low-Stress-Techniken (LST) und SCROG-Netze, was Ihnen dabei hilft, die Lichtdurchdringung zu maximieren und das Bl\u00e4tterdach gleichm\u00e4\u00dfig zu gestalten.<\/li>\n<li><strong>Welche Art der D\u00fcngung ben\u00f6tigt Skunk #1 ?<\/strong>\n<p>Es ist eine Pflanze mit einem uners\u00e4ttlichen Appetit w\u00e4hrend der Wochen maximaler Mast. Ein organisches Ern\u00e4hrungsprogramm, das reich an PK-Stimulatoren ist, bringt die ganze S\u00fc\u00dfe und Komplexit\u00e4t seiner Terpene zur Geltung.<\/li>\n<li><strong>Wie sollten die Bew\u00e4sserung und Luftfeuchtigkeit f\u00fcr Skunk #1 sein?<\/strong>\n<p>Geben Sie reichlich Wasser, aber lassen Sie das Substrat zwischen den Zyklen immer atmen. Halten Sie die relative Luftfeuchtigkeit in der fortgeschrittenen Bl\u00fctezeit streng unter 45-50 %, um die sehr hohe Dichte der Bl\u00fctenkelche zu sch\u00fctzen.<\/li>\n<li><strong>Ist es notwendig, die Skunk #1 -Pflanze zu beschneiden?<\/strong>\n<p>Ja, ein gro\u00dfz\u00fcgiger R\u00fcckschnitt der niedrigen Zweige (Lollipopping) zu Beginn der Bl\u00fcte und eine leichte selektive Blattentfernung lenken die gesamte Energie auf die \u00fcppigen Hauptspitzen.<\/li>\n<\/ul>","protected":false},"excerpt":{"rendered":"<p><strong>Stinktier #1<\/strong> hat sich schnell als unverzichtbare Genetik von Barney's Farm etabliert. Dieser au\u00dfergew\u00f6hnliche feminisierte Samen (<strong>Indica<\/strong>) weist einen \u00fcberw\u00e4ltigenden THC-Gehalt auf, der zwischen <strong>18-25%<\/strong>.<\/p>","protected":false},"featured_media":3536,"template":"","meta":{"_acf_changed":false,"inline_featured_image":false,"_wp_applaud_exclude":false},"product_brand":[192],"product_cat":[22],"product_tag":[],"class_list":{"0":"post-4427","1":"product","2":"type-product","3":"status-publish","4":"has-post-thumbnail","6":"product_brand-barneys-farm","7":"product_cat-feminizadas","8":"pa_altura-exterior-120-150","9":"pa_altura-interior-90-120","10":"pa_beneficios-terapeuticos-alivio-del-dolor","11":"pa_beneficios-terapeuticos-ayuda-para-dormir","12":"pa_beneficios-terapeuticos-reduccion-de-nauseas","13":"pa_cantidad-pack-1","14":"pa_cantidad-pack-10","15":"pa_cantidad-pack-3","16":"pa_cantidad-pack-5","17":"pa_clima-calido","18":"pa_cosecha-exterior-750-850","19":"pa_cosecha-interior-550-650","20":"pa_efectos-destacables-adormecido","21":"pa_efectos-destacables-alegre","22":"pa_efectos-destacables-relajado","23":"pa_floracion-8-9","24":"pa_genetica-65-35","25":"pa_olor-intenso","26":"pa_sabores-y-olores-dulce","27":"pa_sabores-y-olores-skunk","28":"pa_sabores-y-olores-terroso","29":"pa_thc-18-25-2","30":"pa_variedad-indica","31":"pa_variedad-mayormente-indica","33":"first","34":"instock","35":"taxable","36":"shipping-taxable","37":"purchasable","38":"product-type-variable"},"acf":{"sticker":"https:\/\/bluedoggenetics.com\/wp-content\/uploads\/2026\/03\/barneys-farm.webp","family_tree":""},"yoast_head":"<!-- This site is optimized with the Yoast SEO plugin v26.5 - https:\/\/yoast.com\/wordpress\/plugins\/seo\/ -->\n<title>Skunk #1 de Barney&#039;s Farm - BLUEDOG GENETICS Seeds<\/title>\n<meta name=\"description\" content=\"Skunk #1 de Barney&#039;s Farm: la leyenda original con aroma dulce y terroso. Gen\u00e9tica estable, muy productiva y de efecto potente. \u00a1Compra tus semillas ahora!\" \/>\n<meta name=\"robots\" content=\"index, follow, max-snippet:-1, max-image-preview:large, max-video-preview:-1\" \/>\n<link rel=\"canonical\" href=\"https:\/\/bluedoggenetics.com\/de\/produkt\/feminisierte\/skunk-1\/\" \/>\n<meta property=\"og:locale\" content=\"de_DE\" \/>\n<meta property=\"og:type\" content=\"article\" \/>\n<meta property=\"og:title\" content=\"Skunk #1 de Barney&#039;s Farm - BLUEDOG GENETICS Seeds\" \/>\n<meta property=\"og:description\" content=\"Skunk #1 de Barney&#039;s Farm: la leyenda original con aroma dulce y terroso. Gen\u00e9tica estable, muy productiva y de efecto potente. \u00a1Compra tus semillas ahora!\" \/>\n<meta property=\"og:url\" content=\"https:\/\/bluedoggenetics.com\/de\/produkt\/feminisierte\/skunk-1\/\" \/>\n<meta property=\"og:site_name\" content=\"BLUEDOG GENETICS Seeds\" \/>\n<meta property=\"article:modified_time\" content=\"2026-05-06T12:57:00+00:00\" \/>\n<meta property=\"og:image\" content=\"https:\/\/bluedoggenetics.com\/wp-content\/uploads\/2026\/03\/skunk-1_circle_new_21_337003.webp\" \/>\n\t<meta property=\"og:image:width\" content=\"475\" \/>\n\t<meta property=\"og:image:height\" content=\"570\" \/>\n\t<meta property=\"og:image:type\" content=\"image\/webp\" \/>\n<meta name=\"twitter:card\" content=\"summary_large_image\" \/>\n<meta name=\"twitter:label1\" content=\"Gesch\u00e4tzte Lesezeit\" \/>\n\t<meta name=\"twitter:data1\" content=\"3\u00a0Minuten\" \/>\n<script type=\"application\/ld+json\" class=\"yoast-schema-graph\">{\"@context\":\"https:\/\/schema.org\",\"@graph\":[{\"@type\":[\"WebPage\",\"ItemPage\"],\"@id\":\"https:\/\/bluedoggenetics.com\/producto\/feminizadas\/skunk-1\/\",\"url\":\"https:\/\/bluedoggenetics.com\/producto\/feminizadas\/skunk-1\/\",\"name\":\"Skunk #1 de Barney's Farm - BLUEDOG GENETICS Seeds\",\"isPartOf\":{\"@id\":\"https:\/\/bluedoggenetics.com\/de\/#website\"},\"primaryImageOfPage\":{\"@id\":\"https:\/\/bluedoggenetics.com\/producto\/feminizadas\/skunk-1\/#primaryimage\"},\"image\":{\"@id\":\"https:\/\/bluedoggenetics.com\/producto\/feminizadas\/skunk-1\/#primaryimage\"},\"thumbnailUrl\":\"https:\/\/bluedoggenetics.com\/wp-content\/uploads\/2026\/03\/skunk-1_circle_new_21_337003.webp\",\"datePublished\":\"2026-03-29T15:52:54+00:00\",\"dateModified\":\"2026-05-06T12:57:00+00:00\",\"description\":\"Skunk #1 de Barney's Farm: la leyenda original con aroma dulce y terroso. Gen\u00e9tica estable, muy productiva y de efecto potente. \u00a1Compra tus semillas ahora!\",\"breadcrumb\":{\"@id\":\"https:\/\/bluedoggenetics.com\/producto\/feminizadas\/skunk-1\/#breadcrumb\"},\"inLanguage\":\"de\",\"potentialAction\":[{\"@type\":\"ReadAction\",\"target\":[\"https:\/\/bluedoggenetics.com\/producto\/feminizadas\/skunk-1\/\"]}]},{\"@type\":\"ImageObject\",\"inLanguage\":\"de\",\"@id\":\"https:\/\/bluedoggenetics.com\/producto\/feminizadas\/skunk-1\/#primaryimage\",\"url\":\"https:\/\/bluedoggenetics.com\/wp-content\/uploads\/2026\/03\/skunk-1_circle_new_21_337003.webp\",\"contentUrl\":\"https:\/\/bluedoggenetics.com\/wp-content\/uploads\/2026\/03\/skunk-1_circle_new_21_337003.webp\",\"width\":475,\"height\":570,\"caption\":\"Skunk de Barney's Farm\"},{\"@type\":\"BreadcrumbList\",\"@id\":\"https:\/\/bluedoggenetics.com\/producto\/feminizadas\/skunk-1\/#breadcrumb\",\"itemListElement\":[{\"@type\":\"ListItem\",\"position\":1,\"name\":\"Portada\",\"item\":\"https:\/\/bluedoggenetics.com\/\"},{\"@type\":\"ListItem\",\"position\":2,\"name\":\"Tienda\",\"item\":\"https:\/\/bluedoggenetics.com\/fr\/tienda\/\"},{\"@type\":\"ListItem\",\"position\":3,\"name\":\"Skunk #1\"}]},{\"@type\":\"WebSite\",\"@id\":\"https:\/\/bluedoggenetics.com\/de\/#website\",\"url\":\"https:\/\/bluedoggenetics.com\/de\/\",\"name\":\"BLUEDOG GENETICS Seeds\",\"description\":\"Compara y compra las mejores semillas de cannabis. Feminizadas, Autoflorecientes, CBD.\",\"publisher\":{\"@id\":\"https:\/\/bluedoggenetics.com\/de\/#organization\"},\"alternateName\":\"BLUEDOG GENETICS\",\"potentialAction\":[{\"@type\":\"SearchAction\",\"target\":{\"@type\":\"EntryPoint\",\"urlTemplate\":\"https:\/\/bluedoggenetics.com\/de\/?s={search_term_string}\"},\"query-input\":{\"@type\":\"PropertyValueSpecification\",\"valueRequired\":true,\"valueName\":\"search_term_string\"}}],\"inLanguage\":\"de\"},{\"@type\":\"Organization\",\"@id\":\"https:\/\/bluedoggenetics.com\/de\/#organization\",\"name\":\"BLUEDOG GENETICS\",\"url\":\"https:\/\/bluedoggenetics.com\/de\/\",\"logo\":{\"@type\":\"ImageObject\",\"inLanguage\":\"de\",\"@id\":\"https:\/\/bluedoggenetics.com\/de\/#\/schema\/logo\/image\/\",\"url\":\"https:\/\/bluedoggenetics.com\/wp-content\/uploads\/2024\/11\/appIcon.png\",\"contentUrl\":\"https:\/\/bluedoggenetics.com\/wp-content\/uploads\/2024\/11\/appIcon.png\",\"width\":1024,\"height\":1024,\"caption\":\"BLUEDOG GENETICS\"},\"image\":{\"@id\":\"https:\/\/bluedoggenetics.com\/de\/#\/schema\/logo\/image\/\"},\"sameAs\":[\"https:\/\/www.instagram.com\/bluedog.genetics\/\"]}]}<\/script>\n<!-- \/ Yoast SEO plugin. -->","yoast_head_json":{"title":"Skunk #1 von Barney's Farm - BLUEDOG GENETICS Seeds","description":"Barney's Farm Skunk #1 : Die urspr\u00fcngliche Legende mit einem s\u00fc\u00dfen, erdigen Aroma. Stabile Genetik, sehr produktiv und mit starker Wirkung. Kaufen Sie jetzt Ihre Samen!","robots":{"index":"index","follow":"follow","max-snippet":"max-snippet:-1","max-image-preview":"max-image-preview:large","max-video-preview":"max-video-preview:-1"},"canonical":"https:\/\/bluedoggenetics.com\/de\/produkt\/feminisierte\/skunk-1\/","og_locale":"de_DE","og_type":"article","og_title":"Skunk #1 de Barney's Farm - BLUEDOG GENETICS Seeds","og_description":"Skunk #1 de Barney's Farm: la leyenda original con aroma dulce y terroso. Gen\u00e9tica estable, muy productiva y de efecto potente. \u00a1Compra tus semillas ahora!","og_url":"https:\/\/bluedoggenetics.com\/de\/produkt\/feminisierte\/skunk-1\/","og_site_name":"BLUEDOG GENETICS Seeds","article_modified_time":"2026-05-06T12:57:00+00:00","og_image":[{"width":475,"height":570,"url":"https:\/\/bluedoggenetics.com\/wp-content\/uploads\/2026\/03\/skunk-1_circle_new_21_337003.webp","type":"image\/webp"}],"twitter_card":"summary_large_image","twitter_misc":{"Gesch\u00e4tzte Lesezeit":"3\u00a0Minuten"},"schema":{"@context":"https:\/\/schema.org","@graph":[{"@type":["WebPage","ItemPage"],"@id":"https:\/\/bluedoggenetics.com\/producto\/feminizadas\/skunk-1\/","url":"https:\/\/bluedoggenetics.com\/producto\/feminizadas\/skunk-1\/","name":"Skunk #1 von Barney's Farm - BLUEDOG GENETICS Seeds","isPartOf":{"@id":"https:\/\/bluedoggenetics.com\/de\/#website"},"primaryImageOfPage":{"@id":"https:\/\/bluedoggenetics.com\/producto\/feminizadas\/skunk-1\/#primaryimage"},"image":{"@id":"https:\/\/bluedoggenetics.com\/producto\/feminizadas\/skunk-1\/#primaryimage"},"thumbnailUrl":"https:\/\/bluedoggenetics.com\/wp-content\/uploads\/2026\/03\/skunk-1_circle_new_21_337003.webp","datePublished":"2026-03-29T15:52:54+00:00","dateModified":"2026-05-06T12:57:00+00:00","description":"Barney's Farm Skunk #1 : Die urspr\u00fcngliche Legende mit einem s\u00fc\u00dfen, erdigen Aroma. Stabile Genetik, sehr produktiv und mit starker Wirkung. Kaufen Sie jetzt Ihre Samen!","breadcrumb":{"@id":"https:\/\/bluedoggenetics.com\/producto\/feminizadas\/skunk-1\/#breadcrumb"},"inLanguage":"de","potentialAction":[{"@type":"ReadAction","target":["https:\/\/bluedoggenetics.com\/producto\/feminizadas\/skunk-1\/"]}]},{"@type":"ImageObject","inLanguage":"de","@id":"https:\/\/bluedoggenetics.com\/producto\/feminizadas\/skunk-1\/#primaryimage","url":"https:\/\/bluedoggenetics.com\/wp-content\/uploads\/2026\/03\/skunk-1_circle_new_21_337003.webp","contentUrl":"https:\/\/bluedoggenetics.com\/wp-content\/uploads\/2026\/03\/skunk-1_circle_new_21_337003.webp","width":475,"height":570,"caption":"Skunk de Barney's Farm"},{"@type":"BreadcrumbList","@id":"https:\/\/bluedoggenetics.com\/producto\/feminizadas\/skunk-1\/#breadcrumb","itemListElement":[{"@type":"ListItem","position":1,"name":"Portada","item":"https:\/\/bluedoggenetics.com\/"},{"@type":"ListItem","position":2,"name":"Tienda","item":"https:\/\/bluedoggenetics.com\/fr\/tienda\/"},{"@type":"ListItem","position":3,"name":"Skunk #1"}]},{"@type":"WebSite","@id":"https:\/\/bluedoggenetics.com\/de\/#website","url":"https:\/\/bluedoggenetics.com\/de\/","name":"BLUEDOG GENETICS Seeds","description":"Vergleiche und kaufe die besten Hanfsamen. Feminisiert, Autoflowering, CBD.","publisher":{"@id":"https:\/\/bluedoggenetics.com\/de\/#organization"},"alternateName":"BLUEDOG GENETICS","potentialAction":[{"@type":"SearchAction","target":{"@type":"EntryPoint","urlTemplate":"https:\/\/bluedoggenetics.com\/de\/?s={search_term_string}"},"query-input":{"@type":"PropertyValueSpecification","valueRequired":true,"valueName":"search_term_string"}}],"inLanguage":"de"},{"@type":"Organization","@id":"https:\/\/bluedoggenetics.com\/de\/#organization","name":"BLUEDOG GENETICS","url":"https:\/\/bluedoggenetics.com\/de\/","logo":{"@type":"ImageObject","inLanguage":"de","@id":"https:\/\/bluedoggenetics.com\/de\/#\/schema\/logo\/image\/","url":"https:\/\/bluedoggenetics.com\/wp-content\/uploads\/2024\/11\/appIcon.png","contentUrl":"https:\/\/bluedoggenetics.com\/wp-content\/uploads\/2024\/11\/appIcon.png","width":1024,"height":1024,"caption":"BLUEDOG GENETICS"},"image":{"@id":"https:\/\/bluedoggenetics.com\/de\/#\/schema\/logo\/image\/"},"sameAs":["https:\/\/www.instagram.com\/bluedog.genetics\/"]}]}},"sticker_url":"https:\/\/bluedoggenetics.com\/wp-content\/uploads\/2026\/03\/barneys-farm.webp","variations_full":[{"id":4433,"price":12,"regular_price":12,"attributes":{"attribute_pa_cantidad":"pack-1"},"image_src":"https:\/\/bluedoggenetics.com\/wp-content\/uploads\/2026\/03\/skunk-1_circle_new_21_337003.webp","is_in_stock":true},{"id":4434,"price":32,"regular_price":32,"attributes":{"attribute_pa_cantidad":"pack-3"},"image_src":"https:\/\/bluedoggenetics.com\/wp-content\/uploads\/2026\/03\/skunk-1_circle_new_21_337003.webp","is_in_stock":true},{"id":4435,"price":48,"regular_price":48,"attributes":{"attribute_pa_cantidad":"pack-5"},"image_src":"https:\/\/bluedoggenetics.com\/wp-content\/uploads\/2026\/03\/skunk-1_circle_new_21_337003.webp","is_in_stock":true},{"id":4436,"price":85,"regular_price":85,"attributes":{"attribute_pa_cantidad":"pack-10"},"image_src":"https:\/\/bluedoggenetics.com\/wp-content\/uploads\/2026\/03\/skunk-1_circle_new_21_337003.webp","is_in_stock":true}],"jetpack_sharing_enabled":true,"_links":{"self":[{"href":"https:\/\/bluedoggenetics.com\/de\/wp-json\/wp\/v2\/product\/4427","targetHints":{"allow":["GET"]}}],"collection":[{"href":"https:\/\/bluedoggenetics.com\/de\/wp-json\/wp\/v2\/product"}],"about":[{"href":"https:\/\/bluedoggenetics.com\/de\/wp-json\/wp\/v2\/types\/product"}],"wp:featuredmedia":[{"embeddable":true,"href":"https:\/\/bluedoggenetics.com\/de\/wp-json\/wp\/v2\/media\/3536"}],"wp:attachment":[{"href":"https:\/\/bluedoggenetics.com\/de\/wp-json\/wp\/v2\/media?parent=4427"}],"wp:term":[{"taxonomy":"product_brand","embeddable":true,"href":"https:\/\/bluedoggenetics.com\/de\/wp-json\/wp\/v2\/product_brand?post=4427"},{"taxonomy":"product_cat","embeddable":true,"href":"https:\/\/bluedoggenetics.com\/de\/wp-json\/wp\/v2\/product_cat?post=4427"},{"taxonomy":"product_tag","embeddable":true,"href":"https:\/\/bluedoggenetics.com\/de\/wp-json\/wp\/v2\/product_tag?post=4427"}],"curies":[{"name":"wp","href":"https:\/\/api.w.org\/{rel}","templated":true}]}}