{"id":4293,"date":"2026-03-29T17:52:08","date_gmt":"2026-03-29T15:52:08","guid":{"rendered":"https:\/\/bluedoggenetics.com\/?post_type=product&#038;p=4293"},"modified":"2026-05-06T14:56:28","modified_gmt":"2026-05-06T12:56:28","slug":"zkittlez-og-auto","status":"publish","type":"product","link":"https:\/\/bluedoggenetics.com\/de\/produkt\/samen\/autoflowering\/zkittlez-og-auto\/","title":{"rendered":"Zkittlez OG Auto"},"content":{"rendered":"<p>Die Samen von <strong>Zkittlez OG Auto<\/strong> Sie r\u00e4umen mit allen Vorurteilen \u00fcber die Leistung selbstbl\u00fchender Genetik auf. Sie entwickelt sich vom ersten Tag an mit erstaunlicher Hybridkraft und durchl\u00e4uft ihren gesamten Zyklus von der Aussaat bis zur Ernte in einem Zeitraum von 70 bis 75 Tagen. Dank seiner beeindruckenden Produktionskapazit\u00e4t, die in Innenr\u00e4umen 600 Gramm pro Quadratmeter erreichen und \u00fcbersteigen kann, erfreut sich dieses botanische Juwel gro\u00dfer Beliebtheit bei gewerblichen Z\u00fcchtern und Privatpersonen in so wettbewerbsintensiven M\u00e4rkten wie Deutschland, Frankreich, den Vereinigten Staaten und Spanien.<\/p>\n<p>Die Wirkung des Zkittlez OG Auto ist ein wahres modernes Wunderwerk. Aufgrund seines hervorragenden genetischen Gleichgewichts (50 % Indica \/ 50 % Sativa) bietet es eine berauschende und kraftvolle anf\u00e4ngliche Gehirnstimulation, die Kreativit\u00e4t, Geselligkeit und Konzentration f\u00f6rdert. Mit der Zeit \u00fcbernimmt das OG Kush -Erbe die Kontrolle und versetzt Ihren K\u00f6rper in einen Zustand tiefer, beruhigender k\u00f6rperlicher Entspannung, der wunderbar dabei hilft, Muskelverspannungen zu l\u00f6sen und mentalen Stress zu lindern.<\/p>\n<p><b>Blumenbild.<\/b> Die Bl\u00fctenb\u00fcschel sind ein Spektakel. Volumin\u00f6se, schwere Knospen mit robuster Struktur, verziert mit leuchtend orangefarbenen Haaren und gelegentlich rosa oder violetten Farbt\u00f6nen. Das Highlight ist ihre au\u00dfergew\u00f6hnliche und gl\u00e4nzende Schicht aus Trichomen voller Harz, die f\u00fcr das explosive Aroma tropischer Fruchtbonbons mit dem klassischen Kiefernhintergrund der OG-Genetik verantwortlich ist.<\/p>\n<p><b>Pflanzenmorphologie.<\/b> W\u00e4hrend seiner Entwicklung weist es eine unglaublich starke und robuste Morphologie auf und \u00fcbernimmt die klassische Struktur von OG Kush . Sie w\u00e4chst viel gr\u00f6\u00dfer als andere Autoflowers und erreicht eine H\u00f6he von 100 bis 130 cm. Sie entwickelt einen enormen Abstand zwischen den Knoten und lange Seitenzweige, die bis zum Rand mit schweren, frostigen Bl\u00fcten gef\u00fcllt sind.<\/p>\n<h3><b>Anbautipps<\/b><\/h3>\n<ul>\n<li><strong>Was ist das ideale Klima f\u00fcr den Anbau von Zkittlez OG Auto ?<\/strong>\n<p>Es ist eine robuste Sorte und resistent gegen die meisten Sch\u00e4dlinge und Pilze. Sie f\u00fchlt sich in trockenen, warmen und typisch mediterranen Klimazonen am wohlsten unter direkter Sonneneinstrahlung.<\/li>\n<li><strong>Welche Trainingstechniken funktionieren am besten mit Zkittlez OG Auto ?<\/strong>\n<p>Aufgrund seiner Gr\u00f6\u00dfe und seiner gro\u00dfen Kraft in den seitlichen \u00c4sten ist das Anbinden und sanfte F\u00fchren der \u00c4ste (LST) sehr vorteilhaft, um ein gleichm\u00e4\u00dfiges Bl\u00e4tterdach zu bilden und die Durchdringung des Lichts des Scheinwerfers zu maximieren.<\/li>\n<li><strong>Welche Art der D\u00fcngung ben\u00f6tigt Zkittlez OG Auto ?<\/strong>\n<p>Diese Genetik verstoffwechselt w\u00e4hrend der Bl\u00fcte gro\u00dfe Mengen an N\u00e4hrstoffen. Die Bereitstellung eines guten Wurzelstimulators in den ersten Wochen und eine reiche F\u00fctterung mit Bio-PK im Endstadium werden das Gewicht und die S\u00fc\u00dfe der Ernte vervielfachen.<\/li>\n<li><strong>Wie sollten Bew\u00e4sserung und Luftfeuchtigkeit f\u00fcr Zkittlez OG Auto sein?<\/strong>\n<p>Als gro\u00dfes Auto ist sein Wurzelsystem anspruchsvoll; Gie\u00dfen Sie reichlich, aber achten Sie immer auf Trockenzyklen zwischen den Bew\u00e4sserungen, damit sich die Wurzel ausdehnt. Halten Sie die Luftfeuchtigkeit am Ende der Kultivierung bei etwa 40\u201345 %.<\/li>\n<li><strong>Ist es notwendig, die Zkittlez OG Auto -Pflanze zu beschneiden?<\/strong>\n<p>Um Stressprobleme zu vermeiden, vermeiden Sie unbedingt einen Spitzenschnitt. Sobald die Bl\u00fcte begonnen hat, k\u00f6nnen Sie bei zu dichtem Bl\u00e4tterdach eine leichte und sehr ma\u00dfvolle Schattenentfernung durchf\u00fchren.<\/li>\n<\/ul>","protected":false},"excerpt":{"rendered":"<p><strong>Zkittlez OG Auto<\/strong> Sie ist ein wahrer Champion in der Welt der selbstbl\u00fchenden Sorten. Dieser 50\/50-Hybrid, das Ergebnis einer Kreuzung zwischen Zkittlez , OG Kush und BF Super Auto, bietet erstaunliche THC-Werte und eine Kaskade fruchtiger Terpene, die an S\u00fc\u00dfigkeiten und exotische Fr\u00fcchte erinnern. Es verspricht sehr hohe Ertr\u00e4ge und Wirkungen mit einer perfekten Balance zwischen tiefer k\u00f6rperlicher Entspannung und einem gl\u00fccklichen und kreativen Zustand geistiger Wachheit.<\/p>","protected":false},"featured_media":3559,"template":"","meta":{"_acf_changed":false,"inline_featured_image":false,"_wp_applaud_exclude":false},"product_brand":[192],"product_cat":[21],"product_tag":[],"class_list":{"0":"post-4293","1":"product","2":"type-product","3":"status-publish","4":"has-post-thumbnail","6":"product_brand-barneys-farm","7":"product_cat-autoflorecientes","8":"pa_altura-exterior-120-150","9":"pa_altura-interior-90-120","10":"pa_beneficios-terapeuticos-alivio-de-ansiedad","11":"pa_beneficios-terapeuticos-alivio-del-dolor","12":"pa_cantidad-pack-1","13":"pa_cantidad-pack-10","14":"pa_cantidad-pack-3","15":"pa_cantidad-pack-5","16":"pa_clima-calido","17":"pa_cosecha-exterior-550-650","18":"pa_cosecha-interior-550-650","19":"pa_efectos-destacables-activo","20":"pa_efectos-destacables-creativo","21":"pa_efectos-destacables-euforico","22":"pa_efectos-destacables-relajado","23":"pa_floracion-10-11","24":"pa_genetica-50-50","25":"pa_olor-intenso","26":"pa_sabores-y-olores-afrutado","27":"pa_sabores-y-olores-bayas","28":"pa_sabores-y-olores-dulce","29":"pa_sabores-y-olores-floral","30":"pa_sabores-y-olores-tropical","31":"pa_thc-20-26","32":"pa_variedad-autofloreciente","33":"pa_variedad-hibrida","35":"first","36":"instock","37":"taxable","38":"shipping-taxable","39":"purchasable","40":"product-type-variable"},"acf":{"sticker":"https:\/\/bluedoggenetics.com\/wp-content\/uploads\/2026\/03\/barneys-farm.webp","family_tree":""},"yoast_head":"<!-- This site is optimized with the Yoast SEO plugin v26.5 - https:\/\/yoast.com\/wordpress\/plugins\/seo\/ -->\n<title>Zkittlez OG Auto - BLUEDOG GENETICS Seeds<\/title>\n<meta name=\"description\" content=\"Zkittlez OG Auto de Barney&#039;s Farm: el h\u00edbrido con 20% de THC y aroma a caramelo de frutas y Kush. Ciclo r\u00e1pido y gran producci\u00f3n. \u00a1Compra tus semillas ahora!\" \/>\n<meta name=\"robots\" content=\"index, follow, max-snippet:-1, max-image-preview:large, max-video-preview:-1\" \/>\n<link rel=\"canonical\" href=\"https:\/\/bluedoggenetics.com\/de\/produkt\/autoflowering\/zkittlez-og-auto\/\" \/>\n<meta property=\"og:locale\" content=\"de_DE\" \/>\n<meta property=\"og:type\" content=\"article\" \/>\n<meta property=\"og:title\" content=\"Zkittlez OG Auto - BLUEDOG GENETICS Seeds\" \/>\n<meta property=\"og:description\" content=\"Zkittlez OG Auto de Barney&#039;s Farm: el h\u00edbrido con 20% de THC y aroma a caramelo de frutas y Kush. Ciclo r\u00e1pido y gran producci\u00f3n. \u00a1Compra tus semillas ahora!\" \/>\n<meta property=\"og:url\" content=\"https:\/\/bluedoggenetics.com\/de\/produkt\/autoflowering\/zkittlez-og-auto\/\" \/>\n<meta property=\"og:site_name\" content=\"BLUEDOG GENETICS Seeds\" \/>\n<meta property=\"article:modified_time\" content=\"2026-05-06T12:56:28+00:00\" \/>\n<meta property=\"og:image\" content=\"https:\/\/bluedoggenetics.com\/wp-content\/uploads\/2026\/03\/zkittlez-og-auto_circle_new_21_125352.webp\" \/>\n\t<meta property=\"og:image:width\" content=\"475\" \/>\n\t<meta property=\"og:image:height\" content=\"570\" \/>\n\t<meta property=\"og:image:type\" content=\"image\/webp\" \/>\n<meta name=\"twitter:card\" content=\"summary_large_image\" \/>\n<meta name=\"twitter:label1\" content=\"Gesch\u00e4tzte Lesezeit\" \/>\n\t<meta name=\"twitter:data1\" content=\"3\u00a0Minuten\" \/>\n<script type=\"application\/ld+json\" class=\"yoast-schema-graph\">{\"@context\":\"https:\/\/schema.org\",\"@graph\":[{\"@type\":[\"WebPage\",\"ItemPage\"],\"@id\":\"https:\/\/bluedoggenetics.com\/producto\/autoflorecientes\/zkittlez-og-auto\/\",\"url\":\"https:\/\/bluedoggenetics.com\/producto\/autoflorecientes\/zkittlez-og-auto\/\",\"name\":\"Zkittlez OG Auto - BLUEDOG GENETICS Seeds\",\"isPartOf\":{\"@id\":\"https:\/\/bluedoggenetics.com\/de\/#website\"},\"primaryImageOfPage\":{\"@id\":\"https:\/\/bluedoggenetics.com\/producto\/autoflorecientes\/zkittlez-og-auto\/#primaryimage\"},\"image\":{\"@id\":\"https:\/\/bluedoggenetics.com\/producto\/autoflorecientes\/zkittlez-og-auto\/#primaryimage\"},\"thumbnailUrl\":\"https:\/\/bluedoggenetics.com\/wp-content\/uploads\/2026\/03\/zkittlez-og-auto_circle_new_21_125352.webp\",\"datePublished\":\"2026-03-29T15:52:08+00:00\",\"dateModified\":\"2026-05-06T12:56:28+00:00\",\"description\":\"Zkittlez OG Auto de Barney's Farm: el h\u00edbrido con 20% de THC y aroma a caramelo de frutas y Kush. Ciclo r\u00e1pido y gran producci\u00f3n. \u00a1Compra tus semillas ahora!\",\"breadcrumb\":{\"@id\":\"https:\/\/bluedoggenetics.com\/producto\/autoflorecientes\/zkittlez-og-auto\/#breadcrumb\"},\"inLanguage\":\"de\",\"potentialAction\":[{\"@type\":\"ReadAction\",\"target\":[\"https:\/\/bluedoggenetics.com\/producto\/autoflorecientes\/zkittlez-og-auto\/\"]}]},{\"@type\":\"ImageObject\",\"inLanguage\":\"de\",\"@id\":\"https:\/\/bluedoggenetics.com\/producto\/autoflorecientes\/zkittlez-og-auto\/#primaryimage\",\"url\":\"https:\/\/bluedoggenetics.com\/wp-content\/uploads\/2026\/03\/zkittlez-og-auto_circle_new_21_125352.webp\",\"contentUrl\":\"https:\/\/bluedoggenetics.com\/wp-content\/uploads\/2026\/03\/zkittlez-og-auto_circle_new_21_125352.webp\",\"width\":475,\"height\":570,\"caption\":\"zKITTLEZ og de Barney's Farm\"},{\"@type\":\"BreadcrumbList\",\"@id\":\"https:\/\/bluedoggenetics.com\/producto\/autoflorecientes\/zkittlez-og-auto\/#breadcrumb\",\"itemListElement\":[{\"@type\":\"ListItem\",\"position\":1,\"name\":\"Portada\",\"item\":\"https:\/\/bluedoggenetics.com\/\"},{\"@type\":\"ListItem\",\"position\":2,\"name\":\"Tienda\",\"item\":\"https:\/\/bluedoggenetics.com\/fr\/tienda\/\"},{\"@type\":\"ListItem\",\"position\":3,\"name\":\"Zkittlez OG Auto\"}]},{\"@type\":\"WebSite\",\"@id\":\"https:\/\/bluedoggenetics.com\/de\/#website\",\"url\":\"https:\/\/bluedoggenetics.com\/de\/\",\"name\":\"BLUEDOG GENETICS Seeds\",\"description\":\"Compara y compra las mejores semillas de cannabis. Feminizadas, Autoflorecientes, CBD.\",\"publisher\":{\"@id\":\"https:\/\/bluedoggenetics.com\/de\/#organization\"},\"alternateName\":\"BLUEDOG GENETICS\",\"potentialAction\":[{\"@type\":\"SearchAction\",\"target\":{\"@type\":\"EntryPoint\",\"urlTemplate\":\"https:\/\/bluedoggenetics.com\/de\/?s={search_term_string}\"},\"query-input\":{\"@type\":\"PropertyValueSpecification\",\"valueRequired\":true,\"valueName\":\"search_term_string\"}}],\"inLanguage\":\"de\"},{\"@type\":\"Organization\",\"@id\":\"https:\/\/bluedoggenetics.com\/de\/#organization\",\"name\":\"BLUEDOG GENETICS\",\"url\":\"https:\/\/bluedoggenetics.com\/de\/\",\"logo\":{\"@type\":\"ImageObject\",\"inLanguage\":\"de\",\"@id\":\"https:\/\/bluedoggenetics.com\/de\/#\/schema\/logo\/image\/\",\"url\":\"https:\/\/bluedoggenetics.com\/wp-content\/uploads\/2024\/11\/appIcon.png\",\"contentUrl\":\"https:\/\/bluedoggenetics.com\/wp-content\/uploads\/2024\/11\/appIcon.png\",\"width\":1024,\"height\":1024,\"caption\":\"BLUEDOG GENETICS\"},\"image\":{\"@id\":\"https:\/\/bluedoggenetics.com\/de\/#\/schema\/logo\/image\/\"},\"sameAs\":[\"https:\/\/www.instagram.com\/bluedog.genetics\/\"]}]}<\/script>\n<!-- \/ Yoast SEO plugin. -->","yoast_head_json":{"title":"Zkittlez OG Auto - BLUEDOG GENETICS-Samen","description":"Zkittlez OG Auto von Barney's Farm: der Hybrid mit 20 % THC und Fruchtbonbon- und Kush-Aroma. Schneller Zyklus und gro\u00dfe Produktion. Kaufen Sie jetzt Ihre Samen!","robots":{"index":"index","follow":"follow","max-snippet":"max-snippet:-1","max-image-preview":"max-image-preview:large","max-video-preview":"max-video-preview:-1"},"canonical":"https:\/\/bluedoggenetics.com\/de\/produkt\/autoflowering\/zkittlez-og-auto\/","og_locale":"de_DE","og_type":"article","og_title":"Zkittlez OG Auto - BLUEDOG GENETICS Seeds","og_description":"Zkittlez OG Auto de Barney's Farm: el h\u00edbrido con 20% de THC y aroma a caramelo de frutas y Kush. Ciclo r\u00e1pido y gran producci\u00f3n. \u00a1Compra tus semillas ahora!","og_url":"https:\/\/bluedoggenetics.com\/de\/produkt\/autoflowering\/zkittlez-og-auto\/","og_site_name":"BLUEDOG GENETICS Seeds","article_modified_time":"2026-05-06T12:56:28+00:00","og_image":[{"width":475,"height":570,"url":"https:\/\/bluedoggenetics.com\/wp-content\/uploads\/2026\/03\/zkittlez-og-auto_circle_new_21_125352.webp","type":"image\/webp"}],"twitter_card":"summary_large_image","twitter_misc":{"Gesch\u00e4tzte Lesezeit":"3\u00a0Minuten"},"schema":{"@context":"https:\/\/schema.org","@graph":[{"@type":["WebPage","ItemPage"],"@id":"https:\/\/bluedoggenetics.com\/producto\/autoflorecientes\/zkittlez-og-auto\/","url":"https:\/\/bluedoggenetics.com\/producto\/autoflorecientes\/zkittlez-og-auto\/","name":"Zkittlez OG Auto - BLUEDOG GENETICS-Samen","isPartOf":{"@id":"https:\/\/bluedoggenetics.com\/de\/#website"},"primaryImageOfPage":{"@id":"https:\/\/bluedoggenetics.com\/producto\/autoflorecientes\/zkittlez-og-auto\/#primaryimage"},"image":{"@id":"https:\/\/bluedoggenetics.com\/producto\/autoflorecientes\/zkittlez-og-auto\/#primaryimage"},"thumbnailUrl":"https:\/\/bluedoggenetics.com\/wp-content\/uploads\/2026\/03\/zkittlez-og-auto_circle_new_21_125352.webp","datePublished":"2026-03-29T15:52:08+00:00","dateModified":"2026-05-06T12:56:28+00:00","description":"Zkittlez OG Auto von Barney's Farm: der Hybrid mit 20 % THC und Fruchtbonbon- und Kush-Aroma. Schneller Zyklus und gro\u00dfe Produktion. Kaufen Sie jetzt Ihre Samen!","breadcrumb":{"@id":"https:\/\/bluedoggenetics.com\/producto\/autoflorecientes\/zkittlez-og-auto\/#breadcrumb"},"inLanguage":"de","potentialAction":[{"@type":"ReadAction","target":["https:\/\/bluedoggenetics.com\/producto\/autoflorecientes\/zkittlez-og-auto\/"]}]},{"@type":"ImageObject","inLanguage":"de","@id":"https:\/\/bluedoggenetics.com\/producto\/autoflorecientes\/zkittlez-og-auto\/#primaryimage","url":"https:\/\/bluedoggenetics.com\/wp-content\/uploads\/2026\/03\/zkittlez-og-auto_circle_new_21_125352.webp","contentUrl":"https:\/\/bluedoggenetics.com\/wp-content\/uploads\/2026\/03\/zkittlez-og-auto_circle_new_21_125352.webp","width":475,"height":570,"caption":"zKITTLEZ og de Barney's Farm"},{"@type":"BreadcrumbList","@id":"https:\/\/bluedoggenetics.com\/producto\/autoflorecientes\/zkittlez-og-auto\/#breadcrumb","itemListElement":[{"@type":"ListItem","position":1,"name":"Portada","item":"https:\/\/bluedoggenetics.com\/"},{"@type":"ListItem","position":2,"name":"Tienda","item":"https:\/\/bluedoggenetics.com\/fr\/tienda\/"},{"@type":"ListItem","position":3,"name":"Zkittlez OG Auto"}]},{"@type":"WebSite","@id":"https:\/\/bluedoggenetics.com\/de\/#website","url":"https:\/\/bluedoggenetics.com\/de\/","name":"BLUEDOG GENETICS Seeds","description":"Vergleiche und kaufe die besten Hanfsamen. Feminisiert, Autoflowering, CBD.","publisher":{"@id":"https:\/\/bluedoggenetics.com\/de\/#organization"},"alternateName":"BLUEDOG GENETICS","potentialAction":[{"@type":"SearchAction","target":{"@type":"EntryPoint","urlTemplate":"https:\/\/bluedoggenetics.com\/de\/?s={search_term_string}"},"query-input":{"@type":"PropertyValueSpecification","valueRequired":true,"valueName":"search_term_string"}}],"inLanguage":"de"},{"@type":"Organization","@id":"https:\/\/bluedoggenetics.com\/de\/#organization","name":"BLUEDOG GENETICS","url":"https:\/\/bluedoggenetics.com\/de\/","logo":{"@type":"ImageObject","inLanguage":"de","@id":"https:\/\/bluedoggenetics.com\/de\/#\/schema\/logo\/image\/","url":"https:\/\/bluedoggenetics.com\/wp-content\/uploads\/2024\/11\/appIcon.png","contentUrl":"https:\/\/bluedoggenetics.com\/wp-content\/uploads\/2024\/11\/appIcon.png","width":1024,"height":1024,"caption":"BLUEDOG GENETICS"},"image":{"@id":"https:\/\/bluedoggenetics.com\/de\/#\/schema\/logo\/image\/"},"sameAs":["https:\/\/www.instagram.com\/bluedog.genetics\/"]}]}},"sticker_url":"https:\/\/bluedoggenetics.com\/wp-content\/uploads\/2026\/03\/barneys-farm.webp","variations_full":[{"id":4302,"price":11,"regular_price":11,"attributes":{"attribute_pa_cantidad":"pack-1"},"image_src":"https:\/\/bluedoggenetics.com\/wp-content\/uploads\/2026\/03\/zkittlez-og-auto_circle_new_21_125352.webp","is_in_stock":true},{"id":4303,"price":28,"regular_price":28,"attributes":{"attribute_pa_cantidad":"pack-3"},"image_src":"https:\/\/bluedoggenetics.com\/wp-content\/uploads\/2026\/03\/zkittlez-og-auto_circle_new_21_125352.webp","is_in_stock":true},{"id":4304,"price":42,"regular_price":42,"attributes":{"attribute_pa_cantidad":"pack-5"},"image_src":"https:\/\/bluedoggenetics.com\/wp-content\/uploads\/2026\/03\/zkittlez-og-auto_circle_new_21_125352.webp","is_in_stock":true},{"id":4305,"price":80,"regular_price":80,"attributes":{"attribute_pa_cantidad":"pack-10"},"image_src":"https:\/\/bluedoggenetics.com\/wp-content\/uploads\/2026\/03\/zkittlez-og-auto_circle_new_21_125352.webp","is_in_stock":true}],"jetpack_sharing_enabled":true,"_links":{"self":[{"href":"https:\/\/bluedoggenetics.com\/de\/wp-json\/wp\/v2\/product\/4293","targetHints":{"allow":["GET"]}}],"collection":[{"href":"https:\/\/bluedoggenetics.com\/de\/wp-json\/wp\/v2\/product"}],"about":[{"href":"https:\/\/bluedoggenetics.com\/de\/wp-json\/wp\/v2\/types\/product"}],"wp:featuredmedia":[{"embeddable":true,"href":"https:\/\/bluedoggenetics.com\/de\/wp-json\/wp\/v2\/media\/3559"}],"wp:attachment":[{"href":"https:\/\/bluedoggenetics.com\/de\/wp-json\/wp\/v2\/media?parent=4293"}],"wp:term":[{"taxonomy":"product_brand","embeddable":true,"href":"https:\/\/bluedoggenetics.com\/de\/wp-json\/wp\/v2\/product_brand?post=4293"},{"taxonomy":"product_cat","embeddable":true,"href":"https:\/\/bluedoggenetics.com\/de\/wp-json\/wp\/v2\/product_cat?post=4293"},{"taxonomy":"product_tag","embeddable":true,"href":"https:\/\/bluedoggenetics.com\/de\/wp-json\/wp\/v2\/product_tag?post=4293"}],"curies":[{"name":"wp","href":"https:\/\/api.w.org\/{rel}","templated":true}]}}