{"id":4292,"date":"2026-03-29T17:52:08","date_gmt":"2026-03-29T15:52:08","guid":{"rendered":"https:\/\/bluedoggenetics.com\/?post_type=product&#038;p=4292"},"modified":"2026-05-06T14:56:28","modified_gmt":"2026-05-06T12:56:28","slug":"purple-punch-auto","status":"publish","type":"product","link":"https:\/\/bluedoggenetics.com\/de\/produkt\/samen\/autoflowering\/purple-punch-auto\/","title":{"rendered":"Purple Punch Auto"},"content":{"rendered":"<p>Marihuanasamen <strong>Purple Punch Auto<\/strong> Sie sind eine unverzichtbare Erg\u00e4nzung f\u00fcr Liebhaber der leckersten amerikanischen Genetik, die auf der Suche nach unkomplizierter Geschwindigkeit und Ausdauer sind. Von der Aussaat bis zur Ernte dauert dieses botanische Wunder nur 50 bis 60 Tage, einer der schnellsten und explosivsten Zyklen auf dem Markt. Ihre extreme Zuverl\u00e4ssigkeit, zusammen mit ihrem umwerfenden Profil an fruchtigen und s\u00fc\u00dfen Terpenen, haben sie zu einer der meistverkauften und kommerziell angebauten selbstbl\u00fchenden Sorten in Deutschland, Frankreich, den Vereinigten Staaten und Spanien gemacht und Ertr\u00e4ge von bis zu 400 g\/m2 produziert.<\/p>\n<p>Wenn Sie sich \u00fcber die Wirkung wundern: Purple Punch Auto ist eine direkte Eintrittskarte in die totale Entspannung. Das \u201eHoch\u201c Es ist ausgesprochen k\u00f6rperlich und tief sedierend; Es entspannt verspannte Muskeln fast augenblicklich und h\u00fcllt den Geist in einen warmen, fr\u00f6hlichen und sehr ruhigen Dunst. Es ist ohne Zweifel die ideale Genetik, um am Ende eines langen Tages abzuschalten, Stress drastisch zu reduzieren und erholsam einzuschlafen.<\/p>\n<p><b>Blumenbild.<\/b> Optisch ist es ein umwerfendes Juwel. Die Knospen sind dicht, extrem harzig und nehmen in der letzten Bl\u00fctephase wundersch\u00f6ne und intensive violette, violette und r\u00f6tliche T\u00f6ne an. Der Kontrast zwischen den dunklen Bl\u00fctenkelchen, den orangefarbenen Stempeln und der dicken wei\u00dfen Schicht aus Trichomen verleiht der Bl\u00fcte einen \u201eTaschen-Appeal\u201c. Gourmet-Qualit\u00e4t.<\/p>\n<p><b>Pflanzenmorphologie.<\/b> Es handelt sich um eine selbstbl\u00fchende Pflanze mit einer sehr zur\u00fcckhaltenden, gedrungenen und \u00e4u\u00dferst diskreten Struktur, die in Innenr\u00e4umen selten eine H\u00f6he von 80 Zentimetern \u00fcberschreitet. Trotz ihrer geringen Gr\u00f6\u00dfe ist sie dank der Entwicklung eines markanten und schweren Mittelstamms \u00fcberraschend produktiv, der von mehreren kr\u00e4ftigen Seitenzweigen umgeben ist, die das Gewicht gut tragen.<\/p>\n<h3><b>Anbautipps<\/b><\/h3>\n<ul>\n<li><strong>Was ist das ideale Klima f\u00fcr den Anbau von Purple Punch Auto ?<\/strong>\n<p>Diese Sorte genie\u00dft gem\u00e4\u00dfigtes und warmes Klima; Wenn die Nachttemperaturen am Ende der Ernte leicht und kontrolliert sinken, wird sie es dem Z\u00fcchter jedoch mit ihren kr\u00e4ftigeren Lilat\u00f6nen danken und belohnen.<\/li>\n<li><strong>Welche Trainingstechniken funktionieren am besten mit Purple Punch Auto ?<\/strong>\n<p>Aufgrund seiner extremen Geschwindigkeit und seines kurzen Vegetationszyklus wird ein drastischer R\u00fcckschnitt nicht empfohlen. Ein leichtes LST (Low Stress Training) passend zum Bl\u00e4tterdach reicht aus, um Ihre Lichteinwirkung zu maximieren.<\/li>\n<li><strong>Welche Art der D\u00fcngung ben\u00f6tigt Purple Punch Auto ?<\/strong>\n<p>Reagiert sehr gut auf Bio-Ern\u00e4hrungspl\u00e4ne. Vermeiden Sie es, das Substrat mit Stickstoff zu s\u00e4ttigen, und konzentrieren Sie sich auf die Verwendung eines guten, zuckerreichen Bl\u00fctenverst\u00e4rkers, um das Beste aus dem Blaubeerkuchengeschmack herauszuholen.<\/li>\n<li><strong>Wie sollten die Bew\u00e4sserung und Luftfeuchtigkeit f\u00fcr Purple Punch Auto sein?<\/strong>\n<p>Behalten Sie eine m\u00e4\u00dfige Bew\u00e4sserung bei, um Zyklen der Trockenheit der Wurzeln zu erm\u00f6glichen. Aufgrund der extremen Dichte und H\u00e4rte der violetten Knospen ist es wichtig, die relative Luftfeuchtigkeit w\u00e4hrend der Reifephase unter 45 % zu halten.<\/li>\n<li><strong>Ist es notwendig, die Purple Punch Auto -Pflanze zu beschneiden?<\/strong>\n<p>Ein aggressives Beschneiden der Zweige (Lollipopping) wird bei solch schnell selbstbl\u00fchenden Pflanzen nicht empfohlen, aber Sie k\u00f6nnen alle unteren Bl\u00e4tter entfernen oder entfernen, die das Licht der Hauptknospen blockieren.<\/li>\n<\/ul>","protected":false},"excerpt":{"rendered":"<p><strong>Purple Punch Auto<\/strong> ist eine spektakul\u00e4re selbstbl\u00fchende Sorte, die aus der Kreuzung von Purple Punch und BF Super Auto #1 entstanden ist. Mit ihrer unverkennbaren Indica-Abstammung (80 %) ist diese Sorte f\u00fcr ihren kurzen Lebenszyklus und ihre erstaunlichen Aromen von Bratapfelkuchen, Blaubeeren und Kirschen bekannt. Mit einem THC-Gehalt von etwa 18\u201320 % sorgt es f\u00fcr pure Entspannung und eine hypnotisierende und farbenfrohe Ernte.<\/p>","protected":false},"featured_media":3555,"template":"","meta":{"_acf_changed":false,"inline_featured_image":false,"_wp_applaud_exclude":false},"product_brand":[192],"product_cat":[21],"product_tag":[],"class_list":{"0":"post-4292","1":"product","2":"type-product","3":"status-publish","4":"has-post-thumbnail","6":"product_brand-barneys-farm","7":"product_cat-autoflorecientes","8":"pa_altura-exterior-90-120","9":"pa_altura-interior-90-120","10":"pa_beneficios-terapeuticos-alivio-de-ansiedad","11":"pa_beneficios-terapeuticos-alivio-del-dolor","12":"pa_beneficios-terapeuticos-ayuda-para-dormir","13":"pa_cantidad-pack-1","14":"pa_cantidad-pack-10","15":"pa_cantidad-pack-3","16":"pa_cantidad-pack-5","17":"pa_clima-templado","18":"pa_cosecha-exterior-350-450","19":"pa_cosecha-interior-350-450","20":"pa_efectos-destacables-adormecido","21":"pa_efectos-destacables-relajado","22":"pa_floracion-8-9","23":"pa_genetica-80-20","24":"pa_olor-intenso","25":"pa_sabores-y-olores-bayas","26":"pa_sabores-y-olores-dulce","27":"pa_sabores-y-olores-uva","28":"pa_thc-18-20","29":"pa_variedad-autofloreciente","30":"pa_variedad-indica","31":"pa_variedad-mayormente-indica","33":"first","34":"instock","35":"taxable","36":"shipping-taxable","37":"purchasable","38":"product-type-variable"},"acf":{"sticker":"https:\/\/bluedoggenetics.com\/wp-content\/uploads\/2026\/03\/barneys-farm.webp","family_tree":""},"yoast_head":"<!-- This site is optimized with the Yoast SEO plugin v26.5 - https:\/\/yoast.com\/wordpress\/plugins\/seo\/ -->\n<title>Purple Punch Auto de Barney&#039;s Farm - BLUEDOG GENETICS Seeds<\/title>\n<meta name=\"description\" content=\"Purple Punch Auto de Barney&#039;s Farm: el h\u00edbrido con 18% de THC y aroma a tarta de ar\u00e1ndanos. Ciclo de 60 d\u00edas y gran producci\u00f3n. \u00a1Compra tus semillas ahora!\" \/>\n<meta name=\"robots\" content=\"index, follow, max-snippet:-1, max-image-preview:large, max-video-preview:-1\" \/>\n<link rel=\"canonical\" href=\"https:\/\/bluedoggenetics.com\/de\/produkt\/autoflowering\/purple-punch-auto\/\" \/>\n<meta property=\"og:locale\" content=\"de_DE\" \/>\n<meta property=\"og:type\" content=\"article\" \/>\n<meta property=\"og:title\" content=\"Purple Punch Auto de Barney&#039;s Farm - BLUEDOG GENETICS Seeds\" \/>\n<meta property=\"og:description\" content=\"Purple Punch Auto de Barney&#039;s Farm: el h\u00edbrido con 18% de THC y aroma a tarta de ar\u00e1ndanos. Ciclo de 60 d\u00edas y gran producci\u00f3n. \u00a1Compra tus semillas ahora!\" \/>\n<meta property=\"og:url\" content=\"https:\/\/bluedoggenetics.com\/de\/produkt\/autoflowering\/purple-punch-auto\/\" \/>\n<meta property=\"og:site_name\" content=\"BLUEDOG GENETICS Seeds\" \/>\n<meta property=\"article:modified_time\" content=\"2026-05-06T12:56:28+00:00\" \/>\n<meta property=\"og:image\" content=\"https:\/\/bluedoggenetics.com\/wp-content\/uploads\/2026\/03\/purple-punch-auto_circle_new_21_125053.webp\" \/>\n\t<meta property=\"og:image:width\" content=\"475\" \/>\n\t<meta property=\"og:image:height\" content=\"570\" \/>\n\t<meta property=\"og:image:type\" content=\"image\/webp\" \/>\n<meta name=\"twitter:card\" content=\"summary_large_image\" \/>\n<meta name=\"twitter:label1\" content=\"Gesch\u00e4tzte Lesezeit\" \/>\n\t<meta name=\"twitter:data1\" content=\"3\u00a0Minuten\" \/>\n<script type=\"application\/ld+json\" class=\"yoast-schema-graph\">{\"@context\":\"https:\/\/schema.org\",\"@graph\":[{\"@type\":[\"WebPage\",\"ItemPage\"],\"@id\":\"https:\/\/bluedoggenetics.com\/producto\/autoflorecientes\/purple-punch-auto\/\",\"url\":\"https:\/\/bluedoggenetics.com\/producto\/autoflorecientes\/purple-punch-auto\/\",\"name\":\"Purple Punch Auto de Barney's Farm - BLUEDOG GENETICS Seeds\",\"isPartOf\":{\"@id\":\"https:\/\/bluedoggenetics.com\/de\/#website\"},\"primaryImageOfPage\":{\"@id\":\"https:\/\/bluedoggenetics.com\/producto\/autoflorecientes\/purple-punch-auto\/#primaryimage\"},\"image\":{\"@id\":\"https:\/\/bluedoggenetics.com\/producto\/autoflorecientes\/purple-punch-auto\/#primaryimage\"},\"thumbnailUrl\":\"https:\/\/bluedoggenetics.com\/wp-content\/uploads\/2026\/03\/purple-punch-auto_circle_new_21_125053.webp\",\"datePublished\":\"2026-03-29T15:52:08+00:00\",\"dateModified\":\"2026-05-06T12:56:28+00:00\",\"description\":\"Purple Punch Auto de Barney's Farm: el h\u00edbrido con 18% de THC y aroma a tarta de ar\u00e1ndanos. Ciclo de 60 d\u00edas y gran producci\u00f3n. \u00a1Compra tus semillas ahora!\",\"breadcrumb\":{\"@id\":\"https:\/\/bluedoggenetics.com\/producto\/autoflorecientes\/purple-punch-auto\/#breadcrumb\"},\"inLanguage\":\"de\",\"potentialAction\":[{\"@type\":\"ReadAction\",\"target\":[\"https:\/\/bluedoggenetics.com\/producto\/autoflorecientes\/purple-punch-auto\/\"]}]},{\"@type\":\"ImageObject\",\"inLanguage\":\"de\",\"@id\":\"https:\/\/bluedoggenetics.com\/producto\/autoflorecientes\/purple-punch-auto\/#primaryimage\",\"url\":\"https:\/\/bluedoggenetics.com\/wp-content\/uploads\/2026\/03\/purple-punch-auto_circle_new_21_125053.webp\",\"contentUrl\":\"https:\/\/bluedoggenetics.com\/wp-content\/uploads\/2026\/03\/purple-punch-auto_circle_new_21_125053.webp\",\"width\":475,\"height\":570,\"caption\":\"Purple Punch Auto de Barney's Farm\"},{\"@type\":\"BreadcrumbList\",\"@id\":\"https:\/\/bluedoggenetics.com\/producto\/autoflorecientes\/purple-punch-auto\/#breadcrumb\",\"itemListElement\":[{\"@type\":\"ListItem\",\"position\":1,\"name\":\"Portada\",\"item\":\"https:\/\/bluedoggenetics.com\/\"},{\"@type\":\"ListItem\",\"position\":2,\"name\":\"Tienda\",\"item\":\"https:\/\/bluedoggenetics.com\/fr\/tienda\/\"},{\"@type\":\"ListItem\",\"position\":3,\"name\":\"Purple Punch Auto\"}]},{\"@type\":\"WebSite\",\"@id\":\"https:\/\/bluedoggenetics.com\/de\/#website\",\"url\":\"https:\/\/bluedoggenetics.com\/de\/\",\"name\":\"BLUEDOG GENETICS Seeds\",\"description\":\"Compara y compra las mejores semillas de cannabis. Feminizadas, Autoflorecientes, CBD.\",\"publisher\":{\"@id\":\"https:\/\/bluedoggenetics.com\/de\/#organization\"},\"alternateName\":\"BLUEDOG GENETICS\",\"potentialAction\":[{\"@type\":\"SearchAction\",\"target\":{\"@type\":\"EntryPoint\",\"urlTemplate\":\"https:\/\/bluedoggenetics.com\/de\/?s={search_term_string}\"},\"query-input\":{\"@type\":\"PropertyValueSpecification\",\"valueRequired\":true,\"valueName\":\"search_term_string\"}}],\"inLanguage\":\"de\"},{\"@type\":\"Organization\",\"@id\":\"https:\/\/bluedoggenetics.com\/de\/#organization\",\"name\":\"BLUEDOG GENETICS\",\"url\":\"https:\/\/bluedoggenetics.com\/de\/\",\"logo\":{\"@type\":\"ImageObject\",\"inLanguage\":\"de\",\"@id\":\"https:\/\/bluedoggenetics.com\/de\/#\/schema\/logo\/image\/\",\"url\":\"https:\/\/bluedoggenetics.com\/wp-content\/uploads\/2024\/11\/appIcon.png\",\"contentUrl\":\"https:\/\/bluedoggenetics.com\/wp-content\/uploads\/2024\/11\/appIcon.png\",\"width\":1024,\"height\":1024,\"caption\":\"BLUEDOG GENETICS\"},\"image\":{\"@id\":\"https:\/\/bluedoggenetics.com\/de\/#\/schema\/logo\/image\/\"},\"sameAs\":[\"https:\/\/www.instagram.com\/bluedog.genetics\/\"]}]}<\/script>\n<!-- \/ Yoast SEO plugin. -->","yoast_head_json":{"title":"Purple Punch Auto von Barney's Farm - BLUEDOG GENETICS Seeds","description":"Purple Punch Auto von Barney's Farm: der Hybrid mit 18 % THC und Blaubeerkuchenaroma. 60-Tage-Zyklus und tolle Produktion. Kaufen Sie jetzt Ihre Samen!","robots":{"index":"index","follow":"follow","max-snippet":"max-snippet:-1","max-image-preview":"max-image-preview:large","max-video-preview":"max-video-preview:-1"},"canonical":"https:\/\/bluedoggenetics.com\/de\/produkt\/autoflowering\/purple-punch-auto\/","og_locale":"de_DE","og_type":"article","og_title":"Purple Punch Auto de Barney's Farm - BLUEDOG GENETICS Seeds","og_description":"Purple Punch Auto de Barney's Farm: el h\u00edbrido con 18% de THC y aroma a tarta de ar\u00e1ndanos. Ciclo de 60 d\u00edas y gran producci\u00f3n. \u00a1Compra tus semillas ahora!","og_url":"https:\/\/bluedoggenetics.com\/de\/produkt\/autoflowering\/purple-punch-auto\/","og_site_name":"BLUEDOG GENETICS Seeds","article_modified_time":"2026-05-06T12:56:28+00:00","og_image":[{"width":475,"height":570,"url":"https:\/\/bluedoggenetics.com\/wp-content\/uploads\/2026\/03\/purple-punch-auto_circle_new_21_125053.webp","type":"image\/webp"}],"twitter_card":"summary_large_image","twitter_misc":{"Gesch\u00e4tzte Lesezeit":"3\u00a0Minuten"},"schema":{"@context":"https:\/\/schema.org","@graph":[{"@type":["WebPage","ItemPage"],"@id":"https:\/\/bluedoggenetics.com\/producto\/autoflorecientes\/purple-punch-auto\/","url":"https:\/\/bluedoggenetics.com\/producto\/autoflorecientes\/purple-punch-auto\/","name":"Purple Punch Auto von Barney's Farm - BLUEDOG GENETICS Seeds","isPartOf":{"@id":"https:\/\/bluedoggenetics.com\/de\/#website"},"primaryImageOfPage":{"@id":"https:\/\/bluedoggenetics.com\/producto\/autoflorecientes\/purple-punch-auto\/#primaryimage"},"image":{"@id":"https:\/\/bluedoggenetics.com\/producto\/autoflorecientes\/purple-punch-auto\/#primaryimage"},"thumbnailUrl":"https:\/\/bluedoggenetics.com\/wp-content\/uploads\/2026\/03\/purple-punch-auto_circle_new_21_125053.webp","datePublished":"2026-03-29T15:52:08+00:00","dateModified":"2026-05-06T12:56:28+00:00","description":"Purple Punch Auto von Barney's Farm: der Hybrid mit 18 % THC und Blaubeerkuchenaroma. 60-Tage-Zyklus und tolle Produktion. Kaufen Sie jetzt Ihre Samen!","breadcrumb":{"@id":"https:\/\/bluedoggenetics.com\/producto\/autoflorecientes\/purple-punch-auto\/#breadcrumb"},"inLanguage":"de","potentialAction":[{"@type":"ReadAction","target":["https:\/\/bluedoggenetics.com\/producto\/autoflorecientes\/purple-punch-auto\/"]}]},{"@type":"ImageObject","inLanguage":"de","@id":"https:\/\/bluedoggenetics.com\/producto\/autoflorecientes\/purple-punch-auto\/#primaryimage","url":"https:\/\/bluedoggenetics.com\/wp-content\/uploads\/2026\/03\/purple-punch-auto_circle_new_21_125053.webp","contentUrl":"https:\/\/bluedoggenetics.com\/wp-content\/uploads\/2026\/03\/purple-punch-auto_circle_new_21_125053.webp","width":475,"height":570,"caption":"Purple Punch Auto de Barney's Farm"},{"@type":"BreadcrumbList","@id":"https:\/\/bluedoggenetics.com\/producto\/autoflorecientes\/purple-punch-auto\/#breadcrumb","itemListElement":[{"@type":"ListItem","position":1,"name":"Portada","item":"https:\/\/bluedoggenetics.com\/"},{"@type":"ListItem","position":2,"name":"Tienda","item":"https:\/\/bluedoggenetics.com\/fr\/tienda\/"},{"@type":"ListItem","position":3,"name":"Purple Punch Auto"}]},{"@type":"WebSite","@id":"https:\/\/bluedoggenetics.com\/de\/#website","url":"https:\/\/bluedoggenetics.com\/de\/","name":"BLUEDOG GENETICS Seeds","description":"Vergleiche und kaufe die besten Hanfsamen. Feminisiert, Autoflowering, CBD.","publisher":{"@id":"https:\/\/bluedoggenetics.com\/de\/#organization"},"alternateName":"BLUEDOG GENETICS","potentialAction":[{"@type":"SearchAction","target":{"@type":"EntryPoint","urlTemplate":"https:\/\/bluedoggenetics.com\/de\/?s={search_term_string}"},"query-input":{"@type":"PropertyValueSpecification","valueRequired":true,"valueName":"search_term_string"}}],"inLanguage":"de"},{"@type":"Organization","@id":"https:\/\/bluedoggenetics.com\/de\/#organization","name":"BLUEDOG GENETICS","url":"https:\/\/bluedoggenetics.com\/de\/","logo":{"@type":"ImageObject","inLanguage":"de","@id":"https:\/\/bluedoggenetics.com\/de\/#\/schema\/logo\/image\/","url":"https:\/\/bluedoggenetics.com\/wp-content\/uploads\/2024\/11\/appIcon.png","contentUrl":"https:\/\/bluedoggenetics.com\/wp-content\/uploads\/2024\/11\/appIcon.png","width":1024,"height":1024,"caption":"BLUEDOG GENETICS"},"image":{"@id":"https:\/\/bluedoggenetics.com\/de\/#\/schema\/logo\/image\/"},"sameAs":["https:\/\/www.instagram.com\/bluedog.genetics\/"]}]}},"sticker_url":"https:\/\/bluedoggenetics.com\/wp-content\/uploads\/2026\/03\/barneys-farm.webp","variations_full":[{"id":4298,"price":11,"regular_price":11,"attributes":{"attribute_pa_cantidad":"pack-1"},"image_src":"https:\/\/bluedoggenetics.com\/wp-content\/uploads\/2026\/03\/purple-punch-auto_circle_new_21_125053.webp","is_in_stock":true},{"id":4299,"price":28,"regular_price":28,"attributes":{"attribute_pa_cantidad":"pack-3"},"image_src":"https:\/\/bluedoggenetics.com\/wp-content\/uploads\/2026\/03\/purple-punch-auto_circle_new_21_125053.webp","is_in_stock":true},{"id":4300,"price":42,"regular_price":42,"attributes":{"attribute_pa_cantidad":"pack-5"},"image_src":"https:\/\/bluedoggenetics.com\/wp-content\/uploads\/2026\/03\/purple-punch-auto_circle_new_21_125053.webp","is_in_stock":true},{"id":4301,"price":80,"regular_price":80,"attributes":{"attribute_pa_cantidad":"pack-10"},"image_src":"https:\/\/bluedoggenetics.com\/wp-content\/uploads\/2026\/03\/purple-punch-auto_circle_new_21_125053.webp","is_in_stock":true}],"jetpack_sharing_enabled":true,"_links":{"self":[{"href":"https:\/\/bluedoggenetics.com\/de\/wp-json\/wp\/v2\/product\/4292","targetHints":{"allow":["GET"]}}],"collection":[{"href":"https:\/\/bluedoggenetics.com\/de\/wp-json\/wp\/v2\/product"}],"about":[{"href":"https:\/\/bluedoggenetics.com\/de\/wp-json\/wp\/v2\/types\/product"}],"wp:featuredmedia":[{"embeddable":true,"href":"https:\/\/bluedoggenetics.com\/de\/wp-json\/wp\/v2\/media\/3555"}],"wp:attachment":[{"href":"https:\/\/bluedoggenetics.com\/de\/wp-json\/wp\/v2\/media?parent=4292"}],"wp:term":[{"taxonomy":"product_brand","embeddable":true,"href":"https:\/\/bluedoggenetics.com\/de\/wp-json\/wp\/v2\/product_brand?post=4292"},{"taxonomy":"product_cat","embeddable":true,"href":"https:\/\/bluedoggenetics.com\/de\/wp-json\/wp\/v2\/product_cat?post=4292"},{"taxonomy":"product_tag","embeddable":true,"href":"https:\/\/bluedoggenetics.com\/de\/wp-json\/wp\/v2\/product_tag?post=4292"}],"curies":[{"name":"wp","href":"https:\/\/api.w.org\/{rel}","templated":true}]}}