{"id":4291,"date":"2026-03-29T17:52:07","date_gmt":"2026-03-29T15:52:07","guid":{"rendered":"https:\/\/bluedoggenetics.com\/?post_type=product&#038;p=4291"},"modified":"2026-05-06T14:56:28","modified_gmt":"2026-05-06T12:56:28","slug":"pineapple-express-auto","status":"publish","type":"product","link":"https:\/\/bluedoggenetics.com\/de\/produkt\/samen\/autoflowering\/pineapple-express-auto\/","title":{"rendered":"Pineapple Express Auto"},"content":{"rendered":"<p>Mit den Samen von <strong>Pineapple Express Auto<\/strong> Sie werden entdecken, wie einfach und schnell es sein kann, Marihuana von h\u00f6chster Qualit\u00e4t zu ernten. Diese wunderbare selbstbl\u00fchende Sorte ist in einem vollst\u00e4ndigen Lebenszyklus von nur 60 bis 65 Tagen nach der Samenkeimung zum Schneiden bereit. Diese Geschwindigkeit hat sie zu einem durchschlagenden Bestseller in Deutschland, Frankreich, den Vereinigten Staaten und Spanien gemacht, wo sowohl Experten als auch Anf\u00e4nger ihre erstaunliche F\u00e4higkeit sch\u00e4tzen, in Innenr\u00e4umen Ertr\u00e4ge von bis zu 600 g\/m2 zu liefern, was das Stigma von selbstbl\u00fchenden Sorten mit geringer Produktion v\u00f6llig in Frage stellt.<\/p>\n<p>Auf der Wirkungsebene sorgt Pineapple Express Auto f\u00fcr ein au\u00dfergew\u00f6hnlich angenehmes und therapeutisches Erlebnis. Die anf\u00e4ngliche Wirkung ist sanft zerebral und fr\u00f6hlich, perfekt, um \u00c4ngste und Alltagsstress abzubauen, und weicht allm\u00e4hlich einem Gef\u00fchl tiefer k\u00f6rperlicher Ruhe und Muskelentspannung, das nicht zu einem \u201eUmwerfenden\u201c wird. absolut, sodass Sie ruhige Nachmittage oder einen guten Film auf dem Sofa genie\u00dfen k\u00f6nnen.<\/p>\n<p><b>Blumenbild.<\/b> Die Knospen dieser Auto-Sorte sind wirklich ein botanisches Kunstwerk. Sie haben eine kompakte Struktur und ein erstaunliches Kelch-Blatt-Verh\u00e4ltnis, das die Manik\u00fcre erheblich erleichtert. Ihre leuchtend hellgr\u00fcnen Bl\u00fcten mit goldenen Schimmern sind von einer dicken und klebrigen Schicht aus kristallinem Harz umh\u00fcllt und verstr\u00f6men einen berauschenden Duft, der jeden Raum erf\u00fcllt.<\/p>\n<p><b>Pflanzenmorphologie.<\/b> W\u00e4hrend ihrer beschleunigten Entwicklung beh\u00e4lt die Pflanze eine ausgesprochen Indica-Morphologie bei: Sie ist sehr gedrungen, kr\u00e4ftig, kompakt und wird normalerweise nicht h\u00f6her als 100\u2013110 cm. Dies macht sie unglaublich diskret und ideal f\u00fcr Balkone, st\u00e4dtische Terrassen oder kleine Indoor-Anbauzelte, wo sie einen beeindruckenden dominanten Mittelstamm und kr\u00e4ftige Seitenzweige entwickelt.<\/p>\n<h3><b>Anbautipps<\/b><\/h3>\n<ul>\n<li><strong>Was ist das ideale Klima f\u00fcr den Anbau von Pineapple Express Auto ?<\/strong>\n<p>Dank seines Ruderalis-Erbes vertr\u00e4gt Pineapple Express Auto thermische Schwankungen recht gut, liefert aber seine besten und ergiebigsten Ertr\u00e4ge unter der konstanten Hitze sonniger, mediterraner Klimazonen.<\/li>\n<li><strong>Welche Trainingstechniken funktionieren am besten mit Pineapple Express Auto ?<\/strong>\n<p>Da es sich um eine schnell selbstbl\u00fchende Genetik handelt, wird empfohlen, aggressives, stressreiches Beschneiden (wie apikales Beschneiden oder FIM) zu vermeiden, das den Zyklus verlangsamen kann; Stattdessen ist ein leichtes LST zum \u00d6ffnen Ihrer Struktur die beste Option.<\/li>\n<li><strong>Welche Art der D\u00fcngung ben\u00f6tigt Pineapple Express Auto ?<\/strong>\n<p>Wie die meisten Autoflowers bevorzugt sie eine sanftere F\u00fctterung. Es ist ratsam, mit niedrigen D\u00fcngerdosen zu beginnen und diese schrittweise zu steigern, wobei auf den Beitrag von Phosphor und Kalium zu Beginn der Bl\u00fcte zu achten ist.<\/li>\n<li><strong>Wie sollten Bew\u00e4sserung und Luftfeuchtigkeit f\u00fcr Pineapple Express Auto sein?<\/strong>\n<p>Seine Wurzeln ben\u00f6tigen Sauerstoff f\u00fcr ein explosives Wachstum. Gie\u00dfen Sie leicht und h\u00e4ufig und vermeiden Sie unbedingt Staun\u00e4sse im Substrat, insbesondere in den ersten drei Lebenswochen. Halten Sie die Luftfeuchtigkeit w\u00e4hrend der Bl\u00fcte unter 50 %.<\/li>\n<li><strong>Ist es notwendig, die Pineapple Express Auto -Pflanze zu beschneiden?<\/strong>\n<p>Anstatt Zweige zu beschneiden, k\u00f6nnen Sie die gr\u00f6\u00dferen F\u00e4cherbl\u00e4tter, die in der mittleren Bl\u00fctephase die unteren Knospen direkt beschatten, ganz leicht und vorsichtig entlauben.<\/li>\n<\/ul>","protected":false},"excerpt":{"rendered":"<p><strong>Pineapple Express Auto<\/strong> von Barney's Farm ist eine erstaunliche selbstbl\u00fchende Sorte, die den ganzen Geschmack und die Kraft der fotoabh\u00e4ngigen Version beibeh\u00e4lt. Eine Kreuzung zwischen Pineapple Express und Super Auto mit Indica-Dominanz (70 %), die hervorragende THC-Werte von \u00fcber 14-20 % erreicht. Sein s\u00fc\u00dfer Geschmack nach Ananas und tropischen Fr\u00fcchten macht es zu einer unwiderstehlichen S\u00fc\u00dfigkeit f\u00fcr jeden Z\u00fcchter, der Geschwindigkeit, erstklassigen Geschmack und super entspannende Wirkung in einem kompakten Format sucht.<\/p>","protected":false},"featured_media":3553,"template":"","meta":{"_acf_changed":false,"inline_featured_image":false,"_wp_applaud_exclude":false},"product_brand":[192],"product_cat":[21],"product_tag":[],"class_list":{"0":"post-4291","1":"product","2":"type-product","3":"status-publish","4":"has-post-thumbnail","6":"product_brand-barneys-farm","7":"product_cat-autoflorecientes","8":"pa_altura-exterior-90-120","9":"pa_altura-interior-90-120","10":"pa_beneficios-terapeuticos-alivio-de-ansiedad","11":"pa_beneficios-terapeuticos-alivio-del-dolor","12":"pa_cantidad-pack-1","13":"pa_cantidad-pack-10","14":"pa_cantidad-pack-3","15":"pa_cantidad-pack-5","16":"pa_clima-calido","17":"pa_cosecha-exterior-550-650","18":"pa_cosecha-interior-550-650","19":"pa_efectos-destacables-alegre","20":"pa_efectos-destacables-relajado","21":"pa_floracion-8-9","22":"pa_genetica-70-30","23":"pa_olor-intenso","24":"pa_sabores-y-olores-afrutado","25":"pa_sabores-y-olores-dulce","26":"pa_sabores-y-olores-pina","27":"pa_sabores-y-olores-tropical","28":"pa_thc-14-20","29":"pa_variedad-autofloreciente","30":"pa_variedad-indica","31":"pa_variedad-mayormente-indica","33":"first","34":"instock","35":"taxable","36":"shipping-taxable","37":"purchasable","38":"product-type-variable"},"acf":{"sticker":"https:\/\/bluedoggenetics.com\/wp-content\/uploads\/2026\/03\/barneys-farm.webp","family_tree":""},"yoast_head":"<!-- This site is optimized with the Yoast SEO plugin v26.5 - https:\/\/yoast.com\/wordpress\/plugins\/seo\/ -->\n<title>Pineapple Express Auto - BLUEDOG GENETICS Seeds<\/title>\n<meta name=\"description\" content=\"Pineapple Express de Barney&#039;s Farm: el h\u00edbrido Sativa con 21% de THC y aroma a pi\u00f1a tropical. Gran producci\u00f3n y efecto creativo. \u00a1Compra tus semillas ahora!\" \/>\n<meta name=\"robots\" content=\"index, follow, max-snippet:-1, max-image-preview:large, max-video-preview:-1\" \/>\n<link rel=\"canonical\" href=\"https:\/\/bluedoggenetics.com\/de\/produkt\/autoflowering\/pineapple-express-auto\/\" \/>\n<meta property=\"og:locale\" content=\"de_DE\" \/>\n<meta property=\"og:type\" content=\"article\" \/>\n<meta property=\"og:title\" content=\"Pineapple Express Auto - BLUEDOG GENETICS Seeds\" \/>\n<meta property=\"og:description\" content=\"Pineapple Express de Barney&#039;s Farm: el h\u00edbrido Sativa con 21% de THC y aroma a pi\u00f1a tropical. Gran producci\u00f3n y efecto creativo. \u00a1Compra tus semillas ahora!\" \/>\n<meta property=\"og:url\" content=\"https:\/\/bluedoggenetics.com\/de\/produkt\/autoflowering\/pineapple-express-auto\/\" \/>\n<meta property=\"og:site_name\" content=\"BLUEDOG GENETICS Seeds\" \/>\n<meta property=\"article:modified_time\" content=\"2026-05-06T12:56:28+00:00\" \/>\n<meta property=\"og:image\" content=\"https:\/\/bluedoggenetics.com\/wp-content\/uploads\/2026\/03\/pineapple-express-auto_circle_new_21_125024.webp\" \/>\n\t<meta property=\"og:image:width\" content=\"475\" \/>\n\t<meta property=\"og:image:height\" content=\"570\" \/>\n\t<meta property=\"og:image:type\" content=\"image\/webp\" \/>\n<meta name=\"twitter:card\" content=\"summary_large_image\" \/>\n<meta name=\"twitter:label1\" content=\"Gesch\u00e4tzte Lesezeit\" \/>\n\t<meta name=\"twitter:data1\" content=\"3\u00a0Minuten\" \/>\n<script type=\"application\/ld+json\" class=\"yoast-schema-graph\">{\"@context\":\"https:\/\/schema.org\",\"@graph\":[{\"@type\":[\"WebPage\",\"ItemPage\"],\"@id\":\"https:\/\/bluedoggenetics.com\/producto\/autoflorecientes\/pineapple-express-auto\/\",\"url\":\"https:\/\/bluedoggenetics.com\/producto\/autoflorecientes\/pineapple-express-auto\/\",\"name\":\"Pineapple Express Auto - BLUEDOG GENETICS Seeds\",\"isPartOf\":{\"@id\":\"https:\/\/bluedoggenetics.com\/de\/#website\"},\"primaryImageOfPage\":{\"@id\":\"https:\/\/bluedoggenetics.com\/producto\/autoflorecientes\/pineapple-express-auto\/#primaryimage\"},\"image\":{\"@id\":\"https:\/\/bluedoggenetics.com\/producto\/autoflorecientes\/pineapple-express-auto\/#primaryimage\"},\"thumbnailUrl\":\"https:\/\/bluedoggenetics.com\/wp-content\/uploads\/2026\/03\/pineapple-express-auto_circle_new_21_125024.webp\",\"datePublished\":\"2026-03-29T15:52:07+00:00\",\"dateModified\":\"2026-05-06T12:56:28+00:00\",\"description\":\"Pineapple Express de Barney's Farm: el h\u00edbrido Sativa con 21% de THC y aroma a pi\u00f1a tropical. Gran producci\u00f3n y efecto creativo. \u00a1Compra tus semillas ahora!\",\"breadcrumb\":{\"@id\":\"https:\/\/bluedoggenetics.com\/producto\/autoflorecientes\/pineapple-express-auto\/#breadcrumb\"},\"inLanguage\":\"de\",\"potentialAction\":[{\"@type\":\"ReadAction\",\"target\":[\"https:\/\/bluedoggenetics.com\/producto\/autoflorecientes\/pineapple-express-auto\/\"]}]},{\"@type\":\"ImageObject\",\"inLanguage\":\"de\",\"@id\":\"https:\/\/bluedoggenetics.com\/producto\/autoflorecientes\/pineapple-express-auto\/#primaryimage\",\"url\":\"https:\/\/bluedoggenetics.com\/wp-content\/uploads\/2026\/03\/pineapple-express-auto_circle_new_21_125024.webp\",\"contentUrl\":\"https:\/\/bluedoggenetics.com\/wp-content\/uploads\/2026\/03\/pineapple-express-auto_circle_new_21_125024.webp\",\"width\":475,\"height\":570,\"caption\":\"Pineapple Express Auto de Barney's Farm\"},{\"@type\":\"BreadcrumbList\",\"@id\":\"https:\/\/bluedoggenetics.com\/producto\/autoflorecientes\/pineapple-express-auto\/#breadcrumb\",\"itemListElement\":[{\"@type\":\"ListItem\",\"position\":1,\"name\":\"Portada\",\"item\":\"https:\/\/bluedoggenetics.com\/\"},{\"@type\":\"ListItem\",\"position\":2,\"name\":\"Tienda\",\"item\":\"https:\/\/bluedoggenetics.com\/fr\/tienda\/\"},{\"@type\":\"ListItem\",\"position\":3,\"name\":\"Pineapple Express Auto\"}]},{\"@type\":\"WebSite\",\"@id\":\"https:\/\/bluedoggenetics.com\/de\/#website\",\"url\":\"https:\/\/bluedoggenetics.com\/de\/\",\"name\":\"BLUEDOG GENETICS Seeds\",\"description\":\"Compara y compra las mejores semillas de cannabis. Feminizadas, Autoflorecientes, CBD.\",\"publisher\":{\"@id\":\"https:\/\/bluedoggenetics.com\/de\/#organization\"},\"alternateName\":\"BLUEDOG GENETICS\",\"potentialAction\":[{\"@type\":\"SearchAction\",\"target\":{\"@type\":\"EntryPoint\",\"urlTemplate\":\"https:\/\/bluedoggenetics.com\/de\/?s={search_term_string}\"},\"query-input\":{\"@type\":\"PropertyValueSpecification\",\"valueRequired\":true,\"valueName\":\"search_term_string\"}}],\"inLanguage\":\"de\"},{\"@type\":\"Organization\",\"@id\":\"https:\/\/bluedoggenetics.com\/de\/#organization\",\"name\":\"BLUEDOG GENETICS\",\"url\":\"https:\/\/bluedoggenetics.com\/de\/\",\"logo\":{\"@type\":\"ImageObject\",\"inLanguage\":\"de\",\"@id\":\"https:\/\/bluedoggenetics.com\/de\/#\/schema\/logo\/image\/\",\"url\":\"https:\/\/bluedoggenetics.com\/wp-content\/uploads\/2024\/11\/appIcon.png\",\"contentUrl\":\"https:\/\/bluedoggenetics.com\/wp-content\/uploads\/2024\/11\/appIcon.png\",\"width\":1024,\"height\":1024,\"caption\":\"BLUEDOG GENETICS\"},\"image\":{\"@id\":\"https:\/\/bluedoggenetics.com\/de\/#\/schema\/logo\/image\/\"},\"sameAs\":[\"https:\/\/www.instagram.com\/bluedog.genetics\/\"]}]}<\/script>\n<!-- \/ Yoast SEO plugin. -->","yoast_head_json":{"title":"Pineapple Express Auto - BLUEDOG GENETICS-Samen","description":"Pineapple Express von Barney's Farm: der Sativa-Hybrid mit 21 % THC und tropischem Ananasaroma. Tolle Produktion und kreative Wirkung. Kaufen Sie jetzt Ihre Samen!","robots":{"index":"index","follow":"follow","max-snippet":"max-snippet:-1","max-image-preview":"max-image-preview:large","max-video-preview":"max-video-preview:-1"},"canonical":"https:\/\/bluedoggenetics.com\/de\/produkt\/autoflowering\/pineapple-express-auto\/","og_locale":"de_DE","og_type":"article","og_title":"Pineapple Express Auto - BLUEDOG GENETICS Seeds","og_description":"Pineapple Express de Barney's Farm: el h\u00edbrido Sativa con 21% de THC y aroma a pi\u00f1a tropical. Gran producci\u00f3n y efecto creativo. \u00a1Compra tus semillas ahora!","og_url":"https:\/\/bluedoggenetics.com\/de\/produkt\/autoflowering\/pineapple-express-auto\/","og_site_name":"BLUEDOG GENETICS Seeds","article_modified_time":"2026-05-06T12:56:28+00:00","og_image":[{"width":475,"height":570,"url":"https:\/\/bluedoggenetics.com\/wp-content\/uploads\/2026\/03\/pineapple-express-auto_circle_new_21_125024.webp","type":"image\/webp"}],"twitter_card":"summary_large_image","twitter_misc":{"Gesch\u00e4tzte Lesezeit":"3\u00a0Minuten"},"schema":{"@context":"https:\/\/schema.org","@graph":[{"@type":["WebPage","ItemPage"],"@id":"https:\/\/bluedoggenetics.com\/producto\/autoflorecientes\/pineapple-express-auto\/","url":"https:\/\/bluedoggenetics.com\/producto\/autoflorecientes\/pineapple-express-auto\/","name":"Pineapple Express Auto - BLUEDOG GENETICS-Samen","isPartOf":{"@id":"https:\/\/bluedoggenetics.com\/de\/#website"},"primaryImageOfPage":{"@id":"https:\/\/bluedoggenetics.com\/producto\/autoflorecientes\/pineapple-express-auto\/#primaryimage"},"image":{"@id":"https:\/\/bluedoggenetics.com\/producto\/autoflorecientes\/pineapple-express-auto\/#primaryimage"},"thumbnailUrl":"https:\/\/bluedoggenetics.com\/wp-content\/uploads\/2026\/03\/pineapple-express-auto_circle_new_21_125024.webp","datePublished":"2026-03-29T15:52:07+00:00","dateModified":"2026-05-06T12:56:28+00:00","description":"Pineapple Express von Barney's Farm: der Sativa-Hybrid mit 21 % THC und tropischem Ananasaroma. Tolle Produktion und kreative Wirkung. Kaufen Sie jetzt Ihre Samen!","breadcrumb":{"@id":"https:\/\/bluedoggenetics.com\/producto\/autoflorecientes\/pineapple-express-auto\/#breadcrumb"},"inLanguage":"de","potentialAction":[{"@type":"ReadAction","target":["https:\/\/bluedoggenetics.com\/producto\/autoflorecientes\/pineapple-express-auto\/"]}]},{"@type":"ImageObject","inLanguage":"de","@id":"https:\/\/bluedoggenetics.com\/producto\/autoflorecientes\/pineapple-express-auto\/#primaryimage","url":"https:\/\/bluedoggenetics.com\/wp-content\/uploads\/2026\/03\/pineapple-express-auto_circle_new_21_125024.webp","contentUrl":"https:\/\/bluedoggenetics.com\/wp-content\/uploads\/2026\/03\/pineapple-express-auto_circle_new_21_125024.webp","width":475,"height":570,"caption":"Pineapple Express Auto de Barney's Farm"},{"@type":"BreadcrumbList","@id":"https:\/\/bluedoggenetics.com\/producto\/autoflorecientes\/pineapple-express-auto\/#breadcrumb","itemListElement":[{"@type":"ListItem","position":1,"name":"Portada","item":"https:\/\/bluedoggenetics.com\/"},{"@type":"ListItem","position":2,"name":"Tienda","item":"https:\/\/bluedoggenetics.com\/fr\/tienda\/"},{"@type":"ListItem","position":3,"name":"Pineapple Express Auto"}]},{"@type":"WebSite","@id":"https:\/\/bluedoggenetics.com\/de\/#website","url":"https:\/\/bluedoggenetics.com\/de\/","name":"BLUEDOG GENETICS Seeds","description":"Vergleiche und kaufe die besten Hanfsamen. Feminisiert, Autoflowering, CBD.","publisher":{"@id":"https:\/\/bluedoggenetics.com\/de\/#organization"},"alternateName":"BLUEDOG GENETICS","potentialAction":[{"@type":"SearchAction","target":{"@type":"EntryPoint","urlTemplate":"https:\/\/bluedoggenetics.com\/de\/?s={search_term_string}"},"query-input":{"@type":"PropertyValueSpecification","valueRequired":true,"valueName":"search_term_string"}}],"inLanguage":"de"},{"@type":"Organization","@id":"https:\/\/bluedoggenetics.com\/de\/#organization","name":"BLUEDOG GENETICS","url":"https:\/\/bluedoggenetics.com\/de\/","logo":{"@type":"ImageObject","inLanguage":"de","@id":"https:\/\/bluedoggenetics.com\/de\/#\/schema\/logo\/image\/","url":"https:\/\/bluedoggenetics.com\/wp-content\/uploads\/2024\/11\/appIcon.png","contentUrl":"https:\/\/bluedoggenetics.com\/wp-content\/uploads\/2024\/11\/appIcon.png","width":1024,"height":1024,"caption":"BLUEDOG GENETICS"},"image":{"@id":"https:\/\/bluedoggenetics.com\/de\/#\/schema\/logo\/image\/"},"sameAs":["https:\/\/www.instagram.com\/bluedog.genetics\/"]}]}},"sticker_url":"https:\/\/bluedoggenetics.com\/wp-content\/uploads\/2026\/03\/barneys-farm.webp","variations_full":[{"id":4294,"price":11,"regular_price":11,"attributes":{"attribute_pa_cantidad":"pack-1"},"image_src":"https:\/\/bluedoggenetics.com\/wp-content\/uploads\/2026\/03\/pineapple-express-auto_circle_new_21_125024.webp","is_in_stock":true},{"id":4295,"price":28,"regular_price":28,"attributes":{"attribute_pa_cantidad":"pack-3"},"image_src":"https:\/\/bluedoggenetics.com\/wp-content\/uploads\/2026\/03\/pineapple-express-auto_circle_new_21_125024.webp","is_in_stock":true},{"id":4296,"price":42,"regular_price":42,"attributes":{"attribute_pa_cantidad":"pack-5"},"image_src":"https:\/\/bluedoggenetics.com\/wp-content\/uploads\/2026\/03\/pineapple-express-auto_circle_new_21_125024.webp","is_in_stock":true},{"id":4297,"price":80,"regular_price":80,"attributes":{"attribute_pa_cantidad":"pack-10"},"image_src":"https:\/\/bluedoggenetics.com\/wp-content\/uploads\/2026\/03\/pineapple-express-auto_circle_new_21_125024.webp","is_in_stock":true}],"jetpack_sharing_enabled":true,"_links":{"self":[{"href":"https:\/\/bluedoggenetics.com\/de\/wp-json\/wp\/v2\/product\/4291","targetHints":{"allow":["GET"]}}],"collection":[{"href":"https:\/\/bluedoggenetics.com\/de\/wp-json\/wp\/v2\/product"}],"about":[{"href":"https:\/\/bluedoggenetics.com\/de\/wp-json\/wp\/v2\/types\/product"}],"wp:featuredmedia":[{"embeddable":true,"href":"https:\/\/bluedoggenetics.com\/de\/wp-json\/wp\/v2\/media\/3553"}],"wp:attachment":[{"href":"https:\/\/bluedoggenetics.com\/de\/wp-json\/wp\/v2\/media?parent=4291"}],"wp:term":[{"taxonomy":"product_brand","embeddable":true,"href":"https:\/\/bluedoggenetics.com\/de\/wp-json\/wp\/v2\/product_brand?post=4291"},{"taxonomy":"product_cat","embeddable":true,"href":"https:\/\/bluedoggenetics.com\/de\/wp-json\/wp\/v2\/product_cat?post=4291"},{"taxonomy":"product_tag","embeddable":true,"href":"https:\/\/bluedoggenetics.com\/de\/wp-json\/wp\/v2\/product_tag?post=4291"}],"curies":[{"name":"wp","href":"https:\/\/api.w.org\/{rel}","templated":true}]}}