{"id":4268,"date":"2026-03-29T17:52:08","date_gmt":"2026-03-29T15:52:08","guid":{"rendered":"https:\/\/bluedoggenetics.com\/?post_type=product&#038;p=4268"},"modified":"2026-05-06T14:56:28","modified_gmt":"2026-05-06T12:56:28","slug":"lsd-2","status":"publish","type":"product","link":"https:\/\/bluedoggenetics.com\/de\/produkt\/samen\/feminisierte\/lsd-2\/","title":{"rendered":"LSD"},"content":{"rendered":"<p>Bei der Auswahl der Samen <strong>LSD<\/strong>, entscheiden Sie sich f\u00fcr eine der preisgekr\u00f6ntesten und leistungsst\u00e4rksten Genetiken der Welt. Die Bl\u00fcte endet schnell, zwischen 60 und 65 Tagen, und belohnt mit dichten Ertr\u00e4gen von bis zu 600 g\/m2. Das Erlebnis beim Rauchen ist wie eine Achterbahnfahrt: ein hyperkreativer und zerebraler Anfang, der seine Indica-Genetik herausfordert und Sie am Ende in einen narkotischen Zustand versetzt.<\/p>\n<p><b>Blumenbild.<\/b> Die Bl\u00fcten von LSD haben den klassischen Indica-Look: Sie sind unglaublich dicht, rund und super klebrig.<\/p>\n<p><b>Pflanzenmorphologie.<\/b> Ihr afghanisches Erbe macht sie zu einem Bunker. Sie ist kurz, robust, buschig und resistent gegen praktisch jeden Sch\u00e4dling, Pilz und schlechtes Wetter.<\/p>\n<h3><b>Anbautipps<\/b><\/h3>\n<ul>\n<li><strong>Was ist das ideale Klima f\u00fcr den Anbau von LSD ?<\/strong>\n<p>Dank seiner extremen H\u00e4rte entwickelt es sich perfekt in feindlichen oder extrem kalten Klimazonen, ohne dass seine Bl\u00fcte beeintr\u00e4chtigt wird.<\/li>\n<li><strong>Welche Trainingstechniken funktionieren am besten mit LSD ?<\/strong>\n<p>Es passt sich unglaublich gut an den Anbau im SOG (Sea of \u200b\u200bGreen) an, indem es viele Pflanzen zusammenstellt, um die Ernte in der Hauptspitze zu zentralisieren.<\/li>\n<li><strong>Welche Art der D\u00fcngung ben\u00f6tigt LSD ?<\/strong>\n<p>Es handelt sich nicht um eine anspruchsvolle Sorte. Eine einfache und konstante Ern\u00e4hrung h\u00e4lt die Pflanze gr\u00fcn und gesund; Es ist wichtig, es nicht zu \u00fcberd\u00fcngen.<\/li>\n<li><strong>Wie sollten die Bew\u00e4sserung und Luftfeuchtigkeit f\u00fcr LSD sein?<\/strong>\n<p>Es weist eine hohe Schimmelresistenz auf, in Innenr\u00e4umen empfiehlt es sich jedoch, nur zu gie\u00dfen, wenn der Topf an Gewicht verloren hat und eine Luftfeuchtigkeit von 50 % aufrechtzuerhalten.<\/li>\n<li><strong>Ist es notwendig, die LSD -Pflanze zu beschneiden?<\/strong>\n<p>Das Entfernen der Bl\u00e4tter ist der Schl\u00fcssel; Wenn Sie die gro\u00dfen F\u00e4cherbl\u00e4tter w\u00e4hrend der Vorbl\u00fctezeit entfernen, kann das Licht leichter in die dicke, kompakte Struktur eindringen.<\/li>\n<\/ul>","protected":false},"excerpt":{"rendered":"<p><strong>LSD<\/strong> ist eine historische Sorte von Barney's Farm, die ihren Namen verdient hat. Diese hochwirksame Kreuzung zwischen Skunk #1 und Mazar ist eine 70-prozentige Indica, die einen fast psychedelischen Gehirnschlag ausl\u00f6st, bevor sie Sie in extreme k\u00f6rperliche Entspannung st\u00fcrzt. Es ist die perfekte Wahl f\u00fcr alle, die kompromisslose Leistung suchen.<\/p>","protected":false},"featured_media":3432,"template":"","meta":{"_acf_changed":false,"inline_featured_image":false,"_wp_applaud_exclude":false},"product_brand":[192],"product_cat":[22],"product_tag":[],"class_list":{"0":"post-4268","1":"product","2":"type-product","3":"status-publish","4":"has-post-thumbnail","6":"product_brand-barneys-farm","7":"product_cat-feminizadas","8":"pa_altura-exterior-90-120","9":"pa_altura-interior-90-120","10":"pa_beneficios-terapeuticos-alivio-de-ansiedad","11":"pa_beneficios-terapeuticos-alivio-del-dolor","12":"pa_beneficios-terapeuticos-reduccion-de-nauseas","13":"pa_cantidad-pack-1","14":"pa_cantidad-pack-10","15":"pa_cantidad-pack-3","16":"pa_cantidad-pack-5","17":"pa_clima-extremadamente-frio","18":"pa_cosecha-exterior-550-650","19":"pa_cosecha-interior-450-550","20":"pa_efectos-destacables-activo","21":"pa_efectos-destacables-creativo","22":"pa_efectos-destacables-euforico","23":"pa_efectos-destacables-relajado","24":"pa_efectos-destacables-risueno","25":"pa_floracion-8-9","26":"pa_genetica-70-30","27":"pa_olor-intenso","28":"pa_sabores-y-olores-citrico","29":"pa_sabores-y-olores-especias","30":"pa_sabores-y-olores-limon","31":"pa_sabores-y-olores-madera","32":"pa_sabores-y-olores-terroso","33":"pa_thc-20-26","34":"pa_variedad-indica","35":"pa_variedad-mayormente-indica","37":"first","38":"instock","39":"taxable","40":"shipping-taxable","41":"purchasable","42":"product-type-variable"},"acf":{"sticker":"https:\/\/bluedoggenetics.com\/wp-content\/uploads\/2026\/03\/barneys-farm.webp","family_tree":""},"yoast_head":"<!-- This site is optimized with the Yoast SEO plugin v26.5 - https:\/\/yoast.com\/wordpress\/plugins\/seo\/ -->\n<title>LSD de Barney&#039;s Farm - BLUEDOG GENETICS Seeds<\/title>\n<meta name=\"description\" content=\"LSD de Barney&#039;s Farm: el h\u00edbrido con 25% de THC y aroma terroso y dulce. Efecto potente y casi psicod\u00e9lico. \u00a1Compra tus semillas ahora al mejor precio!\" \/>\n<meta name=\"robots\" content=\"index, follow, max-snippet:-1, max-image-preview:large, max-video-preview:-1\" \/>\n<link rel=\"canonical\" href=\"https:\/\/bluedoggenetics.com\/de\/produkt\/feminisierte\/lsd-2\/\" \/>\n<meta property=\"og:locale\" content=\"de_DE\" \/>\n<meta property=\"og:type\" content=\"article\" \/>\n<meta property=\"og:title\" content=\"LSD de Barney&#039;s Farm - BLUEDOG GENETICS Seeds\" \/>\n<meta property=\"og:description\" content=\"LSD de Barney&#039;s Farm: el h\u00edbrido con 25% de THC y aroma terroso y dulce. Efecto potente y casi psicod\u00e9lico. \u00a1Compra tus semillas ahora al mejor precio!\" \/>\n<meta property=\"og:url\" content=\"https:\/\/bluedoggenetics.com\/de\/produkt\/feminisierte\/lsd-2\/\" \/>\n<meta property=\"og:site_name\" content=\"BLUEDOG GENETICS Seeds\" \/>\n<meta property=\"article:modified_time\" content=\"2026-05-06T12:56:28+00:00\" \/>\n<meta property=\"og:image\" content=\"https:\/\/bluedoggenetics.com\/wp-content\/uploads\/2026\/03\/lsd_circle_new_21_128363.webp\" \/>\n\t<meta property=\"og:image:width\" content=\"475\" \/>\n\t<meta property=\"og:image:height\" content=\"570\" \/>\n\t<meta property=\"og:image:type\" content=\"image\/webp\" \/>\n<meta name=\"twitter:card\" content=\"summary_large_image\" \/>\n<meta name=\"twitter:label1\" content=\"Gesch\u00e4tzte Lesezeit\" \/>\n\t<meta name=\"twitter:data1\" content=\"2\u00a0Minuten\" \/>\n<script type=\"application\/ld+json\" class=\"yoast-schema-graph\">{\"@context\":\"https:\/\/schema.org\",\"@graph\":[{\"@type\":[\"WebPage\",\"ItemPage\"],\"@id\":\"https:\/\/bluedoggenetics.com\/producto\/feminizadas\/lsd-2\/\",\"url\":\"https:\/\/bluedoggenetics.com\/producto\/feminizadas\/lsd-2\/\",\"name\":\"LSD de Barney's Farm - BLUEDOG GENETICS Seeds\",\"isPartOf\":{\"@id\":\"https:\/\/bluedoggenetics.com\/de\/#website\"},\"primaryImageOfPage\":{\"@id\":\"https:\/\/bluedoggenetics.com\/producto\/feminizadas\/lsd-2\/#primaryimage\"},\"image\":{\"@id\":\"https:\/\/bluedoggenetics.com\/producto\/feminizadas\/lsd-2\/#primaryimage\"},\"thumbnailUrl\":\"https:\/\/bluedoggenetics.com\/wp-content\/uploads\/2026\/03\/lsd_circle_new_21_128363.webp\",\"datePublished\":\"2026-03-29T15:52:08+00:00\",\"dateModified\":\"2026-05-06T12:56:28+00:00\",\"description\":\"LSD de Barney's Farm: el h\u00edbrido con 25% de THC y aroma terroso y dulce. Efecto potente y casi psicod\u00e9lico. \u00a1Compra tus semillas ahora al mejor precio!\",\"breadcrumb\":{\"@id\":\"https:\/\/bluedoggenetics.com\/producto\/feminizadas\/lsd-2\/#breadcrumb\"},\"inLanguage\":\"de\",\"potentialAction\":[{\"@type\":\"ReadAction\",\"target\":[\"https:\/\/bluedoggenetics.com\/producto\/feminizadas\/lsd-2\/\"]}]},{\"@type\":\"ImageObject\",\"inLanguage\":\"de\",\"@id\":\"https:\/\/bluedoggenetics.com\/producto\/feminizadas\/lsd-2\/#primaryimage\",\"url\":\"https:\/\/bluedoggenetics.com\/wp-content\/uploads\/2026\/03\/lsd_circle_new_21_128363.webp\",\"contentUrl\":\"https:\/\/bluedoggenetics.com\/wp-content\/uploads\/2026\/03\/lsd_circle_new_21_128363.webp\",\"width\":475,\"height\":570,\"caption\":\"LSD de Barney's Farm\"},{\"@type\":\"BreadcrumbList\",\"@id\":\"https:\/\/bluedoggenetics.com\/producto\/feminizadas\/lsd-2\/#breadcrumb\",\"itemListElement\":[{\"@type\":\"ListItem\",\"position\":1,\"name\":\"Portada\",\"item\":\"https:\/\/bluedoggenetics.com\/\"},{\"@type\":\"ListItem\",\"position\":2,\"name\":\"Tienda\",\"item\":\"https:\/\/bluedoggenetics.com\/fr\/tienda\/\"},{\"@type\":\"ListItem\",\"position\":3,\"name\":\"LSD\"}]},{\"@type\":\"WebSite\",\"@id\":\"https:\/\/bluedoggenetics.com\/de\/#website\",\"url\":\"https:\/\/bluedoggenetics.com\/de\/\",\"name\":\"BLUEDOG GENETICS Seeds\",\"description\":\"Compara y compra las mejores semillas de cannabis. Feminizadas, Autoflorecientes, CBD.\",\"publisher\":{\"@id\":\"https:\/\/bluedoggenetics.com\/de\/#organization\"},\"alternateName\":\"BLUEDOG GENETICS\",\"potentialAction\":[{\"@type\":\"SearchAction\",\"target\":{\"@type\":\"EntryPoint\",\"urlTemplate\":\"https:\/\/bluedoggenetics.com\/de\/?s={search_term_string}\"},\"query-input\":{\"@type\":\"PropertyValueSpecification\",\"valueRequired\":true,\"valueName\":\"search_term_string\"}}],\"inLanguage\":\"de\"},{\"@type\":\"Organization\",\"@id\":\"https:\/\/bluedoggenetics.com\/de\/#organization\",\"name\":\"BLUEDOG GENETICS\",\"url\":\"https:\/\/bluedoggenetics.com\/de\/\",\"logo\":{\"@type\":\"ImageObject\",\"inLanguage\":\"de\",\"@id\":\"https:\/\/bluedoggenetics.com\/de\/#\/schema\/logo\/image\/\",\"url\":\"https:\/\/bluedoggenetics.com\/wp-content\/uploads\/2024\/11\/appIcon.png\",\"contentUrl\":\"https:\/\/bluedoggenetics.com\/wp-content\/uploads\/2024\/11\/appIcon.png\",\"width\":1024,\"height\":1024,\"caption\":\"BLUEDOG GENETICS\"},\"image\":{\"@id\":\"https:\/\/bluedoggenetics.com\/de\/#\/schema\/logo\/image\/\"},\"sameAs\":[\"https:\/\/www.instagram.com\/bluedog.genetics\/\"]}]}<\/script>\n<!-- \/ Yoast SEO plugin. -->","yoast_head_json":{"title":"LSD von Barney's Farm - BLUEDOG GENETICS Seeds","description":"LSD von Barney's Farm: der Hybrid mit 25 % THC und einem erdigen und s\u00fc\u00dfen Aroma. Kraftvolle und fast psychedelische Wirkung. Kaufen Sie jetzt Ihre Samen zum besten Preis!","robots":{"index":"index","follow":"follow","max-snippet":"max-snippet:-1","max-image-preview":"max-image-preview:large","max-video-preview":"max-video-preview:-1"},"canonical":"https:\/\/bluedoggenetics.com\/de\/produkt\/feminisierte\/lsd-2\/","og_locale":"de_DE","og_type":"article","og_title":"LSD de Barney's Farm - BLUEDOG GENETICS Seeds","og_description":"LSD de Barney's Farm: el h\u00edbrido con 25% de THC y aroma terroso y dulce. Efecto potente y casi psicod\u00e9lico. \u00a1Compra tus semillas ahora al mejor precio!","og_url":"https:\/\/bluedoggenetics.com\/de\/produkt\/feminisierte\/lsd-2\/","og_site_name":"BLUEDOG GENETICS Seeds","article_modified_time":"2026-05-06T12:56:28+00:00","og_image":[{"width":475,"height":570,"url":"https:\/\/bluedoggenetics.com\/wp-content\/uploads\/2026\/03\/lsd_circle_new_21_128363.webp","type":"image\/webp"}],"twitter_card":"summary_large_image","twitter_misc":{"Gesch\u00e4tzte Lesezeit":"2\u00a0Minuten"},"schema":{"@context":"https:\/\/schema.org","@graph":[{"@type":["WebPage","ItemPage"],"@id":"https:\/\/bluedoggenetics.com\/producto\/feminizadas\/lsd-2\/","url":"https:\/\/bluedoggenetics.com\/producto\/feminizadas\/lsd-2\/","name":"LSD von Barney's Farm - BLUEDOG GENETICS Seeds","isPartOf":{"@id":"https:\/\/bluedoggenetics.com\/de\/#website"},"primaryImageOfPage":{"@id":"https:\/\/bluedoggenetics.com\/producto\/feminizadas\/lsd-2\/#primaryimage"},"image":{"@id":"https:\/\/bluedoggenetics.com\/producto\/feminizadas\/lsd-2\/#primaryimage"},"thumbnailUrl":"https:\/\/bluedoggenetics.com\/wp-content\/uploads\/2026\/03\/lsd_circle_new_21_128363.webp","datePublished":"2026-03-29T15:52:08+00:00","dateModified":"2026-05-06T12:56:28+00:00","description":"LSD von Barney's Farm: der Hybrid mit 25 % THC und einem erdigen und s\u00fc\u00dfen Aroma. Kraftvolle und fast psychedelische Wirkung. Kaufen Sie jetzt Ihre Samen zum besten Preis!","breadcrumb":{"@id":"https:\/\/bluedoggenetics.com\/producto\/feminizadas\/lsd-2\/#breadcrumb"},"inLanguage":"de","potentialAction":[{"@type":"ReadAction","target":["https:\/\/bluedoggenetics.com\/producto\/feminizadas\/lsd-2\/"]}]},{"@type":"ImageObject","inLanguage":"de","@id":"https:\/\/bluedoggenetics.com\/producto\/feminizadas\/lsd-2\/#primaryimage","url":"https:\/\/bluedoggenetics.com\/wp-content\/uploads\/2026\/03\/lsd_circle_new_21_128363.webp","contentUrl":"https:\/\/bluedoggenetics.com\/wp-content\/uploads\/2026\/03\/lsd_circle_new_21_128363.webp","width":475,"height":570,"caption":"LSD de Barney's Farm"},{"@type":"BreadcrumbList","@id":"https:\/\/bluedoggenetics.com\/producto\/feminizadas\/lsd-2\/#breadcrumb","itemListElement":[{"@type":"ListItem","position":1,"name":"Portada","item":"https:\/\/bluedoggenetics.com\/"},{"@type":"ListItem","position":2,"name":"Tienda","item":"https:\/\/bluedoggenetics.com\/fr\/tienda\/"},{"@type":"ListItem","position":3,"name":"LSD"}]},{"@type":"WebSite","@id":"https:\/\/bluedoggenetics.com\/de\/#website","url":"https:\/\/bluedoggenetics.com\/de\/","name":"BLUEDOG GENETICS Seeds","description":"Vergleiche und kaufe die besten Hanfsamen. Feminisiert, Autoflowering, CBD.","publisher":{"@id":"https:\/\/bluedoggenetics.com\/de\/#organization"},"alternateName":"BLUEDOG GENETICS","potentialAction":[{"@type":"SearchAction","target":{"@type":"EntryPoint","urlTemplate":"https:\/\/bluedoggenetics.com\/de\/?s={search_term_string}"},"query-input":{"@type":"PropertyValueSpecification","valueRequired":true,"valueName":"search_term_string"}}],"inLanguage":"de"},{"@type":"Organization","@id":"https:\/\/bluedoggenetics.com\/de\/#organization","name":"BLUEDOG GENETICS","url":"https:\/\/bluedoggenetics.com\/de\/","logo":{"@type":"ImageObject","inLanguage":"de","@id":"https:\/\/bluedoggenetics.com\/de\/#\/schema\/logo\/image\/","url":"https:\/\/bluedoggenetics.com\/wp-content\/uploads\/2024\/11\/appIcon.png","contentUrl":"https:\/\/bluedoggenetics.com\/wp-content\/uploads\/2024\/11\/appIcon.png","width":1024,"height":1024,"caption":"BLUEDOG GENETICS"},"image":{"@id":"https:\/\/bluedoggenetics.com\/de\/#\/schema\/logo\/image\/"},"sameAs":["https:\/\/www.instagram.com\/bluedog.genetics\/"]}]}},"sticker_url":"https:\/\/bluedoggenetics.com\/wp-content\/uploads\/2026\/03\/barneys-farm.webp","variations_full":[{"id":4282,"price":10,"regular_price":10,"attributes":{"attribute_pa_cantidad":"pack-1"},"image_src":"https:\/\/bluedoggenetics.com\/wp-content\/uploads\/2026\/03\/lsd_circle_new_21_128363.webp","is_in_stock":true},{"id":4283,"price":25,"regular_price":25,"attributes":{"attribute_pa_cantidad":"pack-3"},"image_src":"https:\/\/bluedoggenetics.com\/wp-content\/uploads\/2026\/03\/lsd_circle_new_21_128363.webp","is_in_stock":true},{"id":4284,"price":38,"regular_price":38,"attributes":{"attribute_pa_cantidad":"pack-5"},"image_src":"https:\/\/bluedoggenetics.com\/wp-content\/uploads\/2026\/03\/lsd_circle_new_21_128363.webp","is_in_stock":true},{"id":4285,"price":70,"regular_price":70,"attributes":{"attribute_pa_cantidad":"pack-10"},"image_src":"https:\/\/bluedoggenetics.com\/wp-content\/uploads\/2026\/03\/lsd_circle_new_21_128363.webp","is_in_stock":true}],"jetpack_sharing_enabled":true,"_links":{"self":[{"href":"https:\/\/bluedoggenetics.com\/de\/wp-json\/wp\/v2\/product\/4268","targetHints":{"allow":["GET"]}}],"collection":[{"href":"https:\/\/bluedoggenetics.com\/de\/wp-json\/wp\/v2\/product"}],"about":[{"href":"https:\/\/bluedoggenetics.com\/de\/wp-json\/wp\/v2\/types\/product"}],"wp:featuredmedia":[{"embeddable":true,"href":"https:\/\/bluedoggenetics.com\/de\/wp-json\/wp\/v2\/media\/3432"}],"wp:attachment":[{"href":"https:\/\/bluedoggenetics.com\/de\/wp-json\/wp\/v2\/media?parent=4268"}],"wp:term":[{"taxonomy":"product_brand","embeddable":true,"href":"https:\/\/bluedoggenetics.com\/de\/wp-json\/wp\/v2\/product_brand?post=4268"},{"taxonomy":"product_cat","embeddable":true,"href":"https:\/\/bluedoggenetics.com\/de\/wp-json\/wp\/v2\/product_cat?post=4268"},{"taxonomy":"product_tag","embeddable":true,"href":"https:\/\/bluedoggenetics.com\/de\/wp-json\/wp\/v2\/product_tag?post=4268"}],"curies":[{"name":"wp","href":"https:\/\/api.w.org\/{rel}","templated":true}]}}