{"id":4267,"date":"2026-03-29T17:52:07","date_gmt":"2026-03-29T15:52:07","guid":{"rendered":"https:\/\/bluedoggenetics.com\/?post_type=product&#038;p=4267"},"modified":"2026-05-06T14:56:28","modified_gmt":"2026-05-06T12:56:28","slug":"blue-gelato-41-2","status":"publish","type":"product","link":"https:\/\/bluedoggenetics.com\/de\/produkt\/samen\/feminisierte\/blue-gelato-41-2\/","title":{"rendered":"Blue Gelato 41"},"content":{"rendered":"<p>Mit den feminisierten Samen von <strong>Blue Gelato 41<\/strong> Sie werden Ihrem Garten eine der am meisten ausgezeichneten kalifornischen Genetiken hinzuf\u00fcgen. Machen Sie sich bereit f\u00fcr eine Bl\u00fctezeit von 9 bis 10 Wochen und erstaunliche Ernten, die im Freien 2,5 Kilo pro Pflanze \u00fcbersteigen k\u00f6nnen. Seine Wirkung ist klar und energisch und erzeugt Lachwellen und Euforia , bevor der K\u00f6rper in eine sanfte k\u00f6rperliche Entspannung versetzt wird.<\/p>\n<p><b>Blumenbild.<\/b> Seine Bl\u00fcten sind ein visuelles Spektakel. In ihren letzten Wochen verf\u00e4rben sie sich in wundersch\u00f6ne Blau- und Violettt\u00f6ne und sind von dicken Bl\u00fctenkelchen umgeben, aus denen Harz austritt.<\/p>\n<p><b>Pflanzenmorphologie.<\/b> Sie w\u00e4chst mit gro\u00dfer vegetativer Kraft und kann im Freien ziemlich hoch werden und bis zu 2 Meter erreichen. Seine mittleren Internodien erm\u00f6glichen eine gute Luftzirkulation.<\/p>\n<h3><b>Anbautipps<\/b><\/h3>\n<ul>\n<li><strong>Was ist das ideale Klima f\u00fcr den Anbau von Blue Gelato 41 ?<\/strong>\n<p>Es bevorzugt warmes und trockenes Klima, obwohl es am Ende seines Zyklus einen R\u00fcckgang der Nachttemperaturen begr\u00fc\u00dft, um seine exotischen Blaut\u00f6ne zur Geltung zu bringen.<\/li>\n<li><strong>Welche Trainingstechniken funktionieren am besten mit Blue Gelato 41 ?<\/strong>\n<p>Es reagiert wunderbar auf die FIM-Technik und LST, um seine breite Struktur zu \u00f6ffnen und Licht zu erm\u00f6glichen, die Seiten\u00e4ste zu n\u00e4hren.<\/li>\n<li><strong>Welche Art der D\u00fcngung ben\u00f6tigt Blue Gelato 41 ?<\/strong>\n<p>Akzeptiert einen hohen N\u00e4hrstoffgehalt (hoher EC). Durch die Zugabe von Stimulatoren auf Algen- und Aminos\u00e4urebasis kommt das Harzpotenzial voll zur Geltung.<\/li>\n<li><strong>Wie sollten die Bew\u00e4sserung und Luftfeuchtigkeit f\u00fcr Blue Gelato 41 sein?<\/strong>\n<p>W\u00e4hrend der Bl\u00fctezeit braucht es reichlich Wasser. Halten Sie die Luftfeuchtigkeit gut kontrolliert, in der Endphase zwischen 40 % und 50 %.<\/li>\n<li><strong>Ist es notwendig, die Blue Gelato 41 -Pflanze zu beschneiden?<\/strong>\n<p>Ja, ein fr\u00fcher Spitzenschnitt ist ideal, um die H\u00f6he der Pflanze in Innenr\u00e4umen zu kontrollieren und ihre \u00fcppigen Hauptbl\u00fcten zu vermehren.<\/li>\n<\/ul>","protected":false},"excerpt":{"rendered":"<p><strong>Blue Gelato 41<\/strong> ist ein Cannabis-Titan, der das ber\u00fchmte Blueberry mit dem gefeierten Thin Mint Girl Scout Cookies und dem s\u00fc\u00dfen Sunset Sherbet kombiniert. Das Ergebnis ist eine leicht indicadominierte Pflanze, aber mit einer unglaublichen zerebralen psychedelischen Wirkung. Seine Aromen von Zitrusfr\u00fcchten, Beeren und Geb\u00e4ck machen ihn unwiderstehlich.<\/p>","protected":false},"featured_media":3430,"template":"","meta":{"_acf_changed":false,"inline_featured_image":false,"_wp_applaud_exclude":false},"product_brand":[192],"product_cat":[22],"product_tag":[],"class_list":{"0":"post-4267","1":"product","2":"type-product","3":"status-publish","4":"has-post-thumbnail","6":"product_brand-barneys-farm","7":"product_cat-feminizadas","8":"pa_altura-exterior-180-200","9":"pa_altura-interior-120-150","10":"pa_beneficios-terapeuticos-alivio-de-ansiedad","11":"pa_beneficios-terapeuticos-alivio-del-dolor","12":"pa_beneficios-terapeuticos-aumento-del-apetito","13":"pa_cantidad-pack-1","14":"pa_cantidad-pack-10","15":"pa_cantidad-pack-3","16":"pa_cantidad-pack-5","17":"pa_clima-calido","18":"pa_cosecha-exterior-750-850","19":"pa_cosecha-interior-550-650","20":"pa_efectos-destacables-alegre","21":"pa_efectos-destacables-conversador","22":"pa_efectos-destacables-euforico","23":"pa_efectos-destacables-relajado","24":"pa_efectos-destacables-risueno","25":"pa_floracion-9-10","26":"pa_genetica-60-40","27":"pa_olor-intenso","28":"pa_sabores-y-olores-afrutado","29":"pa_sabores-y-olores-bayas","30":"pa_sabores-y-olores-citrico","31":"pa_sabores-y-olores-dulce","32":"pa_sabores-y-olores-floral","33":"pa_sabores-y-olores-terroso","34":"pa_thc-20-26","35":"pa_variedad-hibrida","37":"first","38":"instock","39":"taxable","40":"shipping-taxable","41":"purchasable","42":"product-type-variable"},"acf":{"sticker":"https:\/\/bluedoggenetics.com\/wp-content\/uploads\/2026\/03\/barneys-farm.webp","family_tree":""},"yoast_head":"<!-- This site is optimized with the Yoast SEO plugin v26.5 - https:\/\/yoast.com\/wordpress\/plugins\/seo\/ -->\n<title>Blue Gelato 41 - BLUEDOG GENETICS Seeds<\/title>\n<meta name=\"description\" content=\"Blue Gelato 41 de Barney&#039;s Farm: el h\u00edbrido con 25% de THC y aroma a frutas dulces y c\u00edtricos. Efecto euf\u00f3rico y l\u00facido. \u00a1Compra tus semillas ahora!\" \/>\n<meta name=\"robots\" content=\"index, follow, max-snippet:-1, max-image-preview:large, max-video-preview:-1\" \/>\n<link rel=\"canonical\" href=\"https:\/\/bluedoggenetics.com\/de\/produkt\/feminisierte\/blue-gelato-41-2\/\" \/>\n<meta property=\"og:locale\" content=\"de_DE\" \/>\n<meta property=\"og:type\" content=\"article\" \/>\n<meta property=\"og:title\" content=\"Blue Gelato 41 - BLUEDOG GENETICS Seeds\" \/>\n<meta property=\"og:description\" content=\"Blue Gelato 41 de Barney&#039;s Farm: el h\u00edbrido con 25% de THC y aroma a frutas dulces y c\u00edtricos. Efecto euf\u00f3rico y l\u00facido. \u00a1Compra tus semillas ahora!\" \/>\n<meta property=\"og:url\" content=\"https:\/\/bluedoggenetics.com\/de\/produkt\/feminisierte\/blue-gelato-41-2\/\" \/>\n<meta property=\"og:site_name\" content=\"BLUEDOG GENETICS Seeds\" \/>\n<meta property=\"article:modified_time\" content=\"2026-05-06T12:56:28+00:00\" \/>\n<meta property=\"og:image\" content=\"https:\/\/bluedoggenetics.com\/wp-content\/uploads\/2026\/03\/blue-gelato-41_circle_new_21_126435.webp\" \/>\n\t<meta property=\"og:image:width\" content=\"475\" \/>\n\t<meta property=\"og:image:height\" content=\"570\" \/>\n\t<meta property=\"og:image:type\" content=\"image\/webp\" \/>\n<meta name=\"twitter:card\" content=\"summary_large_image\" \/>\n<meta name=\"twitter:label1\" content=\"Gesch\u00e4tzte Lesezeit\" \/>\n\t<meta name=\"twitter:data1\" content=\"2\u00a0Minuten\" \/>\n<script type=\"application\/ld+json\" class=\"yoast-schema-graph\">{\"@context\":\"https:\/\/schema.org\",\"@graph\":[{\"@type\":[\"WebPage\",\"ItemPage\"],\"@id\":\"https:\/\/bluedoggenetics.com\/producto\/feminizadas\/blue-gelato-41-2\/\",\"url\":\"https:\/\/bluedoggenetics.com\/producto\/feminizadas\/blue-gelato-41-2\/\",\"name\":\"Blue Gelato 41 - BLUEDOG GENETICS Seeds\",\"isPartOf\":{\"@id\":\"https:\/\/bluedoggenetics.com\/de\/#website\"},\"primaryImageOfPage\":{\"@id\":\"https:\/\/bluedoggenetics.com\/producto\/feminizadas\/blue-gelato-41-2\/#primaryimage\"},\"image\":{\"@id\":\"https:\/\/bluedoggenetics.com\/producto\/feminizadas\/blue-gelato-41-2\/#primaryimage\"},\"thumbnailUrl\":\"https:\/\/bluedoggenetics.com\/wp-content\/uploads\/2026\/03\/blue-gelato-41_circle_new_21_126435.webp\",\"datePublished\":\"2026-03-29T15:52:07+00:00\",\"dateModified\":\"2026-05-06T12:56:28+00:00\",\"description\":\"Blue Gelato 41 de Barney's Farm: el h\u00edbrido con 25% de THC y aroma a frutas dulces y c\u00edtricos. Efecto euf\u00f3rico y l\u00facido. \u00a1Compra tus semillas ahora!\",\"breadcrumb\":{\"@id\":\"https:\/\/bluedoggenetics.com\/producto\/feminizadas\/blue-gelato-41-2\/#breadcrumb\"},\"inLanguage\":\"de\",\"potentialAction\":[{\"@type\":\"ReadAction\",\"target\":[\"https:\/\/bluedoggenetics.com\/producto\/feminizadas\/blue-gelato-41-2\/\"]}]},{\"@type\":\"ImageObject\",\"inLanguage\":\"de\",\"@id\":\"https:\/\/bluedoggenetics.com\/producto\/feminizadas\/blue-gelato-41-2\/#primaryimage\",\"url\":\"https:\/\/bluedoggenetics.com\/wp-content\/uploads\/2026\/03\/blue-gelato-41_circle_new_21_126435.webp\",\"contentUrl\":\"https:\/\/bluedoggenetics.com\/wp-content\/uploads\/2026\/03\/blue-gelato-41_circle_new_21_126435.webp\",\"width\":475,\"height\":570,\"caption\":\"Blue Gelato 41\"},{\"@type\":\"BreadcrumbList\",\"@id\":\"https:\/\/bluedoggenetics.com\/producto\/feminizadas\/blue-gelato-41-2\/#breadcrumb\",\"itemListElement\":[{\"@type\":\"ListItem\",\"position\":1,\"name\":\"Portada\",\"item\":\"https:\/\/bluedoggenetics.com\/\"},{\"@type\":\"ListItem\",\"position\":2,\"name\":\"Tienda\",\"item\":\"https:\/\/bluedoggenetics.com\/fr\/tienda\/\"},{\"@type\":\"ListItem\",\"position\":3,\"name\":\"Blue Gelato 41\"}]},{\"@type\":\"WebSite\",\"@id\":\"https:\/\/bluedoggenetics.com\/de\/#website\",\"url\":\"https:\/\/bluedoggenetics.com\/de\/\",\"name\":\"BLUEDOG GENETICS Seeds\",\"description\":\"Compara y compra las mejores semillas de cannabis. Feminizadas, Autoflorecientes, CBD.\",\"publisher\":{\"@id\":\"https:\/\/bluedoggenetics.com\/de\/#organization\"},\"alternateName\":\"BLUEDOG GENETICS\",\"potentialAction\":[{\"@type\":\"SearchAction\",\"target\":{\"@type\":\"EntryPoint\",\"urlTemplate\":\"https:\/\/bluedoggenetics.com\/de\/?s={search_term_string}\"},\"query-input\":{\"@type\":\"PropertyValueSpecification\",\"valueRequired\":true,\"valueName\":\"search_term_string\"}}],\"inLanguage\":\"de\"},{\"@type\":\"Organization\",\"@id\":\"https:\/\/bluedoggenetics.com\/de\/#organization\",\"name\":\"BLUEDOG GENETICS\",\"url\":\"https:\/\/bluedoggenetics.com\/de\/\",\"logo\":{\"@type\":\"ImageObject\",\"inLanguage\":\"de\",\"@id\":\"https:\/\/bluedoggenetics.com\/de\/#\/schema\/logo\/image\/\",\"url\":\"https:\/\/bluedoggenetics.com\/wp-content\/uploads\/2024\/11\/appIcon.png\",\"contentUrl\":\"https:\/\/bluedoggenetics.com\/wp-content\/uploads\/2024\/11\/appIcon.png\",\"width\":1024,\"height\":1024,\"caption\":\"BLUEDOG GENETICS\"},\"image\":{\"@id\":\"https:\/\/bluedoggenetics.com\/de\/#\/schema\/logo\/image\/\"},\"sameAs\":[\"https:\/\/www.instagram.com\/bluedog.genetics\/\"]}]}<\/script>\n<!-- \/ Yoast SEO plugin. -->","yoast_head_json":{"title":"Blue Gelato 41 - BLUEDOG GENETICS-Samen","description":"Blue Gelato 41 von Barney's Farm: der Hybrid mit 25 % THC und einem Aroma von s\u00fc\u00dfen Fr\u00fcchten und Zitrusfr\u00fcchten. Euphorisierender und klarer Effekt. Kaufen Sie jetzt Ihre Samen!","robots":{"index":"index","follow":"follow","max-snippet":"max-snippet:-1","max-image-preview":"max-image-preview:large","max-video-preview":"max-video-preview:-1"},"canonical":"https:\/\/bluedoggenetics.com\/de\/produkt\/feminisierte\/blue-gelato-41-2\/","og_locale":"de_DE","og_type":"article","og_title":"Blue Gelato 41 - BLUEDOG GENETICS Seeds","og_description":"Blue Gelato 41 de Barney's Farm: el h\u00edbrido con 25% de THC y aroma a frutas dulces y c\u00edtricos. Efecto euf\u00f3rico y l\u00facido. \u00a1Compra tus semillas ahora!","og_url":"https:\/\/bluedoggenetics.com\/de\/produkt\/feminisierte\/blue-gelato-41-2\/","og_site_name":"BLUEDOG GENETICS Seeds","article_modified_time":"2026-05-06T12:56:28+00:00","og_image":[{"width":475,"height":570,"url":"https:\/\/bluedoggenetics.com\/wp-content\/uploads\/2026\/03\/blue-gelato-41_circle_new_21_126435.webp","type":"image\/webp"}],"twitter_card":"summary_large_image","twitter_misc":{"Gesch\u00e4tzte Lesezeit":"2\u00a0Minuten"},"schema":{"@context":"https:\/\/schema.org","@graph":[{"@type":["WebPage","ItemPage"],"@id":"https:\/\/bluedoggenetics.com\/producto\/feminizadas\/blue-gelato-41-2\/","url":"https:\/\/bluedoggenetics.com\/producto\/feminizadas\/blue-gelato-41-2\/","name":"Blue Gelato 41 - BLUEDOG GENETICS-Samen","isPartOf":{"@id":"https:\/\/bluedoggenetics.com\/de\/#website"},"primaryImageOfPage":{"@id":"https:\/\/bluedoggenetics.com\/producto\/feminizadas\/blue-gelato-41-2\/#primaryimage"},"image":{"@id":"https:\/\/bluedoggenetics.com\/producto\/feminizadas\/blue-gelato-41-2\/#primaryimage"},"thumbnailUrl":"https:\/\/bluedoggenetics.com\/wp-content\/uploads\/2026\/03\/blue-gelato-41_circle_new_21_126435.webp","datePublished":"2026-03-29T15:52:07+00:00","dateModified":"2026-05-06T12:56:28+00:00","description":"Blue Gelato 41 von Barney's Farm: der Hybrid mit 25 % THC und einem Aroma von s\u00fc\u00dfen Fr\u00fcchten und Zitrusfr\u00fcchten. Euphorisierender und klarer Effekt. Kaufen Sie jetzt Ihre Samen!","breadcrumb":{"@id":"https:\/\/bluedoggenetics.com\/producto\/feminizadas\/blue-gelato-41-2\/#breadcrumb"},"inLanguage":"de","potentialAction":[{"@type":"ReadAction","target":["https:\/\/bluedoggenetics.com\/producto\/feminizadas\/blue-gelato-41-2\/"]}]},{"@type":"ImageObject","inLanguage":"de","@id":"https:\/\/bluedoggenetics.com\/producto\/feminizadas\/blue-gelato-41-2\/#primaryimage","url":"https:\/\/bluedoggenetics.com\/wp-content\/uploads\/2026\/03\/blue-gelato-41_circle_new_21_126435.webp","contentUrl":"https:\/\/bluedoggenetics.com\/wp-content\/uploads\/2026\/03\/blue-gelato-41_circle_new_21_126435.webp","width":475,"height":570,"caption":"Blue Gelato 41"},{"@type":"BreadcrumbList","@id":"https:\/\/bluedoggenetics.com\/producto\/feminizadas\/blue-gelato-41-2\/#breadcrumb","itemListElement":[{"@type":"ListItem","position":1,"name":"Portada","item":"https:\/\/bluedoggenetics.com\/"},{"@type":"ListItem","position":2,"name":"Tienda","item":"https:\/\/bluedoggenetics.com\/fr\/tienda\/"},{"@type":"ListItem","position":3,"name":"Blue Gelato 41"}]},{"@type":"WebSite","@id":"https:\/\/bluedoggenetics.com\/de\/#website","url":"https:\/\/bluedoggenetics.com\/de\/","name":"BLUEDOG GENETICS Seeds","description":"Vergleiche und kaufe die besten Hanfsamen. Feminisiert, Autoflowering, CBD.","publisher":{"@id":"https:\/\/bluedoggenetics.com\/de\/#organization"},"alternateName":"BLUEDOG GENETICS","potentialAction":[{"@type":"SearchAction","target":{"@type":"EntryPoint","urlTemplate":"https:\/\/bluedoggenetics.com\/de\/?s={search_term_string}"},"query-input":{"@type":"PropertyValueSpecification","valueRequired":true,"valueName":"search_term_string"}}],"inLanguage":"de"},{"@type":"Organization","@id":"https:\/\/bluedoggenetics.com\/de\/#organization","name":"BLUEDOG GENETICS","url":"https:\/\/bluedoggenetics.com\/de\/","logo":{"@type":"ImageObject","inLanguage":"de","@id":"https:\/\/bluedoggenetics.com\/de\/#\/schema\/logo\/image\/","url":"https:\/\/bluedoggenetics.com\/wp-content\/uploads\/2024\/11\/appIcon.png","contentUrl":"https:\/\/bluedoggenetics.com\/wp-content\/uploads\/2024\/11\/appIcon.png","width":1024,"height":1024,"caption":"BLUEDOG GENETICS"},"image":{"@id":"https:\/\/bluedoggenetics.com\/de\/#\/schema\/logo\/image\/"},"sameAs":["https:\/\/www.instagram.com\/bluedog.genetics\/"]}]}},"sticker_url":"https:\/\/bluedoggenetics.com\/wp-content\/uploads\/2026\/03\/barneys-farm.webp","variations_full":[{"id":4278,"price":12,"regular_price":12,"attributes":{"attribute_pa_cantidad":"pack-1"},"image_src":"https:\/\/bluedoggenetics.com\/wp-content\/uploads\/2026\/03\/blue-gelato-41_circle_new_21_126435.webp","is_in_stock":true},{"id":4279,"price":30,"regular_price":30,"attributes":{"attribute_pa_cantidad":"pack-3"},"image_src":"https:\/\/bluedoggenetics.com\/wp-content\/uploads\/2026\/03\/blue-gelato-41_circle_new_21_126435.webp","is_in_stock":true},{"id":4280,"price":45,"regular_price":45,"attributes":{"attribute_pa_cantidad":"pack-5"},"image_src":"https:\/\/bluedoggenetics.com\/wp-content\/uploads\/2026\/03\/blue-gelato-41_circle_new_21_126435.webp","is_in_stock":true},{"id":4281,"price":85,"regular_price":85,"attributes":{"attribute_pa_cantidad":"pack-10"},"image_src":"https:\/\/bluedoggenetics.com\/wp-content\/uploads\/2026\/03\/blue-gelato-41_circle_new_21_126435.webp","is_in_stock":true}],"jetpack_sharing_enabled":true,"_links":{"self":[{"href":"https:\/\/bluedoggenetics.com\/de\/wp-json\/wp\/v2\/product\/4267","targetHints":{"allow":["GET"]}}],"collection":[{"href":"https:\/\/bluedoggenetics.com\/de\/wp-json\/wp\/v2\/product"}],"about":[{"href":"https:\/\/bluedoggenetics.com\/de\/wp-json\/wp\/v2\/types\/product"}],"wp:featuredmedia":[{"embeddable":true,"href":"https:\/\/bluedoggenetics.com\/de\/wp-json\/wp\/v2\/media\/3430"}],"wp:attachment":[{"href":"https:\/\/bluedoggenetics.com\/de\/wp-json\/wp\/v2\/media?parent=4267"}],"wp:term":[{"taxonomy":"product_brand","embeddable":true,"href":"https:\/\/bluedoggenetics.com\/de\/wp-json\/wp\/v2\/product_brand?post=4267"},{"taxonomy":"product_cat","embeddable":true,"href":"https:\/\/bluedoggenetics.com\/de\/wp-json\/wp\/v2\/product_cat?post=4267"},{"taxonomy":"product_tag","embeddable":true,"href":"https:\/\/bluedoggenetics.com\/de\/wp-json\/wp\/v2\/product_tag?post=4267"}],"curies":[{"name":"wp","href":"https:\/\/api.w.org\/{rel}","templated":true}]}}