{"id":4266,"date":"2026-03-29T17:52:07","date_gmt":"2026-03-29T15:52:07","guid":{"rendered":"https:\/\/bluedoggenetics.com\/?post_type=product&#038;p=4266"},"modified":"2026-05-06T14:56:28","modified_gmt":"2026-05-06T12:56:28","slug":"pineapple-chunk","status":"publish","type":"product","link":"https:\/\/bluedoggenetics.com\/de\/produkt\/samen\/feminisierte\/pineapple-chunk\/","title":{"rendered":"Pineapple Chunk"},"content":{"rendered":"<p>Beim Anbau der Samen von <strong>Pineapple Chunk<\/strong> Sie sorgen f\u00fcr eine kopfschmerzfreie Ernte. Dieses indicadominierte Wunder ist f\u00fcr seine unglaubliche Resistenz gegen Sch\u00e4dlinge und Pilze bekannt und eignet sich daher sowohl f\u00fcr Anf\u00e4nger als auch f\u00fcr Experten. Die Bl\u00fcte endet in einer Rekordzeit von etwa 8 Wochen und bietet enorme Ertr\u00e4ge, die bis zu 600 Gramm pro Quadratmeter erreichen k\u00f6nnen. Seine Wirkung ist kraftvoll: eine sehr schwere k\u00f6rperliche Reise, die Sie an der Couch fesselt.<\/p>\n<p><b>Blumenbild.<\/b> Sie hat riesige, harte und schwere Knospen. Seine Farbe ist hellgr\u00fcn mit sehr intensiven rostorangefarbenen Haaren. Das Harz, das sie bedeckt, ist reichlich vorhanden.<\/p>\n<p><b>Pflanzenmorphologie.<\/b> Es handelt sich um eine kompakte Pflanze, die sich normalerweise nicht zu sehr ausdehnt und eine durchschnittliche H\u00f6he (90\u2013120 cm) beibeh\u00e4lt. Es entwickelt einen riesigen dominanten Mittelschwanz.<\/p>\n<h3><b>Anbautipps<\/b><\/h3>\n<ul>\n<li><strong>Was ist das ideale Klima f\u00fcr den Anbau von Pineapple Chunk ?<\/strong>\n<p>Es ist \u00e4u\u00dferst widerstandsf\u00e4hig, widersteht Temperaturschwankungen und passt sich problemlos an gem\u00e4\u00dfigte und sogar leicht kalte Klimazonen an.<\/li>\n<li><strong>Welche Trainingstechniken funktionieren am besten mit Pineapple Chunk ?<\/strong>\n<p>Die SOG-Methode (Sea of \u200b\u200b\u200b\u200bGreen) ist aufgrund der Bildung ihrer massiven und dominanten zentralen Cola ideal f\u00fcr diese Pflanze.<\/li>\n<li><strong>Welche Art der D\u00fcngung ben\u00f6tigt Pineapple Chunk ?<\/strong>\n<p>Erfordert eine ausgewogene D\u00fcngung. In der fr\u00fchen Bl\u00fcte ben\u00f6tigt es zus\u00e4tzlichen Stickstoff und Kalzium, um seine schweren Zweige zu st\u00fctzen.<\/li>\n<li><strong>Wie sollten die Bew\u00e4sserung und Luftfeuchtigkeit f\u00fcr Pineapple Chunk sein?<\/strong>\n<p>Sie stellt keine hohen Anspr\u00fcche an die Bew\u00e4sserung, bevorzugt aber klare Trocknungszyklen. Aufgrund ihrer Widerstandsf\u00e4higkeit vertr\u00e4gt sie w\u00e4hrend der Bl\u00fcte eine Luftfeuchtigkeit von bis zu 55 %.<\/li>\n<li><strong>Ist es notwendig, die Pineapple Chunk -Pflanze zu beschneiden?<\/strong>\n<p>Es wird empfohlen, einen niedrigen Schnitt (Lollipopping) durchzuf\u00fchren, um die gesamte Energie der Pflanze auf ihre spektakul\u00e4ren oberen Spitzen zu konzentrieren.<\/li>\n<\/ul>","protected":false},"excerpt":{"rendered":"<p><strong>Pineapple Chunk<\/strong> Es handelt sich um eine legend\u00e4re Sorte, die in der Sammlung der Liebhaber intensiver Aromen nicht fehlen darf. Eine Drei-Wege-Kreuzung zwischen Pineapple, Skunk #1 und Cheese , die eine superstabile, schnelle und extrem kraftvolle Pflanze mit einem THC-Gehalt von fast 25 % ergibt. Es zeichnet sich durch sein Aroma von reifem K\u00e4se und erdiger Ananas aus.<\/p>","protected":false},"featured_media":3428,"template":"","meta":{"_acf_changed":false,"inline_featured_image":false,"_wp_applaud_exclude":false},"product_brand":[192],"product_cat":[22],"product_tag":[],"class_list":{"0":"post-4266","1":"product","2":"type-product","3":"status-publish","4":"has-post-thumbnail","6":"product_brand-barneys-farm","7":"product_cat-feminizadas","8":"pa_altura-exterior-90-120","9":"pa_altura-interior-90-120","10":"pa_beneficios-terapeuticos-alivio-del-dolor","11":"pa_beneficios-terapeuticos-ayuda-para-dormir","12":"pa_cantidad-pack-1","13":"pa_cantidad-pack-10","14":"pa_cantidad-pack-3","15":"pa_cantidad-pack-5","16":"pa_clima-templado","17":"pa_cosecha-exterior-750-850","18":"pa_cosecha-interior-550-650","19":"pa_efectos-destacables-adormecido","20":"pa_efectos-destacables-alegre","21":"pa_efectos-destacables-relajado","22":"pa_floracion-8-9","23":"pa_genetica-80-20","24":"pa_olor-intenso","25":"pa_sabores-y-olores-afrutado","26":"pa_sabores-y-olores-dulce","27":"pa_sabores-y-olores-queso","28":"pa_sabores-y-olores-terroso","29":"pa_sabores-y-olores-tropical","30":"pa_thc-20-26","31":"pa_variedad-indica","32":"pa_variedad-mayormente-indica","34":"first","35":"instock","36":"taxable","37":"shipping-taxable","38":"purchasable","39":"product-type-variable"},"acf":{"sticker":"https:\/\/bluedoggenetics.com\/wp-content\/uploads\/2026\/03\/barneys-farm.webp","family_tree":""},"yoast_head":"<!-- This site is optimized with the Yoast SEO plugin v26.5 - https:\/\/yoast.com\/wordpress\/plugins\/seo\/ -->\n<title>Pineapple Chunk de Barney&#039;s farm - BLUEDOG GENETICS Seeds<\/title>\n<meta name=\"description\" content=\"Pineapple Chunk de Barney&#039;s Farm: el h\u00edbrido con 25% de THC y aroma a pi\u00f1a y queso. Floraci\u00f3n r\u00e1pida y efecto potente. \u00a1Compra tus semillas ahora!\" \/>\n<meta name=\"robots\" content=\"index, follow, max-snippet:-1, max-image-preview:large, max-video-preview:-1\" \/>\n<link rel=\"canonical\" href=\"https:\/\/bluedoggenetics.com\/de\/produkt\/feminisierte\/pineapple-chunk\/\" \/>\n<meta property=\"og:locale\" content=\"de_DE\" \/>\n<meta property=\"og:type\" content=\"article\" \/>\n<meta property=\"og:title\" content=\"Pineapple Chunk de Barney&#039;s farm - BLUEDOG GENETICS Seeds\" \/>\n<meta property=\"og:description\" content=\"Pineapple Chunk de Barney&#039;s Farm: el h\u00edbrido con 25% de THC y aroma a pi\u00f1a y queso. Floraci\u00f3n r\u00e1pida y efecto potente. \u00a1Compra tus semillas ahora!\" \/>\n<meta property=\"og:url\" content=\"https:\/\/bluedoggenetics.com\/de\/produkt\/feminisierte\/pineapple-chunk\/\" \/>\n<meta property=\"og:site_name\" content=\"BLUEDOG GENETICS Seeds\" \/>\n<meta property=\"article:modified_time\" content=\"2026-05-06T12:56:28+00:00\" \/>\n<meta property=\"og:image\" content=\"https:\/\/bluedoggenetics.com\/wp-content\/uploads\/2026\/03\/pineapple-chunk_circle_new_21_128688.webp\" \/>\n\t<meta property=\"og:image:width\" content=\"475\" \/>\n\t<meta property=\"og:image:height\" content=\"570\" \/>\n\t<meta property=\"og:image:type\" content=\"image\/webp\" \/>\n<meta name=\"twitter:card\" content=\"summary_large_image\" \/>\n<meta name=\"twitter:label1\" content=\"Gesch\u00e4tzte Lesezeit\" \/>\n\t<meta name=\"twitter:data1\" content=\"2\u00a0Minuten\" \/>\n<script type=\"application\/ld+json\" class=\"yoast-schema-graph\">{\"@context\":\"https:\/\/schema.org\",\"@graph\":[{\"@type\":[\"WebPage\",\"ItemPage\"],\"@id\":\"https:\/\/bluedoggenetics.com\/producto\/feminizadas\/pineapple-chunk\/\",\"url\":\"https:\/\/bluedoggenetics.com\/producto\/feminizadas\/pineapple-chunk\/\",\"name\":\"Pineapple Chunk de Barney's farm - BLUEDOG GENETICS Seeds\",\"isPartOf\":{\"@id\":\"https:\/\/bluedoggenetics.com\/de\/#website\"},\"primaryImageOfPage\":{\"@id\":\"https:\/\/bluedoggenetics.com\/producto\/feminizadas\/pineapple-chunk\/#primaryimage\"},\"image\":{\"@id\":\"https:\/\/bluedoggenetics.com\/producto\/feminizadas\/pineapple-chunk\/#primaryimage\"},\"thumbnailUrl\":\"https:\/\/bluedoggenetics.com\/wp-content\/uploads\/2026\/03\/pineapple-chunk_circle_new_21_128688.webp\",\"datePublished\":\"2026-03-29T15:52:07+00:00\",\"dateModified\":\"2026-05-06T12:56:28+00:00\",\"description\":\"Pineapple Chunk de Barney's Farm: el h\u00edbrido con 25% de THC y aroma a pi\u00f1a y queso. Floraci\u00f3n r\u00e1pida y efecto potente. \u00a1Compra tus semillas ahora!\",\"breadcrumb\":{\"@id\":\"https:\/\/bluedoggenetics.com\/producto\/feminizadas\/pineapple-chunk\/#breadcrumb\"},\"inLanguage\":\"de\",\"potentialAction\":[{\"@type\":\"ReadAction\",\"target\":[\"https:\/\/bluedoggenetics.com\/producto\/feminizadas\/pineapple-chunk\/\"]}]},{\"@type\":\"ImageObject\",\"inLanguage\":\"de\",\"@id\":\"https:\/\/bluedoggenetics.com\/producto\/feminizadas\/pineapple-chunk\/#primaryimage\",\"url\":\"https:\/\/bluedoggenetics.com\/wp-content\/uploads\/2026\/03\/pineapple-chunk_circle_new_21_128688.webp\",\"contentUrl\":\"https:\/\/bluedoggenetics.com\/wp-content\/uploads\/2026\/03\/pineapple-chunk_circle_new_21_128688.webp\",\"width\":475,\"height\":570,\"caption\":\"Pineapple Chunk de Barney's Farm\"},{\"@type\":\"BreadcrumbList\",\"@id\":\"https:\/\/bluedoggenetics.com\/producto\/feminizadas\/pineapple-chunk\/#breadcrumb\",\"itemListElement\":[{\"@type\":\"ListItem\",\"position\":1,\"name\":\"Portada\",\"item\":\"https:\/\/bluedoggenetics.com\/\"},{\"@type\":\"ListItem\",\"position\":2,\"name\":\"Tienda\",\"item\":\"https:\/\/bluedoggenetics.com\/fr\/tienda\/\"},{\"@type\":\"ListItem\",\"position\":3,\"name\":\"Pineapple Chunk\"}]},{\"@type\":\"WebSite\",\"@id\":\"https:\/\/bluedoggenetics.com\/de\/#website\",\"url\":\"https:\/\/bluedoggenetics.com\/de\/\",\"name\":\"BLUEDOG GENETICS Seeds\",\"description\":\"Compara y compra las mejores semillas de cannabis. Feminizadas, Autoflorecientes, CBD.\",\"publisher\":{\"@id\":\"https:\/\/bluedoggenetics.com\/de\/#organization\"},\"alternateName\":\"BLUEDOG GENETICS\",\"potentialAction\":[{\"@type\":\"SearchAction\",\"target\":{\"@type\":\"EntryPoint\",\"urlTemplate\":\"https:\/\/bluedoggenetics.com\/de\/?s={search_term_string}\"},\"query-input\":{\"@type\":\"PropertyValueSpecification\",\"valueRequired\":true,\"valueName\":\"search_term_string\"}}],\"inLanguage\":\"de\"},{\"@type\":\"Organization\",\"@id\":\"https:\/\/bluedoggenetics.com\/de\/#organization\",\"name\":\"BLUEDOG GENETICS\",\"url\":\"https:\/\/bluedoggenetics.com\/de\/\",\"logo\":{\"@type\":\"ImageObject\",\"inLanguage\":\"de\",\"@id\":\"https:\/\/bluedoggenetics.com\/de\/#\/schema\/logo\/image\/\",\"url\":\"https:\/\/bluedoggenetics.com\/wp-content\/uploads\/2024\/11\/appIcon.png\",\"contentUrl\":\"https:\/\/bluedoggenetics.com\/wp-content\/uploads\/2024\/11\/appIcon.png\",\"width\":1024,\"height\":1024,\"caption\":\"BLUEDOG GENETICS\"},\"image\":{\"@id\":\"https:\/\/bluedoggenetics.com\/de\/#\/schema\/logo\/image\/\"},\"sameAs\":[\"https:\/\/www.instagram.com\/bluedog.genetics\/\"]}]}<\/script>\n<!-- \/ Yoast SEO plugin. -->","yoast_head_json":{"title":"Pineapple Chunk von Barney's Farm - BLUEDOG GENETICS Seeds","description":"Pineapple Chunk von Barney's Farm: der Hybrid mit 25 % THC und Ananas- und K\u00e4searoma. Schnelle Bl\u00fcte und starke Wirkung. Kaufen Sie jetzt Ihre Samen!","robots":{"index":"index","follow":"follow","max-snippet":"max-snippet:-1","max-image-preview":"max-image-preview:large","max-video-preview":"max-video-preview:-1"},"canonical":"https:\/\/bluedoggenetics.com\/de\/produkt\/feminisierte\/pineapple-chunk\/","og_locale":"de_DE","og_type":"article","og_title":"Pineapple Chunk de Barney's farm - BLUEDOG GENETICS Seeds","og_description":"Pineapple Chunk de Barney's Farm: el h\u00edbrido con 25% de THC y aroma a pi\u00f1a y queso. Floraci\u00f3n r\u00e1pida y efecto potente. \u00a1Compra tus semillas ahora!","og_url":"https:\/\/bluedoggenetics.com\/de\/produkt\/feminisierte\/pineapple-chunk\/","og_site_name":"BLUEDOG GENETICS Seeds","article_modified_time":"2026-05-06T12:56:28+00:00","og_image":[{"width":475,"height":570,"url":"https:\/\/bluedoggenetics.com\/wp-content\/uploads\/2026\/03\/pineapple-chunk_circle_new_21_128688.webp","type":"image\/webp"}],"twitter_card":"summary_large_image","twitter_misc":{"Gesch\u00e4tzte Lesezeit":"2\u00a0Minuten"},"schema":{"@context":"https:\/\/schema.org","@graph":[{"@type":["WebPage","ItemPage"],"@id":"https:\/\/bluedoggenetics.com\/producto\/feminizadas\/pineapple-chunk\/","url":"https:\/\/bluedoggenetics.com\/producto\/feminizadas\/pineapple-chunk\/","name":"Pineapple Chunk von Barney's Farm - BLUEDOG GENETICS Seeds","isPartOf":{"@id":"https:\/\/bluedoggenetics.com\/de\/#website"},"primaryImageOfPage":{"@id":"https:\/\/bluedoggenetics.com\/producto\/feminizadas\/pineapple-chunk\/#primaryimage"},"image":{"@id":"https:\/\/bluedoggenetics.com\/producto\/feminizadas\/pineapple-chunk\/#primaryimage"},"thumbnailUrl":"https:\/\/bluedoggenetics.com\/wp-content\/uploads\/2026\/03\/pineapple-chunk_circle_new_21_128688.webp","datePublished":"2026-03-29T15:52:07+00:00","dateModified":"2026-05-06T12:56:28+00:00","description":"Pineapple Chunk von Barney's Farm: der Hybrid mit 25 % THC und Ananas- und K\u00e4searoma. Schnelle Bl\u00fcte und starke Wirkung. Kaufen Sie jetzt Ihre Samen!","breadcrumb":{"@id":"https:\/\/bluedoggenetics.com\/producto\/feminizadas\/pineapple-chunk\/#breadcrumb"},"inLanguage":"de","potentialAction":[{"@type":"ReadAction","target":["https:\/\/bluedoggenetics.com\/producto\/feminizadas\/pineapple-chunk\/"]}]},{"@type":"ImageObject","inLanguage":"de","@id":"https:\/\/bluedoggenetics.com\/producto\/feminizadas\/pineapple-chunk\/#primaryimage","url":"https:\/\/bluedoggenetics.com\/wp-content\/uploads\/2026\/03\/pineapple-chunk_circle_new_21_128688.webp","contentUrl":"https:\/\/bluedoggenetics.com\/wp-content\/uploads\/2026\/03\/pineapple-chunk_circle_new_21_128688.webp","width":475,"height":570,"caption":"Pineapple Chunk de Barney's Farm"},{"@type":"BreadcrumbList","@id":"https:\/\/bluedoggenetics.com\/producto\/feminizadas\/pineapple-chunk\/#breadcrumb","itemListElement":[{"@type":"ListItem","position":1,"name":"Portada","item":"https:\/\/bluedoggenetics.com\/"},{"@type":"ListItem","position":2,"name":"Tienda","item":"https:\/\/bluedoggenetics.com\/fr\/tienda\/"},{"@type":"ListItem","position":3,"name":"Pineapple Chunk"}]},{"@type":"WebSite","@id":"https:\/\/bluedoggenetics.com\/de\/#website","url":"https:\/\/bluedoggenetics.com\/de\/","name":"BLUEDOG GENETICS Seeds","description":"Vergleiche und kaufe die besten Hanfsamen. Feminisiert, Autoflowering, CBD.","publisher":{"@id":"https:\/\/bluedoggenetics.com\/de\/#organization"},"alternateName":"BLUEDOG GENETICS","potentialAction":[{"@type":"SearchAction","target":{"@type":"EntryPoint","urlTemplate":"https:\/\/bluedoggenetics.com\/de\/?s={search_term_string}"},"query-input":{"@type":"PropertyValueSpecification","valueRequired":true,"valueName":"search_term_string"}}],"inLanguage":"de"},{"@type":"Organization","@id":"https:\/\/bluedoggenetics.com\/de\/#organization","name":"BLUEDOG GENETICS","url":"https:\/\/bluedoggenetics.com\/de\/","logo":{"@type":"ImageObject","inLanguage":"de","@id":"https:\/\/bluedoggenetics.com\/de\/#\/schema\/logo\/image\/","url":"https:\/\/bluedoggenetics.com\/wp-content\/uploads\/2024\/11\/appIcon.png","contentUrl":"https:\/\/bluedoggenetics.com\/wp-content\/uploads\/2024\/11\/appIcon.png","width":1024,"height":1024,"caption":"BLUEDOG GENETICS"},"image":{"@id":"https:\/\/bluedoggenetics.com\/de\/#\/schema\/logo\/image\/"},"sameAs":["https:\/\/www.instagram.com\/bluedog.genetics\/"]}]}},"sticker_url":"https:\/\/bluedoggenetics.com\/wp-content\/uploads\/2026\/03\/barneys-farm.webp","variations_full":[{"id":4274,"price":11,"regular_price":11,"attributes":{"attribute_pa_cantidad":"pack-1"},"image_src":"https:\/\/bluedoggenetics.com\/wp-content\/uploads\/2026\/03\/pineapple-chunk_circle_new_21_128688.webp","is_in_stock":true},{"id":4275,"price":28,"regular_price":28,"attributes":{"attribute_pa_cantidad":"pack-3"},"image_src":"https:\/\/bluedoggenetics.com\/wp-content\/uploads\/2026\/03\/pineapple-chunk_circle_new_21_128688.webp","is_in_stock":true},{"id":4276,"price":42,"regular_price":42,"attributes":{"attribute_pa_cantidad":"pack-5"},"image_src":"https:\/\/bluedoggenetics.com\/wp-content\/uploads\/2026\/03\/pineapple-chunk_circle_new_21_128688.webp","is_in_stock":true},{"id":4277,"price":80,"regular_price":80,"attributes":{"attribute_pa_cantidad":"pack-10"},"image_src":"https:\/\/bluedoggenetics.com\/wp-content\/uploads\/2026\/03\/pineapple-chunk_circle_new_21_128688.webp","is_in_stock":true}],"jetpack_sharing_enabled":true,"_links":{"self":[{"href":"https:\/\/bluedoggenetics.com\/de\/wp-json\/wp\/v2\/product\/4266","targetHints":{"allow":["GET"]}}],"collection":[{"href":"https:\/\/bluedoggenetics.com\/de\/wp-json\/wp\/v2\/product"}],"about":[{"href":"https:\/\/bluedoggenetics.com\/de\/wp-json\/wp\/v2\/types\/product"}],"wp:featuredmedia":[{"embeddable":true,"href":"https:\/\/bluedoggenetics.com\/de\/wp-json\/wp\/v2\/media\/3428"}],"wp:attachment":[{"href":"https:\/\/bluedoggenetics.com\/de\/wp-json\/wp\/v2\/media?parent=4266"}],"wp:term":[{"taxonomy":"product_brand","embeddable":true,"href":"https:\/\/bluedoggenetics.com\/de\/wp-json\/wp\/v2\/product_brand?post=4266"},{"taxonomy":"product_cat","embeddable":true,"href":"https:\/\/bluedoggenetics.com\/de\/wp-json\/wp\/v2\/product_cat?post=4266"},{"taxonomy":"product_tag","embeddable":true,"href":"https:\/\/bluedoggenetics.com\/de\/wp-json\/wp\/v2\/product_tag?post=4266"}],"curies":[{"name":"wp","href":"https:\/\/api.w.org\/{rel}","templated":true}]}}