{"id":4265,"date":"2026-03-29T17:52:07","date_gmt":"2026-03-29T15:52:07","guid":{"rendered":"https:\/\/bluedoggenetics.com\/?post_type=product&#038;p=4265"},"modified":"2026-05-06T14:56:23","modified_gmt":"2026-05-06T12:56:23","slug":"gorilla-zkittlez-2","status":"publish","type":"product","link":"https:\/\/bluedoggenetics.com\/de\/produkt\/samen\/feminisierte\/gorilla-zkittlez-2\/","title":{"rendered":"Gorilla Zkittlez"},"content":{"rendered":"<p>Feminisierte Marihuanasamen <strong>Gorilla Zkittlez<\/strong> Sie bl\u00fchen in nur 8 bis 9 Wochen und liefern enorme Ernten, die in Innenr\u00e4umen 700 Gramm pro Quadratmeter \u00fcbersteigen k\u00f6nnen, und bei optimalen Bedingungen im Freien bis zu 2,5 kg pro Pflanze. Ihr beeindruckendes genetisches Erbe verleiht ihr nicht nur eine unglaubliche vegetative Kraft, sondern macht sie auch sehr widerstandsf\u00e4hig. Die Wirkung dieser Sorte beginnt mit einer euphorischen und kreativen Welle und geht dann in eine tiefe und angenehme Entspannung \u00fcber, ideal zum Entspannen am Ende des Tages.<\/p>\n<p><b>Blumenbild.<\/b> Die Bl\u00fcten von Gorilla Zkittlez sind wirklich dichte und schwere Steine. Die Knospen weisen ein dunkles Olivgr\u00fcn auf, das bei sinkenden Temperaturen von violetten und violetten Farbt\u00f6nen unterbrochen wird. Am beeindruckendsten ist die Trichomschicht: Sie scheint mit gl\u00e4nzendem Zucker \u00fcberzogen zu sein, was sie zu einer hervorragenden Wahl f\u00fcr Extraktionen macht.<\/p>\n<p><b>Pflanzenmorphologie.<\/b> W\u00e4hrend ihrer Wachstumsphase entwickelt diese Sorte eine typische robuste Indica-Struktur, jedoch mit einer beeindruckenden seitlichen Verzweigung, die sie von Zkittlez erbt. Sie erreicht in der Regel eine \u00fcberschaubare H\u00f6he von 140 bis 170 cm, wodurch sie sich leicht im Innenbereich trainieren oder netzen l\u00e4sst.<\/p>\n<h3><b>Anbautipps<\/b><\/h3>\n<ul>\n<li><strong>Was ist das ideale Klima f\u00fcr den Anbau von Gorilla Zkittlez ?<\/strong>\n<p>Sie bevorzugt warmes und sonniges mediterranes Klima. Obwohl es resistent ist, wird in der fortgeschrittenen Bl\u00fctezeit eine kontrollierte Umgebung empfohlen.<\/li>\n<li><strong>Welche Trainingstechniken funktionieren am besten mit Gorilla Zkittlez ?<\/strong>\n<p>Sie ist ein perfekter Kandidat f\u00fcr Techniken wie SCROG oder Apikalschnitt und verteilt so ihre massive Produktion auf alle Zweige.<\/li>\n<li><strong>Welche Art der D\u00fcngung ben\u00f6tigt Gorilla Zkittlez ?<\/strong>\n<p>Es ist eine gefr\u00e4\u00dfige Pflanze; Sie sch\u00e4tzt gro\u00dfz\u00fcgige Phosphor- und Kaliumbeitr\u00e4ge in den Hauptbl\u00fctewochen sowie die Verwendung von Melasse.<\/li>\n<li><strong>Wie sollten die Bew\u00e4sserung und Luftfeuchtigkeit f\u00fcr Gorilla Zkittlez sein?<\/strong>\n<p>M\u00e4\u00dfig gie\u00dfen und warten, bis der Untergrund getrocknet ist. Halten Sie die Luftfeuchtigkeit w\u00e4hrend der Bl\u00fcte unter 45 %, um Pilzbefall an den dichten Knospen zu vermeiden.<\/li>\n<li><strong>Ist es notwendig, die Gorilla Zkittlez -Pflanze zu beschneiden?<\/strong>\n<p>Ja, das selektive Entfernen der Bl\u00e4tter w\u00e4hrend der Vorbl\u00fcte tr\u00e4gt dazu bei, die innere Bel\u00fcftung und die Lichtdurchdringung der unteren Bl\u00fctenkelche zu verbessern.<\/li>\n<\/ul>","protected":false},"excerpt":{"rendered":"<p><strong>Gorilla Zkittlez<\/strong> Es ist eines der begehrtesten Juwelen im Barney's Farm-Katalog. Ein feminisierter, indicadominierter Samen (60 %), der aus der legend\u00e4ren Kreuzung zwischen Gorilla Glue #4 und Zkittlez stammt. Sie zeichnet sich durch ihren stratosph\u00e4rischen THC-Gehalt von \u00fcber 24 % und ihr erstaunliches Terpenprofil aus, das tropische Fr\u00fcchte mit tiefen erdigen Noten vermischt. Perfekt f\u00fcr alle, die ein intensives Erlebnis und eine spektakul\u00e4re Leistung beim Anbau suchen.<\/p>","protected":false},"featured_media":3426,"template":"","meta":{"_acf_changed":false,"inline_featured_image":false,"_wp_applaud_exclude":false},"product_brand":[192],"product_cat":[22],"product_tag":[],"class_list":{"0":"post-4265","1":"product","2":"type-product","3":"status-publish","4":"has-post-thumbnail","6":"product_brand-barneys-farm","7":"product_cat-feminizadas","8":"pa_altura-exterior-120-150","9":"pa_altura-interior-120-150","10":"pa_beneficios-terapeuticos-alivio-de-ansiedad","11":"pa_beneficios-terapeuticos-alivio-del-dolor","12":"pa_beneficios-terapeuticos-ayuda-para-dormir","13":"pa_beneficios-terapeuticos-reduccion-de-nauseas","14":"pa_cantidad-pack-1","15":"pa_cantidad-pack-10","16":"pa_cantidad-pack-3","17":"pa_cantidad-pack-5","18":"pa_clima-calido","19":"pa_cosecha-exterior-1850-2000","20":"pa_cosecha-interior-450-550","21":"pa_efectos-destacables-adormecido","22":"pa_efectos-destacables-alegre","23":"pa_efectos-destacables-euforico","24":"pa_efectos-destacables-munchies","25":"pa_efectos-destacables-relajado","26":"pa_floracion-8-9","27":"pa_genetica-60-40","28":"pa_olor-intenso","29":"pa_sabores-y-olores-afrutado","30":"pa_sabores-y-olores-dulce","31":"pa_sabores-y-olores-especias","32":"pa_sabores-y-olores-terroso","33":"pa_sabores-y-olores-tropical","34":"pa_thc-20-26","35":"pa_variedad-indica","36":"pa_variedad-mayormente-indica","38":"first","39":"instock","40":"taxable","41":"shipping-taxable","42":"purchasable","43":"product-type-variable"},"acf":{"sticker":"https:\/\/bluedoggenetics.com\/wp-content\/uploads\/2026\/03\/barneys-farm.webp","family_tree":""},"yoast_head":"<!-- This site is optimized with the Yoast SEO plugin v26.5 - https:\/\/yoast.com\/wordpress\/plugins\/seo\/ -->\n<title>Gorilla Zkittlez de Barney&#039;s Farm - BLUEDOG GENETICS Seeds<\/title>\n<meta name=\"robots\" content=\"index, follow, max-snippet:-1, max-image-preview:large, max-video-preview:-1\" \/>\n<link rel=\"canonical\" href=\"https:\/\/bluedoggenetics.com\/de\/produkt\/feminisierte\/gorilla-zkittlez-2\/\" \/>\n<meta property=\"og:locale\" content=\"de_DE\" \/>\n<meta property=\"og:type\" content=\"article\" \/>\n<meta property=\"og:title\" content=\"Gorilla Zkittlez de Barney&#039;s Farm - BLUEDOG GENETICS Seeds\" \/>\n<meta property=\"og:description\" content=\"Gorilla Zkittlez es una de las joyas m\u00e1s codiciadas del cat\u00e1logo de Barney&#039;s Farm. Una semilla feminizada de dominancia \u00edndica (60%) que nace del cruce legendario entre Gorilla Glue #4 y Zkittlez. Destaca por sus niveles estratosf\u00e9ricos de THC, superando el 24%, y su asombroso perfil de terpenos que mezcla frutas tropicales con notas terrosas profundas. Perfecta para quienes buscan una experiencia intensa y un rendimiento espectacular en el cultivo.\" \/>\n<meta property=\"og:url\" content=\"https:\/\/bluedoggenetics.com\/de\/produkt\/feminisierte\/gorilla-zkittlez-2\/\" \/>\n<meta property=\"og:site_name\" content=\"BLUEDOG GENETICS Seeds\" \/>\n<meta property=\"article:modified_time\" content=\"2026-05-06T12:56:23+00:00\" \/>\n<meta property=\"og:image\" content=\"https:\/\/bluedoggenetics.com\/wp-content\/uploads\/2026\/03\/gorilla-zkittlez_circle_new_21_127530.webp\" \/>\n\t<meta property=\"og:image:width\" content=\"475\" \/>\n\t<meta property=\"og:image:height\" content=\"570\" \/>\n\t<meta property=\"og:image:type\" content=\"image\/webp\" \/>\n<meta name=\"twitter:card\" content=\"summary_large_image\" \/>\n<meta name=\"twitter:label1\" content=\"Gesch\u00e4tzte Lesezeit\" \/>\n\t<meta name=\"twitter:data1\" content=\"2\u00a0Minuten\" \/>\n<script type=\"application\/ld+json\" class=\"yoast-schema-graph\">{\"@context\":\"https:\/\/schema.org\",\"@graph\":[{\"@type\":[\"WebPage\",\"ItemPage\"],\"@id\":\"https:\/\/bluedoggenetics.com\/producto\/feminizadas\/gorilla-zkittlez-2\/\",\"url\":\"https:\/\/bluedoggenetics.com\/producto\/feminizadas\/gorilla-zkittlez-2\/\",\"name\":\"Gorilla Zkittlez de Barney's Farm - BLUEDOG GENETICS Seeds\",\"isPartOf\":{\"@id\":\"https:\/\/bluedoggenetics.com\/de\/#website\"},\"primaryImageOfPage\":{\"@id\":\"https:\/\/bluedoggenetics.com\/producto\/feminizadas\/gorilla-zkittlez-2\/#primaryimage\"},\"image\":{\"@id\":\"https:\/\/bluedoggenetics.com\/producto\/feminizadas\/gorilla-zkittlez-2\/#primaryimage\"},\"thumbnailUrl\":\"https:\/\/bluedoggenetics.com\/wp-content\/uploads\/2026\/03\/gorilla-zkittlez_circle_new_21_127530.webp\",\"datePublished\":\"2026-03-29T15:52:07+00:00\",\"dateModified\":\"2026-05-06T12:56:23+00:00\",\"breadcrumb\":{\"@id\":\"https:\/\/bluedoggenetics.com\/producto\/feminizadas\/gorilla-zkittlez-2\/#breadcrumb\"},\"inLanguage\":\"de\",\"potentialAction\":[{\"@type\":\"ReadAction\",\"target\":[\"https:\/\/bluedoggenetics.com\/producto\/feminizadas\/gorilla-zkittlez-2\/\"]}]},{\"@type\":\"ImageObject\",\"inLanguage\":\"de\",\"@id\":\"https:\/\/bluedoggenetics.com\/producto\/feminizadas\/gorilla-zkittlez-2\/#primaryimage\",\"url\":\"https:\/\/bluedoggenetics.com\/wp-content\/uploads\/2026\/03\/gorilla-zkittlez_circle_new_21_127530.webp\",\"contentUrl\":\"https:\/\/bluedoggenetics.com\/wp-content\/uploads\/2026\/03\/gorilla-zkittlez_circle_new_21_127530.webp\",\"width\":475,\"height\":570,\"caption\":\"Gorilla Zkittlez de Barney's Farm\"},{\"@type\":\"BreadcrumbList\",\"@id\":\"https:\/\/bluedoggenetics.com\/producto\/feminizadas\/gorilla-zkittlez-2\/#breadcrumb\",\"itemListElement\":[{\"@type\":\"ListItem\",\"position\":1,\"name\":\"Portada\",\"item\":\"https:\/\/bluedoggenetics.com\/\"},{\"@type\":\"ListItem\",\"position\":2,\"name\":\"Tienda\",\"item\":\"https:\/\/bluedoggenetics.com\/fr\/tienda\/\"},{\"@type\":\"ListItem\",\"position\":3,\"name\":\"Gorilla Zkittlez\"}]},{\"@type\":\"WebSite\",\"@id\":\"https:\/\/bluedoggenetics.com\/de\/#website\",\"url\":\"https:\/\/bluedoggenetics.com\/de\/\",\"name\":\"BLUEDOG GENETICS Seeds\",\"description\":\"Compara y compra las mejores semillas de cannabis. Feminizadas, Autoflorecientes, CBD.\",\"publisher\":{\"@id\":\"https:\/\/bluedoggenetics.com\/de\/#organization\"},\"alternateName\":\"BLUEDOG GENETICS\",\"potentialAction\":[{\"@type\":\"SearchAction\",\"target\":{\"@type\":\"EntryPoint\",\"urlTemplate\":\"https:\/\/bluedoggenetics.com\/de\/?s={search_term_string}\"},\"query-input\":{\"@type\":\"PropertyValueSpecification\",\"valueRequired\":true,\"valueName\":\"search_term_string\"}}],\"inLanguage\":\"de\"},{\"@type\":\"Organization\",\"@id\":\"https:\/\/bluedoggenetics.com\/de\/#organization\",\"name\":\"BLUEDOG GENETICS\",\"url\":\"https:\/\/bluedoggenetics.com\/de\/\",\"logo\":{\"@type\":\"ImageObject\",\"inLanguage\":\"de\",\"@id\":\"https:\/\/bluedoggenetics.com\/de\/#\/schema\/logo\/image\/\",\"url\":\"https:\/\/bluedoggenetics.com\/wp-content\/uploads\/2024\/11\/appIcon.png\",\"contentUrl\":\"https:\/\/bluedoggenetics.com\/wp-content\/uploads\/2024\/11\/appIcon.png\",\"width\":1024,\"height\":1024,\"caption\":\"BLUEDOG GENETICS\"},\"image\":{\"@id\":\"https:\/\/bluedoggenetics.com\/de\/#\/schema\/logo\/image\/\"},\"sameAs\":[\"https:\/\/www.instagram.com\/bluedog.genetics\/\"]}]}<\/script>\n<!-- \/ Yoast SEO plugin. -->","yoast_head_json":{"title":"Gorilla Zkittlez von Barney's Farm - BLUEDOG GENETICS Seeds","robots":{"index":"index","follow":"follow","max-snippet":"max-snippet:-1","max-image-preview":"max-image-preview:large","max-video-preview":"max-video-preview:-1"},"canonical":"https:\/\/bluedoggenetics.com\/de\/produkt\/feminisierte\/gorilla-zkittlez-2\/","og_locale":"de_DE","og_type":"article","og_title":"Gorilla Zkittlez de Barney's Farm - BLUEDOG GENETICS Seeds","og_description":"Gorilla Zkittlez es una de las joyas m\u00e1s codiciadas del cat\u00e1logo de Barney's Farm. Una semilla feminizada de dominancia \u00edndica (60%) que nace del cruce legendario entre Gorilla Glue #4 y Zkittlez. Destaca por sus niveles estratosf\u00e9ricos de THC, superando el 24%, y su asombroso perfil de terpenos que mezcla frutas tropicales con notas terrosas profundas. Perfecta para quienes buscan una experiencia intensa y un rendimiento espectacular en el cultivo.","og_url":"https:\/\/bluedoggenetics.com\/de\/produkt\/feminisierte\/gorilla-zkittlez-2\/","og_site_name":"BLUEDOG GENETICS Seeds","article_modified_time":"2026-05-06T12:56:23+00:00","og_image":[{"width":475,"height":570,"url":"https:\/\/bluedoggenetics.com\/wp-content\/uploads\/2026\/03\/gorilla-zkittlez_circle_new_21_127530.webp","type":"image\/webp"}],"twitter_card":"summary_large_image","twitter_misc":{"Gesch\u00e4tzte Lesezeit":"2\u00a0Minuten"},"schema":{"@context":"https:\/\/schema.org","@graph":[{"@type":["WebPage","ItemPage"],"@id":"https:\/\/bluedoggenetics.com\/producto\/feminizadas\/gorilla-zkittlez-2\/","url":"https:\/\/bluedoggenetics.com\/producto\/feminizadas\/gorilla-zkittlez-2\/","name":"Gorilla Zkittlez von Barney's Farm - BLUEDOG GENETICS Seeds","isPartOf":{"@id":"https:\/\/bluedoggenetics.com\/de\/#website"},"primaryImageOfPage":{"@id":"https:\/\/bluedoggenetics.com\/producto\/feminizadas\/gorilla-zkittlez-2\/#primaryimage"},"image":{"@id":"https:\/\/bluedoggenetics.com\/producto\/feminizadas\/gorilla-zkittlez-2\/#primaryimage"},"thumbnailUrl":"https:\/\/bluedoggenetics.com\/wp-content\/uploads\/2026\/03\/gorilla-zkittlez_circle_new_21_127530.webp","datePublished":"2026-03-29T15:52:07+00:00","dateModified":"2026-05-06T12:56:23+00:00","breadcrumb":{"@id":"https:\/\/bluedoggenetics.com\/producto\/feminizadas\/gorilla-zkittlez-2\/#breadcrumb"},"inLanguage":"de","potentialAction":[{"@type":"ReadAction","target":["https:\/\/bluedoggenetics.com\/producto\/feminizadas\/gorilla-zkittlez-2\/"]}]},{"@type":"ImageObject","inLanguage":"de","@id":"https:\/\/bluedoggenetics.com\/producto\/feminizadas\/gorilla-zkittlez-2\/#primaryimage","url":"https:\/\/bluedoggenetics.com\/wp-content\/uploads\/2026\/03\/gorilla-zkittlez_circle_new_21_127530.webp","contentUrl":"https:\/\/bluedoggenetics.com\/wp-content\/uploads\/2026\/03\/gorilla-zkittlez_circle_new_21_127530.webp","width":475,"height":570,"caption":"Gorilla Zkittlez de Barney's Farm"},{"@type":"BreadcrumbList","@id":"https:\/\/bluedoggenetics.com\/producto\/feminizadas\/gorilla-zkittlez-2\/#breadcrumb","itemListElement":[{"@type":"ListItem","position":1,"name":"Portada","item":"https:\/\/bluedoggenetics.com\/"},{"@type":"ListItem","position":2,"name":"Tienda","item":"https:\/\/bluedoggenetics.com\/fr\/tienda\/"},{"@type":"ListItem","position":3,"name":"Gorilla Zkittlez"}]},{"@type":"WebSite","@id":"https:\/\/bluedoggenetics.com\/de\/#website","url":"https:\/\/bluedoggenetics.com\/de\/","name":"BLUEDOG GENETICS Seeds","description":"Vergleiche und kaufe die besten Hanfsamen. Feminisiert, Autoflowering, CBD.","publisher":{"@id":"https:\/\/bluedoggenetics.com\/de\/#organization"},"alternateName":"BLUEDOG GENETICS","potentialAction":[{"@type":"SearchAction","target":{"@type":"EntryPoint","urlTemplate":"https:\/\/bluedoggenetics.com\/de\/?s={search_term_string}"},"query-input":{"@type":"PropertyValueSpecification","valueRequired":true,"valueName":"search_term_string"}}],"inLanguage":"de"},{"@type":"Organization","@id":"https:\/\/bluedoggenetics.com\/de\/#organization","name":"BLUEDOG GENETICS","url":"https:\/\/bluedoggenetics.com\/de\/","logo":{"@type":"ImageObject","inLanguage":"de","@id":"https:\/\/bluedoggenetics.com\/de\/#\/schema\/logo\/image\/","url":"https:\/\/bluedoggenetics.com\/wp-content\/uploads\/2024\/11\/appIcon.png","contentUrl":"https:\/\/bluedoggenetics.com\/wp-content\/uploads\/2024\/11\/appIcon.png","width":1024,"height":1024,"caption":"BLUEDOG GENETICS"},"image":{"@id":"https:\/\/bluedoggenetics.com\/de\/#\/schema\/logo\/image\/"},"sameAs":["https:\/\/www.instagram.com\/bluedog.genetics\/"]}]}},"sticker_url":"https:\/\/bluedoggenetics.com\/wp-content\/uploads\/2026\/03\/barneys-farm.webp","variations_full":[{"id":4270,"price":12,"regular_price":12,"attributes":{"attribute_pa_cantidad":"pack-1"},"image_src":"https:\/\/bluedoggenetics.com\/wp-content\/uploads\/2026\/03\/gorilla-zkittlez_circle_new_21_127530.webp","is_in_stock":true},{"id":4271,"price":30,"regular_price":30,"attributes":{"attribute_pa_cantidad":"pack-3"},"image_src":"https:\/\/bluedoggenetics.com\/wp-content\/uploads\/2026\/03\/gorilla-zkittlez_circle_new_21_127530.webp","is_in_stock":true},{"id":4272,"price":45,"regular_price":45,"attributes":{"attribute_pa_cantidad":"pack-5"},"image_src":"https:\/\/bluedoggenetics.com\/wp-content\/uploads\/2026\/03\/gorilla-zkittlez_circle_new_21_127530.webp","is_in_stock":true},{"id":4273,"price":85,"regular_price":85,"attributes":{"attribute_pa_cantidad":"pack-10"},"image_src":"https:\/\/bluedoggenetics.com\/wp-content\/uploads\/2026\/03\/gorilla-zkittlez_circle_new_21_127530.webp","is_in_stock":true}],"jetpack_sharing_enabled":true,"_links":{"self":[{"href":"https:\/\/bluedoggenetics.com\/de\/wp-json\/wp\/v2\/product\/4265","targetHints":{"allow":["GET"]}}],"collection":[{"href":"https:\/\/bluedoggenetics.com\/de\/wp-json\/wp\/v2\/product"}],"about":[{"href":"https:\/\/bluedoggenetics.com\/de\/wp-json\/wp\/v2\/types\/product"}],"wp:featuredmedia":[{"embeddable":true,"href":"https:\/\/bluedoggenetics.com\/de\/wp-json\/wp\/v2\/media\/3426"}],"wp:attachment":[{"href":"https:\/\/bluedoggenetics.com\/de\/wp-json\/wp\/v2\/media?parent=4265"}],"wp:term":[{"taxonomy":"product_brand","embeddable":true,"href":"https:\/\/bluedoggenetics.com\/de\/wp-json\/wp\/v2\/product_brand?post=4265"},{"taxonomy":"product_cat","embeddable":true,"href":"https:\/\/bluedoggenetics.com\/de\/wp-json\/wp\/v2\/product_cat?post=4265"},{"taxonomy":"product_tag","embeddable":true,"href":"https:\/\/bluedoggenetics.com\/de\/wp-json\/wp\/v2\/product_tag?post=4265"}],"curies":[{"name":"wp","href":"https:\/\/api.w.org\/{rel}","templated":true}]}}