{"id":2823,"date":"2025-11-26T11:49:26","date_gmt":"2025-11-26T10:49:26","guid":{"rendered":"https:\/\/bluedoggenetics.com\/?post_type=product&#038;p=2823"},"modified":"2026-05-06T14:56:06","modified_gmt":"2026-05-06T12:56:06","slug":"permanentmarker","status":"publish","type":"product","link":"https:\/\/bluedoggenetics.com\/de\/produkt\/samen\/feminisierte\/permanentmarker\/","title":{"rendered":"Permanent Marker"},"content":{"rendered":"<p data-start=\"000\" data-end=\"000\" class=\"translation-block\">Permanent Marker ist ein moderner, preisgekr\u00f6nter Hybrid (Sorte des Jahres 2023), der die Potenz von Biscotti, Sherb Bx und Jealousy vereint. Mit einer Indica-Dominanz und THC-Werten, die konstant 25 % \u00fcberschreiten, bietet diese Genetik eine potente und duale Wirkung: Sie beginnt mit einer zerebralen und kreativen Euphorie, gefolgt von einer tiefen und anhaltenden k\u00f6rperlichen Entspannung. Ihr aromatisches Profil ist einzigartig, komplex und stechend, mit Noten von <strong>blumiger Seife, S\u00fc\u00dfe, Karamell und Gas (gassy funk)<\/strong>. Sie ist eine Premium-Wahl f\u00fcr erfahrene Nutzer, die maximale Potenz und k\u00fchne Terpene suchen.<\/p>\n<p data-start=\"000\" data-end=\"000\" class=\"translation-block\"><strong>Morphologie der Pflanze.<\/strong> Permanent Marker entwickelt eine robuste und kompakte Struktur mit einem Wachstumsmuster, das typischerweise zur Indica neigt. Sie weist eine gute seitliche Verzweigung auf, was sie zur Maximierung der Produktion geeignet macht. Ihre Bl\u00e4tter sind buschig und tiefgr\u00fcn. Obwohl es sich um eine kr\u00e4ftige Sorte handelt, gilt ihr Anbau als von <strong>mittlerem Schwierigkeitsgrad<\/strong>, da ihre extrem dichten und harzigen Knospen eine au\u00dfergew\u00f6hnliche Bel\u00fcftung und Feuchtigkeitskontrolle erfordern, um Schimmel vorzubeugen.<\/p>\n<p data-start=\"000\" data-end=\"000\" class=\"translation-block\"><strong>Aussehen der Bl\u00fcte.<\/strong> Die Knospen von Permanent Marker sind ihr beeindruckendstes Merkmal: Sie sind <strong>au\u00dfergew\u00f6hnlich hart, dicht und kompakt<\/strong>. Sie sind vollst\u00e4ndig von einer so dicken Schicht Trichome bedeckt, dass sie wie bereift aussehen, was ihren extremen THC-Gehalt widerspiegelt. Das Aroma, das s\u00fc\u00dfe und chemische Noten hervorruft, intensiviert sich drastisch bei der Handhabung der Bl\u00fcte. Ihr Rauch ist dicht und der Geschmack ist ein komplexes Erlebnis, das einen anhaltenden Nachgeschmack hinterl\u00e4sst, der S\u00fc\u00dfe, Blumiges und einen durchdringenden Gas-Hintergrund kombiniert.<\/p>\n<h3>Anbautipps<\/h3>\n<ul>\n<li data-start=\"000\" data-end=\"000\"><strong data-start=\"000\" data-end=\"000\">Was ist das ideale Klima f\u00fcr den Anbau von Permanent Marker?<\/strong><br data-start=\"000\" data-end=\"000\" \/>Bevorzuge ein Klima <strong>hei\u00df und trocken (Mittelmeer)<\/strong>. In Innenr\u00e4umen ist eine kontrollierte Umgebung mit stabilen Temperaturen (21\u00b0C-27\u00b0C) erforderlich. Im Freien ist es aufgrund der extremen Dichte der Knospen wichtig, sie vor Regen und hoher Luftfeuchtigkeit zu sch\u00fctzen.<\/li>\n<li data-start=\"000\" data-end=\"000\"><strong data-start=\"000\" data-end=\"000\">Welche Trainingsmethoden funktionieren am besten mit Permanent Marker?<\/strong><br data-start=\"000\" data-end=\"000\" \/>Aufgrund seiner guten Verzweigung reagiert er gut auf Techniken wie die <strong>LST (Low Stress Training)<\/strong> und die <strong>apikaler Schnitt (Topping)<\/strong> um ein \u201eG\u00e4nsebl\u00fcmchenglas\u201c zu kreieren; und f\u00f6rdern eine maximale Lichtverteilung. Es passt sich auch gut dem SCROG an.<\/li>\n<li data-start=\"000\"><strong data-start=\"000\" data-end=\"000\">Welche Art von D\u00fcngung braucht Permanent Marker?<\/strong><br data-start=\"000\" data-end=\"000\" \/>Hat den Ruf, \u201egerne zu essen\u201c. und reagieren gut auf etwas \u00fcberdurchschnittliche N\u00e4hrstoffwerte. Entscheidend ist eine vollst\u00e4ndige und ausgewogene D\u00fcngung, bei der besonders auf Mikron\u00e4hrstoffe geachtet wird und eine gute Versorgung mit Phosphor und Kalium w\u00e4hrend der Bl\u00fcte sichergestellt wird.<\/li>\n<li data-start=\"000\" data-end=\"000\" class=\"translation-block\"><strong data-start=\"000\" data-end=\"000\">Ist es notwendig, die Permanent Marker Pflanze zu beschneiden?<\/strong><br data-start=\"000\" data-end=\"000\">Ja, das Beschneiden der unteren Triebe (Lollipopping) ist sehr wichtig, um die Luftzirkulation zu verbessern.<\/li>\n<li data-start=\"000\" data-end=\"000\"><strong data-start=\"000\" data-end=\"000\">Ist es notwendig, die Permanent Marker Pflanze zu beschneiden?<\/strong><br data-start=\"000\" data-end=\"000\" \/>Ja, Lollipopping ist sehr wichtig, um die Luftzirkulation zu verbessern.<\/li>\n<\/ul>","protected":false},"excerpt":{"rendered":"<p>Permanent Marker ist ein Indica-dominanter Hybrid der neuen Generation, der f\u00fcr seine extrem hohe Potenz (\u00fcber 25% THC) und seine doppelte Wirkung von Euphorie und tiefer Entspannung ausgezeichnet wurde. Sie wird f\u00fcr ihr scharfes Terpenprofil gesch\u00e4tzt, das blumige, s\u00fc\u00dfe und Diesel-Noten kombiniert, obwohl sie aufgrund der extremen Dichte ihrer Knospen mittelschwer anzubauen ist.<\/p>","protected":false},"featured_media":2824,"template":"","meta":{"_acf_changed":false,"inline_featured_image":false,"_wp_applaud_exclude":false},"product_brand":[194],"product_cat":[22],"product_tag":[],"class_list":{"0":"post-2823","1":"product","2":"type-product","3":"status-publish","4":"has-post-thumbnail","6":"product_brand-bluedog-genetics","7":"product_cat-feminizadas","8":"pa_altura-exterior-150-200","9":"pa_altura-interior-120-150","10":"pa_beneficios-terapeuticos-alivio-de-ansiedad","11":"pa_beneficios-terapeuticos-alivio-del-dolor","12":"pa_beneficios-terapeuticos-ayuda-para-dormir","13":"pa_cantidad-pack-1","14":"pa_cantidad-pack-10","15":"pa_cantidad-pack-3","16":"pa_cantidad-pack-5","17":"pa_clima-templado","18":"pa_cosecha-exterior-750-850","19":"pa_cosecha-interior-450-550","20":"pa_efectos-destacables-adormecido","21":"pa_efectos-destacables-alegre","22":"pa_efectos-destacables-euforico","23":"pa_efectos-destacables-relajado","24":"pa_floracion-8-9","25":"pa_genetica-70-30","26":"pa_olor-intenso","27":"pa_sabores-y-olores-combustible","28":"pa_sabores-y-olores-floral","29":"pa_sabores-y-olores-terroso","30":"pa_thc-20-27","31":"pa_variedad-mayormente-indica","33":"first","34":"instock","35":"taxable","36":"shipping-taxable","37":"purchasable","38":"product-type-variable"},"acf":{"sticker":"https:\/\/bluedoggenetics.com\/wp-content\/uploads\/2025\/11\/Permanent-marker-sticker_11zon.webp","family_tree":"<ul>\n<li><a href=\"#\">Permanent Marker<\/a>\n<ul>\n<li><a href=\"#\">Biscotti x Jealousy<\/a>\n<ul>\n<li><a href=\"#\">Biscotti<\/a>\n<ul>\n<li><a href=\"#\">South Florida OG<\/a>\n<ul>\n<li><a href=\"#\">OG Kush [South Florida OG]<\/a><\/li>\n<li><a href=\"#\">Hindu Kush [Neville]<\/a><\/li>\n<\/ul>\n<\/li>\n<li><a href=\"#\">Gelato #25<\/a>\n<ul>\n<li><a href=\"#\">Guava Gelato (#25)<\/a><\/li>\n<\/ul>\n<\/li>\n<\/ul>\n<\/li>\n<li><a href=\"#\">Jealousy<\/a>\n<ul>\n<li><a href=\"#\">Gelato #41 (#41)<\/a>\n<ul>\n<li><a href=\"#\">Bacio Gelato (#41)<\/a><\/li>\n<\/ul>\n<\/li>\n<li><a href=\"#\">Sherbet (BX1)<\/a>\n<ul>\n<li><a href=\"#\">Sunset Sherbert<\/a><\/li>\n<li><a href=\"#\">Sunset Sherbert x Animal Cookies Bx2<\/a><\/li>\n<\/ul>\n<\/li>\n<\/ul>\n<\/li>\n<\/ul>\n<\/li>\n<li><a href=\"#\">Sherb Bx (BX1)<\/a>\n<ul>\n<li><a href=\"#\">Sunset Sherbet<\/a>\n<ul>\n<li><a href=\"#\">Girl Scout Cookies<\/a><\/li>\n<li><a href=\"#\">Pink Panties<\/a><\/li>\n<\/ul>\n<\/li>\n<\/ul>\n<\/li>\n<\/ul>\n<\/li>\n<\/ul>\n"},"yoast_head":"<!-- This site is optimized with the Yoast SEO plugin v26.5 - https:\/\/yoast.com\/wordpress\/plugins\/seo\/ -->\n<title>Comprar Semillas Permanent Marker Feminizadas - BLUEDOG GENETICS Seeds<\/title>\n<meta name=\"description\" content=\"Permanent Marker: la nueva gen\u00e9tica con potencia extrema. Compra las semillas feminizadas originales con env\u00edo discreto y la mejor calidad. \u00a1Stock limitado!\" \/>\n<meta name=\"robots\" content=\"index, follow, max-snippet:-1, max-image-preview:large, max-video-preview:-1\" \/>\n<link rel=\"canonical\" href=\"https:\/\/bluedoggenetics.com\/de\/produkt\/feminisierte\/permanentmarker\/\" \/>\n<meta property=\"og:locale\" content=\"de_DE\" \/>\n<meta property=\"og:type\" content=\"article\" \/>\n<meta property=\"og:title\" content=\"Comprar Semillas Permanent Marker Feminizadas - BLUEDOG GENETICS Seeds\" \/>\n<meta property=\"og:description\" content=\"Permanent Marker: la nueva gen\u00e9tica con potencia extrema. Compra las semillas feminizadas originales con env\u00edo discreto y la mejor calidad. \u00a1Stock limitado!\" \/>\n<meta property=\"og:url\" content=\"https:\/\/bluedoggenetics.com\/de\/produkt\/feminisierte\/permanentmarker\/\" \/>\n<meta property=\"og:site_name\" content=\"BLUEDOG GENETICS Seeds\" \/>\n<meta property=\"article:modified_time\" content=\"2026-05-06T12:56:06+00:00\" \/>\n<meta property=\"og:image\" content=\"https:\/\/bluedoggenetics.com\/wp-content\/uploads\/2025\/11\/Permanent-Market-Bluedog-Genetics_11zon.webp\" \/>\n\t<meta property=\"og:image:width\" content=\"1536\" \/>\n\t<meta property=\"og:image:height\" content=\"1024\" \/>\n\t<meta property=\"og:image:type\" content=\"image\/webp\" \/>\n<meta name=\"twitter:card\" content=\"summary_large_image\" \/>\n<meta name=\"twitter:label1\" content=\"Gesch\u00e4tzte Lesezeit\" \/>\n\t<meta name=\"twitter:data1\" content=\"3\u00a0Minuten\" \/>\n<script type=\"application\/ld+json\" class=\"yoast-schema-graph\">{\"@context\":\"https:\/\/schema.org\",\"@graph\":[{\"@type\":[\"WebPage\",\"ItemPage\"],\"@id\":\"https:\/\/bluedoggenetics.com\/producto\/feminizadas\/permanent-marker\/\",\"url\":\"https:\/\/bluedoggenetics.com\/producto\/feminizadas\/permanent-marker\/\",\"name\":\"Comprar Semillas Permanent Marker Feminizadas - BLUEDOG GENETICS Seeds\",\"isPartOf\":{\"@id\":\"https:\/\/bluedoggenetics.com\/de\/#website\"},\"primaryImageOfPage\":{\"@id\":\"https:\/\/bluedoggenetics.com\/producto\/feminizadas\/permanent-marker\/#primaryimage\"},\"image\":{\"@id\":\"https:\/\/bluedoggenetics.com\/producto\/feminizadas\/permanent-marker\/#primaryimage\"},\"thumbnailUrl\":\"https:\/\/bluedoggenetics.com\/wp-content\/uploads\/2025\/11\/Permanent-Market-Bluedog-Genetics_11zon.webp\",\"datePublished\":\"2025-11-26T10:49:26+00:00\",\"dateModified\":\"2026-05-06T12:56:06+00:00\",\"description\":\"Permanent Marker: la nueva gen\u00e9tica con potencia extrema. Compra las semillas feminizadas originales con env\u00edo discreto y la mejor calidad. \u00a1Stock limitado!\",\"breadcrumb\":{\"@id\":\"https:\/\/bluedoggenetics.com\/producto\/feminizadas\/permanent-marker\/#breadcrumb\"},\"inLanguage\":\"de\",\"potentialAction\":[{\"@type\":\"ReadAction\",\"target\":[\"https:\/\/bluedoggenetics.com\/producto\/feminizadas\/permanent-marker\/\"]}]},{\"@type\":\"ImageObject\",\"inLanguage\":\"de\",\"@id\":\"https:\/\/bluedoggenetics.com\/producto\/feminizadas\/permanent-marker\/#primaryimage\",\"url\":\"https:\/\/bluedoggenetics.com\/wp-content\/uploads\/2025\/11\/Permanent-Market-Bluedog-Genetics_11zon.webp\",\"contentUrl\":\"https:\/\/bluedoggenetics.com\/wp-content\/uploads\/2025\/11\/Permanent-Market-Bluedog-Genetics_11zon.webp\",\"width\":1536,\"height\":1024,\"caption\":\"Cogollo de la genetica Permanent marker de Bluedog Genetics\"},{\"@type\":\"BreadcrumbList\",\"@id\":\"https:\/\/bluedoggenetics.com\/producto\/feminizadas\/permanent-marker\/#breadcrumb\",\"itemListElement\":[{\"@type\":\"ListItem\",\"position\":1,\"name\":\"Portada\",\"item\":\"https:\/\/bluedoggenetics.com\/\"},{\"@type\":\"ListItem\",\"position\":2,\"name\":\"Tienda\",\"item\":\"https:\/\/bluedoggenetics.com\/fr\/tienda\/\"},{\"@type\":\"ListItem\",\"position\":3,\"name\":\"Permanent Marker\"}]},{\"@type\":\"WebSite\",\"@id\":\"https:\/\/bluedoggenetics.com\/de\/#website\",\"url\":\"https:\/\/bluedoggenetics.com\/de\/\",\"name\":\"BLUEDOG GENETICS Seeds\",\"description\":\"Compara y compra las mejores semillas de cannabis. Feminizadas, Autoflorecientes, CBD.\",\"publisher\":{\"@id\":\"https:\/\/bluedoggenetics.com\/de\/#organization\"},\"alternateName\":\"BLUEDOG GENETICS\",\"potentialAction\":[{\"@type\":\"SearchAction\",\"target\":{\"@type\":\"EntryPoint\",\"urlTemplate\":\"https:\/\/bluedoggenetics.com\/de\/?s={search_term_string}\"},\"query-input\":{\"@type\":\"PropertyValueSpecification\",\"valueRequired\":true,\"valueName\":\"search_term_string\"}}],\"inLanguage\":\"de\"},{\"@type\":\"Organization\",\"@id\":\"https:\/\/bluedoggenetics.com\/de\/#organization\",\"name\":\"BLUEDOG GENETICS\",\"url\":\"https:\/\/bluedoggenetics.com\/de\/\",\"logo\":{\"@type\":\"ImageObject\",\"inLanguage\":\"de\",\"@id\":\"https:\/\/bluedoggenetics.com\/de\/#\/schema\/logo\/image\/\",\"url\":\"https:\/\/bluedoggenetics.com\/wp-content\/uploads\/2024\/11\/appIcon.png\",\"contentUrl\":\"https:\/\/bluedoggenetics.com\/wp-content\/uploads\/2024\/11\/appIcon.png\",\"width\":1024,\"height\":1024,\"caption\":\"BLUEDOG GENETICS\"},\"image\":{\"@id\":\"https:\/\/bluedoggenetics.com\/de\/#\/schema\/logo\/image\/\"},\"sameAs\":[\"https:\/\/www.instagram.com\/bluedog.genetics\/\"]}]}<\/script>\n<!-- \/ Yoast SEO plugin. -->","yoast_head_json":{"title":"Permanent Marker Feminisiertes Saatgut kaufen - BLUEDOG GENETICS Seeds","description":"Permanent Marker: die neue Genetik mit extremer Potenz. Kaufe die original feminisierten Samen mit diskretem Versand und bester Qualit\u00e4t, begrenzter Vorrat!","robots":{"index":"index","follow":"follow","max-snippet":"max-snippet:-1","max-image-preview":"max-image-preview:large","max-video-preview":"max-video-preview:-1"},"canonical":"https:\/\/bluedoggenetics.com\/de\/produkt\/feminisierte\/permanentmarker\/","og_locale":"de_DE","og_type":"article","og_title":"Comprar Semillas Permanent Marker Feminizadas - BLUEDOG GENETICS Seeds","og_description":"Permanent Marker: la nueva gen\u00e9tica con potencia extrema. Compra las semillas feminizadas originales con env\u00edo discreto y la mejor calidad. \u00a1Stock limitado!","og_url":"https:\/\/bluedoggenetics.com\/de\/produkt\/feminisierte\/permanentmarker\/","og_site_name":"BLUEDOG GENETICS Seeds","article_modified_time":"2026-05-06T12:56:06+00:00","og_image":[{"width":1536,"height":1024,"url":"https:\/\/bluedoggenetics.com\/wp-content\/uploads\/2025\/11\/Permanent-Market-Bluedog-Genetics_11zon.webp","type":"image\/webp"}],"twitter_card":"summary_large_image","twitter_misc":{"Gesch\u00e4tzte Lesezeit":"3\u00a0Minuten"},"schema":{"@context":"https:\/\/schema.org","@graph":[{"@type":["WebPage","ItemPage"],"@id":"https:\/\/bluedoggenetics.com\/producto\/feminizadas\/permanent-marker\/","url":"https:\/\/bluedoggenetics.com\/producto\/feminizadas\/permanent-marker\/","name":"Permanent Marker Feminisiertes Saatgut kaufen - BLUEDOG GENETICS Seeds","isPartOf":{"@id":"https:\/\/bluedoggenetics.com\/de\/#website"},"primaryImageOfPage":{"@id":"https:\/\/bluedoggenetics.com\/producto\/feminizadas\/permanent-marker\/#primaryimage"},"image":{"@id":"https:\/\/bluedoggenetics.com\/producto\/feminizadas\/permanent-marker\/#primaryimage"},"thumbnailUrl":"https:\/\/bluedoggenetics.com\/wp-content\/uploads\/2025\/11\/Permanent-Market-Bluedog-Genetics_11zon.webp","datePublished":"2025-11-26T10:49:26+00:00","dateModified":"2026-05-06T12:56:06+00:00","description":"Permanent Marker: die neue Genetik mit extremer Potenz. Kaufe die original feminisierten Samen mit diskretem Versand und bester Qualit\u00e4t, begrenzter Vorrat!","breadcrumb":{"@id":"https:\/\/bluedoggenetics.com\/producto\/feminizadas\/permanent-marker\/#breadcrumb"},"inLanguage":"de","potentialAction":[{"@type":"ReadAction","target":["https:\/\/bluedoggenetics.com\/producto\/feminizadas\/permanent-marker\/"]}]},{"@type":"ImageObject","inLanguage":"de","@id":"https:\/\/bluedoggenetics.com\/producto\/feminizadas\/permanent-marker\/#primaryimage","url":"https:\/\/bluedoggenetics.com\/wp-content\/uploads\/2025\/11\/Permanent-Market-Bluedog-Genetics_11zon.webp","contentUrl":"https:\/\/bluedoggenetics.com\/wp-content\/uploads\/2025\/11\/Permanent-Market-Bluedog-Genetics_11zon.webp","width":1536,"height":1024,"caption":"Cogollo de la genetica Permanent marker de Bluedog Genetics"},{"@type":"BreadcrumbList","@id":"https:\/\/bluedoggenetics.com\/producto\/feminizadas\/permanent-marker\/#breadcrumb","itemListElement":[{"@type":"ListItem","position":1,"name":"Portada","item":"https:\/\/bluedoggenetics.com\/"},{"@type":"ListItem","position":2,"name":"Tienda","item":"https:\/\/bluedoggenetics.com\/fr\/tienda\/"},{"@type":"ListItem","position":3,"name":"Permanent Marker"}]},{"@type":"WebSite","@id":"https:\/\/bluedoggenetics.com\/de\/#website","url":"https:\/\/bluedoggenetics.com\/de\/","name":"BLUEDOG GENETICS Seeds","description":"Vergleiche und kaufe die besten Hanfsamen. Feminisiert, Autoflowering, CBD.","publisher":{"@id":"https:\/\/bluedoggenetics.com\/de\/#organization"},"alternateName":"BLUEDOG GENETICS","potentialAction":[{"@type":"SearchAction","target":{"@type":"EntryPoint","urlTemplate":"https:\/\/bluedoggenetics.com\/de\/?s={search_term_string}"},"query-input":{"@type":"PropertyValueSpecification","valueRequired":true,"valueName":"search_term_string"}}],"inLanguage":"de"},{"@type":"Organization","@id":"https:\/\/bluedoggenetics.com\/de\/#organization","name":"BLUEDOG GENETICS","url":"https:\/\/bluedoggenetics.com\/de\/","logo":{"@type":"ImageObject","inLanguage":"de","@id":"https:\/\/bluedoggenetics.com\/de\/#\/schema\/logo\/image\/","url":"https:\/\/bluedoggenetics.com\/wp-content\/uploads\/2024\/11\/appIcon.png","contentUrl":"https:\/\/bluedoggenetics.com\/wp-content\/uploads\/2024\/11\/appIcon.png","width":1024,"height":1024,"caption":"BLUEDOG GENETICS"},"image":{"@id":"https:\/\/bluedoggenetics.com\/de\/#\/schema\/logo\/image\/"},"sameAs":["https:\/\/www.instagram.com\/bluedog.genetics\/"]}]}},"sticker_url":"https:\/\/bluedoggenetics.com\/wp-content\/uploads\/2025\/11\/Permanent-marker-sticker_11zon.webp","variations_full":[{"id":2839,"price":12,"regular_price":12,"attributes":{"attribute_pa_cantidad":"pack-1"},"image_src":"https:\/\/bluedoggenetics.com\/wp-content\/uploads\/2025\/11\/Permanent-Market-Bluedog-Genetics_11zon-600x400.webp","is_in_stock":true},{"id":2840,"price":27,"regular_price":27,"attributes":{"attribute_pa_cantidad":"pack-3"},"image_src":"https:\/\/bluedoggenetics.com\/wp-content\/uploads\/2025\/11\/Permanent-Market-Bluedog-Genetics_11zon-600x400.webp","is_in_stock":true},{"id":2841,"price":41,"regular_price":41,"attributes":{"attribute_pa_cantidad":"pack-5"},"image_src":"https:\/\/bluedoggenetics.com\/wp-content\/uploads\/2025\/11\/Permanent-Market-Bluedog-Genetics_11zon-600x400.webp","is_in_stock":true},{"id":2842,"price":65,"regular_price":65,"attributes":{"attribute_pa_cantidad":"pack-10"},"image_src":"https:\/\/bluedoggenetics.com\/wp-content\/uploads\/2025\/11\/Permanent-Market-Bluedog-Genetics_11zon-600x400.webp","is_in_stock":true}],"jetpack_sharing_enabled":true,"_links":{"self":[{"href":"https:\/\/bluedoggenetics.com\/de\/wp-json\/wp\/v2\/product\/2823","targetHints":{"allow":["GET"]}}],"collection":[{"href":"https:\/\/bluedoggenetics.com\/de\/wp-json\/wp\/v2\/product"}],"about":[{"href":"https:\/\/bluedoggenetics.com\/de\/wp-json\/wp\/v2\/types\/product"}],"wp:featuredmedia":[{"embeddable":true,"href":"https:\/\/bluedoggenetics.com\/de\/wp-json\/wp\/v2\/media\/2824"}],"wp:attachment":[{"href":"https:\/\/bluedoggenetics.com\/de\/wp-json\/wp\/v2\/media?parent=2823"}],"wp:term":[{"taxonomy":"product_brand","embeddable":true,"href":"https:\/\/bluedoggenetics.com\/de\/wp-json\/wp\/v2\/product_brand?post=2823"},{"taxonomy":"product_cat","embeddable":true,"href":"https:\/\/bluedoggenetics.com\/de\/wp-json\/wp\/v2\/product_cat?post=2823"},{"taxonomy":"product_tag","embeddable":true,"href":"https:\/\/bluedoggenetics.com\/de\/wp-json\/wp\/v2\/product_tag?post=2823"}],"curies":[{"name":"wp","href":"https:\/\/api.w.org\/{rel}","templated":true}]}}