{"id":2577,"date":"2025-11-26T12:56:29","date_gmt":"2025-11-26T11:56:29","guid":{"rendered":"https:\/\/bluedoggenetics.com\/?post_type=product&#038;p=2577"},"modified":"2026-04-11T15:17:05","modified_gmt":"2026-04-11T13:17:05","slug":"ak-47","status":"publish","type":"product","link":"https:\/\/bluedoggenetics.com\/de\/produkt\/feminisierte\/ak-47\/","title":{"rendered":"AK 47"},"content":{"rendered":"<p class=\"translation-block\">Die <strong>AK-47<\/strong> ist eine preisgekr\u00f6nte und zeitlose Genetik, ein Sativa-dominanter Hybrid, bekannt f\u00fcr ihre Potenz und ihr stabiles Wachstum, entstanden aus der fachkundigen Kreuzung kolumbianischer, mexikanischer, thail\u00e4ndischer und afghanischer Sorten. Erstmals 1992 ver\u00f6ffentlicht, hat die <strong>AK-47 Sorte<\/strong> ihren weltweiten Ruf als eine der stabilsten und potentesten Sorten auf dem Markt beibehalten. Mit einem mittelhohen THC-Profil (etwa 20 %) und einer komplexen Terpenmischung bietet sie eine potente und duale Wirkung: Sie beginnt mit einer intensiven zerebralen Euphorie, gefolgt von einer subtilen und anhaltenden k\u00f6rperlichen Entspannung. Ihr aromatisches Profil ist einzigartig und mischt dominante Noten von <strong>Holz, Gew\u00fcrzen und einem s\u00fc\u00dfen Skunk-Hintergrund<\/strong>. Sie ist eine Premium-Wahl f\u00fcr Nutzer aller Erfahrungsstufen, die **genetische Stabilit\u00e4t** und eine ausgewogene Wirkung suchen.<\/p>\n<p class=\"translation-block\"><strong>Morphologie der Pflanze.<\/strong> Die <strong>AK-47<\/strong> entwickelt eine robuste und verzweigte Struktur, die eine hybride Vitalit\u00e4t mit der Tendenz zur Streckung w\u00e4hrend der Bl\u00fcte zeigt, charakteristisch f\u00fcr ihre Sativa-Genetik. Sie weist eine gute seitliche Verzweigung und eine prominente zentrale Bl\u00fctens\u00e4ule auf, wodurch sie sich zur Maximierung der Produktion eignet. Obwohl sie eine kr\u00e4ftige Sorte ist, gilt ihr Anbau als von geringem Schwierigkeitsgrad, da ihre Genetik sehr fehlerverzeihend ist und eine beeindruckende Resistenz gegen Sch\u00e4dlinge und Krankheiten aufweist.<\/p>\n<p class=\"translation-block\"><strong>Aussehen der Bl\u00fcte.<\/strong> Die Knospen der <strong>AK-47<\/strong> sind gro\u00df, dicht und weisen eine hellgr\u00fcne Farbe mit einer bemerkenswerten Harzbedeckung auf. Die Trichomproduktion ist konsistent und gleichm\u00e4\u00dfig. Das Aroma, das Noten von <strong>Holz und Gew\u00fcrzen<\/strong> hervorruft, intensiviert sich drastisch bei der Handhabung der Bl\u00fcte. Ihr Rauch ist sanft, aber der Geschmack ist hartn\u00e4ckig und hinterl\u00e4sst einen anhaltenden Nachgeschmack, der S\u00fc\u00dfe, Erdiges und einen durchdringenden Skunk-Hintergrund kombiniert.<\/p>\n<h3>Anbautipps<\/h3>\n<ul>\n<li><strong>Was ist das ideale Klima f\u00fcr den Anbau von AK-47?<\/strong><br \/>\nSie bevorzugt ein warmes, trockenes Klima, kann sich aber auch an gem\u00e4\u00dfigtere Klimazonen anpassen. In Innenr\u00e4umen wird eine kontrollierte Umgebung empfohlen. Im Freien kann sie dank ihrer schnellen Bl\u00fctezeit vor dem Herbstregen geerntet werden, wodurch das Risiko von Schimmelpilzbefall minimiert wird.<\/li>\n<li><strong>Welche Trainingstechniken funktionieren am besten mit der AK-47?<\/strong><br \/>\nAufgrund seiner Tendenz, sich zu strecken, spricht er hervorragend auf H\u00f6henkontrolltechniken wie SCROG (Screen of Green) und Topping an, die ein gleichm\u00e4\u00dfiges Kronendach f\u00f6rdern und die Lichtdurchl\u00e4ssigkeit optimieren.<\/li>\n<li><strong>Welche Art von Befruchtung braucht die AK-47?<\/strong><br \/>\nSie ist eine Sorte, die mittlere bis hohe N\u00e4hrstoffmengen gut vertr\u00e4gt. Aufgrund ihrer Stabilit\u00e4t und schnellen Entwicklung ist jedoch eine konstante und ausgewogene D\u00fcngung wichtiger als eine hohe Intensit\u00e4t.<\/li>\n<li><strong>Wie sollten Bew\u00e4sserung und Feuchtigkeit f\u00fcr die AK-47 sein?<\/strong><br \/>\nEs ist wichtig, f\u00fcr einen guten Trocknungs- und Bew\u00e4sserungszyklus zu sorgen. Im Gegensatz zu ultradichten Sorten ist die <strong>AK-47<\/strong> ist resistenter gegen Schimmel, aber es wird empfohlen, die relative Luftfeuchtigkeit w\u00e4hrend der Bl\u00fctezeit unter 60% zu halten, um die Harzproduktion zu optimieren.<\/li>\n<li><strong>Ist es notwendig, die AK-47-Pflanze zu beschneiden?<\/strong><br \/>\nJa, Lollipopping ist n\u00fctzlich, um die Energie auf die Hauptkolben zu lenken, vor allem wenn die SCROG-Technik angewendet wird. Lollipopping hilft auch, die Luftzirkulation zu verbessern.<\/li>\n<\/ul>","protected":false},"excerpt":{"rendered":"<p>Die <b>AK-47<\/b> es una gen\u00e9tica galardonada y atemporal, un h\u00edbrido Sativa dominante conocido por su potencia y su crecimiento estable, resultado del cruce experto de variedades colombianas, mexicanas, tailandesas y afganas. Con un perfil de THC medio-alto y una compleja mezcla de terpenos, ofrece un efecto intensamente euf\u00f3rico y cerebral que se equilibra con una sutil relajaci\u00f3n corporal, ideal para mantenerse activo, creativo y sociabilizar.<\/p>","protected":false},"featured_media":2690,"template":"","meta":{"_acf_changed":false,"inline_featured_image":false,"_wp_applaud_exclude":false},"product_brand":[194],"product_cat":[22],"product_tag":[],"class_list":{"0":"post-2577","1":"product","2":"type-product","3":"status-publish","4":"has-post-thumbnail","6":"product_brand-bluedog-genetics","7":"product_cat-feminizadas","9":"first","10":"instock","11":"taxable","12":"shipping-taxable","13":"purchasable","14":"product-type-variable"},"acf":{"sticker":"https:\/\/bluedoggenetics.com\/wp-content\/uploads\/2025\/07\/AK-47-Bluedog-Genetics.webp","family_tree":"<ul>\n<li><a href=\"#\">AK-47<\/a>\n<ul>\n<li><a href=\"#\">Colombia<\/a>\n<ul>\n<li><a href=\"#\">Sativa<\/a><\/li>\n<\/ul>\n<\/li>\n<li><a href=\"#\">M\u00e9xico<\/a>\n<ul>\n<li><a href=\"#\">Sativa<\/a><\/li>\n<\/ul>\n<\/li>\n<li><a href=\"#\">Tailandia<\/a>\n<ul>\n<li><a href=\"#\">Sativa<\/a><\/li>\n<\/ul>\n<\/li>\n<li><a href=\"#\">Afganist\u00e1n<\/a>\n<ul>\n<li><a href=\"#\">Indica<\/a><\/li>\n<\/ul>\n<\/li>\n<\/ul>\n<\/li>\n<\/ul>\n"},"yoast_head":"<!-- This site is optimized with the Yoast SEO plugin v26.5 - https:\/\/yoast.com\/wordpress\/plugins\/seo\/ -->\n<title>Comprar Semillas AK-47 Feminized - Sativa Potente y Estable - BLUEDOG GENETICS Seeds<\/title>\n<meta name=\"description\" content=\"La AK-47 original: Ganadora de m\u00faltiples premios, famosa por su estabilidad y su potente efecto. Compra tus semillas con env\u00edo discreto y garant\u00eda.\" \/>\n<meta name=\"robots\" content=\"index, follow, max-snippet:-1, max-image-preview:large, max-video-preview:-1\" \/>\n<link rel=\"canonical\" href=\"https:\/\/bluedoggenetics.com\/de\/produkt\/feminisierte\/ak-47\/\" \/>\n<meta property=\"og:locale\" content=\"de_DE\" \/>\n<meta property=\"og:type\" content=\"article\" \/>\n<meta property=\"og:title\" content=\"Comprar Semillas AK-47 Feminized - Sativa Potente y Estable - BLUEDOG GENETICS Seeds\" \/>\n<meta property=\"og:description\" content=\"La AK-47 original: Ganadora de m\u00faltiples premios, famosa por su estabilidad y su potente efecto. Compra tus semillas con env\u00edo discreto y garant\u00eda.\" \/>\n<meta property=\"og:url\" content=\"https:\/\/bluedoggenetics.com\/de\/produkt\/feminisierte\/ak-47\/\" \/>\n<meta property=\"og:site_name\" content=\"BLUEDOG GENETICS Seeds\" \/>\n<meta property=\"article:modified_time\" content=\"2026-04-11T13:17:05+00:00\" \/>\n<meta property=\"og:image\" content=\"https:\/\/bluedoggenetics.com\/wp-content\/uploads\/2025\/06\/AK47-Bluedog-Genetics_11zon_11zon.webp\" \/>\n\t<meta property=\"og:image:width\" content=\"1536\" \/>\n\t<meta property=\"og:image:height\" content=\"1024\" \/>\n\t<meta property=\"og:image:type\" content=\"image\/webp\" \/>\n<meta name=\"twitter:card\" content=\"summary_large_image\" \/>\n<meta name=\"twitter:label1\" content=\"Gesch\u00e4tzte Lesezeit\" \/>\n\t<meta name=\"twitter:data1\" content=\"3\u00a0Minuten\" \/>\n<script type=\"application\/ld+json\" class=\"yoast-schema-graph\">{\"@context\":\"https:\/\/schema.org\",\"@graph\":[{\"@type\":[\"WebPage\",\"ItemPage\"],\"@id\":\"https:\/\/bluedoggenetics.com\/producto\/feminizadas\/ak-47\/\",\"url\":\"https:\/\/bluedoggenetics.com\/producto\/feminizadas\/ak-47\/\",\"name\":\"Comprar Semillas AK-47 Feminized - Sativa Potente y Estable - BLUEDOG GENETICS Seeds\",\"isPartOf\":{\"@id\":\"https:\/\/bluedoggenetics.com\/de\/#website\"},\"primaryImageOfPage\":{\"@id\":\"https:\/\/bluedoggenetics.com\/producto\/feminizadas\/ak-47\/#primaryimage\"},\"image\":{\"@id\":\"https:\/\/bluedoggenetics.com\/producto\/feminizadas\/ak-47\/#primaryimage\"},\"thumbnailUrl\":\"https:\/\/bluedoggenetics.com\/wp-content\/uploads\/2025\/06\/AK47-Bluedog-Genetics_11zon_11zon.webp\",\"datePublished\":\"2025-11-26T11:56:29+00:00\",\"dateModified\":\"2026-04-11T13:17:05+00:00\",\"description\":\"La AK-47 original: Ganadora de m\u00faltiples premios, famosa por su estabilidad y su potente efecto. Compra tus semillas con env\u00edo discreto y garant\u00eda.\",\"breadcrumb\":{\"@id\":\"https:\/\/bluedoggenetics.com\/producto\/feminizadas\/ak-47\/#breadcrumb\"},\"inLanguage\":\"de\",\"potentialAction\":[{\"@type\":\"ReadAction\",\"target\":[\"https:\/\/bluedoggenetics.com\/producto\/feminizadas\/ak-47\/\"]}]},{\"@type\":\"ImageObject\",\"inLanguage\":\"de\",\"@id\":\"https:\/\/bluedoggenetics.com\/producto\/feminizadas\/ak-47\/#primaryimage\",\"url\":\"https:\/\/bluedoggenetics.com\/wp-content\/uploads\/2025\/06\/AK47-Bluedog-Genetics_11zon_11zon.webp\",\"contentUrl\":\"https:\/\/bluedoggenetics.com\/wp-content\/uploads\/2025\/06\/AK47-Bluedog-Genetics_11zon_11zon.webp\",\"width\":1536,\"height\":1024,\"caption\":\"AK47 de Bluedog Genetics a mitad de floracion\"},{\"@type\":\"BreadcrumbList\",\"@id\":\"https:\/\/bluedoggenetics.com\/producto\/feminizadas\/ak-47\/#breadcrumb\",\"itemListElement\":[{\"@type\":\"ListItem\",\"position\":1,\"name\":\"Portada\",\"item\":\"https:\/\/bluedoggenetics.com\/\"},{\"@type\":\"ListItem\",\"position\":2,\"name\":\"Tienda\",\"item\":\"https:\/\/bluedoggenetics.com\/fr\/tienda\/\"},{\"@type\":\"ListItem\",\"position\":3,\"name\":\"AK 47\"}]},{\"@type\":\"WebSite\",\"@id\":\"https:\/\/bluedoggenetics.com\/de\/#website\",\"url\":\"https:\/\/bluedoggenetics.com\/de\/\",\"name\":\"BLUEDOG GENETICS Seeds\",\"description\":\"Compara y compra las mejores semillas de cannabis. Feminizadas, Autoflorecientes, CBD.\",\"publisher\":{\"@id\":\"https:\/\/bluedoggenetics.com\/de\/#organization\"},\"alternateName\":\"BLUEDOG GENETICS\",\"potentialAction\":[{\"@type\":\"SearchAction\",\"target\":{\"@type\":\"EntryPoint\",\"urlTemplate\":\"https:\/\/bluedoggenetics.com\/de\/?s={search_term_string}\"},\"query-input\":{\"@type\":\"PropertyValueSpecification\",\"valueRequired\":true,\"valueName\":\"search_term_string\"}}],\"inLanguage\":\"de\"},{\"@type\":\"Organization\",\"@id\":\"https:\/\/bluedoggenetics.com\/de\/#organization\",\"name\":\"BLUEDOG GENETICS\",\"url\":\"https:\/\/bluedoggenetics.com\/de\/\",\"logo\":{\"@type\":\"ImageObject\",\"inLanguage\":\"de\",\"@id\":\"https:\/\/bluedoggenetics.com\/de\/#\/schema\/logo\/image\/\",\"url\":\"https:\/\/bluedoggenetics.com\/wp-content\/uploads\/2024\/11\/appIcon.png\",\"contentUrl\":\"https:\/\/bluedoggenetics.com\/wp-content\/uploads\/2024\/11\/appIcon.png\",\"width\":1024,\"height\":1024,\"caption\":\"BLUEDOG GENETICS\"},\"image\":{\"@id\":\"https:\/\/bluedoggenetics.com\/de\/#\/schema\/logo\/image\/\"},\"sameAs\":[\"https:\/\/www.instagram.com\/bluedog.genetics\/\"]}]}<\/script>\n<!-- \/ Yoast SEO plugin. -->","yoast_head_json":{"title":"AK-47 Feminisierte Samen kaufen - Kraftvolle und stabile Sativa - BLUEDOG GENETICS Seeds","description":"Die originale AK-47: Mehrfach preisgekr\u00f6nt, ber\u00fchmt f\u00fcr ihre Stabilit\u00e4t und potente Wirkung. Kaufe deine Samen mit diskreter Lieferung und Garantie.","robots":{"index":"index","follow":"follow","max-snippet":"max-snippet:-1","max-image-preview":"max-image-preview:large","max-video-preview":"max-video-preview:-1"},"canonical":"https:\/\/bluedoggenetics.com\/de\/produkt\/feminisierte\/ak-47\/","og_locale":"de_DE","og_type":"article","og_title":"Comprar Semillas AK-47 Feminized - Sativa Potente y Estable - BLUEDOG GENETICS Seeds","og_description":"La AK-47 original: Ganadora de m\u00faltiples premios, famosa por su estabilidad y su potente efecto. Compra tus semillas con env\u00edo discreto y garant\u00eda.","og_url":"https:\/\/bluedoggenetics.com\/de\/produkt\/feminisierte\/ak-47\/","og_site_name":"BLUEDOG GENETICS Seeds","article_modified_time":"2026-04-11T13:17:05+00:00","og_image":[{"width":1536,"height":1024,"url":"https:\/\/bluedoggenetics.com\/wp-content\/uploads\/2025\/06\/AK47-Bluedog-Genetics_11zon_11zon.webp","type":"image\/webp"}],"twitter_card":"summary_large_image","twitter_misc":{"Gesch\u00e4tzte Lesezeit":"3\u00a0Minuten"},"schema":{"@context":"https:\/\/schema.org","@graph":[{"@type":["WebPage","ItemPage"],"@id":"https:\/\/bluedoggenetics.com\/producto\/feminizadas\/ak-47\/","url":"https:\/\/bluedoggenetics.com\/producto\/feminizadas\/ak-47\/","name":"AK-47 Feminisierte Samen kaufen - Kraftvolle und stabile Sativa - BLUEDOG GENETICS Seeds","isPartOf":{"@id":"https:\/\/bluedoggenetics.com\/de\/#website"},"primaryImageOfPage":{"@id":"https:\/\/bluedoggenetics.com\/producto\/feminizadas\/ak-47\/#primaryimage"},"image":{"@id":"https:\/\/bluedoggenetics.com\/producto\/feminizadas\/ak-47\/#primaryimage"},"thumbnailUrl":"https:\/\/bluedoggenetics.com\/wp-content\/uploads\/2025\/06\/AK47-Bluedog-Genetics_11zon_11zon.webp","datePublished":"2025-11-26T11:56:29+00:00","dateModified":"2026-04-11T13:17:05+00:00","description":"Die originale AK-47: Mehrfach preisgekr\u00f6nt, ber\u00fchmt f\u00fcr ihre Stabilit\u00e4t und potente Wirkung. Kaufe deine Samen mit diskreter Lieferung und Garantie.","breadcrumb":{"@id":"https:\/\/bluedoggenetics.com\/producto\/feminizadas\/ak-47\/#breadcrumb"},"inLanguage":"de","potentialAction":[{"@type":"ReadAction","target":["https:\/\/bluedoggenetics.com\/producto\/feminizadas\/ak-47\/"]}]},{"@type":"ImageObject","inLanguage":"de","@id":"https:\/\/bluedoggenetics.com\/producto\/feminizadas\/ak-47\/#primaryimage","url":"https:\/\/bluedoggenetics.com\/wp-content\/uploads\/2025\/06\/AK47-Bluedog-Genetics_11zon_11zon.webp","contentUrl":"https:\/\/bluedoggenetics.com\/wp-content\/uploads\/2025\/06\/AK47-Bluedog-Genetics_11zon_11zon.webp","width":1536,"height":1024,"caption":"AK47 de Bluedog Genetics a mitad de floracion"},{"@type":"BreadcrumbList","@id":"https:\/\/bluedoggenetics.com\/producto\/feminizadas\/ak-47\/#breadcrumb","itemListElement":[{"@type":"ListItem","position":1,"name":"Portada","item":"https:\/\/bluedoggenetics.com\/"},{"@type":"ListItem","position":2,"name":"Tienda","item":"https:\/\/bluedoggenetics.com\/fr\/tienda\/"},{"@type":"ListItem","position":3,"name":"AK 47"}]},{"@type":"WebSite","@id":"https:\/\/bluedoggenetics.com\/de\/#website","url":"https:\/\/bluedoggenetics.com\/de\/","name":"BLUEDOG GENETICS Seeds","description":"Vergleiche und kaufe die besten Hanfsamen. Feminisiert, Autoflowering, CBD.","publisher":{"@id":"https:\/\/bluedoggenetics.com\/de\/#organization"},"alternateName":"BLUEDOG GENETICS","potentialAction":[{"@type":"SearchAction","target":{"@type":"EntryPoint","urlTemplate":"https:\/\/bluedoggenetics.com\/de\/?s={search_term_string}"},"query-input":{"@type":"PropertyValueSpecification","valueRequired":true,"valueName":"search_term_string"}}],"inLanguage":"de"},{"@type":"Organization","@id":"https:\/\/bluedoggenetics.com\/de\/#organization","name":"BLUEDOG GENETICS","url":"https:\/\/bluedoggenetics.com\/de\/","logo":{"@type":"ImageObject","inLanguage":"de","@id":"https:\/\/bluedoggenetics.com\/de\/#\/schema\/logo\/image\/","url":"https:\/\/bluedoggenetics.com\/wp-content\/uploads\/2024\/11\/appIcon.png","contentUrl":"https:\/\/bluedoggenetics.com\/wp-content\/uploads\/2024\/11\/appIcon.png","width":1024,"height":1024,"caption":"BLUEDOG GENETICS"},"image":{"@id":"https:\/\/bluedoggenetics.com\/de\/#\/schema\/logo\/image\/"},"sameAs":["https:\/\/www.instagram.com\/bluedog.genetics\/"]}]}},"sticker_url":"https:\/\/bluedoggenetics.com\/wp-content\/uploads\/2025\/07\/AK-47-Bluedog-Genetics.webp","variations_full":[{"id":2844,"price":9,"regular_price":9,"attributes":{"attribute_cantidad":"Pack 1"},"image_src":"https:\/\/bluedoggenetics.com\/wp-content\/uploads\/2025\/06\/AK47-Bluedog-Genetics_11zon_11zon-600x400.webp","is_in_stock":true},{"id":2845,"price":23,"regular_price":23,"attributes":{"attribute_cantidad":"Pack 3"},"image_src":"https:\/\/bluedoggenetics.com\/wp-content\/uploads\/2025\/06\/AK47-Bluedog-Genetics_11zon_11zon-600x400.webp","is_in_stock":true},{"id":2846,"price":34,"regular_price":34,"attributes":{"attribute_cantidad":"Pack 5"},"image_src":"https:\/\/bluedoggenetics.com\/wp-content\/uploads\/2025\/06\/AK47-Bluedog-Genetics_11zon_11zon-600x400.webp","is_in_stock":true},{"id":2847,"price":56,"regular_price":56,"attributes":{"attribute_cantidad":"Pack 10"},"image_src":"https:\/\/bluedoggenetics.com\/wp-content\/uploads\/2025\/06\/AK47-Bluedog-Genetics_11zon_11zon-600x400.webp","is_in_stock":true}],"jetpack_sharing_enabled":true,"_links":{"self":[{"href":"https:\/\/bluedoggenetics.com\/de\/wp-json\/wp\/v2\/product\/2577","targetHints":{"allow":["GET"]}}],"collection":[{"href":"https:\/\/bluedoggenetics.com\/de\/wp-json\/wp\/v2\/product"}],"about":[{"href":"https:\/\/bluedoggenetics.com\/de\/wp-json\/wp\/v2\/types\/product"}],"wp:featuredmedia":[{"embeddable":true,"href":"https:\/\/bluedoggenetics.com\/de\/wp-json\/wp\/v2\/media\/2690"}],"wp:attachment":[{"href":"https:\/\/bluedoggenetics.com\/de\/wp-json\/wp\/v2\/media?parent=2577"}],"wp:term":[{"taxonomy":"product_brand","embeddable":true,"href":"https:\/\/bluedoggenetics.com\/de\/wp-json\/wp\/v2\/product_brand?post=2577"},{"taxonomy":"product_cat","embeddable":true,"href":"https:\/\/bluedoggenetics.com\/de\/wp-json\/wp\/v2\/product_cat?post=2577"},{"taxonomy":"product_tag","embeddable":true,"href":"https:\/\/bluedoggenetics.com\/de\/wp-json\/wp\/v2\/product_tag?post=2577"}],"curies":[{"name":"wp","href":"https:\/\/api.w.org\/{rel}","templated":true}]}}