{"id":2571,"date":"2025-11-26T00:28:46","date_gmt":"2025-11-25T23:28:46","guid":{"rendered":"https:\/\/bluedoggenetics.com\/?post_type=product&#038;p=2571"},"modified":"2026-04-11T15:17:05","modified_gmt":"2026-04-11T13:17:05","slug":"saurer-diesel","status":"publish","type":"product","link":"https:\/\/bluedoggenetics.com\/de\/produkt\/feminisierte\/saurer-diesel\/","title":{"rendered":"Sour Diesel"},"content":{"rendered":"<p data-start=\"000\" data-end=\"000\" class=\"translation-block\">Sour Diesel (auch bekannt als Sour D) ist eine der ber\u00fchmtesten und gesch\u00e4tztesten Sativa-dominanten Sorten der Welt, deren Urspr\u00fcnge auf die 1990er Jahre zur\u00fcckgehen. Sie ist ein legend\u00e4rer Hybrid, oft das Ergebnis einer Kreuzung von Genetiken wie Chemdawg und Super Skunk. Ihre Wirkung sorgt f\u00fcr einen zerebralen, euphorischen und belebenden Rausch, ideal f\u00fcr den Tageskonsum, zur Stimulierung von Kreativit\u00e4t, Konzentration und Stimmung. Ihre Potenz ist hoch (oft 20\u201325 % THC) und ihr aromatisches Profil ist unverwechselbar, dominiert von intensiven und stechenden Noten von <strong>Dieselkraftstoff und Erde<\/strong>, erg\u00e4nzt durch zitrusartige und saure Untert\u00f6ne.<\/p>\n<p data-start=\"000\" data-end=\"000\" class=\"translation-block\"><strong>Morphologie der Pflanze.<\/strong> Sour Diesel entwickelt eine Pflanze mit einem klaren Sativa-Muster: hoch, mit einer schlanken Struktur und einem kr\u00e4ftigen Wachstum, das sich w\u00e4hrend der Bl\u00fcte stark streckt. Sie weist eine gute seitliche Verzweigung auf, die bei richtiger Pflege \u00fcppige Ernten tragen kann. Ihre Bl\u00e4tter sind d\u00fcnner und hellgr\u00fcn, was typisch f\u00fcr Sativas ist. Aufgrund ihrer potenziellen H\u00f6he (sie kann im Freien \u00fcber 2 Meter erreichen) ist sie eher f\u00fcr <strong>Z\u00fcchter mit etwas Erfahrung<\/strong> geeignet, die ihre gro\u00dfe Gr\u00f6\u00dfe bew\u00e4ltigen k\u00f6nnen.<\/p>\n<p data-start=\"000\" data-end=\"000\" class=\"translation-block\"><strong>Aussehen der Bl\u00fcte.<\/strong> Die Knospen von Sour Diesel sind mittelgro\u00df bis gro\u00df, mit einer etwas luftigeren Struktur als Indicas, aber dennoch bemerkenswert dicht und frostig. Sie sind mit einer dicken Schicht gl\u00e4nzender Trichome bedeckt, die ihre hohe Potenz bezeugen. Die Stempel sind lang und von einer leuchtend orangefarbenen Farbe. Das Aroma von Treibstoff und Zitrusfr\u00fcchten ist potent und durchdringend. Beim Rauchen ist der Rauch dicht und der Geschmack von Diesel und Gew\u00fcrzen verbleibt am Gaumen. Ihre Wirkung ist ein anregender und energetischer Rausch, der stundenlang anh\u00e4lt.<\/p>\n<h3>Anbautipps<\/h3>\n<ul>\n<li data-start=\"000\" data-end=\"000\" class=\"translation-block\"><strong>Welche Trainingstechniken funktionieren am besten mit Sour Diesel?<\/strong><br>\nAufgrund ihrer Streckneigung ist der Einsatz von H\u00f6henkontrolltechniken im Innenbereich nahezu obligatorisch, wie zum Beispiel <strong>SCROG (Screen of Green)<\/strong>, um ein horizontales Wachstum zu erzwingen und den Lichtraum zu maximieren. Apikaler Beschnitt und LST (Low Stress Training) sind sehr effektiv.<\/li>\n<li data-start=\"000\" data-end=\"000\"><strong>Welche Trainingsmethoden funktionieren am besten mit Sour Diesel?<\/strong><br \/>\nAufgrund seiner Tendenz, sich zu dehnen, ist der Einsatz von H\u00f6henkontrolltechniken in Innenr\u00e4umen wie dem <strong>SCROG (Screen of Green)<\/strong> um horizontales Wachstum zu erzwingen und den Lichtraum zu maximieren. Apikalschnitt und LST (Low Stress Training) sind sehr effektiv.<\/li>\n<li data-start=\"000\" data-end=\"000\"><strong>Welche Art von D\u00fcngung braucht Sour Diesel?<\/strong><br \/>\nSie hat einen m\u00e4\u00dfigen N\u00e4hrstoffbedarf. Ben\u00f6tigt eine <strong>ausreichende Menge an Stickstoff<\/strong> im vegetativen Stadium. In der Bl\u00fctezeit sollte der Fokus auf <strong>Phosphor und Kalium<\/strong>. Sie reagiert empfindlich auf \u00dcberd\u00fcngung, daher wird eine moderate und organische D\u00fcngung empfohlen.<\/li>\n<li data-start=\"000\" data-end=\"000\"><strong>Wie sollten Bew\u00e4sserung und Feuchtigkeit f\u00fcr Sour Diesel sein?<\/strong><br \/>\nDie Bew\u00e4sserung sollte <strong>regelm\u00e4\u00dfig, damit der Untergrund austrocknen kann<\/strong> zwischen den Zyklen. Die relative Luftfeuchtigkeit sollte aufrechterhalten werden <strong>niedrig<\/strong> in der Bl\u00fctephase (idealerweise 40%), vor allem wegen seiner Knospenstruktur, um Schimmel zu vermeiden.<\/li>\n<li data-start=\"000\" data-end=\"000\"><strong>Ist es notwendig, die Sour Diesel Pflanze zu beschneiden?<\/strong><br \/>\nJa, es ist sehr empfehlenswert. A <strong>Sanierungsschnitt<\/strong> o <strong>_Lollipopping_.<\/strong> um niedrige Triebe und Zweige zu entfernen, die kein Licht erhalten. Ein Pflegeschnitt hilft auch, eine gute Luftzirkulation zu erhalten.<\/li>\n<\/ul>","protected":false},"excerpt":{"rendered":"<p>Sour Diesel ist eine legend\u00e4re Sativa-Dominante, die einen erhebenden und euphorischen zerebralen Rausch erzeugt, der perfekt f\u00fcr den Tagesgebrauch und die Kreativit\u00e4t ist. Ihr aromatisches Profil ist unverkennbar, mit intensiven Noten von Dieselkraftstoff und Zitrusfr\u00fcchten, und obwohl sie hoch w\u00e4chst, wird sie f\u00fcr ihre dichten, potenten Knospen gesch\u00e4tzt.<\/p>","protected":false},"featured_media":2732,"template":"","meta":{"_acf_changed":false,"inline_featured_image":false,"_wp_applaud_exclude":false},"product_brand":[194],"product_cat":[22],"product_tag":[],"class_list":{"0":"post-2571","1":"product","2":"type-product","3":"status-publish","4":"has-post-thumbnail","6":"product_brand-bluedog-genetics","7":"product_cat-feminizadas","9":"first","10":"instock","11":"taxable","12":"shipping-taxable","13":"purchasable","14":"product-type-variable"},"acf":{"sticker":"https:\/\/bluedoggenetics.com\/wp-content\/uploads\/2025\/07\/Sour-Diesel-Sticker-Bluedog-Genetics.webp","family_tree":"<ul>\n<li><a href=\"#\">Sour Diesel<\/a>\n<ul>\n<li><a href=\"#\">Original Diesel<\/a>\n<ul>\n<li><a href=\"#\">Chemdawg<\/a>\n<ul>\n<li><a href=\"#\">Unknown Hybrid<\/a><\/li>\n<\/ul>\n<\/li>\n<li><a href=\"#\">MassSuperSkunk x SensiNL<\/a>\n<ul>\n<li><a href=\"#\">MassSuperSkunk<\/a>\n<ul>\n<li><a href=\"#\">Super Skunk [probably: Probably]<\/a>\n<ul>\n<li><a href=\"#\">Skunk #1<\/a>\n<ul>\n<li><a href=\"#\">Skunk #1<\/a>\n<ul>\n<li><a href=\"#\">Afganist\u00e1n x Colombia<\/a>\n<ul>\n<li><a href=\"#\">Afganist\u00e1n<\/a>\n<ul>\n<li><a href=\"#\">Indica<\/a><\/li>\n<\/ul>\n<\/li>\n<li><a href=\"#\">Colombia<\/a>\n<ul>\n<li><a href=\"#\">Sativa<\/a><\/li>\n<\/ul>\n<\/li>\n<\/ul>\n<\/li>\n<li><a href=\"#\">Mexico<\/a>\n<ul>\n<li><a href=\"#\">Sativa<\/a><\/li>\n<\/ul>\n<\/li>\n<\/ul>\n<\/li>\n<\/ul>\n<\/li>\n<li><a href=\"#\">Afganist\u00e1n<\/a>\n<ul>\n<li><a href=\"#\">Indica<\/a><\/li>\n<\/ul>\n<\/li>\n<\/ul>\n<\/li>\n<\/ul>\n<\/li>\n<li><a href=\"#\">SensiNL<\/a>\n<ul>\n<li><a href=\"#\">NL #1 x NL #2 x NL #5<\/a>\n<ul>\n<li><a href=\"#\">NL #1 (IBL)<\/a>\n<ul>\n<li><a href=\"#\">Purest Indica<\/a><\/li>\n<li><a href=\"#\">Afghani [probably from Neville]<\/a>\n<ul>\n<li><a href=\"#\">Afganist\u00e1n [Probably Indica]<\/a>\n<ul>\n<li><a href=\"#\">Indica<\/a><\/li>\n<\/ul>\n<\/li>\n<\/ul>\n<\/li>\n<\/ul>\n<\/li>\n<li><a href=\"#\">NL #2<\/a><\/li>\n<li><a href=\"#\">NL #5 (#5)<\/a>\n<ul>\n<li><a href=\"#\">Purest Indica<\/a><\/li>\n<li><a href=\"#\">Hawaiian<\/a>\n<ul>\n<li><a href=\"#\">Sativa<\/a><\/li>\n<\/ul>\n<\/li>\n<\/ul>\n<\/li>\n<\/ul>\n<\/li>\n<\/ul>\n<\/li>\n<\/ul>\n<\/li>\n<\/ul>\n<\/li>\n<\/ul>\n<\/li>\n<\/ul>\n"},"yoast_head":"<!-- This site is optimized with the Yoast SEO plugin v26.5 - https:\/\/yoast.com\/wordpress\/plugins\/seo\/ -->\n<title>Comprar semillas Sour Diesel feminizadas - BLUEDOG GENETICS Seeds<\/title>\n<meta name=\"description\" content=\"Sour Diesel: La gen\u00e9tica Sativa dominante legendaria. Compra ahora semillas feminizadas con env\u00edo discreto y garant\u00eda de germinaci\u00f3n. \u00a1El mejor precio!\" \/>\n<meta name=\"robots\" content=\"index, follow, max-snippet:-1, max-image-preview:large, max-video-preview:-1\" \/>\n<link rel=\"canonical\" href=\"https:\/\/bluedoggenetics.com\/de\/produkt\/feminisierte\/saurer-diesel\/\" \/>\n<meta property=\"og:locale\" content=\"de_DE\" \/>\n<meta property=\"og:type\" content=\"article\" \/>\n<meta property=\"og:title\" content=\"Comprar semillas Sour Diesel feminizadas - BLUEDOG GENETICS Seeds\" \/>\n<meta property=\"og:description\" content=\"Sour Diesel: La gen\u00e9tica Sativa dominante legendaria. Compra ahora semillas feminizadas con env\u00edo discreto y garant\u00eda de germinaci\u00f3n. \u00a1El mejor precio!\" \/>\n<meta property=\"og:url\" content=\"https:\/\/bluedoggenetics.com\/de\/produkt\/feminisierte\/saurer-diesel\/\" \/>\n<meta property=\"og:site_name\" content=\"BLUEDOG GENETICS Seeds\" \/>\n<meta property=\"article:modified_time\" content=\"2026-04-11T13:17:05+00:00\" \/>\n<meta property=\"og:image\" content=\"https:\/\/bluedoggenetics.com\/wp-content\/uploads\/2025\/06\/Sour-Diesel-Bluedog-Genetics_11zon.webp\" \/>\n\t<meta property=\"og:image:width\" content=\"1536\" \/>\n\t<meta property=\"og:image:height\" content=\"1024\" \/>\n\t<meta property=\"og:image:type\" content=\"image\/webp\" \/>\n<meta name=\"twitter:card\" content=\"summary_large_image\" \/>\n<meta name=\"twitter:label1\" content=\"Gesch\u00e4tzte Lesezeit\" \/>\n\t<meta name=\"twitter:data1\" content=\"3\u00a0Minuten\" \/>\n<script type=\"application\/ld+json\" class=\"yoast-schema-graph\">{\"@context\":\"https:\/\/schema.org\",\"@graph\":[{\"@type\":[\"WebPage\",\"ItemPage\"],\"@id\":\"https:\/\/bluedoggenetics.com\/producto\/feminizadas\/sour-diesel\/\",\"url\":\"https:\/\/bluedoggenetics.com\/producto\/feminizadas\/sour-diesel\/\",\"name\":\"Comprar semillas Sour Diesel feminizadas - BLUEDOG GENETICS Seeds\",\"isPartOf\":{\"@id\":\"https:\/\/bluedoggenetics.com\/de\/#website\"},\"primaryImageOfPage\":{\"@id\":\"https:\/\/bluedoggenetics.com\/producto\/feminizadas\/sour-diesel\/#primaryimage\"},\"image\":{\"@id\":\"https:\/\/bluedoggenetics.com\/producto\/feminizadas\/sour-diesel\/#primaryimage\"},\"thumbnailUrl\":\"https:\/\/bluedoggenetics.com\/wp-content\/uploads\/2025\/06\/Sour-Diesel-Bluedog-Genetics_11zon.webp\",\"datePublished\":\"2025-11-25T23:28:46+00:00\",\"dateModified\":\"2026-04-11T13:17:05+00:00\",\"description\":\"Sour Diesel: La gen\u00e9tica Sativa dominante legendaria. Compra ahora semillas feminizadas con env\u00edo discreto y garant\u00eda de germinaci\u00f3n. \u00a1El mejor precio!\",\"breadcrumb\":{\"@id\":\"https:\/\/bluedoggenetics.com\/producto\/feminizadas\/sour-diesel\/#breadcrumb\"},\"inLanguage\":\"de\",\"potentialAction\":[{\"@type\":\"ReadAction\",\"target\":[\"https:\/\/bluedoggenetics.com\/producto\/feminizadas\/sour-diesel\/\"]}]},{\"@type\":\"ImageObject\",\"inLanguage\":\"de\",\"@id\":\"https:\/\/bluedoggenetics.com\/producto\/feminizadas\/sour-diesel\/#primaryimage\",\"url\":\"https:\/\/bluedoggenetics.com\/wp-content\/uploads\/2025\/06\/Sour-Diesel-Bluedog-Genetics_11zon.webp\",\"contentUrl\":\"https:\/\/bluedoggenetics.com\/wp-content\/uploads\/2025\/06\/Sour-Diesel-Bluedog-Genetics_11zon.webp\",\"width\":1536,\"height\":1024,\"caption\":\"Sour Diesel en floracion de Bluedog Genetics\"},{\"@type\":\"BreadcrumbList\",\"@id\":\"https:\/\/bluedoggenetics.com\/producto\/feminizadas\/sour-diesel\/#breadcrumb\",\"itemListElement\":[{\"@type\":\"ListItem\",\"position\":1,\"name\":\"Portada\",\"item\":\"https:\/\/bluedoggenetics.com\/\"},{\"@type\":\"ListItem\",\"position\":2,\"name\":\"Tienda\",\"item\":\"https:\/\/bluedoggenetics.com\/fr\/tienda\/\"},{\"@type\":\"ListItem\",\"position\":3,\"name\":\"Sour Diesel\"}]},{\"@type\":\"WebSite\",\"@id\":\"https:\/\/bluedoggenetics.com\/de\/#website\",\"url\":\"https:\/\/bluedoggenetics.com\/de\/\",\"name\":\"BLUEDOG GENETICS Seeds\",\"description\":\"Compara y compra las mejores semillas de cannabis. Feminizadas, Autoflorecientes, CBD.\",\"publisher\":{\"@id\":\"https:\/\/bluedoggenetics.com\/de\/#organization\"},\"alternateName\":\"BLUEDOG GENETICS\",\"potentialAction\":[{\"@type\":\"SearchAction\",\"target\":{\"@type\":\"EntryPoint\",\"urlTemplate\":\"https:\/\/bluedoggenetics.com\/de\/?s={search_term_string}\"},\"query-input\":{\"@type\":\"PropertyValueSpecification\",\"valueRequired\":true,\"valueName\":\"search_term_string\"}}],\"inLanguage\":\"de\"},{\"@type\":\"Organization\",\"@id\":\"https:\/\/bluedoggenetics.com\/de\/#organization\",\"name\":\"BLUEDOG GENETICS\",\"url\":\"https:\/\/bluedoggenetics.com\/de\/\",\"logo\":{\"@type\":\"ImageObject\",\"inLanguage\":\"de\",\"@id\":\"https:\/\/bluedoggenetics.com\/de\/#\/schema\/logo\/image\/\",\"url\":\"https:\/\/bluedoggenetics.com\/wp-content\/uploads\/2024\/11\/appIcon.png\",\"contentUrl\":\"https:\/\/bluedoggenetics.com\/wp-content\/uploads\/2024\/11\/appIcon.png\",\"width\":1024,\"height\":1024,\"caption\":\"BLUEDOG GENETICS\"},\"image\":{\"@id\":\"https:\/\/bluedoggenetics.com\/de\/#\/schema\/logo\/image\/\"},\"sameAs\":[\"https:\/\/www.instagram.com\/bluedog.genetics\/\"]}]}<\/script>\n<!-- \/ Yoast SEO plugin. -->","yoast_head_json":{"title":"Sour Diesel Samen feminisiert kaufen - BLUEDOG GENETICS Seeds","description":"Sour Diesel: Legend\u00e4re Sativa-dominante Genetik. Kaufe jetzt feminisierte Samen mit diskretem Versand und Keimungsgarantie - bester Preis!","robots":{"index":"index","follow":"follow","max-snippet":"max-snippet:-1","max-image-preview":"max-image-preview:large","max-video-preview":"max-video-preview:-1"},"canonical":"https:\/\/bluedoggenetics.com\/de\/produkt\/feminisierte\/saurer-diesel\/","og_locale":"de_DE","og_type":"article","og_title":"Comprar semillas Sour Diesel feminizadas - BLUEDOG GENETICS Seeds","og_description":"Sour Diesel: La gen\u00e9tica Sativa dominante legendaria. Compra ahora semillas feminizadas con env\u00edo discreto y garant\u00eda de germinaci\u00f3n. \u00a1El mejor precio!","og_url":"https:\/\/bluedoggenetics.com\/de\/produkt\/feminisierte\/saurer-diesel\/","og_site_name":"BLUEDOG GENETICS Seeds","article_modified_time":"2026-04-11T13:17:05+00:00","og_image":[{"width":1536,"height":1024,"url":"https:\/\/bluedoggenetics.com\/wp-content\/uploads\/2025\/06\/Sour-Diesel-Bluedog-Genetics_11zon.webp","type":"image\/webp"}],"twitter_card":"summary_large_image","twitter_misc":{"Gesch\u00e4tzte Lesezeit":"3\u00a0Minuten"},"schema":{"@context":"https:\/\/schema.org","@graph":[{"@type":["WebPage","ItemPage"],"@id":"https:\/\/bluedoggenetics.com\/producto\/feminizadas\/sour-diesel\/","url":"https:\/\/bluedoggenetics.com\/producto\/feminizadas\/sour-diesel\/","name":"Sour Diesel Samen feminisiert kaufen - BLUEDOG GENETICS Seeds","isPartOf":{"@id":"https:\/\/bluedoggenetics.com\/de\/#website"},"primaryImageOfPage":{"@id":"https:\/\/bluedoggenetics.com\/producto\/feminizadas\/sour-diesel\/#primaryimage"},"image":{"@id":"https:\/\/bluedoggenetics.com\/producto\/feminizadas\/sour-diesel\/#primaryimage"},"thumbnailUrl":"https:\/\/bluedoggenetics.com\/wp-content\/uploads\/2025\/06\/Sour-Diesel-Bluedog-Genetics_11zon.webp","datePublished":"2025-11-25T23:28:46+00:00","dateModified":"2026-04-11T13:17:05+00:00","description":"Sour Diesel: Legend\u00e4re Sativa-dominante Genetik. Kaufe jetzt feminisierte Samen mit diskretem Versand und Keimungsgarantie - bester Preis!","breadcrumb":{"@id":"https:\/\/bluedoggenetics.com\/producto\/feminizadas\/sour-diesel\/#breadcrumb"},"inLanguage":"de","potentialAction":[{"@type":"ReadAction","target":["https:\/\/bluedoggenetics.com\/producto\/feminizadas\/sour-diesel\/"]}]},{"@type":"ImageObject","inLanguage":"de","@id":"https:\/\/bluedoggenetics.com\/producto\/feminizadas\/sour-diesel\/#primaryimage","url":"https:\/\/bluedoggenetics.com\/wp-content\/uploads\/2025\/06\/Sour-Diesel-Bluedog-Genetics_11zon.webp","contentUrl":"https:\/\/bluedoggenetics.com\/wp-content\/uploads\/2025\/06\/Sour-Diesel-Bluedog-Genetics_11zon.webp","width":1536,"height":1024,"caption":"Sour Diesel en floracion de Bluedog Genetics"},{"@type":"BreadcrumbList","@id":"https:\/\/bluedoggenetics.com\/producto\/feminizadas\/sour-diesel\/#breadcrumb","itemListElement":[{"@type":"ListItem","position":1,"name":"Portada","item":"https:\/\/bluedoggenetics.com\/"},{"@type":"ListItem","position":2,"name":"Tienda","item":"https:\/\/bluedoggenetics.com\/fr\/tienda\/"},{"@type":"ListItem","position":3,"name":"Sour Diesel"}]},{"@type":"WebSite","@id":"https:\/\/bluedoggenetics.com\/de\/#website","url":"https:\/\/bluedoggenetics.com\/de\/","name":"BLUEDOG GENETICS Seeds","description":"Vergleiche und kaufe die besten Hanfsamen. Feminisiert, Autoflowering, CBD.","publisher":{"@id":"https:\/\/bluedoggenetics.com\/de\/#organization"},"alternateName":"BLUEDOG GENETICS","potentialAction":[{"@type":"SearchAction","target":{"@type":"EntryPoint","urlTemplate":"https:\/\/bluedoggenetics.com\/de\/?s={search_term_string}"},"query-input":{"@type":"PropertyValueSpecification","valueRequired":true,"valueName":"search_term_string"}}],"inLanguage":"de"},{"@type":"Organization","@id":"https:\/\/bluedoggenetics.com\/de\/#organization","name":"BLUEDOG GENETICS","url":"https:\/\/bluedoggenetics.com\/de\/","logo":{"@type":"ImageObject","inLanguage":"de","@id":"https:\/\/bluedoggenetics.com\/de\/#\/schema\/logo\/image\/","url":"https:\/\/bluedoggenetics.com\/wp-content\/uploads\/2024\/11\/appIcon.png","contentUrl":"https:\/\/bluedoggenetics.com\/wp-content\/uploads\/2024\/11\/appIcon.png","width":1024,"height":1024,"caption":"BLUEDOG GENETICS"},"image":{"@id":"https:\/\/bluedoggenetics.com\/de\/#\/schema\/logo\/image\/"},"sameAs":["https:\/\/www.instagram.com\/bluedog.genetics\/"]}]}},"sticker_url":"https:\/\/bluedoggenetics.com\/wp-content\/uploads\/2025\/07\/Sour-Diesel-Sticker-Bluedog-Genetics.webp","variations_full":[{"id":2831,"price":10,"regular_price":10,"attributes":{"attribute_cantidad":"Pack 1"},"image_src":"https:\/\/bluedoggenetics.com\/wp-content\/uploads\/2025\/06\/Sour-Diesel-Bluedog-Genetics_11zon-600x400.webp","is_in_stock":true},{"id":2832,"price":25,"regular_price":25,"attributes":{"attribute_cantidad":"Pack 3"},"image_src":"https:\/\/bluedoggenetics.com\/wp-content\/uploads\/2025\/06\/Sour-Diesel-Bluedog-Genetics_11zon-600x400.webp","is_in_stock":true},{"id":2833,"price":38,"regular_price":38,"attributes":{"attribute_cantidad":"Pack 5"},"image_src":"https:\/\/bluedoggenetics.com\/wp-content\/uploads\/2025\/06\/Sour-Diesel-Bluedog-Genetics_11zon-600x400.webp","is_in_stock":true},{"id":2834,"price":69,"regular_price":69,"attributes":{"attribute_cantidad":"Pack 10"},"image_src":"https:\/\/bluedoggenetics.com\/wp-content\/uploads\/2025\/06\/Sour-Diesel-Bluedog-Genetics_11zon-600x400.webp","is_in_stock":true}],"jetpack_sharing_enabled":true,"_links":{"self":[{"href":"https:\/\/bluedoggenetics.com\/de\/wp-json\/wp\/v2\/product\/2571","targetHints":{"allow":["GET"]}}],"collection":[{"href":"https:\/\/bluedoggenetics.com\/de\/wp-json\/wp\/v2\/product"}],"about":[{"href":"https:\/\/bluedoggenetics.com\/de\/wp-json\/wp\/v2\/types\/product"}],"wp:featuredmedia":[{"embeddable":true,"href":"https:\/\/bluedoggenetics.com\/de\/wp-json\/wp\/v2\/media\/2732"}],"wp:attachment":[{"href":"https:\/\/bluedoggenetics.com\/de\/wp-json\/wp\/v2\/media?parent=2571"}],"wp:term":[{"taxonomy":"product_brand","embeddable":true,"href":"https:\/\/bluedoggenetics.com\/de\/wp-json\/wp\/v2\/product_brand?post=2571"},{"taxonomy":"product_cat","embeddable":true,"href":"https:\/\/bluedoggenetics.com\/de\/wp-json\/wp\/v2\/product_cat?post=2571"},{"taxonomy":"product_tag","embeddable":true,"href":"https:\/\/bluedoggenetics.com\/de\/wp-json\/wp\/v2\/product_tag?post=2571"}],"curies":[{"name":"wp","href":"https:\/\/api.w.org\/{rel}","templated":true}]}}