{"id":2568,"date":"2025-11-20T18:03:35","date_gmt":"2025-11-20T17:03:35","guid":{"rendered":"https:\/\/bluedoggenetics.com\/?post_type=product&#038;p=2568"},"modified":"2026-04-11T15:17:02","modified_gmt":"2026-04-11T13:17:02","slug":"oreoz-cookies-cannabis-samen","status":"publish","type":"product","link":"https:\/\/bluedoggenetics.com\/de\/produkt\/feminisierte\/oreoz-cookies-cannabis-samen\/","title":{"rendered":"Oreoz Cookies"},"content":{"rendered":"<p data-start=\"530\" data-end=\"1084\" class=\"translation-block\"><strong data-start=\"530\" data-end=\"547\">Oreoz Cookies<\/strong> ist eine feminisierte Gourmet-Sorte, die <strong>extrem hohe Potenz mit einem tiefen und s\u00fcchtig machenden Geschmack kombiniert.<\/strong> Jeder Zug offenbart eine k\u00f6stliche Mischung aus Schokoladenkeks, s\u00fc\u00dfer Vanille und erdigen Nuancen in dichtem, cremigem Rauch. Diese Genetik ist nicht nur ein Genuss f\u00fcr die Sinne, sondern auch ein Kraftpaket in Bezug auf Wirkung: Sie liefert einen schnellen und umfassenden Rausch, der sich in tiefe k\u00f6rperliche Entspannung entwickelt. Sie ist ideal <strong>f\u00fcr Verbraucher mit hoher Toleranz<\/strong>, die ein intensives Erlebnis am Ende des Tages suchen.<\/p>\n<p data-start=\"1115\" data-end=\"1499\" class=\"translation-block\"><strong>Pflanzenmorphologie.<\/strong> Oreoz Cookies entwickelt eine mittelgro\u00dfe Pflanze mit <strong>kompakter und stabiler Struktur.<\/strong> Ihr Wachstum ist kr\u00e4ftig, mit starken Seiten\u00e4sten und guter Verzweigung. Sie hat einen kurzen Internodienabstand und reagiert gut auf Beschneidung und Training. Die Bl\u00e4tter sind breit und tief dunkelgr\u00fcn, und ihr Gesamterscheinungsbild erm\u00f6glicht eine problemlose Kultivierung sowohl im Innen- als auch im Au\u00dfenbereich.<\/p>\n<p data-start=\"1525\" data-end=\"1956\" class=\"translation-block\"><strong>Bl\u00fctenerscheinung.<\/strong> Die Bl\u00fcten von Oreoz Cookies sind dicht, sehr kompakt und mit einer beeindruckenden Harzschicht bedeckt. Sie zeigen dunkle T\u00f6ne, manchmal mit violetten Akzenten, und leuchtend orangefarbene Stempel, die einen Kontrast zur harzigen Masse bilden. Ihr Aroma beim Aufbrechen ist berauschend: eine intensive Mischung aus Schokoladenkeks, s\u00fc\u00dfer Creme und Kush-Noten. Diese Sorte ist <strong>perfekt f\u00fcr Extraktionen<\/strong> aufgrund ihres sehr hohen Trichomgehalts.<\/p>\n<h3 data-start=\"1958\" data-end=\"1966\">Anbautipps<\/h3>\n<ul>\n<li data-start=\"1968\" data-end=\"2226\" class=\"translation-block\"><strong data-start=\"1968\" data-end=\"2024\">Welches ist das ideale Klima f\u00fcr den Anbau von Oreoz Cookies?<\/strong><br data-start=\"2024\" data-end=\"2027\">Sie passt sich gut an gem\u00e4\u00dfigte und trockene Klimazonen mit guter Bel\u00fcftung an. Im Freien bevorzugt sie lange, sonnige Sommer, w\u00e4hrend sie im Innenbereich problemlos gedeihen kann, wenn die Luftfeuchtigkeit kontrolliert wird.<\/li>\n<li data-start=\"2228\" data-end=\"2461\" class=\"translation-block\"><strong data-start=\"2228\" data-end=\"2297\">Welche Trainingstechniken funktionieren am besten bei Oreoz Cookies?<\/strong><br data-start=\"2297\" data-end=\"2300\">Sie reagiert sehr gut auf Topping, LST und moderate Entlaubung. Ihre kompakte Struktur erm\u00f6glicht es, sie leicht zu formen, um die Lichtdurchdringung und den Ertrag zu verbessern.<\/li>\n<li data-start=\"2463\" data-end=\"2745\" class=\"translation-block\"><strong data-start=\"2463\" data-end=\"2517\">Welche D\u00fcngung ben\u00f6tigt Oreoz Cookies?<\/strong><br data-start=\"2517\" data-end=\"2520\">Sie ben\u00f6tigt eine mittel-hohe N\u00e4hrstoffversorgung. In der Wachstumsphase profitiert sie von gut dosiertem Stickstoff, und w\u00e4hrend der Bl\u00fcte von einer gro\u00dfz\u00fcgigen Zufuhr von Phosphor, Kalium und Mikron\u00e4hrstoffen, um die Harzbildung zu f\u00f6rdern.<\/li>\n<li data-start=\"2747\" data-end=\"3006\" class=\"translation-block\"><strong data-start=\"2747\" data-end=\"2807\">Wie sollten Bew\u00e4sserung und Luftfeuchtigkeit bei Oreoz Cookies sein?<\/strong><br data-start=\"2807\" data-end=\"2810\">Sie bevorzugt m\u00e4\u00dfige Bew\u00e4sserung mit guter Drainage. W\u00e4hrend der Bl\u00fcte ist es entscheidend, die Luftfeuchtigkeit unter 50\u202f% zu halten, um Botrytis zu vermeiden und die Harzqualit\u00e4t zu verbessern. Luftzirkulation ist der Schl\u00fcssel.<\/li>\n<li data-start=\"3008\" data-end=\"3241\" class=\"translation-block\"><strong data-start=\"3008\" data-end=\"3056\">Ist es notwendig, die Oreoz Cookies Pflanze zu beschneiden?<\/strong><br data-start=\"3056\" data-end=\"3059\">Ja, besonders im Innenbereich. Das Beschneiden der unteren \u00c4ste und gro\u00dfen Bl\u00e4tter verbessert die Luftzirkulation und Lichtdurchdringung und f\u00f6rdert die Entwicklung dichter Bl\u00fcten an der Oberseite.<\/li>\n<\/ul>","protected":false},"excerpt":{"rendered":"<p data-start=\"257\" data-end=\"476\"><strong data-start=\"257\" data-end=\"274\">Oreoz Cookies<\/strong> es una variedad feminizada intensa, con sabores a galleta cremosa, chocolate y vainilla. Sus cogollos ultra resinosos y su efecto potente la convierten en una elecci\u00f3n perfecta para usuarios exigentes.<\/p>","protected":false},"featured_media":2618,"template":"","meta":{"_acf_changed":false,"inline_featured_image":false,"_wp_applaud_exclude":false},"product_brand":[194],"product_cat":[22],"product_tag":[],"class_list":{"0":"post-2568","1":"product","2":"type-product","3":"status-publish","4":"has-post-thumbnail","6":"product_brand-bluedog-genetics","7":"product_cat-feminizadas","9":"first","10":"instock","11":"taxable","12":"shipping-taxable","13":"purchasable","14":"product-type-variable"},"acf":{"sticker":"https:\/\/bluedoggenetics.com\/wp-content\/uploads\/2025\/07\/Oreoz-Cookies-Sticker_11zon_11zon.webp","family_tree":"<ul>\n<li><a href=\"https:\/\/bluedoggenetics.com\/blog-tu-jardin-cannabico-cultivar-marihuana\/\" target=\"_blank\" rel=\"noopener\">Oreoz Cookies<\/a>\n<ul>\n<li><a href=\"https:\/\/seedfinder.eu\/en\/strain-info\/oooze\/unknown-or-legendary\" target=\"_blank\" rel=\"noopener\">Oreoz<\/a>\n<ul>\n<li><a href=\"https:\/\/seedfinder.eu\/en\/strain-info\/cookies-and-cream\/exotic-genetix\" target=\"_blank\" rel=\"noopener\">Cookies &amp; Cream<\/a>\n<ul>\n<li><a href=\"https:\/\/seedfinder.eu\/en\/strain-info\/starfighter-f2\/exotic-genetix\" target=\"_blank\" rel=\"noopener\">Starfighter<\/a><\/li>\n<li><a href=\"https:\/\/seedfinder.eu\/en\/strain-info\/girl-scout-cookies\/clone-only-strains\" target=\"_blank\" rel=\"noopener\">Girl Scout Cookies<\/a>\n<ul>\n<li><a href=\"https:\/\/seedfinder.eu\/en\/strain-info\/og-kush\/clone-only-strains\" target=\"_blank\" rel=\"noopener\">OG Kush<\/a><\/li>\n<li><a href=\"https:\/\/seedfinder.eu\/en\/strain-info\/durban-poison\/unknown-or-legendary\" target=\"_blank\" rel=\"noopener\">Durban Poison<\/a><\/li>\n<\/ul>\n<\/li>\n<\/ul>\n<\/li>\n<li><a href=\"https:\/\/seedfinder.eu\/en\/strain-info\/secret-weapon\/in-house-genetics\" target=\"_blank\" rel=\"noopener\">Secret Weapon<\/a>\n<ul>\n<li><a href=\"https:\/\/seedfinder.eu\/en\/strain-info\/chemdog\/unknown-or-legendary\" target=\"_blank\" rel=\"noopener\">Chemdawg<\/a><\/li>\n<li><a href=\"https:\/\/seedfinder.eu\/en\/strain-info\/the-white\/clone-only-strains\" target=\"_blank\" rel=\"noopener\">The White<\/a><\/li>\n<\/ul>\n<\/li>\n<\/ul>\n<\/li>\n<li><a href=\"https:\/\/seedfinder.eu\/en\/strain-info\/girl-scout-cookies\/clone-only-strains\" target=\"_blank\" rel=\"noopener\">Girl Scout Cookies<\/a>\n<ul>\n<li><a href=\"https:\/\/seedfinder.eu\/en\/strain-info\/og-kush\/clone-only-strains\" target=\"_blank\" rel=\"noopener\">OG Kush<\/a><\/li>\n<li><a href=\"https:\/\/seedfinder.eu\/en\/strain-info\/durban-poison\/unknown-or-legendary\" target=\"_blank\" rel=\"noopener\">Durban Poison<\/a><\/li>\n<\/ul>\n<\/li>\n<\/ul>\n<\/li>\n<\/ul>\n"},"yoast_head":"<!-- This site is optimized with the Yoast SEO plugin v26.5 - https:\/\/yoast.com\/wordpress\/plugins\/seo\/ -->\n<title>Semillas de marihuana Oreoz Cookies feminizadas | Alta resina - BLUEDOG GENETICS Seeds<\/title>\n<meta name=\"description\" content=\"Oreoz Cookies es una variedad feminizada potente, con sabor a galleta cremosa y una capa de resina brutal. Perfecta para extracciones y efectos intensos.\" \/>\n<meta name=\"robots\" content=\"index, follow, max-snippet:-1, max-image-preview:large, max-video-preview:-1\" \/>\n<link rel=\"canonical\" href=\"https:\/\/bluedoggenetics.com\/de\/produkt\/feminisierte\/oreoz-cookies-cannabis-samen\/\" \/>\n<meta property=\"og:locale\" content=\"de_DE\" \/>\n<meta property=\"og:type\" content=\"article\" \/>\n<meta property=\"og:title\" content=\"Semillas de marihuana Oreoz Cookies feminizadas | Alta resina - BLUEDOG GENETICS Seeds\" \/>\n<meta property=\"og:description\" content=\"Oreoz Cookies es una variedad feminizada potente, con sabor a galleta cremosa y una capa de resina brutal. Perfecta para extracciones y efectos intensos.\" \/>\n<meta property=\"og:url\" content=\"https:\/\/bluedoggenetics.com\/de\/produkt\/feminisierte\/oreoz-cookies-cannabis-samen\/\" \/>\n<meta property=\"og:site_name\" content=\"BLUEDOG GENETICS Seeds\" \/>\n<meta property=\"article:modified_time\" content=\"2026-04-11T13:17:02+00:00\" \/>\n<meta property=\"og:image\" content=\"https:\/\/bluedoggenetics.com\/wp-content\/uploads\/2025\/07\/Oreoz-Cookes-Bluedog-Genetics_11zon.webp\" \/>\n\t<meta property=\"og:image:width\" content=\"1536\" \/>\n\t<meta property=\"og:image:height\" content=\"1024\" \/>\n\t<meta property=\"og:image:type\" content=\"image\/webp\" \/>\n<meta name=\"twitter:card\" content=\"summary_large_image\" \/>\n<meta name=\"twitter:label1\" content=\"Gesch\u00e4tzte Lesezeit\" \/>\n\t<meta name=\"twitter:data1\" content=\"3\u00a0Minuten\" \/>\n<script type=\"application\/ld+json\" class=\"yoast-schema-graph\">{\"@context\":\"https:\/\/schema.org\",\"@graph\":[{\"@type\":[\"WebPage\",\"ItemPage\"],\"@id\":\"https:\/\/bluedoggenetics.com\/producto\/feminizadas\/semillas-de-marihuana-oreoz-cookies\/\",\"url\":\"https:\/\/bluedoggenetics.com\/producto\/feminizadas\/semillas-de-marihuana-oreoz-cookies\/\",\"name\":\"Semillas de marihuana Oreoz Cookies feminizadas | Alta resina - BLUEDOG GENETICS Seeds\",\"isPartOf\":{\"@id\":\"https:\/\/bluedoggenetics.com\/de\/#website\"},\"primaryImageOfPage\":{\"@id\":\"https:\/\/bluedoggenetics.com\/producto\/feminizadas\/semillas-de-marihuana-oreoz-cookies\/#primaryimage\"},\"image\":{\"@id\":\"https:\/\/bluedoggenetics.com\/producto\/feminizadas\/semillas-de-marihuana-oreoz-cookies\/#primaryimage\"},\"thumbnailUrl\":\"https:\/\/bluedoggenetics.com\/wp-content\/uploads\/2025\/07\/Oreoz-Cookes-Bluedog-Genetics_11zon.webp\",\"datePublished\":\"2025-11-20T17:03:35+00:00\",\"dateModified\":\"2026-04-11T13:17:02+00:00\",\"description\":\"Oreoz Cookies es una variedad feminizada potente, con sabor a galleta cremosa y una capa de resina brutal. Perfecta para extracciones y efectos intensos.\",\"breadcrumb\":{\"@id\":\"https:\/\/bluedoggenetics.com\/producto\/feminizadas\/semillas-de-marihuana-oreoz-cookies\/#breadcrumb\"},\"inLanguage\":\"de\",\"potentialAction\":[{\"@type\":\"ReadAction\",\"target\":[\"https:\/\/bluedoggenetics.com\/producto\/feminizadas\/semillas-de-marihuana-oreoz-cookies\/\"]}]},{\"@type\":\"ImageObject\",\"inLanguage\":\"de\",\"@id\":\"https:\/\/bluedoggenetics.com\/producto\/feminizadas\/semillas-de-marihuana-oreoz-cookies\/#primaryimage\",\"url\":\"https:\/\/bluedoggenetics.com\/wp-content\/uploads\/2025\/07\/Oreoz-Cookes-Bluedog-Genetics_11zon.webp\",\"contentUrl\":\"https:\/\/bluedoggenetics.com\/wp-content\/uploads\/2025\/07\/Oreoz-Cookes-Bluedog-Genetics_11zon.webp\",\"width\":1536,\"height\":1024,\"caption\":\"Oreoz Cookies de Bluedog Genetics en floracion\"},{\"@type\":\"BreadcrumbList\",\"@id\":\"https:\/\/bluedoggenetics.com\/producto\/feminizadas\/semillas-de-marihuana-oreoz-cookies\/#breadcrumb\",\"itemListElement\":[{\"@type\":\"ListItem\",\"position\":1,\"name\":\"Portada\",\"item\":\"https:\/\/bluedoggenetics.com\/\"},{\"@type\":\"ListItem\",\"position\":2,\"name\":\"Tienda\",\"item\":\"https:\/\/bluedoggenetics.com\/fr\/tienda\/\"},{\"@type\":\"ListItem\",\"position\":3,\"name\":\"Oreoz Cookies\"}]},{\"@type\":\"WebSite\",\"@id\":\"https:\/\/bluedoggenetics.com\/de\/#website\",\"url\":\"https:\/\/bluedoggenetics.com\/de\/\",\"name\":\"BLUEDOG GENETICS Seeds\",\"description\":\"Compara y compra las mejores semillas de cannabis. Feminizadas, Autoflorecientes, CBD.\",\"publisher\":{\"@id\":\"https:\/\/bluedoggenetics.com\/de\/#organization\"},\"alternateName\":\"BLUEDOG GENETICS\",\"potentialAction\":[{\"@type\":\"SearchAction\",\"target\":{\"@type\":\"EntryPoint\",\"urlTemplate\":\"https:\/\/bluedoggenetics.com\/de\/?s={search_term_string}\"},\"query-input\":{\"@type\":\"PropertyValueSpecification\",\"valueRequired\":true,\"valueName\":\"search_term_string\"}}],\"inLanguage\":\"de\"},{\"@type\":\"Organization\",\"@id\":\"https:\/\/bluedoggenetics.com\/de\/#organization\",\"name\":\"BLUEDOG GENETICS\",\"url\":\"https:\/\/bluedoggenetics.com\/de\/\",\"logo\":{\"@type\":\"ImageObject\",\"inLanguage\":\"de\",\"@id\":\"https:\/\/bluedoggenetics.com\/de\/#\/schema\/logo\/image\/\",\"url\":\"https:\/\/bluedoggenetics.com\/wp-content\/uploads\/2024\/11\/appIcon.png\",\"contentUrl\":\"https:\/\/bluedoggenetics.com\/wp-content\/uploads\/2024\/11\/appIcon.png\",\"width\":1024,\"height\":1024,\"caption\":\"BLUEDOG GENETICS\"},\"image\":{\"@id\":\"https:\/\/bluedoggenetics.com\/de\/#\/schema\/logo\/image\/\"},\"sameAs\":[\"https:\/\/www.instagram.com\/bluedog.genetics\/\"]}]}<\/script>\n<!-- \/ Yoast SEO plugin. -->","yoast_head_json":{"title":"Feminisierte Oreoz Cookies Cannabissamen | Hoher Harzgehalt - BLUEDOG GENETICS Seeds","description":"Oreoz Cookies ist eine potente feminisierte Sorte mit cremigen Keksaromen und einer dicken Harzschicht. Perfekt f\u00fcr Extraktionen und intensive Effekte.","robots":{"index":"index","follow":"follow","max-snippet":"max-snippet:-1","max-image-preview":"max-image-preview:large","max-video-preview":"max-video-preview:-1"},"canonical":"https:\/\/bluedoggenetics.com\/de\/produkt\/feminisierte\/oreoz-cookies-cannabis-samen\/","og_locale":"de_DE","og_type":"article","og_title":"Semillas de marihuana Oreoz Cookies feminizadas | Alta resina - BLUEDOG GENETICS Seeds","og_description":"Oreoz Cookies es una variedad feminizada potente, con sabor a galleta cremosa y una capa de resina brutal. Perfecta para extracciones y efectos intensos.","og_url":"https:\/\/bluedoggenetics.com\/de\/produkt\/feminisierte\/oreoz-cookies-cannabis-samen\/","og_site_name":"BLUEDOG GENETICS Seeds","article_modified_time":"2026-04-11T13:17:02+00:00","og_image":[{"width":1536,"height":1024,"url":"https:\/\/bluedoggenetics.com\/wp-content\/uploads\/2025\/07\/Oreoz-Cookes-Bluedog-Genetics_11zon.webp","type":"image\/webp"}],"twitter_card":"summary_large_image","twitter_misc":{"Gesch\u00e4tzte Lesezeit":"3\u00a0Minuten"},"schema":{"@context":"https:\/\/schema.org","@graph":[{"@type":["WebPage","ItemPage"],"@id":"https:\/\/bluedoggenetics.com\/producto\/feminizadas\/semillas-de-marihuana-oreoz-cookies\/","url":"https:\/\/bluedoggenetics.com\/producto\/feminizadas\/semillas-de-marihuana-oreoz-cookies\/","name":"Feminisierte Oreoz Cookies Cannabissamen | Hoher Harzgehalt - BLUEDOG GENETICS Seeds","isPartOf":{"@id":"https:\/\/bluedoggenetics.com\/de\/#website"},"primaryImageOfPage":{"@id":"https:\/\/bluedoggenetics.com\/producto\/feminizadas\/semillas-de-marihuana-oreoz-cookies\/#primaryimage"},"image":{"@id":"https:\/\/bluedoggenetics.com\/producto\/feminizadas\/semillas-de-marihuana-oreoz-cookies\/#primaryimage"},"thumbnailUrl":"https:\/\/bluedoggenetics.com\/wp-content\/uploads\/2025\/07\/Oreoz-Cookes-Bluedog-Genetics_11zon.webp","datePublished":"2025-11-20T17:03:35+00:00","dateModified":"2026-04-11T13:17:02+00:00","description":"Oreoz Cookies ist eine potente feminisierte Sorte mit cremigen Keksaromen und einer dicken Harzschicht. Perfekt f\u00fcr Extraktionen und intensive Effekte.","breadcrumb":{"@id":"https:\/\/bluedoggenetics.com\/producto\/feminizadas\/semillas-de-marihuana-oreoz-cookies\/#breadcrumb"},"inLanguage":"de","potentialAction":[{"@type":"ReadAction","target":["https:\/\/bluedoggenetics.com\/producto\/feminizadas\/semillas-de-marihuana-oreoz-cookies\/"]}]},{"@type":"ImageObject","inLanguage":"de","@id":"https:\/\/bluedoggenetics.com\/producto\/feminizadas\/semillas-de-marihuana-oreoz-cookies\/#primaryimage","url":"https:\/\/bluedoggenetics.com\/wp-content\/uploads\/2025\/07\/Oreoz-Cookes-Bluedog-Genetics_11zon.webp","contentUrl":"https:\/\/bluedoggenetics.com\/wp-content\/uploads\/2025\/07\/Oreoz-Cookes-Bluedog-Genetics_11zon.webp","width":1536,"height":1024,"caption":"Oreoz Cookies de Bluedog Genetics en floracion"},{"@type":"BreadcrumbList","@id":"https:\/\/bluedoggenetics.com\/producto\/feminizadas\/semillas-de-marihuana-oreoz-cookies\/#breadcrumb","itemListElement":[{"@type":"ListItem","position":1,"name":"Portada","item":"https:\/\/bluedoggenetics.com\/"},{"@type":"ListItem","position":2,"name":"Tienda","item":"https:\/\/bluedoggenetics.com\/fr\/tienda\/"},{"@type":"ListItem","position":3,"name":"Oreoz Cookies"}]},{"@type":"WebSite","@id":"https:\/\/bluedoggenetics.com\/de\/#website","url":"https:\/\/bluedoggenetics.com\/de\/","name":"BLUEDOG GENETICS Seeds","description":"Vergleiche und kaufe die besten Hanfsamen. Feminisiert, Autoflowering, CBD.","publisher":{"@id":"https:\/\/bluedoggenetics.com\/de\/#organization"},"alternateName":"BLUEDOG GENETICS","potentialAction":[{"@type":"SearchAction","target":{"@type":"EntryPoint","urlTemplate":"https:\/\/bluedoggenetics.com\/de\/?s={search_term_string}"},"query-input":{"@type":"PropertyValueSpecification","valueRequired":true,"valueName":"search_term_string"}}],"inLanguage":"de"},{"@type":"Organization","@id":"https:\/\/bluedoggenetics.com\/de\/#organization","name":"BLUEDOG GENETICS","url":"https:\/\/bluedoggenetics.com\/de\/","logo":{"@type":"ImageObject","inLanguage":"de","@id":"https:\/\/bluedoggenetics.com\/de\/#\/schema\/logo\/image\/","url":"https:\/\/bluedoggenetics.com\/wp-content\/uploads\/2024\/11\/appIcon.png","contentUrl":"https:\/\/bluedoggenetics.com\/wp-content\/uploads\/2024\/11\/appIcon.png","width":1024,"height":1024,"caption":"BLUEDOG GENETICS"},"image":{"@id":"https:\/\/bluedoggenetics.com\/de\/#\/schema\/logo\/image\/"},"sameAs":["https:\/\/www.instagram.com\/bluedog.genetics\/"]}]}},"sticker_url":"https:\/\/bluedoggenetics.com\/wp-content\/uploads\/2025\/07\/Oreoz-Cookies-Sticker_11zon_11zon.webp","variations_full":[{"id":2693,"price":13,"regular_price":13,"attributes":{"attribute_cantidad":"Pack 1"},"image_src":"https:\/\/bluedoggenetics.com\/wp-content\/uploads\/2025\/07\/Oreoz-Cookes-Bluedog-Genetics_11zon-600x400.webp","is_in_stock":true},{"id":2694,"price":33,"regular_price":33,"attributes":{"attribute_cantidad":"Pack 3"},"image_src":"https:\/\/bluedoggenetics.com\/wp-content\/uploads\/2025\/07\/Oreoz-Cookes-Bluedog-Genetics_11zon-600x400.webp","is_in_stock":true},{"id":2695,"price":48,"regular_price":48,"attributes":{"attribute_cantidad":"Pack 5"},"image_src":"https:\/\/bluedoggenetics.com\/wp-content\/uploads\/2025\/07\/Oreoz-Cookes-Bluedog-Genetics_11zon-600x400.webp","is_in_stock":true},{"id":2696,"price":84,"regular_price":84,"attributes":{"attribute_cantidad":"Pack 10"},"image_src":"https:\/\/bluedoggenetics.com\/wp-content\/uploads\/2025\/07\/Oreoz-Cookes-Bluedog-Genetics_11zon-600x400.webp","is_in_stock":true}],"jetpack_sharing_enabled":true,"_links":{"self":[{"href":"https:\/\/bluedoggenetics.com\/de\/wp-json\/wp\/v2\/product\/2568","targetHints":{"allow":["GET"]}}],"collection":[{"href":"https:\/\/bluedoggenetics.com\/de\/wp-json\/wp\/v2\/product"}],"about":[{"href":"https:\/\/bluedoggenetics.com\/de\/wp-json\/wp\/v2\/types\/product"}],"wp:featuredmedia":[{"embeddable":true,"href":"https:\/\/bluedoggenetics.com\/de\/wp-json\/wp\/v2\/media\/2618"}],"wp:attachment":[{"href":"https:\/\/bluedoggenetics.com\/de\/wp-json\/wp\/v2\/media?parent=2568"}],"wp:term":[{"taxonomy":"product_brand","embeddable":true,"href":"https:\/\/bluedoggenetics.com\/de\/wp-json\/wp\/v2\/product_brand?post=2568"},{"taxonomy":"product_cat","embeddable":true,"href":"https:\/\/bluedoggenetics.com\/de\/wp-json\/wp\/v2\/product_cat?post=2568"},{"taxonomy":"product_tag","embeddable":true,"href":"https:\/\/bluedoggenetics.com\/de\/wp-json\/wp\/v2\/product_tag?post=2568"}],"curies":[{"name":"wp","href":"https:\/\/api.w.org\/{rel}","templated":true}]}}