{"id":2567,"date":"2025-11-22T21:24:47","date_gmt":"2025-11-22T20:24:47","guid":{"rendered":"https:\/\/bluedoggenetics.com\/?post_type=product&#038;p=2567"},"modified":"2026-04-11T15:17:02","modified_gmt":"2026-04-11T13:17:02","slug":"jungle-mintz-marijuana-samen","status":"publish","type":"product","link":"https:\/\/bluedoggenetics.com\/de\/produkt\/feminisierte\/jungle-mintz-marijuana-samen\/","title":{"rendered":"Jungle Mintz"},"content":{"rendered":"<p data-start=\"385\" data-end=\"759\" class=\"translation-block\">Jungle Mintz zeichnet sich durch sein einzigartiges Aromaprofil aus, das <strong>frische Minznoten mit einem erdigen und leicht s\u00fc\u00dfen Hintergrund<\/strong> kombiniert. Die Wirkung ist ausgewogen und verbindet geistige Klarheit mit k\u00f6rperlicher Entspannung \u2013 perfekt f\u00fcr den t\u00e4glichen oder sozialen Gebrauch. Diese Sorte eignet sich sowohl f\u00fcr Anf\u00e4nger als auch f\u00fcr erfahrene Anbauer und passt sich gut an verschiedene Anbaumethoden und Bedingungen an.<\/p>\n<p data-start=\"790\" data-end=\"1115\" class=\"translation-block\"><strong>Morphologie der Pflanze.<\/strong> Die Jungle Mintz-Pflanze weist eine kr\u00e4ftige, gut verzweigte Struktur mit mittelgro\u00dfen Bl\u00e4ttern in einem intensiven Gr\u00fcn auf. Ihr Wuchs ist kompakt bis mittelgro\u00df, <strong>ideal f\u00fcr Indoor-Anbau oder kleine R\u00e4ume.<\/strong> Sie reagiert gut auf Trainingstechniken, die eine maximale Produktion und eine bessere Lichtdurchdringung erm\u00f6glichen.<\/p>\n<p data-start=\"1141\" data-end=\"1469\" class=\"translation-block\"><strong>Bl\u00fctenaussehen.<\/strong> Die Bl\u00fcten sind dicht und harzig, bedeckt von einer sichtbaren Schicht aus Trichomen, die ihre hohe Qualit\u00e4t widerspiegelt. Die Buds zeigen Gr\u00fcnt\u00f6ne mit einigen helleren Nuancen und orangefarbenen Stempeln, die f\u00fcr einen visuellen Kontrast sorgen. Ihr minziger Duft intensiviert sich beim Aufbrechen der Buds und hinterl\u00e4sst einen frischen und angenehmen Geschmack bei jedem Zug.<\/p>\n<h3 data-start=\"1471\" data-end=\"1479\">Anbautipps<\/h3>\n<ul>\n<li data-start=\"1481\" data-end=\"1679\" class=\"translation-block\"><strong>Welches ist das ideale Klima, um Jungle Mintz anzubauen?<\/strong><br>\nSie bevorzugt k\u00fchle und trockene Klimazonen mit guter Bel\u00fcftung, um Feuchtigkeitsprobleme zu vermeiden. Sie eignet sich sowohl f\u00fcr Indoor- als auch Outdoor-Anbau.<\/li>\n<li data-start=\"1681\" data-end=\"1913\" class=\"translation-block\"><strong>Welche Trainingstechniken funktionieren am besten bei Jungle Mintz?<\/strong><br>LST und Topping sind ideal, um das Wachstum zu kontrollieren und den Ertrag zu steigern. Sie reagiert auch gut auf moderate Entlaubung, um die Bel\u00fcftung zu verbessern.<\/li>\n<li data-start=\"1915\" data-end=\"2149\" class=\"translation-block\"><strong>Welche Art der D\u00fcngung ben\u00f6tigt Jungle Mintz?<\/strong><br>W\u00e4hrend der vegetativen Phase ben\u00f6tigt sie einen stickstoffausgeglichenen D\u00fcnger. W\u00e4hrend der Bl\u00fcte f\u00f6rdert eine erh\u00f6hte Zufuhr von Phosphor und Kalium die Produktion dichter, harziger Bl\u00fcten.<\/li>\n<li data-start=\"2151\" data-end=\"2357\" class=\"translation-block\"><strong>Wie sollten Bew\u00e4sserung und Luftfeuchtigkeit f\u00fcr Jungle Mintz sein?<\/strong><br>Regelm\u00e4\u00dfiges Gie\u00dfen, aber ohne Staun\u00e4sse, den Boden leicht austrocknen lassen. Optimale Luftfeuchtigkeit zwischen 50-60 % w\u00e4hrend des Wachstums und 40-50 % w\u00e4hrend der Bl\u00fcte.<\/li>\n<li data-start=\"2359\" data-end=\"2561\" class=\"translation-block\"><strong>Muss die Jungle Mintz Pflanze beschnitten werden?<\/strong><br>Ja, insbesondere um gro\u00dfe Bl\u00e4tter und untere Zweige zu entfernen, die die Bel\u00fcftung und Lichteinstrahlung behindern, wodurch die Endqualit\u00e4t der Ernte verbessert wird.<\/li>\n<\/ul>","protected":false},"excerpt":{"rendered":"<p data-start=\"142\" data-end=\"331\">Jungle Mintz ist eine erfrischende und potente feminisierte Sorte mit einem minzigen, erdigen Aroma. Sie bietet einen ausgewogenen Effekt, ideal f\u00fcr alle, die geistige Klarheit und k\u00f6rperliche Entspannung suchen.<\/p>","protected":false},"featured_media":2615,"template":"","meta":{"_acf_changed":false,"inline_featured_image":false,"_wp_applaud_exclude":false},"product_brand":[194],"product_cat":[22],"product_tag":[],"class_list":{"0":"post-2567","1":"product","2":"type-product","3":"status-publish","4":"has-post-thumbnail","6":"product_brand-bluedog-genetics","7":"product_cat-feminizadas","9":"first","10":"instock","11":"taxable","12":"shipping-taxable","13":"purchasable","14":"product-type-variable"},"acf":{"sticker":"https:\/\/bluedoggenetics.com\/wp-content\/uploads\/2025\/07\/Jungle-Mintz-Sticker-Bluedog-Genetics.webp","family_tree":"<ul>\n<li><a href=\"http:\/\/ss.com\">Jungle Mintz<\/a>\n<ul>\n<li><a href=\"https:\/\/seedfinder.eu\/es\/strain-info\/florida-mintz\/bluedog-genetics\" target=\"_blank\" rel=\"noopener\">Florida Mintz<\/a>\n<ul>\n<li><a href=\"https:\/\/seedfinder.eu\/es\/strain-info\/florida-og\/dna-genetics-seeds\" target=\"_blank\" rel=\"noopener\">Florida OG<\/a><\/li>\n<li><a href=\"https:\/\/seedfinder.eu\/es\/strain-info\/animal-mints\/seed-junky-genetics\" target=\"_blank\" rel=\"noopener\">Animal Mintz<\/a><\/li>\n<\/ul>\n<\/li>\n<li><a href=\"https:\/\/seedfinder.eu\/es\/strain-info\/jungle-cake\/seed-junky-genetics\" target=\"_blank\" rel=\"noopener\">Jungle Cake<\/a>\n<ul>\n<li><a href=\"https:\/\/seedfinder.eu\/es\/strain-info\/white-fire\/og-raskal-genetics\" target=\"_blank\" rel=\"noopener\">White Fire<\/a><\/li>\n<li><a href=\"https:\/\/seedfinder.eu\/es\/strain-info\/wedding-cake\/seed-junky-genetics\" target=\"_blank\" rel=\"noopener\">Wedding Cake<\/a><\/li>\n<\/ul>\n<\/li>\n<\/ul>\n<\/li>\n<\/ul>\n"},"yoast_head":"<!-- This site is optimized with the Yoast SEO plugin v26.5 - https:\/\/yoast.com\/wordpress\/plugins\/seo\/ -->\n<title>Semillas de marihuana Jungle Mintz feminizadas - BLUEDOG GENETICS Seeds<\/title>\n<meta name=\"description\" content=\"Jungle Mintz es una variedad feminizada con aroma a menta fresca, efecto equilibrado y flores resinosas. Ideal para cultivo interior y exterior.\" \/>\n<meta name=\"robots\" content=\"index, follow, max-snippet:-1, max-image-preview:large, max-video-preview:-1\" \/>\n<link rel=\"canonical\" href=\"https:\/\/bluedoggenetics.com\/de\/produkt\/feminisierte\/jungle-mintz-marijuana-samen\/\" \/>\n<meta property=\"og:locale\" content=\"de_DE\" \/>\n<meta property=\"og:type\" content=\"article\" \/>\n<meta property=\"og:title\" content=\"Semillas de marihuana Jungle Mintz feminizadas - BLUEDOG GENETICS Seeds\" \/>\n<meta property=\"og:description\" content=\"Jungle Mintz es una variedad feminizada con aroma a menta fresca, efecto equilibrado y flores resinosas. Ideal para cultivo interior y exterior.\" \/>\n<meta property=\"og:url\" content=\"https:\/\/bluedoggenetics.com\/de\/produkt\/feminisierte\/jungle-mintz-marijuana-samen\/\" \/>\n<meta property=\"og:site_name\" content=\"BLUEDOG GENETICS Seeds\" \/>\n<meta property=\"article:modified_time\" content=\"2026-04-11T13:17:02+00:00\" \/>\n<meta property=\"og:image\" content=\"https:\/\/bluedoggenetics.com\/wp-content\/uploads\/2025\/06\/Jungle-Mintz-Bluedog-Genetics_11zon.webp\" \/>\n\t<meta property=\"og:image:width\" content=\"1536\" \/>\n\t<meta property=\"og:image:height\" content=\"1024\" \/>\n\t<meta property=\"og:image:type\" content=\"image\/webp\" \/>\n<meta name=\"twitter:card\" content=\"summary_large_image\" \/>\n<meta name=\"twitter:label1\" content=\"Gesch\u00e4tzte Lesezeit\" \/>\n\t<meta name=\"twitter:data1\" content=\"2\u00a0Minuten\" \/>\n<script type=\"application\/ld+json\" class=\"yoast-schema-graph\">{\"@context\":\"https:\/\/schema.org\",\"@graph\":[{\"@type\":[\"WebPage\",\"ItemPage\"],\"@id\":\"https:\/\/bluedoggenetics.com\/producto\/feminizadas\/semillas-de-marihuana-jungle-mintz\/\",\"url\":\"https:\/\/bluedoggenetics.com\/producto\/feminizadas\/semillas-de-marihuana-jungle-mintz\/\",\"name\":\"Semillas de marihuana Jungle Mintz feminizadas - BLUEDOG GENETICS Seeds\",\"isPartOf\":{\"@id\":\"https:\/\/bluedoggenetics.com\/de\/#website\"},\"primaryImageOfPage\":{\"@id\":\"https:\/\/bluedoggenetics.com\/producto\/feminizadas\/semillas-de-marihuana-jungle-mintz\/#primaryimage\"},\"image\":{\"@id\":\"https:\/\/bluedoggenetics.com\/producto\/feminizadas\/semillas-de-marihuana-jungle-mintz\/#primaryimage\"},\"thumbnailUrl\":\"https:\/\/bluedoggenetics.com\/wp-content\/uploads\/2025\/06\/Jungle-Mintz-Bluedog-Genetics_11zon.webp\",\"datePublished\":\"2025-11-22T20:24:47+00:00\",\"dateModified\":\"2026-04-11T13:17:02+00:00\",\"description\":\"Jungle Mintz es una variedad feminizada con aroma a menta fresca, efecto equilibrado y flores resinosas. Ideal para cultivo interior y exterior.\",\"breadcrumb\":{\"@id\":\"https:\/\/bluedoggenetics.com\/producto\/feminizadas\/semillas-de-marihuana-jungle-mintz\/#breadcrumb\"},\"inLanguage\":\"de\",\"potentialAction\":[{\"@type\":\"ReadAction\",\"target\":[\"https:\/\/bluedoggenetics.com\/producto\/feminizadas\/semillas-de-marihuana-jungle-mintz\/\"]}]},{\"@type\":\"ImageObject\",\"inLanguage\":\"de\",\"@id\":\"https:\/\/bluedoggenetics.com\/producto\/feminizadas\/semillas-de-marihuana-jungle-mintz\/#primaryimage\",\"url\":\"https:\/\/bluedoggenetics.com\/wp-content\/uploads\/2025\/06\/Jungle-Mintz-Bluedog-Genetics_11zon.webp\",\"contentUrl\":\"https:\/\/bluedoggenetics.com\/wp-content\/uploads\/2025\/06\/Jungle-Mintz-Bluedog-Genetics_11zon.webp\",\"width\":1536,\"height\":1024,\"caption\":\"Jungle Mintz en floracion de Bluedog Genetics\"},{\"@type\":\"BreadcrumbList\",\"@id\":\"https:\/\/bluedoggenetics.com\/producto\/feminizadas\/semillas-de-marihuana-jungle-mintz\/#breadcrumb\",\"itemListElement\":[{\"@type\":\"ListItem\",\"position\":1,\"name\":\"Portada\",\"item\":\"https:\/\/bluedoggenetics.com\/\"},{\"@type\":\"ListItem\",\"position\":2,\"name\":\"Tienda\",\"item\":\"https:\/\/bluedoggenetics.com\/fr\/tienda\/\"},{\"@type\":\"ListItem\",\"position\":3,\"name\":\"Jungle Mintz\"}]},{\"@type\":\"WebSite\",\"@id\":\"https:\/\/bluedoggenetics.com\/de\/#website\",\"url\":\"https:\/\/bluedoggenetics.com\/de\/\",\"name\":\"BLUEDOG GENETICS Seeds\",\"description\":\"Compara y compra las mejores semillas de cannabis. Feminizadas, Autoflorecientes, CBD.\",\"publisher\":{\"@id\":\"https:\/\/bluedoggenetics.com\/de\/#organization\"},\"alternateName\":\"BLUEDOG GENETICS\",\"potentialAction\":[{\"@type\":\"SearchAction\",\"target\":{\"@type\":\"EntryPoint\",\"urlTemplate\":\"https:\/\/bluedoggenetics.com\/de\/?s={search_term_string}\"},\"query-input\":{\"@type\":\"PropertyValueSpecification\",\"valueRequired\":true,\"valueName\":\"search_term_string\"}}],\"inLanguage\":\"de\"},{\"@type\":\"Organization\",\"@id\":\"https:\/\/bluedoggenetics.com\/de\/#organization\",\"name\":\"BLUEDOG GENETICS\",\"url\":\"https:\/\/bluedoggenetics.com\/de\/\",\"logo\":{\"@type\":\"ImageObject\",\"inLanguage\":\"de\",\"@id\":\"https:\/\/bluedoggenetics.com\/de\/#\/schema\/logo\/image\/\",\"url\":\"https:\/\/bluedoggenetics.com\/wp-content\/uploads\/2024\/11\/appIcon.png\",\"contentUrl\":\"https:\/\/bluedoggenetics.com\/wp-content\/uploads\/2024\/11\/appIcon.png\",\"width\":1024,\"height\":1024,\"caption\":\"BLUEDOG GENETICS\"},\"image\":{\"@id\":\"https:\/\/bluedoggenetics.com\/de\/#\/schema\/logo\/image\/\"},\"sameAs\":[\"https:\/\/www.instagram.com\/bluedog.genetics\/\"]}]}<\/script>\n<!-- \/ Yoast SEO plugin. -->","yoast_head_json":{"title":"Feminisierte Jungle Mintz Cannabissamen - BLUEDOG GENETICS Seeds","description":"Jungle Mintz ist eine feminisierte Sorte mit frischem Minzduft, ausgewogenem Effekt und harzigen Bl\u00fcten. Ideal f\u00fcr den Innen- und Au\u00dfenanbau.","robots":{"index":"index","follow":"follow","max-snippet":"max-snippet:-1","max-image-preview":"max-image-preview:large","max-video-preview":"max-video-preview:-1"},"canonical":"https:\/\/bluedoggenetics.com\/de\/produkt\/feminisierte\/jungle-mintz-marijuana-samen\/","og_locale":"de_DE","og_type":"article","og_title":"Semillas de marihuana Jungle Mintz feminizadas - BLUEDOG GENETICS Seeds","og_description":"Jungle Mintz es una variedad feminizada con aroma a menta fresca, efecto equilibrado y flores resinosas. Ideal para cultivo interior y exterior.","og_url":"https:\/\/bluedoggenetics.com\/de\/produkt\/feminisierte\/jungle-mintz-marijuana-samen\/","og_site_name":"BLUEDOG GENETICS Seeds","article_modified_time":"2026-04-11T13:17:02+00:00","og_image":[{"width":1536,"height":1024,"url":"https:\/\/bluedoggenetics.com\/wp-content\/uploads\/2025\/06\/Jungle-Mintz-Bluedog-Genetics_11zon.webp","type":"image\/webp"}],"twitter_card":"summary_large_image","twitter_misc":{"Gesch\u00e4tzte Lesezeit":"2\u00a0Minuten"},"schema":{"@context":"https:\/\/schema.org","@graph":[{"@type":["WebPage","ItemPage"],"@id":"https:\/\/bluedoggenetics.com\/producto\/feminizadas\/semillas-de-marihuana-jungle-mintz\/","url":"https:\/\/bluedoggenetics.com\/producto\/feminizadas\/semillas-de-marihuana-jungle-mintz\/","name":"Feminisierte Jungle Mintz Cannabissamen - BLUEDOG GENETICS Seeds","isPartOf":{"@id":"https:\/\/bluedoggenetics.com\/de\/#website"},"primaryImageOfPage":{"@id":"https:\/\/bluedoggenetics.com\/producto\/feminizadas\/semillas-de-marihuana-jungle-mintz\/#primaryimage"},"image":{"@id":"https:\/\/bluedoggenetics.com\/producto\/feminizadas\/semillas-de-marihuana-jungle-mintz\/#primaryimage"},"thumbnailUrl":"https:\/\/bluedoggenetics.com\/wp-content\/uploads\/2025\/06\/Jungle-Mintz-Bluedog-Genetics_11zon.webp","datePublished":"2025-11-22T20:24:47+00:00","dateModified":"2026-04-11T13:17:02+00:00","description":"Jungle Mintz ist eine feminisierte Sorte mit frischem Minzduft, ausgewogenem Effekt und harzigen Bl\u00fcten. Ideal f\u00fcr den Innen- und Au\u00dfenanbau.","breadcrumb":{"@id":"https:\/\/bluedoggenetics.com\/producto\/feminizadas\/semillas-de-marihuana-jungle-mintz\/#breadcrumb"},"inLanguage":"de","potentialAction":[{"@type":"ReadAction","target":["https:\/\/bluedoggenetics.com\/producto\/feminizadas\/semillas-de-marihuana-jungle-mintz\/"]}]},{"@type":"ImageObject","inLanguage":"de","@id":"https:\/\/bluedoggenetics.com\/producto\/feminizadas\/semillas-de-marihuana-jungle-mintz\/#primaryimage","url":"https:\/\/bluedoggenetics.com\/wp-content\/uploads\/2025\/06\/Jungle-Mintz-Bluedog-Genetics_11zon.webp","contentUrl":"https:\/\/bluedoggenetics.com\/wp-content\/uploads\/2025\/06\/Jungle-Mintz-Bluedog-Genetics_11zon.webp","width":1536,"height":1024,"caption":"Jungle Mintz en floracion de Bluedog Genetics"},{"@type":"BreadcrumbList","@id":"https:\/\/bluedoggenetics.com\/producto\/feminizadas\/semillas-de-marihuana-jungle-mintz\/#breadcrumb","itemListElement":[{"@type":"ListItem","position":1,"name":"Portada","item":"https:\/\/bluedoggenetics.com\/"},{"@type":"ListItem","position":2,"name":"Tienda","item":"https:\/\/bluedoggenetics.com\/fr\/tienda\/"},{"@type":"ListItem","position":3,"name":"Jungle Mintz"}]},{"@type":"WebSite","@id":"https:\/\/bluedoggenetics.com\/de\/#website","url":"https:\/\/bluedoggenetics.com\/de\/","name":"BLUEDOG GENETICS Seeds","description":"Vergleiche und kaufe die besten Hanfsamen. Feminisiert, Autoflowering, CBD.","publisher":{"@id":"https:\/\/bluedoggenetics.com\/de\/#organization"},"alternateName":"BLUEDOG GENETICS","potentialAction":[{"@type":"SearchAction","target":{"@type":"EntryPoint","urlTemplate":"https:\/\/bluedoggenetics.com\/de\/?s={search_term_string}"},"query-input":{"@type":"PropertyValueSpecification","valueRequired":true,"valueName":"search_term_string"}}],"inLanguage":"de"},{"@type":"Organization","@id":"https:\/\/bluedoggenetics.com\/de\/#organization","name":"BLUEDOG GENETICS","url":"https:\/\/bluedoggenetics.com\/de\/","logo":{"@type":"ImageObject","inLanguage":"de","@id":"https:\/\/bluedoggenetics.com\/de\/#\/schema\/logo\/image\/","url":"https:\/\/bluedoggenetics.com\/wp-content\/uploads\/2024\/11\/appIcon.png","contentUrl":"https:\/\/bluedoggenetics.com\/wp-content\/uploads\/2024\/11\/appIcon.png","width":1024,"height":1024,"caption":"BLUEDOG GENETICS"},"image":{"@id":"https:\/\/bluedoggenetics.com\/de\/#\/schema\/logo\/image\/"},"sameAs":["https:\/\/www.instagram.com\/bluedog.genetics\/"]}]}},"sticker_url":"https:\/\/bluedoggenetics.com\/wp-content\/uploads\/2025\/07\/Jungle-Mintz-Sticker-Bluedog-Genetics.webp","variations_full":[{"id":2709,"price":10,"regular_price":10,"attributes":{"attribute_cantidad":"Pack 1"},"image_src":"https:\/\/bluedoggenetics.com\/wp-content\/uploads\/2025\/06\/Jungle-Mintz-Bluedog-Genetics_11zon-600x400.webp","is_in_stock":true},{"id":2710,"price":25.5,"regular_price":25.5,"attributes":{"attribute_cantidad":"Pack 3"},"image_src":"https:\/\/bluedoggenetics.com\/wp-content\/uploads\/2025\/06\/Jungle-Mintz-Bluedog-Genetics_11zon-600x400.webp","is_in_stock":true},{"id":2711,"price":37.5,"regular_price":37.5,"attributes":{"attribute_cantidad":"Pack 5"},"image_src":"https:\/\/bluedoggenetics.com\/wp-content\/uploads\/2025\/06\/Jungle-Mintz-Bluedog-Genetics_11zon-600x400.webp","is_in_stock":true},{"id":2712,"price":65,"regular_price":65,"attributes":{"attribute_cantidad":"Pack 10"},"image_src":"https:\/\/bluedoggenetics.com\/wp-content\/uploads\/2025\/06\/Jungle-Mintz-Bluedog-Genetics_11zon-600x400.webp","is_in_stock":true}],"jetpack_sharing_enabled":true,"_links":{"self":[{"href":"https:\/\/bluedoggenetics.com\/de\/wp-json\/wp\/v2\/product\/2567","targetHints":{"allow":["GET"]}}],"collection":[{"href":"https:\/\/bluedoggenetics.com\/de\/wp-json\/wp\/v2\/product"}],"about":[{"href":"https:\/\/bluedoggenetics.com\/de\/wp-json\/wp\/v2\/types\/product"}],"wp:featuredmedia":[{"embeddable":true,"href":"https:\/\/bluedoggenetics.com\/de\/wp-json\/wp\/v2\/media\/2615"}],"wp:attachment":[{"href":"https:\/\/bluedoggenetics.com\/de\/wp-json\/wp\/v2\/media?parent=2567"}],"wp:term":[{"taxonomy":"product_brand","embeddable":true,"href":"https:\/\/bluedoggenetics.com\/de\/wp-json\/wp\/v2\/product_brand?post=2567"},{"taxonomy":"product_cat","embeddable":true,"href":"https:\/\/bluedoggenetics.com\/de\/wp-json\/wp\/v2\/product_cat?post=2567"},{"taxonomy":"product_tag","embeddable":true,"href":"https:\/\/bluedoggenetics.com\/de\/wp-json\/wp\/v2\/product_tag?post=2567"}],"curies":[{"name":"wp","href":"https:\/\/api.w.org\/{rel}","templated":true}]}}