{"id":2565,"date":"2025-11-22T12:16:24","date_gmt":"2025-11-22T11:16:24","guid":{"rendered":"https:\/\/bluedoggenetics.com\/?post_type=product&#038;p=2565"},"modified":"2026-05-06T14:55:57","modified_gmt":"2026-05-06T12:55:57","slug":"jealousy-samen-bluedog-genetic-samen","status":"publish","type":"product","link":"https:\/\/bluedoggenetics.com\/de\/produkt\/samen\/feminisierte\/jealousy-samen-bluedog-genetic-samen\/","title":{"rendered":"Jealousy"},"content":{"rendered":"<p data-start=\"432\" data-end=\"877\"><strong>Jealousy<\/strong> zeichnet sich durch seine einzigartige Kombination aus Kraft und Geschmack aus. Sein <strong>intensives Aroma<\/strong> Es mischt s\u00fc\u00dfe, erdige und fruchtige Noten, die vom ersten Zug an fesseln. Die Wirkung ist ausgewogen und sorgt f\u00fcr k\u00f6rperliche Entspannung, begleitet von leichter geistiger Stimulation. <strong>Perfekt f\u00fcr kreative und Freizeitmomente<\/strong>. Diese Sorte eignet sich sowohl f\u00fcr den Innen- als auch f\u00fcr den Au\u00dfenanbau gut und bietet stabile Ertr\u00e4ge und hochwertige Bl\u00fcten.<\/p>\n<p data-start=\"908\" data-end=\"1193\"><strong>Pflanzenmorphologie<\/strong>. Jealousy hat eine mittlere Struktur mit guter Verzweigung und mittelgro\u00dfen Bl\u00e4ttern. Die Pflanze ist <strong>widerstandsf\u00e4hig und kr\u00e4ftig,<\/strong> mit einem gleichm\u00e4\u00dfigen Wachstum, das die Verwaltung erleichtert. Sein Wuchs ist kompakt, ideal f\u00fcr kontrollierte R\u00e4ume und er reagiert gut auf Schnitt- und Trainingstechniken.<\/p>\n<p data-start=\"1219\" data-end=\"1549\"><strong>Aussehen der Blume.<\/strong> Die Bl\u00fcten von Jealousy sind dicht und harzig und mit einer gl\u00e4nzenden Schicht aus Trichomen bedeckt, die auf ihre hohe Wirksamkeit schlie\u00dfen lassen. Die Knospen haben tiefgr\u00fcne T\u00f6ne mit kontrastierenden orangefarbenen und braunen Stempeln, die f\u00fcr einen optischen Reiz sorgen. Sein Aroma ist eine Mischung aus S\u00fc\u00dfe und Erde mit fruchtigen Nuancen, die sich beim Aush\u00e4rten verst\u00e4rken.<\/p>\n<h3 data-start=\"1551\" data-end=\"1559\">Anbautipps<\/h3>\n<ul>\n<li data-start=\"1561\" data-end=\"1751\"><strong data-start=\"1561\" data-end=\"1611\">Was ist das ideale Klima f\u00fcr den Anbau von Jealousy ?<\/strong><br data-start=\"1611\" data-end=\"1614\" \/>Jealousy eignet sich am besten f\u00fcr gem\u00e4\u00dfigtes und sonniges Klima, vertr\u00e4gt jedoch eine gewisse Luftfeuchtigkeit, wenn die Bel\u00fcftung gut kontrolliert wird, um Schimmel zu vermeiden.<\/li>\n<li data-start=\"1753\" data-end=\"1947\"><strong data-start=\"1753\" data-end=\"1816\">Welche Trainingstechniken funktionieren am besten mit Jealousy ?<\/strong><br data-start=\"1816\" data-end=\"1819\" \/>Sie reagiert gut auf Topping und LST sowie auf leichten R\u00fcckschnitt, der die Luftzirkulation und die Lichtdurchdringung verbessert.<\/li>\n<li data-start=\"1949\" data-end=\"2167\"><strong data-start=\"1949\" data-end=\"1997\">Welche Art der D\u00fcngung ben\u00f6tigt Jealousy ?<\/strong><br data-start=\"1997\" data-end=\"2000\" \/>Bevorzugt ausgewogene D\u00fcngemittel w\u00e4hrend der Vegetationsphase und einen Anstieg von Phosphor und Kalium w\u00e4hrend der Bl\u00fcte, um die Bildung dichter und harziger Bl\u00fcten zu f\u00f6rdern.<\/li>\n<li data-start=\"2169\" data-end=\"2367\"><strong data-start=\"2169\" data-end=\"2223\">Wie sollten die Bew\u00e4sserung und Luftfeuchtigkeit f\u00fcr Jealousy sein?<\/strong><br data-start=\"2223\" data-end=\"2226\" \/>M\u00e4\u00dfiges Gie\u00dfen, das Substrat zwischen den Wassergaben leicht trocknen lassen. Die optimale Luftfeuchtigkeit liegt zwischen 50-60 % im Wachstum und 40-50 % in der Bl\u00fcte.<\/li>\n<li data-start=\"2369\" data-end=\"2578\"><strong data-start=\"2369\" data-end=\"2411\">Ist es notwendig, die Jealousy -Pflanze zu beschneiden?<\/strong><br data-start=\"2411\" data-end=\"2414\" \/>Ein Schnitt wird empfohlen, um die Bl\u00fctenentwicklung zu verbessern und die Ansammlung von Feuchtigkeit in tiefer gelegenen Bereichen zu vermeiden, was eine bessere Qualit\u00e4t und Gesundheit der Pflanze beg\u00fcnstigt.<\/li>\n<\/ul>","protected":false},"excerpt":{"rendered":"<p data-start=\"189\" data-end=\"378\"><strong>Jealousy<\/strong> Es handelt sich um eine kraftvolle und ausgewogene feminisierte Sorte mit einem intensiven aromatischen Profil und einer entspannenden und kreativen Wirkung. Ideal f\u00fcr Z\u00fcchter, die au\u00dfergew\u00f6hnliche Qualit\u00e4t und Geschmack suchen.<\/p>","protected":false},"featured_media":2613,"template":"","meta":{"_acf_changed":false,"inline_featured_image":false,"_wp_applaud_exclude":false},"product_brand":[194],"product_cat":[22],"product_tag":[],"class_list":{"0":"post-2565","1":"product","2":"type-product","3":"status-publish","4":"has-post-thumbnail","6":"product_brand-bluedog-genetics","7":"product_cat-feminizadas","8":"pa_altura-exterior-150-180","9":"pa_altura-interior-90-120","10":"pa_beneficios-terapeuticos-alivio-de-ansiedad","11":"pa_beneficios-terapeuticos-aumento-del-apetito","12":"pa_beneficios-terapeuticos-ayuda-para-dormir","13":"pa_cantidad-pack-1","14":"pa_cantidad-pack-10","15":"pa_cantidad-pack-3","16":"pa_cantidad-pack-5","17":"pa_clima-templado","18":"pa_cosecha-exterior-550-650","19":"pa_cosecha-interior-450-550","20":"pa_efectos-destacables-alegre","21":"pa_efectos-destacables-conversador","22":"pa_efectos-destacables-euforico","23":"pa_efectos-destacables-relajado","24":"pa_floracion-8-9","25":"pa_genetica-60-40","26":"pa_olor-fuerte","27":"pa_sabores-y-olores-afrutado","28":"pa_sabores-y-olores-bayas","29":"pa_sabores-y-olores-dulce","30":"pa_sabores-y-olores-terroso","31":"pa_sabores-y-olores-uva","32":"pa_thc-20-26","33":"pa_variedad-mayormente-indica","35":"first","36":"instock","37":"taxable","38":"shipping-taxable","39":"purchasable","40":"product-type-variable"},"acf":{"sticker":"https:\/\/bluedoggenetics.com\/wp-content\/uploads\/2025\/07\/Jealousy.webp","family_tree":"<ul>\n<li><a href=\"https:\/\/bluedoggenetics.com\/blog-tu-jardin-cannabico-cultivar-marihuana\/las-mejores-variedades-de-cannabis-para-cultivar-en-alemania\/\" target=\"_blank\" rel=\"noopener\">Jealousy<\/a>\n<ul>\n<li><a href=\"https:\/\/seedfinder.eu\/en\/strain-info\/gelato-nr41\/unknown-or-legendary\" target=\"_blank\" rel=\"noopener\">Gelato #41<\/a>\n<ul>\n<li><a href=\"https:\/\/seedfinder.eu\/en\/strain-info\/gsc-thin-mints\/clone-only-strains\" target=\"_blank\" rel=\"noopener\">Thin Mint Girl Scout Cookies<\/a>\n<ul>\n<li><a href=\"https:\/\/seedfinder.eu\/en\/strain-info\/og-kush\/clone-only-strains\" target=\"_blank\" rel=\"noopener\">OG Kush<\/a><\/li>\n<li><a href=\"https:\/\/seedfinder.eu\/en\/strain-info\/f1-durban\/unknown-or-legendary\" target=\"_blank\" rel=\"noopener\">Durban Poison<\/a><\/li>\n<\/ul>\n<\/li>\n<li><a href=\"https:\/\/seedfinder.eu\/en\/strain-info\/sunset-sherbert\/unknown-or-legendary\" target=\"_blank\" rel=\"noopener\">Sunset Sherbert<\/a><\/li>\n<\/ul>\n<\/li>\n<li><a href=\"https:\/\/seedfinder.eu\/en\/strain-info\/sunset-sherbert\/unknown-or-legendary\" target=\"_blank\" rel=\"noopener\">Sunset Sherbert<\/a>\n<ul>\n<li><a href=\"https:\/\/seedfinder.eu\/en\/strain-info\/pink-panties\/unknown-or-legendary\" target=\"_blank\" rel=\"noopener\">Pink Panties<\/a><\/li>\n<li><a href=\"https:\/\/seedfinder.eu\/en\/strain-info\/gsc-thin-mints\/clone-only-strains\">Girl Scout Cookies<\/a><\/li>\n<\/ul>\n<\/li>\n<\/ul>\n<\/li>\n<\/ul>\n"},"yoast_head":"<!-- This site is optimized with the Yoast SEO plugin v26.5 - https:\/\/yoast.com\/wordpress\/plugins\/seo\/ -->\n<title>Semillas de marihuana Jealousy feminizadas - BLUEDOG GENETICS Seeds<\/title>\n<meta name=\"description\" content=\"Jealousy es una variedad feminizada potente y equilibrada, con aroma intenso y efecto relajante. Ideal para cultivo interior y exterior.\" \/>\n<meta name=\"robots\" content=\"index, follow, max-snippet:-1, max-image-preview:large, max-video-preview:-1\" \/>\n<link rel=\"canonical\" href=\"https:\/\/bluedoggenetics.com\/de\/produkt\/feminisierte\/jealousy-samen-bluedog-genetic-samen\/\" \/>\n<meta property=\"og:locale\" content=\"de_DE\" \/>\n<meta property=\"og:type\" content=\"article\" \/>\n<meta property=\"og:title\" content=\"Semillas de marihuana Jealousy feminizadas - BLUEDOG GENETICS Seeds\" \/>\n<meta property=\"og:description\" content=\"Jealousy es una variedad feminizada potente y equilibrada, con aroma intenso y efecto relajante. Ideal para cultivo interior y exterior.\" \/>\n<meta property=\"og:url\" content=\"https:\/\/bluedoggenetics.com\/de\/produkt\/feminisierte\/jealousy-samen-bluedog-genetic-samen\/\" \/>\n<meta property=\"og:site_name\" content=\"BLUEDOG GENETICS Seeds\" \/>\n<meta property=\"article:modified_time\" content=\"2026-05-06T12:55:57+00:00\" \/>\n<meta property=\"og:image\" content=\"https:\/\/bluedoggenetics.com\/wp-content\/uploads\/2025\/06\/Jealousy-Buedog-Genetics_11zon.webp\" \/>\n\t<meta property=\"og:image:width\" content=\"1536\" \/>\n\t<meta property=\"og:image:height\" content=\"1024\" \/>\n\t<meta property=\"og:image:type\" content=\"image\/webp\" \/>\n<meta name=\"twitter:card\" content=\"summary_large_image\" \/>\n<meta name=\"twitter:label1\" content=\"Gesch\u00e4tzte Lesezeit\" \/>\n\t<meta name=\"twitter:data1\" content=\"2\u00a0Minuten\" \/>\n<script type=\"application\/ld+json\" class=\"yoast-schema-graph\">{\"@context\":\"https:\/\/schema.org\",\"@graph\":[{\"@type\":[\"WebPage\",\"ItemPage\"],\"@id\":\"https:\/\/bluedoggenetics.com\/producto\/feminizadas\/semillas-de-marihuana-jealousy\/\",\"url\":\"https:\/\/bluedoggenetics.com\/producto\/feminizadas\/semillas-de-marihuana-jealousy\/\",\"name\":\"Semillas de marihuana Jealousy feminizadas - BLUEDOG GENETICS Seeds\",\"isPartOf\":{\"@id\":\"https:\/\/bluedoggenetics.com\/de\/#website\"},\"primaryImageOfPage\":{\"@id\":\"https:\/\/bluedoggenetics.com\/producto\/feminizadas\/semillas-de-marihuana-jealousy\/#primaryimage\"},\"image\":{\"@id\":\"https:\/\/bluedoggenetics.com\/producto\/feminizadas\/semillas-de-marihuana-jealousy\/#primaryimage\"},\"thumbnailUrl\":\"https:\/\/bluedoggenetics.com\/wp-content\/uploads\/2025\/06\/Jealousy-Buedog-Genetics_11zon.webp\",\"datePublished\":\"2025-11-22T11:16:24+00:00\",\"dateModified\":\"2026-05-06T12:55:57+00:00\",\"description\":\"Jealousy es una variedad feminizada potente y equilibrada, con aroma intenso y efecto relajante. Ideal para cultivo interior y exterior.\",\"breadcrumb\":{\"@id\":\"https:\/\/bluedoggenetics.com\/producto\/feminizadas\/semillas-de-marihuana-jealousy\/#breadcrumb\"},\"inLanguage\":\"de\",\"potentialAction\":[{\"@type\":\"ReadAction\",\"target\":[\"https:\/\/bluedoggenetics.com\/producto\/feminizadas\/semillas-de-marihuana-jealousy\/\"]}]},{\"@type\":\"ImageObject\",\"inLanguage\":\"de\",\"@id\":\"https:\/\/bluedoggenetics.com\/producto\/feminizadas\/semillas-de-marihuana-jealousy\/#primaryimage\",\"url\":\"https:\/\/bluedoggenetics.com\/wp-content\/uploads\/2025\/06\/Jealousy-Buedog-Genetics_11zon.webp\",\"contentUrl\":\"https:\/\/bluedoggenetics.com\/wp-content\/uploads\/2025\/06\/Jealousy-Buedog-Genetics_11zon.webp\",\"width\":1536,\"height\":1024,\"caption\":\"Jealousy de Bluedog Genetics en floracion\"},{\"@type\":\"BreadcrumbList\",\"@id\":\"https:\/\/bluedoggenetics.com\/producto\/feminizadas\/semillas-de-marihuana-jealousy\/#breadcrumb\",\"itemListElement\":[{\"@type\":\"ListItem\",\"position\":1,\"name\":\"Portada\",\"item\":\"https:\/\/bluedoggenetics.com\/\"},{\"@type\":\"ListItem\",\"position\":2,\"name\":\"Tienda\",\"item\":\"https:\/\/bluedoggenetics.com\/fr\/tienda\/\"},{\"@type\":\"ListItem\",\"position\":3,\"name\":\"Jealousy\"}]},{\"@type\":\"WebSite\",\"@id\":\"https:\/\/bluedoggenetics.com\/de\/#website\",\"url\":\"https:\/\/bluedoggenetics.com\/de\/\",\"name\":\"BLUEDOG GENETICS Seeds\",\"description\":\"Compara y compra las mejores semillas de cannabis. Feminizadas, Autoflorecientes, CBD.\",\"publisher\":{\"@id\":\"https:\/\/bluedoggenetics.com\/de\/#organization\"},\"alternateName\":\"BLUEDOG GENETICS\",\"potentialAction\":[{\"@type\":\"SearchAction\",\"target\":{\"@type\":\"EntryPoint\",\"urlTemplate\":\"https:\/\/bluedoggenetics.com\/de\/?s={search_term_string}\"},\"query-input\":{\"@type\":\"PropertyValueSpecification\",\"valueRequired\":true,\"valueName\":\"search_term_string\"}}],\"inLanguage\":\"de\"},{\"@type\":\"Organization\",\"@id\":\"https:\/\/bluedoggenetics.com\/de\/#organization\",\"name\":\"BLUEDOG GENETICS\",\"url\":\"https:\/\/bluedoggenetics.com\/de\/\",\"logo\":{\"@type\":\"ImageObject\",\"inLanguage\":\"de\",\"@id\":\"https:\/\/bluedoggenetics.com\/de\/#\/schema\/logo\/image\/\",\"url\":\"https:\/\/bluedoggenetics.com\/wp-content\/uploads\/2024\/11\/appIcon.png\",\"contentUrl\":\"https:\/\/bluedoggenetics.com\/wp-content\/uploads\/2024\/11\/appIcon.png\",\"width\":1024,\"height\":1024,\"caption\":\"BLUEDOG GENETICS\"},\"image\":{\"@id\":\"https:\/\/bluedoggenetics.com\/de\/#\/schema\/logo\/image\/\"},\"sameAs\":[\"https:\/\/www.instagram.com\/bluedog.genetics\/\"]}]}<\/script>\n<!-- \/ Yoast SEO plugin. -->","yoast_head_json":{"title":"Jealousy feminisierte Cannabissamen - BLUEDOG GENETICS Seeds","description":"Jealousy ist eine potente und ausgewogene feminisierte Sorte, mit einem intensiven Aroma und entspannender Wirkung. Ideal f\u00fcr den Innen- und Au\u00dfenanbau.","robots":{"index":"index","follow":"follow","max-snippet":"max-snippet:-1","max-image-preview":"max-image-preview:large","max-video-preview":"max-video-preview:-1"},"canonical":"https:\/\/bluedoggenetics.com\/de\/produkt\/feminisierte\/jealousy-samen-bluedog-genetic-samen\/","og_locale":"de_DE","og_type":"article","og_title":"Semillas de marihuana Jealousy feminizadas - BLUEDOG GENETICS Seeds","og_description":"Jealousy es una variedad feminizada potente y equilibrada, con aroma intenso y efecto relajante. Ideal para cultivo interior y exterior.","og_url":"https:\/\/bluedoggenetics.com\/de\/produkt\/feminisierte\/jealousy-samen-bluedog-genetic-samen\/","og_site_name":"BLUEDOG GENETICS Seeds","article_modified_time":"2026-05-06T12:55:57+00:00","og_image":[{"width":1536,"height":1024,"url":"https:\/\/bluedoggenetics.com\/wp-content\/uploads\/2025\/06\/Jealousy-Buedog-Genetics_11zon.webp","type":"image\/webp"}],"twitter_card":"summary_large_image","twitter_misc":{"Gesch\u00e4tzte Lesezeit":"2\u00a0Minuten"},"schema":{"@context":"https:\/\/schema.org","@graph":[{"@type":["WebPage","ItemPage"],"@id":"https:\/\/bluedoggenetics.com\/producto\/feminizadas\/semillas-de-marihuana-jealousy\/","url":"https:\/\/bluedoggenetics.com\/producto\/feminizadas\/semillas-de-marihuana-jealousy\/","name":"Jealousy feminisierte Cannabissamen - BLUEDOG GENETICS Seeds","isPartOf":{"@id":"https:\/\/bluedoggenetics.com\/de\/#website"},"primaryImageOfPage":{"@id":"https:\/\/bluedoggenetics.com\/producto\/feminizadas\/semillas-de-marihuana-jealousy\/#primaryimage"},"image":{"@id":"https:\/\/bluedoggenetics.com\/producto\/feminizadas\/semillas-de-marihuana-jealousy\/#primaryimage"},"thumbnailUrl":"https:\/\/bluedoggenetics.com\/wp-content\/uploads\/2025\/06\/Jealousy-Buedog-Genetics_11zon.webp","datePublished":"2025-11-22T11:16:24+00:00","dateModified":"2026-05-06T12:55:57+00:00","description":"Jealousy ist eine potente und ausgewogene feminisierte Sorte, mit einem intensiven Aroma und entspannender Wirkung. Ideal f\u00fcr den Innen- und Au\u00dfenanbau.","breadcrumb":{"@id":"https:\/\/bluedoggenetics.com\/producto\/feminizadas\/semillas-de-marihuana-jealousy\/#breadcrumb"},"inLanguage":"de","potentialAction":[{"@type":"ReadAction","target":["https:\/\/bluedoggenetics.com\/producto\/feminizadas\/semillas-de-marihuana-jealousy\/"]}]},{"@type":"ImageObject","inLanguage":"de","@id":"https:\/\/bluedoggenetics.com\/producto\/feminizadas\/semillas-de-marihuana-jealousy\/#primaryimage","url":"https:\/\/bluedoggenetics.com\/wp-content\/uploads\/2025\/06\/Jealousy-Buedog-Genetics_11zon.webp","contentUrl":"https:\/\/bluedoggenetics.com\/wp-content\/uploads\/2025\/06\/Jealousy-Buedog-Genetics_11zon.webp","width":1536,"height":1024,"caption":"Jealousy de Bluedog Genetics en floracion"},{"@type":"BreadcrumbList","@id":"https:\/\/bluedoggenetics.com\/producto\/feminizadas\/semillas-de-marihuana-jealousy\/#breadcrumb","itemListElement":[{"@type":"ListItem","position":1,"name":"Portada","item":"https:\/\/bluedoggenetics.com\/"},{"@type":"ListItem","position":2,"name":"Tienda","item":"https:\/\/bluedoggenetics.com\/fr\/tienda\/"},{"@type":"ListItem","position":3,"name":"Jealousy"}]},{"@type":"WebSite","@id":"https:\/\/bluedoggenetics.com\/de\/#website","url":"https:\/\/bluedoggenetics.com\/de\/","name":"BLUEDOG GENETICS Seeds","description":"Vergleiche und kaufe die besten Hanfsamen. Feminisiert, Autoflowering, CBD.","publisher":{"@id":"https:\/\/bluedoggenetics.com\/de\/#organization"},"alternateName":"BLUEDOG GENETICS","potentialAction":[{"@type":"SearchAction","target":{"@type":"EntryPoint","urlTemplate":"https:\/\/bluedoggenetics.com\/de\/?s={search_term_string}"},"query-input":{"@type":"PropertyValueSpecification","valueRequired":true,"valueName":"search_term_string"}}],"inLanguage":"de"},{"@type":"Organization","@id":"https:\/\/bluedoggenetics.com\/de\/#organization","name":"BLUEDOG GENETICS","url":"https:\/\/bluedoggenetics.com\/de\/","logo":{"@type":"ImageObject","inLanguage":"de","@id":"https:\/\/bluedoggenetics.com\/de\/#\/schema\/logo\/image\/","url":"https:\/\/bluedoggenetics.com\/wp-content\/uploads\/2024\/11\/appIcon.png","contentUrl":"https:\/\/bluedoggenetics.com\/wp-content\/uploads\/2024\/11\/appIcon.png","width":1024,"height":1024,"caption":"BLUEDOG GENETICS"},"image":{"@id":"https:\/\/bluedoggenetics.com\/de\/#\/schema\/logo\/image\/"},"sameAs":["https:\/\/www.instagram.com\/bluedog.genetics\/"]}]}},"sticker_url":"https:\/\/bluedoggenetics.com\/wp-content\/uploads\/2025\/07\/Jealousy.webp","variations_full":[{"id":2701,"price":9,"regular_price":9,"attributes":{"attribute_pa_cantidad":"pack-1"},"image_src":"https:\/\/bluedoggenetics.com\/wp-content\/uploads\/2025\/06\/Jealousy-Buedog-Genetics_11zon-600x400.webp","is_in_stock":true},{"id":2702,"price":22.95,"regular_price":22.95,"attributes":{"attribute_pa_cantidad":"pack-3"},"image_src":"https:\/\/bluedoggenetics.com\/wp-content\/uploads\/2025\/06\/Jealousy-Buedog-Genetics_11zon-600x400.webp","is_in_stock":true},{"id":2703,"price":33.95,"regular_price":33.95,"attributes":{"attribute_pa_cantidad":"pack-5"},"image_src":"https:\/\/bluedoggenetics.com\/wp-content\/uploads\/2025\/06\/Jealousy-Buedog-Genetics_11zon-600x400.webp","is_in_stock":true},{"id":2704,"price":58.5,"regular_price":58.5,"attributes":{"attribute_pa_cantidad":"pack-10"},"image_src":"https:\/\/bluedoggenetics.com\/wp-content\/uploads\/2025\/06\/Jealousy-Buedog-Genetics_11zon-600x400.webp","is_in_stock":true}],"jetpack_sharing_enabled":true,"_links":{"self":[{"href":"https:\/\/bluedoggenetics.com\/de\/wp-json\/wp\/v2\/product\/2565","targetHints":{"allow":["GET"]}}],"collection":[{"href":"https:\/\/bluedoggenetics.com\/de\/wp-json\/wp\/v2\/product"}],"about":[{"href":"https:\/\/bluedoggenetics.com\/de\/wp-json\/wp\/v2\/types\/product"}],"wp:featuredmedia":[{"embeddable":true,"href":"https:\/\/bluedoggenetics.com\/de\/wp-json\/wp\/v2\/media\/2613"}],"wp:attachment":[{"href":"https:\/\/bluedoggenetics.com\/de\/wp-json\/wp\/v2\/media?parent=2565"}],"wp:term":[{"taxonomy":"product_brand","embeddable":true,"href":"https:\/\/bluedoggenetics.com\/de\/wp-json\/wp\/v2\/product_brand?post=2565"},{"taxonomy":"product_cat","embeddable":true,"href":"https:\/\/bluedoggenetics.com\/de\/wp-json\/wp\/v2\/product_cat?post=2565"},{"taxonomy":"product_tag","embeddable":true,"href":"https:\/\/bluedoggenetics.com\/de\/wp-json\/wp\/v2\/product_tag?post=2565"}],"curies":[{"name":"wp","href":"https:\/\/api.w.org\/{rel}","templated":true}]}}