{"id":2564,"date":"2025-11-22T22:06:12","date_gmt":"2025-11-22T21:06:12","guid":{"rendered":"https:\/\/bluedoggenetics.com\/?post_type=product&#038;p=2564"},"modified":"2026-04-11T15:17:02","modified_gmt":"2026-04-11T13:17:02","slug":"northern-lights-marihuana-samen","status":"publish","type":"product","link":"https:\/\/bluedoggenetics.com\/de\/produkt\/feminisierte\/northern-lights-marihuana-samen\/","title":{"rendered":"Northern Lights"},"content":{"rendered":"<p data-start=\"442\" data-end=\"955\" class=\"translation-block\"><strong data-start=\"442\" data-end=\"461\">Northern Lights<\/strong> ist eine der <strong>legend\u00e4rsten Sorten der Welt<\/strong> des Cannabis. Ihre Indica-Dominanz f\u00fchrt zu einer entspannenden, beruhigenden und langanhaltenden k\u00f6rperlichen Wirkung, ideal zum Ausruhen, Stressabbau oder zum Einschlafen. Ihr aromatisches Profil vereint S\u00fc\u00dfe, feuchte Erde und sanfte Gew\u00fcrze und bietet ein klassisches Erlebnis, das nie aus der Mode kommt. Northern Lights wird sowohl f\u00fcr ihre genetische Stabilit\u00e4t als auch f\u00fcr ihre <strong>einfache Anbaubarkeit<\/strong> gesch\u00e4tzt, was sie perfekt f\u00fcr Z\u00fcchter aller Erfahrungsstufen macht.<\/p>\n<p data-start=\"986\" data-end=\"1342\" class=\"translation-block\"><strong>Morphologie der Pflanze.<\/strong> Northern Lights entwickelt eine kompakte und robuste Pflanze, mittelgro\u00df und mit einer starken Struktur. Sie hat ein geordnetes Wachstum mit wenigen Verzweigungen, was ihre Handhabung auf engem Raum erleichtert. Ihre Bl\u00e4tter sind gro\u00df und breit, von einer charakteristischen dunkelgr\u00fcnen Farbe. Diese Sorte ist <strong>diskret und effizient,<\/strong> ideal f\u00fcr den Innenanbau oder Balkone.<\/p>\n<p data-start=\"1368\" data-end=\"1751\" class=\"translation-block\"><strong>Aussehen der Bl\u00fcte.<\/strong> Die Knospen von Northern Lights sind dicht, harzig und verstr\u00f6men ein s\u00fc\u00dfes und erdiges Aroma, das sich beim Trocknen intensiviert. W\u00e4hrend der Bl\u00fcte werden die Bl\u00fcten schnell von <strong>Trichomen bedeckt, die ihren hohen THC-Gehalt widerspiegeln<\/strong>. In kalten Klimazonen kann sie violette oder bl\u00e4uliche Farbt\u00f6ne entwickeln. Ihr Rauch ist sanft, mit s\u00fc\u00dfem und w\u00fcrzigem Geschmack, und ihre Wirkung ist k\u00f6rperlich, wohltuend und langanhaltend.<\/p>\n<h3 data-start=\"1753\" data-end=\"1761\">Anbautipps<\/h3>\n<ul>\n<li data-start=\"1763\" data-end=\"2030\" class=\"translation-block\"><strong data-start=\"1763\" data-end=\"1821\">Was ist das ideale Klima f\u00fcr den Anbau von Northern Lights?<\/strong><br data-start=\"1821\" data-end=\"1824\">Northern Lights passt sich sehr gut an verschiedene Klimazonen an, bevorzugt jedoch trockene und sonnige Umgebungen. Sie ist sehr resistent gegen Schimmel, was sie auch f\u00fcr den Anbau im Freien in Gebieten mit einer gewissen Feuchtigkeit geeignet macht.<\/li>\n<li data-start=\"2032\" data-end=\"2299\" class=\"translation-block\"><strong data-start=\"2032\" data-end=\"2103\">Welche Trainingstechniken funktionieren am besten bei Northern Lights?<\/strong><br data-start=\"2103\" data-end=\"2106\">Aufgrund ihrer kompakten Struktur reagiert sie gut auf SOG (Sea of Green) und LST, wenn die H\u00f6he kontrolliert werden soll. Im Innenanbau reicht meist ein leichter Beschnitt aus, um das Licht in den unteren Bereichen zu maximieren.<\/li>\n<li data-start=\"2301\" data-end=\"2591\" class=\"translation-block\"><strong data-start=\"2301\" data-end=\"2357\">Welche Art von D\u00fcngung ben\u00f6tigt Northern Lights?<\/strong><br data-start=\"2357\" data-end=\"2360\">Sie hat moderate N\u00e4hrstoffbed\u00fcrfnisse. Sie profitiert von einer ausgewogenen D\u00fcngung w\u00e4hrend des gesamten Anbaus und reagiert besonders gut auf organische D\u00fcnger. Sie ist nicht anspruchsvoll, was sie zu einer guten Wahl f\u00fcr Anf\u00e4nger macht.<\/li>\n<li data-start=\"2593\" data-end=\"2854\" class=\"translation-block\"><strong data-start=\"2593\" data-end=\"2655\">Wie sollten Bew\u00e4sserung und Luftfeuchtigkeit f\u00fcr Northern Lights sein?<\/strong><br data-start=\"2655\" data-end=\"2658\">Sie vertr\u00e4gt gut zeitlich versetzte Bew\u00e4sserungen. Sie bevorzugt ein Substrat mit guter Drainage und eine relative Luftfeuchtigkeit zwischen 50-60 % in der Wachstumsphase und 40-50 % in der Bl\u00fcte, um die Knospen gesund und harzig zu halten.<\/li>\n<li data-start=\"2856\" data-end=\"3136\" class=\"translation-block\"><strong data-start=\"2856\" data-end=\"2906\">Ist es notwendig, die Northern Lights Pflanze zu beschneiden?<\/strong><br data-start=\"2906\" data-end=\"2909\">Es ist nicht zwingend notwendig, aber es wird empfohlen, einige gro\u00dfe Bl\u00e4tter zu entfernen, um die Bel\u00fcftung und Lichteinwirkung zu verbessern. Das Beschneiden der unteren \u00c4ste kann auch dazu beitragen, die Energie auf die Hauptbl\u00fcten zu konzentrieren.<\/li>\n<\/ul>","protected":false},"excerpt":{"rendered":"<p data-start=\"168\" data-end=\"388\"><strong data-start=\"168\" data-end=\"187\">Northern Lights<\/strong> es una variedad feminizada m\u00edtica, conocida por su efecto relajante, su crecimiento f\u00e1cil y su aroma dulce con toques terrosos. Ideal para cultivadores principiantes y amantes de las \u00edndicas cl\u00e1sicas.<\/p>","protected":false},"featured_media":2612,"template":"","meta":{"_acf_changed":false,"inline_featured_image":false,"_wp_applaud_exclude":false},"product_brand":[194],"product_cat":[22],"product_tag":[],"class_list":{"0":"post-2564","1":"product","2":"type-product","3":"status-publish","4":"has-post-thumbnail","6":"product_brand-bluedog-genetics","7":"product_cat-feminizadas","9":"first","10":"instock","11":"taxable","12":"shipping-taxable","13":"purchasable","14":"product-type-variable"},"acf":{"sticker":"https:\/\/bluedoggenetics.com\/wp-content\/uploads\/2025\/07\/Northern-Lights-Sticker.webp","family_tree":"<ul>\n<li><a href=\"https:\/\/bluedoggenetics.com\/blog-tu-jardin-cannabico-cultivar-marihuana\/como-cultivar-marihuana-en-climas-frios-y-humedos\/\" target=\"_blank\" rel=\"noopener\">Northern Lights<\/a>\n<ul>\n<li><a href=\"https:\/\/seedfinder.eu\/en\/strain-info\/afghani\/unknown-or-legendary\" target=\"_blank\" rel=\"noopener\">Afghani<\/a>\n<ul>\n<li><a href=\"https:\/\/seedfinder.eu\/en\/strain-info\/afghani\/unknown-or-legendary\" target=\"_blank\" rel=\"noopener\">Afghanistan (landrace \u00edndica)<\/a><\/li>\n<\/ul>\n<\/li>\n<li><a href=\"https:\/\/seedfinder.eu\/en\/strain-info\/thailand-hybrid\/original-strains\" target=\"_blank\" rel=\"noopener\">Thai<\/a>\n<ul>\n<li><a href=\"https:\/\/seedfinder.eu\/en\/strain-info\/thailand-hybrid\/original-strains\" target=\"_blank\" rel=\"noopener\">Thailand (landrace)<\/a><\/li>\n<\/ul>\n<\/li>\n<\/ul>\n<\/li>\n<\/ul>\n"},"yoast_head":"<!-- This site is optimized with the Yoast SEO plugin v26.5 - https:\/\/yoast.com\/wordpress\/plugins\/seo\/ -->\n<title>Semillas de marihuana Northern Lights feminizadas | \u00cdndica cl\u00e1sica - BLUEDOG GENETICS Seeds<\/title>\n<meta name=\"description\" content=\"Northern Lights es una variedad feminizada cl\u00e1sica, muy f\u00e1cil de cultivar, con efecto relajante y aroma dulce y terroso. Apta para todos los cultivadores.\" \/>\n<meta name=\"robots\" content=\"index, follow, max-snippet:-1, max-image-preview:large, max-video-preview:-1\" \/>\n<link rel=\"canonical\" href=\"https:\/\/bluedoggenetics.com\/de\/produkt\/feminisierte\/northern-lights-marihuana-samen\/\" \/>\n<meta property=\"og:locale\" content=\"de_DE\" \/>\n<meta property=\"og:type\" content=\"article\" \/>\n<meta property=\"og:title\" content=\"Semillas de marihuana Northern Lights feminizadas | \u00cdndica cl\u00e1sica - BLUEDOG GENETICS Seeds\" \/>\n<meta property=\"og:description\" content=\"Northern Lights es una variedad feminizada cl\u00e1sica, muy f\u00e1cil de cultivar, con efecto relajante y aroma dulce y terroso. Apta para todos los cultivadores.\" \/>\n<meta property=\"og:url\" content=\"https:\/\/bluedoggenetics.com\/de\/produkt\/feminisierte\/northern-lights-marihuana-samen\/\" \/>\n<meta property=\"og:site_name\" content=\"BLUEDOG GENETICS Seeds\" \/>\n<meta property=\"article:modified_time\" content=\"2026-04-11T13:17:02+00:00\" \/>\n<meta property=\"og:image\" content=\"https:\/\/bluedoggenetics.com\/wp-content\/uploads\/2025\/06\/Northern-Lights-Bluedog-Genetics_11zon.webp\" \/>\n\t<meta property=\"og:image:width\" content=\"1536\" \/>\n\t<meta property=\"og:image:height\" content=\"1024\" \/>\n\t<meta property=\"og:image:type\" content=\"image\/webp\" \/>\n<meta name=\"twitter:card\" content=\"summary_large_image\" \/>\n<meta name=\"twitter:label1\" content=\"Gesch\u00e4tzte Lesezeit\" \/>\n\t<meta name=\"twitter:data1\" content=\"3\u00a0Minuten\" \/>\n<script type=\"application\/ld+json\" class=\"yoast-schema-graph\">{\"@context\":\"https:\/\/schema.org\",\"@graph\":[{\"@type\":[\"WebPage\",\"ItemPage\"],\"@id\":\"https:\/\/bluedoggenetics.com\/producto\/feminizadas\/semillas-de-marihuana-northern-lights\/\",\"url\":\"https:\/\/bluedoggenetics.com\/producto\/feminizadas\/semillas-de-marihuana-northern-lights\/\",\"name\":\"Semillas de marihuana Northern Lights feminizadas | \u00cdndica cl\u00e1sica - BLUEDOG GENETICS Seeds\",\"isPartOf\":{\"@id\":\"https:\/\/bluedoggenetics.com\/de\/#website\"},\"primaryImageOfPage\":{\"@id\":\"https:\/\/bluedoggenetics.com\/producto\/feminizadas\/semillas-de-marihuana-northern-lights\/#primaryimage\"},\"image\":{\"@id\":\"https:\/\/bluedoggenetics.com\/producto\/feminizadas\/semillas-de-marihuana-northern-lights\/#primaryimage\"},\"thumbnailUrl\":\"https:\/\/bluedoggenetics.com\/wp-content\/uploads\/2025\/06\/Northern-Lights-Bluedog-Genetics_11zon.webp\",\"datePublished\":\"2025-11-22T21:06:12+00:00\",\"dateModified\":\"2026-04-11T13:17:02+00:00\",\"description\":\"Northern Lights es una variedad feminizada cl\u00e1sica, muy f\u00e1cil de cultivar, con efecto relajante y aroma dulce y terroso. Apta para todos los cultivadores.\",\"breadcrumb\":{\"@id\":\"https:\/\/bluedoggenetics.com\/producto\/feminizadas\/semillas-de-marihuana-northern-lights\/#breadcrumb\"},\"inLanguage\":\"de\",\"potentialAction\":[{\"@type\":\"ReadAction\",\"target\":[\"https:\/\/bluedoggenetics.com\/producto\/feminizadas\/semillas-de-marihuana-northern-lights\/\"]}]},{\"@type\":\"ImageObject\",\"inLanguage\":\"de\",\"@id\":\"https:\/\/bluedoggenetics.com\/producto\/feminizadas\/semillas-de-marihuana-northern-lights\/#primaryimage\",\"url\":\"https:\/\/bluedoggenetics.com\/wp-content\/uploads\/2025\/06\/Northern-Lights-Bluedog-Genetics_11zon.webp\",\"contentUrl\":\"https:\/\/bluedoggenetics.com\/wp-content\/uploads\/2025\/06\/Northern-Lights-Bluedog-Genetics_11zon.webp\",\"width\":1536,\"height\":1024,\"caption\":\"Northern Lights en Floracion de Bluedog Genetics\"},{\"@type\":\"BreadcrumbList\",\"@id\":\"https:\/\/bluedoggenetics.com\/producto\/feminizadas\/semillas-de-marihuana-northern-lights\/#breadcrumb\",\"itemListElement\":[{\"@type\":\"ListItem\",\"position\":1,\"name\":\"Portada\",\"item\":\"https:\/\/bluedoggenetics.com\/\"},{\"@type\":\"ListItem\",\"position\":2,\"name\":\"Tienda\",\"item\":\"https:\/\/bluedoggenetics.com\/fr\/tienda\/\"},{\"@type\":\"ListItem\",\"position\":3,\"name\":\"Northern Lights\"}]},{\"@type\":\"WebSite\",\"@id\":\"https:\/\/bluedoggenetics.com\/de\/#website\",\"url\":\"https:\/\/bluedoggenetics.com\/de\/\",\"name\":\"BLUEDOG GENETICS Seeds\",\"description\":\"Compara y compra las mejores semillas de cannabis. Feminizadas, Autoflorecientes, CBD.\",\"publisher\":{\"@id\":\"https:\/\/bluedoggenetics.com\/de\/#organization\"},\"alternateName\":\"BLUEDOG GENETICS\",\"potentialAction\":[{\"@type\":\"SearchAction\",\"target\":{\"@type\":\"EntryPoint\",\"urlTemplate\":\"https:\/\/bluedoggenetics.com\/de\/?s={search_term_string}\"},\"query-input\":{\"@type\":\"PropertyValueSpecification\",\"valueRequired\":true,\"valueName\":\"search_term_string\"}}],\"inLanguage\":\"de\"},{\"@type\":\"Organization\",\"@id\":\"https:\/\/bluedoggenetics.com\/de\/#organization\",\"name\":\"BLUEDOG GENETICS\",\"url\":\"https:\/\/bluedoggenetics.com\/de\/\",\"logo\":{\"@type\":\"ImageObject\",\"inLanguage\":\"de\",\"@id\":\"https:\/\/bluedoggenetics.com\/de\/#\/schema\/logo\/image\/\",\"url\":\"https:\/\/bluedoggenetics.com\/wp-content\/uploads\/2024\/11\/appIcon.png\",\"contentUrl\":\"https:\/\/bluedoggenetics.com\/wp-content\/uploads\/2024\/11\/appIcon.png\",\"width\":1024,\"height\":1024,\"caption\":\"BLUEDOG GENETICS\"},\"image\":{\"@id\":\"https:\/\/bluedoggenetics.com\/de\/#\/schema\/logo\/image\/\"},\"sameAs\":[\"https:\/\/www.instagram.com\/bluedog.genetics\/\"]}]}<\/script>\n<!-- \/ Yoast SEO plugin. -->","yoast_head_json":{"title":"Northern Lights feminisierte Marihuana-Samen | Klassische Indica - BLUEDOG GENETICS Seeds","description":"Northern Lights ist eine klassische feminisierte Sorte, sehr einfach anzubauen, mit entspannender Wirkung sowie s\u00fc\u00dfem und erdigem Aroma. F\u00fcr alle Z\u00fcchter geeignet.","robots":{"index":"index","follow":"follow","max-snippet":"max-snippet:-1","max-image-preview":"max-image-preview:large","max-video-preview":"max-video-preview:-1"},"canonical":"https:\/\/bluedoggenetics.com\/de\/produkt\/feminisierte\/northern-lights-marihuana-samen\/","og_locale":"de_DE","og_type":"article","og_title":"Semillas de marihuana Northern Lights feminizadas | \u00cdndica cl\u00e1sica - BLUEDOG GENETICS Seeds","og_description":"Northern Lights es una variedad feminizada cl\u00e1sica, muy f\u00e1cil de cultivar, con efecto relajante y aroma dulce y terroso. Apta para todos los cultivadores.","og_url":"https:\/\/bluedoggenetics.com\/de\/produkt\/feminisierte\/northern-lights-marihuana-samen\/","og_site_name":"BLUEDOG GENETICS Seeds","article_modified_time":"2026-04-11T13:17:02+00:00","og_image":[{"width":1536,"height":1024,"url":"https:\/\/bluedoggenetics.com\/wp-content\/uploads\/2025\/06\/Northern-Lights-Bluedog-Genetics_11zon.webp","type":"image\/webp"}],"twitter_card":"summary_large_image","twitter_misc":{"Gesch\u00e4tzte Lesezeit":"3\u00a0Minuten"},"schema":{"@context":"https:\/\/schema.org","@graph":[{"@type":["WebPage","ItemPage"],"@id":"https:\/\/bluedoggenetics.com\/producto\/feminizadas\/semillas-de-marihuana-northern-lights\/","url":"https:\/\/bluedoggenetics.com\/producto\/feminizadas\/semillas-de-marihuana-northern-lights\/","name":"Northern Lights feminisierte Marihuana-Samen | Klassische Indica - BLUEDOG GENETICS Seeds","isPartOf":{"@id":"https:\/\/bluedoggenetics.com\/de\/#website"},"primaryImageOfPage":{"@id":"https:\/\/bluedoggenetics.com\/producto\/feminizadas\/semillas-de-marihuana-northern-lights\/#primaryimage"},"image":{"@id":"https:\/\/bluedoggenetics.com\/producto\/feminizadas\/semillas-de-marihuana-northern-lights\/#primaryimage"},"thumbnailUrl":"https:\/\/bluedoggenetics.com\/wp-content\/uploads\/2025\/06\/Northern-Lights-Bluedog-Genetics_11zon.webp","datePublished":"2025-11-22T21:06:12+00:00","dateModified":"2026-04-11T13:17:02+00:00","description":"Northern Lights ist eine klassische feminisierte Sorte, sehr einfach anzubauen, mit entspannender Wirkung sowie s\u00fc\u00dfem und erdigem Aroma. F\u00fcr alle Z\u00fcchter geeignet.","breadcrumb":{"@id":"https:\/\/bluedoggenetics.com\/producto\/feminizadas\/semillas-de-marihuana-northern-lights\/#breadcrumb"},"inLanguage":"de","potentialAction":[{"@type":"ReadAction","target":["https:\/\/bluedoggenetics.com\/producto\/feminizadas\/semillas-de-marihuana-northern-lights\/"]}]},{"@type":"ImageObject","inLanguage":"de","@id":"https:\/\/bluedoggenetics.com\/producto\/feminizadas\/semillas-de-marihuana-northern-lights\/#primaryimage","url":"https:\/\/bluedoggenetics.com\/wp-content\/uploads\/2025\/06\/Northern-Lights-Bluedog-Genetics_11zon.webp","contentUrl":"https:\/\/bluedoggenetics.com\/wp-content\/uploads\/2025\/06\/Northern-Lights-Bluedog-Genetics_11zon.webp","width":1536,"height":1024,"caption":"Northern Lights en Floracion de Bluedog Genetics"},{"@type":"BreadcrumbList","@id":"https:\/\/bluedoggenetics.com\/producto\/feminizadas\/semillas-de-marihuana-northern-lights\/#breadcrumb","itemListElement":[{"@type":"ListItem","position":1,"name":"Portada","item":"https:\/\/bluedoggenetics.com\/"},{"@type":"ListItem","position":2,"name":"Tienda","item":"https:\/\/bluedoggenetics.com\/fr\/tienda\/"},{"@type":"ListItem","position":3,"name":"Northern Lights"}]},{"@type":"WebSite","@id":"https:\/\/bluedoggenetics.com\/de\/#website","url":"https:\/\/bluedoggenetics.com\/de\/","name":"BLUEDOG GENETICS Seeds","description":"Vergleiche und kaufe die besten Hanfsamen. Feminisiert, Autoflowering, CBD.","publisher":{"@id":"https:\/\/bluedoggenetics.com\/de\/#organization"},"alternateName":"BLUEDOG GENETICS","potentialAction":[{"@type":"SearchAction","target":{"@type":"EntryPoint","urlTemplate":"https:\/\/bluedoggenetics.com\/de\/?s={search_term_string}"},"query-input":{"@type":"PropertyValueSpecification","valueRequired":true,"valueName":"search_term_string"}}],"inLanguage":"de"},{"@type":"Organization","@id":"https:\/\/bluedoggenetics.com\/de\/#organization","name":"BLUEDOG GENETICS","url":"https:\/\/bluedoggenetics.com\/de\/","logo":{"@type":"ImageObject","inLanguage":"de","@id":"https:\/\/bluedoggenetics.com\/de\/#\/schema\/logo\/image\/","url":"https:\/\/bluedoggenetics.com\/wp-content\/uploads\/2024\/11\/appIcon.png","contentUrl":"https:\/\/bluedoggenetics.com\/wp-content\/uploads\/2024\/11\/appIcon.png","width":1024,"height":1024,"caption":"BLUEDOG GENETICS"},"image":{"@id":"https:\/\/bluedoggenetics.com\/de\/#\/schema\/logo\/image\/"},"sameAs":["https:\/\/www.instagram.com\/bluedog.genetics\/"]}]}},"sticker_url":"https:\/\/bluedoggenetics.com\/wp-content\/uploads\/2025\/07\/Northern-Lights-Sticker.webp","variations_full":[{"id":2697,"price":6.5,"regular_price":6.5,"attributes":{"attribute_cantidad":"Pack 1"},"image_src":"https:\/\/bluedoggenetics.com\/wp-content\/uploads\/2025\/06\/Northern-Lights-Bluedog-Genetics_11zon-600x400.webp","is_in_stock":true},{"id":2698,"price":16.5,"regular_price":16.5,"attributes":{"attribute_cantidad":"Pack 3"},"image_src":"https:\/\/bluedoggenetics.com\/wp-content\/uploads\/2025\/06\/Northern-Lights-Bluedog-Genetics_11zon-600x400.webp","is_in_stock":true},{"id":2699,"price":24.3,"regular_price":24.3,"attributes":{"attribute_cantidad":"Pack 5"},"image_src":"https:\/\/bluedoggenetics.com\/wp-content\/uploads\/2025\/06\/Northern-Lights-Bluedog-Genetics_11zon-600x400.webp","is_in_stock":true},{"id":2700,"price":42.5,"regular_price":42.5,"attributes":{"attribute_cantidad":"Pack 10"},"image_src":"https:\/\/bluedoggenetics.com\/wp-content\/uploads\/2025\/06\/Northern-Lights-Bluedog-Genetics_11zon-600x400.webp","is_in_stock":true}],"jetpack_sharing_enabled":true,"_links":{"self":[{"href":"https:\/\/bluedoggenetics.com\/de\/wp-json\/wp\/v2\/product\/2564","targetHints":{"allow":["GET"]}}],"collection":[{"href":"https:\/\/bluedoggenetics.com\/de\/wp-json\/wp\/v2\/product"}],"about":[{"href":"https:\/\/bluedoggenetics.com\/de\/wp-json\/wp\/v2\/types\/product"}],"wp:featuredmedia":[{"embeddable":true,"href":"https:\/\/bluedoggenetics.com\/de\/wp-json\/wp\/v2\/media\/2612"}],"wp:attachment":[{"href":"https:\/\/bluedoggenetics.com\/de\/wp-json\/wp\/v2\/media?parent=2564"}],"wp:term":[{"taxonomy":"product_brand","embeddable":true,"href":"https:\/\/bluedoggenetics.com\/de\/wp-json\/wp\/v2\/product_brand?post=2564"},{"taxonomy":"product_cat","embeddable":true,"href":"https:\/\/bluedoggenetics.com\/de\/wp-json\/wp\/v2\/product_cat?post=2564"},{"taxonomy":"product_tag","embeddable":true,"href":"https:\/\/bluedoggenetics.com\/de\/wp-json\/wp\/v2\/product_tag?post=2564"}],"curies":[{"name":"wp","href":"https:\/\/api.w.org\/{rel}","templated":true}]}}