{"id":2505,"date":"2025-11-16T17:06:00","date_gmt":"2025-11-16T16:06:00","guid":{"rendered":"https:\/\/bluedoggenetics.com\/?post_type=product&#038;p=2505"},"modified":"2026-04-11T15:16:58","modified_gmt":"2026-04-11T13:16:58","slug":"rs11-feminisierte-samen-bluedog-genetics-seeds","status":"publish","type":"product","link":"https:\/\/bluedoggenetics.com\/de\/produkt\/feminisierte\/rs11-feminisierte-samen-bluedog-genetics-seeds\/","title":{"rendered":"RS11 (Rainbow Sherbet 11)"},"content":{"rendered":"<p class=\"translation-block\"><strong>RS11<\/strong> ist eine feminisierte, indica-dominante Sorte, entstanden aus der Kreuzung von Pink Guava und Sunset Sherbert. Diese <strong>Elite-Genetik bietet ein intensives<\/strong> und vollst\u00e4ndiges Erlebnis, ideal f\u00fcr anspruchsvolle Z\u00fcchter, die Qualit\u00e4t und Potenz in jeder Ernte suchen. Mit THC-Werten, die 30 % \u00fcbersteigen k\u00f6nnen, zeichnet sich RS11 durch ausgewogene Effekte und ein s\u00fc\u00dfes, fruchtiges und leicht cremiges Terpenprofil aus. Ihr Bl\u00fctezyklus ist relativ kurz, und ihre robuste Struktur macht sie zu einer ausgezeichneten Wahl sowohl f\u00fcr den Innen- als auch den Au\u00dfenanbau.<\/p>\n<p class=\"translation-block\"><strong>Bl\u00fctenaussehen<\/strong><br>\nRS11 entwickelt <strong>kompakte und dichte Knospen, bedeckt von einer dicken Schicht Trichome<\/strong>, die ihnen einen spektakul\u00e4ren kristallinen Glanz verleiht. Sie zeigen intensive Gr\u00fcnt\u00f6ne <strong>mit bl\u00e4ulichen Highlights,<\/strong> kombiniert mit orangefarbenen Stempeln, die einen sehr attraktiven visuellen Kontrast bieten. Beim Zerkleinern entfalten sie intensiv fruchtige Aromen mit exotischen und s\u00fc\u00dfen Nuancen, was ein reichhaltiges und einh\u00fcllendes Geschmackserlebnis verspricht.<\/p>\n<p class=\"translation-block\"><strong>Pflanzenmorphologie<\/strong><br>\nDiese Genetik w\u00e4chst kr\u00e4ftig und <strong>b\u00fcschenf\u00f6rmig<\/strong>, erreicht je nach Umgebung zwischen 120 und 180 cm. Ihre offene Struktur erm\u00f6glicht eine gute Lichtdurchdringung, was die Bl\u00fctenproduktion an allen Zweigen beg\u00fcnstigt. Die Bl\u00e4tter sind tiefgr\u00fcn, typisch f\u00fcr Indica-Sorten, und die Pflanze ist insgesamt leicht zu handhaben, was sie sowohl f\u00fcr Anf\u00e4nger als auch f\u00fcr erfahrene Z\u00fcchter geeignet macht.<\/p>\n<h3>Anbautipps<\/h3>\n<ul>\n<li class=\"translation-block\"><strong data-start=\"117\" data-end=\"164\">Welches Klima ist ideal f\u00fcr den Anbau von RS11?<\/strong><br data-start=\"164\" data-end=\"167\">RS11 bevorzugt <strong>gem\u00e4\u00dfigte, sonnige und stabile<\/strong> Klimazonen. Sie gedeiht am besten in mediterranen Umgebungen oder gut kontrollierten Gew\u00e4chsh\u00e4usern. Im Innenanbau ist es ideal, tags\u00fcber eine Temperatur zwischen 20\u202f\u00b0C und 28\u202f\u00b0C zu halten, mit einem leichten n\u00e4chtlichen Abfall, um die Trichomproduktion zu stimulieren.<\/li>\n<li class=\"translation-block\"><strong data-start=\"348\" data-end=\"408\">Welche Trainingstechniken funktionieren am besten bei RS11?<\/strong><br data-start=\"408\" data-end=\"411\">Dank ihrer vielseitigen Struktur <strong>reagiert RS11 sehr gut auf Techniken wie LST<\/strong> (Low Stress Training), SCROG oder Main-Lining, die helfen, die Lichtverteilung zu verbessern und den Ertrag zu maximieren. Ihre mittlere Gr\u00f6\u00dfe und Verzweigung machen sie perfekt f\u00fcr kontrollierte R\u00e4ume.<\/li>\n<li class=\"translation-block\"><strong data-start=\"572\" data-end=\"617\">Welche D\u00fcngung ben\u00f6tigt RS11?<\/strong><br data-start=\"617\" data-end=\"620\">W\u00e4hrend der vegetativen Phase profitiert RS11 von einer <strong>ausgewogenen N\u00e4hrstoffzufuhr<\/strong>. Zu Beginn der Bl\u00fcte sollte der Phosphor- und Kaliumanteil erh\u00f6ht werden, um die Dichte und Harzigkeit der Knospen zu verbessern. Der Einsatz von Mykorrhiza oder organischen Bl\u00fchstimulatoren wird empfohlen, um das Aroma zu verst\u00e4rken.<\/li>\n<li class=\"translation-block\"><strong data-start=\"808\" data-end=\"859\">Wie sollte die Bew\u00e4sserung und Luftfeuchtigkeit f\u00fcr RS11 sein?<\/strong><br data-start=\"859\" data-end=\"862\">Halten Sie das Substrat feucht, aber nicht durchn\u00e4sst. Lassen Sie es zwischen den Wassergaben leicht austrocknen, um Schimmelbildung zu vermeiden. W\u00e4hrend der Bl\u00fcte wird empfohlen, die <strong>relative Luftfeuchtigkeit auf 40\u201350 % zu senken, um das Harz zu sch\u00fctzen<\/strong> und Botrytis oder Schimmel zu vermeiden.<\/li>\n<li class=\"translation-block\"><strong data-start=\"1006\" data-end=\"1045\">Ist es notwendig, die RS11-Pflanze zu beschneiden?<\/strong><br data-start=\"1045\" data-end=\"1048\">Ja. Das Spitzen w\u00e4hrend der vegetativen Wachstumsphase f\u00f6rdert eine st\u00e4rker verzweigte Struktur. Selektives Entlauben in der Vorbl\u00fcte verbessert die Luftzirkulation und Lichtdurchdringung, was zu einer gleichm\u00e4\u00dfigeren und produktiveren Bl\u00fcte f\u00fchrt. Sie k\u00f6nnen bei Bedarf auch <strong>leichte Entlaubungen in den ersten Bl\u00fctewochen<\/strong> durchf\u00fchren.<\/li>\n<\/ul>","protected":false},"excerpt":{"rendered":"<p><strong data-start=\"123\" data-end=\"142\">RS11 Feminizada<\/strong> es una potente variedad \u00edndica, cruce de Pink Guava y Sunset Sherbert, con niveles de THC que pueden superar el 30%. Destaca por sus sabores dulces y afrutados, una producci\u00f3n de cogollos densos y resinosos, y un efecto equilibrado entre relajaci\u00f3n y euforia. F\u00e1cil de cultivar en climas templados, es perfecta para quienes buscan potencia, sabor y calidad en una sola gen\u00e9tica.<\/p>","protected":false},"featured_media":2619,"template":"","meta":{"_acf_changed":false,"inline_featured_image":false,"_wp_applaud_exclude":false},"product_brand":[194],"product_cat":[22],"product_tag":[],"class_list":{"0":"post-2505","1":"product","2":"type-product","3":"status-publish","4":"has-post-thumbnail","6":"product_brand-bluedog-genetics","7":"product_cat-feminizadas","9":"first","10":"instock","11":"taxable","12":"shipping-taxable","13":"purchasable","14":"product-type-variable"},"acf":{"sticker":"https:\/\/bluedoggenetics.com\/wp-content\/uploads\/2025\/07\/57a6adca-b6cb-4ab4-86ed-e2a6758bb159.webp","family_tree":"<ul>\n<li><a href=\"https:\/\/seedfinder.eu\/en\/strain-info\/rs-11\/clone-only-strains\" target=\"_blank\" rel=\"noopener\">RS11 (Rainbow Sherbert 11)<\/a>\n<ul>\n<li><a href=\"https:\/\/seedfinder.eu\/en\/strain-info\/pink-guava\/clone-only-strains\" target=\"_blank\" rel=\"noopener\">Pink Guava<\/a>\n<ul>\n<li><a href=\"https:\/\/seedfinder.eu\/en\/strain-info\/gelato\/unknown-or-legendary\" target=\"_blank\" rel=\"noopener\">Gelato<\/a><\/li>\n<li><a href=\"https:\/\/seedfinder.eu\/en\/strain-info\/og-kush\/clone-only-strains\" target=\"_blank\" rel=\"noopener\">OG Kush<\/a><\/li>\n<\/ul>\n<\/li>\n<li><a href=\"https:\/\/seedfinder.eu\/en\/strain-info\/sunset-sherbert\/unknown-or-legendary\" target=\"_blank\" rel=\"noopener\">Sunset Sherbert<\/a>\n<ul>\n<li><a href=\"https:\/\/seedfinder.eu\/en\/strain-info\/girl-scout-cookies\/clone-only-strains\" target=\"_blank\" rel=\"noopener\">Girl Scout Cookies<\/a>\n<ul>\n<li><a href=\"https:\/\/seedfinder.eu\/en\/strain-info\/og-kush\/clone-only-strains\" target=\"_blank\" rel=\"noopener\">OG Kush<\/a><\/li>\n<li><a href=\"https:\/\/seedfinder.eu\/en\/strain-info\/durban-poison\/african-seeds\" target=\"_blank\" rel=\"noopener\">Durban Poison<\/a><\/li>\n<\/ul>\n<\/li>\n<li><a href=\"https:\/\/seedfinder.eu\/en\/strain-info\/pink-panties\/apothecary-genetics\" target=\"_blank\" rel=\"noopener\">Pink Panties<\/a>\n<ul>\n<li><a href=\"https:\/\/seedfinder.eu\/en\/strain-info\/burmese-kush\/th-seeds\" target=\"_blank\" rel=\"noopener\">Burmese Kush<\/a><\/li>\n<li><a href=\"https:\/\/seedfinder.eu\/en\/strain-info\/florida-og\/dna-genetics-seeds\" target=\"_blank\" rel=\"noopener\">Florida OG<\/a><\/li>\n<\/ul>\n<\/li>\n<\/ul>\n<\/li>\n<\/ul>\n<\/li>\n<\/ul>\n"},"yoast_head":"<!-- This site is optimized with the Yoast SEO plugin v26.5 - https:\/\/yoast.com\/wordpress\/plugins\/seo\/ -->\n<title>RS11 - Semillas de marihuana feminizadas con gen\u00e9tica elite - BLUEDOG GENETICS Seeds<\/title>\n<meta name=\"description\" content=\"Descubre RS11, semillas de marihuana feminizadas con m\u00e1s del 30% de THC. Una gen\u00e9tica \u00e9lite con sabor afrutado y efectos intensos.\" \/>\n<meta name=\"robots\" content=\"index, follow, max-snippet:-1, max-image-preview:large, max-video-preview:-1\" \/>\n<link rel=\"canonical\" href=\"https:\/\/bluedoggenetics.com\/de\/produkt\/feminisierte\/rs11-feminisierte-samen-bluedog-genetics-seeds\/\" \/>\n<meta property=\"og:locale\" content=\"de_DE\" \/>\n<meta property=\"og:type\" content=\"article\" \/>\n<meta property=\"og:title\" content=\"RS11 - Semillas de marihuana feminizadas con gen\u00e9tica elite - BLUEDOG GENETICS Seeds\" \/>\n<meta property=\"og:description\" content=\"Descubre RS11, semillas de marihuana feminizadas con m\u00e1s del 30% de THC. Una gen\u00e9tica \u00e9lite con sabor afrutado y efectos intensos.\" \/>\n<meta property=\"og:url\" content=\"https:\/\/bluedoggenetics.com\/de\/produkt\/feminisierte\/rs11-feminisierte-samen-bluedog-genetics-seeds\/\" \/>\n<meta property=\"og:site_name\" content=\"BLUEDOG GENETICS Seeds\" \/>\n<meta property=\"article:modified_time\" content=\"2026-04-11T13:16:58+00:00\" \/>\n<meta property=\"og:image\" content=\"https:\/\/bluedoggenetics.com\/wp-content\/uploads\/2025\/05\/RS-11-Bluedog-Genetics_11zon.webp\" \/>\n\t<meta property=\"og:image:width\" content=\"1536\" \/>\n\t<meta property=\"og:image:height\" content=\"1024\" \/>\n\t<meta property=\"og:image:type\" content=\"image\/webp\" \/>\n<meta name=\"twitter:card\" content=\"summary_large_image\" \/>\n<meta name=\"twitter:label1\" content=\"Gesch\u00e4tzte Lesezeit\" \/>\n\t<meta name=\"twitter:data1\" content=\"3\u00a0Minuten\" \/>\n<script type=\"application\/ld+json\" class=\"yoast-schema-graph\">{\"@context\":\"https:\/\/schema.org\",\"@graph\":[{\"@type\":[\"WebPage\",\"ItemPage\"],\"@id\":\"https:\/\/bluedoggenetics.com\/producto\/feminizadas\/semillas-rs11-feminizadas\/\",\"url\":\"https:\/\/bluedoggenetics.com\/producto\/feminizadas\/semillas-rs11-feminizadas\/\",\"name\":\"RS11 - Semillas de marihuana feminizadas con gen\u00e9tica elite - BLUEDOG GENETICS Seeds\",\"isPartOf\":{\"@id\":\"https:\/\/bluedoggenetics.com\/de\/#website\"},\"primaryImageOfPage\":{\"@id\":\"https:\/\/bluedoggenetics.com\/producto\/feminizadas\/semillas-rs11-feminizadas\/#primaryimage\"},\"image\":{\"@id\":\"https:\/\/bluedoggenetics.com\/producto\/feminizadas\/semillas-rs11-feminizadas\/#primaryimage\"},\"thumbnailUrl\":\"https:\/\/bluedoggenetics.com\/wp-content\/uploads\/2025\/05\/RS-11-Bluedog-Genetics_11zon.webp\",\"datePublished\":\"2025-11-16T16:06:00+00:00\",\"dateModified\":\"2026-04-11T13:16:58+00:00\",\"description\":\"Descubre RS11, semillas de marihuana feminizadas con m\u00e1s del 30% de THC. Una gen\u00e9tica \u00e9lite con sabor afrutado y efectos intensos.\",\"breadcrumb\":{\"@id\":\"https:\/\/bluedoggenetics.com\/producto\/feminizadas\/semillas-rs11-feminizadas\/#breadcrumb\"},\"inLanguage\":\"de\",\"potentialAction\":[{\"@type\":\"ReadAction\",\"target\":[\"https:\/\/bluedoggenetics.com\/producto\/feminizadas\/semillas-rs11-feminizadas\/\"]}]},{\"@type\":\"ImageObject\",\"inLanguage\":\"de\",\"@id\":\"https:\/\/bluedoggenetics.com\/producto\/feminizadas\/semillas-rs11-feminizadas\/#primaryimage\",\"url\":\"https:\/\/bluedoggenetics.com\/wp-content\/uploads\/2025\/05\/RS-11-Bluedog-Genetics_11zon.webp\",\"contentUrl\":\"https:\/\/bluedoggenetics.com\/wp-content\/uploads\/2025\/05\/RS-11-Bluedog-Genetics_11zon.webp\",\"width\":1536,\"height\":1024,\"caption\":\"Rainbow Sherbet 11 en floracion de Bluedog Genetics\"},{\"@type\":\"BreadcrumbList\",\"@id\":\"https:\/\/bluedoggenetics.com\/producto\/feminizadas\/semillas-rs11-feminizadas\/#breadcrumb\",\"itemListElement\":[{\"@type\":\"ListItem\",\"position\":1,\"name\":\"Portada\",\"item\":\"https:\/\/bluedoggenetics.com\/\"},{\"@type\":\"ListItem\",\"position\":2,\"name\":\"Tienda\",\"item\":\"https:\/\/bluedoggenetics.com\/fr\/tienda\/\"},{\"@type\":\"ListItem\",\"position\":3,\"name\":\"RS11 (Rainbow Sherbet 11)\"}]},{\"@type\":\"WebSite\",\"@id\":\"https:\/\/bluedoggenetics.com\/de\/#website\",\"url\":\"https:\/\/bluedoggenetics.com\/de\/\",\"name\":\"BLUEDOG GENETICS Seeds\",\"description\":\"Compara y compra las mejores semillas de cannabis. Feminizadas, Autoflorecientes, CBD.\",\"publisher\":{\"@id\":\"https:\/\/bluedoggenetics.com\/de\/#organization\"},\"alternateName\":\"BLUEDOG GENETICS\",\"potentialAction\":[{\"@type\":\"SearchAction\",\"target\":{\"@type\":\"EntryPoint\",\"urlTemplate\":\"https:\/\/bluedoggenetics.com\/de\/?s={search_term_string}\"},\"query-input\":{\"@type\":\"PropertyValueSpecification\",\"valueRequired\":true,\"valueName\":\"search_term_string\"}}],\"inLanguage\":\"de\"},{\"@type\":\"Organization\",\"@id\":\"https:\/\/bluedoggenetics.com\/de\/#organization\",\"name\":\"BLUEDOG GENETICS\",\"url\":\"https:\/\/bluedoggenetics.com\/de\/\",\"logo\":{\"@type\":\"ImageObject\",\"inLanguage\":\"de\",\"@id\":\"https:\/\/bluedoggenetics.com\/de\/#\/schema\/logo\/image\/\",\"url\":\"https:\/\/bluedoggenetics.com\/wp-content\/uploads\/2024\/11\/appIcon.png\",\"contentUrl\":\"https:\/\/bluedoggenetics.com\/wp-content\/uploads\/2024\/11\/appIcon.png\",\"width\":1024,\"height\":1024,\"caption\":\"BLUEDOG GENETICS\"},\"image\":{\"@id\":\"https:\/\/bluedoggenetics.com\/de\/#\/schema\/logo\/image\/\"},\"sameAs\":[\"https:\/\/www.instagram.com\/bluedog.genetics\/\"]}]}<\/script>\n<!-- \/ Yoast SEO plugin. -->","yoast_head_json":{"title":"RS11 - Feminisierte Cannabissamen mit Elite-Genetik - BLUEDOG GENETICS Seeds","description":"Entdecke RS11, feminisierte Cannabissamen mit \u00fcber 30 % THC. Eine Elite-Genetik mit fruchtigem Geschmack und intensiven Effekten.","robots":{"index":"index","follow":"follow","max-snippet":"max-snippet:-1","max-image-preview":"max-image-preview:large","max-video-preview":"max-video-preview:-1"},"canonical":"https:\/\/bluedoggenetics.com\/de\/produkt\/feminisierte\/rs11-feminisierte-samen-bluedog-genetics-seeds\/","og_locale":"de_DE","og_type":"article","og_title":"RS11 - Semillas de marihuana feminizadas con gen\u00e9tica elite - BLUEDOG GENETICS Seeds","og_description":"Descubre RS11, semillas de marihuana feminizadas con m\u00e1s del 30% de THC. Una gen\u00e9tica \u00e9lite con sabor afrutado y efectos intensos.","og_url":"https:\/\/bluedoggenetics.com\/de\/produkt\/feminisierte\/rs11-feminisierte-samen-bluedog-genetics-seeds\/","og_site_name":"BLUEDOG GENETICS Seeds","article_modified_time":"2026-04-11T13:16:58+00:00","og_image":[{"width":1536,"height":1024,"url":"https:\/\/bluedoggenetics.com\/wp-content\/uploads\/2025\/05\/RS-11-Bluedog-Genetics_11zon.webp","type":"image\/webp"}],"twitter_card":"summary_large_image","twitter_misc":{"Gesch\u00e4tzte Lesezeit":"3\u00a0Minuten"},"schema":{"@context":"https:\/\/schema.org","@graph":[{"@type":["WebPage","ItemPage"],"@id":"https:\/\/bluedoggenetics.com\/producto\/feminizadas\/semillas-rs11-feminizadas\/","url":"https:\/\/bluedoggenetics.com\/producto\/feminizadas\/semillas-rs11-feminizadas\/","name":"RS11 - Feminisierte Cannabissamen mit Elite-Genetik - BLUEDOG GENETICS Seeds","isPartOf":{"@id":"https:\/\/bluedoggenetics.com\/de\/#website"},"primaryImageOfPage":{"@id":"https:\/\/bluedoggenetics.com\/producto\/feminizadas\/semillas-rs11-feminizadas\/#primaryimage"},"image":{"@id":"https:\/\/bluedoggenetics.com\/producto\/feminizadas\/semillas-rs11-feminizadas\/#primaryimage"},"thumbnailUrl":"https:\/\/bluedoggenetics.com\/wp-content\/uploads\/2025\/05\/RS-11-Bluedog-Genetics_11zon.webp","datePublished":"2025-11-16T16:06:00+00:00","dateModified":"2026-04-11T13:16:58+00:00","description":"Entdecke RS11, feminisierte Cannabissamen mit \u00fcber 30 % THC. Eine Elite-Genetik mit fruchtigem Geschmack und intensiven Effekten.","breadcrumb":{"@id":"https:\/\/bluedoggenetics.com\/producto\/feminizadas\/semillas-rs11-feminizadas\/#breadcrumb"},"inLanguage":"de","potentialAction":[{"@type":"ReadAction","target":["https:\/\/bluedoggenetics.com\/producto\/feminizadas\/semillas-rs11-feminizadas\/"]}]},{"@type":"ImageObject","inLanguage":"de","@id":"https:\/\/bluedoggenetics.com\/producto\/feminizadas\/semillas-rs11-feminizadas\/#primaryimage","url":"https:\/\/bluedoggenetics.com\/wp-content\/uploads\/2025\/05\/RS-11-Bluedog-Genetics_11zon.webp","contentUrl":"https:\/\/bluedoggenetics.com\/wp-content\/uploads\/2025\/05\/RS-11-Bluedog-Genetics_11zon.webp","width":1536,"height":1024,"caption":"Rainbow Sherbet 11 en floracion de Bluedog Genetics"},{"@type":"BreadcrumbList","@id":"https:\/\/bluedoggenetics.com\/producto\/feminizadas\/semillas-rs11-feminizadas\/#breadcrumb","itemListElement":[{"@type":"ListItem","position":1,"name":"Portada","item":"https:\/\/bluedoggenetics.com\/"},{"@type":"ListItem","position":2,"name":"Tienda","item":"https:\/\/bluedoggenetics.com\/fr\/tienda\/"},{"@type":"ListItem","position":3,"name":"RS11 (Rainbow Sherbet 11)"}]},{"@type":"WebSite","@id":"https:\/\/bluedoggenetics.com\/de\/#website","url":"https:\/\/bluedoggenetics.com\/de\/","name":"BLUEDOG GENETICS Seeds","description":"Vergleiche und kaufe die besten Hanfsamen. Feminisiert, Autoflowering, CBD.","publisher":{"@id":"https:\/\/bluedoggenetics.com\/de\/#organization"},"alternateName":"BLUEDOG GENETICS","potentialAction":[{"@type":"SearchAction","target":{"@type":"EntryPoint","urlTemplate":"https:\/\/bluedoggenetics.com\/de\/?s={search_term_string}"},"query-input":{"@type":"PropertyValueSpecification","valueRequired":true,"valueName":"search_term_string"}}],"inLanguage":"de"},{"@type":"Organization","@id":"https:\/\/bluedoggenetics.com\/de\/#organization","name":"BLUEDOG GENETICS","url":"https:\/\/bluedoggenetics.com\/de\/","logo":{"@type":"ImageObject","inLanguage":"de","@id":"https:\/\/bluedoggenetics.com\/de\/#\/schema\/logo\/image\/","url":"https:\/\/bluedoggenetics.com\/wp-content\/uploads\/2024\/11\/appIcon.png","contentUrl":"https:\/\/bluedoggenetics.com\/wp-content\/uploads\/2024\/11\/appIcon.png","width":1024,"height":1024,"caption":"BLUEDOG GENETICS"},"image":{"@id":"https:\/\/bluedoggenetics.com\/de\/#\/schema\/logo\/image\/"},"sameAs":["https:\/\/www.instagram.com\/bluedog.genetics\/"]}]}},"sticker_url":"https:\/\/bluedoggenetics.com\/wp-content\/uploads\/2025\/07\/57a6adca-b6cb-4ab4-86ed-e2a6758bb159.webp","variations_full":[{"id":2652,"price":12,"regular_price":12,"attributes":{"attribute_cantidad":"Pack 1"},"image_src":"https:\/\/bluedoggenetics.com\/wp-content\/uploads\/2025\/05\/RS-11-Bluedog-Genetics_11zon-600x400.webp","is_in_stock":true},{"id":2653,"price":30.5,"regular_price":30.5,"attributes":{"attribute_cantidad":"Pack 3"},"image_src":"https:\/\/bluedoggenetics.com\/wp-content\/uploads\/2025\/05\/RS-11-Bluedog-Genetics_11zon-600x400.webp","is_in_stock":true},{"id":2654,"price":45,"regular_price":45,"attributes":{"attribute_cantidad":"Pack 5"},"image_src":"https:\/\/bluedoggenetics.com\/wp-content\/uploads\/2025\/05\/RS-11-Bluedog-Genetics_11zon-600x400.webp","is_in_stock":true},{"id":2655,"price":78,"regular_price":78,"attributes":{"attribute_cantidad":"Pack 10"},"image_src":"https:\/\/bluedoggenetics.com\/wp-content\/uploads\/2025\/05\/RS-11-Bluedog-Genetics_11zon-600x400.webp","is_in_stock":true}],"jetpack_sharing_enabled":true,"_links":{"self":[{"href":"https:\/\/bluedoggenetics.com\/de\/wp-json\/wp\/v2\/product\/2505","targetHints":{"allow":["GET"]}}],"collection":[{"href":"https:\/\/bluedoggenetics.com\/de\/wp-json\/wp\/v2\/product"}],"about":[{"href":"https:\/\/bluedoggenetics.com\/de\/wp-json\/wp\/v2\/types\/product"}],"wp:featuredmedia":[{"embeddable":true,"href":"https:\/\/bluedoggenetics.com\/de\/wp-json\/wp\/v2\/media\/2619"}],"wp:attachment":[{"href":"https:\/\/bluedoggenetics.com\/de\/wp-json\/wp\/v2\/media?parent=2505"}],"wp:term":[{"taxonomy":"product_brand","embeddable":true,"href":"https:\/\/bluedoggenetics.com\/de\/wp-json\/wp\/v2\/product_brand?post=2505"},{"taxonomy":"product_cat","embeddable":true,"href":"https:\/\/bluedoggenetics.com\/de\/wp-json\/wp\/v2\/product_cat?post=2505"},{"taxonomy":"product_tag","embeddable":true,"href":"https:\/\/bluedoggenetics.com\/de\/wp-json\/wp\/v2\/product_tag?post=2505"}],"curies":[{"name":"wp","href":"https:\/\/api.w.org\/{rel}","templated":true}]}}