{"id":1887,"date":"2024-11-19T21:39:14","date_gmt":"2024-11-19T20:39:14","guid":{"rendered":"https:\/\/bluedoggenetics.com\/?post_type=product&#038;p=1887"},"modified":"2026-04-11T15:16:55","modified_gmt":"2026-04-11T13:16:55","slug":"ghost-train-haze-auto","status":"publish","type":"product","link":"https:\/\/bluedoggenetics.com\/de\/produkt\/autoflowering\/ghost-train-haze-auto\/","title":{"rendered":"Ghost Train Haze Auto"},"content":{"rendered":"<p class=\"translation-block\"><strong>Ghost Train Haze Auto<\/strong> ist eine <strong>pure autoflowering Sativa,<\/strong> mit einem Lebenszyklus von 10-12 Wochen. Perfekt f\u00fcr warme Klimazonen w\u00e4chst diese Pflanze kr\u00e4ftig und erreicht Ertr\u00e4ge von 350 bis 450 Gramm pro Quadratmeter im Innenbereich und 50 bis 150 Gramm pro Pflanze im Au\u00dfenbereich. Ihre robuste Genetik und Anpassungsf\u00e4higkeit an verschiedene Bedingungen machen sie zu einer vielseitigen Option f\u00fcr Anf\u00e4nger und erfahrene Z\u00fcchter.<\/p>\n<p class=\"translation-block\">Mit einem THC-Gehalt von <strong>20 % bis 25 %<\/strong> ist Ghost Train Haze Auto bekannt f\u00fcr ihre euphorischen und kreativen Effekte. Sie bietet einen fr\u00f6hlichen und aktiven Rausch, der ideal zum Sozialisieren, Fokussieren oder einfach f\u00fcr einen Moment des Lachens ist. Ihr Geschmacksprofil kombiniert frische Zitrusfr\u00fcchte, fruchtige S\u00fc\u00dfe, Gew\u00fcrze und einen erdigen Touch, was eine reiche und fesselnde sensorische Erfahrung bietet. Dar\u00fcber hinaus ist diese Sorte wirksam, um den Appetit zu steigern, \u00dcbelkeit zu lindern und Angst zu reduzieren, was sie zu einer ausgezeichneten therapeutischen Option macht.<\/p>\n<p class=\"translation-block\"><strong>Aussehen der Bl\u00fcte.<\/strong> Die Buds von Ghost Train Haze Auto sind <strong>mittelgro\u00df und dicht, bedeckt mit einer gl\u00e4nzenden Schicht harziger Trichome,<\/strong> die ihre hohe Potenz widerspiegeln. Helle Gr\u00fcnt\u00f6ne vermischen sich mit lebhaften orangen Pistillen und violetten T\u00f6nen, was ein frisches und ansprechendes Aussehen schafft. Beim Zerkleinern der Buds wird ein intensives Zitrusaroma freigesetzt, mit s\u00fc\u00dfen, w\u00fcrzigen und erdigen Untert\u00f6nen, die ihre charakteristische Potenz ank\u00fcndigen.<\/p>\n<p class=\"translation-block\"><strong>Pflanzenmorphologie.<\/strong> Ghost Train Haze Auto w\u00e4chst mittelgro\u00df bis hoch und erreicht zwischen <strong>120 und 150 cm sowohl im Innen- als auch im Au\u00dfenbereich.<\/strong> Ihre Sativa-Struktur produziert lange, gut verzweigte \u00c4ste, die harzige und kompakte Buds tragen. Diese Pflanze ist ideal f\u00fcr Z\u00fcchter, die solide Ertr\u00e4ge suchen, ohne die Qualit\u00e4t zu beeintr\u00e4chtigen.<\/p>\n<h3><strong>Anbautipps<\/strong><\/h3>\n<ul>\n<li class=\"translation-block\"><strong>Ideales Klima.<\/strong> Ghost Train Haze Auto gedeiht in warmen und sonnigen Klimazonen. Halten Sie die Temperaturen zwischen 22-28\u00b0C (72-82\u00b0F), um ihr Wachstum zu optimieren. Im Au\u00dfenbereich stellen Sie sicher, dass sie ausreichend Sonnenlicht erh\u00e4lt und vor \u00fcberm\u00e4\u00dfiger Feuchtigkeit gesch\u00fctzt ist.<\/li>\n<li class=\"translation-block\"><strong>Platz und Training.<\/strong> Aufgrund ihrer H\u00f6he und schlanken Struktur profitiert Ghost Train Haze Auto von <strong>LST<\/strong> (Low Stress Training)-Techniken, um das vertikale Wachstum zu kontrollieren und die Lichtausbeute an den Buds zu maximieren. Im Innenbereich verwenden Sie Systeme wie <strong>ScrOG<\/strong> (Screen of Green), um den verf\u00fcgbaren Raum optimal zu nutzen.<\/li>\n<li class=\"translation-block\"><strong>N\u00e4hrstoffe und D\u00fcngung.<\/strong> W\u00e4hrend der Wachstumsphase verwenden Sie einen ausgewogenen D\u00fcnger mit Stickstoff, um ein gesundes Wachstum zu f\u00f6rdern. Wenn die Pflanze in die Bl\u00fctephase \u00fcbergeht, erh\u00f6hen Sie den Phosphor- und Kaliumgehalt, um die Entwicklung dichter, harziger Buds zu unterst\u00fctzen. Passen Sie die D\u00fcngerdosen je nach Reaktion der Pflanze an, um Probleme mit \u00dcberd\u00fcngung zu vermeiden.<\/li>\n<li class=\"translation-block\"><strong>Bew\u00e4sserung und Luftfeuchtigkeit.<\/strong> Bew\u00e4ssern Sie moderat und lassen Sie das Substrat zwischen den Bew\u00e4sserungen leicht austrocknen, um Probleme mit den Wurzeln zu vermeiden. Halten Sie die <strong>relative Luftfeuchtigkeit zwischen 40-50%<\/strong> w\u00e4hrend der Bl\u00fctezeit, um Schimmel zu verhindern und die Qualit\u00e4t der Buds zu erhalten.<\/li>\n<li class=\"translation-block\"><strong>Beschneiden und Pflege.<\/strong> F\u00fchren Sie einen <strong>leichten Schnitt<\/strong> durch, um die Luftzirkulation und Lichtdurchdringung zu verbessern. Selektives Entlauben in den fr\u00fchen Bl\u00fctephasen kann die Produktion von oberen Buds f\u00f6rdern und die Pflanze gesund halten.<\/li>\n<\/ul>","protected":false},"excerpt":{"rendered":"<p><strong>Ghost Train Haze Auto<\/strong> es pura energ\u00eda concentrada, con un sabor c\u00edtrico y dulce que se mezcla con toques terrosos y inciensado. Esta sativa autofloreciente al 100% ofrece un subid\u00f3n alegre y creativo, perfecto para momentos de risas y socializaci\u00f3n. Su rendimiento s\u00f3lido la hacen ideal para cultivadores que buscan calidad y potencia.<\/p>","protected":false},"featured_media":2648,"template":"","meta":{"_acf_changed":false,"inline_featured_image":false,"_wp_applaud_exclude":false},"product_brand":[194],"product_cat":[21],"product_tag":[],"class_list":{"0":"post-1887","1":"product","2":"type-product","3":"status-publish","4":"has-post-thumbnail","6":"product_brand-bluedog-genetics","7":"product_cat-autoflorecientes","9":"first","10":"outofstock","11":"taxable","12":"shipping-taxable","13":"purchasable","14":"product-type-variable"},"acf":{"sticker":"https:\/\/bluedoggenetics.com\/wp-content\/uploads\/2024\/11\/Ghost-Train-Haze-Auto-Sticker.webp","family_tree":"<ul>\n<li><a href=\"https:\/\/seedfinder.eu\/es\/strain-info\/ghost-train-haze-auto\/bluedog-genetics\" target=\"_blank\" rel=\"noopener\">Ghost Train Haze Auto<\/a>\n<ul>\n<li><a href=\"https:\/\/seedfinder.eu\/es\/strain-info\/ghost-train-haze-nr1\/rare-dankness-seeds\" target=\"_blank\" rel=\"noopener\">Ghost Train Haze<\/a>\n<ul>\n<li><a href=\"https:\/\/seedfinder.eu\/es\/strain-info\/ghost-og\/clone-only-strains\" target=\"_blank\" rel=\"noopener\">Ghost OG<\/a>\n<ul>\n<li><a href=\"https:\/\/seedfinder.eu\/es\/strain-info\/og-kush\/clone-only-strains\" target=\"_blank\" rel=\"noopener\">OG Kush (fenotipo: Ghost cut)<\/a>\n<ul>\n<li><a href=\"https:\/\/seedfinder.eu\/es\/strain-info\/unknown-strain\/original-strains\" target=\"_blank\" rel=\"noopener\">Unknown Strain (procedente del Emerald Triangle)<\/a><\/li>\n<li><a href=\"https:\/\/seedfinder.eu\/es\/strain-info\/hindu-kush-indica\/original-strains\" target=\"_blank\" rel=\"noopener\">Hindu Kush (Neville)<\/a><\/li>\n<\/ul>\n<\/li>\n<\/ul>\n<\/li>\n<li><a href=\"https:\/\/seedfinder.eu\/es\/strain-info\/nevils-wreck\/rare-dankness-seeds\" target=\"_blank\" rel=\"noopener\">Nevil&#8217;s Wreck<\/a>\n<ul>\n<li><a href=\"https:\/\/seedfinder.eu\/es\/strain-info\/trainwreck\/clone-only-strains\" target=\"_blank\" rel=\"noopener\">E32 Arcata Trainwreck (fenotipo: DrJays Cut)<\/a>\n<ul>\n<li><a href=\"https:\/\/seedfinder.eu\/es\/strain-info\/usa-hybrid\/original-strains\" target=\"_blank\" rel=\"noopener\">USA<\/a><\/li>\n<\/ul>\n<\/li>\n<li><a href=\"https:\/\/seedfinder.eu\/es\/strain-info\/nevilles-haze\/mr-nice-seedbank\" target=\"_blank\" rel=\"noopener\">Neville&#8217;s Haze<\/a><\/li>\n<\/ul>\n<\/li>\n<\/ul>\n<\/li>\n<li><a href=\"https:\/\/seedfinder.eu\/es\/strain-info\/ruderalis\/original-strains\" target=\"_blank\" rel=\"noopener\">Unknown Ruderalis<\/a><\/li>\n<\/ul>\n<\/li>\n<\/ul>\n"},"yoast_head":"<!-- This site is optimized with the Yoast SEO plugin v26.5 - https:\/\/yoast.com\/wordpress\/plugins\/seo\/ -->\n<title>Ghost Train Haze Auto - Comprar semillas de Marihuana - BLUEDOG GENETICS Seeds<\/title>\n<meta name=\"description\" content=\"Descubre Ghost Train Haze Auto, una autofloreciente 100% sativa con THC del 20-25%. Perfecta para creatividad, energ\u00eda y alivio del estr\u00e9s.\" \/>\n<meta name=\"robots\" content=\"index, follow, max-snippet:-1, max-image-preview:large, max-video-preview:-1\" \/>\n<link rel=\"canonical\" href=\"https:\/\/bluedoggenetics.com\/de\/produkt\/autoflowering\/ghost-train-haze-auto\/\" \/>\n<meta property=\"og:locale\" content=\"de_DE\" \/>\n<meta property=\"og:type\" content=\"article\" \/>\n<meta property=\"og:title\" content=\"Ghost Train Haze Auto - Comprar semillas de Marihuana - BLUEDOG GENETICS Seeds\" \/>\n<meta property=\"og:description\" content=\"Descubre Ghost Train Haze Auto, una autofloreciente 100% sativa con THC del 20-25%. Perfecta para creatividad, energ\u00eda y alivio del estr\u00e9s.\" \/>\n<meta property=\"og:url\" content=\"https:\/\/bluedoggenetics.com\/de\/produkt\/autoflowering\/ghost-train-haze-auto\/\" \/>\n<meta property=\"og:site_name\" content=\"BLUEDOG GENETICS Seeds\" \/>\n<meta property=\"article:modified_time\" content=\"2026-04-11T13:16:55+00:00\" \/>\n<meta property=\"og:image\" content=\"https:\/\/bluedoggenetics.com\/wp-content\/uploads\/2024\/11\/Ghost-Train-Haze-Auto-Bluedog-Genetics_11zon.webp\" \/>\n\t<meta property=\"og:image:width\" content=\"1536\" \/>\n\t<meta property=\"og:image:height\" content=\"1024\" \/>\n\t<meta property=\"og:image:type\" content=\"image\/webp\" \/>\n<meta name=\"twitter:card\" content=\"summary_large_image\" \/>\n<meta name=\"twitter:label1\" content=\"Gesch\u00e4tzte Lesezeit\" \/>\n\t<meta name=\"twitter:data1\" content=\"3\u00a0Minuten\" \/>\n<script type=\"application\/ld+json\" class=\"yoast-schema-graph\">{\"@context\":\"https:\/\/schema.org\",\"@graph\":[{\"@type\":[\"WebPage\",\"ItemPage\"],\"@id\":\"https:\/\/bluedoggenetics.com\/producto\/autoflorecientes\/ghost-train-haze-auto\/\",\"url\":\"https:\/\/bluedoggenetics.com\/producto\/autoflorecientes\/ghost-train-haze-auto\/\",\"name\":\"Ghost Train Haze Auto - Comprar semillas de Marihuana - BLUEDOG GENETICS Seeds\",\"isPartOf\":{\"@id\":\"https:\/\/bluedoggenetics.com\/de\/#website\"},\"primaryImageOfPage\":{\"@id\":\"https:\/\/bluedoggenetics.com\/producto\/autoflorecientes\/ghost-train-haze-auto\/#primaryimage\"},\"image\":{\"@id\":\"https:\/\/bluedoggenetics.com\/producto\/autoflorecientes\/ghost-train-haze-auto\/#primaryimage\"},\"thumbnailUrl\":\"https:\/\/bluedoggenetics.com\/wp-content\/uploads\/2024\/11\/Ghost-Train-Haze-Auto-Bluedog-Genetics_11zon.webp\",\"datePublished\":\"2024-11-19T20:39:14+00:00\",\"dateModified\":\"2026-04-11T13:16:55+00:00\",\"description\":\"Descubre Ghost Train Haze Auto, una autofloreciente 100% sativa con THC del 20-25%. Perfecta para creatividad, energ\u00eda y alivio del estr\u00e9s.\",\"breadcrumb\":{\"@id\":\"https:\/\/bluedoggenetics.com\/producto\/autoflorecientes\/ghost-train-haze-auto\/#breadcrumb\"},\"inLanguage\":\"de\",\"potentialAction\":[{\"@type\":\"ReadAction\",\"target\":[\"https:\/\/bluedoggenetics.com\/producto\/autoflorecientes\/ghost-train-haze-auto\/\"]}]},{\"@type\":\"ImageObject\",\"inLanguage\":\"de\",\"@id\":\"https:\/\/bluedoggenetics.com\/producto\/autoflorecientes\/ghost-train-haze-auto\/#primaryimage\",\"url\":\"https:\/\/bluedoggenetics.com\/wp-content\/uploads\/2024\/11\/Ghost-Train-Haze-Auto-Bluedog-Genetics_11zon.webp\",\"contentUrl\":\"https:\/\/bluedoggenetics.com\/wp-content\/uploads\/2024\/11\/Ghost-Train-Haze-Auto-Bluedog-Genetics_11zon.webp\",\"width\":1536,\"height\":1024,\"caption\":\"Ghost Train Haze en floracion de Bluedog Genetics\"},{\"@type\":\"BreadcrumbList\",\"@id\":\"https:\/\/bluedoggenetics.com\/producto\/autoflorecientes\/ghost-train-haze-auto\/#breadcrumb\",\"itemListElement\":[{\"@type\":\"ListItem\",\"position\":1,\"name\":\"Portada\",\"item\":\"https:\/\/bluedoggenetics.com\/\"},{\"@type\":\"ListItem\",\"position\":2,\"name\":\"Tienda\",\"item\":\"https:\/\/bluedoggenetics.com\/fr\/tienda\/\"},{\"@type\":\"ListItem\",\"position\":3,\"name\":\"Ghost Train Haze Auto\"}]},{\"@type\":\"WebSite\",\"@id\":\"https:\/\/bluedoggenetics.com\/de\/#website\",\"url\":\"https:\/\/bluedoggenetics.com\/de\/\",\"name\":\"BLUEDOG GENETICS Seeds\",\"description\":\"Compara y compra las mejores semillas de cannabis. Feminizadas, Autoflorecientes, CBD.\",\"publisher\":{\"@id\":\"https:\/\/bluedoggenetics.com\/de\/#organization\"},\"alternateName\":\"BLUEDOG GENETICS\",\"potentialAction\":[{\"@type\":\"SearchAction\",\"target\":{\"@type\":\"EntryPoint\",\"urlTemplate\":\"https:\/\/bluedoggenetics.com\/de\/?s={search_term_string}\"},\"query-input\":{\"@type\":\"PropertyValueSpecification\",\"valueRequired\":true,\"valueName\":\"search_term_string\"}}],\"inLanguage\":\"de\"},{\"@type\":\"Organization\",\"@id\":\"https:\/\/bluedoggenetics.com\/de\/#organization\",\"name\":\"BLUEDOG GENETICS\",\"url\":\"https:\/\/bluedoggenetics.com\/de\/\",\"logo\":{\"@type\":\"ImageObject\",\"inLanguage\":\"de\",\"@id\":\"https:\/\/bluedoggenetics.com\/de\/#\/schema\/logo\/image\/\",\"url\":\"https:\/\/bluedoggenetics.com\/wp-content\/uploads\/2024\/11\/appIcon.png\",\"contentUrl\":\"https:\/\/bluedoggenetics.com\/wp-content\/uploads\/2024\/11\/appIcon.png\",\"width\":1024,\"height\":1024,\"caption\":\"BLUEDOG GENETICS\"},\"image\":{\"@id\":\"https:\/\/bluedoggenetics.com\/de\/#\/schema\/logo\/image\/\"},\"sameAs\":[\"https:\/\/www.instagram.com\/bluedog.genetics\/\"]}]}<\/script>\n<!-- \/ Yoast SEO plugin. -->","yoast_head_json":{"title":"Ghost Train Haze Auto - Marihuana Samen kaufen - BLUEDOG GENETICS Seeds","description":"Entdecken Sie Ghost Train Haze Auto, eine 100 % autoflowering Sativa mit THC-Werten von 20-25 %. Perfekt f\u00fcr Kreativit\u00e4t, Energie und Stressabbau.","robots":{"index":"index","follow":"follow","max-snippet":"max-snippet:-1","max-image-preview":"max-image-preview:large","max-video-preview":"max-video-preview:-1"},"canonical":"https:\/\/bluedoggenetics.com\/de\/produkt\/autoflowering\/ghost-train-haze-auto\/","og_locale":"de_DE","og_type":"article","og_title":"Ghost Train Haze Auto - Comprar semillas de Marihuana - BLUEDOG GENETICS Seeds","og_description":"Descubre Ghost Train Haze Auto, una autofloreciente 100% sativa con THC del 20-25%. Perfecta para creatividad, energ\u00eda y alivio del estr\u00e9s.","og_url":"https:\/\/bluedoggenetics.com\/de\/produkt\/autoflowering\/ghost-train-haze-auto\/","og_site_name":"BLUEDOG GENETICS Seeds","article_modified_time":"2026-04-11T13:16:55+00:00","og_image":[{"width":1536,"height":1024,"url":"https:\/\/bluedoggenetics.com\/wp-content\/uploads\/2024\/11\/Ghost-Train-Haze-Auto-Bluedog-Genetics_11zon.webp","type":"image\/webp"}],"twitter_card":"summary_large_image","twitter_misc":{"Gesch\u00e4tzte Lesezeit":"3\u00a0Minuten"},"schema":{"@context":"https:\/\/schema.org","@graph":[{"@type":["WebPage","ItemPage"],"@id":"https:\/\/bluedoggenetics.com\/producto\/autoflorecientes\/ghost-train-haze-auto\/","url":"https:\/\/bluedoggenetics.com\/producto\/autoflorecientes\/ghost-train-haze-auto\/","name":"Ghost Train Haze Auto - Marihuana Samen kaufen - BLUEDOG GENETICS Seeds","isPartOf":{"@id":"https:\/\/bluedoggenetics.com\/de\/#website"},"primaryImageOfPage":{"@id":"https:\/\/bluedoggenetics.com\/producto\/autoflorecientes\/ghost-train-haze-auto\/#primaryimage"},"image":{"@id":"https:\/\/bluedoggenetics.com\/producto\/autoflorecientes\/ghost-train-haze-auto\/#primaryimage"},"thumbnailUrl":"https:\/\/bluedoggenetics.com\/wp-content\/uploads\/2024\/11\/Ghost-Train-Haze-Auto-Bluedog-Genetics_11zon.webp","datePublished":"2024-11-19T20:39:14+00:00","dateModified":"2026-04-11T13:16:55+00:00","description":"Entdecken Sie Ghost Train Haze Auto, eine 100 % autoflowering Sativa mit THC-Werten von 20-25 %. Perfekt f\u00fcr Kreativit\u00e4t, Energie und Stressabbau.","breadcrumb":{"@id":"https:\/\/bluedoggenetics.com\/producto\/autoflorecientes\/ghost-train-haze-auto\/#breadcrumb"},"inLanguage":"de","potentialAction":[{"@type":"ReadAction","target":["https:\/\/bluedoggenetics.com\/producto\/autoflorecientes\/ghost-train-haze-auto\/"]}]},{"@type":"ImageObject","inLanguage":"de","@id":"https:\/\/bluedoggenetics.com\/producto\/autoflorecientes\/ghost-train-haze-auto\/#primaryimage","url":"https:\/\/bluedoggenetics.com\/wp-content\/uploads\/2024\/11\/Ghost-Train-Haze-Auto-Bluedog-Genetics_11zon.webp","contentUrl":"https:\/\/bluedoggenetics.com\/wp-content\/uploads\/2024\/11\/Ghost-Train-Haze-Auto-Bluedog-Genetics_11zon.webp","width":1536,"height":1024,"caption":"Ghost Train Haze en floracion de Bluedog Genetics"},{"@type":"BreadcrumbList","@id":"https:\/\/bluedoggenetics.com\/producto\/autoflorecientes\/ghost-train-haze-auto\/#breadcrumb","itemListElement":[{"@type":"ListItem","position":1,"name":"Portada","item":"https:\/\/bluedoggenetics.com\/"},{"@type":"ListItem","position":2,"name":"Tienda","item":"https:\/\/bluedoggenetics.com\/fr\/tienda\/"},{"@type":"ListItem","position":3,"name":"Ghost Train Haze Auto"}]},{"@type":"WebSite","@id":"https:\/\/bluedoggenetics.com\/de\/#website","url":"https:\/\/bluedoggenetics.com\/de\/","name":"BLUEDOG GENETICS Seeds","description":"Vergleiche und kaufe die besten Hanfsamen. Feminisiert, Autoflowering, CBD.","publisher":{"@id":"https:\/\/bluedoggenetics.com\/de\/#organization"},"alternateName":"BLUEDOG GENETICS","potentialAction":[{"@type":"SearchAction","target":{"@type":"EntryPoint","urlTemplate":"https:\/\/bluedoggenetics.com\/de\/?s={search_term_string}"},"query-input":{"@type":"PropertyValueSpecification","valueRequired":true,"valueName":"search_term_string"}}],"inLanguage":"de"},{"@type":"Organization","@id":"https:\/\/bluedoggenetics.com\/de\/#organization","name":"BLUEDOG GENETICS","url":"https:\/\/bluedoggenetics.com\/de\/","logo":{"@type":"ImageObject","inLanguage":"de","@id":"https:\/\/bluedoggenetics.com\/de\/#\/schema\/logo\/image\/","url":"https:\/\/bluedoggenetics.com\/wp-content\/uploads\/2024\/11\/appIcon.png","contentUrl":"https:\/\/bluedoggenetics.com\/wp-content\/uploads\/2024\/11\/appIcon.png","width":1024,"height":1024,"caption":"BLUEDOG GENETICS"},"image":{"@id":"https:\/\/bluedoggenetics.com\/de\/#\/schema\/logo\/image\/"},"sameAs":["https:\/\/www.instagram.com\/bluedog.genetics\/"]}]}},"sticker_url":"https:\/\/bluedoggenetics.com\/wp-content\/uploads\/2024\/11\/Ghost-Train-Haze-Auto-Sticker.webp","variations_full":[{"id":1888,"price":11,"regular_price":11,"attributes":{"attribute_cantidad":"Pack 1"},"image_src":"https:\/\/bluedoggenetics.com\/wp-content\/uploads\/2024\/11\/Ghost-Train-Haze-Auto-Bluedog-Genetics_11zon-600x400.webp","is_in_stock":false},{"id":1889,"price":29.7,"regular_price":29.7,"attributes":{"attribute_cantidad":"Pack 3"},"image_src":"https:\/\/bluedoggenetics.com\/wp-content\/uploads\/2024\/11\/Ghost-Train-Haze-Auto-Bluedog-Genetics_11zon-600x400.webp","is_in_stock":false},{"id":1890,"price":43.5,"regular_price":43.5,"attributes":{"attribute_cantidad":"Pack 5"},"image_src":"https:\/\/bluedoggenetics.com\/wp-content\/uploads\/2024\/11\/Ghost-Train-Haze-Auto-Bluedog-Genetics_11zon-600x400.webp","is_in_stock":false},{"id":1891,"price":76.9,"regular_price":76.9,"attributes":{"attribute_cantidad":"Pack 10"},"image_src":"https:\/\/bluedoggenetics.com\/wp-content\/uploads\/2024\/11\/Ghost-Train-Haze-Auto-Bluedog-Genetics_11zon-600x400.webp","is_in_stock":false}],"jetpack_sharing_enabled":true,"_links":{"self":[{"href":"https:\/\/bluedoggenetics.com\/de\/wp-json\/wp\/v2\/product\/1887","targetHints":{"allow":["GET"]}}],"collection":[{"href":"https:\/\/bluedoggenetics.com\/de\/wp-json\/wp\/v2\/product"}],"about":[{"href":"https:\/\/bluedoggenetics.com\/de\/wp-json\/wp\/v2\/types\/product"}],"wp:featuredmedia":[{"embeddable":true,"href":"https:\/\/bluedoggenetics.com\/de\/wp-json\/wp\/v2\/media\/2648"}],"wp:attachment":[{"href":"https:\/\/bluedoggenetics.com\/de\/wp-json\/wp\/v2\/media?parent=1887"}],"wp:term":[{"taxonomy":"product_brand","embeddable":true,"href":"https:\/\/bluedoggenetics.com\/de\/wp-json\/wp\/v2\/product_brand?post=1887"},{"taxonomy":"product_cat","embeddable":true,"href":"https:\/\/bluedoggenetics.com\/de\/wp-json\/wp\/v2\/product_cat?post=1887"},{"taxonomy":"product_tag","embeddable":true,"href":"https:\/\/bluedoggenetics.com\/de\/wp-json\/wp\/v2\/product_tag?post=1887"}],"curies":[{"name":"wp","href":"https:\/\/api.w.org\/{rel}","templated":true}]}}