{"id":1433,"date":"2024-11-06T20:01:31","date_gmt":"2024-11-06T19:01:31","guid":{"rendered":"https:\/\/bluedoggenetics.com\/?post_type=product&#038;p=1433"},"modified":"2026-03-09T11:47:39","modified_gmt":"2026-03-09T10:47:39","slug":"gorilla-glue-auto-samen-kaufen","status":"publish","type":"product","link":"https:\/\/bluedoggenetics.com\/de\/produkt\/autoflowering\/gorilla-glue-auto-samen-kaufen\/","title":{"rendered":"Gorilla Glue Auto"},"content":{"rendered":"<p class=\"translation-block\"><strong>Genetik und Potenz.<\/strong> Gorilla Glue Auto kombiniert 40 % Indica-Genetik mit 60 % Sativa und erreicht THC-Werte von bis zu 24 %. Ihre Wirkung ist stark und langanhaltend, bietet ein Gef\u00fchl der Ruhe und k\u00f6rperlichen Entspannung, w\u00e4hrend sie gleichzeitig eine sanfte geistige Euphorie aufrechterh\u00e4lt. Diese Sorte ist bekannt f\u00fcr ihre F\u00e4higkeit, Schmerzen, Stress zu lindern und das allgemeine Wohlbefinden zu f\u00f6rdern, was sie zu einer beliebten Wahl sowohl bei Freizeit- als auch bei medizinischen Nutzern macht.<\/p>\n<p class=\"translation-block\"><strong>Aussehen der Bl\u00fcte.<\/strong> Die Buds von Gorilla Glue Auto sind klebrig und mit einer dicken Schicht von Trichomen bedeckt, die ihnen ein gl\u00e4nzendes Aussehen verleihen. Sie haben eine tiefgr\u00fcne Farbe und bernsteinfarbene Pistillen, was diese Buds visuell ansprechend und herrlich aromatisch macht. Beim Zerkleinern der Bl\u00fcte wird ein erdiger und holziger Duft freigesetzt, der mit einem frischen Hauch von Zitrone verfeinert ist.<\/p>\n<p class=\"translation-block\"><strong>Pflanzenmorphologie.<\/strong> Gorilla Glue Auto w\u00e4chst kompakt und robust und erreicht eine H\u00f6he von 80 bis 120 cm sowohl im Innen- als auch im Au\u00dfenbereich. Ihre robuste Struktur macht sie ideal f\u00fcr diskrete Kultivierung und kleine R\u00e4ume und produziert dichte Buds entlang der gesamten Pflanze, was ihren Ertrag in kurzer Zeit maximiert.<\/p>\n<h3><strong>Anbautipps<\/strong><\/h3>\n<ul>\n<li class=\"translation-block\"><strong>Ideales Klima.<\/strong> Diese Sorte passt sich gut an gem\u00e4\u00dfigte und warme Klimazonen an. Halten Sie die Temperaturen zwischen 20-26\u00b0C f\u00fcr optimales Wachstum. In feuchteren Klimazonen sorgen Sie f\u00fcr eine gute Bel\u00fcftung, um Feuchtigkeitsprobleme zu vermeiden.<\/li>\n<li class=\"translation-block\"><strong>Training und Platz.<\/strong> LST (Low Stress Training) ist n\u00fctzlich, um die Buds besser dem Licht auszusetzen und so die Produktion zu steigern. Ihre kompakte Gr\u00f6\u00dfe erleichtert das Handling im Innenbereich.<\/li>\n<li class=\"translation-block\"><strong>Bew\u00e4sserung und Luftfeuchtigkeit.<\/strong> Gorilla Glue Auto bevorzugt eine m\u00e4\u00dfige Bew\u00e4sserung, wobei das Substrat zwischen den Bew\u00e4sserungen leicht austrocknen sollte. W\u00e4hrend der Bl\u00fcte hilft eine Luftfeuchtigkeit von 40-50 %, Schimmel zu vermeiden.<\/li>\n<li class=\"translation-block\"><strong>Beschneiden und Pflege.<\/strong> F\u00fchren Sie zu Beginn einen leichten Schnitt durch, um die Lichtdurchdringung und die Luftzirkulation im Laub, insbesondere in den unteren \u00c4sten, zu verbessern.<\/li>\n<\/ul>","protected":false},"excerpt":{"rendered":"<p><strong>Gorilla Glue Auto<\/strong> es una versi\u00f3n <a href=\"https:\/\/bluedoggenetics.com\/de\/kategorie\/samen\/autoflowering\/\">autofloreciente<\/a> de la famosa Gorilla Glue, conocida por su potencia y efecto duradero. Con un perfil de sabor terroso y amaderado combinado con notas de pino y lim\u00f3n, cada calada de Gorilla Glue Auto ofrece una experiencia profunda y cautivadora que complacer\u00e1 tanto a conocedores como a principiantes. Esta variedad es ideal para quienes buscan una relajaci\u00f3n intensa, ayudando a reducir el estr\u00e9s y la tensi\u00f3n muscular, perfecta para disfrutar al final del d\u00eda.<\/p>","protected":false},"featured_media":2647,"template":"","meta":{"_acf_changed":false,"inline_featured_image":false,"_wp_applaud_exclude":false},"product_brand":[194],"product_cat":[21],"product_tag":[],"class_list":{"0":"post-1433","1":"product","2":"type-product","3":"status-publish","4":"has-post-thumbnail","6":"product_brand-bluedog-genetics","7":"product_cat-autoflorecientes","8":"pa_altura-exterior-90-120","9":"pa_altura-interior-90-120","10":"pa_beneficios-terapeuticos-alivio-de-ansiedad","11":"pa_beneficios-terapeuticos-aumento-del-apetito","12":"pa_cantidad-pack-1","13":"pa_cantidad-pack-10","14":"pa_cantidad-pack-3","15":"pa_cantidad-pack-5","16":"pa_clima-calido","17":"pa_cosecha-exterior-80-170","18":"pa_cosecha-interior-550-650","19":"pa_efectos-destacables-alegre","20":"pa_efectos-destacables-euforico","21":"pa_efectos-destacables-relajado","22":"pa_efectos-destacables-risueno","23":"pa_floracion-8-9","24":"pa_genetica-40-60","25":"pa_olor-intenso","26":"pa_sabores-y-olores-citrico","27":"pa_sabores-y-olores-limon","28":"pa_sabores-y-olores-madera","29":"pa_thc-20-24","30":"pa_variedad-indica","31":"pa_variedad-sativa","33":"first","34":"instock","35":"taxable","36":"shipping-taxable","37":"purchasable","38":"product-type-variable"},"acf":{"sticker":"https:\/\/bluedoggenetics.com\/wp-content\/uploads\/2024\/11\/Gorilla-Glue-Auto-Sticker.webp","family_tree":"<ul>\n<li><a href=\"https:\/\/seedfinder.eu\/es\/strain-info\/gorilla-glue-auto-1\/bluedog-genetics\" target=\"_blank\" rel=\"noopener\">Gorilla Glue Auto<\/a>\n<ul>\n<li><a href=\"https:\/\/seedfinder.eu\/es\/strain-info\/ruderalis\/original-strains\" target=\"_blank\" rel=\"noopener\">Unknown Ruderalis<\/a><\/li>\n<li><a href=\"https:\/\/seedfinder.eu\/es\/strain-info\/original-glue\/gg-genetics\" target=\"_blank\" rel=\"noopener\">Original Glue<\/a>\n<ul>\n<li><a href=\"https:\/\/seedfinder.eu\/es\/strain-info\/chocolate-diesel\/unknown-or-legendary\" target=\"_blank\" rel=\"noopener\">Chocolate Diesel<\/a>\n<ul>\n<li><a href=\"https:\/\/seedfinder.eu\/es\/strain-info\/sour-diesel-ibl\/reservoir-seeds\" target=\"_blank\" rel=\"noopener\">Sour Diesel (v1.5)<\/a>\n<ul>\n<li><a href=\"https:\/\/seedfinder.eu\/es\/strain-info\/double-sour-diesel\/reservoir-seeds\" target=\"_blank\" rel=\"noopener\">Double Sour Diesel<\/a><\/li>\n<li><a href=\"https:\/\/seedfinder.eu\/es\/strain-info\/sour-diesel\/unknown-or-legendary\" target=\"_blank\" rel=\"noopener\">Sour Diesel<\/a><\/li>\n<\/ul>\n<\/li>\n<li><a href=\"https:\/\/seedfinder.eu\/es\/strain-info\/chocolate-trip\/dutch-flowers\" target=\"_blank\" rel=\"noopener\">Chocolate Trip (pheno, generation: Katsus F1-Cut)<\/a>\n<ul>\n<li><a href=\"https:\/\/seedfinder.eu\/es\/strain-info\/indica\/original-strains\" target=\"_blank\" rel=\"noopener\">Indigo Diamond<\/a><\/li>\n<li><a href=\"https:\/\/seedfinder.eu\/es\/strain-info\/chocolate-thai\/dutch-flowers\" target=\"_blank\" rel=\"noopener\">Chocolate Thai<\/a><\/li>\n<\/ul>\n<\/li>\n<li>\n<ul>\n<li><a href=\"https:\/\/seedfinder.eu\/es\/strain-info\/chocolate-thai\/dutch-flowers\" target=\"_blank\" rel=\"noopener\">Chocolate Thai<\/a><\/li>\n<li><a href=\"https:\/\/seedfinder.eu\/es\/strain-info\/indica\/original-strains\" target=\"_blank\" rel=\"noopener\">Indigo Diamond<\/a><\/li>\n<\/ul>\n<\/li>\n<\/ul>\n<\/li>\n<li><a href=\"https:\/\/seedfinder.eu\/es\/strain-info\/chem-sister\/clone-only-strains\" target=\"_blank\" rel=\"noopener\">Chem Sister<\/a>\n<ul>\n<li><a href=\"https:\/\/seedfinder.eu\/es\/strain-info\/chemdog\/unknown-or-legendary\" target=\"_blank\" rel=\"noopener\">Chem Dawg (a)<\/a>\n<ul>\n<li><a href=\"https:\/\/seedfinder.eu\/es\/strain-info\/indica-sativa\/original-strains\" target=\"_blank\" rel=\"noopener\">Unknown Hybrid<\/a><\/li>\n<\/ul>\n<\/li>\n<\/ul>\n<\/li>\n<li><a href=\"https:\/\/seedfinder.eu\/es\/strain-info\/sour-dubble\/greyskull-seeds\" target=\"_blank\" rel=\"noopener\">Sour Dubb<\/a>\n<ul>\n<li><a href=\"https:\/\/seedfinder.eu\/es\/strain-info\/sour-bubble\/bog-seeds\" target=\"_blank\" rel=\"noopener\">Sour Bubble<\/a>\n<ul>\n<li><a href=\"https:\/\/seedfinder.eu\/es\/strain-info\/bogbubble\/bog-seeds\" target=\"_blank\" rel=\"noopener\">BOGBubble<\/a><\/li>\n<li><a href=\"https:\/\/seedfinder.eu\/es\/strain-info\/bogbubble\/bog-seeds\" target=\"_blank\" rel=\"noopener\">BOGBubble (Sour Bubble Clone)<\/a><\/li>\n<\/ul>\n<\/li>\n<li><a href=\"https:\/\/seedfinder.eu\/es\/strain-info\/nyc-diesel\/soma-seeds\" target=\"_blank\" rel=\"noopener\">NYC Diesel<\/a>\n<ul>\n<li><a href=\"https:\/\/seedfinder.eu\/es\/strain-info\/afghani-hawaiian\/mr-nice-seedbank\" target=\"_blank\" rel=\"noopener\">Afghani\/Hawaiian<\/a><\/li>\n<li><a href=\"https:\/\/seedfinder.eu\/es\/strain-info\/unknown-strain\/original-strains\" target=\"_blank\" rel=\"noopener\">Unknown Diesel Bagseed<\/a><\/li>\n<\/ul>\n<\/li>\n<\/ul>\n<\/li>\n<\/ul>\n<\/li>\n<\/ul>\n<\/li>\n<\/ul>\n"},"yoast_head":"<!-- This site is optimized with the Yoast SEO plugin v26.5 - https:\/\/yoast.com\/wordpress\/plugins\/seo\/ -->\n<title>Gorilla Glue Semillas Autoflorecientes - BLUEDOG GENETICS Seeds<\/title>\n<meta name=\"description\" content=\"Gorilla Glue Auto es una opci\u00f3n perfecta para quienes buscan una experiencia intensa y duradera en una planta f\u00e1cil de manejar.\" \/>\n<meta name=\"robots\" content=\"index, follow, max-snippet:-1, max-image-preview:large, max-video-preview:-1\" \/>\n<link rel=\"canonical\" href=\"https:\/\/bluedoggenetics.com\/de\/produkt\/samen\/autoflowering\/gorilla-glue-auto-samen-kaufen\/\" \/>\n<meta property=\"og:locale\" content=\"de_DE\" \/>\n<meta property=\"og:type\" content=\"article\" \/>\n<meta property=\"og:title\" content=\"Gorilla Glue Semillas Autoflorecientes - BLUEDOG GENETICS Seeds\" \/>\n<meta property=\"og:description\" content=\"Gorilla Glue Auto es una opci\u00f3n perfecta para quienes buscan una experiencia intensa y duradera en una planta f\u00e1cil de manejar.\" \/>\n<meta property=\"og:url\" content=\"https:\/\/bluedoggenetics.com\/de\/produkt\/samen\/autoflowering\/gorilla-glue-auto-samen-kaufen\/\" \/>\n<meta property=\"og:site_name\" content=\"BLUEDOG GENETICS Seeds\" \/>\n<meta property=\"article:modified_time\" content=\"2026-03-09T10:47:39+00:00\" \/>\n<meta property=\"og:image\" content=\"https:\/\/bluedoggenetics.com\/wp-content\/uploads\/2024\/11\/Gorilla-Glue-Glue-Auto-Bluedog-Genetics_11zon.webp\" \/>\n\t<meta property=\"og:image:width\" content=\"1536\" \/>\n\t<meta property=\"og:image:height\" content=\"1024\" \/>\n\t<meta property=\"og:image:type\" content=\"image\/webp\" \/>\n<meta name=\"twitter:card\" content=\"summary_large_image\" \/>\n<meta name=\"twitter:label1\" content=\"Gesch\u00e4tzte Lesezeit\" \/>\n\t<meta name=\"twitter:data1\" content=\"2\u00a0Minuten\" \/>\n<script type=\"application\/ld+json\" class=\"yoast-schema-graph\">{\"@context\":\"https:\/\/schema.org\",\"@graph\":[{\"@type\":[\"WebPage\",\"ItemPage\"],\"@id\":\"https:\/\/bluedoggenetics.com\/producto\/semillas\/autoflorecientes\/comprar-semillas-gorilla-glue-auto\/\",\"url\":\"https:\/\/bluedoggenetics.com\/producto\/semillas\/autoflorecientes\/comprar-semillas-gorilla-glue-auto\/\",\"name\":\"Gorilla Glue Semillas Autoflorecientes - BLUEDOG GENETICS Seeds\",\"isPartOf\":{\"@id\":\"https:\/\/bluedoggenetics.com\/de\/#website\"},\"primaryImageOfPage\":{\"@id\":\"https:\/\/bluedoggenetics.com\/producto\/semillas\/autoflorecientes\/comprar-semillas-gorilla-glue-auto\/#primaryimage\"},\"image\":{\"@id\":\"https:\/\/bluedoggenetics.com\/producto\/semillas\/autoflorecientes\/comprar-semillas-gorilla-glue-auto\/#primaryimage\"},\"thumbnailUrl\":\"https:\/\/bluedoggenetics.com\/wp-content\/uploads\/2024\/11\/Gorilla-Glue-Glue-Auto-Bluedog-Genetics_11zon.webp\",\"datePublished\":\"2024-11-06T19:01:31+00:00\",\"dateModified\":\"2026-03-09T10:47:39+00:00\",\"description\":\"Gorilla Glue Auto es una opci\u00f3n perfecta para quienes buscan una experiencia intensa y duradera en una planta f\u00e1cil de manejar.\",\"breadcrumb\":{\"@id\":\"https:\/\/bluedoggenetics.com\/producto\/semillas\/autoflorecientes\/comprar-semillas-gorilla-glue-auto\/#breadcrumb\"},\"inLanguage\":\"de\",\"potentialAction\":[{\"@type\":\"ReadAction\",\"target\":[\"https:\/\/bluedoggenetics.com\/producto\/semillas\/autoflorecientes\/comprar-semillas-gorilla-glue-auto\/\"]}]},{\"@type\":\"ImageObject\",\"inLanguage\":\"de\",\"@id\":\"https:\/\/bluedoggenetics.com\/producto\/semillas\/autoflorecientes\/comprar-semillas-gorilla-glue-auto\/#primaryimage\",\"url\":\"https:\/\/bluedoggenetics.com\/wp-content\/uploads\/2024\/11\/Gorilla-Glue-Glue-Auto-Bluedog-Genetics_11zon.webp\",\"contentUrl\":\"https:\/\/bluedoggenetics.com\/wp-content\/uploads\/2024\/11\/Gorilla-Glue-Glue-Auto-Bluedog-Genetics_11zon.webp\",\"width\":1536,\"height\":1024,\"caption\":\"Gorilla Glue Auto en Floracion de Bluedog Genetics\"},{\"@type\":\"BreadcrumbList\",\"@id\":\"https:\/\/bluedoggenetics.com\/producto\/semillas\/autoflorecientes\/comprar-semillas-gorilla-glue-auto\/#breadcrumb\",\"itemListElement\":[{\"@type\":\"ListItem\",\"position\":1,\"name\":\"Portada\",\"item\":\"https:\/\/bluedoggenetics.com\/\"},{\"@type\":\"ListItem\",\"position\":2,\"name\":\"Tienda\",\"item\":\"https:\/\/bluedoggenetics.com\/fr\/tienda\/\"},{\"@type\":\"ListItem\",\"position\":3,\"name\":\"Gorilla Glue Auto\"}]},{\"@type\":\"WebSite\",\"@id\":\"https:\/\/bluedoggenetics.com\/de\/#website\",\"url\":\"https:\/\/bluedoggenetics.com\/de\/\",\"name\":\"BLUEDOG GENETICS Seeds\",\"description\":\"Compara y compra las mejores semillas de cannabis. Feminizadas, Autoflorecientes, CBD.\",\"publisher\":{\"@id\":\"https:\/\/bluedoggenetics.com\/de\/#organization\"},\"alternateName\":\"BLUEDOG GENETICS\",\"potentialAction\":[{\"@type\":\"SearchAction\",\"target\":{\"@type\":\"EntryPoint\",\"urlTemplate\":\"https:\/\/bluedoggenetics.com\/de\/?s={search_term_string}\"},\"query-input\":{\"@type\":\"PropertyValueSpecification\",\"valueRequired\":true,\"valueName\":\"search_term_string\"}}],\"inLanguage\":\"de\"},{\"@type\":\"Organization\",\"@id\":\"https:\/\/bluedoggenetics.com\/de\/#organization\",\"name\":\"BLUEDOG GENETICS\",\"url\":\"https:\/\/bluedoggenetics.com\/de\/\",\"logo\":{\"@type\":\"ImageObject\",\"inLanguage\":\"de\",\"@id\":\"https:\/\/bluedoggenetics.com\/de\/#\/schema\/logo\/image\/\",\"url\":\"https:\/\/bluedoggenetics.com\/wp-content\/uploads\/2024\/11\/appIcon.png\",\"contentUrl\":\"https:\/\/bluedoggenetics.com\/wp-content\/uploads\/2024\/11\/appIcon.png\",\"width\":1024,\"height\":1024,\"caption\":\"BLUEDOG GENETICS\"},\"image\":{\"@id\":\"https:\/\/bluedoggenetics.com\/de\/#\/schema\/logo\/image\/\"},\"sameAs\":[\"https:\/\/www.instagram.com\/bluedog.genetics\/\"]}]}<\/script>\n<!-- \/ Yoast SEO plugin. -->","yoast_head_json":{"title":"Gorilla Glue Autoflowering Samen - BLUEDOG GENETICS Seeds","description":"Gorilla Glue Auto ist eine perfekte Wahl f\u00fcr diejenigen, die ein intensives und langanhaltendes Erlebnis in einer leicht zu handhabenden Pflanze suchen.","robots":{"index":"index","follow":"follow","max-snippet":"max-snippet:-1","max-image-preview":"max-image-preview:large","max-video-preview":"max-video-preview:-1"},"canonical":"https:\/\/bluedoggenetics.com\/de\/produkt\/samen\/autoflowering\/gorilla-glue-auto-samen-kaufen\/","og_locale":"de_DE","og_type":"article","og_title":"Gorilla Glue Semillas Autoflorecientes - BLUEDOG GENETICS Seeds","og_description":"Gorilla Glue Auto es una opci\u00f3n perfecta para quienes buscan una experiencia intensa y duradera en una planta f\u00e1cil de manejar.","og_url":"https:\/\/bluedoggenetics.com\/de\/produkt\/samen\/autoflowering\/gorilla-glue-auto-samen-kaufen\/","og_site_name":"BLUEDOG GENETICS Seeds","article_modified_time":"2026-03-09T10:47:39+00:00","og_image":[{"width":1536,"height":1024,"url":"https:\/\/bluedoggenetics.com\/wp-content\/uploads\/2024\/11\/Gorilla-Glue-Glue-Auto-Bluedog-Genetics_11zon.webp","type":"image\/webp"}],"twitter_card":"summary_large_image","twitter_misc":{"Gesch\u00e4tzte Lesezeit":"2\u00a0Minuten"},"schema":{"@context":"https:\/\/schema.org","@graph":[{"@type":["WebPage","ItemPage"],"@id":"https:\/\/bluedoggenetics.com\/producto\/semillas\/autoflorecientes\/comprar-semillas-gorilla-glue-auto\/","url":"https:\/\/bluedoggenetics.com\/producto\/semillas\/autoflorecientes\/comprar-semillas-gorilla-glue-auto\/","name":"Gorilla Glue Autoflowering Samen - BLUEDOG GENETICS Seeds","isPartOf":{"@id":"https:\/\/bluedoggenetics.com\/de\/#website"},"primaryImageOfPage":{"@id":"https:\/\/bluedoggenetics.com\/producto\/semillas\/autoflorecientes\/comprar-semillas-gorilla-glue-auto\/#primaryimage"},"image":{"@id":"https:\/\/bluedoggenetics.com\/producto\/semillas\/autoflorecientes\/comprar-semillas-gorilla-glue-auto\/#primaryimage"},"thumbnailUrl":"https:\/\/bluedoggenetics.com\/wp-content\/uploads\/2024\/11\/Gorilla-Glue-Glue-Auto-Bluedog-Genetics_11zon.webp","datePublished":"2024-11-06T19:01:31+00:00","dateModified":"2026-03-09T10:47:39+00:00","description":"Gorilla Glue Auto ist eine perfekte Wahl f\u00fcr diejenigen, die ein intensives und langanhaltendes Erlebnis in einer leicht zu handhabenden Pflanze suchen.","breadcrumb":{"@id":"https:\/\/bluedoggenetics.com\/producto\/semillas\/autoflorecientes\/comprar-semillas-gorilla-glue-auto\/#breadcrumb"},"inLanguage":"de","potentialAction":[{"@type":"ReadAction","target":["https:\/\/bluedoggenetics.com\/producto\/semillas\/autoflorecientes\/comprar-semillas-gorilla-glue-auto\/"]}]},{"@type":"ImageObject","inLanguage":"de","@id":"https:\/\/bluedoggenetics.com\/producto\/semillas\/autoflorecientes\/comprar-semillas-gorilla-glue-auto\/#primaryimage","url":"https:\/\/bluedoggenetics.com\/wp-content\/uploads\/2024\/11\/Gorilla-Glue-Glue-Auto-Bluedog-Genetics_11zon.webp","contentUrl":"https:\/\/bluedoggenetics.com\/wp-content\/uploads\/2024\/11\/Gorilla-Glue-Glue-Auto-Bluedog-Genetics_11zon.webp","width":1536,"height":1024,"caption":"Gorilla Glue Auto en Floracion de Bluedog Genetics"},{"@type":"BreadcrumbList","@id":"https:\/\/bluedoggenetics.com\/producto\/semillas\/autoflorecientes\/comprar-semillas-gorilla-glue-auto\/#breadcrumb","itemListElement":[{"@type":"ListItem","position":1,"name":"Portada","item":"https:\/\/bluedoggenetics.com\/"},{"@type":"ListItem","position":2,"name":"Tienda","item":"https:\/\/bluedoggenetics.com\/fr\/tienda\/"},{"@type":"ListItem","position":3,"name":"Gorilla Glue Auto"}]},{"@type":"WebSite","@id":"https:\/\/bluedoggenetics.com\/de\/#website","url":"https:\/\/bluedoggenetics.com\/de\/","name":"BLUEDOG GENETICS Seeds","description":"Vergleiche und kaufe die besten Hanfsamen. Feminisiert, Autoflowering, CBD.","publisher":{"@id":"https:\/\/bluedoggenetics.com\/de\/#organization"},"alternateName":"BLUEDOG GENETICS","potentialAction":[{"@type":"SearchAction","target":{"@type":"EntryPoint","urlTemplate":"https:\/\/bluedoggenetics.com\/de\/?s={search_term_string}"},"query-input":{"@type":"PropertyValueSpecification","valueRequired":true,"valueName":"search_term_string"}}],"inLanguage":"de"},{"@type":"Organization","@id":"https:\/\/bluedoggenetics.com\/de\/#organization","name":"BLUEDOG GENETICS","url":"https:\/\/bluedoggenetics.com\/de\/","logo":{"@type":"ImageObject","inLanguage":"de","@id":"https:\/\/bluedoggenetics.com\/de\/#\/schema\/logo\/image\/","url":"https:\/\/bluedoggenetics.com\/wp-content\/uploads\/2024\/11\/appIcon.png","contentUrl":"https:\/\/bluedoggenetics.com\/wp-content\/uploads\/2024\/11\/appIcon.png","width":1024,"height":1024,"caption":"BLUEDOG GENETICS"},"image":{"@id":"https:\/\/bluedoggenetics.com\/de\/#\/schema\/logo\/image\/"},"sameAs":["https:\/\/www.instagram.com\/bluedog.genetics\/"]}]}},"sticker_url":"https:\/\/bluedoggenetics.com\/wp-content\/uploads\/2024\/11\/Gorilla-Glue-Auto-Sticker.webp","variations_full":[{"id":1434,"price":7,"regular_price":7,"attributes":{"attribute_pa_cantidad":"pack-1"},"image_src":"https:\/\/bluedoggenetics.com\/wp-content\/uploads\/2024\/11\/Gorilla-Glue-Glue-Auto-Bluedog-Genetics_11zon-600x400.webp","is_in_stock":true},{"id":1435,"price":17.85,"regular_price":17.85,"attributes":{"attribute_pa_cantidad":"pack-3"},"image_src":"https:\/\/bluedoggenetics.com\/wp-content\/uploads\/2024\/11\/Gorilla-Glue-Glue-Auto-Bluedog-Genetics_11zon-600x400.webp","is_in_stock":true},{"id":1436,"price":28,"regular_price":28,"attributes":{"attribute_pa_cantidad":"pack-5"},"image_src":"https:\/\/bluedoggenetics.com\/wp-content\/uploads\/2024\/11\/Gorilla-Glue-Glue-Auto-Bluedog-Genetics_11zon-600x400.webp","is_in_stock":true},{"id":1437,"price":49,"regular_price":49,"attributes":{"attribute_pa_cantidad":"pack-10"},"image_src":"https:\/\/bluedoggenetics.com\/wp-content\/uploads\/2024\/11\/Gorilla-Glue-Glue-Auto-Bluedog-Genetics_11zon-600x400.webp","is_in_stock":true}],"jetpack_sharing_enabled":true,"_links":{"self":[{"href":"https:\/\/bluedoggenetics.com\/de\/wp-json\/wp\/v2\/product\/1433","targetHints":{"allow":["GET"]}}],"collection":[{"href":"https:\/\/bluedoggenetics.com\/de\/wp-json\/wp\/v2\/product"}],"about":[{"href":"https:\/\/bluedoggenetics.com\/de\/wp-json\/wp\/v2\/types\/product"}],"wp:featuredmedia":[{"embeddable":true,"href":"https:\/\/bluedoggenetics.com\/de\/wp-json\/wp\/v2\/media\/2647"}],"wp:attachment":[{"href":"https:\/\/bluedoggenetics.com\/de\/wp-json\/wp\/v2\/media?parent=1433"}],"wp:term":[{"taxonomy":"product_brand","embeddable":true,"href":"https:\/\/bluedoggenetics.com\/de\/wp-json\/wp\/v2\/product_brand?post=1433"},{"taxonomy":"product_cat","embeddable":true,"href":"https:\/\/bluedoggenetics.com\/de\/wp-json\/wp\/v2\/product_cat?post=1433"},{"taxonomy":"product_tag","embeddable":true,"href":"https:\/\/bluedoggenetics.com\/de\/wp-json\/wp\/v2\/product_tag?post=1433"}],"curies":[{"name":"wp","href":"https:\/\/api.w.org\/{rel}","templated":true}]}}