{"id":1426,"date":"2024-11-05T21:18:13","date_gmt":"2024-11-05T20:18:13","guid":{"rendered":"https:\/\/bluedoggenetics.com\/?post_type=product&#038;p=1426"},"modified":"2026-04-11T15:16:55","modified_gmt":"2026-04-11T13:16:55","slug":"gelato-x-zookies-samen-kaufen","status":"publish","type":"product","link":"https:\/\/bluedoggenetics.com\/de\/produkt\/feminisierte\/gelato-x-zookies-samen-kaufen\/","title":{"rendered":"Gelato x Zookies"},"content":{"rendered":"<p class=\"translation-block\">Gelato x Zookies vereint 60 % Indica-Genetik und 40 % Sativa, was eine Balance zwischen <strong>kompaktem Wachstum<\/strong> und der Potenz ihrer Effekte bietet. Mit einem Bl\u00fctezyklus von 9 bis 10 Wochen eignet sich diese Pflanze sowohl f\u00fcr den Innen- als auch den Au\u00dfenanbau und liefert Ertr\u00e4ge von 550-650 Gramm pro Quadratmeter im Innenbereich und bis zu <strong>850 Gramm pro Pflanze<\/strong> im Au\u00dfenbereich.<br>\nIhre THC-Werte liegen zwischen 20 % und 27 % und bieten eine starke, aber ausgewogene Wirkung, die Euphorie mit tiefer und langanhaltender Entspannung kombiniert.<\/p>\n<p>Diese Cannabissorte bietet nicht nur eine hohe Potenz mit bis zu 24 % THC, sondern auch euphorische und entspannende Effekte, die perfekt f\u00fcr das Ende des Tages sind.<\/p>\n<p class=\"translation-block\"><strong>Aussehen der Bl\u00fcte.<\/strong> Die Buds von Gelato x Zookies sind <strong>dicht und haben ein gl\u00e4nzendes, harziges Aussehen.<\/strong> Die Farben reichen von intensiven Gr\u00fcnt\u00f6nen bis hin zu purpurnen Nuancen, die durch orangefarbene Pistillen verst\u00e4rkt werden und ihnen ein lebendiges Aussehen verleihen. Beim Zerkleinern dieser Buds wird ein komplexer Duft freigesetzt, der von s\u00fc\u00dfen Fruchtnoten und w\u00fcrzigen Untert\u00f6nen gepr\u00e4gt ist, was die Tiefe ihres Geschmacks- und Aromaprofiles widerspiegelt.<\/p>\n<p class=\"translation-block\"><strong>Pflanzenmorphologie.<\/strong> Gelato x Zookies w\u00e4chst m\u00e4\u00dfig und robust und erreicht eine H\u00f6he von 90 bis 120 cm im Innenbereich und 150 bis 180 cm im Au\u00dfenbereich. Ihre kompakte und gut verzweigte Struktur ist ideal f\u00fcr den Innenanbau in kleinen R\u00e4umen, wo sie diskret bleiben und drau\u00dfen zu einer gro\u00dfen Pflanze heranwachsen kann. Diese Pflanze entwickelt dichte und gleichm\u00e4\u00dfige Buds entlang ihrer \u00c4ste, was sie perfekt <strong>f\u00fcr Z\u00fcchter aller Erfahrungsstufen macht.<\/strong><\/p>\n<h3><strong>Anbautipps<\/strong><\/h3>\n<ul>\n<li class=\"translation-block\"><strong>Ideales Klima.<\/strong> Gelato x Zookies passt sich am besten an gem\u00e4\u00dfigte und warme Klimazonen an, in denen die Temperaturen zwischen <strong>20-26\u00b0C (68-79\u00b0F)<\/strong> liegen. In feuchteren Klimazonen ist es wichtig, f\u00fcr eine gute Bel\u00fcftung zu sorgen, um Schimmelprobleme an den Bl\u00fcten zu vermeiden.<\/li>\n<li class=\"translation-block\"><strong>Platz und Training.<\/strong> Obwohl diese Sorte kontrolliert w\u00e4chst, kann LST (Low Stress Training) dazu beitragen, die Buds optimalem Licht auszusetzen, was ein gleichm\u00e4\u00dfiges Wachstum f\u00f6rdert und den Ertrag steigert.<\/li>\n<li class=\"translation-block\"><strong>N\u00e4hrstoffe und D\u00fcngung.<\/strong> W\u00e4hrend der Wachstumsphase reagiert Gelato x Zookies <strong>gut auf eine ausgewogene Ern\u00e4hrung<\/strong> mit hohem Stickstoffgehalt. In der Bl\u00fctezeit ist es ideal, Phosphor und Kalium zu erh\u00f6hen, um dichte und harzige Buds zu entwickeln.<\/li>\n<li class=\"translation-block\"><strong>Bew\u00e4sserung und Luftfeuchtigkeit.<\/strong> Halten Sie einen <strong>m\u00e4\u00dfigen Bew\u00e4sserungsplan<\/strong> ein, indem Sie das Substrat zwischen den Bew\u00e4sserungen leicht austrocknen lassen. In der Bl\u00fctezeit reduzieren Sie die Luftfeuchtigkeit auf einen Bereich von 40-50 %, um die Qualit\u00e4t der Buds zu sichern und Schimmelprobleme zu vermeiden.<\/li>\n<li class=\"translation-block\"><strong>Beschneiden und Pflege.<\/strong> Ein leichter Schnitt zu Beginn des Wachstums kann die Luftzirkulation und Lichtdurchl\u00e4ssigkeit, besonders in den unteren \u00c4sten, verbessern. W\u00e4hrend der Bl\u00fctezeit wird <strong>selektives Entlauben<\/strong> den Buds helfen, ihre maximale Dichte und Qualit\u00e4t zu erreichen.<\/li>\n<\/ul>","protected":false},"excerpt":{"rendered":"<p><strong>Gelato x Zookies<\/strong> es una fusi\u00f3n irresistible, el perfil de sabor dulce y cremoso de Gelato con las notas terrosas y especiadas de Zookies. Cada calada transporta al usuario a una experiencia completa de sabores, desde el dulce tropical hasta el toque picante y terroso, creando una experiencia compleja y exquisita. Esta variedad es ideal para aquellos que buscan una experiencia equilibrada que relaja profundamente sin perder la claridad mental.<\/p>","protected":false},"featured_media":2645,"template":"","meta":{"_acf_changed":false,"inline_featured_image":false,"_wp_applaud_exclude":false},"product_brand":[194],"product_cat":[22],"product_tag":[],"class_list":{"0":"post-1426","1":"product","2":"type-product","3":"status-publish","4":"has-post-thumbnail","6":"product_brand-bluedog-genetics","7":"product_cat-feminizadas","9":"first","10":"instock","11":"taxable","12":"shipping-taxable","13":"purchasable","14":"product-type-variable"},"acf":{"sticker":"https:\/\/bluedoggenetics.com\/wp-content\/uploads\/2024\/11\/Gelato-x-Zookies-Sticker_11zon.webp","family_tree":"<ul>\n<li><a href=\"https:\/\/seedfinder.eu\/es\/strain-info\/gelato-x-zookies\/bluedog-genetics\" target=\"_blank\" rel=\"noopener\">Gelato x Zookies<\/a>\n<ul>\n<li><a href=\"https:\/\/seedfinder.eu\/es\/strain-info\/zookies\/unknown-or-legendary\" target=\"_blank\" rel=\"noopener\">Zookies<\/a>\n<ul>\n<li><a href=\"https:\/\/seedfinder.eu\/es\/strain-info\/original-glue\/gg-genetics\" target=\"_blank\" rel=\"noopener\">Gorilla Glue #4<\/a>\n<ul>\n<li><a href=\"https:\/\/seedfinder.eu\/es\/strain-info\/chocolate-diesel\/unknown-or-legendary\" target=\"_blank\" rel=\"noopener\">Chocolate Diesel<\/a>\n<ul>\n<li><a href=\"https:\/\/seedfinder.eu\/es\/strain-info\/sour-diesel-ibl\/reservoir-seeds\" target=\"_blank\" rel=\"noopener\">Sour Diesel (v1.5)<\/a><\/li>\n<li><a href=\"https:\/\/seedfinder.eu\/es\/strain-info\/chocolate-trip\/dutch-flowers\" target=\"_blank\" rel=\"noopener\">Chocolate Trip (pheno, generation: Katsus F1-Cut)<\/a><\/li>\n<\/ul>\n<\/li>\n<li><a href=\"https:\/\/seedfinder.eu\/es\/strain-info\/chem-sister\/clone-only-strains\" target=\"_blank\" rel=\"noopener\">Chem Sister<\/a>\n<ul>\n<li><a href=\"https:\/\/seedfinder.eu\/es\/strain-info\/chemdog\/unknown-or-legendary\" target=\"_blank\" rel=\"noopener\">Chem Dawg (a)<\/a><\/li>\n<\/ul>\n<\/li>\n<li><a href=\"https:\/\/seedfinder.eu\/es\/strain-info\/sour-dubble\/greyskull-seeds\" target=\"_blank\" rel=\"noopener\">Sour Dubb<\/a>\n<ul>\n<li><a href=\"https:\/\/seedfinder.eu\/es\/strain-info\/sour-bubble\/bog-seeds\" target=\"_blank\" rel=\"noopener\">Sour Bubble<\/a><\/li>\n<li><a href=\"https:\/\/seedfinder.eu\/es\/strain-info\/nyc-diesel\/soma-seeds\" target=\"_blank\" rel=\"noopener\">NYC Diesel<\/a><\/li>\n<\/ul>\n<\/li>\n<\/ul>\n<\/li>\n<li><a href=\"https:\/\/seedfinder.eu\/es\/strain-info\/animal-cookies\/bc-bud-depot\" target=\"_blank\" rel=\"noopener\">Animal Cookies<\/a>\n<ul>\n<li><a href=\"https:\/\/seedfinder.eu\/es\/strain-info\/fire-og-bx3\/bc-bud-depot\" target=\"_blank\" rel=\"noopener\">Fire OG Bx3<\/a>\n<ul>\n<li><a href=\"https:\/\/seedfinder.eu\/es\/strain-info\/unknown-strain\/original-strains\" target=\"_blank\" rel=\"noopener\">Unknown Strain<\/a><\/li>\n<li><a href=\"https:\/\/seedfinder.eu\/es\/strain-info\/fire-kush\/og-raskal-genetics\" target=\"_blank\" rel=\"noopener\">Fire Kush<\/a><\/li>\n<\/ul>\n<\/li>\n<li><a href=\"https:\/\/seedfinder.eu\/es\/strain-info\/girl-scout-cookies\/clone-only-strains\" target=\"_blank\" rel=\"noopener\">Girl Scout Cookies<\/a>\n<ul>\n<li><a href=\"https:\/\/seedfinder.eu\/es\/strain-info\/gsc-thin-mints\/clone-only-strains\" target=\"_blank\" rel=\"noopener\">Thin Mint GSC<\/a><\/li>\n<\/ul>\n<\/li>\n<\/ul>\n<\/li>\n<\/ul>\n<\/li>\n<li><a href=\"https:\/\/seedfinder.eu\/es\/strain-info\/gelato-33\/unknown-or-legendary\" target=\"_blank\" rel=\"noopener\">Gelato #33<\/a>\n<ul>\n<li><a href=\"https:\/\/seedfinder.eu\/es\/strain-info\/gelato-33\/sherbinskis\" target=\"_blank\" rel=\"noopener\">Gelato<\/a>\n<ul>\n<li><a href=\"https:\/\/seedfinder.eu\/es\/strain-info\/gsc-thin-mints\/clone-only-strains\" target=\"_blank\" rel=\"noopener\">Thin Mint Cookies<\/a><\/li>\n<li><a href=\"https:\/\/seedfinder.eu\/es\/strain-info\/sunset-sherbert\/unknown-or-legendary\" target=\"_blank\" rel=\"noopener\">Sunset Sherbet<\/a><\/li>\n<\/ul>\n<\/li>\n<\/ul>\n<\/li>\n<\/ul>\n<\/li>\n<\/ul>\n"},"yoast_head":"<!-- This site is optimized with the Yoast SEO plugin v26.5 - https:\/\/yoast.com\/wordpress\/plugins\/seo\/ -->\n<title>Gelato x Zookies - Comprar semillas de Marihuana - BLUEDOG GENETICS Seeds<\/title>\n<meta name=\"description\" content=\"Gelato x Zookies es variedad potente con hasta 24% de THC, combinando sabores dulces y especiados. Disfruta de una colocon profundo.\" \/>\n<meta name=\"robots\" content=\"index, follow, max-snippet:-1, max-image-preview:large, max-video-preview:-1\" \/>\n<link rel=\"canonical\" href=\"https:\/\/bluedoggenetics.com\/de\/produkt\/feminisierte\/gelato-x-zookies-samen-kaufen\/\" \/>\n<meta property=\"og:locale\" content=\"de_DE\" \/>\n<meta property=\"og:type\" content=\"article\" \/>\n<meta property=\"og:title\" content=\"Gelato x Zookies - Comprar semillas de Marihuana - BLUEDOG GENETICS Seeds\" \/>\n<meta property=\"og:description\" content=\"Gelato x Zookies es variedad potente con hasta 24% de THC, combinando sabores dulces y especiados. Disfruta de una colocon profundo.\" \/>\n<meta property=\"og:url\" content=\"https:\/\/bluedoggenetics.com\/de\/produkt\/feminisierte\/gelato-x-zookies-samen-kaufen\/\" \/>\n<meta property=\"og:site_name\" content=\"BLUEDOG GENETICS Seeds\" \/>\n<meta property=\"article:modified_time\" content=\"2026-04-11T13:16:55+00:00\" \/>\n<meta property=\"og:image\" content=\"https:\/\/bluedoggenetics.com\/wp-content\/uploads\/2024\/11\/Gelato-x-Zookies-Bluedog-Genetics_11zon.webp\" \/>\n\t<meta property=\"og:image:width\" content=\"1536\" \/>\n\t<meta property=\"og:image:height\" content=\"1024\" \/>\n\t<meta property=\"og:image:type\" content=\"image\/webp\" \/>\n<meta name=\"twitter:card\" content=\"summary_large_image\" \/>\n<meta name=\"twitter:label1\" content=\"Gesch\u00e4tzte Lesezeit\" \/>\n\t<meta name=\"twitter:data1\" content=\"3\u00a0Minuten\" \/>\n<script type=\"application\/ld+json\" class=\"yoast-schema-graph\">{\"@context\":\"https:\/\/schema.org\",\"@graph\":[{\"@type\":[\"WebPage\",\"ItemPage\"],\"@id\":\"https:\/\/bluedoggenetics.com\/producto\/feminizadas\/comprar-semillas-gelato-x-zookies\/\",\"url\":\"https:\/\/bluedoggenetics.com\/producto\/feminizadas\/comprar-semillas-gelato-x-zookies\/\",\"name\":\"Gelato x Zookies - Comprar semillas de Marihuana - BLUEDOG GENETICS Seeds\",\"isPartOf\":{\"@id\":\"https:\/\/bluedoggenetics.com\/de\/#website\"},\"primaryImageOfPage\":{\"@id\":\"https:\/\/bluedoggenetics.com\/producto\/feminizadas\/comprar-semillas-gelato-x-zookies\/#primaryimage\"},\"image\":{\"@id\":\"https:\/\/bluedoggenetics.com\/producto\/feminizadas\/comprar-semillas-gelato-x-zookies\/#primaryimage\"},\"thumbnailUrl\":\"https:\/\/bluedoggenetics.com\/wp-content\/uploads\/2024\/11\/Gelato-x-Zookies-Bluedog-Genetics_11zon.webp\",\"datePublished\":\"2024-11-05T20:18:13+00:00\",\"dateModified\":\"2026-04-11T13:16:55+00:00\",\"description\":\"Gelato x Zookies es variedad potente con hasta 24% de THC, combinando sabores dulces y especiados. Disfruta de una colocon profundo.\",\"breadcrumb\":{\"@id\":\"https:\/\/bluedoggenetics.com\/producto\/feminizadas\/comprar-semillas-gelato-x-zookies\/#breadcrumb\"},\"inLanguage\":\"de\",\"potentialAction\":[{\"@type\":\"ReadAction\",\"target\":[\"https:\/\/bluedoggenetics.com\/producto\/feminizadas\/comprar-semillas-gelato-x-zookies\/\"]}]},{\"@type\":\"ImageObject\",\"inLanguage\":\"de\",\"@id\":\"https:\/\/bluedoggenetics.com\/producto\/feminizadas\/comprar-semillas-gelato-x-zookies\/#primaryimage\",\"url\":\"https:\/\/bluedoggenetics.com\/wp-content\/uploads\/2024\/11\/Gelato-x-Zookies-Bluedog-Genetics_11zon.webp\",\"contentUrl\":\"https:\/\/bluedoggenetics.com\/wp-content\/uploads\/2024\/11\/Gelato-x-Zookies-Bluedog-Genetics_11zon.webp\",\"width\":1536,\"height\":1024,\"caption\":\"Gelato x Zookies de Bluedog Genetics\"},{\"@type\":\"BreadcrumbList\",\"@id\":\"https:\/\/bluedoggenetics.com\/producto\/feminizadas\/comprar-semillas-gelato-x-zookies\/#breadcrumb\",\"itemListElement\":[{\"@type\":\"ListItem\",\"position\":1,\"name\":\"Portada\",\"item\":\"https:\/\/bluedoggenetics.com\/\"},{\"@type\":\"ListItem\",\"position\":2,\"name\":\"Tienda\",\"item\":\"https:\/\/bluedoggenetics.com\/fr\/tienda\/\"},{\"@type\":\"ListItem\",\"position\":3,\"name\":\"Gelato x Zookies\"}]},{\"@type\":\"WebSite\",\"@id\":\"https:\/\/bluedoggenetics.com\/de\/#website\",\"url\":\"https:\/\/bluedoggenetics.com\/de\/\",\"name\":\"BLUEDOG GENETICS Seeds\",\"description\":\"Compara y compra las mejores semillas de cannabis. Feminizadas, Autoflorecientes, CBD.\",\"publisher\":{\"@id\":\"https:\/\/bluedoggenetics.com\/de\/#organization\"},\"alternateName\":\"BLUEDOG GENETICS\",\"potentialAction\":[{\"@type\":\"SearchAction\",\"target\":{\"@type\":\"EntryPoint\",\"urlTemplate\":\"https:\/\/bluedoggenetics.com\/de\/?s={search_term_string}\"},\"query-input\":{\"@type\":\"PropertyValueSpecification\",\"valueRequired\":true,\"valueName\":\"search_term_string\"}}],\"inLanguage\":\"de\"},{\"@type\":\"Organization\",\"@id\":\"https:\/\/bluedoggenetics.com\/de\/#organization\",\"name\":\"BLUEDOG GENETICS\",\"url\":\"https:\/\/bluedoggenetics.com\/de\/\",\"logo\":{\"@type\":\"ImageObject\",\"inLanguage\":\"de\",\"@id\":\"https:\/\/bluedoggenetics.com\/de\/#\/schema\/logo\/image\/\",\"url\":\"https:\/\/bluedoggenetics.com\/wp-content\/uploads\/2024\/11\/appIcon.png\",\"contentUrl\":\"https:\/\/bluedoggenetics.com\/wp-content\/uploads\/2024\/11\/appIcon.png\",\"width\":1024,\"height\":1024,\"caption\":\"BLUEDOG GENETICS\"},\"image\":{\"@id\":\"https:\/\/bluedoggenetics.com\/de\/#\/schema\/logo\/image\/\"},\"sameAs\":[\"https:\/\/www.instagram.com\/bluedog.genetics\/\"]}]}<\/script>\n<!-- \/ Yoast SEO plugin. -->","yoast_head_json":{"title":"Gelato x Zookies - Marihuana Samen kaufen - BLUEDOG GENETICS Seeds","description":"Gelato x Zookies ist eine potente Sorte mit bis zu 24 % THC, die s\u00fc\u00dfe und w\u00fcrzige Aromen kombiniert. Genie\u00dfe einen tiefen Rausch.","robots":{"index":"index","follow":"follow","max-snippet":"max-snippet:-1","max-image-preview":"max-image-preview:large","max-video-preview":"max-video-preview:-1"},"canonical":"https:\/\/bluedoggenetics.com\/de\/produkt\/feminisierte\/gelato-x-zookies-samen-kaufen\/","og_locale":"de_DE","og_type":"article","og_title":"Gelato x Zookies - Comprar semillas de Marihuana - BLUEDOG GENETICS Seeds","og_description":"Gelato x Zookies es variedad potente con hasta 24% de THC, combinando sabores dulces y especiados. Disfruta de una colocon profundo.","og_url":"https:\/\/bluedoggenetics.com\/de\/produkt\/feminisierte\/gelato-x-zookies-samen-kaufen\/","og_site_name":"BLUEDOG GENETICS Seeds","article_modified_time":"2026-04-11T13:16:55+00:00","og_image":[{"width":1536,"height":1024,"url":"https:\/\/bluedoggenetics.com\/wp-content\/uploads\/2024\/11\/Gelato-x-Zookies-Bluedog-Genetics_11zon.webp","type":"image\/webp"}],"twitter_card":"summary_large_image","twitter_misc":{"Gesch\u00e4tzte Lesezeit":"3\u00a0Minuten"},"schema":{"@context":"https:\/\/schema.org","@graph":[{"@type":["WebPage","ItemPage"],"@id":"https:\/\/bluedoggenetics.com\/producto\/feminizadas\/comprar-semillas-gelato-x-zookies\/","url":"https:\/\/bluedoggenetics.com\/producto\/feminizadas\/comprar-semillas-gelato-x-zookies\/","name":"Gelato x Zookies - Marihuana Samen kaufen - BLUEDOG GENETICS Seeds","isPartOf":{"@id":"https:\/\/bluedoggenetics.com\/de\/#website"},"primaryImageOfPage":{"@id":"https:\/\/bluedoggenetics.com\/producto\/feminizadas\/comprar-semillas-gelato-x-zookies\/#primaryimage"},"image":{"@id":"https:\/\/bluedoggenetics.com\/producto\/feminizadas\/comprar-semillas-gelato-x-zookies\/#primaryimage"},"thumbnailUrl":"https:\/\/bluedoggenetics.com\/wp-content\/uploads\/2024\/11\/Gelato-x-Zookies-Bluedog-Genetics_11zon.webp","datePublished":"2024-11-05T20:18:13+00:00","dateModified":"2026-04-11T13:16:55+00:00","description":"Gelato x Zookies ist eine potente Sorte mit bis zu 24 % THC, die s\u00fc\u00dfe und w\u00fcrzige Aromen kombiniert. Genie\u00dfe einen tiefen Rausch.","breadcrumb":{"@id":"https:\/\/bluedoggenetics.com\/producto\/feminizadas\/comprar-semillas-gelato-x-zookies\/#breadcrumb"},"inLanguage":"de","potentialAction":[{"@type":"ReadAction","target":["https:\/\/bluedoggenetics.com\/producto\/feminizadas\/comprar-semillas-gelato-x-zookies\/"]}]},{"@type":"ImageObject","inLanguage":"de","@id":"https:\/\/bluedoggenetics.com\/producto\/feminizadas\/comprar-semillas-gelato-x-zookies\/#primaryimage","url":"https:\/\/bluedoggenetics.com\/wp-content\/uploads\/2024\/11\/Gelato-x-Zookies-Bluedog-Genetics_11zon.webp","contentUrl":"https:\/\/bluedoggenetics.com\/wp-content\/uploads\/2024\/11\/Gelato-x-Zookies-Bluedog-Genetics_11zon.webp","width":1536,"height":1024,"caption":"Gelato x Zookies de Bluedog Genetics"},{"@type":"BreadcrumbList","@id":"https:\/\/bluedoggenetics.com\/producto\/feminizadas\/comprar-semillas-gelato-x-zookies\/#breadcrumb","itemListElement":[{"@type":"ListItem","position":1,"name":"Portada","item":"https:\/\/bluedoggenetics.com\/"},{"@type":"ListItem","position":2,"name":"Tienda","item":"https:\/\/bluedoggenetics.com\/fr\/tienda\/"},{"@type":"ListItem","position":3,"name":"Gelato x Zookies"}]},{"@type":"WebSite","@id":"https:\/\/bluedoggenetics.com\/de\/#website","url":"https:\/\/bluedoggenetics.com\/de\/","name":"BLUEDOG GENETICS Seeds","description":"Vergleiche und kaufe die besten Hanfsamen. Feminisiert, Autoflowering, CBD.","publisher":{"@id":"https:\/\/bluedoggenetics.com\/de\/#organization"},"alternateName":"BLUEDOG GENETICS","potentialAction":[{"@type":"SearchAction","target":{"@type":"EntryPoint","urlTemplate":"https:\/\/bluedoggenetics.com\/de\/?s={search_term_string}"},"query-input":{"@type":"PropertyValueSpecification","valueRequired":true,"valueName":"search_term_string"}}],"inLanguage":"de"},{"@type":"Organization","@id":"https:\/\/bluedoggenetics.com\/de\/#organization","name":"BLUEDOG GENETICS","url":"https:\/\/bluedoggenetics.com\/de\/","logo":{"@type":"ImageObject","inLanguage":"de","@id":"https:\/\/bluedoggenetics.com\/de\/#\/schema\/logo\/image\/","url":"https:\/\/bluedoggenetics.com\/wp-content\/uploads\/2024\/11\/appIcon.png","contentUrl":"https:\/\/bluedoggenetics.com\/wp-content\/uploads\/2024\/11\/appIcon.png","width":1024,"height":1024,"caption":"BLUEDOG GENETICS"},"image":{"@id":"https:\/\/bluedoggenetics.com\/de\/#\/schema\/logo\/image\/"},"sameAs":["https:\/\/www.instagram.com\/bluedog.genetics\/"]}]}},"sticker_url":"https:\/\/bluedoggenetics.com\/wp-content\/uploads\/2024\/11\/Gelato-x-Zookies-Sticker_11zon.webp","variations_full":[{"id":1428,"price":6.5,"regular_price":6.5,"attributes":{"attribute_cantidad":"Pack 1"},"image_src":"https:\/\/bluedoggenetics.com\/wp-content\/uploads\/2024\/11\/Gelato-x-Zookies-Bluedog-Genetics_11zon-600x400.webp","is_in_stock":true},{"id":1429,"price":16.75,"regular_price":16.75,"attributes":{"attribute_cantidad":"Pack 3"},"image_src":"https:\/\/bluedoggenetics.com\/wp-content\/uploads\/2024\/11\/Gelato-x-Zookies-Bluedog-Genetics_11zon-600x400.webp","is_in_stock":true},{"id":1430,"price":25.9,"regular_price":25.9,"attributes":{"attribute_cantidad":"Pack 5"},"image_src":"https:\/\/bluedoggenetics.com\/wp-content\/uploads\/2024\/11\/Gelato-x-Zookies-Bluedog-Genetics_11zon-600x400.webp","is_in_stock":true},{"id":1431,"price":45.5,"regular_price":45.5,"attributes":{"attribute_cantidad":"Pack 10"},"image_src":"https:\/\/bluedoggenetics.com\/wp-content\/uploads\/2024\/11\/Gelato-x-Zookies-Bluedog-Genetics_11zon-600x400.webp","is_in_stock":true}],"jetpack_sharing_enabled":true,"_links":{"self":[{"href":"https:\/\/bluedoggenetics.com\/de\/wp-json\/wp\/v2\/product\/1426","targetHints":{"allow":["GET"]}}],"collection":[{"href":"https:\/\/bluedoggenetics.com\/de\/wp-json\/wp\/v2\/product"}],"about":[{"href":"https:\/\/bluedoggenetics.com\/de\/wp-json\/wp\/v2\/types\/product"}],"wp:featuredmedia":[{"embeddable":true,"href":"https:\/\/bluedoggenetics.com\/de\/wp-json\/wp\/v2\/media\/2645"}],"wp:attachment":[{"href":"https:\/\/bluedoggenetics.com\/de\/wp-json\/wp\/v2\/media?parent=1426"}],"wp:term":[{"taxonomy":"product_brand","embeddable":true,"href":"https:\/\/bluedoggenetics.com\/de\/wp-json\/wp\/v2\/product_brand?post=1426"},{"taxonomy":"product_cat","embeddable":true,"href":"https:\/\/bluedoggenetics.com\/de\/wp-json\/wp\/v2\/product_cat?post=1426"},{"taxonomy":"product_tag","embeddable":true,"href":"https:\/\/bluedoggenetics.com\/de\/wp-json\/wp\/v2\/product_tag?post=1426"}],"curies":[{"name":"wp","href":"https:\/\/api.w.org\/{rel}","templated":true}]}}