{"id":1377,"date":"2024-10-28T17:50:55","date_gmt":"2024-10-28T16:50:55","guid":{"rendered":"https:\/\/bluedoggenetics.com\/?post_type=product&#038;p=1377"},"modified":"2026-04-11T15:16:52","modified_gmt":"2026-04-11T13:16:52","slug":"girl-scout-cookies-auto","status":"publish","type":"product","link":"https:\/\/bluedoggenetics.com\/de\/produkt\/autoflowering\/girl-scout-cookies-auto\/","title":{"rendered":"Girl Scout Cookies Auto"},"content":{"rendered":"<p class=\"translation-block\"><strong>Girl Scout Cookies Auto<\/strong> ist eine selbstbl\u00fchende Version der klassischen und legend\u00e4ren Girl Scout Cookies, die <strong>60 % Indica-Genetik mit 40 % Sativa<\/strong> kombiniert. Mit einem schnellen Lebenszyklus von 8-9 Wochen bietet diese Pflanze einen gro\u00dfz\u00fcgigen und konstanten Ertrag von 450 bis 550 Gramm pro Quadratmeter im Innenbereich und 50 bis 150 Gramm pro Pflanze im Au\u00dfenbereich. Sie passt sich sowohl warmen als auch gem\u00e4\u00dfigten Klimazonen gut an, ist einfach anzubauen und ideal f\u00fcr Z\u00fcchter aller Erfahrungsstufen.<\/p>\n<p class=\"translation-block\">Mit <strong>THC-Werten zwischen 17% und 23%<\/strong> bietet Girl Scout Cookies Auto eine starke und ausgewogene Wirkung, die fr\u00f6hliche Euphorie mit tiefer Entspannung kombiniert. Ideal zur Linderung von Stress und Schmerzen, regt diese Sorte auch den Appetit an und ist hervorragend f\u00fcr Momente der Entspannung und des pers\u00f6nlichen Genusses geeignet. Ihr Geschmacksprofil ist eine s\u00fc\u00dfe und erdige Mischung mit einer w\u00fcrzigen und minzigen Note, die jeden Zug zu einem Vergn\u00fcgen macht.<\/p>\n<p class=\"translation-block\"><strong>Bl\u00fctenerscheinung.<\/strong> Die Bl\u00fcten von Girl Scout Cookies Auto sind dicht und von Trichomen bedeckt, die ihnen ein harziges und gl\u00e4nzendes Aussehen verleihen. Mit Farben, die von tiefem Gr\u00fcn bis hin zu violetten Nuancen reichen, sind ihre Bl\u00fcten optisch beeindruckend und durch orangefarbene Narben akzentuiert. Beim Zerreiben der Bl\u00fcten wird ein <strong>s\u00fc\u00dfes und erdiges Aroma mit Ankl\u00e4ngen von Minze und Gew\u00fcrzen<\/strong> freigesetzt, das die F\u00fclle ihres Geschmacksprofils widerspiegelt.<\/p>\n<p class=\"translation-block\"><strong>Morphologie der Pflanze.<\/strong> Girl Scout Cookies Auto w\u00e4chst in einer <strong>kompakten und robusten<\/strong> Form und erreicht eine H\u00f6he von 90 bis 120 cm sowohl im Innen- als auch im Au\u00dfenbereich. Ihre Struktur ist stark und gut verzweigt, mit dichten Bl\u00fcten, die sich entlang der \u00c4ste bilden. Dank ihrer kompakten Gr\u00f6\u00dfe ist sie ideal f\u00fcr den Anbau in Innenr\u00e4umen und kleineren Bereichen und eignet sich auch f\u00fcr diskrete Au\u00dfenanpflanzungen.<\/p>\n<h3><strong>Anbautipps<\/strong><\/h3>\n<ul>\n<li class=\"translation-block\"><strong>Ideales Klima.<\/strong> Girl Scout Cookies Auto passt sich gut an <strong>gem\u00e4\u00dfigte und warme Klimazonen<\/strong> an. Halten Sie die Temperaturen zwischen 20-26\u00b0C (68-79\u00b0F), um ihre Entwicklung zu maximieren. Im Au\u00dfenbereich sorgen Sie f\u00fcr eine gute Bel\u00fcftung, um Feuchtigkeitsprobleme in feuchteren Klimazonen zu vermeiden.<\/li>\n<li class=\"translation-block\"><strong>Platz und Training.<\/strong> Obwohl diese Sorte kompakt ist, kann <strong>LST<\/strong> (Low Stress Training) helfen, die Belichtung der Bl\u00fcten zu maximieren, ein gleichm\u00e4\u00dfiges Wachstum zu f\u00f6rdern und den Ertrag zu steigern. Ihre kontrollierte Gr\u00f6\u00dfe macht sie <strong>leicht zu handhaben<\/strong>, sowohl in Innenr\u00e4umen als auch in kleinen Bereichen.<\/li>\n<li class=\"translation-block\"><strong>N\u00e4hrstoffe und D\u00fcngung.<\/strong> W\u00e4hrend der vegetativen Phase eine ausgewogene Ern\u00e4hrung mit Stickstoff bereitstellen. Sobald die Pflanze in die Bl\u00fctephase eintritt, den Phosphor- und Kaliumgehalt erh\u00f6hen, um die Entwicklung dichter und harziger Bl\u00fcten zu gew\u00e4hrleisten. D\u00fcngerdosen an die Reaktion der Pflanze anpassen, um \u00dcberd\u00fcngungsprobleme zu vermeiden.<\/li>\n<li class=\"translation-block\"><strong>Bew\u00e4sserung und Luftfeuchtigkeit.<\/strong> Girl Scout Cookies Auto bevorzugt m\u00e4\u00dfiges Gie\u00dfen. Lassen Sie das Substrat zwischen den Bew\u00e4sserungen leicht trocknen, um Wurzelprobleme zu vermeiden. W\u00e4hrend der Bl\u00fcte die Luftfeuchtigkeit im Bereich von <strong>40-50 %<\/strong> halten, um Schimmel vorzubeugen und eine hohe Bl\u00fctenqualit\u00e4t zu gew\u00e4hrleisten.<\/li>\n<li class=\"translation-block\"><strong>Beschneiden und Pflege,<\/strong> F\u00fchren Sie zu Beginn des Wachstums einen leichten Schnitt durch, um die Luftzirkulation und die Lichtdurchl\u00e4ssigkeit zu den unteren Zweigen zu verbessern. Selektives Entlauben w\u00e4hrend der Bl\u00fctezeit hilft den Bl\u00fcten, sich besser zu entwickeln und eine gute Dichte zu bewahren.<\/li>\n<\/ul>","protected":false},"excerpt":{"rendered":"<p><strong>Girl Scout Cookies Auto<\/strong> es una delicia potente, con un perfil de sabor dulce y terroso mezclado con notas de menta y especias que hacen que cada calada sea \u00fanica. Esta variedad autofloreciente es perfecta para quienes buscan una experiencia relajante y euf\u00f3rica, ideal para disfrutar despu\u00e9s de un d\u00eda largo y desconectar.<\/p>","protected":false},"featured_media":2643,"template":"","meta":{"_acf_changed":false,"inline_featured_image":false,"_wp_applaud_exclude":false},"product_brand":[194],"product_cat":[21],"product_tag":[],"class_list":{"0":"post-1377","1":"product","2":"type-product","3":"status-publish","4":"has-post-thumbnail","6":"product_brand-bluedog-genetics","7":"product_cat-autoflorecientes","9":"first","10":"instock","11":"taxable","12":"shipping-taxable","13":"purchasable","14":"product-type-variable"},"acf":{"sticker":"https:\/\/bluedoggenetics.com\/wp-content\/uploads\/2024\/10\/Girl-Scout-Cookies-Auto-Sticker-1_11zon.webp","family_tree":"<ul>\n<li><a href=\"https:\/\/seedfinder.eu\/es\/strain-info\/girl-scout-cookies-auto-1\/bluedog-genetics\" target=\"_blank\" rel=\"noopener\">Girl Scout Cookies Auto<\/a>\n<ul>\n<li><a href=\"https:\/\/seedfinder.eu\/es\/strain-info\/ruderalis\/original-strains\" target=\"_blank\" rel=\"noopener\">Unknown Ruderalis<\/a><\/li>\n<li><a href=\"https:\/\/seedfinder.eu\/es\/strain-info\/girl-scout-cookies\/clone-only-strains\" target=\"_blank\" rel=\"noopener\">Girl Scout Cookies<\/a>\n<ul>\n<li><a href=\"https:\/\/seedfinder.eu\/es\/strain-info\/gsc-thin-mints\/clone-only-strains\" target=\"_blank\" rel=\"noopener\">Thin Mint GSC<\/a>\n<ul>\n<li><a href=\"https:\/\/seedfinder.eu\/es\/strain-info\/f1-durban\/unknown-or-legendary\" target=\"_blank\" rel=\"noopener\">F1 Durban<\/a>\n<ul>\n<li><a href=\"https:\/\/seedfinder.eu\/es\/strain-info\/durban-poison\/unknown-or-legendary\" target=\"_blank\" rel=\"noopener\">Durban<\/a><\/li>\n<li><a href=\"https:\/\/seedfinder.eu\/es\/strain-info\/f1\/unknown-or-legendary\" target=\"_blank\" rel=\"noopener\">F1<\/a><\/li>\n<\/ul>\n<\/li>\n<li><a href=\"https:\/\/seedfinder.eu\/es\/strain-info\/og-kush\/clone-only-strains\" target=\"_blank\" rel=\"noopener\">OG Kush (South Florida)<\/a>\n<ul>\n<li><a href=\"https:\/\/seedfinder.eu\/es\/strain-info\/hindu-kush-indica\/original-strains\" target=\"_blank\" rel=\"noopener\">Hindu Kush (Neville)<\/a><\/li>\n<li><a href=\"https:\/\/seedfinder.eu\/es\/strain-info\/unknown-strain\/original-strains\" target=\"_blank\" rel=\"noopener\">Unknown Strain (unknown: Emerald Triangle)<\/a><\/li>\n<\/ul>\n<\/li>\n<\/ul>\n<\/li>\n<\/ul>\n<\/li>\n<\/ul>\n<\/li>\n<\/ul>\n"},"yoast_head":"<!-- This site is optimized with the Yoast SEO plugin v26.5 - https:\/\/yoast.com\/wordpress\/plugins\/seo\/ -->\n<title>Girl Scout Cookies Auto - BLUEDOG GENETICS Seeds<\/title>\n<meta name=\"description\" content=\"Girl Scout Cookies Auto es una gen\u00e9tica autofloreciente premium con alto THC y perfil de sabor dulce y terroso. Ideal para quienes buscan un cultivo r\u00e1pido.\" \/>\n<meta name=\"robots\" content=\"index, follow, max-snippet:-1, max-image-preview:large, max-video-preview:-1\" \/>\n<link rel=\"canonical\" href=\"https:\/\/bluedoggenetics.com\/de\/produkt\/autoflowering\/girl-scout-cookies-auto\/\" \/>\n<meta property=\"og:locale\" content=\"de_DE\" \/>\n<meta property=\"og:type\" content=\"article\" \/>\n<meta property=\"og:title\" content=\"Girl Scout Cookies Auto - BLUEDOG GENETICS Seeds\" \/>\n<meta property=\"og:description\" content=\"Girl Scout Cookies Auto es una gen\u00e9tica autofloreciente premium con alto THC y perfil de sabor dulce y terroso. Ideal para quienes buscan un cultivo r\u00e1pido.\" \/>\n<meta property=\"og:url\" content=\"https:\/\/bluedoggenetics.com\/de\/produkt\/autoflowering\/girl-scout-cookies-auto\/\" \/>\n<meta property=\"og:site_name\" content=\"BLUEDOG GENETICS Seeds\" \/>\n<meta property=\"article:modified_time\" content=\"2026-04-11T13:16:52+00:00\" \/>\n<meta property=\"og:image\" content=\"https:\/\/bluedoggenetics.com\/wp-content\/uploads\/2024\/10\/Girl-Scout-Cookies-Auto-Bluedog-Genetics_11zon.webp\" \/>\n\t<meta property=\"og:image:width\" content=\"1536\" \/>\n\t<meta property=\"og:image:height\" content=\"1024\" \/>\n\t<meta property=\"og:image:type\" content=\"image\/webp\" \/>\n<meta name=\"twitter:card\" content=\"summary_large_image\" \/>\n<meta name=\"twitter:label1\" content=\"Gesch\u00e4tzte Lesezeit\" \/>\n\t<meta name=\"twitter:data1\" content=\"3\u00a0Minuten\" \/>\n<script type=\"application\/ld+json\" class=\"yoast-schema-graph\">{\"@context\":\"https:\/\/schema.org\",\"@graph\":[{\"@type\":[\"WebPage\",\"ItemPage\"],\"@id\":\"https:\/\/bluedoggenetics.com\/producto\/autoflorecientes\/girl-scout-cookies-auto\/\",\"url\":\"https:\/\/bluedoggenetics.com\/producto\/autoflorecientes\/girl-scout-cookies-auto\/\",\"name\":\"Girl Scout Cookies Auto - BLUEDOG GENETICS Seeds\",\"isPartOf\":{\"@id\":\"https:\/\/bluedoggenetics.com\/de\/#website\"},\"primaryImageOfPage\":{\"@id\":\"https:\/\/bluedoggenetics.com\/producto\/autoflorecientes\/girl-scout-cookies-auto\/#primaryimage\"},\"image\":{\"@id\":\"https:\/\/bluedoggenetics.com\/producto\/autoflorecientes\/girl-scout-cookies-auto\/#primaryimage\"},\"thumbnailUrl\":\"https:\/\/bluedoggenetics.com\/wp-content\/uploads\/2024\/10\/Girl-Scout-Cookies-Auto-Bluedog-Genetics_11zon.webp\",\"datePublished\":\"2024-10-28T16:50:55+00:00\",\"dateModified\":\"2026-04-11T13:16:52+00:00\",\"description\":\"Girl Scout Cookies Auto es una gen\u00e9tica autofloreciente premium con alto THC y perfil de sabor dulce y terroso. Ideal para quienes buscan un cultivo r\u00e1pido.\",\"breadcrumb\":{\"@id\":\"https:\/\/bluedoggenetics.com\/producto\/autoflorecientes\/girl-scout-cookies-auto\/#breadcrumb\"},\"inLanguage\":\"de\",\"potentialAction\":[{\"@type\":\"ReadAction\",\"target\":[\"https:\/\/bluedoggenetics.com\/producto\/autoflorecientes\/girl-scout-cookies-auto\/\"]}]},{\"@type\":\"ImageObject\",\"inLanguage\":\"de\",\"@id\":\"https:\/\/bluedoggenetics.com\/producto\/autoflorecientes\/girl-scout-cookies-auto\/#primaryimage\",\"url\":\"https:\/\/bluedoggenetics.com\/wp-content\/uploads\/2024\/10\/Girl-Scout-Cookies-Auto-Bluedog-Genetics_11zon.webp\",\"contentUrl\":\"https:\/\/bluedoggenetics.com\/wp-content\/uploads\/2024\/10\/Girl-Scout-Cookies-Auto-Bluedog-Genetics_11zon.webp\",\"width\":1536,\"height\":1024,\"caption\":\"Girl Scout Cookies Auto de Bluedog Genetics Lista para su cosecha\"},{\"@type\":\"BreadcrumbList\",\"@id\":\"https:\/\/bluedoggenetics.com\/producto\/autoflorecientes\/girl-scout-cookies-auto\/#breadcrumb\",\"itemListElement\":[{\"@type\":\"ListItem\",\"position\":1,\"name\":\"Portada\",\"item\":\"https:\/\/bluedoggenetics.com\/\"},{\"@type\":\"ListItem\",\"position\":2,\"name\":\"Tienda\",\"item\":\"https:\/\/bluedoggenetics.com\/fr\/tienda\/\"},{\"@type\":\"ListItem\",\"position\":3,\"name\":\"Girl Scout Cookies Auto\"}]},{\"@type\":\"WebSite\",\"@id\":\"https:\/\/bluedoggenetics.com\/de\/#website\",\"url\":\"https:\/\/bluedoggenetics.com\/de\/\",\"name\":\"BLUEDOG GENETICS Seeds\",\"description\":\"Compara y compra las mejores semillas de cannabis. Feminizadas, Autoflorecientes, CBD.\",\"publisher\":{\"@id\":\"https:\/\/bluedoggenetics.com\/de\/#organization\"},\"alternateName\":\"BLUEDOG GENETICS\",\"potentialAction\":[{\"@type\":\"SearchAction\",\"target\":{\"@type\":\"EntryPoint\",\"urlTemplate\":\"https:\/\/bluedoggenetics.com\/de\/?s={search_term_string}\"},\"query-input\":{\"@type\":\"PropertyValueSpecification\",\"valueRequired\":true,\"valueName\":\"search_term_string\"}}],\"inLanguage\":\"de\"},{\"@type\":\"Organization\",\"@id\":\"https:\/\/bluedoggenetics.com\/de\/#organization\",\"name\":\"BLUEDOG GENETICS\",\"url\":\"https:\/\/bluedoggenetics.com\/de\/\",\"logo\":{\"@type\":\"ImageObject\",\"inLanguage\":\"de\",\"@id\":\"https:\/\/bluedoggenetics.com\/de\/#\/schema\/logo\/image\/\",\"url\":\"https:\/\/bluedoggenetics.com\/wp-content\/uploads\/2024\/11\/appIcon.png\",\"contentUrl\":\"https:\/\/bluedoggenetics.com\/wp-content\/uploads\/2024\/11\/appIcon.png\",\"width\":1024,\"height\":1024,\"caption\":\"BLUEDOG GENETICS\"},\"image\":{\"@id\":\"https:\/\/bluedoggenetics.com\/de\/#\/schema\/logo\/image\/\"},\"sameAs\":[\"https:\/\/www.instagram.com\/bluedog.genetics\/\"]}]}<\/script>\n<!-- \/ Yoast SEO plugin. -->","yoast_head_json":{"title":"Girl Scout Cookies Auto - BLUEDOG GENETICS Seeds","description":"Girl Scout Cookies Auto ist eine erstklassige selbstbl\u00fchende Sorte mit hohem THC-Gehalt und einem s\u00fc\u00dfen, erdigen Geschmacksprofil. Ideal f\u00fcr diejenigen, die eine schnelle Kultivierung suchen.","robots":{"index":"index","follow":"follow","max-snippet":"max-snippet:-1","max-image-preview":"max-image-preview:large","max-video-preview":"max-video-preview:-1"},"canonical":"https:\/\/bluedoggenetics.com\/de\/produkt\/autoflowering\/girl-scout-cookies-auto\/","og_locale":"de_DE","og_type":"article","og_title":"Girl Scout Cookies Auto - BLUEDOG GENETICS Seeds","og_description":"Girl Scout Cookies Auto es una gen\u00e9tica autofloreciente premium con alto THC y perfil de sabor dulce y terroso. Ideal para quienes buscan un cultivo r\u00e1pido.","og_url":"https:\/\/bluedoggenetics.com\/de\/produkt\/autoflowering\/girl-scout-cookies-auto\/","og_site_name":"BLUEDOG GENETICS Seeds","article_modified_time":"2026-04-11T13:16:52+00:00","og_image":[{"width":1536,"height":1024,"url":"https:\/\/bluedoggenetics.com\/wp-content\/uploads\/2024\/10\/Girl-Scout-Cookies-Auto-Bluedog-Genetics_11zon.webp","type":"image\/webp"}],"twitter_card":"summary_large_image","twitter_misc":{"Gesch\u00e4tzte Lesezeit":"3\u00a0Minuten"},"schema":{"@context":"https:\/\/schema.org","@graph":[{"@type":["WebPage","ItemPage"],"@id":"https:\/\/bluedoggenetics.com\/producto\/autoflorecientes\/girl-scout-cookies-auto\/","url":"https:\/\/bluedoggenetics.com\/producto\/autoflorecientes\/girl-scout-cookies-auto\/","name":"Girl Scout Cookies Auto - BLUEDOG GENETICS Seeds","isPartOf":{"@id":"https:\/\/bluedoggenetics.com\/de\/#website"},"primaryImageOfPage":{"@id":"https:\/\/bluedoggenetics.com\/producto\/autoflorecientes\/girl-scout-cookies-auto\/#primaryimage"},"image":{"@id":"https:\/\/bluedoggenetics.com\/producto\/autoflorecientes\/girl-scout-cookies-auto\/#primaryimage"},"thumbnailUrl":"https:\/\/bluedoggenetics.com\/wp-content\/uploads\/2024\/10\/Girl-Scout-Cookies-Auto-Bluedog-Genetics_11zon.webp","datePublished":"2024-10-28T16:50:55+00:00","dateModified":"2026-04-11T13:16:52+00:00","description":"Girl Scout Cookies Auto ist eine erstklassige selbstbl\u00fchende Sorte mit hohem THC-Gehalt und einem s\u00fc\u00dfen, erdigen Geschmacksprofil. Ideal f\u00fcr diejenigen, die eine schnelle Kultivierung suchen.","breadcrumb":{"@id":"https:\/\/bluedoggenetics.com\/producto\/autoflorecientes\/girl-scout-cookies-auto\/#breadcrumb"},"inLanguage":"de","potentialAction":[{"@type":"ReadAction","target":["https:\/\/bluedoggenetics.com\/producto\/autoflorecientes\/girl-scout-cookies-auto\/"]}]},{"@type":"ImageObject","inLanguage":"de","@id":"https:\/\/bluedoggenetics.com\/producto\/autoflorecientes\/girl-scout-cookies-auto\/#primaryimage","url":"https:\/\/bluedoggenetics.com\/wp-content\/uploads\/2024\/10\/Girl-Scout-Cookies-Auto-Bluedog-Genetics_11zon.webp","contentUrl":"https:\/\/bluedoggenetics.com\/wp-content\/uploads\/2024\/10\/Girl-Scout-Cookies-Auto-Bluedog-Genetics_11zon.webp","width":1536,"height":1024,"caption":"Girl Scout Cookies Auto de Bluedog Genetics Lista para su cosecha"},{"@type":"BreadcrumbList","@id":"https:\/\/bluedoggenetics.com\/producto\/autoflorecientes\/girl-scout-cookies-auto\/#breadcrumb","itemListElement":[{"@type":"ListItem","position":1,"name":"Portada","item":"https:\/\/bluedoggenetics.com\/"},{"@type":"ListItem","position":2,"name":"Tienda","item":"https:\/\/bluedoggenetics.com\/fr\/tienda\/"},{"@type":"ListItem","position":3,"name":"Girl Scout Cookies Auto"}]},{"@type":"WebSite","@id":"https:\/\/bluedoggenetics.com\/de\/#website","url":"https:\/\/bluedoggenetics.com\/de\/","name":"BLUEDOG GENETICS Seeds","description":"Vergleiche und kaufe die besten Hanfsamen. Feminisiert, Autoflowering, CBD.","publisher":{"@id":"https:\/\/bluedoggenetics.com\/de\/#organization"},"alternateName":"BLUEDOG GENETICS","potentialAction":[{"@type":"SearchAction","target":{"@type":"EntryPoint","urlTemplate":"https:\/\/bluedoggenetics.com\/de\/?s={search_term_string}"},"query-input":{"@type":"PropertyValueSpecification","valueRequired":true,"valueName":"search_term_string"}}],"inLanguage":"de"},{"@type":"Organization","@id":"https:\/\/bluedoggenetics.com\/de\/#organization","name":"BLUEDOG GENETICS","url":"https:\/\/bluedoggenetics.com\/de\/","logo":{"@type":"ImageObject","inLanguage":"de","@id":"https:\/\/bluedoggenetics.com\/de\/#\/schema\/logo\/image\/","url":"https:\/\/bluedoggenetics.com\/wp-content\/uploads\/2024\/11\/appIcon.png","contentUrl":"https:\/\/bluedoggenetics.com\/wp-content\/uploads\/2024\/11\/appIcon.png","width":1024,"height":1024,"caption":"BLUEDOG GENETICS"},"image":{"@id":"https:\/\/bluedoggenetics.com\/de\/#\/schema\/logo\/image\/"},"sameAs":["https:\/\/www.instagram.com\/bluedog.genetics\/"]}]}},"sticker_url":"https:\/\/bluedoggenetics.com\/wp-content\/uploads\/2024\/10\/Girl-Scout-Cookies-Auto-Sticker-1_11zon.webp","variations_full":[{"id":1379,"price":4.5,"regular_price":4.5,"attributes":{"attribute_cantidad":"Pack 1"},"image_src":"https:\/\/bluedoggenetics.com\/wp-content\/uploads\/2024\/10\/Girl-Scout-Cookies-Auto-Bluedog-Genetics_11zon-600x400.webp","is_in_stock":true},{"id":1380,"price":12,"regular_price":12,"attributes":{"attribute_cantidad":"Pack 3"},"image_src":"https:\/\/bluedoggenetics.com\/wp-content\/uploads\/2024\/10\/Girl-Scout-Cookies-Auto-Bluedog-Genetics_11zon-600x400.webp","is_in_stock":true},{"id":1381,"price":17.5,"regular_price":17.5,"attributes":{"attribute_cantidad":"Pack 5"},"image_src":"https:\/\/bluedoggenetics.com\/wp-content\/uploads\/2024\/10\/Girl-Scout-Cookies-Auto-Bluedog-Genetics_11zon-600x400.webp","is_in_stock":true},{"id":1382,"price":29.9,"regular_price":29.9,"attributes":{"attribute_cantidad":"Pack 10"},"image_src":"https:\/\/bluedoggenetics.com\/wp-content\/uploads\/2024\/10\/Girl-Scout-Cookies-Auto-Bluedog-Genetics_11zon-600x400.webp","is_in_stock":true}],"jetpack_sharing_enabled":true,"_links":{"self":[{"href":"https:\/\/bluedoggenetics.com\/de\/wp-json\/wp\/v2\/product\/1377","targetHints":{"allow":["GET"]}}],"collection":[{"href":"https:\/\/bluedoggenetics.com\/de\/wp-json\/wp\/v2\/product"}],"about":[{"href":"https:\/\/bluedoggenetics.com\/de\/wp-json\/wp\/v2\/types\/product"}],"wp:featuredmedia":[{"embeddable":true,"href":"https:\/\/bluedoggenetics.com\/de\/wp-json\/wp\/v2\/media\/2643"}],"wp:attachment":[{"href":"https:\/\/bluedoggenetics.com\/de\/wp-json\/wp\/v2\/media?parent=1377"}],"wp:term":[{"taxonomy":"product_brand","embeddable":true,"href":"https:\/\/bluedoggenetics.com\/de\/wp-json\/wp\/v2\/product_brand?post=1377"},{"taxonomy":"product_cat","embeddable":true,"href":"https:\/\/bluedoggenetics.com\/de\/wp-json\/wp\/v2\/product_cat?post=1377"},{"taxonomy":"product_tag","embeddable":true,"href":"https:\/\/bluedoggenetics.com\/de\/wp-json\/wp\/v2\/product_tag?post=1377"}],"curies":[{"name":"wp","href":"https:\/\/api.w.org\/{rel}","templated":true}]}}