{"id":1184,"date":"2024-10-17T23:07:37","date_gmt":"2024-10-17T21:07:37","guid":{"rendered":"https:\/\/bluedoggenetics.com\/?post_type=product&#038;p=1184"},"modified":"2026-04-11T15:16:51","modified_gmt":"2026-04-11T13:16:51","slug":"passion-fruit-paradise-auto","status":"publish","type":"product","link":"https:\/\/bluedoggenetics.com\/de\/produkt\/autoflowering\/passion-fruit-paradise-auto\/","title":{"rendered":"Passion Fruit Paradise Auto"},"content":{"rendered":"<p class=\"translation-block\"><span style=\"font-weight: 400\"> <\/span><b>Passion Fruit Paradise Auto<\/b><span style=\"font-weight: 400\"> ist ein Hybrid mit 65% Indica und 35% Sativa. Mit einem <strong>schnellen Lebenszyklus von nur 9 bis 10 Wochen<\/strong> ist diese Pflanze perfekt f\u00fcr alle, die eine schnelle und hochwertige Ernte suchen. Im Innenbereich k\u00f6nnen Sie mit Ertr\u00e4gen von 400 bis 550 Gramm pro Quadratmeter rechnen, w\u00e4hrend <\/span>Passion Fruit Paradise Auto<span style=\"font-weight: 400\"> im Au\u00dfenbereich <strong>zwischen 80 und 170 Gramm pro Pflanze<\/strong> liefert. Mit einem THC-Gehalt von 17% bis 20% bietet diese Sorte ein entspannendes Erlebnis mit einem Hauch von Euphorie, das Sie positiv h\u00e4lt.<\/span><\/p>\n<p><span style=\"font-weight: 400;\">Das Geschmacksprofil ist genau das, was der Name vermuten l\u00e4sst: ein k\u00f6stlicher und frischer Hauch von Passionsfrucht, kombiniert mit einer cremigen Note, die ein weiches und fruchtiges Gef\u00fchl auf Ihrem Gaumen hinterl\u00e4sst.<\/span><\/p>\n<p class=\"translation-block\"><b>Bl\u00fctenaussehen.<\/b><span style=\"font-weight: 400\"> Die Bl\u00fcten von <\/span>Passion Fruit Paradise Auto<span style=\"font-weight: 400\"> zeigen eine lebendige gr\u00fcne Farbe mit intensiven orangefarbenen Bl\u00fctenstempeln, was ihnen ein exotisches Aussehen verleiht, das ihr <strong>zitrusartiges Geschmacksprofil<\/strong> widerspiegelt. Bedeckt mit klebrigen Trichomen, gl\u00e4nzen die Bl\u00fcten im Licht, und beim Zerkleinern verstr\u00f6men sie ein s\u00fc\u00dfes und erfrischendes Aroma.<\/span><\/p>\n<p class=\"translation-block\"><b>Morphologie der Pflanze.<\/b> Passion Fruit Paradise Auto<span style=\"font-weight: 400\"> w\u00e4chst kompakt und handlich und erreicht eine H\u00f6he von 90 bis 120 cm im Innenbereich und 120 bis 150 cm im Au\u00dfenbereich. Ihre Struktur ist robust und gut verzweigt, mit dichten Bl\u00fcten, die sich entlang ihrer starken \u00c4ste bilden. Diese Pflanze ist <strong>ideal f\u00fcr kleine R\u00e4ume<\/strong> oder f\u00fcr den Anbau auf Balkonen und Terrassen, perfekt f\u00fcr diejenigen, die eine diskrete, aber produktive Pflanze suchen.<\/span><\/p>\n<h3><b>Anbautipps<\/b><\/h3>\n<ul>\n<li style=\"font-weight: 400;\" aria-level=\"1\" class=\"translation-block\"><b>Ideales Klima.<\/b> Passion Fruit Paradise Auto<span style=\"font-weight: 400\"> bevorzugt gem\u00e4\u00dfigte und warme Klimazonen, passt sich jedoch gut an verschiedene Bedingungen an. Halten Sie die <strong>Temperaturen zwischen 20 und 28\u00b0C (68-82\u00b0F)<\/strong>, um ein kr\u00e4ftiges Bl\u00fchen zu gew\u00e4hrleisten. Im Au\u00dfenbereich sorgen Sie f\u00fcr gute Sonneneinstrahlung und eine gut bel\u00fcftete Umgebung.<\/span><\/li>\n<li style=\"font-weight: 400;\" aria-level=\"1\" class=\"translation-block\"><b>Platz und Training.<\/b><span style=\"font-weight: 400\"> Obwohl diese Sorte kompakt ist, kann <\/span>LST<span style=\"font-weight: 400\"> (Low Stress Training) hilfreich sein, um die Lichtzufuhr zu allen Bl\u00fcten zu maximieren. Dank ihrer handlichen Gr\u00f6\u00dfe m\u00fcssen Sie sich keine Gedanken \u00fcber den Platz machen, was sie sowohl f\u00fcr Innen- als auch Au\u00dfenbereiche mit begrenztem Raum ideal macht.<\/span><\/li>\n<li style=\"font-weight: 400;\" aria-level=\"1\" class=\"translation-block\"><b>N\u00e4hrstoffe und D\u00fcngung.<\/b> Passion Fruit Paradise Auto<span style=\"font-weight: 400\"> reagiert gut auf eine ausgewogene N\u00e4hrstoffzufuhr. W\u00e4hrend der Wachstumsphase verwenden Sie einen stickstoffreichen D\u00fcnger, um das Wachstum zu f\u00f6rdern. In der Bl\u00fctephase wechseln Sie zu einem D\u00fcnger mit h\u00f6herem Phosphor- und Kaliumgehalt, um die Entwicklung dichter und harziger Bl\u00fcten zu maximieren. Passen Sie die Dosierung entsprechend der Reaktion der Pflanze an.<\/span><\/li>\n<li style=\"font-weight: 400;\" aria-level=\"1\" class=\"translation-block\"><b>Bew\u00e4sserung und Luftfeuchtigkeit.<\/b><span style=\"font-weight: 400\"> <strong>Gie\u00dfen Sie <\/strong><\/span><strong>Passion Fruit Paradise Auto<\/strong><span style=\"font-weight: 400\"><strong> m\u00e4\u00dfig,<\/strong> und lassen Sie das Substrat zwischen den Bew\u00e4sserungen leicht austrocknen.<\/span><\/li>\n<li style=\"font-weight: 400;\" aria-level=\"1\" class=\"translation-block\"><b>Beschneidung und Pflege.<\/b><span style=\"font-weight: 400\"> Da diese Sorte kompakt ist, ist ein umfangreicher R\u00fcckschnitt nicht erforderlich, aber <strong>das Entfernen gro\u00dfer Bl\u00e4tter oder unterer Zweige<\/strong> kann die Luftzirkulation und Lichtdurchl\u00e4ssigkeit verbessern. Dies sorgt daf\u00fcr, dass sich die Bl\u00fcten gleichm\u00e4\u00dfig entwickeln.<\/span><\/li>\n<\/ul>","protected":false},"excerpt":{"rendered":"<p><b>Passion Fruit Paradise Auto<\/b><span style=\"font-weight: 400;\"> es como una fruta tropical, dulce y cremosa en cada calada. Con un perfil de sabor c\u00edtrico y afrutado que te llena de frescura, esta autofloreciente es ideal para aquellos que buscan una experiencia sabrosa con un toque tropical. Su floraci\u00f3n de 9-10 semanas y efectos equilibrados la hacen perfecta para cualquier momento del d\u00eda.<\/span><\/p>","protected":false},"featured_media":2639,"template":"","meta":{"_acf_changed":false,"inline_featured_image":false,"_wp_applaud_exclude":false},"product_brand":[194],"product_cat":[21],"product_tag":[],"class_list":{"0":"post-1184","1":"product","2":"type-product","3":"status-publish","4":"has-post-thumbnail","6":"product_brand-bluedog-genetics","7":"product_cat-autoflorecientes","9":"first","10":"instock","11":"taxable","12":"shipping-taxable","13":"purchasable","14":"product-type-variable"},"acf":{"sticker":"https:\/\/bluedoggenetics.com\/wp-content\/uploads\/2024\/10\/Passion-Fruit-Paradise-Auto-Sticker.webp","family_tree":"<ul>\n<li><a href=\"https:\/\/seedfinder.eu\/es\/strain-info\/passion-fruit-paradise-auto\/bluedog-genetics\" target=\"_blank\" rel=\"noopener\">Passion Fruit Paradise Auto<\/a>\n<ul>\n<li><a href=\"https:\/\/seedfinder.eu\/es\/strain-info\/cream-mandarine-auto\/sweet-seeds\" target=\"_blank\" rel=\"noopener\">Cream Mandarine Auto<\/a>\n<ul>\n<li><a href=\"https:\/\/seedfinder.eu\/es\/strain-info\/cream-caramel-auto\/sweet-seeds\" target=\"_blank\" rel=\"noopener\">Cream Caramel Auto<\/a>\n<ul>\n<li><a href=\"https:\/\/seedfinder.eu\/es\/strain-info\/ruderalis\/original-strains\" target=\"_blank\" rel=\"noopener\">Unknown Ruderalis<\/a><\/li>\n<li><a href=\"https:\/\/seedfinder.eu\/es\/strain-info\/cream-caramel\/sweet-seeds\" target=\"_blank\" rel=\"noopener\">Cream Caramel<\/a>\n<ul>\n<li><a href=\"https:\/\/seedfinder.eu\/es\/strain-info\/white-rhino\/green-house-seeds\" target=\"_blank\" rel=\"noopener\">White Rhino<\/a><\/li>\n<li><a href=\"https:\/\/seedfinder.eu\/es\/strain-info\/maple-leaf-indica\/sensi-seeds\" target=\"_blank\" rel=\"noopener\">Maple Leaf Indica<\/a><\/li>\n<li><a href=\"https:\/\/seedfinder.eu\/es\/strain-info\/blueblack\/unknown-or-legendary\" target=\"_blank\" rel=\"noopener\">BlueBlack<\/a><\/li>\n<\/ul>\n<\/li>\n<\/ul>\n<\/li>\n<li><a href=\"https:\/\/seedfinder.eu\/es\/strain-info\/ice-cool\/sweet-seeds\" target=\"_blank\" rel=\"noopener\">Ice Cool<\/a>\n<ul>\n<li><a href=\"https:\/\/seedfinder.eu\/es\/strain-info\/nyc-diesel\/soma-seeds\" target=\"_blank\" rel=\"noopener\">NYC Diesel<\/a>\n<ul>\n<li><a href=\"https:\/\/seedfinder.eu\/es\/strain-info\/afghani-hawaiian\/mr-nice-seedbank\" target=\"_blank\" rel=\"noopener\">Afghani\/Hawaiian<\/a><\/li>\n<li><a href=\"https:\/\/seedfinder.eu\/es\/strain-info\/unknown-strain\/original-strains\" target=\"_blank\" rel=\"noopener\">Unknown Diesel Bagseed<\/a><\/li>\n<\/ul>\n<\/li>\n<li><a href=\"https:\/\/seedfinder.eu\/es\/strain-info\/india-sativa\/original-strains\" target=\"_blank\" rel=\"noopener\">India<\/a>\n<ul>\n<li><a href=\"https:\/\/seedfinder.eu\/es\/strain-info\/sativa\/original-strains\" target=\"_blank\" rel=\"noopener\">Sativa<\/a><\/li>\n<\/ul>\n<\/li>\n<\/ul>\n<\/li>\n<\/ul>\n<\/li>\n<li><a href=\"https:\/\/seedfinder.eu\/es\/strain-info\/passion-fruit\/dutch-passion\" target=\"_blank\" rel=\"noopener\">Passion Fruit<\/a>\n<ul>\n<li><a href=\"https:\/\/bluedoggenetics.com\/terminos-y-condiciones\/\" target=\"_blank\" rel=\"noopener\">Orange Bud<\/a>\n<ul>\n<li><a href=\"https:\/\/seedfinder.eu\/es\/strain-info\/skunk-nr1\/cultivators-choice\" target=\"_blank\" rel=\"noopener\">Skunk#1<\/a>\n<ul>\n<li><a href=\"https:\/\/seedfinder.eu\/es\/strain-info\/skunk\/unknown-or-legendary\" target=\"_blank\" rel=\"noopener\">Skunk<\/a><\/li>\n<\/ul>\n<\/li>\n<\/ul>\n<\/li>\n<li><a href=\"https:\/\/seedfinder.eu\/es\/strain-info\/sweet-pink-grapefruit\/spice-of-life-seeds\" target=\"_blank\" rel=\"noopener\">Sweet Pink Grapefruit<\/a>\n<ul>\n<li><a href=\"https:\/\/seedfinder.eu\/es\/strain-info\/unknown-strain\/original-strains\" target=\"_blank\" rel=\"noopener\">Unknown Strain<\/a><\/li>\n<li><a href=\"https:\/\/seedfinder.eu\/es\/strain-info\/grapefruit\/clone-only-strains\" target=\"_blank\" rel=\"noopener\">Grapefruit<\/a>\n<ul>\n<li><a href=\"https:\/\/seedfinder.eu\/es\/strain-info\/indica-sativa\/original-strains\" target=\"_blank\" rel=\"noopener\">Unknown Hybrid<\/a><\/li>\n<\/ul>\n<\/li>\n<\/ul>\n<\/li>\n<\/ul>\n<\/li>\n<\/ul>\n<\/li>\n<\/ul>\n"},"yoast_head":"<!-- This site is optimized with the Yoast SEO plugin v26.5 - https:\/\/yoast.com\/wordpress\/plugins\/seo\/ -->\n<title>Passion Fruit Paradise Auto - Variedad Autofloreciente - BLUEDOG GENETICS Seeds<\/title>\n<meta name=\"description\" content=\"Passion Fruit Paradise Auto es una variedad autofloreciente de alto THC y sabor tropical, ideal para cultivos r\u00e1pidos y paladares exigentes\" \/>\n<meta name=\"robots\" content=\"index, follow, max-snippet:-1, max-image-preview:large, max-video-preview:-1\" \/>\n<link rel=\"canonical\" href=\"https:\/\/bluedoggenetics.com\/de\/produkt\/autoflowering\/passion-fruit-paradise-auto\/\" \/>\n<meta property=\"og:locale\" content=\"de_DE\" \/>\n<meta property=\"og:type\" content=\"article\" \/>\n<meta property=\"og:title\" content=\"Passion Fruit Paradise Auto - Variedad Autofloreciente - BLUEDOG GENETICS Seeds\" \/>\n<meta property=\"og:description\" content=\"Passion Fruit Paradise Auto es una variedad autofloreciente de alto THC y sabor tropical, ideal para cultivos r\u00e1pidos y paladares exigentes\" \/>\n<meta property=\"og:url\" content=\"https:\/\/bluedoggenetics.com\/de\/produkt\/autoflowering\/passion-fruit-paradise-auto\/\" \/>\n<meta property=\"og:site_name\" content=\"BLUEDOG GENETICS Seeds\" \/>\n<meta property=\"article:modified_time\" content=\"2026-04-11T13:16:51+00:00\" \/>\n<meta property=\"og:image\" content=\"https:\/\/bluedoggenetics.com\/wp-content\/uploads\/2024\/10\/Passion-Fruit-Paradise-Auto-Bluedog-Genetics_11zon.webp\" \/>\n\t<meta property=\"og:image:width\" content=\"1536\" \/>\n\t<meta property=\"og:image:height\" content=\"1024\" \/>\n\t<meta property=\"og:image:type\" content=\"image\/webp\" \/>\n<meta name=\"twitter:card\" content=\"summary_large_image\" \/>\n<meta name=\"twitter:label1\" content=\"Gesch\u00e4tzte Lesezeit\" \/>\n\t<meta name=\"twitter:data1\" content=\"3\u00a0Minuten\" \/>\n<script type=\"application\/ld+json\" class=\"yoast-schema-graph\">{\"@context\":\"https:\/\/schema.org\",\"@graph\":[{\"@type\":[\"WebPage\",\"ItemPage\"],\"@id\":\"https:\/\/bluedoggenetics.com\/producto\/autoflorecientes\/passion-fruit-paradise-auto\/\",\"url\":\"https:\/\/bluedoggenetics.com\/producto\/autoflorecientes\/passion-fruit-paradise-auto\/\",\"name\":\"Passion Fruit Paradise Auto - Variedad Autofloreciente - BLUEDOG GENETICS Seeds\",\"isPartOf\":{\"@id\":\"https:\/\/bluedoggenetics.com\/de\/#website\"},\"primaryImageOfPage\":{\"@id\":\"https:\/\/bluedoggenetics.com\/producto\/autoflorecientes\/passion-fruit-paradise-auto\/#primaryimage\"},\"image\":{\"@id\":\"https:\/\/bluedoggenetics.com\/producto\/autoflorecientes\/passion-fruit-paradise-auto\/#primaryimage\"},\"thumbnailUrl\":\"https:\/\/bluedoggenetics.com\/wp-content\/uploads\/2024\/10\/Passion-Fruit-Paradise-Auto-Bluedog-Genetics_11zon.webp\",\"datePublished\":\"2024-10-17T21:07:37+00:00\",\"dateModified\":\"2026-04-11T13:16:51+00:00\",\"description\":\"Passion Fruit Paradise Auto es una variedad autofloreciente de alto THC y sabor tropical, ideal para cultivos r\u00e1pidos y paladares exigentes\",\"breadcrumb\":{\"@id\":\"https:\/\/bluedoggenetics.com\/producto\/autoflorecientes\/passion-fruit-paradise-auto\/#breadcrumb\"},\"inLanguage\":\"de\",\"potentialAction\":[{\"@type\":\"ReadAction\",\"target\":[\"https:\/\/bluedoggenetics.com\/producto\/autoflorecientes\/passion-fruit-paradise-auto\/\"]}]},{\"@type\":\"ImageObject\",\"inLanguage\":\"de\",\"@id\":\"https:\/\/bluedoggenetics.com\/producto\/autoflorecientes\/passion-fruit-paradise-auto\/#primaryimage\",\"url\":\"https:\/\/bluedoggenetics.com\/wp-content\/uploads\/2024\/10\/Passion-Fruit-Paradise-Auto-Bluedog-Genetics_11zon.webp\",\"contentUrl\":\"https:\/\/bluedoggenetics.com\/wp-content\/uploads\/2024\/10\/Passion-Fruit-Paradise-Auto-Bluedog-Genetics_11zon.webp\",\"width\":1536,\"height\":1024,\"caption\":\"Passion fruit paradise de Bluedog Genetics en floracion\"},{\"@type\":\"BreadcrumbList\",\"@id\":\"https:\/\/bluedoggenetics.com\/producto\/autoflorecientes\/passion-fruit-paradise-auto\/#breadcrumb\",\"itemListElement\":[{\"@type\":\"ListItem\",\"position\":1,\"name\":\"Portada\",\"item\":\"https:\/\/bluedoggenetics.com\/\"},{\"@type\":\"ListItem\",\"position\":2,\"name\":\"Tienda\",\"item\":\"https:\/\/bluedoggenetics.com\/fr\/tienda\/\"},{\"@type\":\"ListItem\",\"position\":3,\"name\":\"Passion Fruit Paradise Auto\"}]},{\"@type\":\"WebSite\",\"@id\":\"https:\/\/bluedoggenetics.com\/de\/#website\",\"url\":\"https:\/\/bluedoggenetics.com\/de\/\",\"name\":\"BLUEDOG GENETICS Seeds\",\"description\":\"Compara y compra las mejores semillas de cannabis. Feminizadas, Autoflorecientes, CBD.\",\"publisher\":{\"@id\":\"https:\/\/bluedoggenetics.com\/de\/#organization\"},\"alternateName\":\"BLUEDOG GENETICS\",\"potentialAction\":[{\"@type\":\"SearchAction\",\"target\":{\"@type\":\"EntryPoint\",\"urlTemplate\":\"https:\/\/bluedoggenetics.com\/de\/?s={search_term_string}\"},\"query-input\":{\"@type\":\"PropertyValueSpecification\",\"valueRequired\":true,\"valueName\":\"search_term_string\"}}],\"inLanguage\":\"de\"},{\"@type\":\"Organization\",\"@id\":\"https:\/\/bluedoggenetics.com\/de\/#organization\",\"name\":\"BLUEDOG GENETICS\",\"url\":\"https:\/\/bluedoggenetics.com\/de\/\",\"logo\":{\"@type\":\"ImageObject\",\"inLanguage\":\"de\",\"@id\":\"https:\/\/bluedoggenetics.com\/de\/#\/schema\/logo\/image\/\",\"url\":\"https:\/\/bluedoggenetics.com\/wp-content\/uploads\/2024\/11\/appIcon.png\",\"contentUrl\":\"https:\/\/bluedoggenetics.com\/wp-content\/uploads\/2024\/11\/appIcon.png\",\"width\":1024,\"height\":1024,\"caption\":\"BLUEDOG GENETICS\"},\"image\":{\"@id\":\"https:\/\/bluedoggenetics.com\/de\/#\/schema\/logo\/image\/\"},\"sameAs\":[\"https:\/\/www.instagram.com\/bluedog.genetics\/\"]}]}<\/script>\n<!-- \/ Yoast SEO plugin. -->","yoast_head_json":{"title":"Passion Fruit Paradise Auto - Selbstbl\u00fchende Sorte - BLUEDOG GENETICS Seeds","description":"Passion Fruit Paradise Auto ist eine selbstbl\u00fchende Sorte mit hohem THC-Gehalt und tropischem Geschmack, ideal f\u00fcr schnellen Anbau und anspruchsvolle Gaumen.","robots":{"index":"index","follow":"follow","max-snippet":"max-snippet:-1","max-image-preview":"max-image-preview:large","max-video-preview":"max-video-preview:-1"},"canonical":"https:\/\/bluedoggenetics.com\/de\/produkt\/autoflowering\/passion-fruit-paradise-auto\/","og_locale":"de_DE","og_type":"article","og_title":"Passion Fruit Paradise Auto - Variedad Autofloreciente - BLUEDOG GENETICS Seeds","og_description":"Passion Fruit Paradise Auto es una variedad autofloreciente de alto THC y sabor tropical, ideal para cultivos r\u00e1pidos y paladares exigentes","og_url":"https:\/\/bluedoggenetics.com\/de\/produkt\/autoflowering\/passion-fruit-paradise-auto\/","og_site_name":"BLUEDOG GENETICS Seeds","article_modified_time":"2026-04-11T13:16:51+00:00","og_image":[{"width":1536,"height":1024,"url":"https:\/\/bluedoggenetics.com\/wp-content\/uploads\/2024\/10\/Passion-Fruit-Paradise-Auto-Bluedog-Genetics_11zon.webp","type":"image\/webp"}],"twitter_card":"summary_large_image","twitter_misc":{"Gesch\u00e4tzte Lesezeit":"3\u00a0Minuten"},"schema":{"@context":"https:\/\/schema.org","@graph":[{"@type":["WebPage","ItemPage"],"@id":"https:\/\/bluedoggenetics.com\/producto\/autoflorecientes\/passion-fruit-paradise-auto\/","url":"https:\/\/bluedoggenetics.com\/producto\/autoflorecientes\/passion-fruit-paradise-auto\/","name":"Passion Fruit Paradise Auto - Selbstbl\u00fchende Sorte - BLUEDOG GENETICS Seeds","isPartOf":{"@id":"https:\/\/bluedoggenetics.com\/de\/#website"},"primaryImageOfPage":{"@id":"https:\/\/bluedoggenetics.com\/producto\/autoflorecientes\/passion-fruit-paradise-auto\/#primaryimage"},"image":{"@id":"https:\/\/bluedoggenetics.com\/producto\/autoflorecientes\/passion-fruit-paradise-auto\/#primaryimage"},"thumbnailUrl":"https:\/\/bluedoggenetics.com\/wp-content\/uploads\/2024\/10\/Passion-Fruit-Paradise-Auto-Bluedog-Genetics_11zon.webp","datePublished":"2024-10-17T21:07:37+00:00","dateModified":"2026-04-11T13:16:51+00:00","description":"Passion Fruit Paradise Auto ist eine selbstbl\u00fchende Sorte mit hohem THC-Gehalt und tropischem Geschmack, ideal f\u00fcr schnellen Anbau und anspruchsvolle Gaumen.","breadcrumb":{"@id":"https:\/\/bluedoggenetics.com\/producto\/autoflorecientes\/passion-fruit-paradise-auto\/#breadcrumb"},"inLanguage":"de","potentialAction":[{"@type":"ReadAction","target":["https:\/\/bluedoggenetics.com\/producto\/autoflorecientes\/passion-fruit-paradise-auto\/"]}]},{"@type":"ImageObject","inLanguage":"de","@id":"https:\/\/bluedoggenetics.com\/producto\/autoflorecientes\/passion-fruit-paradise-auto\/#primaryimage","url":"https:\/\/bluedoggenetics.com\/wp-content\/uploads\/2024\/10\/Passion-Fruit-Paradise-Auto-Bluedog-Genetics_11zon.webp","contentUrl":"https:\/\/bluedoggenetics.com\/wp-content\/uploads\/2024\/10\/Passion-Fruit-Paradise-Auto-Bluedog-Genetics_11zon.webp","width":1536,"height":1024,"caption":"Passion fruit paradise de Bluedog Genetics en floracion"},{"@type":"BreadcrumbList","@id":"https:\/\/bluedoggenetics.com\/producto\/autoflorecientes\/passion-fruit-paradise-auto\/#breadcrumb","itemListElement":[{"@type":"ListItem","position":1,"name":"Portada","item":"https:\/\/bluedoggenetics.com\/"},{"@type":"ListItem","position":2,"name":"Tienda","item":"https:\/\/bluedoggenetics.com\/fr\/tienda\/"},{"@type":"ListItem","position":3,"name":"Passion Fruit Paradise Auto"}]},{"@type":"WebSite","@id":"https:\/\/bluedoggenetics.com\/de\/#website","url":"https:\/\/bluedoggenetics.com\/de\/","name":"BLUEDOG GENETICS Seeds","description":"Vergleiche und kaufe die besten Hanfsamen. Feminisiert, Autoflowering, CBD.","publisher":{"@id":"https:\/\/bluedoggenetics.com\/de\/#organization"},"alternateName":"BLUEDOG GENETICS","potentialAction":[{"@type":"SearchAction","target":{"@type":"EntryPoint","urlTemplate":"https:\/\/bluedoggenetics.com\/de\/?s={search_term_string}"},"query-input":{"@type":"PropertyValueSpecification","valueRequired":true,"valueName":"search_term_string"}}],"inLanguage":"de"},{"@type":"Organization","@id":"https:\/\/bluedoggenetics.com\/de\/#organization","name":"BLUEDOG GENETICS","url":"https:\/\/bluedoggenetics.com\/de\/","logo":{"@type":"ImageObject","inLanguage":"de","@id":"https:\/\/bluedoggenetics.com\/de\/#\/schema\/logo\/image\/","url":"https:\/\/bluedoggenetics.com\/wp-content\/uploads\/2024\/11\/appIcon.png","contentUrl":"https:\/\/bluedoggenetics.com\/wp-content\/uploads\/2024\/11\/appIcon.png","width":1024,"height":1024,"caption":"BLUEDOG GENETICS"},"image":{"@id":"https:\/\/bluedoggenetics.com\/de\/#\/schema\/logo\/image\/"},"sameAs":["https:\/\/www.instagram.com\/bluedog.genetics\/"]}]}},"sticker_url":"https:\/\/bluedoggenetics.com\/wp-content\/uploads\/2024\/10\/Passion-Fruit-Paradise-Auto-Sticker.webp","variations_full":[{"id":1185,"price":7,"regular_price":7,"attributes":{"attribute_cantidad":"Pack 1"},"image_src":"https:\/\/bluedoggenetics.com\/wp-content\/uploads\/2024\/10\/Passion-Fruit-Paradise-Auto-Bluedog-Genetics_11zon-600x400.webp","is_in_stock":true},{"id":1186,"price":18.9,"regular_price":18.9,"attributes":{"attribute_cantidad":"Pack 3"},"image_src":"https:\/\/bluedoggenetics.com\/wp-content\/uploads\/2024\/10\/Passion-Fruit-Paradise-Auto-Bluedog-Genetics_11zon-600x400.webp","is_in_stock":true},{"id":1187,"price":28,"regular_price":28,"attributes":{"attribute_cantidad":"Pack 5"},"image_src":"https:\/\/bluedoggenetics.com\/wp-content\/uploads\/2024\/10\/Passion-Fruit-Paradise-Auto-Bluedog-Genetics_11zon-600x400.webp","is_in_stock":true},{"id":1188,"price":49.2,"regular_price":49.2,"attributes":{"attribute_cantidad":"Pack 10"},"image_src":"https:\/\/bluedoggenetics.com\/wp-content\/uploads\/2024\/10\/Passion-Fruit-Paradise-Auto-Bluedog-Genetics_11zon-600x400.webp","is_in_stock":true}],"jetpack_sharing_enabled":true,"_links":{"self":[{"href":"https:\/\/bluedoggenetics.com\/de\/wp-json\/wp\/v2\/product\/1184","targetHints":{"allow":["GET"]}}],"collection":[{"href":"https:\/\/bluedoggenetics.com\/de\/wp-json\/wp\/v2\/product"}],"about":[{"href":"https:\/\/bluedoggenetics.com\/de\/wp-json\/wp\/v2\/types\/product"}],"wp:featuredmedia":[{"embeddable":true,"href":"https:\/\/bluedoggenetics.com\/de\/wp-json\/wp\/v2\/media\/2639"}],"wp:attachment":[{"href":"https:\/\/bluedoggenetics.com\/de\/wp-json\/wp\/v2\/media?parent=1184"}],"wp:term":[{"taxonomy":"product_brand","embeddable":true,"href":"https:\/\/bluedoggenetics.com\/de\/wp-json\/wp\/v2\/product_brand?post=1184"},{"taxonomy":"product_cat","embeddable":true,"href":"https:\/\/bluedoggenetics.com\/de\/wp-json\/wp\/v2\/product_cat?post=1184"},{"taxonomy":"product_tag","embeddable":true,"href":"https:\/\/bluedoggenetics.com\/de\/wp-json\/wp\/v2\/product_tag?post=1184"}],"curies":[{"name":"wp","href":"https:\/\/api.w.org\/{rel}","templated":true}]}}