{"id":1166,"date":"2024-10-16T23:14:32","date_gmt":"2024-10-16T21:14:32","guid":{"rendered":"https:\/\/bluedoggenetics.com\/?post_type=product&#038;p=1166"},"modified":"2026-04-11T15:16:51","modified_gmt":"2026-04-11T13:16:51","slug":"papaya-kush-auto","status":"publish","type":"product","link":"https:\/\/bluedoggenetics.com\/de\/produkt\/autoflowering\/papaya-kush-auto\/","title":{"rendered":"Papaya Kush Auto"},"content":{"rendered":"<p class=\"translation-block\"><b>Papaya Kush Auto<\/b><span style=\"font-weight: 400\"> ist ein <a href=\"https:\/\/bluedoggenetics.com\/de\/kategorie\/samen\/autoflowering\/\" target=\"_self\">selbstbl\u00fchender<\/a> Hybrid, der kraftvoll liefert und das Beste seiner Genetik in einem ultraschnellen Bl\u00fctezyklus von nur 9 Wochen vereint. Diese kompakte Pflanze ist perfekt f\u00fcr diejenigen, die eine schnelle Ernte suchen, ohne die Qualit\u00e4t zu beeintr\u00e4chtigen. Im Innenbereich k\u00f6nnen Sie mit gro\u00dfz\u00fcgigen Ertr\u00e4gen von 550 g pro Quadratmeter rechnen, w\u00e4hrend sie im Au\u00dfenbereich zwischen 50 und 150 Gramm pro Pflanze liefert. Mit THC-Werten zwischen 20 % und 26 % bietet <\/span>Papaya Kush Auto<span style=\"font-weight: 400\"> ein starkes und entspannendes High, das sowohl Geist als auch K\u00f6rper umh\u00fcllt.<\/span><\/p>\n<p class=\"translation-block\"><span style=\"font-weight: 400\">Das Geschmacksprofil ist ein wahrer Luxus. S\u00fc\u00dfe und erdige Noten verbinden sich mit einem tropischen und cremigen Touch und schaffen ein Raucherlebnis, das genauso k\u00f6stlich wie wirkungsvoll ist. Mit einem starken Aroma, das Sie vom ersten Moment an verf\u00fchrt, ist <\/span>Papaya Kush Auto<span style=\"font-weight: 400\"> ideal f\u00fcr alle, die eine potente und geschmackvolle Sorte suchen, perfekt zum Stressabbau, zur Entspannung des K\u00f6rpers und zum Genie\u00dfen ruhiger Momente.<\/span><\/p>\n<p class=\"translation-block\"><b>Aussehen der Bl\u00fcte.<\/b><span style=\"font-weight: 400\"> Die Bl\u00fcten von <\/span>Papaya Kush Auto<span style=\"font-weight: 400\"> sind kompakt, mit einer gl\u00e4nzenden Schicht aus harzigen Trichomen, die ihnen einen spektakul\u00e4ren Glanz verleihen. Sie sind klein, aber kraftvoll, und ihre solide Struktur sorgt daf\u00fcr, dass jede Bl\u00fcte voller Potenz ist. Beim Zerkleinern mischt sich das s\u00fc\u00dfe und erdige Aroma mit einem tropischen und cremigen Hauch und f\u00fcllt den Raum mit einem unwiderstehlichen Duft.<\/span><\/p>\n<p class=\"translation-block\"><b>Morphologie der Pflanze.<\/b> Papaya Kush Auto<span style=\"font-weight: 400\"> w\u00e4chst kompakt und handlich und erreicht sowohl im Innen- als auch im Au\u00dfenbereich eine H\u00f6he von 90 bis 120 cm. Ihre robuste Struktur und moderate Gr\u00f6\u00dfe machen sie perfekt f\u00fcr Z\u00fcchter, die eine leicht zu handhabende Pflanze suchen, ohne auf einen guten Ertrag zu verzichten.<\/span><\/p>\n<h3><b>Anbautipps<\/b><\/h3>\n<ul>\n<li style=\"font-weight: 400;\" aria-level=\"1\" class=\"translation-block\"><b>Ideales Klima.<\/b> <b>Papaya Kush Auto<\/b><span style=\"font-weight: 400\"> passt sich gut an gem\u00e4\u00dfigte Klimazonen an. Halten Sie die Temperaturen <strong>zwischen 20-26\u00b0C (68-79\u00b0F)<\/strong>, um ihr Wachstum und ihre Bl\u00fcte zu optimieren. Diese selbstbl\u00fchende Sorte <strong>ben\u00f6tigt nicht viel Licht<\/strong>.<\/span><\/li>\n<li style=\"font-weight: 400;\" aria-level=\"1\" class=\"translation-block\"><b>Platz und Training.<\/b><span style=\"font-weight: 400\"> Obwohl <\/span>Papaya Kush Auto<span style=\"font-weight: 400\"> kompakt ist, k\u00f6nnen Sie Techniken wie <\/span><strong>LST<\/strong><span style=\"font-weight: 400\"> (Low Stress Training) verwenden, um die Lichtausbeute aller Bl\u00fcten zu maximieren und so die Ertr\u00e4ge zu steigern. Ihre kleine und handliche Gr\u00f6\u00dfe macht sie zu einer ausgezeichneten Wahl f\u00fcr Z\u00fcchter mit begrenztem Platzangebot.<\/span><\/li>\n<li style=\"font-weight: 400;\" aria-level=\"1\" class=\"translation-block\"><b>N\u00e4hrstoffe und D\u00fcngung.<\/b><span style=\"font-weight: 400\"> W\u00e4hrend der Wachstumsphase geben Sie einen ausgewogenen NPK-D\u00fcnger, um ein gesundes Wachstum zu f\u00f6rdern. Sobald die Pflanze in die Bl\u00fctephase eintritt, wechseln Sie zu einem D\u00fcnger mit hohem Phosphor- und Kaliumgehalt, um die Entwicklung dichter und harziger Bl\u00fcten zu maximieren. Passen Sie die Dosierung entsprechend der Reaktion der Pflanze an, um \u00dcberd\u00fcngungsprobleme zu vermeiden.<\/span><\/li>\n<li style=\"font-weight: 400;\" aria-level=\"1\" class=\"translation-block\"><b>Bew\u00e4sserung und Luftfeuchtigkeit.<\/b> <span style=\"font-weight: 400\"> Lassen Sie das Substrat zwischen den Bew\u00e4sserungen leicht trocknen, um Staun\u00e4sse und Wurzelprobleme zu vermeiden. Halten Sie die relative Luftfeuchtigkeit w\u00e4hrend der Bl\u00fctezeit im Bereich von 40-50 %, um Schimmelprobleme zu vermeiden und eine hochwertige Ernte zu gew\u00e4hrleisten.<\/span><\/li>\n<li style=\"font-weight: 400;\" aria-level=\"1\" class=\"translation-block\"><b>Beschneidung und Pflege.<\/b><span style=\"font-weight: 400\"> Aufgrund ihres schnellen Lebenszyklus ist es wichtig, den R\u00fcckschnitt und die Entlaubung moderat durchzuf\u00fchren. Eine verbesserte Luftzirkulation und Lichtdurchl\u00e4ssigkeit ist entscheidend, um sicherzustellen, dass alle Bl\u00fcten gleichm\u00e4\u00dfig wachsen. F\u00fchren Sie alle Schnitte fr\u00fch in der Wachstumsphase durch, um unn\u00f6tigen Stress w\u00e4hrend der Bl\u00fctezeit zu vermeiden.<\/span><\/li>\n<\/ul>","protected":false},"excerpt":{"rendered":"<p><b>Papaya Kush Auto<\/b><span style=\"font-weight: 400;\"> es pura delicia, un h\u00edbrido que mezcla lo dulce con notas tropicales y cremosas, haciendo que cada calada te transporte a un para\u00edso sensorial. Con una floraci\u00f3n r\u00e1pida de solo 9 semanas y efectos potentes, esta variedad te ofrece una experiencia fuerte y equilibrada, perfecta para relajarte y disfrutar<\/span><\/p>","protected":false},"featured_media":2637,"template":"","meta":{"_acf_changed":false,"inline_featured_image":false,"_wp_applaud_exclude":false},"product_brand":[194],"product_cat":[21],"product_tag":[],"class_list":{"0":"post-1166","1":"product","2":"type-product","3":"status-publish","4":"has-post-thumbnail","6":"product_brand-bluedog-genetics","7":"product_cat-autoflorecientes","9":"first","10":"instock","11":"taxable","12":"shipping-taxable","13":"purchasable","14":"product-type-variable"},"acf":{"sticker":"https:\/\/bluedoggenetics.com\/wp-content\/uploads\/2024\/10\/Papaya-Kush-Auto-Sticker.webp","family_tree":""},"yoast_head":"<!-- This site is optimized with the Yoast SEO plugin v26.5 - https:\/\/yoast.com\/wordpress\/plugins\/seo\/ -->\n<title>Papaya Kush - Semillas Autoflorecientes de Alto Rendimiento BLUEDOG GENETICS Seeds<\/title>\n<meta name=\"description\" content=\"Papaya Kush Auto, variedad autofloreciente con sabores tropicales y efecto relajante. Ideal para cultivos r\u00e1pidos y productivos\" \/>\n<meta name=\"robots\" content=\"index, follow, max-snippet:-1, max-image-preview:large, max-video-preview:-1\" \/>\n<link rel=\"canonical\" href=\"https:\/\/bluedoggenetics.com\/de\/produkt\/autoflowering\/papaya-kush-auto\/\" \/>\n<meta property=\"og:locale\" content=\"de_DE\" \/>\n<meta property=\"og:type\" content=\"article\" \/>\n<meta property=\"og:title\" content=\"Papaya Kush - Semillas Autoflorecientes de Alto Rendimiento BLUEDOG GENETICS Seeds\" \/>\n<meta property=\"og:description\" content=\"Papaya Kush Auto, variedad autofloreciente con sabores tropicales y efecto relajante. Ideal para cultivos r\u00e1pidos y productivos\" \/>\n<meta property=\"og:url\" content=\"https:\/\/bluedoggenetics.com\/de\/produkt\/autoflowering\/papaya-kush-auto\/\" \/>\n<meta property=\"og:site_name\" content=\"BLUEDOG GENETICS Seeds\" \/>\n<meta property=\"article:modified_time\" content=\"2026-04-11T13:16:51+00:00\" \/>\n<meta property=\"og:image\" content=\"https:\/\/bluedoggenetics.com\/wp-content\/uploads\/2024\/10\/Papaya-Kush-Auto_11zon.webp\" \/>\n\t<meta property=\"og:image:width\" content=\"1536\" \/>\n\t<meta property=\"og:image:height\" content=\"1024\" \/>\n\t<meta property=\"og:image:type\" content=\"image\/webp\" \/>\n<meta name=\"twitter:card\" content=\"summary_large_image\" \/>\n<meta name=\"twitter:label1\" content=\"Gesch\u00e4tzte Lesezeit\" \/>\n\t<meta name=\"twitter:data1\" content=\"3\u00a0Minuten\" \/>\n<script type=\"application\/ld+json\" class=\"yoast-schema-graph\">{\"@context\":\"https:\/\/schema.org\",\"@graph\":[{\"@type\":[\"WebPage\",\"ItemPage\"],\"@id\":\"https:\/\/bluedoggenetics.com\/producto\/autoflorecientes\/papaya-kush-auto\/\",\"url\":\"https:\/\/bluedoggenetics.com\/producto\/autoflorecientes\/papaya-kush-auto\/\",\"name\":\"Papaya Kush - Semillas Autoflorecientes de Alto Rendimiento BLUEDOG GENETICS Seeds\",\"isPartOf\":{\"@id\":\"https:\/\/bluedoggenetics.com\/de\/#website\"},\"primaryImageOfPage\":{\"@id\":\"https:\/\/bluedoggenetics.com\/producto\/autoflorecientes\/papaya-kush-auto\/#primaryimage\"},\"image\":{\"@id\":\"https:\/\/bluedoggenetics.com\/producto\/autoflorecientes\/papaya-kush-auto\/#primaryimage\"},\"thumbnailUrl\":\"https:\/\/bluedoggenetics.com\/wp-content\/uploads\/2024\/10\/Papaya-Kush-Auto_11zon.webp\",\"datePublished\":\"2024-10-16T21:14:32+00:00\",\"dateModified\":\"2026-04-11T13:16:51+00:00\",\"description\":\"Papaya Kush Auto, variedad autofloreciente con sabores tropicales y efecto relajante. Ideal para cultivos r\u00e1pidos y productivos\",\"breadcrumb\":{\"@id\":\"https:\/\/bluedoggenetics.com\/producto\/autoflorecientes\/papaya-kush-auto\/#breadcrumb\"},\"inLanguage\":\"de\",\"potentialAction\":[{\"@type\":\"ReadAction\",\"target\":[\"https:\/\/bluedoggenetics.com\/producto\/autoflorecientes\/papaya-kush-auto\/\"]}]},{\"@type\":\"ImageObject\",\"inLanguage\":\"de\",\"@id\":\"https:\/\/bluedoggenetics.com\/producto\/autoflorecientes\/papaya-kush-auto\/#primaryimage\",\"url\":\"https:\/\/bluedoggenetics.com\/wp-content\/uploads\/2024\/10\/Papaya-Kush-Auto_11zon.webp\",\"contentUrl\":\"https:\/\/bluedoggenetics.com\/wp-content\/uploads\/2024\/10\/Papaya-Kush-Auto_11zon.webp\",\"width\":1536,\"height\":1024,\"caption\":\"Papaya Kush Auto de Bluedog Genetics\"},{\"@type\":\"BreadcrumbList\",\"@id\":\"https:\/\/bluedoggenetics.com\/producto\/autoflorecientes\/papaya-kush-auto\/#breadcrumb\",\"itemListElement\":[{\"@type\":\"ListItem\",\"position\":1,\"name\":\"Portada\",\"item\":\"https:\/\/bluedoggenetics.com\/\"},{\"@type\":\"ListItem\",\"position\":2,\"name\":\"Tienda\",\"item\":\"https:\/\/bluedoggenetics.com\/fr\/tienda\/\"},{\"@type\":\"ListItem\",\"position\":3,\"name\":\"Papaya Kush Auto\"}]},{\"@type\":\"WebSite\",\"@id\":\"https:\/\/bluedoggenetics.com\/de\/#website\",\"url\":\"https:\/\/bluedoggenetics.com\/de\/\",\"name\":\"BLUEDOG GENETICS Seeds\",\"description\":\"Compara y compra las mejores semillas de cannabis. Feminizadas, Autoflorecientes, CBD.\",\"publisher\":{\"@id\":\"https:\/\/bluedoggenetics.com\/de\/#organization\"},\"alternateName\":\"BLUEDOG GENETICS\",\"potentialAction\":[{\"@type\":\"SearchAction\",\"target\":{\"@type\":\"EntryPoint\",\"urlTemplate\":\"https:\/\/bluedoggenetics.com\/de\/?s={search_term_string}\"},\"query-input\":{\"@type\":\"PropertyValueSpecification\",\"valueRequired\":true,\"valueName\":\"search_term_string\"}}],\"inLanguage\":\"de\"},{\"@type\":\"Organization\",\"@id\":\"https:\/\/bluedoggenetics.com\/de\/#organization\",\"name\":\"BLUEDOG GENETICS\",\"url\":\"https:\/\/bluedoggenetics.com\/de\/\",\"logo\":{\"@type\":\"ImageObject\",\"inLanguage\":\"de\",\"@id\":\"https:\/\/bluedoggenetics.com\/de\/#\/schema\/logo\/image\/\",\"url\":\"https:\/\/bluedoggenetics.com\/wp-content\/uploads\/2024\/11\/appIcon.png\",\"contentUrl\":\"https:\/\/bluedoggenetics.com\/wp-content\/uploads\/2024\/11\/appIcon.png\",\"width\":1024,\"height\":1024,\"caption\":\"BLUEDOG GENETICS\"},\"image\":{\"@id\":\"https:\/\/bluedoggenetics.com\/de\/#\/schema\/logo\/image\/\"},\"sameAs\":[\"https:\/\/www.instagram.com\/bluedog.genetics\/\"]}]}<\/script>\n<!-- \/ Yoast SEO plugin. -->","yoast_head_json":{"title":"Papaya Kush - Selbstbl\u00fchende Hochleistungssamen BLUEDOG GENETICS","description":"Papaya Kush Auto, eine selbstbl\u00fchende Sorte mit tropischen Aromen und entspannender Wirkung. Ideal f\u00fcr schnelle und ertragreiche Anbauten.","robots":{"index":"index","follow":"follow","max-snippet":"max-snippet:-1","max-image-preview":"max-image-preview:large","max-video-preview":"max-video-preview:-1"},"canonical":"https:\/\/bluedoggenetics.com\/de\/produkt\/autoflowering\/papaya-kush-auto\/","og_locale":"de_DE","og_type":"article","og_title":"Papaya Kush - Semillas Autoflorecientes de Alto Rendimiento BLUEDOG GENETICS Seeds","og_description":"Papaya Kush Auto, variedad autofloreciente con sabores tropicales y efecto relajante. Ideal para cultivos r\u00e1pidos y productivos","og_url":"https:\/\/bluedoggenetics.com\/de\/produkt\/autoflowering\/papaya-kush-auto\/","og_site_name":"BLUEDOG GENETICS Seeds","article_modified_time":"2026-04-11T13:16:51+00:00","og_image":[{"width":1536,"height":1024,"url":"https:\/\/bluedoggenetics.com\/wp-content\/uploads\/2024\/10\/Papaya-Kush-Auto_11zon.webp","type":"image\/webp"}],"twitter_card":"summary_large_image","twitter_misc":{"Gesch\u00e4tzte Lesezeit":"3\u00a0Minuten"},"schema":{"@context":"https:\/\/schema.org","@graph":[{"@type":["WebPage","ItemPage"],"@id":"https:\/\/bluedoggenetics.com\/producto\/autoflorecientes\/papaya-kush-auto\/","url":"https:\/\/bluedoggenetics.com\/producto\/autoflorecientes\/papaya-kush-auto\/","name":"Papaya Kush - Selbstbl\u00fchende Hochleistungssamen BLUEDOG GENETICS","isPartOf":{"@id":"https:\/\/bluedoggenetics.com\/de\/#website"},"primaryImageOfPage":{"@id":"https:\/\/bluedoggenetics.com\/producto\/autoflorecientes\/papaya-kush-auto\/#primaryimage"},"image":{"@id":"https:\/\/bluedoggenetics.com\/producto\/autoflorecientes\/papaya-kush-auto\/#primaryimage"},"thumbnailUrl":"https:\/\/bluedoggenetics.com\/wp-content\/uploads\/2024\/10\/Papaya-Kush-Auto_11zon.webp","datePublished":"2024-10-16T21:14:32+00:00","dateModified":"2026-04-11T13:16:51+00:00","description":"Papaya Kush Auto, eine selbstbl\u00fchende Sorte mit tropischen Aromen und entspannender Wirkung. Ideal f\u00fcr schnelle und ertragreiche Anbauten.","breadcrumb":{"@id":"https:\/\/bluedoggenetics.com\/producto\/autoflorecientes\/papaya-kush-auto\/#breadcrumb"},"inLanguage":"de","potentialAction":[{"@type":"ReadAction","target":["https:\/\/bluedoggenetics.com\/producto\/autoflorecientes\/papaya-kush-auto\/"]}]},{"@type":"ImageObject","inLanguage":"de","@id":"https:\/\/bluedoggenetics.com\/producto\/autoflorecientes\/papaya-kush-auto\/#primaryimage","url":"https:\/\/bluedoggenetics.com\/wp-content\/uploads\/2024\/10\/Papaya-Kush-Auto_11zon.webp","contentUrl":"https:\/\/bluedoggenetics.com\/wp-content\/uploads\/2024\/10\/Papaya-Kush-Auto_11zon.webp","width":1536,"height":1024,"caption":"Papaya Kush Auto de Bluedog Genetics"},{"@type":"BreadcrumbList","@id":"https:\/\/bluedoggenetics.com\/producto\/autoflorecientes\/papaya-kush-auto\/#breadcrumb","itemListElement":[{"@type":"ListItem","position":1,"name":"Portada","item":"https:\/\/bluedoggenetics.com\/"},{"@type":"ListItem","position":2,"name":"Tienda","item":"https:\/\/bluedoggenetics.com\/fr\/tienda\/"},{"@type":"ListItem","position":3,"name":"Papaya Kush Auto"}]},{"@type":"WebSite","@id":"https:\/\/bluedoggenetics.com\/de\/#website","url":"https:\/\/bluedoggenetics.com\/de\/","name":"BLUEDOG GENETICS Seeds","description":"Vergleiche und kaufe die besten Hanfsamen. Feminisiert, Autoflowering, CBD.","publisher":{"@id":"https:\/\/bluedoggenetics.com\/de\/#organization"},"alternateName":"BLUEDOG GENETICS","potentialAction":[{"@type":"SearchAction","target":{"@type":"EntryPoint","urlTemplate":"https:\/\/bluedoggenetics.com\/de\/?s={search_term_string}"},"query-input":{"@type":"PropertyValueSpecification","valueRequired":true,"valueName":"search_term_string"}}],"inLanguage":"de"},{"@type":"Organization","@id":"https:\/\/bluedoggenetics.com\/de\/#organization","name":"BLUEDOG GENETICS","url":"https:\/\/bluedoggenetics.com\/de\/","logo":{"@type":"ImageObject","inLanguage":"de","@id":"https:\/\/bluedoggenetics.com\/de\/#\/schema\/logo\/image\/","url":"https:\/\/bluedoggenetics.com\/wp-content\/uploads\/2024\/11\/appIcon.png","contentUrl":"https:\/\/bluedoggenetics.com\/wp-content\/uploads\/2024\/11\/appIcon.png","width":1024,"height":1024,"caption":"BLUEDOG GENETICS"},"image":{"@id":"https:\/\/bluedoggenetics.com\/de\/#\/schema\/logo\/image\/"},"sameAs":["https:\/\/www.instagram.com\/bluedog.genetics\/"]}]}},"sticker_url":"https:\/\/bluedoggenetics.com\/wp-content\/uploads\/2024\/10\/Papaya-Kush-Auto-Sticker.webp","variations_full":[{"id":1167,"price":7.5,"regular_price":7.5,"attributes":{"attribute_cantidad":"Pack 1"},"image_src":"https:\/\/bluedoggenetics.com\/wp-content\/uploads\/2024\/10\/Papaya-Kush-Auto_11zon-600x400.webp","is_in_stock":true},{"id":1168,"price":20.2,"regular_price":20.2,"attributes":{"attribute_cantidad":"Pack 3"},"image_src":"https:\/\/bluedoggenetics.com\/wp-content\/uploads\/2024\/10\/Papaya-Kush-Auto_11zon-600x400.webp","is_in_stock":true},{"id":1169,"price":29.9,"regular_price":29.9,"attributes":{"attribute_cantidad":"Pack 5"},"image_src":"https:\/\/bluedoggenetics.com\/wp-content\/uploads\/2024\/10\/Papaya-Kush-Auto_11zon-600x400.webp","is_in_stock":true},{"id":1170,"price":52.4,"regular_price":52.4,"attributes":{"attribute_cantidad":"Pack 10"},"image_src":"https:\/\/bluedoggenetics.com\/wp-content\/uploads\/2024\/10\/Papaya-Kush-Auto_11zon-600x400.webp","is_in_stock":true}],"jetpack_sharing_enabled":true,"_links":{"self":[{"href":"https:\/\/bluedoggenetics.com\/de\/wp-json\/wp\/v2\/product\/1166","targetHints":{"allow":["GET"]}}],"collection":[{"href":"https:\/\/bluedoggenetics.com\/de\/wp-json\/wp\/v2\/product"}],"about":[{"href":"https:\/\/bluedoggenetics.com\/de\/wp-json\/wp\/v2\/types\/product"}],"wp:featuredmedia":[{"embeddable":true,"href":"https:\/\/bluedoggenetics.com\/de\/wp-json\/wp\/v2\/media\/2637"}],"wp:attachment":[{"href":"https:\/\/bluedoggenetics.com\/de\/wp-json\/wp\/v2\/media?parent=1166"}],"wp:term":[{"taxonomy":"product_brand","embeddable":true,"href":"https:\/\/bluedoggenetics.com\/de\/wp-json\/wp\/v2\/product_brand?post=1166"},{"taxonomy":"product_cat","embeddable":true,"href":"https:\/\/bluedoggenetics.com\/de\/wp-json\/wp\/v2\/product_cat?post=1166"},{"taxonomy":"product_tag","embeddable":true,"href":"https:\/\/bluedoggenetics.com\/de\/wp-json\/wp\/v2\/product_tag?post=1166"}],"curies":[{"name":"wp","href":"https:\/\/api.w.org\/{rel}","templated":true}]}}