{"id":1156,"date":"2024-10-16T18:28:13","date_gmt":"2024-10-16T16:28:13","guid":{"rendered":"https:\/\/bluedoggenetics.com\/?post_type=product&#038;p=1156"},"modified":"2026-04-11T15:16:48","modified_gmt":"2026-04-11T13:16:48","slug":"sativa-cannabis-samen-honey-haze","status":"publish","type":"product","link":"https:\/\/bluedoggenetics.com\/de\/produkt\/feminisierte\/sativa-cannabis-samen-honey-haze\/","title":{"rendered":"Honey Haze"},"content":{"rendered":"<p><span style=\"font-weight: 400;\">\u00a0<\/span><b>Honey Haze<\/b><span style=\"font-weight: 400;\"> es una <strong>sativa casi pura<\/strong>, con un 95% de sativa y solo un 5% de \u00edndica, es ideal para quienes buscan una experiencia cerebral de alto nivel. Con un ciclo de floraci\u00f3n de 10 a 11 semanas, esta belleza recompensar\u00e1 tu paciencia con enormes cosechas: entre 550 y 650 gramos por metro cuadrado en interiores, y hasta <strong>750 a 850 gramos por planta en exteriores<\/strong>. Esta planta es un gigante, alcanzando entre 200 y 250 cm en exteriores y 150 a 180 cm en interiores.<\/span><\/p>\n<p><span style=\"font-weight: 400;\">Con <a href=\"https:\/\/bluedoggenetics.com\/categoria\/semillas\/?filters=thc[142-150-134]\"><strong>niveles de THC de hasta el 24%<\/strong><\/a>, <\/span>Honey Haze<span style=\"font-weight: 400;\"> no es para los d\u00e9biles de coraz\u00f3n. Sus <strong>efectos son potentes y duraderos<\/strong>, ofreciendo un subid\u00f3n euf\u00f3rico, creativo y energizante que te mantendr\u00e1 activo durante horas. Su perfil de sabor es tan complejo como su efecto: una mezcla intensa de c\u00edtricos, especias y lim\u00f3n, con un toque a incienso que le da un aire ex\u00f3tico y \u00fanico. Ideal para quienes buscan mantener la mente clara y enfocada.<\/span><\/p>\n<p><b>Aspecto de la Flor.<\/b><span style=\"font-weight: 400;\">\u00a0Los cogollos de <\/span>Honey Haze<span style=\"font-weight: 400;\"> son un espect\u00e1culo en s\u00ed mismos. Son grandes, densos y est\u00e1n completamente cubiertos de tricomas resinosos que les dan un brillo espectacular. Los colores de los <strong>cogollos son un verde vibrante, salpicados con tonos dorados y pistilos anaranjados,<\/strong> lo que les da un aspecto realmente ex\u00f3tico. Al desmenuzar los cogollos, ser\u00e1s recibido por un aroma potente a lim\u00f3n, especias y ese inconfundible toque de incienso que caracteriza a esta cepa. Fumarla es una experiencia sensorial, con un sabor tan brillante como su efecto.<\/span><\/p>\n<p><b>Morfolog\u00eda de la Planta.<\/b><span style=\"font-weight: 400;\">\u00a0Esta es una planta que necesita espacio. <\/span>Honey Haz<b>e<\/b><span style=\"font-weight: 400;\"> crece hasta alturas impresionantes, alcanzando entre 200 y 250 cm en exteriores y entre 150 y 180 cm en interiores. Su estructura es alta, esbelta y con cogollos grandes y resinosos. Las hojas largas y delgadas de color verde oscuro son caracter\u00edsticas de las sativas, y su crecimiento vertical la convierte en una <strong>opci\u00f3n ideal para exteriores<\/strong> o para cultivadores con suficiente espacio en interiores.<\/span><\/p>\n<h3><b>Consejos de Cultivo<\/b><\/h3>\n<ul>\n<li style=\"font-weight: 400;\" aria-level=\"1\"><b>Clima Ideal.<\/b>\u00a0Honey Haze<span style=\"font-weight: 400;\"> necesita bastante sol y un clima c\u00e1lido. Mant\u00e9n las temperaturas entre 24-30\u00b0C (75-86\u00b0F) para que se desarrolle con fuerza. En exteriores, esta planta prospera bajo cielos despejados y en espacios abiertos donde puede alcanzar todo su potencial.<\/span><\/li>\n<li style=\"font-weight: 400;\" aria-level=\"1\"><b>Espacio y Entrenamiento.<\/b><span style=\"font-weight: 400;\"> Dada la altura de Honey Haze\u00a0 y crecimiento vigoroso,<strong> el uso de t\u00e9cnicas como <\/strong><\/span><strong>ScrOG (Screen of Green) o LST<\/strong><span style=\"font-weight: 400;\"><strong> (Low Stress Training) es clave<\/strong> para mantener su tama\u00f1o bajo control y maximizar la exposici\u00f3n de los cogollos a la luz. Esto tambi\u00e9n te ayudar\u00e1 a manejar su altura si la cultivas en interiores.<\/span><\/li>\n<li style=\"font-weight: 400;\" aria-level=\"1\"><b>Nutrientes y Fertilizaci\u00f3n.<\/b><span style=\"font-weight: 400;\">\u00a0Durante la fase vegetativa, dale una alimentaci\u00f3n rica en nitr\u00f3geno para apoyar su crecimiento r\u00e1pido. Al entrar en la floraci\u00f3n, cambia a un fertilizante con altos niveles de f\u00f3sforo y potasio para promover el desarrollo de cogollos densos y resinosos. Ajusta las dosis de acuerdo con la respuesta de la planta.<\/span><\/li>\n<li style=\"font-weight: 400;\" aria-level=\"1\"><b>Riego y Humedad.<\/b>\u00a0Honey Haze<span style=\"font-weight: 400;\"> prefiere un riego moderado. Deja que la capa superior del sustrato se seque entre riegos para evitar problemas de humedad en las ra\u00edces. Durante la floraci\u00f3n, <strong>mant\u00e9n la humedad relativa en un rango del 40-50%<\/strong> para prevenir moho y asegurar una cosecha de alta calidad.<\/span><\/li>\n<li style=\"font-weight: 400;\" aria-level=\"1\"><b>Poda y Manejo.<\/b>\u00a0Debido a su tama\u00f1o y crecimiento vigoroso, una poda regular es fundamental para mejorar la circulaci\u00f3n del aire y la penetraci\u00f3n de luz. <strong>Elimina las hojas grandes y realiza un deshoje selectivo<\/strong> para asegurarte de que la luz llegue a los cogollos inferiores. Esto tambi\u00e9n ayudar\u00e1 a controlar su altura y mantener la planta manejable, especialmente en interiores.<\/li>\n<\/ul>\n","protected":false},"excerpt":{"rendered":"<p><b>Honey Haze<\/b><span style=\"font-weight: 400;\"> es una verdadera sativa, y no es para menos. Con su potente aroma a c\u00edtricos, toque de incienso, esta variedad te envuelve en un subid\u00f3n energizante y euf\u00f3rico que estimula tu creatividad. \u00a1Perfecta para los d\u00edas en los que necesitas ese empuje extra!<\/span><\/p>","protected":false},"featured_media":2683,"template":"","meta":{"_acf_changed":false,"inline_featured_image":false,"_wp_applaud_exclude":false},"product_brand":[194],"product_cat":[22],"product_tag":[],"class_list":{"0":"post-1156","1":"product","2":"type-product","3":"status-publish","4":"has-post-thumbnail","6":"product_brand-bluedog-genetics","7":"product_cat-feminizadas","9":"first","10":"instock","11":"taxable","12":"shipping-taxable","13":"purchasable","14":"product-type-variable"},"acf":{"sticker":"https:\/\/bluedoggenetics.com\/wp-content\/uploads\/2024\/10\/Honey-Haze-Sticker-1.webp","family_tree":"<ul>\n<li><a href=\"https:\/\/seedfinder.eu\/es\/strain-info\/honey-haze\/bluedog-genetics\" target=\"_blank\" rel=\"noopener\">Honey Haze<\/a>\n<ul>\n<li><a href=\"https:\/\/seedfinder.eu\/es\/strain-info\/amnesia-haze\/soma-seeds\" target=\"_blank\" rel=\"noopener\">Amnesia Haze<\/a>\n<ul>\n<li><a href=\"https:\/\/seedfinder.eu\/es\/strain-info\/jamaica-sativa\/original-strains\" target=\"_blank\" rel=\"noopener\">Jamaica<\/a>\n<ul>\n<li><a href=\"https:\/\/seedfinder.eu\/es\/strain-info\/jamaica-sativa\/original-strains\" target=\"_blank\" rel=\"noopener\">Sativa<\/a><\/li>\n<\/ul>\n<\/li>\n<li><a href=\"https:\/\/seedfinder.eu\/es\/strain-info\/laos-sativa\/original-strains\" target=\"_blank\" rel=\"noopener\">Laos<\/a>\n<ul>\n<li><a href=\"https:\/\/seedfinder.eu\/es\/strain-info\/sativa\/original-strains\" target=\"_blank\" rel=\"noopener\">Sativa<\/a><\/li>\n<\/ul>\n<\/li>\n<li><a href=\"https:\/\/seedfinder.eu\/es\/strain-info\/afghani-hawaiian\/mr-nice-seedbank\" target=\"_blank\" rel=\"noopener\">Afghani Hawaiian<\/a>\n<ul>\n<li><a href=\"https:\/\/seedfinder.eu\/es\/strain-info\/hawaii-hybrid\/original-strains\" target=\"_blank\" rel=\"noopener\">Hawaii<\/a>\n<ul>\n<li><a href=\"https:\/\/seedfinder.eu\/es\/strain-info\/indica-sativa\/original-strains\" target=\"_blank\" rel=\"noopener\">Unknown Hybrid<\/a><\/li>\n<\/ul>\n<\/li>\n<li><a href=\"https:\/\/seedfinder.eu\/es\/strain-info\/afghani\/unknown-or-legendary\" target=\"_blank\" rel=\"noopener\">Afghani<\/a>\n<ul>\n<li><a href=\"https:\/\/seedfinder.eu\/es\/strain-info\/afghanistan-indica\/original-strains\" target=\"_blank\" rel=\"noopener\">Afghanistan (Probably Indica)<\/a><\/li>\n<\/ul>\n<\/li>\n<\/ul>\n<\/li>\n<\/ul>\n<\/li>\n<li><a href=\"https:\/\/seedfinder.eu\/es\/strain-info\/haze\/unknown-or-legendary\" target=\"_blank\" rel=\"noopener\">Haze (#4)<\/a>\n<ul>\n<li><a href=\"https:\/\/seedfinder.eu\/es\/strain-info\/colombia-sativa\/original-strains\" target=\"_blank\" rel=\"noopener\">Colombia<\/a>\n<ul>\n<li><a href=\"https:\/\/seedfinder.eu\/es\/strain-info\/sativa\/original-strains\" target=\"_blank\" rel=\"noopener\">Sativa<\/a><\/li>\n<\/ul>\n<\/li>\n<li><a href=\"https:\/\/seedfinder.eu\/es\/strain-info\/colombia-sativa\/original-strains\" target=\"_blank\" rel=\"noopener\">Wacky Weed (pheno: aka Chocolate Colombian)<\/a>\n<ul>\n<li><a href=\"https:\/\/seedfinder.eu\/es\/strain-info\/sativa\/original-strains\" target=\"_blank\" rel=\"noopener\">Sativa<\/a><\/li>\n<\/ul>\n<\/li>\n<li><a href=\"https:\/\/seedfinder.eu\/es\/strain-info\/colombia-sativa\/original-strains\" target=\"_blank\" rel=\"noopener\">Santa Marta Gold<\/a>\n<ul>\n<li><a href=\"https:\/\/seedfinder.eu\/es\/strain-info\/sativa\/original-strains\" target=\"_blank\" rel=\"noopener\">Sativa<\/a><\/li>\n<\/ul>\n<\/li>\n<\/ul>\n<\/li>\n<\/ul>\n<\/li>\n<\/ul>\n"},"yoast_head":"<!-- This site is optimized with the Yoast SEO plugin v26.5 - https:\/\/yoast.com\/wordpress\/plugins\/seo\/ -->\n<title>Variedad de Marihuana Honey Haze - Semillas Feminizadas BLUEDOG GENETICS Seeds<\/title>\n<meta name=\"description\" content=\"Descubre Honey Haze, una variedad sativa de alto THC con efectos energizantes. Si buscas un subid\u00f3n euf\u00f3rico, esta es tu variedad.\" \/>\n<meta name=\"robots\" content=\"index, follow, max-snippet:-1, max-image-preview:large, max-video-preview:-1\" \/>\n<link rel=\"canonical\" href=\"https:\/\/bluedoggenetics.com\/de\/produkt\/feminisierte\/sativa-cannabis-samen-honey-haze\/\" \/>\n<meta property=\"og:locale\" content=\"de_DE\" \/>\n<meta property=\"og:type\" content=\"article\" \/>\n<meta property=\"og:title\" content=\"Variedad de Marihuana Honey Haze - Semillas Feminizadas BLUEDOG GENETICS Seeds\" \/>\n<meta property=\"og:description\" content=\"Descubre Honey Haze, una variedad sativa de alto THC con efectos energizantes. Si buscas un subid\u00f3n euf\u00f3rico, esta es tu variedad.\" \/>\n<meta property=\"og:url\" content=\"https:\/\/bluedoggenetics.com\/de\/produkt\/feminisierte\/sativa-cannabis-samen-honey-haze\/\" \/>\n<meta property=\"og:site_name\" content=\"BLUEDOG GENETICS Seeds\" \/>\n<meta property=\"article:modified_time\" content=\"2026-04-11T13:16:48+00:00\" \/>\n<meta property=\"og:image\" content=\"https:\/\/bluedoggenetics.com\/wp-content\/uploads\/2024\/10\/Honey-Haze-Bluedog-Genetics_11zon.webp\" \/>\n\t<meta property=\"og:image:width\" content=\"1536\" \/>\n\t<meta property=\"og:image:height\" content=\"1024\" \/>\n\t<meta property=\"og:image:type\" content=\"image\/webp\" \/>\n<meta name=\"twitter:card\" content=\"summary_large_image\" \/>\n<meta name=\"twitter:label1\" content=\"Gesch\u00e4tzte Lesezeit\" \/>\n\t<meta name=\"twitter:data1\" content=\"3\u00a0Minuten\" \/>\n<script type=\"application\/ld+json\" class=\"yoast-schema-graph\">{\"@context\":\"https:\/\/schema.org\",\"@graph\":[{\"@type\":[\"WebPage\",\"ItemPage\"],\"@id\":\"https:\/\/bluedoggenetics.com\/producto\/feminizadas\/semillas-de-marihuana-sativa-honey-haze\/\",\"url\":\"https:\/\/bluedoggenetics.com\/producto\/feminizadas\/semillas-de-marihuana-sativa-honey-haze\/\",\"name\":\"Variedad de Marihuana Honey Haze - Semillas Feminizadas BLUEDOG GENETICS Seeds\",\"isPartOf\":{\"@id\":\"https:\/\/bluedoggenetics.com\/de\/#website\"},\"primaryImageOfPage\":{\"@id\":\"https:\/\/bluedoggenetics.com\/producto\/feminizadas\/semillas-de-marihuana-sativa-honey-haze\/#primaryimage\"},\"image\":{\"@id\":\"https:\/\/bluedoggenetics.com\/producto\/feminizadas\/semillas-de-marihuana-sativa-honey-haze\/#primaryimage\"},\"thumbnailUrl\":\"https:\/\/bluedoggenetics.com\/wp-content\/uploads\/2024\/10\/Honey-Haze-Bluedog-Genetics_11zon.webp\",\"datePublished\":\"2024-10-16T16:28:13+00:00\",\"dateModified\":\"2026-04-11T13:16:48+00:00\",\"description\":\"Descubre Honey Haze, una variedad sativa de alto THC con efectos energizantes. Si buscas un subid\u00f3n euf\u00f3rico, esta es tu variedad.\",\"breadcrumb\":{\"@id\":\"https:\/\/bluedoggenetics.com\/producto\/feminizadas\/semillas-de-marihuana-sativa-honey-haze\/#breadcrumb\"},\"inLanguage\":\"de\",\"potentialAction\":[{\"@type\":\"ReadAction\",\"target\":[\"https:\/\/bluedoggenetics.com\/producto\/feminizadas\/semillas-de-marihuana-sativa-honey-haze\/\"]}]},{\"@type\":\"ImageObject\",\"inLanguage\":\"de\",\"@id\":\"https:\/\/bluedoggenetics.com\/producto\/feminizadas\/semillas-de-marihuana-sativa-honey-haze\/#primaryimage\",\"url\":\"https:\/\/bluedoggenetics.com\/wp-content\/uploads\/2024\/10\/Honey-Haze-Bluedog-Genetics_11zon.webp\",\"contentUrl\":\"https:\/\/bluedoggenetics.com\/wp-content\/uploads\/2024\/10\/Honey-Haze-Bluedog-Genetics_11zon.webp\",\"width\":1536,\"height\":1024,\"caption\":\"Honey Haze en floracion de Bluedog Genetics\"},{\"@type\":\"BreadcrumbList\",\"@id\":\"https:\/\/bluedoggenetics.com\/producto\/feminizadas\/semillas-de-marihuana-sativa-honey-haze\/#breadcrumb\",\"itemListElement\":[{\"@type\":\"ListItem\",\"position\":1,\"name\":\"Portada\",\"item\":\"https:\/\/bluedoggenetics.com\/\"},{\"@type\":\"ListItem\",\"position\":2,\"name\":\"Tienda\",\"item\":\"https:\/\/bluedoggenetics.com\/fr\/tienda\/\"},{\"@type\":\"ListItem\",\"position\":3,\"name\":\"Honey Haze\"}]},{\"@type\":\"WebSite\",\"@id\":\"https:\/\/bluedoggenetics.com\/de\/#website\",\"url\":\"https:\/\/bluedoggenetics.com\/de\/\",\"name\":\"BLUEDOG GENETICS Seeds\",\"description\":\"Compara y compra las mejores semillas de cannabis. Feminizadas, Autoflorecientes, CBD.\",\"publisher\":{\"@id\":\"https:\/\/bluedoggenetics.com\/de\/#organization\"},\"alternateName\":\"BLUEDOG GENETICS\",\"potentialAction\":[{\"@type\":\"SearchAction\",\"target\":{\"@type\":\"EntryPoint\",\"urlTemplate\":\"https:\/\/bluedoggenetics.com\/de\/?s={search_term_string}\"},\"query-input\":{\"@type\":\"PropertyValueSpecification\",\"valueRequired\":true,\"valueName\":\"search_term_string\"}}],\"inLanguage\":\"de\"},{\"@type\":\"Organization\",\"@id\":\"https:\/\/bluedoggenetics.com\/de\/#organization\",\"name\":\"BLUEDOG GENETICS\",\"url\":\"https:\/\/bluedoggenetics.com\/de\/\",\"logo\":{\"@type\":\"ImageObject\",\"inLanguage\":\"de\",\"@id\":\"https:\/\/bluedoggenetics.com\/de\/#\/schema\/logo\/image\/\",\"url\":\"https:\/\/bluedoggenetics.com\/wp-content\/uploads\/2024\/11\/appIcon.png\",\"contentUrl\":\"https:\/\/bluedoggenetics.com\/wp-content\/uploads\/2024\/11\/appIcon.png\",\"width\":1024,\"height\":1024,\"caption\":\"BLUEDOG GENETICS\"},\"image\":{\"@id\":\"https:\/\/bluedoggenetics.com\/de\/#\/schema\/logo\/image\/\"},\"sameAs\":[\"https:\/\/www.instagram.com\/bluedog.genetics\/\"]}]}<\/script>\n<!-- \/ Yoast SEO plugin. -->","yoast_head_json":{"title":"Cannabissorte Honey Haze - Feminisierte Samen BLUEDOG GENETICS","description":"Entdecken Sie Honey Haze, eine Sativa-Sorte mit hohem THC-Gehalt und belebenden Effekten. Wenn Sie nach einem euphorischen High suchen, ist dies Ihre Sorte.","robots":{"index":"index","follow":"follow","max-snippet":"max-snippet:-1","max-image-preview":"max-image-preview:large","max-video-preview":"max-video-preview:-1"},"canonical":"https:\/\/bluedoggenetics.com\/de\/produkt\/feminisierte\/sativa-cannabis-samen-honey-haze\/","og_locale":"de_DE","og_type":"article","og_title":"Variedad de Marihuana Honey Haze - Semillas Feminizadas BLUEDOG GENETICS Seeds","og_description":"Descubre Honey Haze, una variedad sativa de alto THC con efectos energizantes. Si buscas un subid\u00f3n euf\u00f3rico, esta es tu variedad.","og_url":"https:\/\/bluedoggenetics.com\/de\/produkt\/feminisierte\/sativa-cannabis-samen-honey-haze\/","og_site_name":"BLUEDOG GENETICS Seeds","article_modified_time":"2026-04-11T13:16:48+00:00","og_image":[{"width":1536,"height":1024,"url":"https:\/\/bluedoggenetics.com\/wp-content\/uploads\/2024\/10\/Honey-Haze-Bluedog-Genetics_11zon.webp","type":"image\/webp"}],"twitter_card":"summary_large_image","twitter_misc":{"Gesch\u00e4tzte Lesezeit":"3\u00a0Minuten"},"schema":{"@context":"https:\/\/schema.org","@graph":[{"@type":["WebPage","ItemPage"],"@id":"https:\/\/bluedoggenetics.com\/producto\/feminizadas\/semillas-de-marihuana-sativa-honey-haze\/","url":"https:\/\/bluedoggenetics.com\/producto\/feminizadas\/semillas-de-marihuana-sativa-honey-haze\/","name":"Cannabissorte Honey Haze - Feminisierte Samen BLUEDOG GENETICS","isPartOf":{"@id":"https:\/\/bluedoggenetics.com\/de\/#website"},"primaryImageOfPage":{"@id":"https:\/\/bluedoggenetics.com\/producto\/feminizadas\/semillas-de-marihuana-sativa-honey-haze\/#primaryimage"},"image":{"@id":"https:\/\/bluedoggenetics.com\/producto\/feminizadas\/semillas-de-marihuana-sativa-honey-haze\/#primaryimage"},"thumbnailUrl":"https:\/\/bluedoggenetics.com\/wp-content\/uploads\/2024\/10\/Honey-Haze-Bluedog-Genetics_11zon.webp","datePublished":"2024-10-16T16:28:13+00:00","dateModified":"2026-04-11T13:16:48+00:00","description":"Entdecken Sie Honey Haze, eine Sativa-Sorte mit hohem THC-Gehalt und belebenden Effekten. Wenn Sie nach einem euphorischen High suchen, ist dies Ihre Sorte.","breadcrumb":{"@id":"https:\/\/bluedoggenetics.com\/producto\/feminizadas\/semillas-de-marihuana-sativa-honey-haze\/#breadcrumb"},"inLanguage":"de","potentialAction":[{"@type":"ReadAction","target":["https:\/\/bluedoggenetics.com\/producto\/feminizadas\/semillas-de-marihuana-sativa-honey-haze\/"]}]},{"@type":"ImageObject","inLanguage":"de","@id":"https:\/\/bluedoggenetics.com\/producto\/feminizadas\/semillas-de-marihuana-sativa-honey-haze\/#primaryimage","url":"https:\/\/bluedoggenetics.com\/wp-content\/uploads\/2024\/10\/Honey-Haze-Bluedog-Genetics_11zon.webp","contentUrl":"https:\/\/bluedoggenetics.com\/wp-content\/uploads\/2024\/10\/Honey-Haze-Bluedog-Genetics_11zon.webp","width":1536,"height":1024,"caption":"Honey Haze en floracion de Bluedog Genetics"},{"@type":"BreadcrumbList","@id":"https:\/\/bluedoggenetics.com\/producto\/feminizadas\/semillas-de-marihuana-sativa-honey-haze\/#breadcrumb","itemListElement":[{"@type":"ListItem","position":1,"name":"Portada","item":"https:\/\/bluedoggenetics.com\/"},{"@type":"ListItem","position":2,"name":"Tienda","item":"https:\/\/bluedoggenetics.com\/fr\/tienda\/"},{"@type":"ListItem","position":3,"name":"Honey Haze"}]},{"@type":"WebSite","@id":"https:\/\/bluedoggenetics.com\/de\/#website","url":"https:\/\/bluedoggenetics.com\/de\/","name":"BLUEDOG GENETICS Seeds","description":"Vergleiche und kaufe die besten Hanfsamen. Feminisiert, Autoflowering, CBD.","publisher":{"@id":"https:\/\/bluedoggenetics.com\/de\/#organization"},"alternateName":"BLUEDOG GENETICS","potentialAction":[{"@type":"SearchAction","target":{"@type":"EntryPoint","urlTemplate":"https:\/\/bluedoggenetics.com\/de\/?s={search_term_string}"},"query-input":{"@type":"PropertyValueSpecification","valueRequired":true,"valueName":"search_term_string"}}],"inLanguage":"de"},{"@type":"Organization","@id":"https:\/\/bluedoggenetics.com\/de\/#organization","name":"BLUEDOG GENETICS","url":"https:\/\/bluedoggenetics.com\/de\/","logo":{"@type":"ImageObject","inLanguage":"de","@id":"https:\/\/bluedoggenetics.com\/de\/#\/schema\/logo\/image\/","url":"https:\/\/bluedoggenetics.com\/wp-content\/uploads\/2024\/11\/appIcon.png","contentUrl":"https:\/\/bluedoggenetics.com\/wp-content\/uploads\/2024\/11\/appIcon.png","width":1024,"height":1024,"caption":"BLUEDOG GENETICS"},"image":{"@id":"https:\/\/bluedoggenetics.com\/de\/#\/schema\/logo\/image\/"},"sameAs":["https:\/\/www.instagram.com\/bluedog.genetics\/"]}]}},"sticker_url":"https:\/\/bluedoggenetics.com\/wp-content\/uploads\/2024\/10\/Honey-Haze-Sticker-1.webp","variations_full":[{"id":1158,"price":12,"regular_price":12,"attributes":{"attribute_cantidad":"Pack 1"},"image_src":"https:\/\/bluedoggenetics.com\/wp-content\/uploads\/2024\/10\/Honey-Haze-Bluedog-Genetics_11zon-600x400.webp","is_in_stock":true},{"id":1159,"price":32.4,"regular_price":32.4,"attributes":{"attribute_cantidad":"Pack 3"},"image_src":"https:\/\/bluedoggenetics.com\/wp-content\/uploads\/2024\/10\/Honey-Haze-Bluedog-Genetics_11zon-600x400.webp","is_in_stock":true},{"id":1160,"price":47.5,"regular_price":47.5,"attributes":{"attribute_cantidad":"Pack 5"},"image_src":"https:\/\/bluedoggenetics.com\/wp-content\/uploads\/2024\/10\/Honey-Haze-Bluedog-Genetics_11zon-600x400.webp","is_in_stock":true},{"id":1161,"price":83,"regular_price":83,"attributes":{"attribute_cantidad":"Pack 10"},"image_src":"https:\/\/bluedoggenetics.com\/wp-content\/uploads\/2024\/10\/Honey-Haze-Bluedog-Genetics_11zon-600x400.webp","is_in_stock":true}],"jetpack_sharing_enabled":true,"_links":{"self":[{"href":"https:\/\/bluedoggenetics.com\/de\/wp-json\/wp\/v2\/product\/1156","targetHints":{"allow":["GET"]}}],"collection":[{"href":"https:\/\/bluedoggenetics.com\/de\/wp-json\/wp\/v2\/product"}],"about":[{"href":"https:\/\/bluedoggenetics.com\/de\/wp-json\/wp\/v2\/types\/product"}],"wp:featuredmedia":[{"embeddable":true,"href":"https:\/\/bluedoggenetics.com\/de\/wp-json\/wp\/v2\/media\/2683"}],"wp:attachment":[{"href":"https:\/\/bluedoggenetics.com\/de\/wp-json\/wp\/v2\/media?parent=1156"}],"wp:term":[{"taxonomy":"product_brand","embeddable":true,"href":"https:\/\/bluedoggenetics.com\/de\/wp-json\/wp\/v2\/product_brand?post=1156"},{"taxonomy":"product_cat","embeddable":true,"href":"https:\/\/bluedoggenetics.com\/de\/wp-json\/wp\/v2\/product_cat?post=1156"},{"taxonomy":"product_tag","embeddable":true,"href":"https:\/\/bluedoggenetics.com\/de\/wp-json\/wp\/v2\/product_tag?post=1156"}],"curies":[{"name":"wp","href":"https:\/\/api.w.org\/{rel}","templated":true}]}}