{"id":1006,"date":"2024-10-11T23:42:21","date_gmt":"2024-10-11T21:42:21","guid":{"rendered":"https:\/\/bluedoggenetics.com\/?post_type=product&#038;p=1006"},"modified":"2026-04-11T15:16:44","modified_gmt":"2026-04-11T13:16:44","slug":"money-tree-schnelle-ernte","status":"publish","type":"product","link":"https:\/\/bluedoggenetics.com\/de\/produkt\/feminisierte\/money-tree-schnelle-ernte\/","title":{"rendered":"Money Tree"},"content":{"rendered":"<p class=\"translation-block\"><strong>Money Tree<\/strong> ist ein hybrides Juwel mit einer perfekten Balance aus 50 % Indica und 50 % Sativa, entwickelt, um eine kraftvolle und gro\u00dfz\u00fcgige Erfahrung zu bieten. Mit einer Bl\u00fctezeit von 7 bis 8 Wochen ist Money Tree eine schnell erntebare Sorte, die sich durch ihre gro\u00dfz\u00fcgigen Ertr\u00e4ge und ihre Geschwindigkeit auszeichnet. Im Innenbereich k\u00f6nnen Sie zwischen 650 und 750 Gramm pro Quadratmeter erwarten, w\u00e4hrend im Au\u00dfenbereich die Ernte <strong>1.050 bis 1.250 gro\u00dfz\u00fcgige Gramm pro Pflanze<\/strong> erreichen kann. Angepasst an gem\u00e4\u00dfigte Klimazonen, \u00fcberzeugt Money Tree durch ihre Widerstandsf\u00e4higkeit und Vielseitigkeit unter verschiedenen Bedingungen. Mit THC-Werten zwischen 18 % und 24 % bietet sie eine kraftvolle Mischung aus Euphorie und Freude, gepaart mit tiefer Entspannung, ohne dass Sie an das Sofa gefesselt werden. Ihr Geschmacksprofil ist eine k\u00f6stliche Kombination aus frischen Zitrusfr\u00fcchten, erdigen, holzigen und w\u00fcrzigen Noten, die ein komplexes und ansprechendes sensorisches Erlebnis schaffen.<\/p>\n<p class=\"translation-block\"><b>Aussehen der Bl\u00fcte.<\/b> Die Bl\u00fcten von Money Tree sind wirklich beeindruckend. Sie sind gro\u00df, dicht und gut geformt, mit einer soliden Struktur, die <strong>reichliche Ertr\u00e4ge verspricht.<\/strong> Sie haben eine tiefgr\u00fcne Farbe mit goldenen Nuancen und sind mit einer gro\u00dfz\u00fcgigen Schicht harziger Trichome \u00fcberzogen, die ihnen einen silbrigen Glanz verleihen. Ihre klebrige Textur und das frische, durchdringende Aroma von Zitrusfr\u00fcchten, Erde, Holz und Gew\u00fcrzen machen jede Bl\u00fcte zu einem bemerkenswerten olfaktorischen Erlebnis.<\/p>\n<p class=\"translation-block\"><b>Morphologie der Pflanze.<\/b> Money Tree w\u00e4chst hoch und robust und erreicht zwischen <strong>150 und 180 cm im Innenbereich und 180 bis 200 cm im Au\u00dfenbereich.<\/strong> Ihre starke und ausgewogene Struktur erm\u00f6glicht es den Zweigen, gro\u00dfe und schwere Bl\u00fcten m\u00fchelos zu tragen. Die Bl\u00e4tter sind intensiv gr\u00fcn, und die Zweige erstrecken sich effizient, um das Gewicht der Bl\u00fcten zu tragen. Ihre Anpassungsf\u00e4higkeit an gem\u00e4\u00dfigte Klimazonen und ihre Widerstandsf\u00e4higkeit gegen\u00fcber verschiedenen Wetterbedingungen machen sie zur perfekten Wahl f\u00fcr diejenigen, die eine schnelle und reichliche Ernte suchen und ein gesundes Wachstum gew\u00e4hrleisten m\u00f6chten.<\/p>\n<h3><b>Anbautipps<\/b><\/h3>\n<ul>\n<li style=\"font-weight: 400;\" aria-level=\"1\" class=\"translation-block\"><b>Ideales Klima.<\/b><span style=\"font-weight: 400\"> Money Tree gedeiht in gem\u00e4\u00dfigten Klimazonen<strong>.<\/strong> Halten Sie daher die Tagestemperaturen zwischen <strong>20-25\u00b0C (68-77\u00b0F)<\/strong>, um ein optimales Wachstum zu gew\u00e4hrleisten. Sorgen Sie im Innenbereich f\u00fcr eine gute Bel\u00fcftung, um \u00fcberm\u00e4\u00dfige Hitze zu vermeiden und w\u00e4hrend der Bl\u00fctezeit ein stabiles Umfeld zu erhalten.<\/span><\/li>\n<li style=\"font-weight: 400;\" aria-level=\"1\" class=\"translation-block\"><b>Platz und Training.<\/b><span style=\"font-weight: 400\"> Aufgrund ihrer schnellen Ernte, H\u00f6he und der Gr\u00f6\u00dfe der Bl\u00fcten empfehlen wir Trainingstechniken wie LST (Low Stress Training) oder SCROG (Screen of Green), um das vertikale Wachstum zu kontrollieren und <strong>die Lichtausbeute der Bl\u00fcten zu maximieren.<\/strong> Das Beschneiden ist ebenfalls hilfreich, um die Pflanze auf einer handlichen Gr\u00f6\u00dfe zu halten und den Ertrag zu steigern.<\/span><\/li>\n<li style=\"font-weight: 400;\" aria-level=\"1\" class=\"translation-block\"><b>Ern\u00e4hrung und D\u00fcngung.<\/b><span style=\"font-weight: 400\"> W\u00e4hrend der Wachstumsphase <strong>verwenden Sie einen ausgewogenen D\u00fcnger<\/strong> mit NPK, um ein kr\u00e4ftiges Wachstum zu f\u00f6rdern. Wechseln Sie dann zu Beginn der Bl\u00fcte zu einem D\u00fcnger mit hohem Phosphor- und Kaliumgehalt, um die Entwicklung dichter und harziger Bl\u00fcten zu unterst\u00fctzen. Passen Sie die Dosierungen entsprechend der Reaktion der Pflanze an, um \u00dcberd\u00fcngungsprobleme zu vermeiden.<\/span><\/li>\n<li style=\"font-weight: 400;\" aria-level=\"1\" class=\"translation-block\"><b>Bew\u00e4sserung und Luftfeuchtigkeit.<\/b><span style=\"font-weight: 400\"> Bevorzugt eine <strong>regelm\u00e4\u00dfige, aber moderate Bew\u00e4sserung.<\/strong> Lassen Sie die oberste Erdschicht zwischen den Bew\u00e4sserungen trocknen, um Staun\u00e4sse zu vermeiden. Halten Sie die relative Luftfeuchtigkeit w\u00e4hrend der Bl\u00fctezeit zwischen 45-55 %, um Schimmel vorzubeugen und die Gesundheit der Bl\u00fcten zu erhalten. Im Au\u00dfenbereich sorgen Sie au\u00dferdem f\u00fcr <strong>eine angemessene Drainage<\/strong>, um Probleme in feuchten Klimazonen zu vermeiden.<\/span><\/li>\n<li style=\"font-weight: 400;\" aria-level=\"1\" class=\"translation-block\"><b>Beschneidung und Pflege.<\/b><span style=\"font-weight: 400\"> Das Beschneiden und selektive Entlauben sind essenziell, da sie die Luftzirkulation und Lichtdurchdringung verbessern. <strong>Entfernen Sie die unteren Bl\u00e4tter und Zweige, die nicht gen\u00fcgend Licht erhalten<\/strong>, und beschneiden Sie sie schrittweise, um Stress zu minimieren. <\/span>Dies hilft, die Pflanzenh\u00f6he zu kontrollieren und optimiert dadurch den Ertrag der Hauptbl\u00fcten.<\/li>\n<\/ul>","protected":false},"excerpt":{"rendered":"<p><strong>Money Tree <\/strong>es una variedad de cosecha r\u00e1pida que destaca por su rapida floracion. Produce efectos euf\u00f3ricos y alegres, ideales para mejorar el estado de \u00e1nimo. Adem\u00e1s, es conocida por su inmensa producci\u00f3n, ofreciendo cosechas abundantes.<\/p>","protected":false},"featured_media":2630,"template":"","meta":{"_acf_changed":false,"inline_featured_image":false,"_wp_applaud_exclude":false},"product_brand":[194],"product_cat":[22],"product_tag":[],"class_list":{"0":"post-1006","1":"product","2":"type-product","3":"status-publish","4":"has-post-thumbnail","6":"product_brand-bluedog-genetics","7":"product_cat-feminizadas","9":"first","10":"instock","11":"taxable","12":"shipping-taxable","13":"purchasable","14":"product-type-variable"},"acf":{"sticker":"https:\/\/bluedoggenetics.com\/wp-content\/uploads\/2024\/10\/Money-Tree-Sticker.webp","family_tree":"<ul>\n<li><a href=\"https:\/\/seedfinder.eu\/es\/strain-info\/money-tree\/bluedog-genetics\">Money Tree<\/a>\n<ul>\n<li><a href=\"https:\/\/seedfinder.eu\/es\/strain-info\/critical-mass\/mr-nice-seedbank\">Critical<\/a>\n<ul>\n<li><a href=\"https:\/\/seedfinder.eu\/es\/strain-info\/skunk-nr1\/the-seed-bank\">Skunk #1<\/a>\n<ul>\n<li><a href=\"https:\/\/seedfinder.eu\/es\/strain-info\/skunk-nr1\/cultivators-choice\">Skunk #1<\/a>\n<ul>\n<li><a href=\"https:\/\/seedfinder.eu\/es\/strain-info\/mexico-sativa\/original-strains\">Mexiko<\/a><\/li>\n<li>&#8211;\n<ul>\n<li><a href=\"https:\/\/seedfinder.eu\/es\/strain-info\/colombia-sativa\/original-strains\">Kolumbien<\/a><\/li>\n<li><a href=\"https:\/\/seedfinder.eu\/es\/strain-info\/afghanistan-indica\/original-strains\">Afghanistan<\/a><\/li>\n<\/ul>\n<\/li>\n<\/ul>\n<\/li>\n<\/ul>\n<\/li>\n<li><a href=\"https:\/\/seedfinder.eu\/es\/strain-info\/afghanistan-indica\/original-strains\">Afghanistan<\/a>\n<ul>\n<li><a href=\"https:\/\/seedfinder.eu\/es\/strain-info\/indica\/original-strains\">Indica<\/a><\/li>\n<\/ul>\n<\/li>\n<\/ul>\n<\/li>\n<li>&#8211;\n<ul>\n<li><a href=\"https:\/\/seedfinder.eu\/es\/strain-info\/lemon-tree\/unknown-or-legendary\">Lemon Tree<\/a>\n<ul>\n<li><a href=\"https:\/\/seedfinder.eu\/es\/strain-info\/sour-diesel\/unknown-or-legendary\">Sour Diesel<\/a>\n<ul>\n<li><a href=\"https:\/\/seedfinder.eu\/es\/strain-info\/dnl\/unknown-or-legendary\">DNL<\/a>\n<ul>\n<li><a href=\"https:\/\/seedfinder.eu\/es\/strain-info\/northern-lights\/unknown-or-legendary\">Northern Lights<\/a><\/li>\n<li>&#8211;\n<ul>\n<li><a href=\"https:\/\/seedfinder.eu\/es\/strain-info\/hawaii-hybrid\/original-strains\">Hawaiian<\/a><\/li>\n<li><a href=\"https:\/\/seedfinder.eu\/es\/strain-info\/rfk\/unknown-or-legendary\">RFK Skunk<\/a><\/li>\n<\/ul>\n<\/li>\n<\/ul>\n<\/li>\n<li><a href=\"https:\/\/seedfinder.eu\/es\/strain-info\/original-diesel\/unknown-or-legendary\">Original Diesel<\/a>\n<ul>\n<li><a href=\"https:\/\/seedfinder.eu\/es\/strain-info\/chemdog\/unknown-or-legendary\">Chemdawg<\/a><\/li>\n<li>\n<ul>\n<li><a href=\"https:\/\/seedfinder.eu\/es\/strain-info\/masssuperskunk\/unknown-or-legendary\">MassSuperSkunk<\/a><\/li>\n<li><a href=\"https:\/\/seedfinder.eu\/es\/strain-info\/nothern-lights\/sensi-seeds\">SensiNL<\/a><\/li>\n<\/ul>\n<\/li>\n<\/ul>\n<\/li>\n<\/ul>\n<\/li>\n<li><a href=\"https:\/\/seedfinder.eu\/es\/strain-info\/lemon-skunk\/dna-genetics-seeds\">Lemon Skunk<\/a>\n<ul>\n<li><a href=\"https:\/\/seedfinder.eu\/es\/strain-info\/skunk\/unknown-or-legendary\">Unknown Skunk<\/a>\n<ul>\n<li><a href=\"https:\/\/seedfinder.eu\/es\/strain-info\/skunk-nr1\/cultivators-choice\">Skunk #1<\/a><\/li>\n<\/ul>\n<\/li>\n<li><a href=\"https:\/\/seedfinder.eu\/es\/strain-info\/las-vegas-lemon-skunk\/unknown-or-legendary\">Las Vegas Lemon Skunk<\/a>\n<ul>\n<li><a href=\"https:\/\/seedfinder.eu\/es\/strain-info\/skunk\/unknown-or-legendary\">Unknown Skunk<\/a><\/li>\n<\/ul>\n<\/li>\n<\/ul>\n<\/li>\n<\/ul>\n<\/li>\n<li><a href=\"https:\/\/seedfinder.eu\/es\/strain-info\/money-maker\/strain-hunters-seed-bank\">Money Maker<\/a>\n<ul>\n<li>&#8211;\n<ul>\n<li><a href=\"https:\/\/seedfinder.eu\/es\/strain-info\/skunk\/unknown-or-legendary\">Skunk<\/a>\n<ul>\n<li><a href=\"https:\/\/seedfinder.eu\/es\/strain-info\/skunk-nr1\/cultivators-choice\">Skunk #1<\/a>\n<ul>\n<li><a href=\"https:\/\/seedfinder.eu\/es\/strain-info\/mexico-sativa\/original-strains\">Mexiko<\/a><\/li>\n<li>&#8211;\n<ul>\n<li><a href=\"https:\/\/seedfinder.eu\/es\/strain-info\/colombia-sativa\/original-strains\">Kolumbien<\/a><\/li>\n<li><a href=\"https:\/\/seedfinder.eu\/es\/strain-info\/afghanistan-indica\/original-strains\">Afghanistan<\/a><\/li>\n<\/ul>\n<\/li>\n<\/ul>\n<\/li>\n<\/ul>\n<\/li>\n<li><a href=\"https:\/\/seedfinder.eu\/es\/strain-info\/hindu-kush-indica\/original-strains\">Hindu Kush<\/a>\n<ul>\n<li><a href=\"https:\/\/seedfinder.eu\/es\/strain-info\/indica\/original-strains\">Indica<\/a><\/li>\n<\/ul>\n<\/li>\n<\/ul>\n<\/li>\n<li><a href=\"https:\/\/seedfinder.eu\/es\/strain-info\/masterkush\/positronics\">Masterkush<\/a>\n<ul>\n<li><a href=\"https:\/\/seedfinder.eu\/es\/strain-info\/skunk-1\/positronics\">Skunk #1<\/a>\n<ul>\n<li><a href=\"https:\/\/seedfinder.eu\/es\/strain-info\/skunk-nr1\/cultivators-choice\">Skunk #1<\/a><\/li>\n<\/ul>\n<\/li>\n<li><a href=\"https:\/\/seedfinder.eu\/es\/strain-info\/hindu-kush-indica\/original-strains\">Hindu Kush<\/a>\n<ul>\n<li><a href=\"https:\/\/seedfinder.eu\/es\/strain-info\/indica\/original-strains\">Indica<\/a><\/li>\n<\/ul>\n<\/li>\n<\/ul>\n<\/li>\n<\/ul>\n<\/li>\n<\/ul>\n<\/li>\n<\/ul>\n<\/li>\n<\/ul>\n"},"yoast_head":"<!-- This site is optimized with the Yoast SEO plugin v26.5 - https:\/\/yoast.com\/wordpress\/plugins\/seo\/ -->\n<title>Cosecha Rapida con Money Tree - BLUEDOG GENETICS Seeds<\/title>\n<meta name=\"description\" content=\"Compra semillas de marihuana Money Tree, una cepa h\u00edbrida con una cosecha rapida y abundante. \u00a1Hasta mas de 1kg por planta!\" \/>\n<meta name=\"robots\" content=\"index, follow, max-snippet:-1, max-image-preview:large, max-video-preview:-1\" \/>\n<link rel=\"canonical\" href=\"https:\/\/bluedoggenetics.com\/de\/produkt\/feminisierte\/money-tree-schnelle-ernte\/\" \/>\n<meta property=\"og:locale\" content=\"de_DE\" \/>\n<meta property=\"og:type\" content=\"article\" \/>\n<meta property=\"og:title\" content=\"Cosecha Rapida con Money Tree - BLUEDOG GENETICS Seeds\" \/>\n<meta property=\"og:description\" content=\"Compra semillas de marihuana Money Tree, una cepa h\u00edbrida con una cosecha rapida y abundante. \u00a1Hasta mas de 1kg por planta!\" \/>\n<meta property=\"og:url\" content=\"https:\/\/bluedoggenetics.com\/de\/produkt\/feminisierte\/money-tree-schnelle-ernte\/\" \/>\n<meta property=\"og:site_name\" content=\"BLUEDOG GENETICS Seeds\" \/>\n<meta property=\"article:modified_time\" content=\"2026-04-11T13:16:44+00:00\" \/>\n<meta property=\"og:image\" content=\"https:\/\/bluedoggenetics.com\/wp-content\/uploads\/2024\/10\/Money-Tree-Bluedog-Genetics_11zon.webp\" \/>\n\t<meta property=\"og:image:width\" content=\"1536\" \/>\n\t<meta property=\"og:image:height\" content=\"1024\" \/>\n\t<meta property=\"og:image:type\" content=\"image\/webp\" \/>\n<meta name=\"twitter:card\" content=\"summary_large_image\" \/>\n<meta name=\"twitter:label1\" content=\"Gesch\u00e4tzte Lesezeit\" \/>\n\t<meta name=\"twitter:data1\" content=\"4\u00a0Minuten\" \/>\n<script type=\"application\/ld+json\" class=\"yoast-schema-graph\">{\"@context\":\"https:\/\/schema.org\",\"@graph\":[{\"@type\":[\"WebPage\",\"ItemPage\"],\"@id\":\"https:\/\/bluedoggenetics.com\/producto\/feminizadas\/money-tree-cosecha-rapida\/\",\"url\":\"https:\/\/bluedoggenetics.com\/producto\/feminizadas\/money-tree-cosecha-rapida\/\",\"name\":\"Cosecha Rapida con Money Tree - BLUEDOG GENETICS Seeds\",\"isPartOf\":{\"@id\":\"https:\/\/bluedoggenetics.com\/de\/#website\"},\"primaryImageOfPage\":{\"@id\":\"https:\/\/bluedoggenetics.com\/producto\/feminizadas\/money-tree-cosecha-rapida\/#primaryimage\"},\"image\":{\"@id\":\"https:\/\/bluedoggenetics.com\/producto\/feminizadas\/money-tree-cosecha-rapida\/#primaryimage\"},\"thumbnailUrl\":\"https:\/\/bluedoggenetics.com\/wp-content\/uploads\/2024\/10\/Money-Tree-Bluedog-Genetics_11zon.webp\",\"datePublished\":\"2024-10-11T21:42:21+00:00\",\"dateModified\":\"2026-04-11T13:16:44+00:00\",\"description\":\"Compra semillas de marihuana Money Tree, una cepa h\u00edbrida con una cosecha rapida y abundante. \u00a1Hasta mas de 1kg por planta!\",\"breadcrumb\":{\"@id\":\"https:\/\/bluedoggenetics.com\/producto\/feminizadas\/money-tree-cosecha-rapida\/#breadcrumb\"},\"inLanguage\":\"de\",\"potentialAction\":[{\"@type\":\"ReadAction\",\"target\":[\"https:\/\/bluedoggenetics.com\/producto\/feminizadas\/money-tree-cosecha-rapida\/\"]}]},{\"@type\":\"ImageObject\",\"inLanguage\":\"de\",\"@id\":\"https:\/\/bluedoggenetics.com\/producto\/feminizadas\/money-tree-cosecha-rapida\/#primaryimage\",\"url\":\"https:\/\/bluedoggenetics.com\/wp-content\/uploads\/2024\/10\/Money-Tree-Bluedog-Genetics_11zon.webp\",\"contentUrl\":\"https:\/\/bluedoggenetics.com\/wp-content\/uploads\/2024\/10\/Money-Tree-Bluedog-Genetics_11zon.webp\",\"width\":1536,\"height\":1024,\"caption\":\"Money Tree de bluedog Genetics\"},{\"@type\":\"BreadcrumbList\",\"@id\":\"https:\/\/bluedoggenetics.com\/producto\/feminizadas\/money-tree-cosecha-rapida\/#breadcrumb\",\"itemListElement\":[{\"@type\":\"ListItem\",\"position\":1,\"name\":\"Portada\",\"item\":\"https:\/\/bluedoggenetics.com\/\"},{\"@type\":\"ListItem\",\"position\":2,\"name\":\"Tienda\",\"item\":\"https:\/\/bluedoggenetics.com\/fr\/tienda\/\"},{\"@type\":\"ListItem\",\"position\":3,\"name\":\"Money Tree\"}]},{\"@type\":\"WebSite\",\"@id\":\"https:\/\/bluedoggenetics.com\/de\/#website\",\"url\":\"https:\/\/bluedoggenetics.com\/de\/\",\"name\":\"BLUEDOG GENETICS Seeds\",\"description\":\"Compara y compra las mejores semillas de cannabis. Feminizadas, Autoflorecientes, CBD.\",\"publisher\":{\"@id\":\"https:\/\/bluedoggenetics.com\/de\/#organization\"},\"alternateName\":\"BLUEDOG GENETICS\",\"potentialAction\":[{\"@type\":\"SearchAction\",\"target\":{\"@type\":\"EntryPoint\",\"urlTemplate\":\"https:\/\/bluedoggenetics.com\/de\/?s={search_term_string}\"},\"query-input\":{\"@type\":\"PropertyValueSpecification\",\"valueRequired\":true,\"valueName\":\"search_term_string\"}}],\"inLanguage\":\"de\"},{\"@type\":\"Organization\",\"@id\":\"https:\/\/bluedoggenetics.com\/de\/#organization\",\"name\":\"BLUEDOG GENETICS\",\"url\":\"https:\/\/bluedoggenetics.com\/de\/\",\"logo\":{\"@type\":\"ImageObject\",\"inLanguage\":\"de\",\"@id\":\"https:\/\/bluedoggenetics.com\/de\/#\/schema\/logo\/image\/\",\"url\":\"https:\/\/bluedoggenetics.com\/wp-content\/uploads\/2024\/11\/appIcon.png\",\"contentUrl\":\"https:\/\/bluedoggenetics.com\/wp-content\/uploads\/2024\/11\/appIcon.png\",\"width\":1024,\"height\":1024,\"caption\":\"BLUEDOG GENETICS\"},\"image\":{\"@id\":\"https:\/\/bluedoggenetics.com\/de\/#\/schema\/logo\/image\/\"},\"sameAs\":[\"https:\/\/www.instagram.com\/bluedog.genetics\/\"]}]}<\/script>\n<!-- \/ Yoast SEO plugin. -->","yoast_head_json":{"title":"Schnelle Ernte mit Money Tree - BLUEDOG GENETICS Seeds","description":"Kaufen Sie Money Tree Cannabissamen, eine Hybridsorte mit einer schnellen und reichlichen Ernte. Bis zu \u00fcber 1 kg pro Pflanze!","robots":{"index":"index","follow":"follow","max-snippet":"max-snippet:-1","max-image-preview":"max-image-preview:large","max-video-preview":"max-video-preview:-1"},"canonical":"https:\/\/bluedoggenetics.com\/de\/produkt\/feminisierte\/money-tree-schnelle-ernte\/","og_locale":"de_DE","og_type":"article","og_title":"Cosecha Rapida con Money Tree - BLUEDOG GENETICS Seeds","og_description":"Compra semillas de marihuana Money Tree, una cepa h\u00edbrida con una cosecha rapida y abundante. \u00a1Hasta mas de 1kg por planta!","og_url":"https:\/\/bluedoggenetics.com\/de\/produkt\/feminisierte\/money-tree-schnelle-ernte\/","og_site_name":"BLUEDOG GENETICS Seeds","article_modified_time":"2026-04-11T13:16:44+00:00","og_image":[{"width":1536,"height":1024,"url":"https:\/\/bluedoggenetics.com\/wp-content\/uploads\/2024\/10\/Money-Tree-Bluedog-Genetics_11zon.webp","type":"image\/webp"}],"twitter_card":"summary_large_image","twitter_misc":{"Gesch\u00e4tzte Lesezeit":"4\u00a0Minuten"},"schema":{"@context":"https:\/\/schema.org","@graph":[{"@type":["WebPage","ItemPage"],"@id":"https:\/\/bluedoggenetics.com\/producto\/feminizadas\/money-tree-cosecha-rapida\/","url":"https:\/\/bluedoggenetics.com\/producto\/feminizadas\/money-tree-cosecha-rapida\/","name":"Schnelle Ernte mit Money Tree - BLUEDOG GENETICS Seeds","isPartOf":{"@id":"https:\/\/bluedoggenetics.com\/de\/#website"},"primaryImageOfPage":{"@id":"https:\/\/bluedoggenetics.com\/producto\/feminizadas\/money-tree-cosecha-rapida\/#primaryimage"},"image":{"@id":"https:\/\/bluedoggenetics.com\/producto\/feminizadas\/money-tree-cosecha-rapida\/#primaryimage"},"thumbnailUrl":"https:\/\/bluedoggenetics.com\/wp-content\/uploads\/2024\/10\/Money-Tree-Bluedog-Genetics_11zon.webp","datePublished":"2024-10-11T21:42:21+00:00","dateModified":"2026-04-11T13:16:44+00:00","description":"Kaufen Sie Money Tree Cannabissamen, eine Hybridsorte mit einer schnellen und reichlichen Ernte. Bis zu \u00fcber 1 kg pro Pflanze!","breadcrumb":{"@id":"https:\/\/bluedoggenetics.com\/producto\/feminizadas\/money-tree-cosecha-rapida\/#breadcrumb"},"inLanguage":"de","potentialAction":[{"@type":"ReadAction","target":["https:\/\/bluedoggenetics.com\/producto\/feminizadas\/money-tree-cosecha-rapida\/"]}]},{"@type":"ImageObject","inLanguage":"de","@id":"https:\/\/bluedoggenetics.com\/producto\/feminizadas\/money-tree-cosecha-rapida\/#primaryimage","url":"https:\/\/bluedoggenetics.com\/wp-content\/uploads\/2024\/10\/Money-Tree-Bluedog-Genetics_11zon.webp","contentUrl":"https:\/\/bluedoggenetics.com\/wp-content\/uploads\/2024\/10\/Money-Tree-Bluedog-Genetics_11zon.webp","width":1536,"height":1024,"caption":"Money Tree de bluedog Genetics"},{"@type":"BreadcrumbList","@id":"https:\/\/bluedoggenetics.com\/producto\/feminizadas\/money-tree-cosecha-rapida\/#breadcrumb","itemListElement":[{"@type":"ListItem","position":1,"name":"Portada","item":"https:\/\/bluedoggenetics.com\/"},{"@type":"ListItem","position":2,"name":"Tienda","item":"https:\/\/bluedoggenetics.com\/fr\/tienda\/"},{"@type":"ListItem","position":3,"name":"Money Tree"}]},{"@type":"WebSite","@id":"https:\/\/bluedoggenetics.com\/de\/#website","url":"https:\/\/bluedoggenetics.com\/de\/","name":"BLUEDOG GENETICS Seeds","description":"Vergleiche und kaufe die besten Hanfsamen. Feminisiert, Autoflowering, CBD.","publisher":{"@id":"https:\/\/bluedoggenetics.com\/de\/#organization"},"alternateName":"BLUEDOG GENETICS","potentialAction":[{"@type":"SearchAction","target":{"@type":"EntryPoint","urlTemplate":"https:\/\/bluedoggenetics.com\/de\/?s={search_term_string}"},"query-input":{"@type":"PropertyValueSpecification","valueRequired":true,"valueName":"search_term_string"}}],"inLanguage":"de"},{"@type":"Organization","@id":"https:\/\/bluedoggenetics.com\/de\/#organization","name":"BLUEDOG GENETICS","url":"https:\/\/bluedoggenetics.com\/de\/","logo":{"@type":"ImageObject","inLanguage":"de","@id":"https:\/\/bluedoggenetics.com\/de\/#\/schema\/logo\/image\/","url":"https:\/\/bluedoggenetics.com\/wp-content\/uploads\/2024\/11\/appIcon.png","contentUrl":"https:\/\/bluedoggenetics.com\/wp-content\/uploads\/2024\/11\/appIcon.png","width":1024,"height":1024,"caption":"BLUEDOG GENETICS"},"image":{"@id":"https:\/\/bluedoggenetics.com\/de\/#\/schema\/logo\/image\/"},"sameAs":["https:\/\/www.instagram.com\/bluedog.genetics\/"]}]}},"sticker_url":"https:\/\/bluedoggenetics.com\/wp-content\/uploads\/2024\/10\/Money-Tree-Sticker.webp","variations_full":[{"id":1008,"price":7.9,"regular_price":7.9,"attributes":{"attribute_cantidad":"Pack 1"},"image_src":"https:\/\/bluedoggenetics.com\/wp-content\/uploads\/2024\/10\/Money-Tree-Bluedog-Genetics_11zon-600x400.webp","is_in_stock":true},{"id":1010,"price":21.25,"regular_price":21.25,"attributes":{"attribute_cantidad":"Pack 3"},"image_src":"https:\/\/bluedoggenetics.com\/wp-content\/uploads\/2024\/10\/Money-Tree-Bluedog-Genetics_11zon-600x400.webp","is_in_stock":true},{"id":1011,"price":31.5,"regular_price":31.5,"attributes":{"attribute_cantidad":"Pack 5"},"image_src":"https:\/\/bluedoggenetics.com\/wp-content\/uploads\/2024\/10\/Money-Tree-Bluedog-Genetics_11zon-600x400.webp","is_in_stock":true},{"id":1009,"price":54.9,"regular_price":54.9,"attributes":{"attribute_cantidad":"Pack 10"},"image_src":"https:\/\/bluedoggenetics.com\/wp-content\/uploads\/2024\/10\/Money-Tree-Bluedog-Genetics_11zon-600x400.webp","is_in_stock":true}],"jetpack_sharing_enabled":true,"_links":{"self":[{"href":"https:\/\/bluedoggenetics.com\/de\/wp-json\/wp\/v2\/product\/1006","targetHints":{"allow":["GET"]}}],"collection":[{"href":"https:\/\/bluedoggenetics.com\/de\/wp-json\/wp\/v2\/product"}],"about":[{"href":"https:\/\/bluedoggenetics.com\/de\/wp-json\/wp\/v2\/types\/product"}],"wp:featuredmedia":[{"embeddable":true,"href":"https:\/\/bluedoggenetics.com\/de\/wp-json\/wp\/v2\/media\/2630"}],"wp:attachment":[{"href":"https:\/\/bluedoggenetics.com\/de\/wp-json\/wp\/v2\/media?parent=1006"}],"wp:term":[{"taxonomy":"product_brand","embeddable":true,"href":"https:\/\/bluedoggenetics.com\/de\/wp-json\/wp\/v2\/product_brand?post=1006"},{"taxonomy":"product_cat","embeddable":true,"href":"https:\/\/bluedoggenetics.com\/de\/wp-json\/wp\/v2\/product_cat?post=1006"},{"taxonomy":"product_tag","embeddable":true,"href":"https:\/\/bluedoggenetics.com\/de\/wp-json\/wp\/v2\/product_tag?post=1006"}],"curies":[{"name":"wp","href":"https:\/\/api.w.org\/{rel}","templated":true}]}}